{"id":55359,"date":"2026-04-12T01:33:18","date_gmt":"2026-04-11T18:33:18","guid":{"rendered":"https:\/\/minhducfurniture.com\/product\/chaises-commerciales-en-metal-pour-lhotellerie-et-la-restauration-modernes\/"},"modified":"2026-04-15T17:44:45","modified_gmt":"2026-04-15T10:44:45","slug":"chaises-commerciales-en-metal-pour-lhotellerie-et-la-restauration-modernes","status":"publish","type":"product","link":"https:\/\/minhducfurniture.com\/fr\/product\/chaises-commerciales-en-metal-pour-lhotellerie-et-la-restauration-modernes\/","title":{"rendered":"Chaises commerciales en m\u00e9tal pour l&rsquo;h\u00f4tellerie et la restauration modernes"},"content":{"rendered":"<h2><span style=\"font-size: 90%\">Banc commercial en m\u00e9tal tapiss\u00e9 &#8211; Si\u00e8ges modernes pour les espaces d&rsquo;accueil<\/span><\/h2>\n<div>\n<div>Les <strong>chaises commerciales en m\u00e9tal<\/strong> sont con\u00e7ues pour les int\u00e9rieurs commerciaux contemporains, alliant durabilit\u00e9, confort et esth\u00e9tique raffin\u00e9e. La structure en acier thermolaqu\u00e9 garantit des performances \u00e0 long terme, tandis que l&rsquo;assise rembourr\u00e9e am\u00e9liore l&rsquo;exp\u00e9rience de l&rsquo;utilisateur dans les environnements tr\u00e8s fr\u00e9quent\u00e9s. <\/div>\n<div><\/div>\n<div>Le langage du design est d\u00e9fini par une forme tubulaire arrondie continue, cr\u00e9ant un \u00ab\u00a0look signature\u00a0\u00bb doux qui se distingue et est facilement reconnaissable dans les espaces int\u00e9rieurs haut de gamme.<\/div>\n<div><\/div>\n<div>La structure m\u00e9tallique est con\u00e7ue avec pr\u00e9cision, avec un profil mince et un rev\u00eatement en poudre noire pour une meilleure r\u00e9sistance \u00e0 la corrosion et une durabilit\u00e9 \u00e0 long terme. Le coussin d&rsquo;assise est constitu\u00e9 d&rsquo;une mousse PU de haute qualit\u00e9, offrant une exp\u00e9rience d&rsquo;assise confortable, conservant sa forme au fil du temps et r\u00e9pondant aux exigences d&rsquo;une utilisation continue dans les environnements commerciaux. \t<div id=\"gap-244894707\" class=\"gap-element clearfix\" style=\"display:block; height:auto;\">\n\t\t\n<style>\n#gap-244894707 {\n  padding-top: 15px;\n}\n<\/style>\n\t<\/div>\n\t<\/div>\n<\/div>\n<div>\n<figure id=\"attachment_55334\" aria-describedby=\"caption-attachment-55334\" style=\"width: 850px\" class=\"wp-caption aligncenter\"><img decoding=\"async\" class=\"size-full wp-image-55224\" src=\"https:\/\/minhducfurniture.com\/wp-content\/uploads\/2026\/04\/Olive-green-commercial-metal-chair.jpg\" alt=\"Chaise commerciale en m\u00e9tal vert olive\" width=\"850\" height=\"567\" srcset=\"https:\/\/minhducfurniture.com\/wp-content\/uploads\/2026\/04\/Olive-green-commercial-metal-chair.jpg 850w, https:\/\/minhducfurniture.com\/wp-content\/uploads\/2026\/04\/Olive-green-commercial-metal-chair-600x400.jpg 600w, https:\/\/minhducfurniture.com\/wp-content\/uploads\/2026\/04\/Olive-green-commercial-metal-chair-768x512.jpg 768w, https:\/\/minhducfurniture.com\/wp-content\/uploads\/2026\/04\/Olive-green-commercial-metal-chair-510x340.jpg 510w\" sizes=\"(max-width: 850px) 100vw, 850px\" \/><figcaption id=\"caption-attachment-55334\" class=\"wp-caption-text\">Chaises commerciales en m\u00e9tal vert olive<\/figcaption><\/figure>\n<\/div>\n<div>\n<div>\n<h3 data-section-id=\"pm8yra\" data-start=\"1041\" data-end=\"1061\"><span role=\"text\"><strong data-start=\"1045\" data-end=\"1061\">Caract\u00e9ristiques principales<\/strong><\/span><\/h3>\n<ul data-start=\"1062\" data-end=\"1339\">\n<li data-section-id=\"1w7yc1p\" data-start=\"1062\" data-end=\"1118\">Cadre durable en acier peint par poudrage pour une utilisation commerciale<\/li>\n<li data-section-id=\"1rq6zfw\" data-start=\"1119\" data-end=\"1174\">Si\u00e8ge rembourr\u00e9 confortable avec mousse de haute densit\u00e9<\/li>\n<li data-section-id=\"teepsi\" data-start=\"1175\" data-end=\"1233\">Un design arrondi caract\u00e9ristique pour une identit\u00e9 visuelle raffin\u00e9e<\/li>\n<li data-section-id=\"qvlf8a\" data-start=\"1234\" data-end=\"1288\">Convient aux environnements hospitaliers tr\u00e8s fr\u00e9quent\u00e9s<\/li>\n<li data-section-id=\"1ozitr0\" data-start=\"1289\" data-end=\"1339\">Mat\u00e9riaux, couleurs et dimensions personnalisables<\/li>\n<\/ul>\n<h4>Description du produit Long Sofa Bench<\/h4>\n<ul>\n<li>Code produit : MDLSF-HK3<\/li>\n<li>Dimensions : Longueur sur mesure *SH420*H750-800 mm<\/li>\n<li>Cadre : Acier peint par poudrage<\/li>\n<li>Assise et dossier : rembourrage en mousse de PU (tissu ou cuir en option)<\/li>\n<li>Style : Moderne \/ Minimaliste \/ Scandinave<\/li>\n<li>Utilisation : Mobilier commercial d&rsquo;int\u00e9rieur<\/li>\n<li>Poids de chargement : 380 kg<\/li>\n<li>Origine : Vietnam<\/li>\n<\/ul>\n<figure id=\"attachment_55335\" aria-describedby=\"caption-attachment-55335\" style=\"width: 850px\" class=\"wp-caption aligncenter\"><img decoding=\"async\" class=\"size-full wp-image-55225\" src=\"https:\/\/minhducfurniture.com\/wp-content\/uploads\/2026\/04\/Commercial-metal-chairs-in-the-airport.jpg\" alt=\"Chaises m\u00e9talliques commerciales dans l'a\u00e9roport\" width=\"850\" height=\"567\" srcset=\"https:\/\/minhducfurniture.com\/wp-content\/uploads\/2026\/04\/Commercial-metal-chairs-in-the-airport.jpg 850w, https:\/\/minhducfurniture.com\/wp-content\/uploads\/2026\/04\/Commercial-metal-chairs-in-the-airport-600x400.jpg 600w, https:\/\/minhducfurniture.com\/wp-content\/uploads\/2026\/04\/Commercial-metal-chairs-in-the-airport-768x512.jpg 768w, https:\/\/minhducfurniture.com\/wp-content\/uploads\/2026\/04\/Commercial-metal-chairs-in-the-airport-510x340.jpg 510w\" sizes=\"(max-width: 850px) 100vw, 850px\" \/><figcaption id=\"caption-attachment-55335\" class=\"wp-caption-text\">Chaises m\u00e9talliques commerciales dans l&rsquo;a\u00e9roport<\/figcaption><\/figure>\n<h4>Informations sur les commandes<\/h4>\n<ul>\n<li>Quantit\u00e9 minimale de commande (MOQ) : 50 pi\u00e8ces<\/li>\n<li>D\u00e9lai de livraison : 30-35 jours apr\u00e8s le d\u00e9p\u00f4t<\/li>\n<li>D\u00e9lai de livraison : FOB port de Hai Phong, Vietnam<\/li>\n<li>Modalit\u00e9s de paiement : T\/T 30% de d\u00e9p\u00f4t, 70% de solde avant l&rsquo;exp\u00e9dition<\/li>\n<li>Si vous avez une conception personnalis\u00e9e et que vous avez besoin d&rsquo;une production de masse, veuillez nous contacter pour obtenir de l&rsquo;aide.<\/li>\n<\/ul>\n<figure id=\"attachment_55336\" aria-describedby=\"caption-attachment-55336\" style=\"width: 850px\" class=\"wp-caption aligncenter\"><img decoding=\"async\" class=\"size-full wp-image-55226\" src=\"https:\/\/minhducfurniture.com\/wp-content\/uploads\/2026\/04\/Another-example-of-a-commercial-metal-chairs.jpg\" alt=\"Autre exemple de chaises m\u00e9talliques commerciales\" width=\"850\" height=\"567\" srcset=\"https:\/\/minhducfurniture.com\/wp-content\/uploads\/2026\/04\/Another-example-of-a-commercial-metal-chairs.jpg 850w, https:\/\/minhducfurniture.com\/wp-content\/uploads\/2026\/04\/Another-example-of-a-commercial-metal-chairs-600x400.jpg 600w, https:\/\/minhducfurniture.com\/wp-content\/uploads\/2026\/04\/Another-example-of-a-commercial-metal-chairs-768x512.jpg 768w, https:\/\/minhducfurniture.com\/wp-content\/uploads\/2026\/04\/Another-example-of-a-commercial-metal-chairs-510x340.jpg 510w\" sizes=\"(max-width: 850px) 100vw, 850px\" \/><figcaption id=\"caption-attachment-55336\" class=\"wp-caption-text\">Autre exemple de chaises m\u00e9talliques commerciales<\/figcaption><\/figure>\n<h4>Informations sur le contact<\/h4>\n<ul>\n<li>Minh Duc Public Furniture Co.<\/li>\n<li>Adresse : G04-L04 An Quy Villa, Duong Noi, Hanoi, Vietnam<\/li>\n<li>Phone\/WhatsApp\/Zalo : +84 908 314 939<\/li>\n<\/ul>\n<p>Plus de nos collections<\/p>\n<ul>\n<li><span style=\"color: #008080\"><a style=\"color: #008080\" href=\"https:\/\/minhducfurniture.com\/fr\/product\/chaises-de-cafe-en-metal-sieges-durables-et-elegants-pour-les-espaces-modernes\/\">Chaises de caf\u00e9 en m\u00e9tal si\u00e8ges durables et \u00e9l\u00e9gants pour les espaces modernes<\/a><\/span><\/li>\n<li><span style=\"color: #008080\"><a style=\"color: #008080\" href=\"https:\/\/minhducfurniture.com\/fr\/product\/petit-fauteuil-rembourre-structure-en-metal-chaise-de-salon-moderne\/\">Petit fauteuil rembourr\u00e9 structure en m\u00e9tal chaise de salon moderne<\/a><\/span><\/li>\n<\/ul>\n<div class=\"social-icons share-icons share-row relative\" ><a href=\"whatsapp:\/\/send?text=Chaises%20commerciales%20en%20m%C3%A9tal%20pour%20l%26rsquo%3Bh%C3%B4tellerie%20et%20la%20restauration%20modernes - https:\/\/minhducfurniture.com\/fr\/product\/chaises-commerciales-en-metal-pour-lhotellerie-et-la-restauration-modernes\/\" data-action=\"share\/whatsapp\/share\" class=\"icon primary button round tooltip whatsapp show-for-medium\" title=\"Partager sur WhatsApp\" aria-label=\"Partager sur WhatsApp\"><i class=\"icon-whatsapp\" aria-hidden=\"true\"><\/i><\/a><a href=\"https:\/\/www.facebook.com\/sharer.php?u=https:\/\/minhducfurniture.com\/fr\/product\/chaises-commerciales-en-metal-pour-lhotellerie-et-la-restauration-modernes\/\" data-label=\"Facebook\" onclick=\"window.open(this.href,this.title,'width=500,height=500,top=300px,left=300px'); return false;\" target=\"_blank\" class=\"icon primary button round tooltip facebook\" title=\"Partager sur Facebook\" aria-label=\"Partager sur Facebook\" rel=\"noopener nofollow\"><i class=\"icon-facebook\" aria-hidden=\"true\"><\/i><\/a><a href=\"https:\/\/twitter.com\/share?url=https:\/\/minhducfurniture.com\/fr\/product\/chaises-commerciales-en-metal-pour-lhotellerie-et-la-restauration-modernes\/\" onclick=\"window.open(this.href,this.title,'width=500,height=500,top=300px,left=300px'); return false;\" target=\"_blank\" class=\"icon primary button round tooltip twitter\" title=\"Partager sur Twitter\" aria-label=\"Partager sur Twitter\" rel=\"noopener nofollow\"><i class=\"icon-twitter\" aria-hidden=\"true\"><\/i><\/a><a href=\"mailto:?subject=Chaises%20commerciales%20en%20m%C3%A9tal%20pour%20l%26rsquo%3Bh%C3%B4tellerie%20et%20la%20restauration%20modernes&body=Regarde%20%C3%A7a%3A%20https%3A%2F%2Fminhducfurniture.com%2Ffr%2Fproduct%2Fchaises-commerciales-en-metal-pour-lhotellerie-et-la-restauration-modernes%2F\" class=\"icon primary button round tooltip email\" title=\"Envoyer par mail\" aria-label=\"Envoyer par mail\" rel=\"nofollow\"><i class=\"icon-envelop\" aria-hidden=\"true\"><\/i><\/a><a href=\"https:\/\/pinterest.com\/pin\/create\/button?url=https:\/\/minhducfurniture.com\/fr\/product\/chaises-commerciales-en-metal-pour-lhotellerie-et-la-restauration-modernes\/&media=https:\/\/minhducfurniture.com\/wp-content\/uploads\/2026\/04\/Commercial-metal-chairs.jpg&description=Chaises%20commerciales%20en%20m%C3%A9tal%20pour%20l%26rsquo%3Bh%C3%B4tellerie%20et%20la%20restauration%20modernes\" onclick=\"window.open(this.href,this.title,'width=500,height=500,top=300px,left=300px'); return false;\" target=\"_blank\" class=\"icon primary button round tooltip pinterest\" title=\"Epingler sur Pinterest\" aria-label=\"Epingler sur Pinterest\" rel=\"noopener nofollow\"><i class=\"icon-pinterest\" aria-hidden=\"true\"><\/i><\/a><a href=\"https:\/\/www.linkedin.com\/shareArticle?mini=true&url=https:\/\/minhducfurniture.com\/fr\/product\/chaises-commerciales-en-metal-pour-lhotellerie-et-la-restauration-modernes\/&title=Chaises%20commerciales%20en%20m%C3%A9tal%20pour%20l%26rsquo%3Bh%C3%B4tellerie%20et%20la%20restauration%20modernes\" onclick=\"window.open(this.href,this.title,'width=500,height=500,top=300px,left=300px'); return false;\" target=\"_blank\" class=\"icon primary button round tooltip linkedin\" title=\"Partager sur LinkedIn\" aria-label=\"Partager sur LinkedIn\" rel=\"noopener nofollow\"><i class=\"icon-linkedin\" aria-hidden=\"true\"><\/i><\/a><\/div>\n<\/div>\n<\/div>\n","protected":false},"excerpt":{"rendered":"<ul>\n<li>Code produit : MDLSF-HK3<\/li>\n<li>Dimensions : Longueur sur mesure *SH420*H750-800 mm<\/li>\n<li>Cadre : Acier peint par poudrage<\/li>\n<li>Assise et dossier : rembourrage en mousse de PU (tissu ou cuir en option)<\/li>\n<li>Style : Moderne \/ Minimaliste \/ Scandinave<\/li>\n<li>Utilisation : Mobilier commercial d&rsquo;int\u00e9rieur<\/li>\n<li>Poids de chargement : 380 kg<\/li>\n<li>Origine : Vietnam<\/li>\n<li>Hotline\/ WhatsApp:+84908314939<\/li>\n<\/ul>\n","protected":false},"featured_media":55337,"comment_status":"open","ping_status":"closed","template":"","meta":[],"product_brand":[],"product_cat":[13003,13015],"product_tag":[13035],"class_list":{"0":"post-55359","1":"product","2":"type-product","3":"status-publish","4":"has-post-thumbnail","6":"product_cat-banc-dexterieur","7":"product_cat-fauteuils-lounge","8":"product_tag-chaise-a-structure-metallique","10":"first","11":"instock","12":"shipping-taxable","13":"product-type-simple"},"yoast_head":"<!-- This site is optimized with the Yoast SEO plugin v27.4 - https:\/\/yoast.com\/product\/yoast-seo-wordpress\/ -->\n<title>Chaises commerciales en m\u00e9tal pour l&#039;h\u00f4tellerie et la restauration modernes - Minh Duc Furniture<\/title>\n<meta name=\"description\" content=\"Les chaises m\u00e9talliques commerciales sont con\u00e7ues pour les int\u00e9rieurs commerciaux contemporains, alliant durabilit\u00e9, confort et esth\u00e9tique raffin\u00e9e. Les chaises en m\u00e9tal poudr\u00e9\" \/>\n<meta name=\"robots\" content=\"index, follow, max-snippet:-1, max-image-preview:large, max-video-preview:-1\" \/>\n<link rel=\"canonical\" href=\"https:\/\/minhducfurniture.com\/fr\/product\/chaises-commerciales-en-metal-pour-lhotellerie-et-la-restauration-modernes\/\" \/>\n<meta property=\"og:locale\" content=\"fr_FR\" \/>\n<meta property=\"og:type\" content=\"article\" \/>\n<meta property=\"og:title\" content=\"Chaises commerciales en m\u00e9tal pour l&#039;h\u00f4tellerie et la restauration modernes - Minh Duc Furniture\" \/>\n<meta property=\"og:description\" content=\"Les chaises m\u00e9talliques commerciales sont con\u00e7ues pour les int\u00e9rieurs commerciaux contemporains, alliant durabilit\u00e9, confort et esth\u00e9tique raffin\u00e9e. Les chaises en m\u00e9tal poudr\u00e9\" \/>\n<meta property=\"og:url\" content=\"https:\/\/minhducfurniture.com\/fr\/product\/chaises-commerciales-en-metal-pour-lhotellerie-et-la-restauration-modernes\/\" \/>\n<meta property=\"og:site_name\" content=\"Minh Duc Furniture\" \/>\n<meta property=\"article:modified_time\" content=\"2026-04-15T10:44:45+00:00\" \/>\n<meta property=\"og:image\" content=\"https:\/\/minhducfurniture.com\/wp-content\/uploads\/2026\/04\/Commercial-metal-chairs.jpg\" \/>\n\t<meta property=\"og:image:width\" content=\"750\" \/>\n\t<meta property=\"og:image:height\" content=\"750\" \/>\n\t<meta property=\"og:image:type\" content=\"image\/jpeg\" \/>\n<meta name=\"twitter:card\" content=\"summary_large_image\" \/>\n<meta name=\"twitter:label1\" content=\"Dur\u00e9e de lecture estim\u00e9e\" \/>\n\t<meta name=\"twitter:data1\" content=\"2 minutes\" \/>\n<script type=\"application\/ld+json\" class=\"yoast-schema-graph\">{\"@context\":\"https:\\\/\\\/schema.org\",\"@graph\":[{\"@type\":\"WebPage\",\"@id\":\"https:\\\/\\\/minhducfurniture.com\\\/fr\\\/product\\\/chaises-commerciales-en-metal-pour-lhotellerie-et-la-restauration-modernes\\\/\",\"url\":\"https:\\\/\\\/minhducfurniture.com\\\/fr\\\/product\\\/chaises-commerciales-en-metal-pour-lhotellerie-et-la-restauration-modernes\\\/\",\"name\":\"Chaises commerciales en m\u00e9tal pour l'h\u00f4tellerie et la restauration modernes - Minh Duc Furniture\",\"isPartOf\":{\"@id\":\"https:\\\/\\\/minhducfurniture.com\\\/fr\\\/#website\"},\"primaryImageOfPage\":{\"@id\":\"https:\\\/\\\/minhducfurniture.com\\\/fr\\\/product\\\/chaises-commerciales-en-metal-pour-lhotellerie-et-la-restauration-modernes\\\/#primaryimage\"},\"image\":{\"@id\":\"https:\\\/\\\/minhducfurniture.com\\\/fr\\\/product\\\/chaises-commerciales-en-metal-pour-lhotellerie-et-la-restauration-modernes\\\/#primaryimage\"},\"thumbnailUrl\":\"https:\\\/\\\/minhducfurniture.com\\\/wp-content\\\/uploads\\\/2026\\\/04\\\/Commercial-metal-chairs.jpg\",\"datePublished\":\"2026-04-11T18:33:18+00:00\",\"dateModified\":\"2026-04-15T10:44:45+00:00\",\"description\":\"Les chaises m\u00e9talliques commerciales sont con\u00e7ues pour les int\u00e9rieurs commerciaux contemporains, alliant durabilit\u00e9, confort et esth\u00e9tique raffin\u00e9e. Les chaises en m\u00e9tal poudr\u00e9\",\"breadcrumb\":{\"@id\":\"https:\\\/\\\/minhducfurniture.com\\\/fr\\\/product\\\/chaises-commerciales-en-metal-pour-lhotellerie-et-la-restauration-modernes\\\/#breadcrumb\"},\"inLanguage\":\"fr-FR\",\"potentialAction\":[{\"@type\":\"ReadAction\",\"target\":[\"https:\\\/\\\/minhducfurniture.com\\\/fr\\\/product\\\/chaises-commerciales-en-metal-pour-lhotellerie-et-la-restauration-modernes\\\/\"]}]},{\"@type\":\"ImageObject\",\"inLanguage\":\"fr-FR\",\"@id\":\"https:\\\/\\\/minhducfurniture.com\\\/fr\\\/product\\\/chaises-commerciales-en-metal-pour-lhotellerie-et-la-restauration-modernes\\\/#primaryimage\",\"url\":\"https:\\\/\\\/minhducfurniture.com\\\/wp-content\\\/uploads\\\/2026\\\/04\\\/Commercial-metal-chairs.jpg\",\"contentUrl\":\"https:\\\/\\\/minhducfurniture.com\\\/wp-content\\\/uploads\\\/2026\\\/04\\\/Commercial-metal-chairs.jpg\",\"width\":750,\"height\":750,\"caption\":\"Chaises m\u00e9talliques commerciales\"},{\"@type\":\"BreadcrumbList\",\"@id\":\"https:\\\/\\\/minhducfurniture.com\\\/fr\\\/product\\\/chaises-commerciales-en-metal-pour-lhotellerie-et-la-restauration-modernes\\\/#breadcrumb\",\"itemListElement\":[{\"@type\":\"ListItem\",\"position\":1,\"name\":\"Home\",\"item\":\"https:\\\/\\\/minhducfurniture.com\\\/fr\\\/\"},{\"@type\":\"ListItem\",\"position\":2,\"name\":\"Shop\",\"item\":\"https:\\\/\\\/minhducfurniture.com\\\/shop\\\/\"},{\"@type\":\"ListItem\",\"position\":3,\"name\":\"Chaises commerciales en m\u00e9tal pour l&rsquo;h\u00f4tellerie et la restauration modernes\"}]},{\"@type\":\"WebSite\",\"@id\":\"https:\\\/\\\/minhducfurniture.com\\\/fr\\\/#website\",\"url\":\"https:\\\/\\\/minhducfurniture.com\\\/fr\\\/\",\"name\":\"Minh Duc Furniture\",\"description\":\"Vietnam Furniture Supplier\",\"publisher\":{\"@id\":\"https:\\\/\\\/minhducfurniture.com\\\/fr\\\/#organization\"},\"alternateName\":\"Vietnam Online Shop\",\"potentialAction\":[{\"@type\":\"SearchAction\",\"target\":{\"@type\":\"EntryPoint\",\"urlTemplate\":\"https:\\\/\\\/minhducfurniture.com\\\/fr\\\/?s={search_term_string}\"},\"query-input\":{\"@type\":\"PropertyValueSpecification\",\"valueRequired\":true,\"valueName\":\"search_term_string\"}}],\"inLanguage\":\"fr-FR\"},{\"@type\":\"Organization\",\"@id\":\"https:\\\/\\\/minhducfurniture.com\\\/fr\\\/#organization\",\"name\":\"Minh Duc Furniture\",\"alternateName\":\"Vietnam Furniture Export\",\"url\":\"https:\\\/\\\/minhducfurniture.com\\\/fr\\\/\",\"logo\":{\"@type\":\"ImageObject\",\"inLanguage\":\"fr-FR\",\"@id\":\"https:\\\/\\\/minhducfurniture.com\\\/fr\\\/#\\\/schema\\\/logo\\\/image\\\/\",\"url\":\"\",\"contentUrl\":\"\",\"caption\":\"Minh Duc Furniture\"},\"image\":{\"@id\":\"https:\\\/\\\/minhducfurniture.com\\\/fr\\\/#\\\/schema\\\/logo\\\/image\\\/\"},\"sameAs\":[\"https:\\\/\\\/www.pinterest.com\\\/hienthaoshop\\\/pins\\\/\"]}]}<\/script>\n<!-- \/ Yoast SEO plugin. -->","yoast_head_json":{"title":"Chaises commerciales en m\u00e9tal pour l'h\u00f4tellerie et la restauration modernes - Minh Duc Furniture","description":"Les chaises m\u00e9talliques commerciales sont con\u00e7ues pour les int\u00e9rieurs commerciaux contemporains, alliant durabilit\u00e9, confort et esth\u00e9tique raffin\u00e9e. Les chaises en m\u00e9tal poudr\u00e9","robots":{"index":"index","follow":"follow","max-snippet":"max-snippet:-1","max-image-preview":"max-image-preview:large","max-video-preview":"max-video-preview:-1"},"canonical":"https:\/\/minhducfurniture.com\/fr\/product\/chaises-commerciales-en-metal-pour-lhotellerie-et-la-restauration-modernes\/","og_locale":"fr_FR","og_type":"article","og_title":"Chaises commerciales en m\u00e9tal pour l'h\u00f4tellerie et la restauration modernes - Minh Duc Furniture","og_description":"Les chaises m\u00e9talliques commerciales sont con\u00e7ues pour les int\u00e9rieurs commerciaux contemporains, alliant durabilit\u00e9, confort et esth\u00e9tique raffin\u00e9e. Les chaises en m\u00e9tal poudr\u00e9","og_url":"https:\/\/minhducfurniture.com\/fr\/product\/chaises-commerciales-en-metal-pour-lhotellerie-et-la-restauration-modernes\/","og_site_name":"Minh Duc Furniture","article_modified_time":"2026-04-15T10:44:45+00:00","og_image":[{"width":750,"height":750,"url":"https:\/\/minhducfurniture.com\/wp-content\/uploads\/2026\/04\/Commercial-metal-chairs.jpg","type":"image\/jpeg"}],"twitter_card":"summary_large_image","twitter_misc":{"Dur\u00e9e de lecture estim\u00e9e":"2 minutes"},"schema":{"@context":"https:\/\/schema.org","@graph":[{"@type":"WebPage","@id":"https:\/\/minhducfurniture.com\/fr\/product\/chaises-commerciales-en-metal-pour-lhotellerie-et-la-restauration-modernes\/","url":"https:\/\/minhducfurniture.com\/fr\/product\/chaises-commerciales-en-metal-pour-lhotellerie-et-la-restauration-modernes\/","name":"Chaises commerciales en m\u00e9tal pour l'h\u00f4tellerie et la restauration modernes - Minh Duc Furniture","isPartOf":{"@id":"https:\/\/minhducfurniture.com\/fr\/#website"},"primaryImageOfPage":{"@id":"https:\/\/minhducfurniture.com\/fr\/product\/chaises-commerciales-en-metal-pour-lhotellerie-et-la-restauration-modernes\/#primaryimage"},"image":{"@id":"https:\/\/minhducfurniture.com\/fr\/product\/chaises-commerciales-en-metal-pour-lhotellerie-et-la-restauration-modernes\/#primaryimage"},"thumbnailUrl":"https:\/\/minhducfurniture.com\/wp-content\/uploads\/2026\/04\/Commercial-metal-chairs.jpg","datePublished":"2026-04-11T18:33:18+00:00","dateModified":"2026-04-15T10:44:45+00:00","description":"Les chaises m\u00e9talliques commerciales sont con\u00e7ues pour les int\u00e9rieurs commerciaux contemporains, alliant durabilit\u00e9, confort et esth\u00e9tique raffin\u00e9e. Les chaises en m\u00e9tal poudr\u00e9","breadcrumb":{"@id":"https:\/\/minhducfurniture.com\/fr\/product\/chaises-commerciales-en-metal-pour-lhotellerie-et-la-restauration-modernes\/#breadcrumb"},"inLanguage":"fr-FR","potentialAction":[{"@type":"ReadAction","target":["https:\/\/minhducfurniture.com\/fr\/product\/chaises-commerciales-en-metal-pour-lhotellerie-et-la-restauration-modernes\/"]}]},{"@type":"ImageObject","inLanguage":"fr-FR","@id":"https:\/\/minhducfurniture.com\/fr\/product\/chaises-commerciales-en-metal-pour-lhotellerie-et-la-restauration-modernes\/#primaryimage","url":"https:\/\/minhducfurniture.com\/wp-content\/uploads\/2026\/04\/Commercial-metal-chairs.jpg","contentUrl":"https:\/\/minhducfurniture.com\/wp-content\/uploads\/2026\/04\/Commercial-metal-chairs.jpg","width":750,"height":750,"caption":"Chaises m\u00e9talliques commerciales"},{"@type":"BreadcrumbList","@id":"https:\/\/minhducfurniture.com\/fr\/product\/chaises-commerciales-en-metal-pour-lhotellerie-et-la-restauration-modernes\/#breadcrumb","itemListElement":[{"@type":"ListItem","position":1,"name":"Home","item":"https:\/\/minhducfurniture.com\/fr\/"},{"@type":"ListItem","position":2,"name":"Shop","item":"https:\/\/minhducfurniture.com\/shop\/"},{"@type":"ListItem","position":3,"name":"Chaises commerciales en m\u00e9tal pour l&rsquo;h\u00f4tellerie et la restauration modernes"}]},{"@type":"WebSite","@id":"https:\/\/minhducfurniture.com\/fr\/#website","url":"https:\/\/minhducfurniture.com\/fr\/","name":"Minh Duc Furniture","description":"Vietnam Furniture Supplier","publisher":{"@id":"https:\/\/minhducfurniture.com\/fr\/#organization"},"alternateName":"Vietnam Online Shop","potentialAction":[{"@type":"SearchAction","target":{"@type":"EntryPoint","urlTemplate":"https:\/\/minhducfurniture.com\/fr\/?s={search_term_string}"},"query-input":{"@type":"PropertyValueSpecification","valueRequired":true,"valueName":"search_term_string"}}],"inLanguage":"fr-FR"},{"@type":"Organization","@id":"https:\/\/minhducfurniture.com\/fr\/#organization","name":"Minh Duc Furniture","alternateName":"Vietnam Furniture Export","url":"https:\/\/minhducfurniture.com\/fr\/","logo":{"@type":"ImageObject","inLanguage":"fr-FR","@id":"https:\/\/minhducfurniture.com\/fr\/#\/schema\/logo\/image\/","url":"","contentUrl":"","caption":"Minh Duc Furniture"},"image":{"@id":"https:\/\/minhducfurniture.com\/fr\/#\/schema\/logo\/image\/"},"sameAs":["https:\/\/www.pinterest.com\/hienthaoshop\/pins\/"]}]}},"_links":{"self":[{"href":"https:\/\/minhducfurniture.com\/fr\/wp-json\/wp\/v2\/product\/55359","targetHints":{"allow":["GET"]}}],"collection":[{"href":"https:\/\/minhducfurniture.com\/fr\/wp-json\/wp\/v2\/product"}],"about":[{"href":"https:\/\/minhducfurniture.com\/fr\/wp-json\/wp\/v2\/types\/product"}],"replies":[{"embeddable":true,"href":"https:\/\/minhducfurniture.com\/fr\/wp-json\/wp\/v2\/comments?post=55359"}],"wp:featuredmedia":[{"embeddable":true,"href":"https:\/\/minhducfurniture.com\/fr\/wp-json\/wp\/v2\/media\/55337"}],"wp:attachment":[{"href":"https:\/\/minhducfurniture.com\/fr\/wp-json\/wp\/v2\/media?parent=55359"}],"wp:term":[{"taxonomy":"product_brand","embeddable":true,"href":"https:\/\/minhducfurniture.com\/fr\/wp-json\/wp\/v2\/product_brand?post=55359"},{"taxonomy":"product_cat","embeddable":true,"href":"https:\/\/minhducfurniture.com\/fr\/wp-json\/wp\/v2\/product_cat?post=55359"},{"taxonomy":"product_tag","embeddable":true,"href":"https:\/\/minhducfurniture.com\/fr\/wp-json\/wp\/v2\/product_tag?post=55359"}],"curies":[{"name":"wp","href":"https:\/\/api.w.org\/{rel}","templated":true}]}}