{"id":55148,"date":"2026-04-08T14:09:37","date_gmt":"2026-04-08T07:09:37","guid":{"rendered":"https:\/\/minhducfurniture.com\/product\/chaises-a-structure-metallique-avec-accoudoirs-pour-interieurs-contemporains\/"},"modified":"2026-04-08T15:01:50","modified_gmt":"2026-04-08T08:01:50","slug":"chaises-a-structure-metallique-avec-accoudoirs-pour-interieurs-contemporains","status":"publish","type":"product","link":"https:\/\/minhducfurniture.com\/fr\/product\/chaises-a-structure-metallique-avec-accoudoirs-pour-interieurs-contemporains\/","title":{"rendered":"Chaises \u00e0 structure m\u00e9tallique avec accoudoirs pour int\u00e9rieurs contemporains"},"content":{"rendered":"<h2><span style=\"font-size: 90%;\">Chaises en m\u00e9tal avec accoudoirs &#8211; Durables et \u00e9l\u00e9gantes pour les int\u00e9rieurs modernes<\/span><\/h2>\n<div>Am\u00e9liorez votre int\u00e9rieur avec des <strong>chaises \u00e0 structure m\u00e9tallique avec accoudoirs,<\/strong> con\u00e7ues pour \u00eatre \u00e0 la fois \u00e9l\u00e9gantes et durables. Dot\u00e9e d&rsquo;une structure \u00e9l\u00e9gante en acier noir, d&rsquo;une assise rembourr\u00e9e et d&rsquo;accoudoirs de soutien, cette chaise allie l&rsquo;esth\u00e9tique moderne au confort quotidien. <\/div>\n<div>Parfaite pour les caf\u00e9s, les salons, les bureaux ou les maisons contemporaines, elle offre un aspect raffin\u00e9 tout en garantissant des performances durables. Son design ergonomique et ses dimensions compactes en font un choix id\u00e9al pour les petits espaces comme pour les espaces ouverts. \t<div id=\"gap-845292963\" class=\"gap-element clearfix\" style=\"display:block; height:auto;\">\n\t\t\n<style>\n#gap-845292963 {\n  padding-top: 15px;\n}\n<\/style>\n\t<\/div>\n\t<\/div>\n<div><\/div>\n<div>\n<figure id=\"attachment_55144\" aria-describedby=\"caption-attachment-55144\" style=\"width: 850px\" class=\"wp-caption aligncenter\"><img decoding=\"async\" class=\"size-full wp-image-55109\" src=\"https:\/\/minhducfurniture.com\/wp-content\/uploads\/2026\/04\/Metal-frame-chair-in-the-living-room.jpg\" alt=\"Chaise \u00e0 structure m\u00e9tallique dans le salon\" width=\"850\" height=\"593\" srcset=\"https:\/\/minhducfurniture.com\/wp-content\/uploads\/2026\/04\/Metal-frame-chair-in-the-living-room.jpg 850w, https:\/\/minhducfurniture.com\/wp-content\/uploads\/2026\/04\/Metal-frame-chair-in-the-living-room-573x400.jpg 573w, https:\/\/minhducfurniture.com\/wp-content\/uploads\/2026\/04\/Metal-frame-chair-in-the-living-room-768x536.jpg 768w, https:\/\/minhducfurniture.com\/wp-content\/uploads\/2026\/04\/Metal-frame-chair-in-the-living-room-510x356.jpg 510w\" sizes=\"(max-width: 850px) 100vw, 850px\" \/><figcaption id=\"caption-attachment-55144\" class=\"wp-caption-text\">Chaise \u00e0 structure m\u00e9tallique dans le salon<\/figcaption><\/figure>\n<\/div>\n<div>\n<h3>Caract\u00e9ristiques principales du produit<\/h3>\n<ul>\n<li>Cadre robuste en acier peint par poudrage<\/li>\n<li>Noyau en contreplaqu\u00e9 avec si\u00e8ge et dossier recouverts de cuir ou de tissu<\/li>\n<li>Accoudoirs confortables pour une assise d\u00e9tendue<\/li>\n<li>Design moderne et minimaliste, facile \u00e0 assortir aux int\u00e9rieurs<\/li>\n<\/ul>\n<figure id=\"attachment_55145\" aria-describedby=\"caption-attachment-55145\" style=\"width: 850px\" class=\"wp-caption aligncenter\"><img decoding=\"async\" class=\"size-full wp-image-55110\" src=\"https:\/\/minhducfurniture.com\/wp-content\/uploads\/2026\/04\/Metal-frame-chairs-with-arms-for-cafes.jpg\" alt=\"Chaises \u00e0 structure m\u00e9tallique avec accoudoirs pour caf\u00e9s\" width=\"850\" height=\"567\" srcset=\"https:\/\/minhducfurniture.com\/wp-content\/uploads\/2026\/04\/Metal-frame-chairs-with-arms-for-cafes.jpg 850w, https:\/\/minhducfurniture.com\/wp-content\/uploads\/2026\/04\/Metal-frame-chairs-with-arms-for-cafes-600x400.jpg 600w, https:\/\/minhducfurniture.com\/wp-content\/uploads\/2026\/04\/Metal-frame-chairs-with-arms-for-cafes-768x512.jpg 768w, https:\/\/minhducfurniture.com\/wp-content\/uploads\/2026\/04\/Metal-frame-chairs-with-arms-for-cafes-510x340.jpg 510w\" sizes=\"(max-width: 850px) 100vw, 850px\" \/><figcaption id=\"caption-attachment-55145\" class=\"wp-caption-text\">Chaises \u00e0 structure m\u00e9tallique avec accoudoirs pour caf\u00e9s<\/figcaption><\/figure>\n<h4>Description du produit<\/h4>\n<ul>\n<li>Code produit : MDGA-HK21<\/li>\n<li>Taille de la chaise : W620mm*SH450mm*H800mm<\/li>\n<li>Chaise en contreplaqu\u00e9, coussin en cuir (ou tissu), structure en acier peint en noir.<\/li>\n<li>Cadre en acier avec rev\u00eatement en poudre<\/li>\n<li>Poids de chargement : 180 kg<\/li>\n<li>Origine du produit : Viet Nam<\/li>\n<\/ul>\n<\/div>\n<h4>Informations sur les commandes<\/h4>\n<ul>\n<li>Quantit\u00e9 minimale de commande (MOQ) : 50 pi\u00e8ces<\/li>\n<li>D\u00e9lai de livraison : 30-35 jours apr\u00e8s le d\u00e9p\u00f4t<\/li>\n<li>D\u00e9lai de livraison : FOB port de Hai Phong, Vietnam<\/li>\n<li>Modalit\u00e9s de paiement : T\/T 30% de d\u00e9p\u00f4t, 70% de solde avant l&rsquo;exp\u00e9dition<\/li>\n<li>Si vous avez une conception personnalis\u00e9e et que vous avez besoin d&rsquo;une production de masse, veuillez nous contacter pour obtenir de l&rsquo;aide.<\/li>\n<\/ul>\n<figure id=\"attachment_55146\" aria-describedby=\"caption-attachment-55146\" style=\"width: 850px\" class=\"wp-caption aligncenter\"><img decoding=\"async\" class=\"size-full wp-image-55111\" src=\"https:\/\/minhducfurniture.com\/wp-content\/uploads\/2026\/04\/Metal-frame-chair-with-table.jpg\" alt=\"Chaise \u00e0 structure m\u00e9tallique avec table\" width=\"850\" height=\"567\" srcset=\"https:\/\/minhducfurniture.com\/wp-content\/uploads\/2026\/04\/Metal-frame-chair-with-table.jpg 850w, https:\/\/minhducfurniture.com\/wp-content\/uploads\/2026\/04\/Metal-frame-chair-with-table-600x400.jpg 600w, https:\/\/minhducfurniture.com\/wp-content\/uploads\/2026\/04\/Metal-frame-chair-with-table-768x512.jpg 768w, https:\/\/minhducfurniture.com\/wp-content\/uploads\/2026\/04\/Metal-frame-chair-with-table-510x340.jpg 510w\" sizes=\"(max-width: 850px) 100vw, 850px\" \/><figcaption id=\"caption-attachment-55146\" class=\"wp-caption-text\">Chaise \u00e0 structure m\u00e9tallique avec table<\/figcaption><\/figure>\n<h4>Informations sur le contact<\/h4>\n<ul>\n<li>Minh Duc Public Furniture Co.<\/li>\n<li>Adresse : G04-L04 An Quy Villa, Duong Noi, Hanoi, Vietnam<\/li>\n<li>Phone\/WhatsApp\/Zalo : +84 908 314 939<\/li>\n<\/ul>\n<p>Plus de nos collections<\/p>\n<ul>\n<li><span style=\"color: #008080;\"><a style=\"color: #008080;\" href=\"https:\/\/minhducfurniture.com\/fr\/product\/fauteuil-a-structure-metallique-noire-fauteuil-a-structure-metallique-pour-lexportation\/\">Fauteuil \u00e0 structure m\u00e9tallique noire Fauteuil \u00e0 structure m\u00e9tallique pour l&rsquo;exportation<\/a><\/span><\/li>\n<li><span style=\"color: #008080;\"><a style=\"color: #008080;\" href=\"https:\/\/minhducfurniture.com\/fr\/product\/tabourets-de-bar-en-metal-en-vrac-alliant-style-moderne-et-durabilite\/\">Tabourets de bar en m\u00e9tal en vrac alliant style moderne et durabilit\u00e9<\/a><\/span><\/li>\n<\/ul>\n<div class=\"social-icons share-icons share-row relative\" ><a href=\"whatsapp:\/\/send?text=Chaises%20%C3%A0%20structure%20m%C3%A9tallique%20avec%20accoudoirs%20pour%20int%C3%A9rieurs%20contemporains - https:\/\/minhducfurniture.com\/fr\/product\/chaises-a-structure-metallique-avec-accoudoirs-pour-interieurs-contemporains\/\" data-action=\"share\/whatsapp\/share\" class=\"icon primary button round tooltip whatsapp show-for-medium\" title=\"Partager sur WhatsApp\" aria-label=\"Partager sur WhatsApp\"><i class=\"icon-whatsapp\" aria-hidden=\"true\"><\/i><\/a><a href=\"https:\/\/www.facebook.com\/sharer.php?u=https:\/\/minhducfurniture.com\/fr\/product\/chaises-a-structure-metallique-avec-accoudoirs-pour-interieurs-contemporains\/\" data-label=\"Facebook\" onclick=\"window.open(this.href,this.title,'width=500,height=500,top=300px,left=300px'); return false;\" target=\"_blank\" class=\"icon primary button round tooltip facebook\" title=\"Partager sur Facebook\" aria-label=\"Partager sur Facebook\" rel=\"noopener nofollow\"><i class=\"icon-facebook\" aria-hidden=\"true\"><\/i><\/a><a href=\"https:\/\/twitter.com\/share?url=https:\/\/minhducfurniture.com\/fr\/product\/chaises-a-structure-metallique-avec-accoudoirs-pour-interieurs-contemporains\/\" onclick=\"window.open(this.href,this.title,'width=500,height=500,top=300px,left=300px'); return false;\" target=\"_blank\" class=\"icon primary button round tooltip twitter\" title=\"Partager sur Twitter\" aria-label=\"Partager sur Twitter\" rel=\"noopener nofollow\"><i class=\"icon-twitter\" aria-hidden=\"true\"><\/i><\/a><a href=\"mailto:?subject=Chaises%20%C3%A0%20structure%20m%C3%A9tallique%20avec%20accoudoirs%20pour%20int%C3%A9rieurs%20contemporains&body=Regarde%20%C3%A7a%3A%20https%3A%2F%2Fminhducfurniture.com%2Ffr%2Fproduct%2Fchaises-a-structure-metallique-avec-accoudoirs-pour-interieurs-contemporains%2F\" class=\"icon primary button round tooltip email\" title=\"Envoyer par mail\" aria-label=\"Envoyer par mail\" rel=\"nofollow\"><i class=\"icon-envelop\" aria-hidden=\"true\"><\/i><\/a><a href=\"https:\/\/pinterest.com\/pin\/create\/button?url=https:\/\/minhducfurniture.com\/fr\/product\/chaises-a-structure-metallique-avec-accoudoirs-pour-interieurs-contemporains\/&media=https:\/\/minhducfurniture.com\/wp-content\/uploads\/2026\/04\/Metal-frame-chairs-with-arms.jpg&description=Chaises%20%C3%A0%20structure%20m%C3%A9tallique%20avec%20accoudoirs%20pour%20int%C3%A9rieurs%20contemporains\" onclick=\"window.open(this.href,this.title,'width=500,height=500,top=300px,left=300px'); return false;\" target=\"_blank\" class=\"icon primary button round tooltip pinterest\" title=\"Epingler sur Pinterest\" aria-label=\"Epingler sur Pinterest\" rel=\"noopener nofollow\"><i class=\"icon-pinterest\" aria-hidden=\"true\"><\/i><\/a><a href=\"https:\/\/www.linkedin.com\/shareArticle?mini=true&url=https:\/\/minhducfurniture.com\/fr\/product\/chaises-a-structure-metallique-avec-accoudoirs-pour-interieurs-contemporains\/&title=Chaises%20%C3%A0%20structure%20m%C3%A9tallique%20avec%20accoudoirs%20pour%20int%C3%A9rieurs%20contemporains\" onclick=\"window.open(this.href,this.title,'width=500,height=500,top=300px,left=300px'); return false;\" target=\"_blank\" class=\"icon primary button round tooltip linkedin\" title=\"Partager sur LinkedIn\" aria-label=\"Partager sur LinkedIn\" rel=\"noopener nofollow\"><i class=\"icon-linkedin\" aria-hidden=\"true\"><\/i><\/a><\/div>\n","protected":false},"excerpt":{"rendered":"<ul>\n<li>Code produit : MDGA-HK21<\/li>\n<li>Taille de la chaise : W620mm*SH450mm*H800mm<\/li>\n<li>Chaise en contreplaqu\u00e9, coussin en cuir (ou tissu), structure en acier peint en noir.<\/li>\n<li>Cadre en acier avec rev\u00eatement en poudre<\/li>\n<li>Poids de chargement : 180 kg<\/li>\n<li>Origine du produit : Viet Nam<\/li>\n<li>Ligne directe\/ WhatsApp : +84 908 314 939<\/li>\n<\/ul>\n","protected":false},"featured_media":55147,"comment_status":"open","ping_status":"closed","template":"","meta":[],"product_brand":[],"product_cat":[13015],"product_tag":[13020],"class_list":{"0":"post-55148","1":"product","2":"type-product","3":"status-publish","4":"has-post-thumbnail","6":"product_cat-fauteuils-lounge","7":"product_tag-fauteuil","9":"first","10":"instock","11":"shipping-taxable","12":"product-type-simple"},"yoast_head":"<!-- This site is optimized with the Yoast SEO plugin v27.0 - https:\/\/yoast.com\/product\/yoast-seo-wordpress\/ -->\n<title>Chaises \u00e0 structure m\u00e9tallique avec accoudoirs pour int\u00e9rieurs contemporains - Minh Duc Furniture<\/title>\n<meta name=\"description\" content=\"Am\u00e9liorez votre int\u00e9rieur avec des chaises \u00e0 structure m\u00e9tallique avec accoudoirs, con\u00e7ues pour le style et la durabilit\u00e9. La structure en acier noir est \u00e9l\u00e9gante et les accoudoirs sont recouverts d&#039;un rembourrage doux.\" \/>\n<meta name=\"robots\" content=\"index, follow, max-snippet:-1, max-image-preview:large, max-video-preview:-1\" \/>\n<link rel=\"canonical\" href=\"https:\/\/minhducfurniture.com\/fr\/product\/chaises-a-structure-metallique-avec-accoudoirs-pour-interieurs-contemporains\/\" \/>\n<meta property=\"og:locale\" content=\"fr_FR\" \/>\n<meta property=\"og:type\" content=\"article\" \/>\n<meta property=\"og:title\" content=\"Chaises \u00e0 structure m\u00e9tallique avec accoudoirs pour int\u00e9rieurs contemporains - Minh Duc Furniture\" \/>\n<meta property=\"og:description\" content=\"Am\u00e9liorez votre int\u00e9rieur avec des chaises \u00e0 structure m\u00e9tallique avec accoudoirs, con\u00e7ues pour le style et la durabilit\u00e9. La structure en acier noir est \u00e9l\u00e9gante et les accoudoirs sont recouverts d&#039;un rembourrage doux.\" \/>\n<meta property=\"og:url\" content=\"https:\/\/minhducfurniture.com\/fr\/product\/chaises-a-structure-metallique-avec-accoudoirs-pour-interieurs-contemporains\/\" \/>\n<meta property=\"og:site_name\" content=\"Minh Duc Furniture\" \/>\n<meta property=\"article:modified_time\" content=\"2026-04-08T08:01:50+00:00\" \/>\n<meta property=\"og:image\" content=\"https:\/\/minhducfurniture.com\/wp-content\/uploads\/2026\/04\/Metal-frame-chairs-with-arms.jpg\" \/>\n\t<meta property=\"og:image:width\" content=\"721\" \/>\n\t<meta property=\"og:image:height\" content=\"721\" \/>\n\t<meta property=\"og:image:type\" content=\"image\/jpeg\" \/>\n<meta name=\"twitter:card\" content=\"summary_large_image\" \/>\n<meta name=\"twitter:label1\" content=\"Dur\u00e9e de lecture estim\u00e9e\" \/>\n\t<meta name=\"twitter:data1\" content=\"2 minutes\" \/>\n<script type=\"application\/ld+json\" class=\"yoast-schema-graph\">{\"@context\":\"https:\/\/schema.org\",\"@graph\":[{\"@type\":\"WebPage\",\"@id\":\"https:\/\/minhducfurniture.com\/fr\/product\/chaises-a-structure-metallique-avec-accoudoirs-pour-interieurs-contemporains\/\",\"url\":\"https:\/\/minhducfurniture.com\/fr\/product\/chaises-a-structure-metallique-avec-accoudoirs-pour-interieurs-contemporains\/\",\"name\":\"Chaises \u00e0 structure m\u00e9tallique avec accoudoirs pour int\u00e9rieurs contemporains - Minh Duc Furniture\",\"isPartOf\":{\"@id\":\"https:\/\/minhducfurniture.com\/fr\/#website\"},\"primaryImageOfPage\":{\"@id\":\"https:\/\/minhducfurniture.com\/fr\/product\/chaises-a-structure-metallique-avec-accoudoirs-pour-interieurs-contemporains\/#primaryimage\"},\"image\":{\"@id\":\"https:\/\/minhducfurniture.com\/fr\/product\/chaises-a-structure-metallique-avec-accoudoirs-pour-interieurs-contemporains\/#primaryimage\"},\"thumbnailUrl\":\"https:\/\/minhducfurniture.com\/wp-content\/uploads\/2026\/04\/Metal-frame-chairs-with-arms.jpg\",\"datePublished\":\"2026-04-08T07:09:37+00:00\",\"dateModified\":\"2026-04-08T08:01:50+00:00\",\"description\":\"Am\u00e9liorez votre int\u00e9rieur avec des chaises \u00e0 structure m\u00e9tallique avec accoudoirs, con\u00e7ues pour le style et la durabilit\u00e9. La structure en acier noir est \u00e9l\u00e9gante et les accoudoirs sont recouverts d'un rembourrage doux.\",\"breadcrumb\":{\"@id\":\"https:\/\/minhducfurniture.com\/fr\/product\/chaises-a-structure-metallique-avec-accoudoirs-pour-interieurs-contemporains\/#breadcrumb\"},\"inLanguage\":\"fr-FR\",\"potentialAction\":[{\"@type\":\"ReadAction\",\"target\":[\"https:\/\/minhducfurniture.com\/fr\/product\/chaises-a-structure-metallique-avec-accoudoirs-pour-interieurs-contemporains\/\"]}]},{\"@type\":\"ImageObject\",\"inLanguage\":\"fr-FR\",\"@id\":\"https:\/\/minhducfurniture.com\/fr\/product\/chaises-a-structure-metallique-avec-accoudoirs-pour-interieurs-contemporains\/#primaryimage\",\"url\":\"https:\/\/minhducfurniture.com\/wp-content\/uploads\/2026\/04\/Metal-frame-chairs-with-arms.jpg\",\"contentUrl\":\"https:\/\/minhducfurniture.com\/wp-content\/uploads\/2026\/04\/Metal-frame-chairs-with-arms.jpg\",\"width\":721,\"height\":721,\"caption\":\"Chaises \u00e0 structure m\u00e9tallique avec accoudoirs\"},{\"@type\":\"BreadcrumbList\",\"@id\":\"https:\/\/minhducfurniture.com\/fr\/product\/chaises-a-structure-metallique-avec-accoudoirs-pour-interieurs-contemporains\/#breadcrumb\",\"itemListElement\":[{\"@type\":\"ListItem\",\"position\":1,\"name\":\"Home\",\"item\":\"https:\/\/minhducfurniture.com\/fr\/\"},{\"@type\":\"ListItem\",\"position\":2,\"name\":\"Shop\",\"item\":\"https:\/\/minhducfurniture.com\/shop\/\"},{\"@type\":\"ListItem\",\"position\":3,\"name\":\"Chaises \u00e0 structure m\u00e9tallique avec accoudoirs pour int\u00e9rieurs contemporains\"}]},{\"@type\":\"WebSite\",\"@id\":\"https:\/\/minhducfurniture.com\/fr\/#website\",\"url\":\"https:\/\/minhducfurniture.com\/fr\/\",\"name\":\"Minh Duc Furniture\",\"description\":\"Vietnam Furniture Supplier\",\"publisher\":{\"@id\":\"https:\/\/minhducfurniture.com\/fr\/#organization\"},\"alternateName\":\"Vietnam Online Shop\",\"potentialAction\":[{\"@type\":\"SearchAction\",\"target\":{\"@type\":\"EntryPoint\",\"urlTemplate\":\"https:\/\/minhducfurniture.com\/fr\/?s={search_term_string}\"},\"query-input\":{\"@type\":\"PropertyValueSpecification\",\"valueRequired\":true,\"valueName\":\"search_term_string\"}}],\"inLanguage\":\"fr-FR\"},{\"@type\":\"Organization\",\"@id\":\"https:\/\/minhducfurniture.com\/fr\/#organization\",\"name\":\"Minh Duc Furniture\",\"alternateName\":\"Vietnam Furniture Export\",\"url\":\"https:\/\/minhducfurniture.com\/fr\/\",\"logo\":{\"@type\":\"ImageObject\",\"inLanguage\":\"fr-FR\",\"@id\":\"https:\/\/minhducfurniture.com\/fr\/#\/schema\/logo\/image\/\",\"url\":\"\",\"contentUrl\":\"\",\"caption\":\"Minh Duc Furniture\"},\"image\":{\"@id\":\"https:\/\/minhducfurniture.com\/fr\/#\/schema\/logo\/image\/\"},\"sameAs\":[\"https:\/\/www.pinterest.com\/hienthaoshop\/pins\/\"]}]}<\/script>\n<!-- \/ Yoast SEO plugin. -->","yoast_head_json":{"title":"Chaises \u00e0 structure m\u00e9tallique avec accoudoirs pour int\u00e9rieurs contemporains - Minh Duc Furniture","description":"Am\u00e9liorez votre int\u00e9rieur avec des chaises \u00e0 structure m\u00e9tallique avec accoudoirs, con\u00e7ues pour le style et la durabilit\u00e9. La structure en acier noir est \u00e9l\u00e9gante et les accoudoirs sont recouverts d'un rembourrage doux.","robots":{"index":"index","follow":"follow","max-snippet":"max-snippet:-1","max-image-preview":"max-image-preview:large","max-video-preview":"max-video-preview:-1"},"canonical":"https:\/\/minhducfurniture.com\/fr\/product\/chaises-a-structure-metallique-avec-accoudoirs-pour-interieurs-contemporains\/","og_locale":"fr_FR","og_type":"article","og_title":"Chaises \u00e0 structure m\u00e9tallique avec accoudoirs pour int\u00e9rieurs contemporains - Minh Duc Furniture","og_description":"Am\u00e9liorez votre int\u00e9rieur avec des chaises \u00e0 structure m\u00e9tallique avec accoudoirs, con\u00e7ues pour le style et la durabilit\u00e9. La structure en acier noir est \u00e9l\u00e9gante et les accoudoirs sont recouverts d'un rembourrage doux.","og_url":"https:\/\/minhducfurniture.com\/fr\/product\/chaises-a-structure-metallique-avec-accoudoirs-pour-interieurs-contemporains\/","og_site_name":"Minh Duc Furniture","article_modified_time":"2026-04-08T08:01:50+00:00","og_image":[{"width":721,"height":721,"url":"https:\/\/minhducfurniture.com\/wp-content\/uploads\/2026\/04\/Metal-frame-chairs-with-arms.jpg","type":"image\/jpeg"}],"twitter_card":"summary_large_image","twitter_misc":{"Dur\u00e9e de lecture estim\u00e9e":"2 minutes"},"schema":{"@context":"https:\/\/schema.org","@graph":[{"@type":"WebPage","@id":"https:\/\/minhducfurniture.com\/fr\/product\/chaises-a-structure-metallique-avec-accoudoirs-pour-interieurs-contemporains\/","url":"https:\/\/minhducfurniture.com\/fr\/product\/chaises-a-structure-metallique-avec-accoudoirs-pour-interieurs-contemporains\/","name":"Chaises \u00e0 structure m\u00e9tallique avec accoudoirs pour int\u00e9rieurs contemporains - Minh Duc Furniture","isPartOf":{"@id":"https:\/\/minhducfurniture.com\/fr\/#website"},"primaryImageOfPage":{"@id":"https:\/\/minhducfurniture.com\/fr\/product\/chaises-a-structure-metallique-avec-accoudoirs-pour-interieurs-contemporains\/#primaryimage"},"image":{"@id":"https:\/\/minhducfurniture.com\/fr\/product\/chaises-a-structure-metallique-avec-accoudoirs-pour-interieurs-contemporains\/#primaryimage"},"thumbnailUrl":"https:\/\/minhducfurniture.com\/wp-content\/uploads\/2026\/04\/Metal-frame-chairs-with-arms.jpg","datePublished":"2026-04-08T07:09:37+00:00","dateModified":"2026-04-08T08:01:50+00:00","description":"Am\u00e9liorez votre int\u00e9rieur avec des chaises \u00e0 structure m\u00e9tallique avec accoudoirs, con\u00e7ues pour le style et la durabilit\u00e9. La structure en acier noir est \u00e9l\u00e9gante et les accoudoirs sont recouverts d'un rembourrage doux.","breadcrumb":{"@id":"https:\/\/minhducfurniture.com\/fr\/product\/chaises-a-structure-metallique-avec-accoudoirs-pour-interieurs-contemporains\/#breadcrumb"},"inLanguage":"fr-FR","potentialAction":[{"@type":"ReadAction","target":["https:\/\/minhducfurniture.com\/fr\/product\/chaises-a-structure-metallique-avec-accoudoirs-pour-interieurs-contemporains\/"]}]},{"@type":"ImageObject","inLanguage":"fr-FR","@id":"https:\/\/minhducfurniture.com\/fr\/product\/chaises-a-structure-metallique-avec-accoudoirs-pour-interieurs-contemporains\/#primaryimage","url":"https:\/\/minhducfurniture.com\/wp-content\/uploads\/2026\/04\/Metal-frame-chairs-with-arms.jpg","contentUrl":"https:\/\/minhducfurniture.com\/wp-content\/uploads\/2026\/04\/Metal-frame-chairs-with-arms.jpg","width":721,"height":721,"caption":"Chaises \u00e0 structure m\u00e9tallique avec accoudoirs"},{"@type":"BreadcrumbList","@id":"https:\/\/minhducfurniture.com\/fr\/product\/chaises-a-structure-metallique-avec-accoudoirs-pour-interieurs-contemporains\/#breadcrumb","itemListElement":[{"@type":"ListItem","position":1,"name":"Home","item":"https:\/\/minhducfurniture.com\/fr\/"},{"@type":"ListItem","position":2,"name":"Shop","item":"https:\/\/minhducfurniture.com\/shop\/"},{"@type":"ListItem","position":3,"name":"Chaises \u00e0 structure m\u00e9tallique avec accoudoirs pour int\u00e9rieurs contemporains"}]},{"@type":"WebSite","@id":"https:\/\/minhducfurniture.com\/fr\/#website","url":"https:\/\/minhducfurniture.com\/fr\/","name":"Minh Duc Furniture","description":"Vietnam Furniture Supplier","publisher":{"@id":"https:\/\/minhducfurniture.com\/fr\/#organization"},"alternateName":"Vietnam Online Shop","potentialAction":[{"@type":"SearchAction","target":{"@type":"EntryPoint","urlTemplate":"https:\/\/minhducfurniture.com\/fr\/?s={search_term_string}"},"query-input":{"@type":"PropertyValueSpecification","valueRequired":true,"valueName":"search_term_string"}}],"inLanguage":"fr-FR"},{"@type":"Organization","@id":"https:\/\/minhducfurniture.com\/fr\/#organization","name":"Minh Duc Furniture","alternateName":"Vietnam Furniture Export","url":"https:\/\/minhducfurniture.com\/fr\/","logo":{"@type":"ImageObject","inLanguage":"fr-FR","@id":"https:\/\/minhducfurniture.com\/fr\/#\/schema\/logo\/image\/","url":"","contentUrl":"","caption":"Minh Duc Furniture"},"image":{"@id":"https:\/\/minhducfurniture.com\/fr\/#\/schema\/logo\/image\/"},"sameAs":["https:\/\/www.pinterest.com\/hienthaoshop\/pins\/"]}]}},"_links":{"self":[{"href":"https:\/\/minhducfurniture.com\/fr\/wp-json\/wp\/v2\/product\/55148","targetHints":{"allow":["GET"]}}],"collection":[{"href":"https:\/\/minhducfurniture.com\/fr\/wp-json\/wp\/v2\/product"}],"about":[{"href":"https:\/\/minhducfurniture.com\/fr\/wp-json\/wp\/v2\/types\/product"}],"replies":[{"embeddable":true,"href":"https:\/\/minhducfurniture.com\/fr\/wp-json\/wp\/v2\/comments?post=55148"}],"wp:featuredmedia":[{"embeddable":true,"href":"https:\/\/minhducfurniture.com\/fr\/wp-json\/wp\/v2\/media\/55147"}],"wp:attachment":[{"href":"https:\/\/minhducfurniture.com\/fr\/wp-json\/wp\/v2\/media?parent=55148"}],"wp:term":[{"taxonomy":"product_brand","embeddable":true,"href":"https:\/\/minhducfurniture.com\/fr\/wp-json\/wp\/v2\/product_brand?post=55148"},{"taxonomy":"product_cat","embeddable":true,"href":"https:\/\/minhducfurniture.com\/fr\/wp-json\/wp\/v2\/product_cat?post=55148"},{"taxonomy":"product_tag","embeddable":true,"href":"https:\/\/minhducfurniture.com\/fr\/wp-json\/wp\/v2\/product_tag?post=55148"}],"curies":[{"name":"wp","href":"https:\/\/api.w.org\/{rel}","templated":true}]}}