{"id":54727,"date":"2025-11-30T22:08:06","date_gmt":"2025-11-30T15:08:06","guid":{"rendered":"https:\/\/minhducfurniture.com\/product\/chaises-de-jardin-en-plastique-vert-utilisation-interieure-et-exterieure-options-multicolores\/"},"modified":"2025-12-07T02:28:26","modified_gmt":"2025-12-06T19:28:26","slug":"chaises-de-jardin-en-plastique-vert-utilisation-interieure-et-exterieure-options-multicolores","status":"publish","type":"product","link":"https:\/\/minhducfurniture.com\/fr\/product\/chaises-de-jardin-en-plastique-vert-utilisation-interieure-et-exterieure-options-multicolores\/","title":{"rendered":"Chaises de jardin en plastique vert, utilisation int\u00e9rieure et ext\u00e9rieure, options multicolores"},"content":{"rendered":"<h2>Chaises de jardin en plastique vert &#8211; Si\u00e8ges polyvalents pour l&rsquo;int\u00e9rieur et l&rsquo;ext\u00e9rieur<\/h2>\n<p>Am\u00e9liorez vos espaces ext\u00e9rieurs avec d&rsquo;\u00e9l\u00e9gantes <strong>chaises de jardin en plastique vertes<\/strong> fabriqu\u00e9es en polypropyl\u00e8ne (PP) durable. Ces chaises sont dot\u00e9es d&rsquo;un dossier au design artistique unique qui offre \u00e0 la fois confort et modernit\u00e9. L\u00e9g\u00e8res, r\u00e9sistantes aux intemp\u00e9ries et faciles \u00e0 nettoyer, elles sont parfaites pour les jardins, les balcons, les terrasses, les caf\u00e9s et les bords de piscine. Empilables pour un rangement pratique, elles sont polyvalentes et peuvent \u00eatre utilis\u00e9es \u00e0 l&rsquo;int\u00e9rieur comme \u00e0 l&rsquo;ext\u00e9rieur.   \t<div id=\"gap-786647524\" class=\"gap-element clearfix\" style=\"display:block; height:auto;\">\n\t\t\n<style>\n#gap-786647524 {\n  padding-top: 15px;\n}\n<\/style>\n\t<\/div>\n\t\n<figure id=\"attachment_54579\" aria-describedby=\"caption-attachment-54579\" style=\"width: 850px\" class=\"wp-caption aligncenter\"><img decoding=\"async\" class=\"size-full wp-image-54408\" src=\"https:\/\/minhducfurniture.com\/wp-content\/uploads\/2025\/11\/Green-plastic-chairs-with-table.jpg\" alt=\"Chaises en plastique vertes avec table\" width=\"850\" height=\"597\" srcset=\"https:\/\/minhducfurniture.com\/wp-content\/uploads\/2025\/11\/Green-plastic-chairs-with-table.jpg 850w, https:\/\/minhducfurniture.com\/wp-content\/uploads\/2025\/11\/Green-plastic-chairs-with-table-570x400.jpg 570w, https:\/\/minhducfurniture.com\/wp-content\/uploads\/2025\/11\/Green-plastic-chairs-with-table-768x539.jpg 768w, https:\/\/minhducfurniture.com\/wp-content\/uploads\/2025\/11\/Green-plastic-chairs-with-table-510x358.jpg 510w\" sizes=\"(max-width: 850px) 100vw, 850px\" \/><figcaption id=\"caption-attachment-54579\" class=\"wp-caption-text\">Chaises en plastique vertes avec table<\/figcaption><\/figure>\n<h3>Caract\u00e9ristiques principales du produit<\/h3>\n<ul>\n<li>Construction en plastique PP de haute qualit\u00e9 : solide, robuste et facile \u00e0 nettoyer.<\/li>\n<li>Conception empilable pour un stockage pratique et un agencement peu encombrant<\/li>\n<li>R\u00e9sistance aux intemp\u00e9ries : convient aux environnements int\u00e9rieurs et ext\u00e9rieurs<\/li>\n<li>L\u00e9ger mais stable pour une disposition flexible des si\u00e8ges<\/li>\n<li>Plusieurs choix de couleurs pour s&rsquo;adapter aux int\u00e9rieurs modernes et \u00e9l\u00e9gants<\/li>\n<\/ul>\n<figure id=\"attachment_54580\" aria-describedby=\"caption-attachment-54580\" style=\"width: 850px\" class=\"wp-caption aligncenter\"><img decoding=\"async\" class=\"size-full wp-image-54405\" src=\"https:\/\/minhducfurniture.com\/wp-content\/uploads\/2025\/11\/Orange-plastic-garden-chair.jpg\" alt=\"Chaise de jardin en plastique orange\" width=\"850\" height=\"569\" srcset=\"https:\/\/minhducfurniture.com\/wp-content\/uploads\/2025\/11\/Orange-plastic-garden-chair.jpg 850w, https:\/\/minhducfurniture.com\/wp-content\/uploads\/2025\/11\/Orange-plastic-garden-chair-598x400.jpg 598w, https:\/\/minhducfurniture.com\/wp-content\/uploads\/2025\/11\/Orange-plastic-garden-chair-768x514.jpg 768w, https:\/\/minhducfurniture.com\/wp-content\/uploads\/2025\/11\/Orange-plastic-garden-chair-510x341.jpg 510w\" sizes=\"(max-width: 850px) 100vw, 850px\" \/><figcaption id=\"caption-attachment-54580\" class=\"wp-caption-text\">Chaise de jardin en plastique orange<\/figcaption><\/figure>\n<h4>Description du produit<\/h4>\n<ul>\n<li>Code produit : MDS-3008<\/li>\n<li>Taille de la chaise : H840mm*SH460mm*W540mm*D550mm<\/li>\n<li>100% plastique PP avec rev\u00eatement anti-UV<\/li>\n<li>Poids de chargement : 120kg\/ 264.5lbs<\/li>\n<li>Origine du produit : Viet Nam<\/li>\n<\/ul>\n<figure id=\"attachment_54581\" aria-describedby=\"caption-attachment-54581\" style=\"width: 850px\" class=\"wp-caption aligncenter\"><img decoding=\"async\" class=\"wp-image-54404 size-full\" src=\"https:\/\/minhducfurniture.com\/wp-content\/uploads\/2025\/11\/Plastic-chair-in-tropical-garden.jpg\" alt=\"Chaises en plastique dans un jardin tropical\" width=\"850\" height=\"585\" srcset=\"https:\/\/minhducfurniture.com\/wp-content\/uploads\/2025\/11\/Plastic-chair-in-tropical-garden.jpg 850w, https:\/\/minhducfurniture.com\/wp-content\/uploads\/2025\/11\/Plastic-chair-in-tropical-garden-581x400.jpg 581w, https:\/\/minhducfurniture.com\/wp-content\/uploads\/2025\/11\/Plastic-chair-in-tropical-garden-768x529.jpg 768w, https:\/\/minhducfurniture.com\/wp-content\/uploads\/2025\/11\/Plastic-chair-in-tropical-garden-510x351.jpg 510w\" sizes=\"(max-width: 850px) 100vw, 850px\" \/><figcaption id=\"caption-attachment-54581\" class=\"wp-caption-text\">Chaises en plastique dans un jardin tropical<\/figcaption><\/figure>\n<h4>Informations sur les commandes<\/h4>\n<ul>\n<li>Quantit\u00e9 minimale de commande (MOQ) : 50 pi\u00e8ces<\/li>\n<li>D\u00e9lai de livraison : 30-35 jours apr\u00e8s le d\u00e9p\u00f4t<\/li>\n<li>D\u00e9lai de livraison : FOB port de Hai Phong, Vietnam<\/li>\n<li>Modalit\u00e9s de paiement : T\/T 30% de d\u00e9p\u00f4t, 70% de solde avant l&rsquo;exp\u00e9dition<\/li>\n<li>Si vous avez une conception personnalis\u00e9e et que vous avez besoin d&rsquo;une production de masse, veuillez nous contacter pour obtenir de l&rsquo;aide.<\/li>\n<\/ul>\n<figure id=\"attachment_54582\" aria-describedby=\"caption-attachment-54582\" style=\"width: 850px\" class=\"wp-caption aligncenter\"><img decoding=\"async\" class=\"size-full wp-image-54406\" src=\"https:\/\/minhducfurniture.com\/wp-content\/uploads\/2025\/11\/Various-colors-of-plastic-chairs.jpg\" alt=\"Chaises en plastique de diff\u00e9rentes couleurs\" width=\"850\" height=\"634\" srcset=\"https:\/\/minhducfurniture.com\/wp-content\/uploads\/2025\/11\/Various-colors-of-plastic-chairs.jpg 850w, https:\/\/minhducfurniture.com\/wp-content\/uploads\/2025\/11\/Various-colors-of-plastic-chairs-536x400.jpg 536w, https:\/\/minhducfurniture.com\/wp-content\/uploads\/2025\/11\/Various-colors-of-plastic-chairs-768x573.jpg 768w, https:\/\/minhducfurniture.com\/wp-content\/uploads\/2025\/11\/Various-colors-of-plastic-chairs-510x380.jpg 510w\" sizes=\"(max-width: 850px) 100vw, 850px\" \/><figcaption id=\"caption-attachment-54582\" class=\"wp-caption-text\">Chaises en plastique de diff\u00e9rentes couleurs<\/figcaption><\/figure>\n<h4>Informations sur le contact<\/h4>\n<ul>\n<li>Minh Duc Public Furniture Co.<\/li>\n<li>Adresse : Villa H02-L11 An Phu, Duong Noi, Ha Dong, Hanoi, Vietnam<\/li>\n<li>Phone\/WhatsApp\/Zalo : +84 908 314 939<\/li>\n<\/ul>\n<p>Plus de nos collections<\/p>\n<ul>\n<li><span style=\"color: #008080\"><a style=\"color: #008080\" href=\"https:\/\/minhducfurniture.com\/fr\/product\/chaises-de-jardin-en-plastique-blanc-avec-style-rotin-pour-lexterieur-et-linterieur\/\">Chaises de jardin en plastique blanc avec style rotin pour l&rsquo;ext\u00e9rieur et l&rsquo;int\u00e9rieur<\/a><\/span><\/li>\n<li><span style=\"color: #008080\"><a style=\"color: #008080\" href=\"https:\/\/minhducfurniture.com\/fr\/product\/chaises-de-veranda-en-plastique-sieges-legers-et-empilables\/\">Chaises de v\u00e9randa en plastique si\u00e8ges l\u00e9gers et empilables<\/a><\/span><\/li>\n<\/ul>\n<div class=\"social-icons share-icons share-row relative\" ><a href=\"whatsapp:\/\/send?text=Chaises%20de%20jardin%20en%20plastique%20vert%2C%20utilisation%20int%C3%A9rieure%20et%20ext%C3%A9rieure%2C%20options%20multicolores - https:\/\/minhducfurniture.com\/fr\/product\/chaises-de-jardin-en-plastique-vert-utilisation-interieure-et-exterieure-options-multicolores\/\" data-action=\"share\/whatsapp\/share\" class=\"icon primary button round tooltip whatsapp show-for-medium\" title=\"Partager sur WhatsApp\" aria-label=\"Partager sur WhatsApp\"><i class=\"icon-whatsapp\" aria-hidden=\"true\"><\/i><\/a><a href=\"https:\/\/www.facebook.com\/sharer.php?u=https:\/\/minhducfurniture.com\/fr\/product\/chaises-de-jardin-en-plastique-vert-utilisation-interieure-et-exterieure-options-multicolores\/\" data-label=\"Facebook\" onclick=\"window.open(this.href,this.title,'width=500,height=500,top=300px,left=300px'); return false;\" target=\"_blank\" class=\"icon primary button round tooltip facebook\" title=\"Partager sur Facebook\" aria-label=\"Partager sur Facebook\" rel=\"noopener nofollow\"><i class=\"icon-facebook\" aria-hidden=\"true\"><\/i><\/a><a href=\"https:\/\/twitter.com\/share?url=https:\/\/minhducfurniture.com\/fr\/product\/chaises-de-jardin-en-plastique-vert-utilisation-interieure-et-exterieure-options-multicolores\/\" onclick=\"window.open(this.href,this.title,'width=500,height=500,top=300px,left=300px'); return false;\" target=\"_blank\" class=\"icon primary button round tooltip twitter\" title=\"Partager sur Twitter\" aria-label=\"Partager sur Twitter\" rel=\"noopener nofollow\"><i class=\"icon-twitter\" aria-hidden=\"true\"><\/i><\/a><a href=\"mailto:?subject=Chaises%20de%20jardin%20en%20plastique%20vert%2C%20utilisation%20int%C3%A9rieure%20et%20ext%C3%A9rieure%2C%20options%20multicolores&body=Regarde%20%C3%A7a%3A%20https%3A%2F%2Fminhducfurniture.com%2Ffr%2Fproduct%2Fchaises-de-jardin-en-plastique-vert-utilisation-interieure-et-exterieure-options-multicolores%2F\" class=\"icon primary button round tooltip email\" title=\"Envoyer par mail\" aria-label=\"Envoyer par mail\" rel=\"nofollow\"><i class=\"icon-envelop\" aria-hidden=\"true\"><\/i><\/a><a href=\"https:\/\/pinterest.com\/pin\/create\/button?url=https:\/\/minhducfurniture.com\/fr\/product\/chaises-de-jardin-en-plastique-vert-utilisation-interieure-et-exterieure-options-multicolores\/&media=https:\/\/minhducfurniture.com\/wp-content\/uploads\/2025\/11\/Green-plastic-garden-chairs.jpg&description=Chaises%20de%20jardin%20en%20plastique%20vert%2C%20utilisation%20int%C3%A9rieure%20et%20ext%C3%A9rieure%2C%20options%20multicolores\" onclick=\"window.open(this.href,this.title,'width=500,height=500,top=300px,left=300px'); return false;\" target=\"_blank\" class=\"icon primary button round tooltip pinterest\" title=\"Epingler sur Pinterest\" aria-label=\"Epingler sur Pinterest\" rel=\"noopener nofollow\"><i class=\"icon-pinterest\" aria-hidden=\"true\"><\/i><\/a><a href=\"https:\/\/www.linkedin.com\/shareArticle?mini=true&url=https:\/\/minhducfurniture.com\/fr\/product\/chaises-de-jardin-en-plastique-vert-utilisation-interieure-et-exterieure-options-multicolores\/&title=Chaises%20de%20jardin%20en%20plastique%20vert%2C%20utilisation%20int%C3%A9rieure%20et%20ext%C3%A9rieure%2C%20options%20multicolores\" onclick=\"window.open(this.href,this.title,'width=500,height=500,top=300px,left=300px'); return false;\" target=\"_blank\" class=\"icon primary button round tooltip linkedin\" title=\"Partager sur LinkedIn\" aria-label=\"Partager sur LinkedIn\" rel=\"noopener nofollow\"><i class=\"icon-linkedin\" aria-hidden=\"true\"><\/i><\/a><\/div>\n","protected":false},"excerpt":{"rendered":"<ul>\n<li>Code produit : MDS-3008<\/li>\n<li>Taille de la chaise : H840mm*SH460mm*W540mm*D550mm<\/li>\n<li>100% plastique PP avec rev\u00eatement anti-UV<\/li>\n<li>Poids de chargement : 120kg\/ 264.5lbs<\/li>\n<li>Origine du produit : Viet Nam<\/li>\n<li>Hotline\/ WhatsApp:+84908314939<\/li>\n<\/ul>\n","protected":false},"featured_media":54583,"comment_status":"open","ping_status":"closed","template":"","meta":[],"product_brand":[],"product_cat":[13060],"product_tag":[13061],"class_list":{"0":"post-54727","1":"product","2":"type-product","3":"status-publish","4":"has-post-thumbnail","6":"product_cat-chaises-en-plastique","7":"product_tag-chaises-dexterieur","9":"first","10":"instock","11":"shipping-taxable","12":"product-type-simple"},"yoast_head":"<!-- This site is optimized with the Yoast SEO plugin v27.0 - https:\/\/yoast.com\/product\/yoast-seo-wordpress\/ -->\n<title>Chaises de jardin en plastique vert, utilisation int\u00e9rieure et ext\u00e9rieure, options multicolores - Minh Duc Furniture<\/title>\n<meta name=\"description\" content=\"Am\u00e9liorez vos espaces ext\u00e9rieurs avec d&#039;\u00e9l\u00e9gantes chaises de jardin en plastique vertes fabriqu\u00e9es en polypropyl\u00e8ne (PP) durable. Ces chaises sont dot\u00e9es d&#039;un\" \/>\n<meta name=\"robots\" content=\"index, follow, max-snippet:-1, max-image-preview:large, max-video-preview:-1\" \/>\n<link rel=\"canonical\" href=\"https:\/\/minhducfurniture.com\/fr\/product\/chaises-de-jardin-en-plastique-vert-utilisation-interieure-et-exterieure-options-multicolores\/\" \/>\n<meta property=\"og:locale\" content=\"fr_FR\" \/>\n<meta property=\"og:type\" content=\"article\" \/>\n<meta property=\"og:title\" content=\"Chaises de jardin en plastique vert, utilisation int\u00e9rieure et ext\u00e9rieure, options multicolores - Minh Duc Furniture\" \/>\n<meta property=\"og:description\" content=\"Am\u00e9liorez vos espaces ext\u00e9rieurs avec d&#039;\u00e9l\u00e9gantes chaises de jardin en plastique vertes fabriqu\u00e9es en polypropyl\u00e8ne (PP) durable. Ces chaises sont dot\u00e9es d&#039;un\" \/>\n<meta property=\"og:url\" content=\"https:\/\/minhducfurniture.com\/fr\/product\/chaises-de-jardin-en-plastique-vert-utilisation-interieure-et-exterieure-options-multicolores\/\" \/>\n<meta property=\"og:site_name\" content=\"Minh Duc Furniture\" \/>\n<meta property=\"article:modified_time\" content=\"2025-12-06T19:28:26+00:00\" \/>\n<meta property=\"og:image\" content=\"https:\/\/minhducfurniture.com\/wp-content\/uploads\/2025\/11\/Green-plastic-garden-chairs.jpg\" \/>\n\t<meta property=\"og:image:width\" content=\"650\" \/>\n\t<meta property=\"og:image:height\" content=\"650\" \/>\n\t<meta property=\"og:image:type\" content=\"image\/jpeg\" \/>\n<meta name=\"twitter:card\" content=\"summary_large_image\" \/>\n<meta name=\"twitter:label1\" content=\"Dur\u00e9e de lecture estim\u00e9e\" \/>\n\t<meta name=\"twitter:data1\" content=\"2 minutes\" \/>\n<script type=\"application\/ld+json\" class=\"yoast-schema-graph\">{\"@context\":\"https:\/\/schema.org\",\"@graph\":[{\"@type\":\"WebPage\",\"@id\":\"https:\/\/minhducfurniture.com\/fr\/product\/chaises-de-jardin-en-plastique-vert-utilisation-interieure-et-exterieure-options-multicolores\/\",\"url\":\"https:\/\/minhducfurniture.com\/fr\/product\/chaises-de-jardin-en-plastique-vert-utilisation-interieure-et-exterieure-options-multicolores\/\",\"name\":\"Chaises de jardin en plastique vert, utilisation int\u00e9rieure et ext\u00e9rieure, options multicolores - Minh Duc Furniture\",\"isPartOf\":{\"@id\":\"https:\/\/minhducfurniture.com\/fr\/#website\"},\"primaryImageOfPage\":{\"@id\":\"https:\/\/minhducfurniture.com\/fr\/product\/chaises-de-jardin-en-plastique-vert-utilisation-interieure-et-exterieure-options-multicolores\/#primaryimage\"},\"image\":{\"@id\":\"https:\/\/minhducfurniture.com\/fr\/product\/chaises-de-jardin-en-plastique-vert-utilisation-interieure-et-exterieure-options-multicolores\/#primaryimage\"},\"thumbnailUrl\":\"https:\/\/minhducfurniture.com\/wp-content\/uploads\/2025\/11\/Green-plastic-garden-chairs.jpg\",\"datePublished\":\"2025-11-30T15:08:06+00:00\",\"dateModified\":\"2025-12-06T19:28:26+00:00\",\"description\":\"Am\u00e9liorez vos espaces ext\u00e9rieurs avec d'\u00e9l\u00e9gantes chaises de jardin en plastique vertes fabriqu\u00e9es en polypropyl\u00e8ne (PP) durable. Ces chaises sont dot\u00e9es d'un\",\"breadcrumb\":{\"@id\":\"https:\/\/minhducfurniture.com\/fr\/product\/chaises-de-jardin-en-plastique-vert-utilisation-interieure-et-exterieure-options-multicolores\/#breadcrumb\"},\"inLanguage\":\"fr-FR\",\"potentialAction\":[{\"@type\":\"ReadAction\",\"target\":[\"https:\/\/minhducfurniture.com\/fr\/product\/chaises-de-jardin-en-plastique-vert-utilisation-interieure-et-exterieure-options-multicolores\/\"]}]},{\"@type\":\"ImageObject\",\"inLanguage\":\"fr-FR\",\"@id\":\"https:\/\/minhducfurniture.com\/fr\/product\/chaises-de-jardin-en-plastique-vert-utilisation-interieure-et-exterieure-options-multicolores\/#primaryimage\",\"url\":\"https:\/\/minhducfurniture.com\/wp-content\/uploads\/2025\/11\/Green-plastic-garden-chairs.jpg\",\"contentUrl\":\"https:\/\/minhducfurniture.com\/wp-content\/uploads\/2025\/11\/Green-plastic-garden-chairs.jpg\",\"width\":650,\"height\":650,\"caption\":\"Chaises de jardin en plastique vert\"},{\"@type\":\"BreadcrumbList\",\"@id\":\"https:\/\/minhducfurniture.com\/fr\/product\/chaises-de-jardin-en-plastique-vert-utilisation-interieure-et-exterieure-options-multicolores\/#breadcrumb\",\"itemListElement\":[{\"@type\":\"ListItem\",\"position\":1,\"name\":\"Home\",\"item\":\"https:\/\/minhducfurniture.com\/fr\/\"},{\"@type\":\"ListItem\",\"position\":2,\"name\":\"Shop\",\"item\":\"https:\/\/minhducfurniture.com\/shop\/\"},{\"@type\":\"ListItem\",\"position\":3,\"name\":\"Chaises de jardin en plastique vert, utilisation int\u00e9rieure et ext\u00e9rieure, options multicolores\"}]},{\"@type\":\"WebSite\",\"@id\":\"https:\/\/minhducfurniture.com\/fr\/#website\",\"url\":\"https:\/\/minhducfurniture.com\/fr\/\",\"name\":\"Minh Duc Furniture\",\"description\":\"Vietnam Furniture Supplier\",\"publisher\":{\"@id\":\"https:\/\/minhducfurniture.com\/fr\/#organization\"},\"alternateName\":\"Vietnam Online Shop\",\"potentialAction\":[{\"@type\":\"SearchAction\",\"target\":{\"@type\":\"EntryPoint\",\"urlTemplate\":\"https:\/\/minhducfurniture.com\/fr\/?s={search_term_string}\"},\"query-input\":{\"@type\":\"PropertyValueSpecification\",\"valueRequired\":true,\"valueName\":\"search_term_string\"}}],\"inLanguage\":\"fr-FR\"},{\"@type\":\"Organization\",\"@id\":\"https:\/\/minhducfurniture.com\/fr\/#organization\",\"name\":\"Minh Duc Furniture\",\"alternateName\":\"Vietnam Furniture Export\",\"url\":\"https:\/\/minhducfurniture.com\/fr\/\",\"logo\":{\"@type\":\"ImageObject\",\"inLanguage\":\"fr-FR\",\"@id\":\"https:\/\/minhducfurniture.com\/fr\/#\/schema\/logo\/image\/\",\"url\":\"\",\"contentUrl\":\"\",\"caption\":\"Minh Duc Furniture\"},\"image\":{\"@id\":\"https:\/\/minhducfurniture.com\/fr\/#\/schema\/logo\/image\/\"},\"sameAs\":[\"https:\/\/www.pinterest.com\/hienthaoshop\/pins\/\"]}]}<\/script>\n<!-- \/ Yoast SEO plugin. -->","yoast_head_json":{"title":"Chaises de jardin en plastique vert, utilisation int\u00e9rieure et ext\u00e9rieure, options multicolores - Minh Duc Furniture","description":"Am\u00e9liorez vos espaces ext\u00e9rieurs avec d'\u00e9l\u00e9gantes chaises de jardin en plastique vertes fabriqu\u00e9es en polypropyl\u00e8ne (PP) durable. Ces chaises sont dot\u00e9es d'un","robots":{"index":"index","follow":"follow","max-snippet":"max-snippet:-1","max-image-preview":"max-image-preview:large","max-video-preview":"max-video-preview:-1"},"canonical":"https:\/\/minhducfurniture.com\/fr\/product\/chaises-de-jardin-en-plastique-vert-utilisation-interieure-et-exterieure-options-multicolores\/","og_locale":"fr_FR","og_type":"article","og_title":"Chaises de jardin en plastique vert, utilisation int\u00e9rieure et ext\u00e9rieure, options multicolores - Minh Duc Furniture","og_description":"Am\u00e9liorez vos espaces ext\u00e9rieurs avec d'\u00e9l\u00e9gantes chaises de jardin en plastique vertes fabriqu\u00e9es en polypropyl\u00e8ne (PP) durable. Ces chaises sont dot\u00e9es d'un","og_url":"https:\/\/minhducfurniture.com\/fr\/product\/chaises-de-jardin-en-plastique-vert-utilisation-interieure-et-exterieure-options-multicolores\/","og_site_name":"Minh Duc Furniture","article_modified_time":"2025-12-06T19:28:26+00:00","og_image":[{"width":650,"height":650,"url":"https:\/\/minhducfurniture.com\/wp-content\/uploads\/2025\/11\/Green-plastic-garden-chairs.jpg","type":"image\/jpeg"}],"twitter_card":"summary_large_image","twitter_misc":{"Dur\u00e9e de lecture estim\u00e9e":"2 minutes"},"schema":{"@context":"https:\/\/schema.org","@graph":[{"@type":"WebPage","@id":"https:\/\/minhducfurniture.com\/fr\/product\/chaises-de-jardin-en-plastique-vert-utilisation-interieure-et-exterieure-options-multicolores\/","url":"https:\/\/minhducfurniture.com\/fr\/product\/chaises-de-jardin-en-plastique-vert-utilisation-interieure-et-exterieure-options-multicolores\/","name":"Chaises de jardin en plastique vert, utilisation int\u00e9rieure et ext\u00e9rieure, options multicolores - Minh Duc Furniture","isPartOf":{"@id":"https:\/\/minhducfurniture.com\/fr\/#website"},"primaryImageOfPage":{"@id":"https:\/\/minhducfurniture.com\/fr\/product\/chaises-de-jardin-en-plastique-vert-utilisation-interieure-et-exterieure-options-multicolores\/#primaryimage"},"image":{"@id":"https:\/\/minhducfurniture.com\/fr\/product\/chaises-de-jardin-en-plastique-vert-utilisation-interieure-et-exterieure-options-multicolores\/#primaryimage"},"thumbnailUrl":"https:\/\/minhducfurniture.com\/wp-content\/uploads\/2025\/11\/Green-plastic-garden-chairs.jpg","datePublished":"2025-11-30T15:08:06+00:00","dateModified":"2025-12-06T19:28:26+00:00","description":"Am\u00e9liorez vos espaces ext\u00e9rieurs avec d'\u00e9l\u00e9gantes chaises de jardin en plastique vertes fabriqu\u00e9es en polypropyl\u00e8ne (PP) durable. Ces chaises sont dot\u00e9es d'un","breadcrumb":{"@id":"https:\/\/minhducfurniture.com\/fr\/product\/chaises-de-jardin-en-plastique-vert-utilisation-interieure-et-exterieure-options-multicolores\/#breadcrumb"},"inLanguage":"fr-FR","potentialAction":[{"@type":"ReadAction","target":["https:\/\/minhducfurniture.com\/fr\/product\/chaises-de-jardin-en-plastique-vert-utilisation-interieure-et-exterieure-options-multicolores\/"]}]},{"@type":"ImageObject","inLanguage":"fr-FR","@id":"https:\/\/minhducfurniture.com\/fr\/product\/chaises-de-jardin-en-plastique-vert-utilisation-interieure-et-exterieure-options-multicolores\/#primaryimage","url":"https:\/\/minhducfurniture.com\/wp-content\/uploads\/2025\/11\/Green-plastic-garden-chairs.jpg","contentUrl":"https:\/\/minhducfurniture.com\/wp-content\/uploads\/2025\/11\/Green-plastic-garden-chairs.jpg","width":650,"height":650,"caption":"Chaises de jardin en plastique vert"},{"@type":"BreadcrumbList","@id":"https:\/\/minhducfurniture.com\/fr\/product\/chaises-de-jardin-en-plastique-vert-utilisation-interieure-et-exterieure-options-multicolores\/#breadcrumb","itemListElement":[{"@type":"ListItem","position":1,"name":"Home","item":"https:\/\/minhducfurniture.com\/fr\/"},{"@type":"ListItem","position":2,"name":"Shop","item":"https:\/\/minhducfurniture.com\/shop\/"},{"@type":"ListItem","position":3,"name":"Chaises de jardin en plastique vert, utilisation int\u00e9rieure et ext\u00e9rieure, options multicolores"}]},{"@type":"WebSite","@id":"https:\/\/minhducfurniture.com\/fr\/#website","url":"https:\/\/minhducfurniture.com\/fr\/","name":"Minh Duc Furniture","description":"Vietnam Furniture Supplier","publisher":{"@id":"https:\/\/minhducfurniture.com\/fr\/#organization"},"alternateName":"Vietnam Online Shop","potentialAction":[{"@type":"SearchAction","target":{"@type":"EntryPoint","urlTemplate":"https:\/\/minhducfurniture.com\/fr\/?s={search_term_string}"},"query-input":{"@type":"PropertyValueSpecification","valueRequired":true,"valueName":"search_term_string"}}],"inLanguage":"fr-FR"},{"@type":"Organization","@id":"https:\/\/minhducfurniture.com\/fr\/#organization","name":"Minh Duc Furniture","alternateName":"Vietnam Furniture Export","url":"https:\/\/minhducfurniture.com\/fr\/","logo":{"@type":"ImageObject","inLanguage":"fr-FR","@id":"https:\/\/minhducfurniture.com\/fr\/#\/schema\/logo\/image\/","url":"","contentUrl":"","caption":"Minh Duc Furniture"},"image":{"@id":"https:\/\/minhducfurniture.com\/fr\/#\/schema\/logo\/image\/"},"sameAs":["https:\/\/www.pinterest.com\/hienthaoshop\/pins\/"]}]}},"_links":{"self":[{"href":"https:\/\/minhducfurniture.com\/fr\/wp-json\/wp\/v2\/product\/54727","targetHints":{"allow":["GET"]}}],"collection":[{"href":"https:\/\/minhducfurniture.com\/fr\/wp-json\/wp\/v2\/product"}],"about":[{"href":"https:\/\/minhducfurniture.com\/fr\/wp-json\/wp\/v2\/types\/product"}],"replies":[{"embeddable":true,"href":"https:\/\/minhducfurniture.com\/fr\/wp-json\/wp\/v2\/comments?post=54727"}],"wp:featuredmedia":[{"embeddable":true,"href":"https:\/\/minhducfurniture.com\/fr\/wp-json\/wp\/v2\/media\/54583"}],"wp:attachment":[{"href":"https:\/\/minhducfurniture.com\/fr\/wp-json\/wp\/v2\/media?parent=54727"}],"wp:term":[{"taxonomy":"product_brand","embeddable":true,"href":"https:\/\/minhducfurniture.com\/fr\/wp-json\/wp\/v2\/product_brand?post=54727"},{"taxonomy":"product_cat","embeddable":true,"href":"https:\/\/minhducfurniture.com\/fr\/wp-json\/wp\/v2\/product_cat?post=54727"},{"taxonomy":"product_tag","embeddable":true,"href":"https:\/\/minhducfurniture.com\/fr\/wp-json\/wp\/v2\/product_tag?post=54727"}],"curies":[{"name":"wp","href":"https:\/\/api.w.org\/{rel}","templated":true}]}}