{"id":54695,"date":"2025-12-02T14:19:45","date_gmt":"2025-12-02T07:19:45","guid":{"rendered":"https:\/\/minhducfurniture.com\/product\/chaises-de-salle-a-manger-en-plastique-gris-assise-rembourree-options-de-couleurs-personnalisees\/"},"modified":"2025-12-07T02:35:14","modified_gmt":"2025-12-06T19:35:14","slug":"chaises-de-salle-a-manger-en-plastique-gris-assise-rembourree-options-de-couleurs-personnalisees","status":"publish","type":"product","link":"https:\/\/minhducfurniture.com\/fr\/product\/chaises-de-salle-a-manger-en-plastique-gris-assise-rembourree-options-de-couleurs-personnalisees\/","title":{"rendered":"Chaises de salle \u00e0 manger en plastique gris assise rembourr\u00e9e options de couleurs personnalis\u00e9es"},"content":{"rendered":"<h2><span style=\"font-size: 90%;\">Chaises de salle \u00e0 manger en plastique gris &#8211; Design ergonomique avec support de confort am\u00e9lior\u00e9<\/span><\/h2>\n<p>Les <strong>chaises de salle \u00e0 manger en plastique gris<\/strong> sont con\u00e7ues pour les salles \u00e0 manger r\u00e9sidentielles et les environnements commerciaux, offrant durabilit\u00e9, confort et \u00e9l\u00e9gance moderne. L&rsquo;assise rembourr\u00e9e int\u00e9gr\u00e9e offre un confort accru tout en conservant un aspect minimaliste, ce qui les rend id\u00e9ales pour les repas quotidiens et un usage intensif.<br \/>\nUne large gamme de couleurs de coque et de rembourrage est disponible, permettant aux clients de s\u00e9lectionner la combinaison parfaite pour leur d\u00e9cor. Les options de rev\u00eatement comprennent le tissu de lin, le velours et le cuir PU. Les clients peuvent \u00e9galement fournir leur propre tissu pour garantir une d\u00e9coration int\u00e9rieure enti\u00e8rement personnalis\u00e9e et coh\u00e9rente.   \t<div id=\"gap-1046358387\" class=\"gap-element clearfix\" style=\"display:block; height:auto;\">\n\t\t\n<style>\n#gap-1046358387 {\n  padding-top: 15px;\n}\n<\/style>\n\t<\/div>\n\t\n<figure id=\"attachment_54663\" aria-describedby=\"caption-attachment-54663\" style=\"width: 850px\" class=\"wp-caption aligncenter\"><img decoding=\"async\" class=\"size-full wp-image-54437\" src=\"https:\/\/minhducfurniture.com\/wp-content\/uploads\/2025\/12\/Plastic-dining-chairs-in-cafes-2.jpg\" alt=\"Chaises de salle \u00e0 manger en plastique dans les caf\u00e9s 2\" width=\"850\" height=\"670\" srcset=\"https:\/\/minhducfurniture.com\/wp-content\/uploads\/2025\/12\/Plastic-dining-chairs-in-cafes-2.jpg 850w, https:\/\/minhducfurniture.com\/wp-content\/uploads\/2025\/12\/Plastic-dining-chairs-in-cafes-2-507x400.jpg 507w, https:\/\/minhducfurniture.com\/wp-content\/uploads\/2025\/12\/Plastic-dining-chairs-in-cafes-2-768x605.jpg 768w, https:\/\/minhducfurniture.com\/wp-content\/uploads\/2025\/12\/Plastic-dining-chairs-in-cafes-2-510x402.jpg 510w\" sizes=\"(max-width: 850px) 100vw, 850px\" \/><figcaption id=\"caption-attachment-54663\" class=\"wp-caption-text\">Chaises de salle \u00e0 manger en plastique dans les caf\u00e9s 2<\/figcaption><\/figure>\n<h3>Caract\u00e9ristiques des<span style=\"font-size: 90%;\">chaises de salle \u00e0 manger en plastique gris<\/span><\/h3>\n<ul>\n<li>Cadre durable en PP : Robuste, l\u00e9ger et r\u00e9sistant \u00e0 l&rsquo;humidit\u00e9 et \u00e0 l&rsquo;usure quotidienne.<\/li>\n<li>Dossier ergonomique incurv\u00e9 : Favorise une position assise naturelle pour un meilleur confort<\/li>\n<li>Si\u00e8ge rembourr\u00e9 int\u00e9gr\u00e9 : Ajoute de la douceur pour une dur\u00e9e d&rsquo;assise plus longue<\/li>\n<li>Coussin rembourr\u00e9 fixe : Le rembourrage de l&rsquo;assise est solidement fix\u00e9 pour un aspect propre et raffin\u00e9.<\/li>\n<li>Finitions personnalisables : Plusieurs couleurs de coques et options de rembourrage : tissu de lin, velours ou cuir PU.<\/li>\n<li>Surface facile \u00e0 nettoyer : Convient aux environnements de restauration et d&rsquo;h\u00f4tellerie tr\u00e8s fr\u00e9quent\u00e9s<\/li>\n<li>Utilisation polyvalente : Id\u00e9al pour les maisons, les caf\u00e9s, les restaurants et les pauses dans les bureaux.<\/li>\n<\/ul>\n<figure id=\"attachment_54664\" aria-describedby=\"caption-attachment-54664\" style=\"width: 850px\" class=\"wp-caption aligncenter\"><img decoding=\"async\" class=\"size-full wp-image-54434\" src=\"https:\/\/minhducfurniture.com\/wp-content\/uploads\/2025\/12\/Plastic-dining-chairs-in-banquet-hall.jpg\" alt=\"Chaises de salle \u00e0 manger en plastique dans la salle de banquet\" width=\"850\" height=\"616\" srcset=\"https:\/\/minhducfurniture.com\/wp-content\/uploads\/2025\/12\/Plastic-dining-chairs-in-banquet-hall.jpg 850w, https:\/\/minhducfurniture.com\/wp-content\/uploads\/2025\/12\/Plastic-dining-chairs-in-banquet-hall-552x400.jpg 552w, https:\/\/minhducfurniture.com\/wp-content\/uploads\/2025\/12\/Plastic-dining-chairs-in-banquet-hall-768x557.jpg 768w, https:\/\/minhducfurniture.com\/wp-content\/uploads\/2025\/12\/Plastic-dining-chairs-in-banquet-hall-510x370.jpg 510w\" sizes=\"(max-width: 850px) 100vw, 850px\" \/><figcaption id=\"caption-attachment-54664\" class=\"wp-caption-text\">Chaises de salle \u00e0 manger en plastique dans la salle de banquet<\/figcaption><\/figure>\n<h4>Description du produit<\/h4>\n<ul>\n<li>Code produit : MDS-GAI 52<\/li>\n<li>Taille de la chaise : H810mm*SH450mm*W540mm*D450mm<\/li>\n<li>100% plastique PP avec rev\u00eatement anti-UV<\/li>\n<li>Si\u00e8ge rembourr\u00e9 int\u00e9gr\u00e9 avec couleurs de rembourrage en option.<\/li>\n<li>Poids de chargement : 120kg\/ 264.5lbs<\/li>\n<li>Origine du produit : Viet Nam<\/li>\n<\/ul>\n<figure id=\"attachment_54665\" aria-describedby=\"caption-attachment-54665\" style=\"width: 850px\" class=\"wp-caption aligncenter\"><img decoding=\"async\" class=\"size-full wp-image-54435\" src=\"https:\/\/minhducfurniture.com\/wp-content\/uploads\/2025\/12\/Plastic-dining-chairs-in-office-break-areas.jpg\" alt=\"Chaises de salle \u00e0 manger en plastique dans les zones de repos des bureaux\" width=\"850\" height=\"573\" srcset=\"https:\/\/minhducfurniture.com\/wp-content\/uploads\/2025\/12\/Plastic-dining-chairs-in-office-break-areas.jpg 850w, https:\/\/minhducfurniture.com\/wp-content\/uploads\/2025\/12\/Plastic-dining-chairs-in-office-break-areas-593x400.jpg 593w, https:\/\/minhducfurniture.com\/wp-content\/uploads\/2025\/12\/Plastic-dining-chairs-in-office-break-areas-768x518.jpg 768w, https:\/\/minhducfurniture.com\/wp-content\/uploads\/2025\/12\/Plastic-dining-chairs-in-office-break-areas-510x344.jpg 510w\" sizes=\"(max-width: 850px) 100vw, 850px\" \/><figcaption id=\"caption-attachment-54665\" class=\"wp-caption-text\">Chaises de salle \u00e0 manger en plastique dans les zones de repos des bureaux<\/figcaption><\/figure>\n<h4>Informations sur les commandes<\/h4>\n<ul>\n<li>Quantit\u00e9 minimale de commande (MOQ) : 50 pi\u00e8ces<\/li>\n<li>D\u00e9lai de livraison : 30-35 jours apr\u00e8s le d\u00e9p\u00f4t<\/li>\n<li>D\u00e9lai de livraison : FOB port de Hai Phong, Vietnam<\/li>\n<li>Modalit\u00e9s de paiement : T\/T 30% de d\u00e9p\u00f4t, 70% de solde avant l&rsquo;exp\u00e9dition<\/li>\n<li>Si vous avez une conception personnalis\u00e9e et que vous avez besoin d&rsquo;une production de masse, veuillez nous contacter pour obtenir de l&rsquo;aide.<\/li>\n<\/ul>\n<figure id=\"attachment_54666\" aria-describedby=\"caption-attachment-54666\" style=\"width: 850px\" class=\"wp-caption aligncenter\"><img decoding=\"async\" class=\"size-full wp-image-54433\" src=\"https:\/\/minhducfurniture.com\/wp-content\/uploads\/2025\/12\/Plastic-dining-chairs-for-weddings.jpg\" alt=\"Chaises de salle \u00e0 manger en plastique pour les mariages\" width=\"850\" height=\"650\" srcset=\"https:\/\/minhducfurniture.com\/wp-content\/uploads\/2025\/12\/Plastic-dining-chairs-for-weddings.jpg 850w, https:\/\/minhducfurniture.com\/wp-content\/uploads\/2025\/12\/Plastic-dining-chairs-for-weddings-523x400.jpg 523w, https:\/\/minhducfurniture.com\/wp-content\/uploads\/2025\/12\/Plastic-dining-chairs-for-weddings-768x587.jpg 768w, https:\/\/minhducfurniture.com\/wp-content\/uploads\/2025\/12\/Plastic-dining-chairs-for-weddings-510x390.jpg 510w\" sizes=\"(max-width: 850px) 100vw, 850px\" \/><figcaption id=\"caption-attachment-54666\" class=\"wp-caption-text\">Chaises de salle \u00e0 manger en plastique pour les mariages<\/figcaption><\/figure>\n<h4>Informations sur le contact<\/h4>\n<ul>\n<li>Minh Duc Public Furniture Co.<\/li>\n<li>Adresse : Villa H02-L11 An Phu, Duong Noi, Ha Dong, Hanoi, Vietnam<\/li>\n<li>Phone\/WhatsApp\/Zalo : +84 908 314 939<\/li>\n<\/ul>\n<p>Plus de nos collections<\/p>\n<ul>\n<li><span style=\"color: #008080;\"><a style=\"color: #008080;\" href=\"https:\/\/minhducfurniture.com\/fr\/product\/chaises-dexterieur-en-polypropylene-parfaites-pour-les-cafes-les-maisons-et-les-patios\/\">Chaises d&rsquo;ext\u00e9rieur en polypropyl\u00e8ne, parfaites pour les caf\u00e9s, les maisons et les terrasses.<\/a><\/span><\/li>\n<li><span style=\"color: #008080;\"><a style=\"color: #008080;\" href=\"https:\/\/minhducfurniture.com\/fr\/product\/chaises-de-jardin-en-plastique-noir-sieges-dexterieur-contemporains-et-elegants\/\">Chaises de jardin en plastique noir, si\u00e8ges d&rsquo;ext\u00e9rieur contemporains et \u00e9l\u00e9gants<\/a><\/span><\/li>\n<\/ul>\n<div class=\"social-icons share-icons share-row relative\" ><a href=\"whatsapp:\/\/send?text=Chaises%20de%20salle%20%C3%A0%20manger%20en%20plastique%20gris%20assise%20rembourr%C3%A9e%20options%20de%20couleurs%20personnalis%C3%A9es - https:\/\/minhducfurniture.com\/fr\/product\/chaises-de-salle-a-manger-en-plastique-gris-assise-rembourree-options-de-couleurs-personnalisees\/\" data-action=\"share\/whatsapp\/share\" class=\"icon primary button round tooltip whatsapp show-for-medium\" title=\"Partager sur WhatsApp\" aria-label=\"Partager sur WhatsApp\"><i class=\"icon-whatsapp\" aria-hidden=\"true\"><\/i><\/a><a href=\"https:\/\/www.facebook.com\/sharer.php?u=https:\/\/minhducfurniture.com\/fr\/product\/chaises-de-salle-a-manger-en-plastique-gris-assise-rembourree-options-de-couleurs-personnalisees\/\" data-label=\"Facebook\" onclick=\"window.open(this.href,this.title,'width=500,height=500,top=300px,left=300px'); return false;\" target=\"_blank\" class=\"icon primary button round tooltip facebook\" title=\"Partager sur Facebook\" aria-label=\"Partager sur Facebook\" rel=\"noopener nofollow\"><i class=\"icon-facebook\" aria-hidden=\"true\"><\/i><\/a><a href=\"https:\/\/twitter.com\/share?url=https:\/\/minhducfurniture.com\/fr\/product\/chaises-de-salle-a-manger-en-plastique-gris-assise-rembourree-options-de-couleurs-personnalisees\/\" onclick=\"window.open(this.href,this.title,'width=500,height=500,top=300px,left=300px'); return false;\" target=\"_blank\" class=\"icon primary button round tooltip twitter\" title=\"Partager sur Twitter\" aria-label=\"Partager sur Twitter\" rel=\"noopener nofollow\"><i class=\"icon-twitter\" aria-hidden=\"true\"><\/i><\/a><a href=\"mailto:?subject=Chaises%20de%20salle%20%C3%A0%20manger%20en%20plastique%20gris%20assise%20rembourr%C3%A9e%20options%20de%20couleurs%20personnalis%C3%A9es&body=Regarde%20%C3%A7a%3A%20https%3A%2F%2Fminhducfurniture.com%2Ffr%2Fproduct%2Fchaises-de-salle-a-manger-en-plastique-gris-assise-rembourree-options-de-couleurs-personnalisees%2F\" class=\"icon primary button round tooltip email\" title=\"Envoyer par mail\" aria-label=\"Envoyer par mail\" rel=\"nofollow\"><i class=\"icon-envelop\" aria-hidden=\"true\"><\/i><\/a><a href=\"https:\/\/pinterest.com\/pin\/create\/button?url=https:\/\/minhducfurniture.com\/fr\/product\/chaises-de-salle-a-manger-en-plastique-gris-assise-rembourree-options-de-couleurs-personnalisees\/&media=https:\/\/minhducfurniture.com\/wp-content\/uploads\/2025\/12\/Grey-plastic-dining-chairs.jpg&description=Chaises%20de%20salle%20%C3%A0%20manger%20en%20plastique%20gris%20assise%20rembourr%C3%A9e%20options%20de%20couleurs%20personnalis%C3%A9es\" onclick=\"window.open(this.href,this.title,'width=500,height=500,top=300px,left=300px'); return false;\" target=\"_blank\" class=\"icon primary button round tooltip pinterest\" title=\"Epingler sur Pinterest\" aria-label=\"Epingler sur Pinterest\" rel=\"noopener nofollow\"><i class=\"icon-pinterest\" aria-hidden=\"true\"><\/i><\/a><a href=\"https:\/\/www.linkedin.com\/shareArticle?mini=true&url=https:\/\/minhducfurniture.com\/fr\/product\/chaises-de-salle-a-manger-en-plastique-gris-assise-rembourree-options-de-couleurs-personnalisees\/&title=Chaises%20de%20salle%20%C3%A0%20manger%20en%20plastique%20gris%20assise%20rembourr%C3%A9e%20options%20de%20couleurs%20personnalis%C3%A9es\" onclick=\"window.open(this.href,this.title,'width=500,height=500,top=300px,left=300px'); return false;\" target=\"_blank\" class=\"icon primary button round tooltip linkedin\" title=\"Partager sur LinkedIn\" aria-label=\"Partager sur LinkedIn\" rel=\"noopener nofollow\"><i class=\"icon-linkedin\" aria-hidden=\"true\"><\/i><\/a><\/div>\n","protected":false},"excerpt":{"rendered":"<ul>\n<li>Code produit : MDS-GAI 52<\/li>\n<li>Taille de la chaise : H810mm*SH450mm*W540mm*D450mm<\/li>\n<li>100% plastique PP avec rev\u00eatement anti-UV<\/li>\n<li>Si\u00e8ge rembourr\u00e9 int\u00e9gr\u00e9 avec couleurs de rembourrage en option.<\/li>\n<li>Poids de chargement : 120kg\/ 264.5lbs<\/li>\n<li>Origine du produit : Viet Nam<\/li>\n<li>Hotline\/ WhatsApp:+84908314939<\/li>\n<\/ul>\n","protected":false},"featured_media":54667,"comment_status":"open","ping_status":"closed","template":"","meta":[],"product_brand":[],"product_cat":[13060],"product_tag":[13061],"class_list":{"0":"post-54695","1":"product","2":"type-product","3":"status-publish","4":"has-post-thumbnail","6":"product_cat-chaises-en-plastique","7":"product_tag-chaises-dexterieur","9":"first","10":"instock","11":"shipping-taxable","12":"product-type-simple"},"yoast_head":"<!-- This site is optimized with the Yoast SEO plugin v27.0 - https:\/\/yoast.com\/product\/yoast-seo-wordpress\/ -->\n<title>Chaises de salle \u00e0 manger en plastique gris assise rembourr\u00e9e options de couleurs personnalis\u00e9es - Minh Duc Furniture<\/title>\n<meta name=\"description\" content=\"Les chaises de salle \u00e0 manger en plastique gris sont con\u00e7ues pour les salles \u00e0 manger r\u00e9sidentielles et les environnements commerciaux, offrant durabilit\u00e9, confort et \u00e9l\u00e9gance moderne.\" \/>\n<meta name=\"robots\" content=\"index, follow, max-snippet:-1, max-image-preview:large, max-video-preview:-1\" \/>\n<link rel=\"canonical\" href=\"https:\/\/minhducfurniture.com\/fr\/product\/chaises-de-salle-a-manger-en-plastique-gris-assise-rembourree-options-de-couleurs-personnalisees\/\" \/>\n<meta property=\"og:locale\" content=\"fr_FR\" \/>\n<meta property=\"og:type\" content=\"article\" \/>\n<meta property=\"og:title\" content=\"Chaises de salle \u00e0 manger en plastique gris assise rembourr\u00e9e options de couleurs personnalis\u00e9es - Minh Duc Furniture\" \/>\n<meta property=\"og:description\" content=\"Les chaises de salle \u00e0 manger en plastique gris sont con\u00e7ues pour les salles \u00e0 manger r\u00e9sidentielles et les environnements commerciaux, offrant durabilit\u00e9, confort et \u00e9l\u00e9gance moderne.\" \/>\n<meta property=\"og:url\" content=\"https:\/\/minhducfurniture.com\/fr\/product\/chaises-de-salle-a-manger-en-plastique-gris-assise-rembourree-options-de-couleurs-personnalisees\/\" \/>\n<meta property=\"og:site_name\" content=\"Minh Duc Furniture\" \/>\n<meta property=\"article:modified_time\" content=\"2025-12-06T19:35:14+00:00\" \/>\n<meta property=\"og:image\" content=\"https:\/\/minhducfurniture.com\/wp-content\/uploads\/2025\/12\/Grey-plastic-dining-chairs.jpg\" \/>\n\t<meta property=\"og:image:width\" content=\"650\" \/>\n\t<meta property=\"og:image:height\" content=\"650\" \/>\n\t<meta property=\"og:image:type\" content=\"image\/jpeg\" \/>\n<meta name=\"twitter:card\" content=\"summary_large_image\" \/>\n<meta name=\"twitter:label1\" content=\"Dur\u00e9e de lecture estim\u00e9e\" \/>\n\t<meta name=\"twitter:data1\" content=\"3 minutes\" \/>\n<script type=\"application\/ld+json\" class=\"yoast-schema-graph\">{\"@context\":\"https:\/\/schema.org\",\"@graph\":[{\"@type\":\"WebPage\",\"@id\":\"https:\/\/minhducfurniture.com\/fr\/product\/chaises-de-salle-a-manger-en-plastique-gris-assise-rembourree-options-de-couleurs-personnalisees\/\",\"url\":\"https:\/\/minhducfurniture.com\/fr\/product\/chaises-de-salle-a-manger-en-plastique-gris-assise-rembourree-options-de-couleurs-personnalisees\/\",\"name\":\"Chaises de salle \u00e0 manger en plastique gris assise rembourr\u00e9e options de couleurs personnalis\u00e9es - Minh Duc Furniture\",\"isPartOf\":{\"@id\":\"https:\/\/minhducfurniture.com\/fr\/#website\"},\"primaryImageOfPage\":{\"@id\":\"https:\/\/minhducfurniture.com\/fr\/product\/chaises-de-salle-a-manger-en-plastique-gris-assise-rembourree-options-de-couleurs-personnalisees\/#primaryimage\"},\"image\":{\"@id\":\"https:\/\/minhducfurniture.com\/fr\/product\/chaises-de-salle-a-manger-en-plastique-gris-assise-rembourree-options-de-couleurs-personnalisees\/#primaryimage\"},\"thumbnailUrl\":\"https:\/\/minhducfurniture.com\/wp-content\/uploads\/2025\/12\/Grey-plastic-dining-chairs.jpg\",\"datePublished\":\"2025-12-02T07:19:45+00:00\",\"dateModified\":\"2025-12-06T19:35:14+00:00\",\"description\":\"Les chaises de salle \u00e0 manger en plastique gris sont con\u00e7ues pour les salles \u00e0 manger r\u00e9sidentielles et les environnements commerciaux, offrant durabilit\u00e9, confort et \u00e9l\u00e9gance moderne.\",\"breadcrumb\":{\"@id\":\"https:\/\/minhducfurniture.com\/fr\/product\/chaises-de-salle-a-manger-en-plastique-gris-assise-rembourree-options-de-couleurs-personnalisees\/#breadcrumb\"},\"inLanguage\":\"fr-FR\",\"potentialAction\":[{\"@type\":\"ReadAction\",\"target\":[\"https:\/\/minhducfurniture.com\/fr\/product\/chaises-de-salle-a-manger-en-plastique-gris-assise-rembourree-options-de-couleurs-personnalisees\/\"]}]},{\"@type\":\"ImageObject\",\"inLanguage\":\"fr-FR\",\"@id\":\"https:\/\/minhducfurniture.com\/fr\/product\/chaises-de-salle-a-manger-en-plastique-gris-assise-rembourree-options-de-couleurs-personnalisees\/#primaryimage\",\"url\":\"https:\/\/minhducfurniture.com\/wp-content\/uploads\/2025\/12\/Grey-plastic-dining-chairs.jpg\",\"contentUrl\":\"https:\/\/minhducfurniture.com\/wp-content\/uploads\/2025\/12\/Grey-plastic-dining-chairs.jpg\",\"width\":650,\"height\":650,\"caption\":\"Chaises de salle \u00e0 manger en plastique gris\"},{\"@type\":\"BreadcrumbList\",\"@id\":\"https:\/\/minhducfurniture.com\/fr\/product\/chaises-de-salle-a-manger-en-plastique-gris-assise-rembourree-options-de-couleurs-personnalisees\/#breadcrumb\",\"itemListElement\":[{\"@type\":\"ListItem\",\"position\":1,\"name\":\"Home\",\"item\":\"https:\/\/minhducfurniture.com\/fr\/\"},{\"@type\":\"ListItem\",\"position\":2,\"name\":\"Shop\",\"item\":\"https:\/\/minhducfurniture.com\/shop\/\"},{\"@type\":\"ListItem\",\"position\":3,\"name\":\"Chaises de salle \u00e0 manger en plastique gris assise rembourr\u00e9e options de couleurs personnalis\u00e9es\"}]},{\"@type\":\"WebSite\",\"@id\":\"https:\/\/minhducfurniture.com\/fr\/#website\",\"url\":\"https:\/\/minhducfurniture.com\/fr\/\",\"name\":\"Minh Duc Furniture\",\"description\":\"Vietnam Furniture Supplier\",\"publisher\":{\"@id\":\"https:\/\/minhducfurniture.com\/fr\/#organization\"},\"alternateName\":\"Vietnam Online Shop\",\"potentialAction\":[{\"@type\":\"SearchAction\",\"target\":{\"@type\":\"EntryPoint\",\"urlTemplate\":\"https:\/\/minhducfurniture.com\/fr\/?s={search_term_string}\"},\"query-input\":{\"@type\":\"PropertyValueSpecification\",\"valueRequired\":true,\"valueName\":\"search_term_string\"}}],\"inLanguage\":\"fr-FR\"},{\"@type\":\"Organization\",\"@id\":\"https:\/\/minhducfurniture.com\/fr\/#organization\",\"name\":\"Minh Duc Furniture\",\"alternateName\":\"Vietnam Furniture Export\",\"url\":\"https:\/\/minhducfurniture.com\/fr\/\",\"logo\":{\"@type\":\"ImageObject\",\"inLanguage\":\"fr-FR\",\"@id\":\"https:\/\/minhducfurniture.com\/fr\/#\/schema\/logo\/image\/\",\"url\":\"\",\"contentUrl\":\"\",\"caption\":\"Minh Duc Furniture\"},\"image\":{\"@id\":\"https:\/\/minhducfurniture.com\/fr\/#\/schema\/logo\/image\/\"},\"sameAs\":[\"https:\/\/www.pinterest.com\/hienthaoshop\/pins\/\"]}]}<\/script>\n<!-- \/ Yoast SEO plugin. -->","yoast_head_json":{"title":"Chaises de salle \u00e0 manger en plastique gris assise rembourr\u00e9e options de couleurs personnalis\u00e9es - Minh Duc Furniture","description":"Les chaises de salle \u00e0 manger en plastique gris sont con\u00e7ues pour les salles \u00e0 manger r\u00e9sidentielles et les environnements commerciaux, offrant durabilit\u00e9, confort et \u00e9l\u00e9gance moderne.","robots":{"index":"index","follow":"follow","max-snippet":"max-snippet:-1","max-image-preview":"max-image-preview:large","max-video-preview":"max-video-preview:-1"},"canonical":"https:\/\/minhducfurniture.com\/fr\/product\/chaises-de-salle-a-manger-en-plastique-gris-assise-rembourree-options-de-couleurs-personnalisees\/","og_locale":"fr_FR","og_type":"article","og_title":"Chaises de salle \u00e0 manger en plastique gris assise rembourr\u00e9e options de couleurs personnalis\u00e9es - Minh Duc Furniture","og_description":"Les chaises de salle \u00e0 manger en plastique gris sont con\u00e7ues pour les salles \u00e0 manger r\u00e9sidentielles et les environnements commerciaux, offrant durabilit\u00e9, confort et \u00e9l\u00e9gance moderne.","og_url":"https:\/\/minhducfurniture.com\/fr\/product\/chaises-de-salle-a-manger-en-plastique-gris-assise-rembourree-options-de-couleurs-personnalisees\/","og_site_name":"Minh Duc Furniture","article_modified_time":"2025-12-06T19:35:14+00:00","og_image":[{"width":650,"height":650,"url":"https:\/\/minhducfurniture.com\/wp-content\/uploads\/2025\/12\/Grey-plastic-dining-chairs.jpg","type":"image\/jpeg"}],"twitter_card":"summary_large_image","twitter_misc":{"Dur\u00e9e de lecture estim\u00e9e":"3 minutes"},"schema":{"@context":"https:\/\/schema.org","@graph":[{"@type":"WebPage","@id":"https:\/\/minhducfurniture.com\/fr\/product\/chaises-de-salle-a-manger-en-plastique-gris-assise-rembourree-options-de-couleurs-personnalisees\/","url":"https:\/\/minhducfurniture.com\/fr\/product\/chaises-de-salle-a-manger-en-plastique-gris-assise-rembourree-options-de-couleurs-personnalisees\/","name":"Chaises de salle \u00e0 manger en plastique gris assise rembourr\u00e9e options de couleurs personnalis\u00e9es - Minh Duc Furniture","isPartOf":{"@id":"https:\/\/minhducfurniture.com\/fr\/#website"},"primaryImageOfPage":{"@id":"https:\/\/minhducfurniture.com\/fr\/product\/chaises-de-salle-a-manger-en-plastique-gris-assise-rembourree-options-de-couleurs-personnalisees\/#primaryimage"},"image":{"@id":"https:\/\/minhducfurniture.com\/fr\/product\/chaises-de-salle-a-manger-en-plastique-gris-assise-rembourree-options-de-couleurs-personnalisees\/#primaryimage"},"thumbnailUrl":"https:\/\/minhducfurniture.com\/wp-content\/uploads\/2025\/12\/Grey-plastic-dining-chairs.jpg","datePublished":"2025-12-02T07:19:45+00:00","dateModified":"2025-12-06T19:35:14+00:00","description":"Les chaises de salle \u00e0 manger en plastique gris sont con\u00e7ues pour les salles \u00e0 manger r\u00e9sidentielles et les environnements commerciaux, offrant durabilit\u00e9, confort et \u00e9l\u00e9gance moderne.","breadcrumb":{"@id":"https:\/\/minhducfurniture.com\/fr\/product\/chaises-de-salle-a-manger-en-plastique-gris-assise-rembourree-options-de-couleurs-personnalisees\/#breadcrumb"},"inLanguage":"fr-FR","potentialAction":[{"@type":"ReadAction","target":["https:\/\/minhducfurniture.com\/fr\/product\/chaises-de-salle-a-manger-en-plastique-gris-assise-rembourree-options-de-couleurs-personnalisees\/"]}]},{"@type":"ImageObject","inLanguage":"fr-FR","@id":"https:\/\/minhducfurniture.com\/fr\/product\/chaises-de-salle-a-manger-en-plastique-gris-assise-rembourree-options-de-couleurs-personnalisees\/#primaryimage","url":"https:\/\/minhducfurniture.com\/wp-content\/uploads\/2025\/12\/Grey-plastic-dining-chairs.jpg","contentUrl":"https:\/\/minhducfurniture.com\/wp-content\/uploads\/2025\/12\/Grey-plastic-dining-chairs.jpg","width":650,"height":650,"caption":"Chaises de salle \u00e0 manger en plastique gris"},{"@type":"BreadcrumbList","@id":"https:\/\/minhducfurniture.com\/fr\/product\/chaises-de-salle-a-manger-en-plastique-gris-assise-rembourree-options-de-couleurs-personnalisees\/#breadcrumb","itemListElement":[{"@type":"ListItem","position":1,"name":"Home","item":"https:\/\/minhducfurniture.com\/fr\/"},{"@type":"ListItem","position":2,"name":"Shop","item":"https:\/\/minhducfurniture.com\/shop\/"},{"@type":"ListItem","position":3,"name":"Chaises de salle \u00e0 manger en plastique gris assise rembourr\u00e9e options de couleurs personnalis\u00e9es"}]},{"@type":"WebSite","@id":"https:\/\/minhducfurniture.com\/fr\/#website","url":"https:\/\/minhducfurniture.com\/fr\/","name":"Minh Duc Furniture","description":"Vietnam Furniture Supplier","publisher":{"@id":"https:\/\/minhducfurniture.com\/fr\/#organization"},"alternateName":"Vietnam Online Shop","potentialAction":[{"@type":"SearchAction","target":{"@type":"EntryPoint","urlTemplate":"https:\/\/minhducfurniture.com\/fr\/?s={search_term_string}"},"query-input":{"@type":"PropertyValueSpecification","valueRequired":true,"valueName":"search_term_string"}}],"inLanguage":"fr-FR"},{"@type":"Organization","@id":"https:\/\/minhducfurniture.com\/fr\/#organization","name":"Minh Duc Furniture","alternateName":"Vietnam Furniture Export","url":"https:\/\/minhducfurniture.com\/fr\/","logo":{"@type":"ImageObject","inLanguage":"fr-FR","@id":"https:\/\/minhducfurniture.com\/fr\/#\/schema\/logo\/image\/","url":"","contentUrl":"","caption":"Minh Duc Furniture"},"image":{"@id":"https:\/\/minhducfurniture.com\/fr\/#\/schema\/logo\/image\/"},"sameAs":["https:\/\/www.pinterest.com\/hienthaoshop\/pins\/"]}]}},"_links":{"self":[{"href":"https:\/\/minhducfurniture.com\/fr\/wp-json\/wp\/v2\/product\/54695","targetHints":{"allow":["GET"]}}],"collection":[{"href":"https:\/\/minhducfurniture.com\/fr\/wp-json\/wp\/v2\/product"}],"about":[{"href":"https:\/\/minhducfurniture.com\/fr\/wp-json\/wp\/v2\/types\/product"}],"replies":[{"embeddable":true,"href":"https:\/\/minhducfurniture.com\/fr\/wp-json\/wp\/v2\/comments?post=54695"}],"wp:featuredmedia":[{"embeddable":true,"href":"https:\/\/minhducfurniture.com\/fr\/wp-json\/wp\/v2\/media\/54667"}],"wp:attachment":[{"href":"https:\/\/minhducfurniture.com\/fr\/wp-json\/wp\/v2\/media?parent=54695"}],"wp:term":[{"taxonomy":"product_brand","embeddable":true,"href":"https:\/\/minhducfurniture.com\/fr\/wp-json\/wp\/v2\/product_brand?post=54695"},{"taxonomy":"product_cat","embeddable":true,"href":"https:\/\/minhducfurniture.com\/fr\/wp-json\/wp\/v2\/product_cat?post=54695"},{"taxonomy":"product_tag","embeddable":true,"href":"https:\/\/minhducfurniture.com\/fr\/wp-json\/wp\/v2\/product_tag?post=54695"}],"curies":[{"name":"wp","href":"https:\/\/api.w.org\/{rel}","templated":true}]}}