{"id":54678,"date":"2025-11-27T15:22:39","date_gmt":"2025-11-27T08:22:39","guid":{"rendered":"https:\/\/minhducfurniture.com\/product\/chaises-de-bar-en-plastique-au-design-elegant-et-confortable\/"},"modified":"2025-12-07T02:23:53","modified_gmt":"2025-12-06T19:23:53","slug":"chaises-de-bar-en-plastique-au-design-elegant-et-confortable","status":"publish","type":"product","link":"https:\/\/minhducfurniture.com\/fr\/product\/chaises-de-bar-en-plastique-au-design-elegant-et-confortable\/","title":{"rendered":"Chaises de bar en plastique au design \u00e9l\u00e9gant et confortable"},"content":{"rendered":"<h2><span style=\"font-size: 90%;\">Chaises de bar en plastique avec hauteur r\u00e9glable &#8211; si\u00e8ge en PP et base m\u00e9tallique pivotante<\/span><\/h2>\n<p>D\u00e9couvrez des <strong>chaises de bar en plastique<\/strong> durable, dot\u00e9es d&rsquo;une assise en PP brillant, d&rsquo;une base m\u00e9tallique pivotante robuste et d&rsquo;une hauteur r\u00e9glable pour un confort ergonomique.<br data-start=\"310\" data-end=\"313\">La surface lisse en PP r\u00e9siste \u00e0 l&rsquo;humidit\u00e9, aux rayures et aux taches, ce qui la rend id\u00e9ale pour les environnements \u00e0 rythme soutenu tels que les caf\u00e9s, les snack-bars et les \u00eelots de cuisine.<br data-start=\"473\" data-end=\"476\">Un repose-pieds int\u00e9gr\u00e9 ajoute un confort suppl\u00e9mentaire lorsque vous vous asseyez \u00e0 des tables de comptoir plus hautes.\t<div id=\"gap-914732012\" class=\"gap-element clearfix\" style=\"display:block; height:auto;\">\n\t\t\n<style>\n#gap-914732012 {\n  padding-top: 15px;\n}\n<\/style>\n\t<\/div>\n\t\n<figure id=\"attachment_54471\" aria-describedby=\"caption-attachment-54471\" style=\"width: 850px\" class=\"wp-caption aligncenter\"><img decoding=\"async\" class=\"size-full wp-image-54363\" src=\"https:\/\/minhducfurniture.com\/wp-content\/uploads\/2025\/11\/Plastic-bar-chairs-with-swivel-metal-base.jpg\" alt=\"Chaises de bar en plastique avec base m\u00e9tallique pivotante\" width=\"850\" height=\"648\" srcset=\"https:\/\/minhducfurniture.com\/wp-content\/uploads\/2025\/11\/Plastic-bar-chairs-with-swivel-metal-base.jpg 850w, https:\/\/minhducfurniture.com\/wp-content\/uploads\/2025\/11\/Plastic-bar-chairs-with-swivel-metal-base-525x400.jpg 525w, https:\/\/minhducfurniture.com\/wp-content\/uploads\/2025\/11\/Plastic-bar-chairs-with-swivel-metal-base-768x585.jpg 768w, https:\/\/minhducfurniture.com\/wp-content\/uploads\/2025\/11\/Plastic-bar-chairs-with-swivel-metal-base-510x389.jpg 510w\" sizes=\"(max-width: 850px) 100vw, 850px\" \/><figcaption id=\"caption-attachment-54471\" class=\"wp-caption-text\">Chaises de bar en plastique avec base m\u00e9tallique pivotante<\/figcaption><\/figure>\n<h3>Caract\u00e9ristiques principales du produit<\/h3>\n<ul>\n<li data-start=\"432\" data-end=\"488\">Si\u00e8ge en plastique PP de premi\u00e8re qualit\u00e9 : lisse, brillant, facile \u00e0 nettoyer.<\/li>\n<li data-start=\"491\" data-end=\"546\">Base pivotante en m\u00e9tal avec finition chrom\u00e9e : stable et moderne<\/li>\n<li data-start=\"549\" data-end=\"599\">Hauteur r\u00e9glable pour des positions assises flexibles<\/li>\n<li data-start=\"602\" data-end=\"655\">L\u00e9ger mais durable pour une utilisation commerciale ou domestique<\/li>\n<li data-start=\"658\" data-end=\"708\">Des options de couleurs vives pour s&rsquo;adapter \u00e0 tous les styles d&rsquo;int\u00e9rieur<\/li>\n<\/ul>\n<figure id=\"attachment_54472\" aria-describedby=\"caption-attachment-54472\" style=\"width: 850px\" class=\"wp-caption aligncenter\"><img decoding=\"async\" class=\"size-full wp-image-54364\" src=\"https:\/\/minhducfurniture.com\/wp-content\/uploads\/2025\/11\/Plastic-bar-chairs-for-kitchen-islands.jpg\" alt=\"Chaises de bar en plastique pour \u00eelots de cuisine\" width=\"850\" height=\"547\" srcset=\"https:\/\/minhducfurniture.com\/wp-content\/uploads\/2025\/11\/Plastic-bar-chairs-for-kitchen-islands.jpg 850w, https:\/\/minhducfurniture.com\/wp-content\/uploads\/2025\/11\/Plastic-bar-chairs-for-kitchen-islands-622x400.jpg 622w, https:\/\/minhducfurniture.com\/wp-content\/uploads\/2025\/11\/Plastic-bar-chairs-for-kitchen-islands-768x494.jpg 768w, https:\/\/minhducfurniture.com\/wp-content\/uploads\/2025\/11\/Plastic-bar-chairs-for-kitchen-islands-510x328.jpg 510w\" sizes=\"(max-width: 850px) 100vw, 850px\" \/><figcaption id=\"caption-attachment-54472\" class=\"wp-caption-text\">Chaises de bar en plastique pour \u00eelots de cuisine<\/figcaption><\/figure>\n<h3>Description du produit<\/h3>\n<ul>\n<li>Code produit : MDS-1154<\/li>\n<li>Hauteur d&rsquo;assise : 600 mm &#8211; 720 mm<\/li>\n<li>Base pivotante en m\u00e9tal avec finition chrom\u00e9e : stable et moderne.<\/li>\n<li>Panneau de si\u00e8ge rond en polypropyl\u00e8ne avec couleur et design personnalis\u00e9s selon les exigences du client.<\/li>\n<li>Poids de chargement : 120kg\/ 264.5lbs<\/li>\n<li>Origine du produit : Vietnam<\/li>\n<\/ul>\n<figure id=\"attachment_54473\" aria-describedby=\"caption-attachment-54473\" style=\"width: 850px\" class=\"wp-caption aligncenter\"><img decoding=\"async\" class=\"wp-image-54365 size-full\" src=\"https:\/\/minhducfurniture.com\/wp-content\/uploads\/2025\/11\/Actual-photos-of-plastic-bar-chairs.jpg\" alt=\"Photo actuelle des chaises de bar en plastique\" width=\"850\" height=\"543\" srcset=\"https:\/\/minhducfurniture.com\/wp-content\/uploads\/2025\/11\/Actual-photos-of-plastic-bar-chairs.jpg 850w, https:\/\/minhducfurniture.com\/wp-content\/uploads\/2025\/11\/Actual-photos-of-plastic-bar-chairs-626x400.jpg 626w, https:\/\/minhducfurniture.com\/wp-content\/uploads\/2025\/11\/Actual-photos-of-plastic-bar-chairs-768x491.jpg 768w, https:\/\/minhducfurniture.com\/wp-content\/uploads\/2025\/11\/Actual-photos-of-plastic-bar-chairs-510x326.jpg 510w\" sizes=\"(max-width: 850px) 100vw, 850px\" \/><figcaption id=\"caption-attachment-54473\" class=\"wp-caption-text\">Photo actuelle des chaises de bar en plastique<\/figcaption><\/figure>\n<h4>Informations sur les commandes<\/h4>\n<ul>\n<li>Quantit\u00e9 minimale de commande (MOQ) : 50 pi\u00e8ces<\/li>\n<li>D\u00e9lai de livraison : 30-35 jours apr\u00e8s le d\u00e9p\u00f4t<\/li>\n<li>D\u00e9lai de livraison : FOB port de Hai Phong, Vietnam<\/li>\n<li>Modalit\u00e9s de paiement : T\/T 30% de d\u00e9p\u00f4t, 70% de solde avant l&rsquo;exp\u00e9dition<\/li>\n<li>Si vous avez une conception personnalis\u00e9e et que vous avez besoin d&rsquo;une production de masse, veuillez nous contacter pour obtenir de l&rsquo;aide.<\/li>\n<\/ul>\n<figure id=\"attachment_54474\" aria-describedby=\"caption-attachment-54474\" style=\"width: 850px\" class=\"wp-caption aligncenter\"><img decoding=\"async\" class=\"size-full wp-image-54366\" src=\"https:\/\/minhducfurniture.com\/wp-content\/uploads\/2025\/11\/Other-plastic-bar-chairs.jpg\" alt=\"Autres chaises de bar en plastique\" width=\"850\" height=\"528\" srcset=\"https:\/\/minhducfurniture.com\/wp-content\/uploads\/2025\/11\/Other-plastic-bar-chairs.jpg 850w, https:\/\/minhducfurniture.com\/wp-content\/uploads\/2025\/11\/Other-plastic-bar-chairs-644x400.jpg 644w, https:\/\/minhducfurniture.com\/wp-content\/uploads\/2025\/11\/Other-plastic-bar-chairs-768x477.jpg 768w, https:\/\/minhducfurniture.com\/wp-content\/uploads\/2025\/11\/Other-plastic-bar-chairs-510x317.jpg 510w\" sizes=\"(max-width: 850px) 100vw, 850px\" \/><figcaption id=\"caption-attachment-54474\" class=\"wp-caption-text\">Autres chaises de bar en plastique<\/figcaption><\/figure>\n<h4>Informations sur le contact<\/h4>\n<ul>\n<li>Minh Duc Public Furniture Co.<\/li>\n<li>Adresse : Villa H02-L11 An Phu, Duong Noi, Ha Dong, Hanoi, Vietnam<\/li>\n<li>Phone\/WhatsApp\/Zalo : +84 908 314 939<\/li>\n<\/ul>\n<p>Plus de nos collections<\/p>\n<ul>\n<li><a href=\"https:\/\/minhducfurniture.com\/fr\/product\/fauteuil-a-structure-metallique-noire-fauteuil-a-structure-metallique-pour-lexportation\/\"><span style=\"color: #008080;\">Fauteuil \u00e0 structure m\u00e9tallique noire Fauteuil \u00e0 structure m\u00e9tallique pour l&rsquo;exportation<\/span><\/a><\/li>\n<li><span style=\"color: #008080;\"><a style=\"color: #008080;\" href=\"https:\/\/minhducfurniture.com\/fr\/product\/tabourets-de-bar-en-plastique-avec-dossier-pour-ilots-de-cuisine-cafes-et-bars\/\">Tabourets de bar en plastique avec dossier pour \u00eelots de cuisine, caf\u00e9s et bars<\/a><\/span><\/li>\n<\/ul>\n<div class=\"social-icons share-icons share-row relative\" ><a href=\"whatsapp:\/\/send?text=Chaises%20de%20bar%20en%20plastique%20au%20design%20%C3%A9l%C3%A9gant%20et%20confortable - https:\/\/minhducfurniture.com\/fr\/product\/chaises-de-bar-en-plastique-au-design-elegant-et-confortable\/\" data-action=\"share\/whatsapp\/share\" class=\"icon primary button round tooltip whatsapp show-for-medium\" title=\"Partager sur WhatsApp\" aria-label=\"Partager sur WhatsApp\"><i class=\"icon-whatsapp\" aria-hidden=\"true\"><\/i><\/a><a href=\"https:\/\/www.facebook.com\/sharer.php?u=https:\/\/minhducfurniture.com\/fr\/product\/chaises-de-bar-en-plastique-au-design-elegant-et-confortable\/\" data-label=\"Facebook\" onclick=\"window.open(this.href,this.title,'width=500,height=500,top=300px,left=300px'); return false;\" target=\"_blank\" class=\"icon primary button round tooltip facebook\" title=\"Partager sur Facebook\" aria-label=\"Partager sur Facebook\" rel=\"noopener nofollow\"><i class=\"icon-facebook\" aria-hidden=\"true\"><\/i><\/a><a href=\"https:\/\/twitter.com\/share?url=https:\/\/minhducfurniture.com\/fr\/product\/chaises-de-bar-en-plastique-au-design-elegant-et-confortable\/\" onclick=\"window.open(this.href,this.title,'width=500,height=500,top=300px,left=300px'); return false;\" target=\"_blank\" class=\"icon primary button round tooltip twitter\" title=\"Partager sur Twitter\" aria-label=\"Partager sur Twitter\" rel=\"noopener nofollow\"><i class=\"icon-twitter\" aria-hidden=\"true\"><\/i><\/a><a href=\"mailto:?subject=Chaises%20de%20bar%20en%20plastique%20au%20design%20%C3%A9l%C3%A9gant%20et%20confortable&body=Regarde%20%C3%A7a%3A%20https%3A%2F%2Fminhducfurniture.com%2Ffr%2Fproduct%2Fchaises-de-bar-en-plastique-au-design-elegant-et-confortable%2F\" class=\"icon primary button round tooltip email\" title=\"Envoyer par mail\" aria-label=\"Envoyer par mail\" rel=\"nofollow\"><i class=\"icon-envelop\" aria-hidden=\"true\"><\/i><\/a><a href=\"https:\/\/pinterest.com\/pin\/create\/button?url=https:\/\/minhducfurniture.com\/fr\/product\/chaises-de-bar-en-plastique-au-design-elegant-et-confortable\/&media=https:\/\/minhducfurniture.com\/wp-content\/uploads\/2025\/11\/Plastic-bar-chairs-01.jpg&description=Chaises%20de%20bar%20en%20plastique%20au%20design%20%C3%A9l%C3%A9gant%20et%20confortable\" onclick=\"window.open(this.href,this.title,'width=500,height=500,top=300px,left=300px'); return false;\" target=\"_blank\" class=\"icon primary button round tooltip pinterest\" title=\"Epingler sur Pinterest\" aria-label=\"Epingler sur Pinterest\" rel=\"noopener nofollow\"><i class=\"icon-pinterest\" aria-hidden=\"true\"><\/i><\/a><a href=\"https:\/\/www.linkedin.com\/shareArticle?mini=true&url=https:\/\/minhducfurniture.com\/fr\/product\/chaises-de-bar-en-plastique-au-design-elegant-et-confortable\/&title=Chaises%20de%20bar%20en%20plastique%20au%20design%20%C3%A9l%C3%A9gant%20et%20confortable\" onclick=\"window.open(this.href,this.title,'width=500,height=500,top=300px,left=300px'); return false;\" target=\"_blank\" class=\"icon primary button round tooltip linkedin\" title=\"Partager sur LinkedIn\" aria-label=\"Partager sur LinkedIn\" rel=\"noopener nofollow\"><i class=\"icon-linkedin\" aria-hidden=\"true\"><\/i><\/a><\/div>\n","protected":false},"excerpt":{"rendered":"<ul>\n<li>Code produit : MDS-1154<\/li>\n<li>Hauteur d&rsquo;assise : 600 mm &#8211; 720 mm<\/li>\n<li>Base pivotante en m\u00e9tal avec finition chrom\u00e9e : stable et moderne.<\/li>\n<li>Panneau de si\u00e8ge rond en polypropyl\u00e8ne avec couleur et design personnalis\u00e9s selon les exigences du client.<\/li>\n<li>Poids de chargement : 120kg\/ 264.5lbs<\/li>\n<li>Origine du produit : Vietnam<\/li>\n<li>Ligne directe\/ WhatsApp : +84 908 314 939<\/li>\n<\/ul>\n","protected":false},"featured_media":54692,"comment_status":"open","ping_status":"closed","template":"","meta":[],"product_brand":[],"product_cat":[13060],"product_tag":[13061],"class_list":{"0":"post-54678","1":"product","2":"type-product","3":"status-publish","4":"has-post-thumbnail","6":"product_cat-chaises-en-plastique","7":"product_tag-chaises-dexterieur","9":"first","10":"instock","11":"shipping-taxable","12":"product-type-simple"},"yoast_head":"<!-- This site is optimized with the Yoast SEO plugin v27.0 - https:\/\/yoast.com\/product\/yoast-seo-wordpress\/ -->\n<title>Chaises de bar en plastique au design \u00e9l\u00e9gant et confortable - Minh Duc Furniture<\/title>\n<meta name=\"description\" content=\"D\u00e9couvrez des chaises de bar en plastique durable, dot\u00e9es d&#039;une assise en PP brillant, d&#039;une base m\u00e9tallique pivotante robuste et d&#039;une hauteur r\u00e9glable pour un confort ergonomique.\" \/>\n<meta name=\"robots\" content=\"index, follow, max-snippet:-1, max-image-preview:large, max-video-preview:-1\" \/>\n<link rel=\"canonical\" href=\"https:\/\/minhducfurniture.com\/fr\/product\/chaises-de-bar-en-plastique-au-design-elegant-et-confortable\/\" \/>\n<meta property=\"og:locale\" content=\"fr_FR\" \/>\n<meta property=\"og:type\" content=\"article\" \/>\n<meta property=\"og:title\" content=\"Chaises de bar en plastique au design \u00e9l\u00e9gant et confortable - Minh Duc Furniture\" \/>\n<meta property=\"og:description\" content=\"D\u00e9couvrez des chaises de bar en plastique durable, dot\u00e9es d&#039;une assise en PP brillant, d&#039;une base m\u00e9tallique pivotante robuste et d&#039;une hauteur r\u00e9glable pour un confort ergonomique.\" \/>\n<meta property=\"og:url\" content=\"https:\/\/minhducfurniture.com\/fr\/product\/chaises-de-bar-en-plastique-au-design-elegant-et-confortable\/\" \/>\n<meta property=\"og:site_name\" content=\"Minh Duc Furniture\" \/>\n<meta property=\"article:modified_time\" content=\"2025-12-06T19:23:53+00:00\" \/>\n<meta property=\"og:image\" content=\"https:\/\/minhducfurniture.com\/wp-content\/uploads\/2025\/11\/Plastic-bar-chairs-01.jpg\" \/>\n\t<meta property=\"og:image:width\" content=\"750\" \/>\n\t<meta property=\"og:image:height\" content=\"750\" \/>\n\t<meta property=\"og:image:type\" content=\"image\/jpeg\" \/>\n<meta name=\"twitter:card\" content=\"summary_large_image\" \/>\n<meta name=\"twitter:label1\" content=\"Dur\u00e9e de lecture estim\u00e9e\" \/>\n\t<meta name=\"twitter:data1\" content=\"2 minutes\" \/>\n<script type=\"application\/ld+json\" class=\"yoast-schema-graph\">{\"@context\":\"https:\/\/schema.org\",\"@graph\":[{\"@type\":\"WebPage\",\"@id\":\"https:\/\/minhducfurniture.com\/fr\/product\/chaises-de-bar-en-plastique-au-design-elegant-et-confortable\/\",\"url\":\"https:\/\/minhducfurniture.com\/fr\/product\/chaises-de-bar-en-plastique-au-design-elegant-et-confortable\/\",\"name\":\"Chaises de bar en plastique au design \u00e9l\u00e9gant et confortable - Minh Duc Furniture\",\"isPartOf\":{\"@id\":\"https:\/\/minhducfurniture.com\/fr\/#website\"},\"primaryImageOfPage\":{\"@id\":\"https:\/\/minhducfurniture.com\/fr\/product\/chaises-de-bar-en-plastique-au-design-elegant-et-confortable\/#primaryimage\"},\"image\":{\"@id\":\"https:\/\/minhducfurniture.com\/fr\/product\/chaises-de-bar-en-plastique-au-design-elegant-et-confortable\/#primaryimage\"},\"thumbnailUrl\":\"https:\/\/minhducfurniture.com\/wp-content\/uploads\/2025\/11\/Plastic-bar-chairs-01.jpg\",\"datePublished\":\"2025-11-27T08:22:39+00:00\",\"dateModified\":\"2025-12-06T19:23:53+00:00\",\"description\":\"D\u00e9couvrez des chaises de bar en plastique durable, dot\u00e9es d'une assise en PP brillant, d'une base m\u00e9tallique pivotante robuste et d'une hauteur r\u00e9glable pour un confort ergonomique.\",\"breadcrumb\":{\"@id\":\"https:\/\/minhducfurniture.com\/fr\/product\/chaises-de-bar-en-plastique-au-design-elegant-et-confortable\/#breadcrumb\"},\"inLanguage\":\"fr-FR\",\"potentialAction\":[{\"@type\":\"ReadAction\",\"target\":[\"https:\/\/minhducfurniture.com\/fr\/product\/chaises-de-bar-en-plastique-au-design-elegant-et-confortable\/\"]}]},{\"@type\":\"ImageObject\",\"inLanguage\":\"fr-FR\",\"@id\":\"https:\/\/minhducfurniture.com\/fr\/product\/chaises-de-bar-en-plastique-au-design-elegant-et-confortable\/#primaryimage\",\"url\":\"https:\/\/minhducfurniture.com\/wp-content\/uploads\/2025\/11\/Plastic-bar-chairs-01.jpg\",\"contentUrl\":\"https:\/\/minhducfurniture.com\/wp-content\/uploads\/2025\/11\/Plastic-bar-chairs-01.jpg\",\"width\":750,\"height\":750,\"caption\":\"Chaises de bar en plastique 01\"},{\"@type\":\"BreadcrumbList\",\"@id\":\"https:\/\/minhducfurniture.com\/fr\/product\/chaises-de-bar-en-plastique-au-design-elegant-et-confortable\/#breadcrumb\",\"itemListElement\":[{\"@type\":\"ListItem\",\"position\":1,\"name\":\"Home\",\"item\":\"https:\/\/minhducfurniture.com\/fr\/\"},{\"@type\":\"ListItem\",\"position\":2,\"name\":\"Shop\",\"item\":\"https:\/\/minhducfurniture.com\/shop\/\"},{\"@type\":\"ListItem\",\"position\":3,\"name\":\"Chaises de bar en plastique au design \u00e9l\u00e9gant et confortable\"}]},{\"@type\":\"WebSite\",\"@id\":\"https:\/\/minhducfurniture.com\/fr\/#website\",\"url\":\"https:\/\/minhducfurniture.com\/fr\/\",\"name\":\"Minh Duc Furniture\",\"description\":\"Vietnam Furniture Supplier\",\"publisher\":{\"@id\":\"https:\/\/minhducfurniture.com\/fr\/#organization\"},\"alternateName\":\"Vietnam Online Shop\",\"potentialAction\":[{\"@type\":\"SearchAction\",\"target\":{\"@type\":\"EntryPoint\",\"urlTemplate\":\"https:\/\/minhducfurniture.com\/fr\/?s={search_term_string}\"},\"query-input\":{\"@type\":\"PropertyValueSpecification\",\"valueRequired\":true,\"valueName\":\"search_term_string\"}}],\"inLanguage\":\"fr-FR\"},{\"@type\":\"Organization\",\"@id\":\"https:\/\/minhducfurniture.com\/fr\/#organization\",\"name\":\"Minh Duc Furniture\",\"alternateName\":\"Vietnam Furniture Export\",\"url\":\"https:\/\/minhducfurniture.com\/fr\/\",\"logo\":{\"@type\":\"ImageObject\",\"inLanguage\":\"fr-FR\",\"@id\":\"https:\/\/minhducfurniture.com\/fr\/#\/schema\/logo\/image\/\",\"url\":\"\",\"contentUrl\":\"\",\"caption\":\"Minh Duc Furniture\"},\"image\":{\"@id\":\"https:\/\/minhducfurniture.com\/fr\/#\/schema\/logo\/image\/\"},\"sameAs\":[\"https:\/\/www.pinterest.com\/hienthaoshop\/pins\/\"]}]}<\/script>\n<!-- \/ Yoast SEO plugin. -->","yoast_head_json":{"title":"Chaises de bar en plastique au design \u00e9l\u00e9gant et confortable - Minh Duc Furniture","description":"D\u00e9couvrez des chaises de bar en plastique durable, dot\u00e9es d'une assise en PP brillant, d'une base m\u00e9tallique pivotante robuste et d'une hauteur r\u00e9glable pour un confort ergonomique.","robots":{"index":"index","follow":"follow","max-snippet":"max-snippet:-1","max-image-preview":"max-image-preview:large","max-video-preview":"max-video-preview:-1"},"canonical":"https:\/\/minhducfurniture.com\/fr\/product\/chaises-de-bar-en-plastique-au-design-elegant-et-confortable\/","og_locale":"fr_FR","og_type":"article","og_title":"Chaises de bar en plastique au design \u00e9l\u00e9gant et confortable - Minh Duc Furniture","og_description":"D\u00e9couvrez des chaises de bar en plastique durable, dot\u00e9es d'une assise en PP brillant, d'une base m\u00e9tallique pivotante robuste et d'une hauteur r\u00e9glable pour un confort ergonomique.","og_url":"https:\/\/minhducfurniture.com\/fr\/product\/chaises-de-bar-en-plastique-au-design-elegant-et-confortable\/","og_site_name":"Minh Duc Furniture","article_modified_time":"2025-12-06T19:23:53+00:00","og_image":[{"width":750,"height":750,"url":"https:\/\/minhducfurniture.com\/wp-content\/uploads\/2025\/11\/Plastic-bar-chairs-01.jpg","type":"image\/jpeg"}],"twitter_card":"summary_large_image","twitter_misc":{"Dur\u00e9e de lecture estim\u00e9e":"2 minutes"},"schema":{"@context":"https:\/\/schema.org","@graph":[{"@type":"WebPage","@id":"https:\/\/minhducfurniture.com\/fr\/product\/chaises-de-bar-en-plastique-au-design-elegant-et-confortable\/","url":"https:\/\/minhducfurniture.com\/fr\/product\/chaises-de-bar-en-plastique-au-design-elegant-et-confortable\/","name":"Chaises de bar en plastique au design \u00e9l\u00e9gant et confortable - Minh Duc Furniture","isPartOf":{"@id":"https:\/\/minhducfurniture.com\/fr\/#website"},"primaryImageOfPage":{"@id":"https:\/\/minhducfurniture.com\/fr\/product\/chaises-de-bar-en-plastique-au-design-elegant-et-confortable\/#primaryimage"},"image":{"@id":"https:\/\/minhducfurniture.com\/fr\/product\/chaises-de-bar-en-plastique-au-design-elegant-et-confortable\/#primaryimage"},"thumbnailUrl":"https:\/\/minhducfurniture.com\/wp-content\/uploads\/2025\/11\/Plastic-bar-chairs-01.jpg","datePublished":"2025-11-27T08:22:39+00:00","dateModified":"2025-12-06T19:23:53+00:00","description":"D\u00e9couvrez des chaises de bar en plastique durable, dot\u00e9es d'une assise en PP brillant, d'une base m\u00e9tallique pivotante robuste et d'une hauteur r\u00e9glable pour un confort ergonomique.","breadcrumb":{"@id":"https:\/\/minhducfurniture.com\/fr\/product\/chaises-de-bar-en-plastique-au-design-elegant-et-confortable\/#breadcrumb"},"inLanguage":"fr-FR","potentialAction":[{"@type":"ReadAction","target":["https:\/\/minhducfurniture.com\/fr\/product\/chaises-de-bar-en-plastique-au-design-elegant-et-confortable\/"]}]},{"@type":"ImageObject","inLanguage":"fr-FR","@id":"https:\/\/minhducfurniture.com\/fr\/product\/chaises-de-bar-en-plastique-au-design-elegant-et-confortable\/#primaryimage","url":"https:\/\/minhducfurniture.com\/wp-content\/uploads\/2025\/11\/Plastic-bar-chairs-01.jpg","contentUrl":"https:\/\/minhducfurniture.com\/wp-content\/uploads\/2025\/11\/Plastic-bar-chairs-01.jpg","width":750,"height":750,"caption":"Chaises de bar en plastique 01"},{"@type":"BreadcrumbList","@id":"https:\/\/minhducfurniture.com\/fr\/product\/chaises-de-bar-en-plastique-au-design-elegant-et-confortable\/#breadcrumb","itemListElement":[{"@type":"ListItem","position":1,"name":"Home","item":"https:\/\/minhducfurniture.com\/fr\/"},{"@type":"ListItem","position":2,"name":"Shop","item":"https:\/\/minhducfurniture.com\/shop\/"},{"@type":"ListItem","position":3,"name":"Chaises de bar en plastique au design \u00e9l\u00e9gant et confortable"}]},{"@type":"WebSite","@id":"https:\/\/minhducfurniture.com\/fr\/#website","url":"https:\/\/minhducfurniture.com\/fr\/","name":"Minh Duc Furniture","description":"Vietnam Furniture Supplier","publisher":{"@id":"https:\/\/minhducfurniture.com\/fr\/#organization"},"alternateName":"Vietnam Online Shop","potentialAction":[{"@type":"SearchAction","target":{"@type":"EntryPoint","urlTemplate":"https:\/\/minhducfurniture.com\/fr\/?s={search_term_string}"},"query-input":{"@type":"PropertyValueSpecification","valueRequired":true,"valueName":"search_term_string"}}],"inLanguage":"fr-FR"},{"@type":"Organization","@id":"https:\/\/minhducfurniture.com\/fr\/#organization","name":"Minh Duc Furniture","alternateName":"Vietnam Furniture Export","url":"https:\/\/minhducfurniture.com\/fr\/","logo":{"@type":"ImageObject","inLanguage":"fr-FR","@id":"https:\/\/minhducfurniture.com\/fr\/#\/schema\/logo\/image\/","url":"","contentUrl":"","caption":"Minh Duc Furniture"},"image":{"@id":"https:\/\/minhducfurniture.com\/fr\/#\/schema\/logo\/image\/"},"sameAs":["https:\/\/www.pinterest.com\/hienthaoshop\/pins\/"]}]}},"_links":{"self":[{"href":"https:\/\/minhducfurniture.com\/fr\/wp-json\/wp\/v2\/product\/54678","targetHints":{"allow":["GET"]}}],"collection":[{"href":"https:\/\/minhducfurniture.com\/fr\/wp-json\/wp\/v2\/product"}],"about":[{"href":"https:\/\/minhducfurniture.com\/fr\/wp-json\/wp\/v2\/types\/product"}],"replies":[{"embeddable":true,"href":"https:\/\/minhducfurniture.com\/fr\/wp-json\/wp\/v2\/comments?post=54678"}],"wp:featuredmedia":[{"embeddable":true,"href":"https:\/\/minhducfurniture.com\/fr\/wp-json\/wp\/v2\/media\/54692"}],"wp:attachment":[{"href":"https:\/\/minhducfurniture.com\/fr\/wp-json\/wp\/v2\/media?parent=54678"}],"wp:term":[{"taxonomy":"product_brand","embeddable":true,"href":"https:\/\/minhducfurniture.com\/fr\/wp-json\/wp\/v2\/product_brand?post=54678"},{"taxonomy":"product_cat","embeddable":true,"href":"https:\/\/minhducfurniture.com\/fr\/wp-json\/wp\/v2\/product_cat?post=54678"},{"taxonomy":"product_tag","embeddable":true,"href":"https:\/\/minhducfurniture.com\/fr\/wp-json\/wp\/v2\/product_tag?post=54678"}],"curies":[{"name":"wp","href":"https:\/\/api.w.org\/{rel}","templated":true}]}}