{"id":54318,"date":"2025-11-25T13:55:33","date_gmt":"2025-11-25T06:55:33","guid":{"rendered":"https:\/\/minhducfurniture.com\/product\/chaises-empilables-bleues-tabourets-pp-avec-plusieurs-options-de-couleur\/"},"modified":"2025-11-27T12:38:34","modified_gmt":"2025-11-27T05:38:34","slug":"chaises-empilables-bleues-tabourets-pp-avec-plusieurs-options-de-couleur","status":"publish","type":"product","link":"https:\/\/minhducfurniture.com\/fr\/product\/chaises-empilables-bleues-tabourets-pp-avec-plusieurs-options-de-couleur\/","title":{"rendered":"Chaises empilables bleues Tabourets PP avec plusieurs options de couleur"},"content":{"rendered":"<h2><span style=\"font-size: 90%\">Chaises empilables bleues &#8211; Tabourets empilables durables en PP avec plusieurs options de couleur<\/span><\/h2>\n<div>Les <strong>chaises empilables bleues<\/strong> en PP (polypropyl\u00e8ne) sont la solution id\u00e9ale si vous recherchez des si\u00e8ges l\u00e9gers, durables et peu encombrants pour les salles de classe, les studios, les caf\u00e9s ou la maison. Ces tabourets empilables sont non seulement tr\u00e8s pratiques, mais ils apportent \u00e9galement une touche de fra\u00eecheur et de modernit\u00e9 \u00e0 n&rsquo;importe quel espace. <\/div>\n<div>Avec une vari\u00e9t\u00e9 de couleurs vibrantes, cette gamme de chaises empilables PP vous offre la flexibilit\u00e9 de choisir celle qui convient le mieux \u00e0 votre design int\u00e9rieur ou \u00e0 l&rsquo;identit\u00e9 de votre marque.\t<div id=\"gap-846971651\" class=\"gap-element clearfix\" style=\"display:block; height:auto;\">\n\t\t\n<style>\n#gap-846971651 {\n  padding-top: 15px;\n}\n<\/style>\n\t<\/div>\n\t<\/div>\n<div><\/div>\n<div>\n<figure id=\"attachment_54313\" aria-describedby=\"caption-attachment-54313\" style=\"width: 850px\" class=\"wp-caption aligncenter\"><img decoding=\"async\" class=\"size-full wp-image-54180\" src=\"https:\/\/minhducfurniture.com\/wp-content\/uploads\/2025\/11\/Blue-stacking-chairs-in-art-room.jpg\" alt=\"Chaises empilables bleues dans la salle d'art\" width=\"850\" height=\"620\" srcset=\"https:\/\/minhducfurniture.com\/wp-content\/uploads\/2025\/11\/Blue-stacking-chairs-in-art-room.jpg 850w, https:\/\/minhducfurniture.com\/wp-content\/uploads\/2025\/11\/Blue-stacking-chairs-in-art-room-548x400.jpg 548w, https:\/\/minhducfurniture.com\/wp-content\/uploads\/2025\/11\/Blue-stacking-chairs-in-art-room-768x560.jpg 768w, https:\/\/minhducfurniture.com\/wp-content\/uploads\/2025\/11\/Blue-stacking-chairs-in-art-room-510x372.jpg 510w\" sizes=\"(max-width: 850px) 100vw, 850px\" \/><figcaption id=\"caption-attachment-54313\" class=\"wp-caption-text\">Chaises empilables bleues dans la salle d&rsquo;art<\/figcaption><\/figure>\n<\/div>\n<h3>Caract\u00e9ristiques principales du produit<\/h3>\n<ul>\n<li data-start=\"98\" data-end=\"164\">Mat\u00e9riau PP de premi\u00e8re qualit\u00e9 &#8211; durable, l\u00e9ger, r\u00e9sistant aux chocs<\/li>\n<li data-start=\"98\" data-end=\"164\">Conception empilable &#8211; \u00e9conomise de l&rsquo;espace, facile \u00e0 ranger<\/li>\n<li data-start=\"98\" data-end=\"164\">Options de couleurs multiples &#8211; bleu + de nombreuses couleurs vives<\/li>\n<li data-start=\"281\" data-end=\"337\">Hauteur de s\u00e9curit\u00e9 ~450mm &#8211; convient aux \u00e9tudiants et aux adolescents<\/li>\n<li>Bords arrondis et lisses &#8211; aspect s\u00fbr et moderne<\/li>\n<li>Facile \u00e0 nettoyer &#8211; r\u00e9sistant \u00e0 l&rsquo;eau et aux UV<\/li>\n<li>Base stable &#8211; structure antid\u00e9rapante et robuste<\/li>\n<\/ul>\n<figure id=\"attachment_54314\" aria-describedby=\"caption-attachment-54314\" style=\"width: 850px\" class=\"wp-caption aligncenter\"><img decoding=\"async\" class=\"size-full wp-image-54182\" src=\"https:\/\/minhducfurniture.com\/wp-content\/uploads\/2025\/11\/Multi-colored-stacking-chairs.jpg\" alt=\"Chaises empilables multicolores\" width=\"850\" height=\"591\" srcset=\"https:\/\/minhducfurniture.com\/wp-content\/uploads\/2025\/11\/Multi-colored-stacking-chairs.jpg 850w, https:\/\/minhducfurniture.com\/wp-content\/uploads\/2025\/11\/Multi-colored-stacking-chairs-575x400.jpg 575w, https:\/\/minhducfurniture.com\/wp-content\/uploads\/2025\/11\/Multi-colored-stacking-chairs-768x534.jpg 768w, https:\/\/minhducfurniture.com\/wp-content\/uploads\/2025\/11\/Multi-colored-stacking-chairs-510x355.jpg 510w\" sizes=\"(max-width: 850px) 100vw, 850px\" \/><figcaption id=\"caption-attachment-54314\" class=\"wp-caption-text\">Chaises empilables multicolores<\/figcaption><\/figure>\n<h4>Description du produit<\/h4>\n<ul>\n<li>Code produit : MDS-3006<\/li>\n<li>Taille de la chaise : D380mm*SH455mm*W380mm<\/li>\n<li>100% plastique PP avec rev\u00eatement anti-UV<\/li>\n<li>Poids de chargement : 120kg\/ 264.5lbs<\/li>\n<li>Origine du produit : Viet Nam<\/li>\n<\/ul>\n<figure id=\"attachment_54315\" aria-describedby=\"caption-attachment-54315\" style=\"width: 850px\" class=\"wp-caption aligncenter\"><img decoding=\"async\" class=\"size-full wp-image-54183\" src=\"https:\/\/minhducfurniture.com\/wp-content\/uploads\/2025\/11\/The-actual-product-at-our-factory-1.jpg\" alt=\"Le produit actuel dans notre usine\" width=\"850\" height=\"561\" srcset=\"https:\/\/minhducfurniture.com\/wp-content\/uploads\/2025\/11\/The-actual-product-at-our-factory-1.jpg 850w, https:\/\/minhducfurniture.com\/wp-content\/uploads\/2025\/11\/The-actual-product-at-our-factory-1-606x400.jpg 606w, https:\/\/minhducfurniture.com\/wp-content\/uploads\/2025\/11\/The-actual-product-at-our-factory-1-768x507.jpg 768w, https:\/\/minhducfurniture.com\/wp-content\/uploads\/2025\/11\/The-actual-product-at-our-factory-1-510x337.jpg 510w\" sizes=\"(max-width: 850px) 100vw, 850px\" \/><figcaption id=\"caption-attachment-54315\" class=\"wp-caption-text\">Le produit actuel dans notre usine<\/figcaption><\/figure>\n<h4>Informations sur les commandes<\/h4>\n<ul>\n<li>Quantit\u00e9 minimale de commande (MOQ) : 50 pi\u00e8ces<\/li>\n<li>D\u00e9lai de livraison : 30-35 jours apr\u00e8s le d\u00e9p\u00f4t<\/li>\n<li>D\u00e9lai de livraison : FOB port de Hai Phong, Vietnam<\/li>\n<li>Modalit\u00e9s de paiement : T\/T 30% de d\u00e9p\u00f4t, 70% de solde avant l&rsquo;exp\u00e9dition<\/li>\n<li>Si vous avez une conception personnalis\u00e9e et que vous avez besoin d&rsquo;une production de masse, veuillez nous contacter pour obtenir de l&rsquo;aide.<\/li>\n<\/ul>\n<figure id=\"attachment_54316\" aria-describedby=\"caption-attachment-54316\" style=\"width: 850px\" class=\"wp-caption aligncenter\"><img decoding=\"async\" class=\"size-full wp-image-54184\" src=\"https:\/\/minhducfurniture.com\/wp-content\/uploads\/2025\/11\/Stacking-chairs-in-the-cafeteria.jpg\" alt=\"Chaises empil\u00e9es dans la caf\u00e9t\u00e9ria\" width=\"850\" height=\"538\" srcset=\"https:\/\/minhducfurniture.com\/wp-content\/uploads\/2025\/11\/Stacking-chairs-in-the-cafeteria.jpg 850w, https:\/\/minhducfurniture.com\/wp-content\/uploads\/2025\/11\/Stacking-chairs-in-the-cafeteria-632x400.jpg 632w, https:\/\/minhducfurniture.com\/wp-content\/uploads\/2025\/11\/Stacking-chairs-in-the-cafeteria-768x486.jpg 768w, https:\/\/minhducfurniture.com\/wp-content\/uploads\/2025\/11\/Stacking-chairs-in-the-cafeteria-510x323.jpg 510w\" sizes=\"(max-width: 850px) 100vw, 850px\" \/><figcaption id=\"caption-attachment-54316\" class=\"wp-caption-text\">Chaises empil\u00e9es dans la caf\u00e9t\u00e9ria<\/figcaption><\/figure>\n<h4>Informations sur le contact<\/h4>\n<ul>\n<li>Minh Duc Public Furniture Co.<\/li>\n<li>Adresse : Villa H02-L11 An Phu, Duong Noi, Ha Dong, Hanoi, Vietnam<\/li>\n<li>Phone\/WhatsApp\/Zalo : +84 908 314 939<\/li>\n<\/ul>\n<p>Plus de nos collections<\/p>\n<ul>\n<li><span style=\"color: #008080\"><a style=\"color: #008080\" href=\"https:\/\/minhducfurniture.com\/fr\/product\/chaises-de-jardin-en-plastique-empilables-pp-abordables-pour-lexterieur\/\">Chaises de jardin en plastique empilables PP abordables pour l&rsquo;ext\u00e9rieur<\/a><\/span><\/li>\n<li><span style=\"color: #008080\"><a style=\"color: #008080\" href=\"https:\/\/minhducfurniture.com\/fr\/product\/petit-fauteuil-rembourre-structure-en-metal-chaise-de-salon-moderne\/\">Petit fauteuil rembourr\u00e9 structure en m\u00e9tal chaise de salon moderne<\/a><\/span><\/li>\n<\/ul>\n<div class=\"social-icons share-icons share-row relative\" ><a href=\"whatsapp:\/\/send?text=Chaises%20empilables%20bleues%20Tabourets%20PP%20avec%20plusieurs%20options%20de%20couleur - https:\/\/minhducfurniture.com\/fr\/product\/chaises-empilables-bleues-tabourets-pp-avec-plusieurs-options-de-couleur\/\" data-action=\"share\/whatsapp\/share\" class=\"icon primary button round tooltip whatsapp show-for-medium\" title=\"Partager sur WhatsApp\" aria-label=\"Partager sur WhatsApp\"><i class=\"icon-whatsapp\" aria-hidden=\"true\"><\/i><\/a><a href=\"https:\/\/www.facebook.com\/sharer.php?u=https:\/\/minhducfurniture.com\/fr\/product\/chaises-empilables-bleues-tabourets-pp-avec-plusieurs-options-de-couleur\/\" data-label=\"Facebook\" onclick=\"window.open(this.href,this.title,'width=500,height=500,top=300px,left=300px'); return false;\" target=\"_blank\" class=\"icon primary button round tooltip facebook\" title=\"Partager sur Facebook\" aria-label=\"Partager sur Facebook\" rel=\"noopener nofollow\"><i class=\"icon-facebook\" aria-hidden=\"true\"><\/i><\/a><a href=\"https:\/\/twitter.com\/share?url=https:\/\/minhducfurniture.com\/fr\/product\/chaises-empilables-bleues-tabourets-pp-avec-plusieurs-options-de-couleur\/\" onclick=\"window.open(this.href,this.title,'width=500,height=500,top=300px,left=300px'); return false;\" target=\"_blank\" class=\"icon primary button round tooltip twitter\" title=\"Partager sur Twitter\" aria-label=\"Partager sur Twitter\" rel=\"noopener nofollow\"><i class=\"icon-twitter\" aria-hidden=\"true\"><\/i><\/a><a href=\"mailto:?subject=Chaises%20empilables%20bleues%20Tabourets%20PP%20avec%20plusieurs%20options%20de%20couleur&body=Regarde%20%C3%A7a%3A%20https%3A%2F%2Fminhducfurniture.com%2Ffr%2Fproduct%2Fchaises-empilables-bleues-tabourets-pp-avec-plusieurs-options-de-couleur%2F\" class=\"icon primary button round tooltip email\" title=\"Envoyer par mail\" aria-label=\"Envoyer par mail\" rel=\"nofollow\"><i class=\"icon-envelop\" aria-hidden=\"true\"><\/i><\/a><a href=\"https:\/\/pinterest.com\/pin\/create\/button?url=https:\/\/minhducfurniture.com\/fr\/product\/chaises-empilables-bleues-tabourets-pp-avec-plusieurs-options-de-couleur\/&media=https:\/\/minhducfurniture.com\/wp-content\/uploads\/2025\/11\/Blue-stacking-chairs.jpg&description=Chaises%20empilables%20bleues%20Tabourets%20PP%20avec%20plusieurs%20options%20de%20couleur\" onclick=\"window.open(this.href,this.title,'width=500,height=500,top=300px,left=300px'); return false;\" target=\"_blank\" class=\"icon primary button round tooltip pinterest\" title=\"Epingler sur Pinterest\" aria-label=\"Epingler sur Pinterest\" rel=\"noopener nofollow\"><i class=\"icon-pinterest\" aria-hidden=\"true\"><\/i><\/a><a href=\"https:\/\/www.linkedin.com\/shareArticle?mini=true&url=https:\/\/minhducfurniture.com\/fr\/product\/chaises-empilables-bleues-tabourets-pp-avec-plusieurs-options-de-couleur\/&title=Chaises%20empilables%20bleues%20Tabourets%20PP%20avec%20plusieurs%20options%20de%20couleur\" onclick=\"window.open(this.href,this.title,'width=500,height=500,top=300px,left=300px'); return false;\" target=\"_blank\" class=\"icon primary button round tooltip linkedin\" title=\"Partager sur LinkedIn\" aria-label=\"Partager sur LinkedIn\" rel=\"noopener nofollow\"><i class=\"icon-linkedin\" aria-hidden=\"true\"><\/i><\/a><\/div>\n","protected":false},"excerpt":{"rendered":"<ul>\n<li>Code produit : MDS-3006<\/li>\n<li>Taille de la chaise : D380mm*SH455mm*W380mm<\/li>\n<li>100% plastique PP avec rev\u00eatement anti-UV<\/li>\n<li>Poids de chargement : 120kg\/ 264.5lbs<\/li>\n<li>Origine du produit : Viet Nam<\/li>\n<li>Hotline\/ WhatsApp:+84908314939<\/li>\n<\/ul>\n","protected":false},"featured_media":54317,"comment_status":"open","ping_status":"closed","template":"","meta":[],"product_brand":[],"product_cat":[13060],"product_tag":[13061],"class_list":{"0":"post-54318","1":"product","2":"type-product","3":"status-publish","4":"has-post-thumbnail","6":"product_cat-chaises-en-plastique","7":"product_tag-chaises-dexterieur","9":"first","10":"instock","11":"shipping-taxable","12":"product-type-simple"},"yoast_head":"<!-- This site is optimized with the Yoast SEO plugin v27.4 - https:\/\/yoast.com\/product\/yoast-seo-wordpress\/ -->\n<title>Chaises empilables bleues Tabourets PP avec plusieurs options de couleur - Minh Duc Furniture<\/title>\n<meta name=\"description\" content=\"Les chaises empilables bleues en PP (polypropyl\u00e8ne) sont la solution id\u00e9ale si vous recherchez des si\u00e8ges l\u00e9gers, durables et peu encombrants.\" \/>\n<meta name=\"robots\" content=\"index, follow, max-snippet:-1, max-image-preview:large, max-video-preview:-1\" \/>\n<link rel=\"canonical\" href=\"https:\/\/minhducfurniture.com\/fr\/product\/chaises-empilables-bleues-tabourets-pp-avec-plusieurs-options-de-couleur\/\" \/>\n<meta property=\"og:locale\" content=\"fr_FR\" \/>\n<meta property=\"og:type\" content=\"article\" \/>\n<meta property=\"og:title\" content=\"Chaises empilables bleues Tabourets PP avec plusieurs options de couleur - Minh Duc Furniture\" \/>\n<meta property=\"og:description\" content=\"Les chaises empilables bleues en PP (polypropyl\u00e8ne) sont la solution id\u00e9ale si vous recherchez des si\u00e8ges l\u00e9gers, durables et peu encombrants.\" \/>\n<meta property=\"og:url\" content=\"https:\/\/minhducfurniture.com\/fr\/product\/chaises-empilables-bleues-tabourets-pp-avec-plusieurs-options-de-couleur\/\" \/>\n<meta property=\"og:site_name\" content=\"Minh Duc Furniture\" \/>\n<meta property=\"article:modified_time\" content=\"2025-11-27T05:38:34+00:00\" \/>\n<meta property=\"og:image\" content=\"https:\/\/minhducfurniture.com\/wp-content\/uploads\/2025\/11\/Blue-stacking-chairs.jpg\" \/>\n\t<meta property=\"og:image:width\" content=\"650\" \/>\n\t<meta property=\"og:image:height\" content=\"650\" \/>\n\t<meta property=\"og:image:type\" content=\"image\/jpeg\" \/>\n<meta name=\"twitter:card\" content=\"summary_large_image\" \/>\n<meta name=\"twitter:label1\" content=\"Dur\u00e9e de lecture estim\u00e9e\" \/>\n\t<meta name=\"twitter:data1\" content=\"2 minutes\" \/>\n<script type=\"application\/ld+json\" class=\"yoast-schema-graph\">{\"@context\":\"https:\\\/\\\/schema.org\",\"@graph\":[{\"@type\":\"WebPage\",\"@id\":\"https:\\\/\\\/minhducfurniture.com\\\/fr\\\/product\\\/chaises-empilables-bleues-tabourets-pp-avec-plusieurs-options-de-couleur\\\/\",\"url\":\"https:\\\/\\\/minhducfurniture.com\\\/fr\\\/product\\\/chaises-empilables-bleues-tabourets-pp-avec-plusieurs-options-de-couleur\\\/\",\"name\":\"Chaises empilables bleues Tabourets PP avec plusieurs options de couleur - Minh Duc Furniture\",\"isPartOf\":{\"@id\":\"https:\\\/\\\/minhducfurniture.com\\\/fr\\\/#website\"},\"primaryImageOfPage\":{\"@id\":\"https:\\\/\\\/minhducfurniture.com\\\/fr\\\/product\\\/chaises-empilables-bleues-tabourets-pp-avec-plusieurs-options-de-couleur\\\/#primaryimage\"},\"image\":{\"@id\":\"https:\\\/\\\/minhducfurniture.com\\\/fr\\\/product\\\/chaises-empilables-bleues-tabourets-pp-avec-plusieurs-options-de-couleur\\\/#primaryimage\"},\"thumbnailUrl\":\"https:\\\/\\\/minhducfurniture.com\\\/wp-content\\\/uploads\\\/2025\\\/11\\\/Blue-stacking-chairs.jpg\",\"datePublished\":\"2025-11-25T06:55:33+00:00\",\"dateModified\":\"2025-11-27T05:38:34+00:00\",\"description\":\"Les chaises empilables bleues en PP (polypropyl\u00e8ne) sont la solution id\u00e9ale si vous recherchez des si\u00e8ges l\u00e9gers, durables et peu encombrants.\",\"breadcrumb\":{\"@id\":\"https:\\\/\\\/minhducfurniture.com\\\/fr\\\/product\\\/chaises-empilables-bleues-tabourets-pp-avec-plusieurs-options-de-couleur\\\/#breadcrumb\"},\"inLanguage\":\"fr-FR\",\"potentialAction\":[{\"@type\":\"ReadAction\",\"target\":[\"https:\\\/\\\/minhducfurniture.com\\\/fr\\\/product\\\/chaises-empilables-bleues-tabourets-pp-avec-plusieurs-options-de-couleur\\\/\"]}]},{\"@type\":\"ImageObject\",\"inLanguage\":\"fr-FR\",\"@id\":\"https:\\\/\\\/minhducfurniture.com\\\/fr\\\/product\\\/chaises-empilables-bleues-tabourets-pp-avec-plusieurs-options-de-couleur\\\/#primaryimage\",\"url\":\"https:\\\/\\\/minhducfurniture.com\\\/wp-content\\\/uploads\\\/2025\\\/11\\\/Blue-stacking-chairs.jpg\",\"contentUrl\":\"https:\\\/\\\/minhducfurniture.com\\\/wp-content\\\/uploads\\\/2025\\\/11\\\/Blue-stacking-chairs.jpg\",\"width\":650,\"height\":650,\"caption\":\"Chaises empilables bleues\"},{\"@type\":\"BreadcrumbList\",\"@id\":\"https:\\\/\\\/minhducfurniture.com\\\/fr\\\/product\\\/chaises-empilables-bleues-tabourets-pp-avec-plusieurs-options-de-couleur\\\/#breadcrumb\",\"itemListElement\":[{\"@type\":\"ListItem\",\"position\":1,\"name\":\"Home\",\"item\":\"https:\\\/\\\/minhducfurniture.com\\\/fr\\\/\"},{\"@type\":\"ListItem\",\"position\":2,\"name\":\"Shop\",\"item\":\"https:\\\/\\\/minhducfurniture.com\\\/shop\\\/\"},{\"@type\":\"ListItem\",\"position\":3,\"name\":\"Chaises empilables bleues Tabourets PP avec plusieurs options de couleur\"}]},{\"@type\":\"WebSite\",\"@id\":\"https:\\\/\\\/minhducfurniture.com\\\/fr\\\/#website\",\"url\":\"https:\\\/\\\/minhducfurniture.com\\\/fr\\\/\",\"name\":\"Minh Duc Furniture\",\"description\":\"Vietnam Furniture Supplier\",\"publisher\":{\"@id\":\"https:\\\/\\\/minhducfurniture.com\\\/fr\\\/#organization\"},\"alternateName\":\"Vietnam Online Shop\",\"potentialAction\":[{\"@type\":\"SearchAction\",\"target\":{\"@type\":\"EntryPoint\",\"urlTemplate\":\"https:\\\/\\\/minhducfurniture.com\\\/fr\\\/?s={search_term_string}\"},\"query-input\":{\"@type\":\"PropertyValueSpecification\",\"valueRequired\":true,\"valueName\":\"search_term_string\"}}],\"inLanguage\":\"fr-FR\"},{\"@type\":\"Organization\",\"@id\":\"https:\\\/\\\/minhducfurniture.com\\\/fr\\\/#organization\",\"name\":\"Minh Duc Furniture\",\"alternateName\":\"Vietnam Furniture Export\",\"url\":\"https:\\\/\\\/minhducfurniture.com\\\/fr\\\/\",\"logo\":{\"@type\":\"ImageObject\",\"inLanguage\":\"fr-FR\",\"@id\":\"https:\\\/\\\/minhducfurniture.com\\\/fr\\\/#\\\/schema\\\/logo\\\/image\\\/\",\"url\":\"\",\"contentUrl\":\"\",\"caption\":\"Minh Duc Furniture\"},\"image\":{\"@id\":\"https:\\\/\\\/minhducfurniture.com\\\/fr\\\/#\\\/schema\\\/logo\\\/image\\\/\"},\"sameAs\":[\"https:\\\/\\\/www.pinterest.com\\\/hienthaoshop\\\/pins\\\/\"]}]}<\/script>\n<!-- \/ Yoast SEO plugin. -->","yoast_head_json":{"title":"Chaises empilables bleues Tabourets PP avec plusieurs options de couleur - Minh Duc Furniture","description":"Les chaises empilables bleues en PP (polypropyl\u00e8ne) sont la solution id\u00e9ale si vous recherchez des si\u00e8ges l\u00e9gers, durables et peu encombrants.","robots":{"index":"index","follow":"follow","max-snippet":"max-snippet:-1","max-image-preview":"max-image-preview:large","max-video-preview":"max-video-preview:-1"},"canonical":"https:\/\/minhducfurniture.com\/fr\/product\/chaises-empilables-bleues-tabourets-pp-avec-plusieurs-options-de-couleur\/","og_locale":"fr_FR","og_type":"article","og_title":"Chaises empilables bleues Tabourets PP avec plusieurs options de couleur - Minh Duc Furniture","og_description":"Les chaises empilables bleues en PP (polypropyl\u00e8ne) sont la solution id\u00e9ale si vous recherchez des si\u00e8ges l\u00e9gers, durables et peu encombrants.","og_url":"https:\/\/minhducfurniture.com\/fr\/product\/chaises-empilables-bleues-tabourets-pp-avec-plusieurs-options-de-couleur\/","og_site_name":"Minh Duc Furniture","article_modified_time":"2025-11-27T05:38:34+00:00","og_image":[{"width":650,"height":650,"url":"https:\/\/minhducfurniture.com\/wp-content\/uploads\/2025\/11\/Blue-stacking-chairs.jpg","type":"image\/jpeg"}],"twitter_card":"summary_large_image","twitter_misc":{"Dur\u00e9e de lecture estim\u00e9e":"2 minutes"},"schema":{"@context":"https:\/\/schema.org","@graph":[{"@type":"WebPage","@id":"https:\/\/minhducfurniture.com\/fr\/product\/chaises-empilables-bleues-tabourets-pp-avec-plusieurs-options-de-couleur\/","url":"https:\/\/minhducfurniture.com\/fr\/product\/chaises-empilables-bleues-tabourets-pp-avec-plusieurs-options-de-couleur\/","name":"Chaises empilables bleues Tabourets PP avec plusieurs options de couleur - Minh Duc Furniture","isPartOf":{"@id":"https:\/\/minhducfurniture.com\/fr\/#website"},"primaryImageOfPage":{"@id":"https:\/\/minhducfurniture.com\/fr\/product\/chaises-empilables-bleues-tabourets-pp-avec-plusieurs-options-de-couleur\/#primaryimage"},"image":{"@id":"https:\/\/minhducfurniture.com\/fr\/product\/chaises-empilables-bleues-tabourets-pp-avec-plusieurs-options-de-couleur\/#primaryimage"},"thumbnailUrl":"https:\/\/minhducfurniture.com\/wp-content\/uploads\/2025\/11\/Blue-stacking-chairs.jpg","datePublished":"2025-11-25T06:55:33+00:00","dateModified":"2025-11-27T05:38:34+00:00","description":"Les chaises empilables bleues en PP (polypropyl\u00e8ne) sont la solution id\u00e9ale si vous recherchez des si\u00e8ges l\u00e9gers, durables et peu encombrants.","breadcrumb":{"@id":"https:\/\/minhducfurniture.com\/fr\/product\/chaises-empilables-bleues-tabourets-pp-avec-plusieurs-options-de-couleur\/#breadcrumb"},"inLanguage":"fr-FR","potentialAction":[{"@type":"ReadAction","target":["https:\/\/minhducfurniture.com\/fr\/product\/chaises-empilables-bleues-tabourets-pp-avec-plusieurs-options-de-couleur\/"]}]},{"@type":"ImageObject","inLanguage":"fr-FR","@id":"https:\/\/minhducfurniture.com\/fr\/product\/chaises-empilables-bleues-tabourets-pp-avec-plusieurs-options-de-couleur\/#primaryimage","url":"https:\/\/minhducfurniture.com\/wp-content\/uploads\/2025\/11\/Blue-stacking-chairs.jpg","contentUrl":"https:\/\/minhducfurniture.com\/wp-content\/uploads\/2025\/11\/Blue-stacking-chairs.jpg","width":650,"height":650,"caption":"Chaises empilables bleues"},{"@type":"BreadcrumbList","@id":"https:\/\/minhducfurniture.com\/fr\/product\/chaises-empilables-bleues-tabourets-pp-avec-plusieurs-options-de-couleur\/#breadcrumb","itemListElement":[{"@type":"ListItem","position":1,"name":"Home","item":"https:\/\/minhducfurniture.com\/fr\/"},{"@type":"ListItem","position":2,"name":"Shop","item":"https:\/\/minhducfurniture.com\/shop\/"},{"@type":"ListItem","position":3,"name":"Chaises empilables bleues Tabourets PP avec plusieurs options de couleur"}]},{"@type":"WebSite","@id":"https:\/\/minhducfurniture.com\/fr\/#website","url":"https:\/\/minhducfurniture.com\/fr\/","name":"Minh Duc Furniture","description":"Vietnam Furniture Supplier","publisher":{"@id":"https:\/\/minhducfurniture.com\/fr\/#organization"},"alternateName":"Vietnam Online Shop","potentialAction":[{"@type":"SearchAction","target":{"@type":"EntryPoint","urlTemplate":"https:\/\/minhducfurniture.com\/fr\/?s={search_term_string}"},"query-input":{"@type":"PropertyValueSpecification","valueRequired":true,"valueName":"search_term_string"}}],"inLanguage":"fr-FR"},{"@type":"Organization","@id":"https:\/\/minhducfurniture.com\/fr\/#organization","name":"Minh Duc Furniture","alternateName":"Vietnam Furniture Export","url":"https:\/\/minhducfurniture.com\/fr\/","logo":{"@type":"ImageObject","inLanguage":"fr-FR","@id":"https:\/\/minhducfurniture.com\/fr\/#\/schema\/logo\/image\/","url":"","contentUrl":"","caption":"Minh Duc Furniture"},"image":{"@id":"https:\/\/minhducfurniture.com\/fr\/#\/schema\/logo\/image\/"},"sameAs":["https:\/\/www.pinterest.com\/hienthaoshop\/pins\/"]}]}},"_links":{"self":[{"href":"https:\/\/minhducfurniture.com\/fr\/wp-json\/wp\/v2\/product\/54318","targetHints":{"allow":["GET"]}}],"collection":[{"href":"https:\/\/minhducfurniture.com\/fr\/wp-json\/wp\/v2\/product"}],"about":[{"href":"https:\/\/minhducfurniture.com\/fr\/wp-json\/wp\/v2\/types\/product"}],"replies":[{"embeddable":true,"href":"https:\/\/minhducfurniture.com\/fr\/wp-json\/wp\/v2\/comments?post=54318"}],"wp:featuredmedia":[{"embeddable":true,"href":"https:\/\/minhducfurniture.com\/fr\/wp-json\/wp\/v2\/media\/54317"}],"wp:attachment":[{"href":"https:\/\/minhducfurniture.com\/fr\/wp-json\/wp\/v2\/media?parent=54318"}],"wp:term":[{"taxonomy":"product_brand","embeddable":true,"href":"https:\/\/minhducfurniture.com\/fr\/wp-json\/wp\/v2\/product_brand?post=54318"},{"taxonomy":"product_cat","embeddable":true,"href":"https:\/\/minhducfurniture.com\/fr\/wp-json\/wp\/v2\/product_cat?post=54318"},{"taxonomy":"product_tag","embeddable":true,"href":"https:\/\/minhducfurniture.com\/fr\/wp-json\/wp\/v2\/product_tag?post=54318"}],"curies":[{"name":"wp","href":"https:\/\/api.w.org\/{rel}","templated":true}]}}