{"id":54294,"date":"2025-11-25T10:12:19","date_gmt":"2025-11-25T03:12:19","guid":{"rendered":"https:\/\/minhducfurniture.com\/product\/chaises-de-jardin-en-plastique-empilables-pp-abordables-pour-lexterieur\/"},"modified":"2025-12-07T02:07:04","modified_gmt":"2025-12-06T19:07:04","slug":"chaises-de-jardin-en-plastique-empilables-pp-abordables-pour-lexterieur","status":"publish","type":"product","link":"https:\/\/minhducfurniture.com\/fr\/product\/chaises-de-jardin-en-plastique-empilables-pp-abordables-pour-lexterieur\/","title":{"rendered":"Chaises de jardin en plastique empilables PP abordables pour l&rsquo;ext\u00e9rieur"},"content":{"rendered":"<h2><span style=\"font-size: 90%\">Chaises de jardin en plastique empilables &#8211; Un choix judicieux pour tout espace ext\u00e9rieur<\/span><\/h2>\n<p>Les <strong>chaises de jardin empilables en plastique<\/strong> PP (polypropyl\u00e8ne) sont le choix id\u00e9al si vous recherchez des chaises d&rsquo;ext\u00e9rieur abordables, durables et faciles \u00e0 utiliser. Leur l\u00e9g\u00e8ret\u00e9, leur excellente durabilit\u00e9 et leur conception empilable pratique les rendent populaires dans les jardins priv\u00e9s, les caf\u00e9s, les centres de vill\u00e9giature et les s\u00e9jours chez l&rsquo;habitant. \t<div id=\"gap-1329320646\" class=\"gap-element clearfix\" style=\"display:block; height:auto;\">\n\t\t\n<style>\n#gap-1329320646 {\n  padding-top: 15px;\n}\n<\/style>\n\t<\/div>\n\t\n<figure id=\"attachment_54289\" aria-describedby=\"caption-attachment-54289\" style=\"width: 850px\" class=\"wp-caption aligncenter\"><img decoding=\"async\" class=\"wp-image-54175 size-full\" src=\"https:\/\/minhducfurniture.com\/wp-content\/uploads\/2025\/11\/Stacking-Chairs-for-Garden-Spaces.jpg\" alt=\"Chaises empilables pour le jardin\" width=\"850\" height=\"605\" srcset=\"https:\/\/minhducfurniture.com\/wp-content\/uploads\/2025\/11\/Stacking-Chairs-for-Garden-Spaces.jpg 850w, https:\/\/minhducfurniture.com\/wp-content\/uploads\/2025\/11\/Stacking-Chairs-for-Garden-Spaces-562x400.jpg 562w, https:\/\/minhducfurniture.com\/wp-content\/uploads\/2025\/11\/Stacking-Chairs-for-Garden-Spaces-768x547.jpg 768w, https:\/\/minhducfurniture.com\/wp-content\/uploads\/2025\/11\/Stacking-Chairs-for-Garden-Spaces-510x363.jpg 510w\" sizes=\"(max-width: 850px) 100vw, 850px\" \/><figcaption id=\"caption-attachment-54289\" class=\"wp-caption-text\">Chaises empilables pour le jardin<\/figcaption><\/figure>\n<h3>Avantages cl\u00e9s du produit<\/h3>\n<ul>\n<li>Prix abordable, grande durabilit\u00e9 et esth\u00e9tique soign\u00e9e<\/li>\n<li>L\u00e9ger, facile \u00e0 transporter et \u00e0 r\u00e9organiser<\/li>\n<li>Bonne capacit\u00e9 de charge, adapt\u00e9e aux adultes et aux enfants<\/li>\n<li>R\u00e9sistant aux UV, imperm\u00e9able et inoxydable comme les chaises en m\u00e9tal<\/li>\n<li>Conception empilable peu encombrante, id\u00e9ale pour les caf\u00e9s, les restaurants et les espaces \u00e9v\u00e9nementiels.<\/li>\n<\/ul>\n<figure id=\"attachment_54290\" aria-describedby=\"caption-attachment-54290\" style=\"width: 850px\" class=\"wp-caption aligncenter\"><img decoding=\"async\" class=\"size-full wp-image-54176\" src=\"https:\/\/minhducfurniture.com\/wp-content\/uploads\/2025\/11\/Plastic-Patio-Stackable-Chairs.jpg\" alt=\"Chaises empilables en plastique pour le patio\" width=\"850\" height=\"596\" srcset=\"https:\/\/minhducfurniture.com\/wp-content\/uploads\/2025\/11\/Plastic-Patio-Stackable-Chairs.jpg 850w, https:\/\/minhducfurniture.com\/wp-content\/uploads\/2025\/11\/Plastic-Patio-Stackable-Chairs-570x400.jpg 570w, https:\/\/minhducfurniture.com\/wp-content\/uploads\/2025\/11\/Plastic-Patio-Stackable-Chairs-768x539.jpg 768w, https:\/\/minhducfurniture.com\/wp-content\/uploads\/2025\/11\/Plastic-Patio-Stackable-Chairs-510x358.jpg 510w\" sizes=\"(max-width: 850px) 100vw, 850px\" \/><figcaption id=\"caption-attachment-54290\" class=\"wp-caption-text\">Chaises empilables en plastique pour le patio<\/figcaption><\/figure>\n<h4>Description du produit<\/h4>\n<ul>\n<li>Code produit : MDS-3019<\/li>\n<li>Taille de la chaise : H780mm*SH450mm*W500mm<\/li>\n<li>100% plastique PP avec rev\u00eatement anti-UV<\/li>\n<li>Poids de chargement : 120kg\/ 264.5lbs<\/li>\n<li>Origine du produit : Viet Nam<\/li>\n<\/ul>\n<figure id=\"attachment_54291\" aria-describedby=\"caption-attachment-54291\" style=\"width: 850px\" class=\"wp-caption aligncenter\"><img decoding=\"async\" class=\"size-full wp-image-54177\" src=\"https:\/\/minhducfurniture.com\/wp-content\/uploads\/2025\/11\/The-actual-product-at-our-factory.jpg\" alt=\"Le produit actuel dans notre usine\" width=\"850\" height=\"621\" srcset=\"https:\/\/minhducfurniture.com\/wp-content\/uploads\/2025\/11\/The-actual-product-at-our-factory.jpg 850w, https:\/\/minhducfurniture.com\/wp-content\/uploads\/2025\/11\/The-actual-product-at-our-factory-548x400.jpg 548w, https:\/\/minhducfurniture.com\/wp-content\/uploads\/2025\/11\/The-actual-product-at-our-factory-768x561.jpg 768w, https:\/\/minhducfurniture.com\/wp-content\/uploads\/2025\/11\/The-actual-product-at-our-factory-510x373.jpg 510w\" sizes=\"(max-width: 850px) 100vw, 850px\" \/><figcaption id=\"caption-attachment-54291\" class=\"wp-caption-text\">Le produit actuel dans notre usine<\/figcaption><\/figure>\n<h4>Informations sur les commandes<\/h4>\n<ul>\n<li>Quantit\u00e9 minimale de commande (MOQ) : 50 pi\u00e8ces<\/li>\n<li>D\u00e9lai de livraison : 30-35 jours apr\u00e8s le d\u00e9p\u00f4t<\/li>\n<li>D\u00e9lai de livraison : FOB port de Hai Phong, Vietnam<\/li>\n<li>Modalit\u00e9s de paiement : T\/T 30% de d\u00e9p\u00f4t, 70% de solde avant l&rsquo;exp\u00e9dition<\/li>\n<li>Si vous avez une conception personnalis\u00e9e et que vous avez besoin d&rsquo;une production de masse, veuillez nous contacter pour obtenir de l&rsquo;aide.<\/li>\n<\/ul>\n<figure id=\"attachment_54292\" aria-describedby=\"caption-attachment-54292\" style=\"width: 850px\" class=\"wp-caption aligncenter\"><img decoding=\"async\" class=\"size-full wp-image-54178\" src=\"https:\/\/minhducfurniture.com\/wp-content\/uploads\/2025\/11\/Space-saving-stacking-design.jpg\" alt=\"Conception d'empilage peu encombrante\" width=\"850\" height=\"599\" srcset=\"https:\/\/minhducfurniture.com\/wp-content\/uploads\/2025\/11\/Space-saving-stacking-design.jpg 850w, https:\/\/minhducfurniture.com\/wp-content\/uploads\/2025\/11\/Space-saving-stacking-design-568x400.jpg 568w, https:\/\/minhducfurniture.com\/wp-content\/uploads\/2025\/11\/Space-saving-stacking-design-768x541.jpg 768w, https:\/\/minhducfurniture.com\/wp-content\/uploads\/2025\/11\/Space-saving-stacking-design-510x359.jpg 510w\" sizes=\"(max-width: 850px) 100vw, 850px\" \/><figcaption id=\"caption-attachment-54292\" class=\"wp-caption-text\">Conception d&#8217;empilage peu encombrante<\/figcaption><\/figure>\n<h4>Informations sur le contact<\/h4>\n<ul>\n<li>Minh Duc Public Furniture Co.<\/li>\n<li>Adresse : Villa H02-L11 An Phu, Duong Noi, Ha Dong, Hanoi, Vietnam<\/li>\n<li>Phone\/WhatsApp\/Zalo : +84 908 314 939<\/li>\n<\/ul>\n<p>Plus de nos collections<\/p>\n<ul>\n<li><span style=\"color: #008080\"><a style=\"color: #008080\" href=\"https:\/\/minhducfurniture.com\/fr\/product\/chaises-en-plastique-en-gros-stock-chez-minh-duc\/\">Chaises en plastique en gros stock chez Minh Duc<\/a><\/span><\/li>\n<li><span style=\"color: #008080\"><a style=\"color: #008080\" href=\"https:\/\/minhducfurniture.com\/fr\/product\/bancs-dexterieur-a-vendre-banc-en-metal-et-en-bois\/\">Bancs d&rsquo;ext\u00e9rieur \u00e0 vendre banc en m\u00e9tal et en bois<\/a><\/span><\/li>\n<\/ul>\n<div class=\"social-icons share-icons share-row relative\" ><a href=\"whatsapp:\/\/send?text=Chaises%20de%20jardin%20en%20plastique%20empilables%20PP%20abordables%20pour%20l%26rsquo%3Bext%C3%A9rieur - https:\/\/minhducfurniture.com\/fr\/product\/chaises-de-jardin-en-plastique-empilables-pp-abordables-pour-lexterieur\/\" data-action=\"share\/whatsapp\/share\" class=\"icon primary button round tooltip whatsapp show-for-medium\" title=\"Partager sur WhatsApp\" aria-label=\"Partager sur WhatsApp\"><i class=\"icon-whatsapp\" aria-hidden=\"true\"><\/i><\/a><a href=\"https:\/\/www.facebook.com\/sharer.php?u=https:\/\/minhducfurniture.com\/fr\/product\/chaises-de-jardin-en-plastique-empilables-pp-abordables-pour-lexterieur\/\" data-label=\"Facebook\" onclick=\"window.open(this.href,this.title,'width=500,height=500,top=300px,left=300px'); return false;\" target=\"_blank\" class=\"icon primary button round tooltip facebook\" title=\"Partager sur Facebook\" aria-label=\"Partager sur Facebook\" rel=\"noopener nofollow\"><i class=\"icon-facebook\" aria-hidden=\"true\"><\/i><\/a><a href=\"https:\/\/twitter.com\/share?url=https:\/\/minhducfurniture.com\/fr\/product\/chaises-de-jardin-en-plastique-empilables-pp-abordables-pour-lexterieur\/\" onclick=\"window.open(this.href,this.title,'width=500,height=500,top=300px,left=300px'); return false;\" target=\"_blank\" class=\"icon primary button round tooltip twitter\" title=\"Partager sur Twitter\" aria-label=\"Partager sur Twitter\" rel=\"noopener nofollow\"><i class=\"icon-twitter\" aria-hidden=\"true\"><\/i><\/a><a href=\"mailto:?subject=Chaises%20de%20jardin%20en%20plastique%20empilables%20PP%20abordables%20pour%20l%26rsquo%3Bext%C3%A9rieur&body=Regarde%20%C3%A7a%3A%20https%3A%2F%2Fminhducfurniture.com%2Ffr%2Fproduct%2Fchaises-de-jardin-en-plastique-empilables-pp-abordables-pour-lexterieur%2F\" class=\"icon primary button round tooltip email\" title=\"Envoyer par mail\" aria-label=\"Envoyer par mail\" rel=\"nofollow\"><i class=\"icon-envelop\" aria-hidden=\"true\"><\/i><\/a><a href=\"https:\/\/pinterest.com\/pin\/create\/button?url=https:\/\/minhducfurniture.com\/fr\/product\/chaises-de-jardin-en-plastique-empilables-pp-abordables-pour-lexterieur\/&media=https:\/\/minhducfurniture.com\/wp-content\/uploads\/2025\/11\/Stackable-plastic-lawn-chairs.jpg&description=Chaises%20de%20jardin%20en%20plastique%20empilables%20PP%20abordables%20pour%20l%26rsquo%3Bext%C3%A9rieur\" onclick=\"window.open(this.href,this.title,'width=500,height=500,top=300px,left=300px'); return false;\" target=\"_blank\" class=\"icon primary button round tooltip pinterest\" title=\"Epingler sur Pinterest\" aria-label=\"Epingler sur Pinterest\" rel=\"noopener nofollow\"><i class=\"icon-pinterest\" aria-hidden=\"true\"><\/i><\/a><a href=\"https:\/\/www.linkedin.com\/shareArticle?mini=true&url=https:\/\/minhducfurniture.com\/fr\/product\/chaises-de-jardin-en-plastique-empilables-pp-abordables-pour-lexterieur\/&title=Chaises%20de%20jardin%20en%20plastique%20empilables%20PP%20abordables%20pour%20l%26rsquo%3Bext%C3%A9rieur\" onclick=\"window.open(this.href,this.title,'width=500,height=500,top=300px,left=300px'); return false;\" target=\"_blank\" class=\"icon primary button round tooltip linkedin\" title=\"Partager sur LinkedIn\" aria-label=\"Partager sur LinkedIn\" rel=\"noopener nofollow\"><i class=\"icon-linkedin\" aria-hidden=\"true\"><\/i><\/a><\/div>\n","protected":false},"excerpt":{"rendered":"<ul>\n<li>Code produit : MDS-3019<\/li>\n<li>Taille de la chaise : H780mm*SH450mm*W500mm<\/li>\n<li>100% plastique PP avec rev\u00eatement anti-UV<\/li>\n<li>Poids de chargement : 120kg\/ 264.5lbs<\/li>\n<li>Origine du produit : Viet Nam<\/li>\n<li>Ligne directe\/ WhatsApp : +84 908 314 939<\/li>\n<\/ul>\n","protected":false},"featured_media":54293,"comment_status":"open","ping_status":"closed","template":"","meta":[],"product_brand":[],"product_cat":[13060],"product_tag":[13061],"class_list":{"0":"post-54294","1":"product","2":"type-product","3":"status-publish","4":"has-post-thumbnail","6":"product_cat-chaises-en-plastique","7":"product_tag-chaises-dexterieur","9":"first","10":"instock","11":"shipping-taxable","12":"product-type-simple"},"yoast_head":"<!-- This site is optimized with the Yoast SEO plugin v27.4 - https:\/\/yoast.com\/product\/yoast-seo-wordpress\/ -->\n<title>Chaises de jardin en plastique empilables PP abordables pour l&#039;ext\u00e9rieur - Minh Duc Furniture<\/title>\n<meta name=\"description\" content=\"Les chaises de jardin empilables en plastique PP (polypropyl\u00e8ne) sont le choix id\u00e9al si vous recherchez des chaises d&#039;ext\u00e9rieur abordables et durables,\" \/>\n<meta name=\"robots\" content=\"index, follow, max-snippet:-1, max-image-preview:large, max-video-preview:-1\" \/>\n<link rel=\"canonical\" href=\"https:\/\/minhducfurniture.com\/fr\/product\/chaises-de-jardin-en-plastique-empilables-pp-abordables-pour-lexterieur\/\" \/>\n<meta property=\"og:locale\" content=\"fr_FR\" \/>\n<meta property=\"og:type\" content=\"article\" \/>\n<meta property=\"og:title\" content=\"Chaises de jardin en plastique empilables PP abordables pour l&#039;ext\u00e9rieur - Minh Duc Furniture\" \/>\n<meta property=\"og:description\" content=\"Les chaises de jardin empilables en plastique PP (polypropyl\u00e8ne) sont le choix id\u00e9al si vous recherchez des chaises d&#039;ext\u00e9rieur abordables et durables,\" \/>\n<meta property=\"og:url\" content=\"https:\/\/minhducfurniture.com\/fr\/product\/chaises-de-jardin-en-plastique-empilables-pp-abordables-pour-lexterieur\/\" \/>\n<meta property=\"og:site_name\" content=\"Minh Duc Furniture\" \/>\n<meta property=\"article:modified_time\" content=\"2025-12-06T19:07:04+00:00\" \/>\n<meta property=\"og:image\" content=\"https:\/\/minhducfurniture.com\/wp-content\/uploads\/2025\/11\/Stackable-plastic-lawn-chairs.jpg\" \/>\n\t<meta property=\"og:image:width\" content=\"700\" \/>\n\t<meta property=\"og:image:height\" content=\"700\" \/>\n\t<meta property=\"og:image:type\" content=\"image\/jpeg\" \/>\n<meta name=\"twitter:card\" content=\"summary_large_image\" \/>\n<meta name=\"twitter:label1\" content=\"Dur\u00e9e de lecture estim\u00e9e\" \/>\n\t<meta name=\"twitter:data1\" content=\"2 minutes\" \/>\n<script type=\"application\/ld+json\" class=\"yoast-schema-graph\">{\"@context\":\"https:\\\/\\\/schema.org\",\"@graph\":[{\"@type\":\"WebPage\",\"@id\":\"https:\\\/\\\/minhducfurniture.com\\\/fr\\\/product\\\/chaises-de-jardin-en-plastique-empilables-pp-abordables-pour-lexterieur\\\/\",\"url\":\"https:\\\/\\\/minhducfurniture.com\\\/fr\\\/product\\\/chaises-de-jardin-en-plastique-empilables-pp-abordables-pour-lexterieur\\\/\",\"name\":\"Chaises de jardin en plastique empilables PP abordables pour l'ext\u00e9rieur - Minh Duc Furniture\",\"isPartOf\":{\"@id\":\"https:\\\/\\\/minhducfurniture.com\\\/fr\\\/#website\"},\"primaryImageOfPage\":{\"@id\":\"https:\\\/\\\/minhducfurniture.com\\\/fr\\\/product\\\/chaises-de-jardin-en-plastique-empilables-pp-abordables-pour-lexterieur\\\/#primaryimage\"},\"image\":{\"@id\":\"https:\\\/\\\/minhducfurniture.com\\\/fr\\\/product\\\/chaises-de-jardin-en-plastique-empilables-pp-abordables-pour-lexterieur\\\/#primaryimage\"},\"thumbnailUrl\":\"https:\\\/\\\/minhducfurniture.com\\\/wp-content\\\/uploads\\\/2025\\\/11\\\/Stackable-plastic-lawn-chairs.jpg\",\"datePublished\":\"2025-11-25T03:12:19+00:00\",\"dateModified\":\"2025-12-06T19:07:04+00:00\",\"description\":\"Les chaises de jardin empilables en plastique PP (polypropyl\u00e8ne) sont le choix id\u00e9al si vous recherchez des chaises d'ext\u00e9rieur abordables et durables,\",\"breadcrumb\":{\"@id\":\"https:\\\/\\\/minhducfurniture.com\\\/fr\\\/product\\\/chaises-de-jardin-en-plastique-empilables-pp-abordables-pour-lexterieur\\\/#breadcrumb\"},\"inLanguage\":\"fr-FR\",\"potentialAction\":[{\"@type\":\"ReadAction\",\"target\":[\"https:\\\/\\\/minhducfurniture.com\\\/fr\\\/product\\\/chaises-de-jardin-en-plastique-empilables-pp-abordables-pour-lexterieur\\\/\"]}]},{\"@type\":\"ImageObject\",\"inLanguage\":\"fr-FR\",\"@id\":\"https:\\\/\\\/minhducfurniture.com\\\/fr\\\/product\\\/chaises-de-jardin-en-plastique-empilables-pp-abordables-pour-lexterieur\\\/#primaryimage\",\"url\":\"https:\\\/\\\/minhducfurniture.com\\\/wp-content\\\/uploads\\\/2025\\\/11\\\/Stackable-plastic-lawn-chairs.jpg\",\"contentUrl\":\"https:\\\/\\\/minhducfurniture.com\\\/wp-content\\\/uploads\\\/2025\\\/11\\\/Stackable-plastic-lawn-chairs.jpg\",\"width\":700,\"height\":700,\"caption\":\"Chaises de jardin en plastique empilables\"},{\"@type\":\"BreadcrumbList\",\"@id\":\"https:\\\/\\\/minhducfurniture.com\\\/fr\\\/product\\\/chaises-de-jardin-en-plastique-empilables-pp-abordables-pour-lexterieur\\\/#breadcrumb\",\"itemListElement\":[{\"@type\":\"ListItem\",\"position\":1,\"name\":\"Home\",\"item\":\"https:\\\/\\\/minhducfurniture.com\\\/fr\\\/\"},{\"@type\":\"ListItem\",\"position\":2,\"name\":\"Shop\",\"item\":\"https:\\\/\\\/minhducfurniture.com\\\/shop\\\/\"},{\"@type\":\"ListItem\",\"position\":3,\"name\":\"Chaises de jardin en plastique empilables PP abordables pour l&rsquo;ext\u00e9rieur\"}]},{\"@type\":\"WebSite\",\"@id\":\"https:\\\/\\\/minhducfurniture.com\\\/fr\\\/#website\",\"url\":\"https:\\\/\\\/minhducfurniture.com\\\/fr\\\/\",\"name\":\"Minh Duc Furniture\",\"description\":\"Vietnam Furniture Supplier\",\"publisher\":{\"@id\":\"https:\\\/\\\/minhducfurniture.com\\\/fr\\\/#organization\"},\"alternateName\":\"Vietnam Online Shop\",\"potentialAction\":[{\"@type\":\"SearchAction\",\"target\":{\"@type\":\"EntryPoint\",\"urlTemplate\":\"https:\\\/\\\/minhducfurniture.com\\\/fr\\\/?s={search_term_string}\"},\"query-input\":{\"@type\":\"PropertyValueSpecification\",\"valueRequired\":true,\"valueName\":\"search_term_string\"}}],\"inLanguage\":\"fr-FR\"},{\"@type\":\"Organization\",\"@id\":\"https:\\\/\\\/minhducfurniture.com\\\/fr\\\/#organization\",\"name\":\"Minh Duc Furniture\",\"alternateName\":\"Vietnam Furniture Export\",\"url\":\"https:\\\/\\\/minhducfurniture.com\\\/fr\\\/\",\"logo\":{\"@type\":\"ImageObject\",\"inLanguage\":\"fr-FR\",\"@id\":\"https:\\\/\\\/minhducfurniture.com\\\/fr\\\/#\\\/schema\\\/logo\\\/image\\\/\",\"url\":\"\",\"contentUrl\":\"\",\"caption\":\"Minh Duc Furniture\"},\"image\":{\"@id\":\"https:\\\/\\\/minhducfurniture.com\\\/fr\\\/#\\\/schema\\\/logo\\\/image\\\/\"},\"sameAs\":[\"https:\\\/\\\/www.pinterest.com\\\/hienthaoshop\\\/pins\\\/\"]}]}<\/script>\n<!-- \/ Yoast SEO plugin. -->","yoast_head_json":{"title":"Chaises de jardin en plastique empilables PP abordables pour l'ext\u00e9rieur - Minh Duc Furniture","description":"Les chaises de jardin empilables en plastique PP (polypropyl\u00e8ne) sont le choix id\u00e9al si vous recherchez des chaises d'ext\u00e9rieur abordables et durables,","robots":{"index":"index","follow":"follow","max-snippet":"max-snippet:-1","max-image-preview":"max-image-preview:large","max-video-preview":"max-video-preview:-1"},"canonical":"https:\/\/minhducfurniture.com\/fr\/product\/chaises-de-jardin-en-plastique-empilables-pp-abordables-pour-lexterieur\/","og_locale":"fr_FR","og_type":"article","og_title":"Chaises de jardin en plastique empilables PP abordables pour l'ext\u00e9rieur - Minh Duc Furniture","og_description":"Les chaises de jardin empilables en plastique PP (polypropyl\u00e8ne) sont le choix id\u00e9al si vous recherchez des chaises d'ext\u00e9rieur abordables et durables,","og_url":"https:\/\/minhducfurniture.com\/fr\/product\/chaises-de-jardin-en-plastique-empilables-pp-abordables-pour-lexterieur\/","og_site_name":"Minh Duc Furniture","article_modified_time":"2025-12-06T19:07:04+00:00","og_image":[{"width":700,"height":700,"url":"https:\/\/minhducfurniture.com\/wp-content\/uploads\/2025\/11\/Stackable-plastic-lawn-chairs.jpg","type":"image\/jpeg"}],"twitter_card":"summary_large_image","twitter_misc":{"Dur\u00e9e de lecture estim\u00e9e":"2 minutes"},"schema":{"@context":"https:\/\/schema.org","@graph":[{"@type":"WebPage","@id":"https:\/\/minhducfurniture.com\/fr\/product\/chaises-de-jardin-en-plastique-empilables-pp-abordables-pour-lexterieur\/","url":"https:\/\/minhducfurniture.com\/fr\/product\/chaises-de-jardin-en-plastique-empilables-pp-abordables-pour-lexterieur\/","name":"Chaises de jardin en plastique empilables PP abordables pour l'ext\u00e9rieur - Minh Duc Furniture","isPartOf":{"@id":"https:\/\/minhducfurniture.com\/fr\/#website"},"primaryImageOfPage":{"@id":"https:\/\/minhducfurniture.com\/fr\/product\/chaises-de-jardin-en-plastique-empilables-pp-abordables-pour-lexterieur\/#primaryimage"},"image":{"@id":"https:\/\/minhducfurniture.com\/fr\/product\/chaises-de-jardin-en-plastique-empilables-pp-abordables-pour-lexterieur\/#primaryimage"},"thumbnailUrl":"https:\/\/minhducfurniture.com\/wp-content\/uploads\/2025\/11\/Stackable-plastic-lawn-chairs.jpg","datePublished":"2025-11-25T03:12:19+00:00","dateModified":"2025-12-06T19:07:04+00:00","description":"Les chaises de jardin empilables en plastique PP (polypropyl\u00e8ne) sont le choix id\u00e9al si vous recherchez des chaises d'ext\u00e9rieur abordables et durables,","breadcrumb":{"@id":"https:\/\/minhducfurniture.com\/fr\/product\/chaises-de-jardin-en-plastique-empilables-pp-abordables-pour-lexterieur\/#breadcrumb"},"inLanguage":"fr-FR","potentialAction":[{"@type":"ReadAction","target":["https:\/\/minhducfurniture.com\/fr\/product\/chaises-de-jardin-en-plastique-empilables-pp-abordables-pour-lexterieur\/"]}]},{"@type":"ImageObject","inLanguage":"fr-FR","@id":"https:\/\/minhducfurniture.com\/fr\/product\/chaises-de-jardin-en-plastique-empilables-pp-abordables-pour-lexterieur\/#primaryimage","url":"https:\/\/minhducfurniture.com\/wp-content\/uploads\/2025\/11\/Stackable-plastic-lawn-chairs.jpg","contentUrl":"https:\/\/minhducfurniture.com\/wp-content\/uploads\/2025\/11\/Stackable-plastic-lawn-chairs.jpg","width":700,"height":700,"caption":"Chaises de jardin en plastique empilables"},{"@type":"BreadcrumbList","@id":"https:\/\/minhducfurniture.com\/fr\/product\/chaises-de-jardin-en-plastique-empilables-pp-abordables-pour-lexterieur\/#breadcrumb","itemListElement":[{"@type":"ListItem","position":1,"name":"Home","item":"https:\/\/minhducfurniture.com\/fr\/"},{"@type":"ListItem","position":2,"name":"Shop","item":"https:\/\/minhducfurniture.com\/shop\/"},{"@type":"ListItem","position":3,"name":"Chaises de jardin en plastique empilables PP abordables pour l&rsquo;ext\u00e9rieur"}]},{"@type":"WebSite","@id":"https:\/\/minhducfurniture.com\/fr\/#website","url":"https:\/\/minhducfurniture.com\/fr\/","name":"Minh Duc Furniture","description":"Vietnam Furniture Supplier","publisher":{"@id":"https:\/\/minhducfurniture.com\/fr\/#organization"},"alternateName":"Vietnam Online Shop","potentialAction":[{"@type":"SearchAction","target":{"@type":"EntryPoint","urlTemplate":"https:\/\/minhducfurniture.com\/fr\/?s={search_term_string}"},"query-input":{"@type":"PropertyValueSpecification","valueRequired":true,"valueName":"search_term_string"}}],"inLanguage":"fr-FR"},{"@type":"Organization","@id":"https:\/\/minhducfurniture.com\/fr\/#organization","name":"Minh Duc Furniture","alternateName":"Vietnam Furniture Export","url":"https:\/\/minhducfurniture.com\/fr\/","logo":{"@type":"ImageObject","inLanguage":"fr-FR","@id":"https:\/\/minhducfurniture.com\/fr\/#\/schema\/logo\/image\/","url":"","contentUrl":"","caption":"Minh Duc Furniture"},"image":{"@id":"https:\/\/minhducfurniture.com\/fr\/#\/schema\/logo\/image\/"},"sameAs":["https:\/\/www.pinterest.com\/hienthaoshop\/pins\/"]}]}},"_links":{"self":[{"href":"https:\/\/minhducfurniture.com\/fr\/wp-json\/wp\/v2\/product\/54294","targetHints":{"allow":["GET"]}}],"collection":[{"href":"https:\/\/minhducfurniture.com\/fr\/wp-json\/wp\/v2\/product"}],"about":[{"href":"https:\/\/minhducfurniture.com\/fr\/wp-json\/wp\/v2\/types\/product"}],"replies":[{"embeddable":true,"href":"https:\/\/minhducfurniture.com\/fr\/wp-json\/wp\/v2\/comments?post=54294"}],"wp:featuredmedia":[{"embeddable":true,"href":"https:\/\/minhducfurniture.com\/fr\/wp-json\/wp\/v2\/media\/54293"}],"wp:attachment":[{"href":"https:\/\/minhducfurniture.com\/fr\/wp-json\/wp\/v2\/media?parent=54294"}],"wp:term":[{"taxonomy":"product_brand","embeddable":true,"href":"https:\/\/minhducfurniture.com\/fr\/wp-json\/wp\/v2\/product_brand?post=54294"},{"taxonomy":"product_cat","embeddable":true,"href":"https:\/\/minhducfurniture.com\/fr\/wp-json\/wp\/v2\/product_cat?post=54294"},{"taxonomy":"product_tag","embeddable":true,"href":"https:\/\/minhducfurniture.com\/fr\/wp-json\/wp\/v2\/product_tag?post=54294"}],"curies":[{"name":"wp","href":"https:\/\/api.w.org\/{rel}","templated":true}]}}