{"id":54238,"date":"2025-11-23T16:17:29","date_gmt":"2025-11-23T09:17:29","guid":{"rendered":"https:\/\/minhducfurniture.com\/product\/tables-en-polypropylene-pour-lexterieur-design-minimaliste-pour-les-espaces-modernes\/"},"modified":"2025-12-07T02:08:27","modified_gmt":"2025-12-06T19:08:27","slug":"tables-en-polypropylene-pour-lexterieur-design-minimaliste-pour-les-espaces-modernes","status":"publish","type":"product","link":"https:\/\/minhducfurniture.com\/fr\/product\/tables-en-polypropylene-pour-lexterieur-design-minimaliste-pour-les-espaces-modernes\/","title":{"rendered":"Tables en polypropyl\u00e8ne pour l&rsquo;ext\u00e9rieur, design minimaliste pour les espaces modernes"},"content":{"rendered":"<h2><span style=\"font-size: 90%\">Tables en polypropyl\u00e8ne pour ext\u00e9rieur &#8211; Table ronde minimaliste en PP<\/span><\/h2>\n<div>La collection de <strong>tables en polypropyl\u00e8ne pour l&rsquo;ext\u00e9rieur<\/strong> pr\u00e9sente une table ronde minimaliste et \u00e9l\u00e9gante, fabriqu\u00e9e en PP (polypropyl\u00e8ne) de haute qualit\u00e9. Avec une silhouette courb\u00e9e et un style contemporain, cette table est con\u00e7ue pour rehausser les espaces ext\u00e9rieurs modernes tels que les jardins, les balcons, les patios, les caf\u00e9s et les zones au bord de la piscine. <\/div>\n<div>Sa construction l\u00e9g\u00e8re, son mat\u00e9riau durable et son esth\u00e9tique \u00e9pur\u00e9e en font un choix parfait pour une utilisation ext\u00e9rieure r\u00e9sidentielle et commerciale\t<div id=\"gap-1016837012\" class=\"gap-element clearfix\" style=\"display:block; height:auto;\">\n\t\t\n<style>\n#gap-1016837012 {\n  padding-top: 15px;\n}\n<\/style>\n\t<\/div>\n\t<\/div>\n<div><\/div>\n<div>\n<figure id=\"attachment_54233\" aria-describedby=\"caption-attachment-54233\" style=\"width: 850px\" class=\"wp-caption aligncenter\"><img decoding=\"async\" class=\"size-full wp-image-54159\" src=\"https:\/\/minhducfurniture.com\/wp-content\/uploads\/2025\/11\/Polypropylene-tables-outdoor.jpg\" alt=\"Tables en polypropyl\u00e8ne pour l'ext\u00e9rieur\" width=\"850\" height=\"597\" srcset=\"https:\/\/minhducfurniture.com\/wp-content\/uploads\/2025\/11\/Polypropylene-tables-outdoor.jpg 850w, https:\/\/minhducfurniture.com\/wp-content\/uploads\/2025\/11\/Polypropylene-tables-outdoor-570x400.jpg 570w, https:\/\/minhducfurniture.com\/wp-content\/uploads\/2025\/11\/Polypropylene-tables-outdoor-768x539.jpg 768w, https:\/\/minhducfurniture.com\/wp-content\/uploads\/2025\/11\/Polypropylene-tables-outdoor-510x358.jpg 510w\" sizes=\"(max-width: 850px) 100vw, 850px\" \/><figcaption id=\"caption-attachment-54233\" class=\"wp-caption-text\">Tables en polypropyl\u00e8ne pour l&rsquo;ext\u00e9rieur<\/figcaption><\/figure>\n<\/div>\n<div><\/div>\n<div>\n<h3>Caract\u00e9ristiques principales des tables en polypropyl\u00e8ne pour l&rsquo;ext\u00e9rieur<\/h3>\n<ul>\n<li>Mat\u00e9riau en polypropyl\u00e8ne de premi\u00e8re qualit\u00e9 : PP r\u00e9sistant aux intemp\u00e9ries, au soleil, \u00e0 la pluie et \u00e0 l&rsquo;humidit\u00e9 sans se d\u00e9colorer ni se d\u00e9former.<\/li>\n<li>Design minimaliste et contemporain : Un plateau rond et lisse, des bords doucement incurv\u00e9s et une structure \u00e0 trois pieds sans soudure pour un look moderne et \u00e9l\u00e9gant.<\/li>\n<li>L\u00e9ger mais stable : Facile \u00e0 d\u00e9placer tout en restant robuste gr\u00e2ce \u00e0 sa solide base en PP.<\/li>\n<li>Facile \u00e0 nettoyer : Surface lisse, sans poussi\u00e8re, qui se nettoie sans effort.<\/li>\n<li>Application polyvalente \u00e0 l&rsquo;ext\u00e9rieur : Id\u00e9al pour les jardins, les terrasses, les balcons, les caf\u00e9s ou m\u00eame les coins d\u00e9coratifs d&rsquo;int\u00e9rieur.<\/li>\n<\/ul>\n<figure id=\"attachment_54234\" aria-describedby=\"caption-attachment-54234\" style=\"width: 850px\" class=\"wp-caption aligncenter\"><img decoding=\"async\" class=\"size-full wp-image-54163\" src=\"https:\/\/minhducfurniture.com\/wp-content\/uploads\/2025\/11\/Polypropylene-tables-outdoor-in-patio-1.jpg\" alt=\"Table en polypropyl\u00e8ne pour l'ext\u00e9rieur\" width=\"850\" height=\"562\" srcset=\"https:\/\/minhducfurniture.com\/wp-content\/uploads\/2025\/11\/Polypropylene-tables-outdoor-in-patio-1.jpg 850w, https:\/\/minhducfurniture.com\/wp-content\/uploads\/2025\/11\/Polypropylene-tables-outdoor-in-patio-1-605x400.jpg 605w, https:\/\/minhducfurniture.com\/wp-content\/uploads\/2025\/11\/Polypropylene-tables-outdoor-in-patio-1-768x508.jpg 768w, https:\/\/minhducfurniture.com\/wp-content\/uploads\/2025\/11\/Polypropylene-tables-outdoor-in-patio-1-510x337.jpg 510w\" sizes=\"(max-width: 850px) 100vw, 850px\" \/><figcaption id=\"caption-attachment-54234\" class=\"wp-caption-text\">Table en polypropyl\u00e8ne pour l&rsquo;ext\u00e9rieur<\/figcaption><\/figure>\n<h4>Description du produit<\/h4>\n<ul>\n<li>Code produit : MDS-3015<\/li>\n<li>Taille de la chaise : H450mm*R500mm*W500<\/li>\n<li>100% plastique PP avec rev\u00eatement anti-UV<\/li>\n<li>Poids de chargement : 120kg\/ 264.5lbs<\/li>\n<li>Origine du produit : Viet Nam<\/li>\n<\/ul>\n<figure id=\"attachment_54235\" aria-describedby=\"caption-attachment-54235\" style=\"width: 850px\" class=\"wp-caption aligncenter\"><img decoding=\"async\" class=\"size-full wp-image-54161\" src=\"https:\/\/minhducfurniture.com\/wp-content\/uploads\/2025\/11\/The-actual-polypropylene-tables-outdoor.jpg\" alt=\"Les tables en polypropyl\u00e8ne pour l'ext\u00e9rieur\" width=\"850\" height=\"546\" srcset=\"https:\/\/minhducfurniture.com\/wp-content\/uploads\/2025\/11\/The-actual-polypropylene-tables-outdoor.jpg 850w, https:\/\/minhducfurniture.com\/wp-content\/uploads\/2025\/11\/The-actual-polypropylene-tables-outdoor-623x400.jpg 623w, https:\/\/minhducfurniture.com\/wp-content\/uploads\/2025\/11\/The-actual-polypropylene-tables-outdoor-768x493.jpg 768w, https:\/\/minhducfurniture.com\/wp-content\/uploads\/2025\/11\/The-actual-polypropylene-tables-outdoor-510x328.jpg 510w\" sizes=\"(max-width: 850px) 100vw, 850px\" \/><figcaption id=\"caption-attachment-54235\" class=\"wp-caption-text\">Les tables en polypropyl\u00e8ne pour l&rsquo;ext\u00e9rieur<\/figcaption><\/figure>\n<h4>Informations sur les commandes<\/h4>\n<ul>\n<li>Quantit\u00e9 minimale de commande (MOQ) : 50 pi\u00e8ces<\/li>\n<li>D\u00e9lai de livraison : 30-35 jours apr\u00e8s le d\u00e9p\u00f4t<\/li>\n<li>D\u00e9lai de livraison : FOB port de Hai Phong, Vietnam<\/li>\n<li>Modalit\u00e9s de paiement : T\/T 30% de d\u00e9p\u00f4t, 70% de solde avant l&rsquo;exp\u00e9dition<\/li>\n<li>Si vous avez une conception personnalis\u00e9e et que vous avez besoin d&rsquo;une production de masse, veuillez nous contacter pour obtenir de l&rsquo;aide.<\/li>\n<\/ul>\n<figure id=\"attachment_54236\" aria-describedby=\"caption-attachment-54236\" style=\"width: 850px\" class=\"wp-caption aligncenter\"><img decoding=\"async\" class=\"size-full wp-image-54162\" src=\"https:\/\/minhducfurniture.com\/wp-content\/uploads\/2025\/11\/Polypropylene-table-outdoor-with-green-chairs.jpg\" alt=\"Table d'ext\u00e9rieur en polypropyl\u00e8ne avec chaises vertes\" width=\"850\" height=\"520\" srcset=\"https:\/\/minhducfurniture.com\/wp-content\/uploads\/2025\/11\/Polypropylene-table-outdoor-with-green-chairs.jpg 850w, https:\/\/minhducfurniture.com\/wp-content\/uploads\/2025\/11\/Polypropylene-table-outdoor-with-green-chairs-654x400.jpg 654w, https:\/\/minhducfurniture.com\/wp-content\/uploads\/2025\/11\/Polypropylene-table-outdoor-with-green-chairs-768x470.jpg 768w, https:\/\/minhducfurniture.com\/wp-content\/uploads\/2025\/11\/Polypropylene-table-outdoor-with-green-chairs-510x312.jpg 510w\" sizes=\"(max-width: 850px) 100vw, 850px\" \/><figcaption id=\"caption-attachment-54236\" class=\"wp-caption-text\">Table d&rsquo;ext\u00e9rieur en polypropyl\u00e8ne avec chaises vertes<\/figcaption><\/figure>\n<h4>Informations sur le contact<\/h4>\n<ul>\n<li>Minh Duc Public Furniture Co.<\/li>\n<li>Adresse : Villa H02-L11 An Phu, Duong Noi, Ha Dong, Hanoi, Vietnam<\/li>\n<li>Phone\/WhatsApp\/Zalo : +84 908 314 939<\/li>\n<\/ul>\n<p>Plus de nos collections<\/p>\n<ul>\n<li><span style=\"color: #008080\"><a style=\"color: #008080\" href=\"https:\/\/minhducfurniture.com\/fr\/product\/chaises-en-polypropylene-pour-lexterieur-pour-une-solution-dassise-elegante\/\">Chaises en polypropyl\u00e8ne pour l&rsquo;ext\u00e9rieur pour une solution d&rsquo;assise durable et \u00e9l\u00e9gante<\/a><\/span><\/li>\n<li>\n<div><span style=\"color: #008080\"><a style=\"color: #008080\" href=\"https:\/\/minhducfurniture.com\/fr\/product\/fauteuil-a-structure-metallique-noire-fauteuil-a-structure-metallique-pour-lexportation\/\">Fauteuil \u00e0 structure m\u00e9tallique noire Fauteuil \u00e0 structure m\u00e9tallique pour l&rsquo;exportation<\/a><\/span><\/div>\n<\/li>\n<\/ul>\n<p><span style=\"color: #008080\"><div class=\"social-icons share-icons share-row relative\" ><a href=\"whatsapp:\/\/send?text=Tables%20en%20polypropyl%C3%A8ne%20pour%20l%26rsquo%3Bext%C3%A9rieur%2C%20design%20minimaliste%20pour%20les%20espaces%20modernes - https:\/\/minhducfurniture.com\/fr\/product\/tables-en-polypropylene-pour-lexterieur-design-minimaliste-pour-les-espaces-modernes\/\" data-action=\"share\/whatsapp\/share\" class=\"icon primary button round tooltip whatsapp show-for-medium\" title=\"Partager sur WhatsApp\" aria-label=\"Partager sur WhatsApp\"><i class=\"icon-whatsapp\" aria-hidden=\"true\"><\/i><\/a><a href=\"https:\/\/www.facebook.com\/sharer.php?u=https:\/\/minhducfurniture.com\/fr\/product\/tables-en-polypropylene-pour-lexterieur-design-minimaliste-pour-les-espaces-modernes\/\" data-label=\"Facebook\" onclick=\"window.open(this.href,this.title,'width=500,height=500,top=300px,left=300px'); return false;\" target=\"_blank\" class=\"icon primary button round tooltip facebook\" title=\"Partager sur Facebook\" aria-label=\"Partager sur Facebook\" rel=\"noopener nofollow\"><i class=\"icon-facebook\" aria-hidden=\"true\"><\/i><\/a><a href=\"https:\/\/twitter.com\/share?url=https:\/\/minhducfurniture.com\/fr\/product\/tables-en-polypropylene-pour-lexterieur-design-minimaliste-pour-les-espaces-modernes\/\" onclick=\"window.open(this.href,this.title,'width=500,height=500,top=300px,left=300px'); return false;\" target=\"_blank\" class=\"icon primary button round tooltip twitter\" title=\"Partager sur Twitter\" aria-label=\"Partager sur Twitter\" rel=\"noopener nofollow\"><i class=\"icon-twitter\" aria-hidden=\"true\"><\/i><\/a><a href=\"mailto:?subject=Tables%20en%20polypropyl%C3%A8ne%20pour%20l%26rsquo%3Bext%C3%A9rieur%2C%20design%20minimaliste%20pour%20les%20espaces%20modernes&body=Regarde%20%C3%A7a%3A%20https%3A%2F%2Fminhducfurniture.com%2Ffr%2Fproduct%2Ftables-en-polypropylene-pour-lexterieur-design-minimaliste-pour-les-espaces-modernes%2F\" class=\"icon primary button round tooltip email\" title=\"Envoyer par mail\" aria-label=\"Envoyer par mail\" rel=\"nofollow\"><i class=\"icon-envelop\" aria-hidden=\"true\"><\/i><\/a><a href=\"https:\/\/pinterest.com\/pin\/create\/button?url=https:\/\/minhducfurniture.com\/fr\/product\/tables-en-polypropylene-pour-lexterieur-design-minimaliste-pour-les-espaces-modernes\/&media=https:\/\/minhducfurniture.com\/wp-content\/uploads\/2025\/11\/White-polypropylene-table-outdoor.jpg&description=Tables%20en%20polypropyl%C3%A8ne%20pour%20l%26rsquo%3Bext%C3%A9rieur%2C%20design%20minimaliste%20pour%20les%20espaces%20modernes\" onclick=\"window.open(this.href,this.title,'width=500,height=500,top=300px,left=300px'); return false;\" target=\"_blank\" class=\"icon primary button round tooltip pinterest\" title=\"Epingler sur Pinterest\" aria-label=\"Epingler sur Pinterest\" rel=\"noopener nofollow\"><i class=\"icon-pinterest\" aria-hidden=\"true\"><\/i><\/a><a href=\"https:\/\/www.linkedin.com\/shareArticle?mini=true&url=https:\/\/minhducfurniture.com\/fr\/product\/tables-en-polypropylene-pour-lexterieur-design-minimaliste-pour-les-espaces-modernes\/&title=Tables%20en%20polypropyl%C3%A8ne%20pour%20l%26rsquo%3Bext%C3%A9rieur%2C%20design%20minimaliste%20pour%20les%20espaces%20modernes\" onclick=\"window.open(this.href,this.title,'width=500,height=500,top=300px,left=300px'); return false;\" target=\"_blank\" class=\"icon primary button round tooltip linkedin\" title=\"Partager sur LinkedIn\" aria-label=\"Partager sur LinkedIn\" rel=\"noopener nofollow\"><i class=\"icon-linkedin\" aria-hidden=\"true\"><\/i><\/a><\/div>.<\/span><\/p>\n<\/div>\n","protected":false},"excerpt":{"rendered":"<ul>\n<li>Code produit : MDS-3015<\/li>\n<li>Taille de la chaise : H450mm*R500mm*W500<\/li>\n<li>100% plastique PP avec rev\u00eatement anti-UV<\/li>\n<li>Poids de chargement : 120kg\/ 264.5lbs<\/li>\n<li>Origine du produit : Viet Nam<\/li>\n<li>Hotline\/ WhatsApp:+84908314939<\/li>\n<\/ul>\n","protected":false},"featured_media":54237,"comment_status":"open","ping_status":"closed","template":"","meta":[],"product_brand":[],"product_cat":[13045],"product_tag":[13061],"class_list":{"0":"post-54238","1":"product","2":"type-product","3":"status-publish","4":"has-post-thumbnail","6":"product_cat-tables","7":"product_tag-chaises-dexterieur","9":"first","10":"instock","11":"shipping-taxable","12":"product-type-simple"},"yoast_head":"<!-- This site is optimized with the Yoast SEO plugin v27.4 - https:\/\/yoast.com\/product\/yoast-seo-wordpress\/ -->\n<title>Tables en polypropyl\u00e8ne pour l&#039;ext\u00e9rieur, design minimaliste pour les espaces modernes - Minh Duc Furniture<\/title>\n<meta name=\"description\" content=\"La collection de tables en polypropyl\u00e8ne pour l&#039;ext\u00e9rieur pr\u00e9sente une table ronde minimaliste et \u00e9l\u00e9gante, fabriqu\u00e9e en PP (polypropyl\u00e8ne) de haute qualit\u00e9.\" \/>\n<meta name=\"robots\" content=\"index, follow, max-snippet:-1, max-image-preview:large, max-video-preview:-1\" \/>\n<link rel=\"canonical\" href=\"https:\/\/minhducfurniture.com\/fr\/product\/tables-en-polypropylene-pour-lexterieur-design-minimaliste-pour-les-espaces-modernes\/\" \/>\n<meta property=\"og:locale\" content=\"fr_FR\" \/>\n<meta property=\"og:type\" content=\"article\" \/>\n<meta property=\"og:title\" content=\"Tables en polypropyl\u00e8ne pour l&#039;ext\u00e9rieur, design minimaliste pour les espaces modernes - Minh Duc Furniture\" \/>\n<meta property=\"og:description\" content=\"La collection de tables en polypropyl\u00e8ne pour l&#039;ext\u00e9rieur pr\u00e9sente une table ronde minimaliste et \u00e9l\u00e9gante, fabriqu\u00e9e en PP (polypropyl\u00e8ne) de haute qualit\u00e9.\" \/>\n<meta property=\"og:url\" content=\"https:\/\/minhducfurniture.com\/fr\/product\/tables-en-polypropylene-pour-lexterieur-design-minimaliste-pour-les-espaces-modernes\/\" \/>\n<meta property=\"og:site_name\" content=\"Minh Duc Furniture\" \/>\n<meta property=\"article:modified_time\" content=\"2025-12-06T19:08:27+00:00\" \/>\n<meta property=\"og:image\" content=\"https:\/\/minhducfurniture.com\/wp-content\/uploads\/2025\/11\/White-polypropylene-table-outdoor.jpg\" \/>\n\t<meta property=\"og:image:width\" content=\"651\" \/>\n\t<meta property=\"og:image:height\" content=\"651\" \/>\n\t<meta property=\"og:image:type\" content=\"image\/jpeg\" \/>\n<meta name=\"twitter:card\" content=\"summary_large_image\" \/>\n<meta name=\"twitter:label1\" content=\"Dur\u00e9e de lecture estim\u00e9e\" \/>\n\t<meta name=\"twitter:data1\" content=\"2 minutes\" \/>\n<script type=\"application\/ld+json\" class=\"yoast-schema-graph\">{\"@context\":\"https:\\\/\\\/schema.org\",\"@graph\":[{\"@type\":\"WebPage\",\"@id\":\"https:\\\/\\\/minhducfurniture.com\\\/fr\\\/product\\\/tables-en-polypropylene-pour-lexterieur-design-minimaliste-pour-les-espaces-modernes\\\/\",\"url\":\"https:\\\/\\\/minhducfurniture.com\\\/fr\\\/product\\\/tables-en-polypropylene-pour-lexterieur-design-minimaliste-pour-les-espaces-modernes\\\/\",\"name\":\"Tables en polypropyl\u00e8ne pour l'ext\u00e9rieur, design minimaliste pour les espaces modernes - Minh Duc Furniture\",\"isPartOf\":{\"@id\":\"https:\\\/\\\/minhducfurniture.com\\\/fr\\\/#website\"},\"primaryImageOfPage\":{\"@id\":\"https:\\\/\\\/minhducfurniture.com\\\/fr\\\/product\\\/tables-en-polypropylene-pour-lexterieur-design-minimaliste-pour-les-espaces-modernes\\\/#primaryimage\"},\"image\":{\"@id\":\"https:\\\/\\\/minhducfurniture.com\\\/fr\\\/product\\\/tables-en-polypropylene-pour-lexterieur-design-minimaliste-pour-les-espaces-modernes\\\/#primaryimage\"},\"thumbnailUrl\":\"https:\\\/\\\/minhducfurniture.com\\\/wp-content\\\/uploads\\\/2025\\\/11\\\/White-polypropylene-table-outdoor.jpg\",\"datePublished\":\"2025-11-23T09:17:29+00:00\",\"dateModified\":\"2025-12-06T19:08:27+00:00\",\"description\":\"La collection de tables en polypropyl\u00e8ne pour l'ext\u00e9rieur pr\u00e9sente une table ronde minimaliste et \u00e9l\u00e9gante, fabriqu\u00e9e en PP (polypropyl\u00e8ne) de haute qualit\u00e9.\",\"breadcrumb\":{\"@id\":\"https:\\\/\\\/minhducfurniture.com\\\/fr\\\/product\\\/tables-en-polypropylene-pour-lexterieur-design-minimaliste-pour-les-espaces-modernes\\\/#breadcrumb\"},\"inLanguage\":\"fr-FR\",\"potentialAction\":[{\"@type\":\"ReadAction\",\"target\":[\"https:\\\/\\\/minhducfurniture.com\\\/fr\\\/product\\\/tables-en-polypropylene-pour-lexterieur-design-minimaliste-pour-les-espaces-modernes\\\/\"]}]},{\"@type\":\"ImageObject\",\"inLanguage\":\"fr-FR\",\"@id\":\"https:\\\/\\\/minhducfurniture.com\\\/fr\\\/product\\\/tables-en-polypropylene-pour-lexterieur-design-minimaliste-pour-les-espaces-modernes\\\/#primaryimage\",\"url\":\"https:\\\/\\\/minhducfurniture.com\\\/wp-content\\\/uploads\\\/2025\\\/11\\\/White-polypropylene-table-outdoor.jpg\",\"contentUrl\":\"https:\\\/\\\/minhducfurniture.com\\\/wp-content\\\/uploads\\\/2025\\\/11\\\/White-polypropylene-table-outdoor.jpg\",\"width\":651,\"height\":651,\"caption\":\"Tables en polypropyl\u00e8ne blanc pour l'ext\u00e9rieur\"},{\"@type\":\"BreadcrumbList\",\"@id\":\"https:\\\/\\\/minhducfurniture.com\\\/fr\\\/product\\\/tables-en-polypropylene-pour-lexterieur-design-minimaliste-pour-les-espaces-modernes\\\/#breadcrumb\",\"itemListElement\":[{\"@type\":\"ListItem\",\"position\":1,\"name\":\"Home\",\"item\":\"https:\\\/\\\/minhducfurniture.com\\\/fr\\\/\"},{\"@type\":\"ListItem\",\"position\":2,\"name\":\"Shop\",\"item\":\"https:\\\/\\\/minhducfurniture.com\\\/shop\\\/\"},{\"@type\":\"ListItem\",\"position\":3,\"name\":\"Tables en polypropyl\u00e8ne pour l&rsquo;ext\u00e9rieur, design minimaliste pour les espaces modernes\"}]},{\"@type\":\"WebSite\",\"@id\":\"https:\\\/\\\/minhducfurniture.com\\\/fr\\\/#website\",\"url\":\"https:\\\/\\\/minhducfurniture.com\\\/fr\\\/\",\"name\":\"Minh Duc Furniture\",\"description\":\"Vietnam Furniture Supplier\",\"publisher\":{\"@id\":\"https:\\\/\\\/minhducfurniture.com\\\/fr\\\/#organization\"},\"alternateName\":\"Vietnam Online Shop\",\"potentialAction\":[{\"@type\":\"SearchAction\",\"target\":{\"@type\":\"EntryPoint\",\"urlTemplate\":\"https:\\\/\\\/minhducfurniture.com\\\/fr\\\/?s={search_term_string}\"},\"query-input\":{\"@type\":\"PropertyValueSpecification\",\"valueRequired\":true,\"valueName\":\"search_term_string\"}}],\"inLanguage\":\"fr-FR\"},{\"@type\":\"Organization\",\"@id\":\"https:\\\/\\\/minhducfurniture.com\\\/fr\\\/#organization\",\"name\":\"Minh Duc Furniture\",\"alternateName\":\"Vietnam Furniture Export\",\"url\":\"https:\\\/\\\/minhducfurniture.com\\\/fr\\\/\",\"logo\":{\"@type\":\"ImageObject\",\"inLanguage\":\"fr-FR\",\"@id\":\"https:\\\/\\\/minhducfurniture.com\\\/fr\\\/#\\\/schema\\\/logo\\\/image\\\/\",\"url\":\"\",\"contentUrl\":\"\",\"caption\":\"Minh Duc Furniture\"},\"image\":{\"@id\":\"https:\\\/\\\/minhducfurniture.com\\\/fr\\\/#\\\/schema\\\/logo\\\/image\\\/\"},\"sameAs\":[\"https:\\\/\\\/www.pinterest.com\\\/hienthaoshop\\\/pins\\\/\"]}]}<\/script>\n<!-- \/ Yoast SEO plugin. -->","yoast_head_json":{"title":"Tables en polypropyl\u00e8ne pour l'ext\u00e9rieur, design minimaliste pour les espaces modernes - Minh Duc Furniture","description":"La collection de tables en polypropyl\u00e8ne pour l'ext\u00e9rieur pr\u00e9sente une table ronde minimaliste et \u00e9l\u00e9gante, fabriqu\u00e9e en PP (polypropyl\u00e8ne) de haute qualit\u00e9.","robots":{"index":"index","follow":"follow","max-snippet":"max-snippet:-1","max-image-preview":"max-image-preview:large","max-video-preview":"max-video-preview:-1"},"canonical":"https:\/\/minhducfurniture.com\/fr\/product\/tables-en-polypropylene-pour-lexterieur-design-minimaliste-pour-les-espaces-modernes\/","og_locale":"fr_FR","og_type":"article","og_title":"Tables en polypropyl\u00e8ne pour l'ext\u00e9rieur, design minimaliste pour les espaces modernes - Minh Duc Furniture","og_description":"La collection de tables en polypropyl\u00e8ne pour l'ext\u00e9rieur pr\u00e9sente une table ronde minimaliste et \u00e9l\u00e9gante, fabriqu\u00e9e en PP (polypropyl\u00e8ne) de haute qualit\u00e9.","og_url":"https:\/\/minhducfurniture.com\/fr\/product\/tables-en-polypropylene-pour-lexterieur-design-minimaliste-pour-les-espaces-modernes\/","og_site_name":"Minh Duc Furniture","article_modified_time":"2025-12-06T19:08:27+00:00","og_image":[{"width":651,"height":651,"url":"https:\/\/minhducfurniture.com\/wp-content\/uploads\/2025\/11\/White-polypropylene-table-outdoor.jpg","type":"image\/jpeg"}],"twitter_card":"summary_large_image","twitter_misc":{"Dur\u00e9e de lecture estim\u00e9e":"2 minutes"},"schema":{"@context":"https:\/\/schema.org","@graph":[{"@type":"WebPage","@id":"https:\/\/minhducfurniture.com\/fr\/product\/tables-en-polypropylene-pour-lexterieur-design-minimaliste-pour-les-espaces-modernes\/","url":"https:\/\/minhducfurniture.com\/fr\/product\/tables-en-polypropylene-pour-lexterieur-design-minimaliste-pour-les-espaces-modernes\/","name":"Tables en polypropyl\u00e8ne pour l'ext\u00e9rieur, design minimaliste pour les espaces modernes - Minh Duc Furniture","isPartOf":{"@id":"https:\/\/minhducfurniture.com\/fr\/#website"},"primaryImageOfPage":{"@id":"https:\/\/minhducfurniture.com\/fr\/product\/tables-en-polypropylene-pour-lexterieur-design-minimaliste-pour-les-espaces-modernes\/#primaryimage"},"image":{"@id":"https:\/\/minhducfurniture.com\/fr\/product\/tables-en-polypropylene-pour-lexterieur-design-minimaliste-pour-les-espaces-modernes\/#primaryimage"},"thumbnailUrl":"https:\/\/minhducfurniture.com\/wp-content\/uploads\/2025\/11\/White-polypropylene-table-outdoor.jpg","datePublished":"2025-11-23T09:17:29+00:00","dateModified":"2025-12-06T19:08:27+00:00","description":"La collection de tables en polypropyl\u00e8ne pour l'ext\u00e9rieur pr\u00e9sente une table ronde minimaliste et \u00e9l\u00e9gante, fabriqu\u00e9e en PP (polypropyl\u00e8ne) de haute qualit\u00e9.","breadcrumb":{"@id":"https:\/\/minhducfurniture.com\/fr\/product\/tables-en-polypropylene-pour-lexterieur-design-minimaliste-pour-les-espaces-modernes\/#breadcrumb"},"inLanguage":"fr-FR","potentialAction":[{"@type":"ReadAction","target":["https:\/\/minhducfurniture.com\/fr\/product\/tables-en-polypropylene-pour-lexterieur-design-minimaliste-pour-les-espaces-modernes\/"]}]},{"@type":"ImageObject","inLanguage":"fr-FR","@id":"https:\/\/minhducfurniture.com\/fr\/product\/tables-en-polypropylene-pour-lexterieur-design-minimaliste-pour-les-espaces-modernes\/#primaryimage","url":"https:\/\/minhducfurniture.com\/wp-content\/uploads\/2025\/11\/White-polypropylene-table-outdoor.jpg","contentUrl":"https:\/\/minhducfurniture.com\/wp-content\/uploads\/2025\/11\/White-polypropylene-table-outdoor.jpg","width":651,"height":651,"caption":"Tables en polypropyl\u00e8ne blanc pour l'ext\u00e9rieur"},{"@type":"BreadcrumbList","@id":"https:\/\/minhducfurniture.com\/fr\/product\/tables-en-polypropylene-pour-lexterieur-design-minimaliste-pour-les-espaces-modernes\/#breadcrumb","itemListElement":[{"@type":"ListItem","position":1,"name":"Home","item":"https:\/\/minhducfurniture.com\/fr\/"},{"@type":"ListItem","position":2,"name":"Shop","item":"https:\/\/minhducfurniture.com\/shop\/"},{"@type":"ListItem","position":3,"name":"Tables en polypropyl\u00e8ne pour l&rsquo;ext\u00e9rieur, design minimaliste pour les espaces modernes"}]},{"@type":"WebSite","@id":"https:\/\/minhducfurniture.com\/fr\/#website","url":"https:\/\/minhducfurniture.com\/fr\/","name":"Minh Duc Furniture","description":"Vietnam Furniture Supplier","publisher":{"@id":"https:\/\/minhducfurniture.com\/fr\/#organization"},"alternateName":"Vietnam Online Shop","potentialAction":[{"@type":"SearchAction","target":{"@type":"EntryPoint","urlTemplate":"https:\/\/minhducfurniture.com\/fr\/?s={search_term_string}"},"query-input":{"@type":"PropertyValueSpecification","valueRequired":true,"valueName":"search_term_string"}}],"inLanguage":"fr-FR"},{"@type":"Organization","@id":"https:\/\/minhducfurniture.com\/fr\/#organization","name":"Minh Duc Furniture","alternateName":"Vietnam Furniture Export","url":"https:\/\/minhducfurniture.com\/fr\/","logo":{"@type":"ImageObject","inLanguage":"fr-FR","@id":"https:\/\/minhducfurniture.com\/fr\/#\/schema\/logo\/image\/","url":"","contentUrl":"","caption":"Minh Duc Furniture"},"image":{"@id":"https:\/\/minhducfurniture.com\/fr\/#\/schema\/logo\/image\/"},"sameAs":["https:\/\/www.pinterest.com\/hienthaoshop\/pins\/"]}]}},"_links":{"self":[{"href":"https:\/\/minhducfurniture.com\/fr\/wp-json\/wp\/v2\/product\/54238","targetHints":{"allow":["GET"]}}],"collection":[{"href":"https:\/\/minhducfurniture.com\/fr\/wp-json\/wp\/v2\/product"}],"about":[{"href":"https:\/\/minhducfurniture.com\/fr\/wp-json\/wp\/v2\/types\/product"}],"replies":[{"embeddable":true,"href":"https:\/\/minhducfurniture.com\/fr\/wp-json\/wp\/v2\/comments?post=54238"}],"wp:featuredmedia":[{"embeddable":true,"href":"https:\/\/minhducfurniture.com\/fr\/wp-json\/wp\/v2\/media\/54237"}],"wp:attachment":[{"href":"https:\/\/minhducfurniture.com\/fr\/wp-json\/wp\/v2\/media?parent=54238"}],"wp:term":[{"taxonomy":"product_brand","embeddable":true,"href":"https:\/\/minhducfurniture.com\/fr\/wp-json\/wp\/v2\/product_brand?post=54238"},{"taxonomy":"product_cat","embeddable":true,"href":"https:\/\/minhducfurniture.com\/fr\/wp-json\/wp\/v2\/product_cat?post=54238"},{"taxonomy":"product_tag","embeddable":true,"href":"https:\/\/minhducfurniture.com\/fr\/wp-json\/wp\/v2\/product_tag?post=54238"}],"curies":[{"name":"wp","href":"https:\/\/api.w.org\/{rel}","templated":true}]}}