{"id":54197,"date":"2025-11-23T12:13:13","date_gmt":"2025-11-23T05:13:13","guid":{"rendered":"https:\/\/minhducfurniture.com\/product\/chaises-en-polypropylene-pour-lexterieur-pour-une-solution-dassise-elegante\/"},"modified":"2025-11-29T15:12:35","modified_gmt":"2025-11-29T08:12:35","slug":"chaises-en-polypropylene-pour-lexterieur-pour-une-solution-dassise-elegante","status":"publish","type":"product","link":"https:\/\/minhducfurniture.com\/fr\/product\/chaises-en-polypropylene-pour-lexterieur-pour-une-solution-dassise-elegante\/","title":{"rendered":"Chaises en polypropyl\u00e8ne pour l&rsquo;ext\u00e9rieur, pour une solution d&rsquo;assise \u00e9l\u00e9gante"},"content":{"rendered":"<h2><span style=\"font-size: 90%\">Polypropyl\u00e8ne <\/span><span style=\"font-size: 90%\">chaises <\/span><span style=\"font-size: 90%\">ext\u00e9rieur <\/span><span style=\"font-size: 90%\">&#8211;<\/span><span style=\"font-size: 90%\"> Une solution durable et \u00e9l\u00e9gante pour tout espace ext\u00e9rieur.<\/span><\/h2>\n<p>Les <strong>chaises en polypropyl\u00e8ne pour l&rsquo;ext\u00e9rieur<\/strong> sont con\u00e7ues pour ceux qui appr\u00e9cient la simplicit\u00e9 moderne et les performances durables. D&rsquo;une esth\u00e9tique minimaliste et contemporaine, ces chaises conf\u00e8rent un aspect raffin\u00e9 \u00e0 tout espace ext\u00e9rieur. L&rsquo;assise rembourr\u00e9e offre un confort suppl\u00e9mentaire, tandis que la structure robuste en PP garantit la durabilit\u00e9 dans diverses conditions m\u00e9t\u00e9orologiques.  \t<div id=\"gap-1902526801\" class=\"gap-element clearfix\" style=\"display:block; height:auto;\">\n\t\t\n<style>\n#gap-1902526801 {\n  padding-top: 15px;\n}\n<\/style>\n\t<\/div>\n\t\n<figure id=\"attachment_54192\" aria-describedby=\"caption-attachment-54192\" style=\"width: 850px\" class=\"wp-caption aligncenter\"><img decoding=\"async\" class=\"size-full wp-image-54150\" src=\"https:\/\/minhducfurniture.com\/wp-content\/uploads\/2025\/11\/PP-outdoor-chairs-with-table.jpg\" alt=\"Chaise en polypropyl\u00e8ne pour l'ext\u00e9rieur avec table\" width=\"850\" height=\"620\" srcset=\"https:\/\/minhducfurniture.com\/wp-content\/uploads\/2025\/11\/PP-outdoor-chairs-with-table.jpg 850w, https:\/\/minhducfurniture.com\/wp-content\/uploads\/2025\/11\/PP-outdoor-chairs-with-table-548x400.jpg 548w, https:\/\/minhducfurniture.com\/wp-content\/uploads\/2025\/11\/PP-outdoor-chairs-with-table-768x560.jpg 768w, https:\/\/minhducfurniture.com\/wp-content\/uploads\/2025\/11\/PP-outdoor-chairs-with-table-510x372.jpg 510w\" sizes=\"(max-width: 850px) 100vw, 850px\" \/><figcaption id=\"caption-attachment-54192\" class=\"wp-caption-text\">Chaise en polypropyl\u00e8ne pour l&rsquo;ext\u00e9rieur avec table<\/figcaption><\/figure>\n<h3>Caract\u00e9ristiques principales du produit<\/h3>\n<ul>\n<li>Minimaliste &#8211; style contemporain adapt\u00e9 aux espaces ext\u00e9rieurs modernes.<\/li>\n<li>Si\u00e8ge rembourr\u00e9 pour plus de confort.<\/li>\n<li>Pieds en PP durables et r\u00e9sistants aux intemp\u00e9ries.<\/li>\n<li>L\u00e9ger et facile \u00e0 nettoyer pour une utilisation quotidienne.<\/li>\n<li>Structure stable avec une couleur et une forme durables.<\/li>\n<li>S\u00fbr et \u00e9cologique : Sans produits chimiques nocifs, convient aux familles avec enfants.<\/li>\n<li>Plusieurs options de couleurs : Facile \u00e0 assortir aux tables d&rsquo;ext\u00e9rieur, \u00e0 la verdure et aux terrasses en bois.<\/li>\n<\/ul>\n<figure id=\"attachment_54193\" aria-describedby=\"caption-attachment-54193\" style=\"width: 850px\" class=\"wp-caption aligncenter\"><img decoding=\"async\" class=\"wp-image-54152 size-full\" src=\"https:\/\/minhducfurniture.com\/wp-content\/uploads\/2025\/11\/Other-PP-outdoor-chairs-1.jpg\" alt=\"Autres chaises en polypropyl\u00e8ne pour l'int\u00e9rieur\" width=\"850\" height=\"543\" srcset=\"https:\/\/minhducfurniture.com\/wp-content\/uploads\/2025\/11\/Other-PP-outdoor-chairs-1.jpg 850w, https:\/\/minhducfurniture.com\/wp-content\/uploads\/2025\/11\/Other-PP-outdoor-chairs-1-626x400.jpg 626w, https:\/\/minhducfurniture.com\/wp-content\/uploads\/2025\/11\/Other-PP-outdoor-chairs-1-768x491.jpg 768w, https:\/\/minhducfurniture.com\/wp-content\/uploads\/2025\/11\/Other-PP-outdoor-chairs-1-510x326.jpg 510w\" sizes=\"(max-width: 850px) 100vw, 850px\" \/><figcaption id=\"caption-attachment-54193\" class=\"wp-caption-text\">Autres chaises en polypropyl\u00e8ne pour l&rsquo;int\u00e9rieur<\/figcaption><\/figure>\n<h4>Description du produit<\/h4>\n<ul>\n<li>Code produit : MDS-LARY11<\/li>\n<li>Taille de la chaise : H460mm*R420mm*L500<\/li>\n<li>100% plastique PP avec rev\u00eatement anti-UV<\/li>\n<li>Poids de chargement : 120kg\/ 264.5lbs<\/li>\n<li>Origine du produit : Viet Nam<\/li>\n<\/ul>\n<figure id=\"attachment_54194\" aria-describedby=\"caption-attachment-54194\" style=\"width: 850px\" class=\"wp-caption aligncenter\"><img decoding=\"async\" class=\"size-full wp-image-54153\" src=\"https:\/\/minhducfurniture.com\/wp-content\/uploads\/2025\/11\/Green-outdoor-polypropylene-chair.jpg\" alt=\"Chaise en polypropyl\u00e8ne vert pour l'ext\u00e9rieur\" width=\"850\" height=\"608\" srcset=\"https:\/\/minhducfurniture.com\/wp-content\/uploads\/2025\/11\/Green-outdoor-polypropylene-chair.jpg 850w, https:\/\/minhducfurniture.com\/wp-content\/uploads\/2025\/11\/Green-outdoor-polypropylene-chair-559x400.jpg 559w, https:\/\/minhducfurniture.com\/wp-content\/uploads\/2025\/11\/Green-outdoor-polypropylene-chair-768x549.jpg 768w, https:\/\/minhducfurniture.com\/wp-content\/uploads\/2025\/11\/Green-outdoor-polypropylene-chair-510x365.jpg 510w\" sizes=\"(max-width: 850px) 100vw, 850px\" \/><figcaption id=\"caption-attachment-54194\" class=\"wp-caption-text\">Chaise en polypropyl\u00e8ne vert pour l&rsquo;ext\u00e9rieur<\/figcaption><\/figure>\n<h4>Informations sur les commandes<\/h4>\n<ul>\n<li>Quantit\u00e9 minimale de commande (MOQ) : 50 pi\u00e8ces<\/li>\n<li>D\u00e9lai de livraison : 30-35 jours apr\u00e8s le d\u00e9p\u00f4t<\/li>\n<li>D\u00e9lai de livraison : FOB port de Hai Phong, Vietnam<\/li>\n<li>Modalit\u00e9s de paiement : T\/T 30% de d\u00e9p\u00f4t, 70% de solde avant l&rsquo;exp\u00e9dition<\/li>\n<li>Si vous avez une conception personnalis\u00e9e et que vous avez besoin d&rsquo;une production de masse, veuillez nous contacter pour obtenir de l&rsquo;aide.<\/li>\n<\/ul>\n<figure id=\"attachment_54195\" aria-describedby=\"caption-attachment-54195\" style=\"width: 850px\" class=\"wp-caption aligncenter\"><img decoding=\"async\" class=\"size-full wp-image-54154\" src=\"https:\/\/minhducfurniture.com\/wp-content\/uploads\/2025\/11\/The-actual-outdoor-polypropylene-chair.jpg\" alt=\"Les chaises en polypropyl\u00e8ne pour l'ext\u00e9rieur\" width=\"850\" height=\"650\" srcset=\"https:\/\/minhducfurniture.com\/wp-content\/uploads\/2025\/11\/The-actual-outdoor-polypropylene-chair.jpg 850w, https:\/\/minhducfurniture.com\/wp-content\/uploads\/2025\/11\/The-actual-outdoor-polypropylene-chair-523x400.jpg 523w, https:\/\/minhducfurniture.com\/wp-content\/uploads\/2025\/11\/The-actual-outdoor-polypropylene-chair-768x587.jpg 768w, https:\/\/minhducfurniture.com\/wp-content\/uploads\/2025\/11\/The-actual-outdoor-polypropylene-chair-510x390.jpg 510w\" sizes=\"(max-width: 850px) 100vw, 850px\" \/><figcaption id=\"caption-attachment-54195\" class=\"wp-caption-text\">Les chaises en polypropyl\u00e8ne pour l&rsquo;ext\u00e9rieur<\/figcaption><\/figure>\n<h4>Informations sur le contact<\/h4>\n<ul>\n<li>Minh Duc Public Furniture Co.<\/li>\n<li>Adresse : Villa H02-L11 An Phu, Duong Noi, Ha Dong, Hanoi, Vietnam<\/li>\n<li>Phone\/WhatsApp\/Zalo : +84 908 314 939<\/li>\n<\/ul>\n<p>Plus de nos collections<\/p>\n<ul>\n<li><span style=\"color: #008080\"><a style=\"color: #008080\" href=\"https:\/\/minhducfurniture.com\/fr\/product\/tabourets-de-comptoir-en-plastique-style-moderne-pour-lexterieur-et-linterieur\/\">Tabourets de comptoir en plastique style moderne pour l&rsquo;ext\u00e9rieur et l&rsquo;int\u00e9rieur<\/a><\/span><\/li>\n<li><span style=\"color: #008080\"><a style=\"color: #008080\" href=\"https:\/\/minhducfurniture.com\/fr\/product\/petit-fauteuil-rembourre-structure-en-metal-chaise-de-salon-moderne\/\">Petit fauteuil rembourr\u00e9 structure en m\u00e9tal chaise de salon moderne<\/a><\/span><\/li>\n<\/ul>\n<div class=\"social-icons share-icons share-row relative\" ><a href=\"whatsapp:\/\/send?text=Chaises%20en%20polypropyl%C3%A8ne%20pour%20l%26rsquo%3Bext%C3%A9rieur%2C%20pour%20une%20solution%20d%26rsquo%3Bassise%20%C3%A9l%C3%A9gante - https:\/\/minhducfurniture.com\/fr\/product\/chaises-en-polypropylene-pour-lexterieur-pour-une-solution-dassise-elegante\/\" data-action=\"share\/whatsapp\/share\" class=\"icon primary button round tooltip whatsapp show-for-medium\" title=\"Partager sur WhatsApp\" aria-label=\"Partager sur WhatsApp\"><i class=\"icon-whatsapp\" aria-hidden=\"true\"><\/i><\/a><a href=\"https:\/\/www.facebook.com\/sharer.php?u=https:\/\/minhducfurniture.com\/fr\/product\/chaises-en-polypropylene-pour-lexterieur-pour-une-solution-dassise-elegante\/\" data-label=\"Facebook\" onclick=\"window.open(this.href,this.title,'width=500,height=500,top=300px,left=300px'); return false;\" target=\"_blank\" class=\"icon primary button round tooltip facebook\" title=\"Partager sur Facebook\" aria-label=\"Partager sur Facebook\" rel=\"noopener nofollow\"><i class=\"icon-facebook\" aria-hidden=\"true\"><\/i><\/a><a href=\"https:\/\/twitter.com\/share?url=https:\/\/minhducfurniture.com\/fr\/product\/chaises-en-polypropylene-pour-lexterieur-pour-une-solution-dassise-elegante\/\" onclick=\"window.open(this.href,this.title,'width=500,height=500,top=300px,left=300px'); return false;\" target=\"_blank\" class=\"icon primary button round tooltip twitter\" title=\"Partager sur Twitter\" aria-label=\"Partager sur Twitter\" rel=\"noopener nofollow\"><i class=\"icon-twitter\" aria-hidden=\"true\"><\/i><\/a><a href=\"mailto:?subject=Chaises%20en%20polypropyl%C3%A8ne%20pour%20l%26rsquo%3Bext%C3%A9rieur%2C%20pour%20une%20solution%20d%26rsquo%3Bassise%20%C3%A9l%C3%A9gante&body=Regarde%20%C3%A7a%3A%20https%3A%2F%2Fminhducfurniture.com%2Ffr%2Fproduct%2Fchaises-en-polypropylene-pour-lexterieur-pour-une-solution-dassise-elegante%2F\" class=\"icon primary button round tooltip email\" title=\"Envoyer par mail\" aria-label=\"Envoyer par mail\" rel=\"nofollow\"><i class=\"icon-envelop\" aria-hidden=\"true\"><\/i><\/a><a href=\"https:\/\/pinterest.com\/pin\/create\/button?url=https:\/\/minhducfurniture.com\/fr\/product\/chaises-en-polypropylene-pour-lexterieur-pour-une-solution-dassise-elegante\/&media=https:\/\/minhducfurniture.com\/wp-content\/uploads\/2025\/11\/Polypropylene-chairs-outdoor.jpg&description=Chaises%20en%20polypropyl%C3%A8ne%20pour%20l%26rsquo%3Bext%C3%A9rieur%2C%20pour%20une%20solution%20d%26rsquo%3Bassise%20%C3%A9l%C3%A9gante\" onclick=\"window.open(this.href,this.title,'width=500,height=500,top=300px,left=300px'); return false;\" target=\"_blank\" class=\"icon primary button round tooltip pinterest\" title=\"Epingler sur Pinterest\" aria-label=\"Epingler sur Pinterest\" rel=\"noopener nofollow\"><i class=\"icon-pinterest\" aria-hidden=\"true\"><\/i><\/a><a href=\"https:\/\/www.linkedin.com\/shareArticle?mini=true&url=https:\/\/minhducfurniture.com\/fr\/product\/chaises-en-polypropylene-pour-lexterieur-pour-une-solution-dassise-elegante\/&title=Chaises%20en%20polypropyl%C3%A8ne%20pour%20l%26rsquo%3Bext%C3%A9rieur%2C%20pour%20une%20solution%20d%26rsquo%3Bassise%20%C3%A9l%C3%A9gante\" onclick=\"window.open(this.href,this.title,'width=500,height=500,top=300px,left=300px'); return false;\" target=\"_blank\" class=\"icon primary button round tooltip linkedin\" title=\"Partager sur LinkedIn\" aria-label=\"Partager sur LinkedIn\" rel=\"noopener nofollow\"><i class=\"icon-linkedin\" aria-hidden=\"true\"><\/i><\/a><\/div>\n","protected":false},"excerpt":{"rendered":"<ul>\n<li>Code produit : MDS-LARY11<\/li>\n<li>Taille de la chaise : H460mm*R420mm*L500<\/li>\n<li>100% plastique PP avec rev\u00eatement anti-UV<\/li>\n<li>Poids de chargement : 120kg\/ 264.5lbs<\/li>\n<li>Origine du produit : Viet Nam<\/li>\n<li>Hotline\/ WhatsApp:+84908314939<\/li>\n<\/ul>\n","protected":false},"featured_media":54196,"comment_status":"open","ping_status":"closed","template":"","meta":[],"product_brand":[],"product_cat":[13060],"product_tag":[13061],"class_list":{"0":"post-54197","1":"product","2":"type-product","3":"status-publish","4":"has-post-thumbnail","6":"product_cat-chaises-en-plastique","7":"product_tag-chaises-dexterieur","9":"first","10":"instock","11":"shipping-taxable","12":"product-type-simple"},"yoast_head":"<!-- This site is optimized with the Yoast SEO plugin v27.4 - https:\/\/yoast.com\/product\/yoast-seo-wordpress\/ -->\n<title>Chaises en polypropyl\u00e8ne pour l&#039;ext\u00e9rieur, pour une solution d&#039;assise \u00e9l\u00e9gante - Minh Duc Furniture<\/title>\n<meta name=\"description\" content=\"Les chaises en polypropyl\u00e8ne pour l&#039;ext\u00e9rieur sont des chaises en plastique de premi\u00e8re qualit\u00e9 con\u00e7ues sp\u00e9cifiquement pour les environnements ext\u00e9rieurs. Fabriqu\u00e9es en PP de haute qualit\u00e9\" \/>\n<meta name=\"robots\" content=\"index, follow, max-snippet:-1, max-image-preview:large, max-video-preview:-1\" \/>\n<link rel=\"canonical\" href=\"https:\/\/minhducfurniture.com\/fr\/product\/chaises-en-polypropylene-pour-lexterieur-pour-une-solution-dassise-elegante\/\" \/>\n<meta property=\"og:locale\" content=\"fr_FR\" \/>\n<meta property=\"og:type\" content=\"article\" \/>\n<meta property=\"og:title\" content=\"Chaises en polypropyl\u00e8ne pour l&#039;ext\u00e9rieur, pour une solution d&#039;assise \u00e9l\u00e9gante - Minh Duc Furniture\" \/>\n<meta property=\"og:description\" content=\"Les chaises en polypropyl\u00e8ne pour l&#039;ext\u00e9rieur sont des chaises en plastique de premi\u00e8re qualit\u00e9 con\u00e7ues sp\u00e9cifiquement pour les environnements ext\u00e9rieurs. Fabriqu\u00e9es en PP de haute qualit\u00e9\" \/>\n<meta property=\"og:url\" content=\"https:\/\/minhducfurniture.com\/fr\/product\/chaises-en-polypropylene-pour-lexterieur-pour-une-solution-dassise-elegante\/\" \/>\n<meta property=\"og:site_name\" content=\"Minh Duc Furniture\" \/>\n<meta property=\"article:modified_time\" content=\"2025-11-29T08:12:35+00:00\" \/>\n<meta property=\"og:image\" content=\"https:\/\/minhducfurniture.com\/wp-content\/uploads\/2025\/11\/Polypropylene-chairs-outdoor.jpg\" \/>\n\t<meta property=\"og:image:width\" content=\"650\" \/>\n\t<meta property=\"og:image:height\" content=\"650\" \/>\n\t<meta property=\"og:image:type\" content=\"image\/jpeg\" \/>\n<meta name=\"twitter:card\" content=\"summary_large_image\" \/>\n<meta name=\"twitter:label1\" content=\"Dur\u00e9e de lecture estim\u00e9e\" \/>\n\t<meta name=\"twitter:data1\" content=\"2 minutes\" \/>\n<script type=\"application\/ld+json\" class=\"yoast-schema-graph\">{\"@context\":\"https:\\\/\\\/schema.org\",\"@graph\":[{\"@type\":\"WebPage\",\"@id\":\"https:\\\/\\\/minhducfurniture.com\\\/fr\\\/product\\\/chaises-en-polypropylene-pour-lexterieur-pour-une-solution-dassise-elegante\\\/\",\"url\":\"https:\\\/\\\/minhducfurniture.com\\\/fr\\\/product\\\/chaises-en-polypropylene-pour-lexterieur-pour-une-solution-dassise-elegante\\\/\",\"name\":\"Chaises en polypropyl\u00e8ne pour l'ext\u00e9rieur, pour une solution d'assise \u00e9l\u00e9gante - Minh Duc Furniture\",\"isPartOf\":{\"@id\":\"https:\\\/\\\/minhducfurniture.com\\\/fr\\\/#website\"},\"primaryImageOfPage\":{\"@id\":\"https:\\\/\\\/minhducfurniture.com\\\/fr\\\/product\\\/chaises-en-polypropylene-pour-lexterieur-pour-une-solution-dassise-elegante\\\/#primaryimage\"},\"image\":{\"@id\":\"https:\\\/\\\/minhducfurniture.com\\\/fr\\\/product\\\/chaises-en-polypropylene-pour-lexterieur-pour-une-solution-dassise-elegante\\\/#primaryimage\"},\"thumbnailUrl\":\"https:\\\/\\\/minhducfurniture.com\\\/wp-content\\\/uploads\\\/2025\\\/11\\\/Polypropylene-chairs-outdoor.jpg\",\"datePublished\":\"2025-11-23T05:13:13+00:00\",\"dateModified\":\"2025-11-29T08:12:35+00:00\",\"description\":\"Les chaises en polypropyl\u00e8ne pour l'ext\u00e9rieur sont des chaises en plastique de premi\u00e8re qualit\u00e9 con\u00e7ues sp\u00e9cifiquement pour les environnements ext\u00e9rieurs. Fabriqu\u00e9es en PP de haute qualit\u00e9\",\"breadcrumb\":{\"@id\":\"https:\\\/\\\/minhducfurniture.com\\\/fr\\\/product\\\/chaises-en-polypropylene-pour-lexterieur-pour-une-solution-dassise-elegante\\\/#breadcrumb\"},\"inLanguage\":\"fr-FR\",\"potentialAction\":[{\"@type\":\"ReadAction\",\"target\":[\"https:\\\/\\\/minhducfurniture.com\\\/fr\\\/product\\\/chaises-en-polypropylene-pour-lexterieur-pour-une-solution-dassise-elegante\\\/\"]}]},{\"@type\":\"ImageObject\",\"inLanguage\":\"fr-FR\",\"@id\":\"https:\\\/\\\/minhducfurniture.com\\\/fr\\\/product\\\/chaises-en-polypropylene-pour-lexterieur-pour-une-solution-dassise-elegante\\\/#primaryimage\",\"url\":\"https:\\\/\\\/minhducfurniture.com\\\/wp-content\\\/uploads\\\/2025\\\/11\\\/Polypropylene-chairs-outdoor.jpg\",\"contentUrl\":\"https:\\\/\\\/minhducfurniture.com\\\/wp-content\\\/uploads\\\/2025\\\/11\\\/Polypropylene-chairs-outdoor.jpg\",\"width\":650,\"height\":650,\"caption\":\"Chaise en polypropyl\u00e8ne pour l'ext\u00e9rieur\"},{\"@type\":\"BreadcrumbList\",\"@id\":\"https:\\\/\\\/minhducfurniture.com\\\/fr\\\/product\\\/chaises-en-polypropylene-pour-lexterieur-pour-une-solution-dassise-elegante\\\/#breadcrumb\",\"itemListElement\":[{\"@type\":\"ListItem\",\"position\":1,\"name\":\"Home\",\"item\":\"https:\\\/\\\/minhducfurniture.com\\\/fr\\\/\"},{\"@type\":\"ListItem\",\"position\":2,\"name\":\"Shop\",\"item\":\"https:\\\/\\\/minhducfurniture.com\\\/shop\\\/\"},{\"@type\":\"ListItem\",\"position\":3,\"name\":\"Chaises en polypropyl\u00e8ne pour l&#8217;ext\u00e9rieur, pour une solution d&#8217;assise \u00e9l\u00e9gante\"}]},{\"@type\":\"WebSite\",\"@id\":\"https:\\\/\\\/minhducfurniture.com\\\/fr\\\/#website\",\"url\":\"https:\\\/\\\/minhducfurniture.com\\\/fr\\\/\",\"name\":\"Minh Duc Furniture\",\"description\":\"Vietnam Furniture Supplier\",\"publisher\":{\"@id\":\"https:\\\/\\\/minhducfurniture.com\\\/fr\\\/#organization\"},\"alternateName\":\"Vietnam Online Shop\",\"potentialAction\":[{\"@type\":\"SearchAction\",\"target\":{\"@type\":\"EntryPoint\",\"urlTemplate\":\"https:\\\/\\\/minhducfurniture.com\\\/fr\\\/?s={search_term_string}\"},\"query-input\":{\"@type\":\"PropertyValueSpecification\",\"valueRequired\":true,\"valueName\":\"search_term_string\"}}],\"inLanguage\":\"fr-FR\"},{\"@type\":\"Organization\",\"@id\":\"https:\\\/\\\/minhducfurniture.com\\\/fr\\\/#organization\",\"name\":\"Minh Duc Furniture\",\"alternateName\":\"Vietnam Furniture Export\",\"url\":\"https:\\\/\\\/minhducfurniture.com\\\/fr\\\/\",\"logo\":{\"@type\":\"ImageObject\",\"inLanguage\":\"fr-FR\",\"@id\":\"https:\\\/\\\/minhducfurniture.com\\\/fr\\\/#\\\/schema\\\/logo\\\/image\\\/\",\"url\":\"\",\"contentUrl\":\"\",\"caption\":\"Minh Duc Furniture\"},\"image\":{\"@id\":\"https:\\\/\\\/minhducfurniture.com\\\/fr\\\/#\\\/schema\\\/logo\\\/image\\\/\"},\"sameAs\":[\"https:\\\/\\\/www.pinterest.com\\\/hienthaoshop\\\/pins\\\/\"]}]}<\/script>\n<!-- \/ Yoast SEO plugin. -->","yoast_head_json":{"title":"Chaises en polypropyl\u00e8ne pour l'ext\u00e9rieur, pour une solution d'assise \u00e9l\u00e9gante - Minh Duc Furniture","description":"Les chaises en polypropyl\u00e8ne pour l'ext\u00e9rieur sont des chaises en plastique de premi\u00e8re qualit\u00e9 con\u00e7ues sp\u00e9cifiquement pour les environnements ext\u00e9rieurs. Fabriqu\u00e9es en PP de haute qualit\u00e9","robots":{"index":"index","follow":"follow","max-snippet":"max-snippet:-1","max-image-preview":"max-image-preview:large","max-video-preview":"max-video-preview:-1"},"canonical":"https:\/\/minhducfurniture.com\/fr\/product\/chaises-en-polypropylene-pour-lexterieur-pour-une-solution-dassise-elegante\/","og_locale":"fr_FR","og_type":"article","og_title":"Chaises en polypropyl\u00e8ne pour l'ext\u00e9rieur, pour une solution d'assise \u00e9l\u00e9gante - Minh Duc Furniture","og_description":"Les chaises en polypropyl\u00e8ne pour l'ext\u00e9rieur sont des chaises en plastique de premi\u00e8re qualit\u00e9 con\u00e7ues sp\u00e9cifiquement pour les environnements ext\u00e9rieurs. Fabriqu\u00e9es en PP de haute qualit\u00e9","og_url":"https:\/\/minhducfurniture.com\/fr\/product\/chaises-en-polypropylene-pour-lexterieur-pour-une-solution-dassise-elegante\/","og_site_name":"Minh Duc Furniture","article_modified_time":"2025-11-29T08:12:35+00:00","og_image":[{"width":650,"height":650,"url":"https:\/\/minhducfurniture.com\/wp-content\/uploads\/2025\/11\/Polypropylene-chairs-outdoor.jpg","type":"image\/jpeg"}],"twitter_card":"summary_large_image","twitter_misc":{"Dur\u00e9e de lecture estim\u00e9e":"2 minutes"},"schema":{"@context":"https:\/\/schema.org","@graph":[{"@type":"WebPage","@id":"https:\/\/minhducfurniture.com\/fr\/product\/chaises-en-polypropylene-pour-lexterieur-pour-une-solution-dassise-elegante\/","url":"https:\/\/minhducfurniture.com\/fr\/product\/chaises-en-polypropylene-pour-lexterieur-pour-une-solution-dassise-elegante\/","name":"Chaises en polypropyl\u00e8ne pour l'ext\u00e9rieur, pour une solution d'assise \u00e9l\u00e9gante - Minh Duc Furniture","isPartOf":{"@id":"https:\/\/minhducfurniture.com\/fr\/#website"},"primaryImageOfPage":{"@id":"https:\/\/minhducfurniture.com\/fr\/product\/chaises-en-polypropylene-pour-lexterieur-pour-une-solution-dassise-elegante\/#primaryimage"},"image":{"@id":"https:\/\/minhducfurniture.com\/fr\/product\/chaises-en-polypropylene-pour-lexterieur-pour-une-solution-dassise-elegante\/#primaryimage"},"thumbnailUrl":"https:\/\/minhducfurniture.com\/wp-content\/uploads\/2025\/11\/Polypropylene-chairs-outdoor.jpg","datePublished":"2025-11-23T05:13:13+00:00","dateModified":"2025-11-29T08:12:35+00:00","description":"Les chaises en polypropyl\u00e8ne pour l'ext\u00e9rieur sont des chaises en plastique de premi\u00e8re qualit\u00e9 con\u00e7ues sp\u00e9cifiquement pour les environnements ext\u00e9rieurs. Fabriqu\u00e9es en PP de haute qualit\u00e9","breadcrumb":{"@id":"https:\/\/minhducfurniture.com\/fr\/product\/chaises-en-polypropylene-pour-lexterieur-pour-une-solution-dassise-elegante\/#breadcrumb"},"inLanguage":"fr-FR","potentialAction":[{"@type":"ReadAction","target":["https:\/\/minhducfurniture.com\/fr\/product\/chaises-en-polypropylene-pour-lexterieur-pour-une-solution-dassise-elegante\/"]}]},{"@type":"ImageObject","inLanguage":"fr-FR","@id":"https:\/\/minhducfurniture.com\/fr\/product\/chaises-en-polypropylene-pour-lexterieur-pour-une-solution-dassise-elegante\/#primaryimage","url":"https:\/\/minhducfurniture.com\/wp-content\/uploads\/2025\/11\/Polypropylene-chairs-outdoor.jpg","contentUrl":"https:\/\/minhducfurniture.com\/wp-content\/uploads\/2025\/11\/Polypropylene-chairs-outdoor.jpg","width":650,"height":650,"caption":"Chaise en polypropyl\u00e8ne pour l'ext\u00e9rieur"},{"@type":"BreadcrumbList","@id":"https:\/\/minhducfurniture.com\/fr\/product\/chaises-en-polypropylene-pour-lexterieur-pour-une-solution-dassise-elegante\/#breadcrumb","itemListElement":[{"@type":"ListItem","position":1,"name":"Home","item":"https:\/\/minhducfurniture.com\/fr\/"},{"@type":"ListItem","position":2,"name":"Shop","item":"https:\/\/minhducfurniture.com\/shop\/"},{"@type":"ListItem","position":3,"name":"Chaises en polypropyl\u00e8ne pour l&#8217;ext\u00e9rieur, pour une solution d&#8217;assise \u00e9l\u00e9gante"}]},{"@type":"WebSite","@id":"https:\/\/minhducfurniture.com\/fr\/#website","url":"https:\/\/minhducfurniture.com\/fr\/","name":"Minh Duc Furniture","description":"Vietnam Furniture Supplier","publisher":{"@id":"https:\/\/minhducfurniture.com\/fr\/#organization"},"alternateName":"Vietnam Online Shop","potentialAction":[{"@type":"SearchAction","target":{"@type":"EntryPoint","urlTemplate":"https:\/\/minhducfurniture.com\/fr\/?s={search_term_string}"},"query-input":{"@type":"PropertyValueSpecification","valueRequired":true,"valueName":"search_term_string"}}],"inLanguage":"fr-FR"},{"@type":"Organization","@id":"https:\/\/minhducfurniture.com\/fr\/#organization","name":"Minh Duc Furniture","alternateName":"Vietnam Furniture Export","url":"https:\/\/minhducfurniture.com\/fr\/","logo":{"@type":"ImageObject","inLanguage":"fr-FR","@id":"https:\/\/minhducfurniture.com\/fr\/#\/schema\/logo\/image\/","url":"","contentUrl":"","caption":"Minh Duc Furniture"},"image":{"@id":"https:\/\/minhducfurniture.com\/fr\/#\/schema\/logo\/image\/"},"sameAs":["https:\/\/www.pinterest.com\/hienthaoshop\/pins\/"]}]}},"_links":{"self":[{"href":"https:\/\/minhducfurniture.com\/fr\/wp-json\/wp\/v2\/product\/54197","targetHints":{"allow":["GET"]}}],"collection":[{"href":"https:\/\/minhducfurniture.com\/fr\/wp-json\/wp\/v2\/product"}],"about":[{"href":"https:\/\/minhducfurniture.com\/fr\/wp-json\/wp\/v2\/types\/product"}],"replies":[{"embeddable":true,"href":"https:\/\/minhducfurniture.com\/fr\/wp-json\/wp\/v2\/comments?post=54197"}],"wp:featuredmedia":[{"embeddable":true,"href":"https:\/\/minhducfurniture.com\/fr\/wp-json\/wp\/v2\/media\/54196"}],"wp:attachment":[{"href":"https:\/\/minhducfurniture.com\/fr\/wp-json\/wp\/v2\/media?parent=54197"}],"wp:term":[{"taxonomy":"product_brand","embeddable":true,"href":"https:\/\/minhducfurniture.com\/fr\/wp-json\/wp\/v2\/product_brand?post=54197"},{"taxonomy":"product_cat","embeddable":true,"href":"https:\/\/minhducfurniture.com\/fr\/wp-json\/wp\/v2\/product_cat?post=54197"},{"taxonomy":"product_tag","embeddable":true,"href":"https:\/\/minhducfurniture.com\/fr\/wp-json\/wp\/v2\/product_tag?post=54197"}],"curies":[{"name":"wp","href":"https:\/\/api.w.org\/{rel}","templated":true}]}}