{"id":54100,"date":"2025-11-17T16:17:48","date_gmt":"2025-11-17T09:17:48","guid":{"rendered":"https:\/\/minhducfurniture.com\/product\/chaises-empilables-en-plastique-pour-lexterieur-solution-parfaite-pour-lespace\/"},"modified":"2025-11-21T00:06:37","modified_gmt":"2025-11-20T17:06:37","slug":"chaises-empilables-en-plastique-pour-lexterieur-solution-parfaite-pour-lespace","status":"publish","type":"product","link":"https:\/\/minhducfurniture.com\/fr\/product\/chaises-empilables-en-plastique-pour-lexterieur-solution-parfaite-pour-lespace\/","title":{"rendered":"Chaises empilables en plastique pour l&rsquo;ext\u00e9rieur solution parfaite pour l&rsquo;espace"},"content":{"rendered":"<h2><span style=\"font-size: 90%;\">Chaises d&rsquo;ext\u00e9rieur empilables en plastique que vous allez adorer<\/span><\/h2>\n<p>Les <strong>chaises empilables en plastique pour l&rsquo;ext\u00e9rieur<\/strong> vont revitaliser votre ext\u00e9rieur ! Avec un design \u00e9tonnamment non conventionnel qui attire imm\u00e9diatement l&rsquo;attention, nous avons alli\u00e9 la commodit\u00e9 pratique \u00e0 une esth\u00e9tique moderne arrondie vraiment unique pour cr\u00e9er la solution d&rsquo;assise parfaite pour votre jardin, votre patio, votre piscine, vos zones de divertissement ou vos stations baln\u00e9aires. Con\u00e7ues avec une stabilit\u00e9 sup\u00e9rieure, ces chaises offrent une base s\u00fbre et solide pour tout le monde. D\u00e9couvrez la chaise qui permet d&rsquo;\u00e9conomiser de l&rsquo;espace sans compromettre le style.   \t<div id=\"gap-1564295828\" class=\"gap-element clearfix\" style=\"display:block; height:auto;\">\n\t\t\n<style>\n#gap-1564295828 {\n  padding-top: 15px;\n}\n<\/style>\n\t<\/div>\n\t\n<figure id=\"attachment_54088\" aria-describedby=\"caption-attachment-54088\" style=\"width: 850px\" class=\"wp-caption aligncenter\"><img decoding=\"async\" class=\"size-full wp-image-54008\" src=\"https:\/\/minhducfurniture.com\/wp-content\/uploads\/2025\/11\/Plastic-outdoor-stackable-chairs-on-the-Caribbean-beach.jpg\" alt=\"Chaises empilables en plastique pour l'ext\u00e9rieur sur la plage des Cara\u00efbes\" width=\"850\" height=\"574\" srcset=\"https:\/\/minhducfurniture.com\/wp-content\/uploads\/2025\/11\/Plastic-outdoor-stackable-chairs-on-the-Caribbean-beach.jpg 850w, https:\/\/minhducfurniture.com\/wp-content\/uploads\/2025\/11\/Plastic-outdoor-stackable-chairs-on-the-Caribbean-beach-592x400.jpg 592w, https:\/\/minhducfurniture.com\/wp-content\/uploads\/2025\/11\/Plastic-outdoor-stackable-chairs-on-the-Caribbean-beach-768x519.jpg 768w, https:\/\/minhducfurniture.com\/wp-content\/uploads\/2025\/11\/Plastic-outdoor-stackable-chairs-on-the-Caribbean-beach-510x344.jpg 510w\" sizes=\"(max-width: 850px) 100vw, 850px\" \/><figcaption id=\"caption-attachment-54088\" class=\"wp-caption-text\">Chaises empilables en plastique pour l&rsquo;ext\u00e9rieur sur la plage des Cara\u00efbes<\/figcaption><\/figure>\n<h3>Caract\u00e9ristiques des chaises empilables en plastique pour l&rsquo;ext\u00e9rieur<\/h3>\n<ul>\n<li>\n<p data-path-to-node=\"8,0,0\">Chaises empilables pour l&rsquo;ext\u00e9rieur : Une efficacit\u00e9 et une commodit\u00e9 optimales en termes d&rsquo;espace.<\/p>\n<\/li>\n<li>\n<p data-path-to-node=\"8,0,0\">Mat\u00e9riau PP durable : Qualit\u00e9 durable et int\u00e9grit\u00e9 structurelle.<\/p>\n<\/li>\n<li>\n<p data-path-to-node=\"8,0,0\">Forme ronde unique : Un design qui attire l&rsquo;attention et qui se d\u00e9marque.<\/p>\n<\/li>\n<li>\n<p data-path-to-node=\"8,3,0\">L\u00e9ger et r\u00e9sistant aux intemp\u00e9ries : Facile \u00e0 d\u00e9placer et r\u00e9sistant \u00e0 tous les \u00e9l\u00e9ments.<\/p>\n<\/li>\n<li>\n<p data-path-to-node=\"8,4,0\">Utilisation polyvalente \u00e0 l&rsquo;ext\u00e9rieur : id\u00e9ale pour divers environnements, des centres de vill\u00e9giature aux jardins.<\/p>\n<\/li>\n<\/ul>\n<figure id=\"attachment_54089\" aria-describedby=\"caption-attachment-54089\" style=\"width: 850px\" class=\"wp-caption aligncenter\"><img decoding=\"async\" class=\"wp-image-54009 size-full\" src=\"https:\/\/minhducfurniture.com\/wp-content\/uploads\/2025\/11\/Another-picture-of-plastic-outdoor-stackable-chairs.jpg\" alt=\"Chaises empilables dispos\u00e9es pr\u00e8s de la piscine\" width=\"850\" height=\"546\" srcset=\"https:\/\/minhducfurniture.com\/wp-content\/uploads\/2025\/11\/Another-picture-of-plastic-outdoor-stackable-chairs.jpg 850w, https:\/\/minhducfurniture.com\/wp-content\/uploads\/2025\/11\/Another-picture-of-plastic-outdoor-stackable-chairs-623x400.jpg 623w, https:\/\/minhducfurniture.com\/wp-content\/uploads\/2025\/11\/Another-picture-of-plastic-outdoor-stackable-chairs-768x493.jpg 768w, https:\/\/minhducfurniture.com\/wp-content\/uploads\/2025\/11\/Another-picture-of-plastic-outdoor-stackable-chairs-510x328.jpg 510w\" sizes=\"(max-width: 850px) 100vw, 850px\" \/><figcaption id=\"caption-attachment-54089\" class=\"wp-caption-text\">Chaises empilables dispos\u00e9es pr\u00e8s de la piscine<\/figcaption><\/figure>\n<h4>Description du produit<\/h4>\n<ul>\n<li>Code produit : MDS-3026<\/li>\n<li>Taille de la chaise : H810mm*SH460mm*W650mm<\/li>\n<li>100% plastique PP avec rev\u00eatement anti-UV<\/li>\n<li>Poids de chargement : 120kg\/ 264.5lbs<\/li>\n<li>Origine du produit : Viet Nam<\/li>\n<\/ul>\n<figure id=\"attachment_54090\" aria-describedby=\"caption-attachment-54090\" style=\"width: 850px\" class=\"wp-caption aligncenter\"><img decoding=\"async\" class=\"wp-image-54010 size-full\" src=\"https:\/\/minhducfurniture.com\/wp-content\/uploads\/2025\/11\/White-plastic-outdoor-stackable-chairs.jpg\" alt=\"Chaises empilables en plastique pour l'ext\u00e9rieur avec une table\" width=\"850\" height=\"546\" srcset=\"https:\/\/minhducfurniture.com\/wp-content\/uploads\/2025\/11\/White-plastic-outdoor-stackable-chairs.jpg 850w, https:\/\/minhducfurniture.com\/wp-content\/uploads\/2025\/11\/White-plastic-outdoor-stackable-chairs-623x400.jpg 623w, https:\/\/minhducfurniture.com\/wp-content\/uploads\/2025\/11\/White-plastic-outdoor-stackable-chairs-768x493.jpg 768w, https:\/\/minhducfurniture.com\/wp-content\/uploads\/2025\/11\/White-plastic-outdoor-stackable-chairs-510x328.jpg 510w\" sizes=\"(max-width: 850px) 100vw, 850px\" \/><figcaption id=\"caption-attachment-54090\" class=\"wp-caption-text\">Chaises empilables en plastique pour l&rsquo;ext\u00e9rieur avec une table<\/figcaption><\/figure>\n<h4>Informations sur les commandes<\/h4>\n<ul>\n<li>Quantit\u00e9 minimale de commande (MOQ) : 50 pi\u00e8ces<\/li>\n<li>D\u00e9lai de livraison : 30-35 jours apr\u00e8s le d\u00e9p\u00f4t<\/li>\n<li>D\u00e9lai de livraison : FOB port de Hai Phong, Vietnam<\/li>\n<li>Modalit\u00e9s de paiement : T\/T 30% de d\u00e9p\u00f4t, 70% de solde avant l&rsquo;exp\u00e9dition<\/li>\n<li>Si vous avez une conception personnalis\u00e9e et que vous avez besoin d&rsquo;une production de masse, veuillez nous contacter pour obtenir de l&rsquo;aide.<\/li>\n<\/ul>\n<figure id=\"attachment_54091\" aria-describedby=\"caption-attachment-54091\" style=\"width: 850px\" class=\"wp-caption aligncenter\"><img decoding=\"async\" class=\"wp-image-54011 size-full\" src=\"https:\/\/minhducfurniture.com\/wp-content\/uploads\/2025\/11\/Actual-image-of-plastic-outdoor-stackable-chair.jpg\" alt=\"Les photos actuelles des produits\" width=\"850\" height=\"585\" srcset=\"https:\/\/minhducfurniture.com\/wp-content\/uploads\/2025\/11\/Actual-image-of-plastic-outdoor-stackable-chair.jpg 850w, https:\/\/minhducfurniture.com\/wp-content\/uploads\/2025\/11\/Actual-image-of-plastic-outdoor-stackable-chair-581x400.jpg 581w, https:\/\/minhducfurniture.com\/wp-content\/uploads\/2025\/11\/Actual-image-of-plastic-outdoor-stackable-chair-768x529.jpg 768w, https:\/\/minhducfurniture.com\/wp-content\/uploads\/2025\/11\/Actual-image-of-plastic-outdoor-stackable-chair-510x351.jpg 510w\" sizes=\"(max-width: 850px) 100vw, 850px\" \/><figcaption id=\"caption-attachment-54091\" class=\"wp-caption-text\">Les photos actuelles des produits<\/figcaption><\/figure>\n<h4>Informations sur le contact<\/h4>\n<ul>\n<li>Minh Duc Public Furniture Co.<\/li>\n<li>Adresse : Villa H02-L11 An Phu, Duong Noi, Ha Dong, Hanoi, Vietnam<\/li>\n<li>Phone\/WhatsApp\/Zalo : +84 908 314 939<\/li>\n<\/ul>\n<h4>Plus de nos collections<\/h4>\n<ul>\n<li>\n<div><span style=\"color: #008080;\"><a style=\"color: #008080;\" href=\"https:\/\/minhducfurniture.com\/fr\/product\/tabourets-de-comptoir-noirs-en-polypropylene-de-forme-moderne-et-minimaliste\/\">Tabourets de comptoir noirs en polypropyl\u00e8ne de forme moderne et minimaliste<\/a><\/span><\/div>\n<\/li>\n<li><span style=\"color: #008080;\"><a style=\"color: #008080;\" href=\"https:\/\/minhducfurniture.com\/fr\/product\/petit-fauteuil-rembourre-structure-en-metal-chaise-de-salon-moderne\/\">Petit fauteuil rembourr\u00e9 structure en m\u00e9tal chaise de salon moderne<\/a><\/span><\/li>\n<\/ul>\n<div class=\"social-icons share-icons share-row relative\" ><a href=\"whatsapp:\/\/send?text=Chaises%20empilables%20en%20plastique%20pour%20l%26rsquo%3Bext%C3%A9rieur%20solution%20parfaite%20pour%20l%26rsquo%3Bespace - https:\/\/minhducfurniture.com\/fr\/product\/chaises-empilables-en-plastique-pour-lexterieur-solution-parfaite-pour-lespace\/\" data-action=\"share\/whatsapp\/share\" class=\"icon primary button round tooltip whatsapp show-for-medium\" title=\"Partager sur WhatsApp\" aria-label=\"Partager sur WhatsApp\"><i class=\"icon-whatsapp\" aria-hidden=\"true\"><\/i><\/a><a href=\"https:\/\/www.facebook.com\/sharer.php?u=https:\/\/minhducfurniture.com\/fr\/product\/chaises-empilables-en-plastique-pour-lexterieur-solution-parfaite-pour-lespace\/\" data-label=\"Facebook\" onclick=\"window.open(this.href,this.title,'width=500,height=500,top=300px,left=300px'); return false;\" target=\"_blank\" class=\"icon primary button round tooltip facebook\" title=\"Partager sur Facebook\" aria-label=\"Partager sur Facebook\" rel=\"noopener nofollow\"><i class=\"icon-facebook\" aria-hidden=\"true\"><\/i><\/a><a href=\"https:\/\/twitter.com\/share?url=https:\/\/minhducfurniture.com\/fr\/product\/chaises-empilables-en-plastique-pour-lexterieur-solution-parfaite-pour-lespace\/\" onclick=\"window.open(this.href,this.title,'width=500,height=500,top=300px,left=300px'); return false;\" target=\"_blank\" class=\"icon primary button round tooltip twitter\" title=\"Partager sur Twitter\" aria-label=\"Partager sur Twitter\" rel=\"noopener nofollow\"><i class=\"icon-twitter\" aria-hidden=\"true\"><\/i><\/a><a href=\"mailto:?subject=Chaises%20empilables%20en%20plastique%20pour%20l%26rsquo%3Bext%C3%A9rieur%20solution%20parfaite%20pour%20l%26rsquo%3Bespace&body=Regarde%20%C3%A7a%3A%20https%3A%2F%2Fminhducfurniture.com%2Ffr%2Fproduct%2Fchaises-empilables-en-plastique-pour-lexterieur-solution-parfaite-pour-lespace%2F\" class=\"icon primary button round tooltip email\" title=\"Envoyer par mail\" aria-label=\"Envoyer par mail\" rel=\"nofollow\"><i class=\"icon-envelop\" aria-hidden=\"true\"><\/i><\/a><a href=\"https:\/\/pinterest.com\/pin\/create\/button?url=https:\/\/minhducfurniture.com\/fr\/product\/chaises-empilables-en-plastique-pour-lexterieur-solution-parfaite-pour-lespace\/&media=https:\/\/minhducfurniture.com\/wp-content\/uploads\/2025\/11\/Plastic-outdoor-stackable-chairs-1.jpg&description=Chaises%20empilables%20en%20plastique%20pour%20l%26rsquo%3Bext%C3%A9rieur%20solution%20parfaite%20pour%20l%26rsquo%3Bespace\" onclick=\"window.open(this.href,this.title,'width=500,height=500,top=300px,left=300px'); return false;\" target=\"_blank\" class=\"icon primary button round tooltip pinterest\" title=\"Epingler sur Pinterest\" aria-label=\"Epingler sur Pinterest\" rel=\"noopener nofollow\"><i class=\"icon-pinterest\" aria-hidden=\"true\"><\/i><\/a><a href=\"https:\/\/www.linkedin.com\/shareArticle?mini=true&url=https:\/\/minhducfurniture.com\/fr\/product\/chaises-empilables-en-plastique-pour-lexterieur-solution-parfaite-pour-lespace\/&title=Chaises%20empilables%20en%20plastique%20pour%20l%26rsquo%3Bext%C3%A9rieur%20solution%20parfaite%20pour%20l%26rsquo%3Bespace\" onclick=\"window.open(this.href,this.title,'width=500,height=500,top=300px,left=300px'); return false;\" target=\"_blank\" class=\"icon primary button round tooltip linkedin\" title=\"Partager sur LinkedIn\" aria-label=\"Partager sur LinkedIn\" rel=\"noopener nofollow\"><i class=\"icon-linkedin\" aria-hidden=\"true\"><\/i><\/a><\/div>\n","protected":false},"excerpt":{"rendered":"<ul>\n<li>Code produit : MDS-3026<\/li>\n<li>Taille de la chaise : H810mm*SH460mm*W650mm<\/li>\n<li>100% plastique PP avec rev\u00eatement anti-UV<\/li>\n<li>Poids de chargement : 120kg\/ 264.5lbs<\/li>\n<li>Origine du produit : Viet Nam<\/li>\n<li>Hotline\/ WhatsApp:+84908314939<\/li>\n<\/ul>\n","protected":false},"featured_media":54092,"comment_status":"open","ping_status":"closed","template":"","meta":[],"product_brand":[],"product_cat":[13060],"product_tag":[13061],"class_list":{"0":"post-54100","1":"product","2":"type-product","3":"status-publish","4":"has-post-thumbnail","6":"product_cat-chaises-en-plastique","7":"product_tag-chaises-dexterieur","9":"first","10":"instock","11":"shipping-taxable","12":"product-type-simple"},"yoast_head":"<!-- This site is optimized with the Yoast SEO plugin v27.4 - https:\/\/yoast.com\/product\/yoast-seo-wordpress\/ -->\n<title>Chaises empilables en plastique pour l&#039;ext\u00e9rieur solution parfaite pour l&#039;espace - Minh Duc Furniture<\/title>\n<meta name=\"description\" content=\"Les chaises empilables en plastique pour l&#039;ext\u00e9rieur revitaliseront votre ext\u00e9rieur ! Avec un design \u00e9tonnamment non conventionnel qui attire imm\u00e9diatement l&#039;attention,\" \/>\n<meta name=\"robots\" content=\"index, follow, max-snippet:-1, max-image-preview:large, max-video-preview:-1\" \/>\n<link rel=\"canonical\" href=\"https:\/\/minhducfurniture.com\/fr\/product\/chaises-empilables-en-plastique-pour-lexterieur-solution-parfaite-pour-lespace\/\" \/>\n<meta property=\"og:locale\" content=\"fr_FR\" \/>\n<meta property=\"og:type\" content=\"article\" \/>\n<meta property=\"og:title\" content=\"Chaises empilables en plastique pour l&#039;ext\u00e9rieur solution parfaite pour l&#039;espace - Minh Duc Furniture\" \/>\n<meta property=\"og:description\" content=\"Les chaises empilables en plastique pour l&#039;ext\u00e9rieur revitaliseront votre ext\u00e9rieur ! Avec un design \u00e9tonnamment non conventionnel qui attire imm\u00e9diatement l&#039;attention,\" \/>\n<meta property=\"og:url\" content=\"https:\/\/minhducfurniture.com\/fr\/product\/chaises-empilables-en-plastique-pour-lexterieur-solution-parfaite-pour-lespace\/\" \/>\n<meta property=\"og:site_name\" content=\"Minh Duc Furniture\" \/>\n<meta property=\"article:modified_time\" content=\"2025-11-20T17:06:37+00:00\" \/>\n<meta property=\"og:image\" content=\"https:\/\/minhducfurniture.com\/wp-content\/uploads\/2025\/11\/Plastic-outdoor-stackable-chairs-1.jpg\" \/>\n\t<meta property=\"og:image:width\" content=\"650\" \/>\n\t<meta property=\"og:image:height\" content=\"650\" \/>\n\t<meta property=\"og:image:type\" content=\"image\/jpeg\" \/>\n<meta name=\"twitter:card\" content=\"summary_large_image\" \/>\n<meta name=\"twitter:label1\" content=\"Dur\u00e9e de lecture estim\u00e9e\" \/>\n\t<meta name=\"twitter:data1\" content=\"2 minutes\" \/>\n<script type=\"application\/ld+json\" class=\"yoast-schema-graph\">{\"@context\":\"https:\\\/\\\/schema.org\",\"@graph\":[{\"@type\":\"WebPage\",\"@id\":\"https:\\\/\\\/minhducfurniture.com\\\/fr\\\/product\\\/chaises-empilables-en-plastique-pour-lexterieur-solution-parfaite-pour-lespace\\\/\",\"url\":\"https:\\\/\\\/minhducfurniture.com\\\/fr\\\/product\\\/chaises-empilables-en-plastique-pour-lexterieur-solution-parfaite-pour-lespace\\\/\",\"name\":\"Chaises empilables en plastique pour l'ext\u00e9rieur solution parfaite pour l'espace - Minh Duc Furniture\",\"isPartOf\":{\"@id\":\"https:\\\/\\\/minhducfurniture.com\\\/fr\\\/#website\"},\"primaryImageOfPage\":{\"@id\":\"https:\\\/\\\/minhducfurniture.com\\\/fr\\\/product\\\/chaises-empilables-en-plastique-pour-lexterieur-solution-parfaite-pour-lespace\\\/#primaryimage\"},\"image\":{\"@id\":\"https:\\\/\\\/minhducfurniture.com\\\/fr\\\/product\\\/chaises-empilables-en-plastique-pour-lexterieur-solution-parfaite-pour-lespace\\\/#primaryimage\"},\"thumbnailUrl\":\"https:\\\/\\\/minhducfurniture.com\\\/wp-content\\\/uploads\\\/2025\\\/11\\\/Plastic-outdoor-stackable-chairs-1.jpg\",\"datePublished\":\"2025-11-17T09:17:48+00:00\",\"dateModified\":\"2025-11-20T17:06:37+00:00\",\"description\":\"Les chaises empilables en plastique pour l'ext\u00e9rieur revitaliseront votre ext\u00e9rieur ! Avec un design \u00e9tonnamment non conventionnel qui attire imm\u00e9diatement l'attention,\",\"breadcrumb\":{\"@id\":\"https:\\\/\\\/minhducfurniture.com\\\/fr\\\/product\\\/chaises-empilables-en-plastique-pour-lexterieur-solution-parfaite-pour-lespace\\\/#breadcrumb\"},\"inLanguage\":\"fr-FR\",\"potentialAction\":[{\"@type\":\"ReadAction\",\"target\":[\"https:\\\/\\\/minhducfurniture.com\\\/fr\\\/product\\\/chaises-empilables-en-plastique-pour-lexterieur-solution-parfaite-pour-lespace\\\/\"]}]},{\"@type\":\"ImageObject\",\"inLanguage\":\"fr-FR\",\"@id\":\"https:\\\/\\\/minhducfurniture.com\\\/fr\\\/product\\\/chaises-empilables-en-plastique-pour-lexterieur-solution-parfaite-pour-lespace\\\/#primaryimage\",\"url\":\"https:\\\/\\\/minhducfurniture.com\\\/wp-content\\\/uploads\\\/2025\\\/11\\\/Plastic-outdoor-stackable-chairs-1.jpg\",\"contentUrl\":\"https:\\\/\\\/minhducfurniture.com\\\/wp-content\\\/uploads\\\/2025\\\/11\\\/Plastic-outdoor-stackable-chairs-1.jpg\",\"width\":650,\"height\":650,\"caption\":\"Chaises empilables en plastique pour l'ext\u00e9rieur\"},{\"@type\":\"BreadcrumbList\",\"@id\":\"https:\\\/\\\/minhducfurniture.com\\\/fr\\\/product\\\/chaises-empilables-en-plastique-pour-lexterieur-solution-parfaite-pour-lespace\\\/#breadcrumb\",\"itemListElement\":[{\"@type\":\"ListItem\",\"position\":1,\"name\":\"Home\",\"item\":\"https:\\\/\\\/minhducfurniture.com\\\/fr\\\/\"},{\"@type\":\"ListItem\",\"position\":2,\"name\":\"Shop\",\"item\":\"https:\\\/\\\/minhducfurniture.com\\\/shop\\\/\"},{\"@type\":\"ListItem\",\"position\":3,\"name\":\"Chaises empilables en plastique pour l&rsquo;ext\u00e9rieur solution parfaite pour l&rsquo;espace\"}]},{\"@type\":\"WebSite\",\"@id\":\"https:\\\/\\\/minhducfurniture.com\\\/fr\\\/#website\",\"url\":\"https:\\\/\\\/minhducfurniture.com\\\/fr\\\/\",\"name\":\"Minh Duc Furniture\",\"description\":\"Vietnam Furniture Supplier\",\"publisher\":{\"@id\":\"https:\\\/\\\/minhducfurniture.com\\\/fr\\\/#organization\"},\"alternateName\":\"Vietnam Online Shop\",\"potentialAction\":[{\"@type\":\"SearchAction\",\"target\":{\"@type\":\"EntryPoint\",\"urlTemplate\":\"https:\\\/\\\/minhducfurniture.com\\\/fr\\\/?s={search_term_string}\"},\"query-input\":{\"@type\":\"PropertyValueSpecification\",\"valueRequired\":true,\"valueName\":\"search_term_string\"}}],\"inLanguage\":\"fr-FR\"},{\"@type\":\"Organization\",\"@id\":\"https:\\\/\\\/minhducfurniture.com\\\/fr\\\/#organization\",\"name\":\"Minh Duc Furniture\",\"alternateName\":\"Vietnam Furniture Export\",\"url\":\"https:\\\/\\\/minhducfurniture.com\\\/fr\\\/\",\"logo\":{\"@type\":\"ImageObject\",\"inLanguage\":\"fr-FR\",\"@id\":\"https:\\\/\\\/minhducfurniture.com\\\/fr\\\/#\\\/schema\\\/logo\\\/image\\\/\",\"url\":\"\",\"contentUrl\":\"\",\"caption\":\"Minh Duc Furniture\"},\"image\":{\"@id\":\"https:\\\/\\\/minhducfurniture.com\\\/fr\\\/#\\\/schema\\\/logo\\\/image\\\/\"},\"sameAs\":[\"https:\\\/\\\/www.pinterest.com\\\/hienthaoshop\\\/pins\\\/\"]}]}<\/script>\n<!-- \/ Yoast SEO plugin. -->","yoast_head_json":{"title":"Chaises empilables en plastique pour l'ext\u00e9rieur solution parfaite pour l'espace - Minh Duc Furniture","description":"Les chaises empilables en plastique pour l'ext\u00e9rieur revitaliseront votre ext\u00e9rieur ! Avec un design \u00e9tonnamment non conventionnel qui attire imm\u00e9diatement l'attention,","robots":{"index":"index","follow":"follow","max-snippet":"max-snippet:-1","max-image-preview":"max-image-preview:large","max-video-preview":"max-video-preview:-1"},"canonical":"https:\/\/minhducfurniture.com\/fr\/product\/chaises-empilables-en-plastique-pour-lexterieur-solution-parfaite-pour-lespace\/","og_locale":"fr_FR","og_type":"article","og_title":"Chaises empilables en plastique pour l'ext\u00e9rieur solution parfaite pour l'espace - Minh Duc Furniture","og_description":"Les chaises empilables en plastique pour l'ext\u00e9rieur revitaliseront votre ext\u00e9rieur ! Avec un design \u00e9tonnamment non conventionnel qui attire imm\u00e9diatement l'attention,","og_url":"https:\/\/minhducfurniture.com\/fr\/product\/chaises-empilables-en-plastique-pour-lexterieur-solution-parfaite-pour-lespace\/","og_site_name":"Minh Duc Furniture","article_modified_time":"2025-11-20T17:06:37+00:00","og_image":[{"width":650,"height":650,"url":"https:\/\/minhducfurniture.com\/wp-content\/uploads\/2025\/11\/Plastic-outdoor-stackable-chairs-1.jpg","type":"image\/jpeg"}],"twitter_card":"summary_large_image","twitter_misc":{"Dur\u00e9e de lecture estim\u00e9e":"2 minutes"},"schema":{"@context":"https:\/\/schema.org","@graph":[{"@type":"WebPage","@id":"https:\/\/minhducfurniture.com\/fr\/product\/chaises-empilables-en-plastique-pour-lexterieur-solution-parfaite-pour-lespace\/","url":"https:\/\/minhducfurniture.com\/fr\/product\/chaises-empilables-en-plastique-pour-lexterieur-solution-parfaite-pour-lespace\/","name":"Chaises empilables en plastique pour l'ext\u00e9rieur solution parfaite pour l'espace - Minh Duc Furniture","isPartOf":{"@id":"https:\/\/minhducfurniture.com\/fr\/#website"},"primaryImageOfPage":{"@id":"https:\/\/minhducfurniture.com\/fr\/product\/chaises-empilables-en-plastique-pour-lexterieur-solution-parfaite-pour-lespace\/#primaryimage"},"image":{"@id":"https:\/\/minhducfurniture.com\/fr\/product\/chaises-empilables-en-plastique-pour-lexterieur-solution-parfaite-pour-lespace\/#primaryimage"},"thumbnailUrl":"https:\/\/minhducfurniture.com\/wp-content\/uploads\/2025\/11\/Plastic-outdoor-stackable-chairs-1.jpg","datePublished":"2025-11-17T09:17:48+00:00","dateModified":"2025-11-20T17:06:37+00:00","description":"Les chaises empilables en plastique pour l'ext\u00e9rieur revitaliseront votre ext\u00e9rieur ! Avec un design \u00e9tonnamment non conventionnel qui attire imm\u00e9diatement l'attention,","breadcrumb":{"@id":"https:\/\/minhducfurniture.com\/fr\/product\/chaises-empilables-en-plastique-pour-lexterieur-solution-parfaite-pour-lespace\/#breadcrumb"},"inLanguage":"fr-FR","potentialAction":[{"@type":"ReadAction","target":["https:\/\/minhducfurniture.com\/fr\/product\/chaises-empilables-en-plastique-pour-lexterieur-solution-parfaite-pour-lespace\/"]}]},{"@type":"ImageObject","inLanguage":"fr-FR","@id":"https:\/\/minhducfurniture.com\/fr\/product\/chaises-empilables-en-plastique-pour-lexterieur-solution-parfaite-pour-lespace\/#primaryimage","url":"https:\/\/minhducfurniture.com\/wp-content\/uploads\/2025\/11\/Plastic-outdoor-stackable-chairs-1.jpg","contentUrl":"https:\/\/minhducfurniture.com\/wp-content\/uploads\/2025\/11\/Plastic-outdoor-stackable-chairs-1.jpg","width":650,"height":650,"caption":"Chaises empilables en plastique pour l'ext\u00e9rieur"},{"@type":"BreadcrumbList","@id":"https:\/\/minhducfurniture.com\/fr\/product\/chaises-empilables-en-plastique-pour-lexterieur-solution-parfaite-pour-lespace\/#breadcrumb","itemListElement":[{"@type":"ListItem","position":1,"name":"Home","item":"https:\/\/minhducfurniture.com\/fr\/"},{"@type":"ListItem","position":2,"name":"Shop","item":"https:\/\/minhducfurniture.com\/shop\/"},{"@type":"ListItem","position":3,"name":"Chaises empilables en plastique pour l&rsquo;ext\u00e9rieur solution parfaite pour l&rsquo;espace"}]},{"@type":"WebSite","@id":"https:\/\/minhducfurniture.com\/fr\/#website","url":"https:\/\/minhducfurniture.com\/fr\/","name":"Minh Duc Furniture","description":"Vietnam Furniture Supplier","publisher":{"@id":"https:\/\/minhducfurniture.com\/fr\/#organization"},"alternateName":"Vietnam Online Shop","potentialAction":[{"@type":"SearchAction","target":{"@type":"EntryPoint","urlTemplate":"https:\/\/minhducfurniture.com\/fr\/?s={search_term_string}"},"query-input":{"@type":"PropertyValueSpecification","valueRequired":true,"valueName":"search_term_string"}}],"inLanguage":"fr-FR"},{"@type":"Organization","@id":"https:\/\/minhducfurniture.com\/fr\/#organization","name":"Minh Duc Furniture","alternateName":"Vietnam Furniture Export","url":"https:\/\/minhducfurniture.com\/fr\/","logo":{"@type":"ImageObject","inLanguage":"fr-FR","@id":"https:\/\/minhducfurniture.com\/fr\/#\/schema\/logo\/image\/","url":"","contentUrl":"","caption":"Minh Duc Furniture"},"image":{"@id":"https:\/\/minhducfurniture.com\/fr\/#\/schema\/logo\/image\/"},"sameAs":["https:\/\/www.pinterest.com\/hienthaoshop\/pins\/"]}]}},"_links":{"self":[{"href":"https:\/\/minhducfurniture.com\/fr\/wp-json\/wp\/v2\/product\/54100","targetHints":{"allow":["GET"]}}],"collection":[{"href":"https:\/\/minhducfurniture.com\/fr\/wp-json\/wp\/v2\/product"}],"about":[{"href":"https:\/\/minhducfurniture.com\/fr\/wp-json\/wp\/v2\/types\/product"}],"replies":[{"embeddable":true,"href":"https:\/\/minhducfurniture.com\/fr\/wp-json\/wp\/v2\/comments?post=54100"}],"wp:featuredmedia":[{"embeddable":true,"href":"https:\/\/minhducfurniture.com\/fr\/wp-json\/wp\/v2\/media\/54092"}],"wp:attachment":[{"href":"https:\/\/minhducfurniture.com\/fr\/wp-json\/wp\/v2\/media?parent=54100"}],"wp:term":[{"taxonomy":"product_brand","embeddable":true,"href":"https:\/\/minhducfurniture.com\/fr\/wp-json\/wp\/v2\/product_brand?post=54100"},{"taxonomy":"product_cat","embeddable":true,"href":"https:\/\/minhducfurniture.com\/fr\/wp-json\/wp\/v2\/product_cat?post=54100"},{"taxonomy":"product_tag","embeddable":true,"href":"https:\/\/minhducfurniture.com\/fr\/wp-json\/wp\/v2\/product_tag?post=54100"}],"curies":[{"name":"wp","href":"https:\/\/api.w.org\/{rel}","templated":true}]}}