{"id":53898,"date":"2025-11-06T12:50:15","date_gmt":"2025-11-06T05:50:15","guid":{"rendered":"https:\/\/minhducfurniture.com\/product\/chaises-de-salle-a-manger-en-plastique-pour-mariages-et-evenements\/"},"modified":"2026-02-25T14:11:31","modified_gmt":"2026-02-25T07:11:31","slug":"chaises-de-salle-a-manger-en-plastique-pour-mariages-et-evenements","status":"publish","type":"product","link":"https:\/\/minhducfurniture.com\/fr\/product\/chaises-de-salle-a-manger-en-plastique-pour-mariages-et-evenements\/","title":{"rendered":"Chaises de salle \u00e0 manger en plastique pour mariages et \u00e9v\u00e9nements"},"content":{"rendered":"<h2><span style=\"font-size: 90%\">Chaises de salle \u00e0 manger en plastique pour l&rsquo;ext\u00e9rieur &#8211; Parfaites pour les espaces ext\u00e9rieurs<\/span><\/h2>\n<div>Les <strong>chaises de salle \u00e0 manger en plastique pour l&rsquo;ext\u00e9rieur<\/strong> constituent un choix intelligent et \u00e9l\u00e9gant pour les jardins, les patios, les balcons, les caf\u00e9s et les espaces \u00e9v\u00e9nementiels. Fabriqu\u00e9es en PP durable, elles sont r\u00e9sistantes aux intemp\u00e9ries, l\u00e9g\u00e8res et faciles \u00e0 nettoyer. Son design \u00e9l\u00e9gant s&rsquo;adapte aussi bien aux repas d\u00e9contract\u00e9s qu&rsquo;aux repas formels en plein air.  <\/div>\n<div><\/div>\n<div>Disponible dans des tons neutres classiques et des couleurs gaies, cette chaise est parfaite pour les r\u00e9unions de famille, les caf\u00e9s, les repas au bord de la piscine, les mariages ou m\u00eame les f\u00eates d&rsquo;anniversaire color\u00e9es des enfants. Sa polyvalence et sa qualit\u00e9 durable en font une option fiable pour tout espace ext\u00e9rieur. \t<div id=\"gap-618844077\" class=\"gap-element clearfix\" style=\"display:block; height:auto;\">\n\t\t\n<style>\n#gap-618844077 {\n  padding-top: 20px;\n}\n<\/style>\n\t<\/div>\n\t<\/div>\n<div><\/div>\n<div>\n<figure id=\"attachment_54924\" aria-describedby=\"caption-attachment-54924\" style=\"width: 850px\" class=\"wp-caption aligncenter\"><img decoding=\"async\" class=\"size-full wp-image-53888\" src=\"https:\/\/minhducfurniture.com\/wp-content\/uploads\/2025\/11\/Plastic-chairs-for-outdoor-birthday-parties.jpg\" alt=\"Chaises en plastique pour les f\u00eates d'anniversaire en plein air\" width=\"850\" height=\"586\" srcset=\"https:\/\/minhducfurniture.com\/wp-content\/uploads\/2025\/11\/Plastic-chairs-for-outdoor-birthday-parties.jpg 850w, https:\/\/minhducfurniture.com\/wp-content\/uploads\/2025\/11\/Plastic-chairs-for-outdoor-birthday-parties-580x400.jpg 580w, https:\/\/minhducfurniture.com\/wp-content\/uploads\/2025\/11\/Plastic-chairs-for-outdoor-birthday-parties-768x529.jpg 768w, https:\/\/minhducfurniture.com\/wp-content\/uploads\/2025\/11\/Plastic-chairs-for-outdoor-birthday-parties-510x352.jpg 510w\" sizes=\"(max-width: 850px) 100vw, 850px\" \/><figcaption id=\"caption-attachment-54924\" class=\"wp-caption-text\">Chaises en plastique pour les f\u00eates d&rsquo;anniversaire en plein air<\/figcaption><\/figure>\n<\/div>\n<h3>Caract\u00e9ristiques de la chaise en plastique pour l&rsquo;ext\u00e9rieur<\/h3>\n<ul>\n<li>Fabriqu\u00e9 en PP de haute qualit\u00e9<\/li>\n<li>R\u00e9sistance aux intemp\u00e9ries : convient au soleil, \u00e0 la pluie et \u00e0 l&rsquo;ext\u00e9rieur<\/li>\n<li>L\u00e9ger et facile \u00e0 d\u00e9placer ou \u00e0 r\u00e9organiser<\/li>\n<li>Facile \u00e0 nettoyer avec de l&rsquo;eau et un savon doux<\/li>\n<li>Conception empilable pour un stockage pratique<\/li>\n<li>Finition lisse et \u00e9l\u00e9gante convenant \u00e0 un environnement d\u00e9contract\u00e9 ou formel<\/li>\n<li>Disponible en plusieurs couleurs pour s&rsquo;adapter \u00e0 diff\u00e9rents th\u00e8mes<\/li>\n<\/ul>\n<figure id=\"attachment_54925\" aria-describedby=\"caption-attachment-54925\" style=\"width: 850px\" class=\"wp-caption aligncenter\"><img decoding=\"async\" class=\"size-full wp-image-53889\" src=\"https:\/\/minhducfurniture.com\/wp-content\/uploads\/2025\/11\/Plastic-chairs-for-outdoor-parties.jpg\" alt=\"Chaises en plastique pour les f\u00eates en plein air\" width=\"850\" height=\"516\" srcset=\"https:\/\/minhducfurniture.com\/wp-content\/uploads\/2025\/11\/Plastic-chairs-for-outdoor-parties.jpg 850w, https:\/\/minhducfurniture.com\/wp-content\/uploads\/2025\/11\/Plastic-chairs-for-outdoor-parties-659x400.jpg 659w, https:\/\/minhducfurniture.com\/wp-content\/uploads\/2025\/11\/Plastic-chairs-for-outdoor-parties-768x466.jpg 768w, https:\/\/minhducfurniture.com\/wp-content\/uploads\/2025\/11\/Plastic-chairs-for-outdoor-parties-510x310.jpg 510w\" sizes=\"(max-width: 850px) 100vw, 850px\" \/><figcaption id=\"caption-attachment-54925\" class=\"wp-caption-text\">Chaises en plastique pour les f\u00eates en plein air<\/figcaption><\/figure>\n<h4>Description du produit<\/h4>\n<ul>\n<li>Code produit : MDS-3041<\/li>\n<li>Taille de la chaise : 900mm*430mm*430mm<\/li>\n<li>100% plastique PP avec rev\u00eatement anti-UV.<\/li>\n<li>Poids de chargement : 120kg\/ 264.5lbs<\/li>\n<li>Origine du produit : Vietnam<\/li>\n<\/ul>\n<figure id=\"attachment_54926\" aria-describedby=\"caption-attachment-54926\" style=\"width: 850px\" class=\"wp-caption aligncenter\"><img decoding=\"async\" class=\"wp-image-53890 size-full\" src=\"https:\/\/minhducfurniture.com\/wp-content\/uploads\/2025\/11\/Outdoor-plastic-dining-chair-in-various-colors.jpg\" alt=\"Les photos actuelles des chaises en plastique pour l'ext\u00e9rieur\" width=\"850\" height=\"607\" srcset=\"https:\/\/minhducfurniture.com\/wp-content\/uploads\/2025\/11\/Outdoor-plastic-dining-chair-in-various-colors.jpg 850w, https:\/\/minhducfurniture.com\/wp-content\/uploads\/2025\/11\/Outdoor-plastic-dining-chair-in-various-colors-560x400.jpg 560w, https:\/\/minhducfurniture.com\/wp-content\/uploads\/2025\/11\/Outdoor-plastic-dining-chair-in-various-colors-768x548.jpg 768w, https:\/\/minhducfurniture.com\/wp-content\/uploads\/2025\/11\/Outdoor-plastic-dining-chair-in-various-colors-510x364.jpg 510w\" sizes=\"(max-width: 850px) 100vw, 850px\" \/><figcaption id=\"caption-attachment-54926\" class=\"wp-caption-text\">Les photos actuelles des chaises en plastique pour l&rsquo;ext\u00e9rieur<\/figcaption><\/figure>\n<h4>Informations sur les commandes<\/h4>\n<ul>\n<li>Quantit\u00e9 minimale de commande (MOQ) : 50 pi\u00e8ces<\/li>\n<li>D\u00e9lai de livraison : 30-35 jours apr\u00e8s le d\u00e9p\u00f4t<\/li>\n<li>D\u00e9lai de livraison : FOB port de Hai Phong, Vietnam<\/li>\n<li>Modalit\u00e9s de paiement : T\/T 30% de d\u00e9p\u00f4t, 70% de solde avant l&rsquo;exp\u00e9dition<\/li>\n<li>Si vous avez une conception personnalis\u00e9e et que vous avez besoin d&rsquo;une production de masse, veuillez nous contacter pour obtenir de l&rsquo;aide.<\/li>\n<\/ul>\n<figure id=\"attachment_54927\" aria-describedby=\"caption-attachment-54927\" style=\"width: 850px\" class=\"wp-caption aligncenter\"><img decoding=\"async\" class=\"size-full wp-image-53891\" src=\"https:\/\/minhducfurniture.com\/wp-content\/uploads\/2025\/11\/A-white-plastic-chair-for-the-event.jpg\" alt=\"Une chaise blanche en plastique pour l'\u00e9v\u00e9nement\" width=\"850\" height=\"542\" srcset=\"https:\/\/minhducfurniture.com\/wp-content\/uploads\/2025\/11\/A-white-plastic-chair-for-the-event.jpg 850w, https:\/\/minhducfurniture.com\/wp-content\/uploads\/2025\/11\/A-white-plastic-chair-for-the-event-627x400.jpg 627w, https:\/\/minhducfurniture.com\/wp-content\/uploads\/2025\/11\/A-white-plastic-chair-for-the-event-768x490.jpg 768w, https:\/\/minhducfurniture.com\/wp-content\/uploads\/2025\/11\/A-white-plastic-chair-for-the-event-510x325.jpg 510w\" sizes=\"(max-width: 850px) 100vw, 850px\" \/><figcaption id=\"caption-attachment-54927\" class=\"wp-caption-text\">Une chaise blanche en plastique pour l&rsquo;\u00e9v\u00e9nement<\/figcaption><\/figure>\n<h4>Informations sur le contact<\/h4>\n<ul>\n<li><a href=\"https:\/\/minhducfurniture.com\/fr\/\">Minh Duc Public Furniture Co.<\/a><\/li>\n<li>Adresse : Villa H02-L11 An Phu, Duong Noi, Ha Dong, Hanoi, Vietnam<\/li>\n<li>Phone\/WhatsApp\/Zalo : +84 908 314 939<\/li>\n<\/ul>\n<h4>Plus de nos collections<\/h4>\n<ul>\n<li><span style=\"color: #008080\"><a style=\"color: #008080\" href=\"https:\/\/minhducfurniture.com\/fr\/product\/fauteuil-a-structure-metallique-noire-fauteuil-a-structure-metallique-pour-lexportation\/\">Fauteuil \u00e0 structure m\u00e9tallique noire Fauteuil \u00e0 structure m\u00e9tallique pour l&rsquo;exportation<\/a><\/span><\/li>\n<li><span style=\"color: #008080\"><a style=\"color: #008080\" href=\"https:\/\/minhducfurniture.com\/fr\/product\/chaise-en-metal-avec-coussin-chaise-de-salle-a-manger-moderne-rembourree\/\">Chaise en m\u00e9tal avec coussin Chaise de salle \u00e0 manger moderne rembourr\u00e9e<\/a><\/span><\/li>\n<\/ul>\n<div><div class=\"social-icons share-icons share-row relative\" ><a href=\"whatsapp:\/\/send?text=Chaises%20de%20salle%20%C3%A0%20manger%20en%20plastique%20pour%20mariages%20et%20%C3%A9v%C3%A9nements - https:\/\/minhducfurniture.com\/fr\/product\/chaises-de-salle-a-manger-en-plastique-pour-mariages-et-evenements\/\" data-action=\"share\/whatsapp\/share\" class=\"icon primary button round tooltip whatsapp show-for-medium\" title=\"Partager sur WhatsApp\" aria-label=\"Partager sur WhatsApp\"><i class=\"icon-whatsapp\" aria-hidden=\"true\"><\/i><\/a><a href=\"https:\/\/www.facebook.com\/sharer.php?u=https:\/\/minhducfurniture.com\/fr\/product\/chaises-de-salle-a-manger-en-plastique-pour-mariages-et-evenements\/\" data-label=\"Facebook\" onclick=\"window.open(this.href,this.title,'width=500,height=500,top=300px,left=300px'); return false;\" target=\"_blank\" class=\"icon primary button round tooltip facebook\" title=\"Partager sur Facebook\" aria-label=\"Partager sur Facebook\" rel=\"noopener nofollow\"><i class=\"icon-facebook\" aria-hidden=\"true\"><\/i><\/a><a href=\"https:\/\/twitter.com\/share?url=https:\/\/minhducfurniture.com\/fr\/product\/chaises-de-salle-a-manger-en-plastique-pour-mariages-et-evenements\/\" onclick=\"window.open(this.href,this.title,'width=500,height=500,top=300px,left=300px'); return false;\" target=\"_blank\" class=\"icon primary button round tooltip twitter\" title=\"Partager sur Twitter\" aria-label=\"Partager sur Twitter\" rel=\"noopener nofollow\"><i class=\"icon-twitter\" aria-hidden=\"true\"><\/i><\/a><a href=\"mailto:?subject=Chaises%20de%20salle%20%C3%A0%20manger%20en%20plastique%20pour%20mariages%20et%20%C3%A9v%C3%A9nements&body=Regarde%20%C3%A7a%3A%20https%3A%2F%2Fminhducfurniture.com%2Ffr%2Fproduct%2Fchaises-de-salle-a-manger-en-plastique-pour-mariages-et-evenements%2F\" class=\"icon primary button round tooltip email\" title=\"Envoyer par mail\" aria-label=\"Envoyer par mail\" rel=\"nofollow\"><i class=\"icon-envelop\" aria-hidden=\"true\"><\/i><\/a><a href=\"https:\/\/pinterest.com\/pin\/create\/button?url=https:\/\/minhducfurniture.com\/fr\/product\/chaises-de-salle-a-manger-en-plastique-pour-mariages-et-evenements\/&media=https:\/\/minhducfurniture.com\/wp-content\/uploads\/2025\/11\/Outdoor-plastic-dining-chair.jpg&description=Chaises%20de%20salle%20%C3%A0%20manger%20en%20plastique%20pour%20mariages%20et%20%C3%A9v%C3%A9nements\" onclick=\"window.open(this.href,this.title,'width=500,height=500,top=300px,left=300px'); return false;\" target=\"_blank\" class=\"icon primary button round tooltip pinterest\" title=\"Epingler sur Pinterest\" aria-label=\"Epingler sur Pinterest\" rel=\"noopener nofollow\"><i class=\"icon-pinterest\" aria-hidden=\"true\"><\/i><\/a><a href=\"https:\/\/www.linkedin.com\/shareArticle?mini=true&url=https:\/\/minhducfurniture.com\/fr\/product\/chaises-de-salle-a-manger-en-plastique-pour-mariages-et-evenements\/&title=Chaises%20de%20salle%20%C3%A0%20manger%20en%20plastique%20pour%20mariages%20et%20%C3%A9v%C3%A9nements\" onclick=\"window.open(this.href,this.title,'width=500,height=500,top=300px,left=300px'); return false;\" target=\"_blank\" class=\"icon primary button round tooltip linkedin\" title=\"Partager sur LinkedIn\" aria-label=\"Partager sur LinkedIn\" rel=\"noopener nofollow\"><i class=\"icon-linkedin\" aria-hidden=\"true\"><\/i><\/a><\/div><\/div>\n","protected":false},"excerpt":{"rendered":"<ul>\n<li>Code produit : MDS-3041<\/li>\n<li>Taille de la chaise : 900mm*430mm*430mm<\/li>\n<li>100% plastique PP avec rev\u00eatement anti-UV.<\/li>\n<li>Poids de chargement : 120kg\/ 264.5lbs<\/li>\n<li>Origine du produit : Vietnam<\/li>\n<li>Hotline\/ WhatsApp:+84908314939<\/li>\n<\/ul>\n","protected":false},"featured_media":53897,"comment_status":"open","ping_status":"closed","template":"","meta":[],"product_brand":[],"product_cat":[13060],"product_tag":[13061],"class_list":{"0":"post-53898","1":"product","2":"type-product","3":"status-publish","4":"has-post-thumbnail","6":"product_cat-chaises-en-plastique","7":"product_tag-chaises-dexterieur","9":"first","10":"instock","11":"shipping-taxable","12":"product-type-simple"},"yoast_head":"<!-- This site is optimized with the Yoast SEO plugin v27.4 - https:\/\/yoast.com\/product\/yoast-seo-wordpress\/ -->\n<title>Chaises de salle \u00e0 manger en plastique pour mariages et \u00e9v\u00e9nements - Minh Duc Furniture<\/title>\n<meta name=\"description\" content=\"Les chaises de salle \u00e0 manger en plastique pour l&#039;ext\u00e9rieur sont un choix intelligent et \u00e9l\u00e9gant pour les jardins, les patios, les balcons, les caf\u00e9s et les espaces \u00e9v\u00e9nementiels.\" \/>\n<meta name=\"robots\" content=\"index, follow, max-snippet:-1, max-image-preview:large, max-video-preview:-1\" \/>\n<link rel=\"canonical\" href=\"https:\/\/minhducfurniture.com\/fr\/product\/chaises-de-salle-a-manger-en-plastique-pour-mariages-et-evenements\/\" \/>\n<meta property=\"og:locale\" content=\"fr_FR\" \/>\n<meta property=\"og:type\" content=\"article\" \/>\n<meta property=\"og:title\" content=\"Chaises de salle \u00e0 manger en plastique pour mariages et \u00e9v\u00e9nements - Minh Duc Furniture\" \/>\n<meta property=\"og:description\" content=\"Les chaises de salle \u00e0 manger en plastique pour l&#039;ext\u00e9rieur sont un choix intelligent et \u00e9l\u00e9gant pour les jardins, les patios, les balcons, les caf\u00e9s et les espaces \u00e9v\u00e9nementiels.\" \/>\n<meta property=\"og:url\" content=\"https:\/\/minhducfurniture.com\/fr\/product\/chaises-de-salle-a-manger-en-plastique-pour-mariages-et-evenements\/\" \/>\n<meta property=\"og:site_name\" content=\"Minh Duc Furniture\" \/>\n<meta property=\"article:modified_time\" content=\"2026-02-25T07:11:31+00:00\" \/>\n<meta property=\"og:image\" content=\"https:\/\/minhducfurniture.com\/wp-content\/uploads\/2025\/11\/Outdoor-plastic-dining-chair.jpg\" \/>\n\t<meta property=\"og:image:width\" content=\"650\" \/>\n\t<meta property=\"og:image:height\" content=\"650\" \/>\n\t<meta property=\"og:image:type\" content=\"image\/jpeg\" \/>\n<meta name=\"twitter:card\" content=\"summary_large_image\" \/>\n<meta name=\"twitter:label1\" content=\"Dur\u00e9e de lecture estim\u00e9e\" \/>\n\t<meta name=\"twitter:data1\" content=\"2 minutes\" \/>\n<script type=\"application\/ld+json\" class=\"yoast-schema-graph\">{\"@context\":\"https:\\\/\\\/schema.org\",\"@graph\":[{\"@type\":\"WebPage\",\"@id\":\"https:\\\/\\\/minhducfurniture.com\\\/fr\\\/product\\\/chaises-de-salle-a-manger-en-plastique-pour-mariages-et-evenements\\\/\",\"url\":\"https:\\\/\\\/minhducfurniture.com\\\/fr\\\/product\\\/chaises-de-salle-a-manger-en-plastique-pour-mariages-et-evenements\\\/\",\"name\":\"Chaises de salle \u00e0 manger en plastique pour mariages et \u00e9v\u00e9nements - Minh Duc Furniture\",\"isPartOf\":{\"@id\":\"https:\\\/\\\/minhducfurniture.com\\\/fr\\\/#website\"},\"primaryImageOfPage\":{\"@id\":\"https:\\\/\\\/minhducfurniture.com\\\/fr\\\/product\\\/chaises-de-salle-a-manger-en-plastique-pour-mariages-et-evenements\\\/#primaryimage\"},\"image\":{\"@id\":\"https:\\\/\\\/minhducfurniture.com\\\/fr\\\/product\\\/chaises-de-salle-a-manger-en-plastique-pour-mariages-et-evenements\\\/#primaryimage\"},\"thumbnailUrl\":\"https:\\\/\\\/minhducfurniture.com\\\/wp-content\\\/uploads\\\/2025\\\/11\\\/Outdoor-plastic-dining-chair.jpg\",\"datePublished\":\"2025-11-06T05:50:15+00:00\",\"dateModified\":\"2026-02-25T07:11:31+00:00\",\"description\":\"Les chaises de salle \u00e0 manger en plastique pour l'ext\u00e9rieur sont un choix intelligent et \u00e9l\u00e9gant pour les jardins, les patios, les balcons, les caf\u00e9s et les espaces \u00e9v\u00e9nementiels.\",\"breadcrumb\":{\"@id\":\"https:\\\/\\\/minhducfurniture.com\\\/fr\\\/product\\\/chaises-de-salle-a-manger-en-plastique-pour-mariages-et-evenements\\\/#breadcrumb\"},\"inLanguage\":\"fr-FR\",\"potentialAction\":[{\"@type\":\"ReadAction\",\"target\":[\"https:\\\/\\\/minhducfurniture.com\\\/fr\\\/product\\\/chaises-de-salle-a-manger-en-plastique-pour-mariages-et-evenements\\\/\"]}]},{\"@type\":\"ImageObject\",\"inLanguage\":\"fr-FR\",\"@id\":\"https:\\\/\\\/minhducfurniture.com\\\/fr\\\/product\\\/chaises-de-salle-a-manger-en-plastique-pour-mariages-et-evenements\\\/#primaryimage\",\"url\":\"https:\\\/\\\/minhducfurniture.com\\\/wp-content\\\/uploads\\\/2025\\\/11\\\/Outdoor-plastic-dining-chair.jpg\",\"contentUrl\":\"https:\\\/\\\/minhducfurniture.com\\\/wp-content\\\/uploads\\\/2025\\\/11\\\/Outdoor-plastic-dining-chair.jpg\",\"width\":650,\"height\":650,\"caption\":\"Chaises de salle \u00e0 manger en plastique pour l'ext\u00e9rieur\"},{\"@type\":\"BreadcrumbList\",\"@id\":\"https:\\\/\\\/minhducfurniture.com\\\/fr\\\/product\\\/chaises-de-salle-a-manger-en-plastique-pour-mariages-et-evenements\\\/#breadcrumb\",\"itemListElement\":[{\"@type\":\"ListItem\",\"position\":1,\"name\":\"Home\",\"item\":\"https:\\\/\\\/minhducfurniture.com\\\/fr\\\/\"},{\"@type\":\"ListItem\",\"position\":2,\"name\":\"Shop\",\"item\":\"https:\\\/\\\/minhducfurniture.com\\\/shop\\\/\"},{\"@type\":\"ListItem\",\"position\":3,\"name\":\"Chaises de salle \u00e0 manger en plastique pour mariages et \u00e9v\u00e9nements\"}]},{\"@type\":\"WebSite\",\"@id\":\"https:\\\/\\\/minhducfurniture.com\\\/fr\\\/#website\",\"url\":\"https:\\\/\\\/minhducfurniture.com\\\/fr\\\/\",\"name\":\"Minh Duc Furniture\",\"description\":\"Vietnam Furniture Supplier\",\"publisher\":{\"@id\":\"https:\\\/\\\/minhducfurniture.com\\\/fr\\\/#organization\"},\"alternateName\":\"Vietnam Online Shop\",\"potentialAction\":[{\"@type\":\"SearchAction\",\"target\":{\"@type\":\"EntryPoint\",\"urlTemplate\":\"https:\\\/\\\/minhducfurniture.com\\\/fr\\\/?s={search_term_string}\"},\"query-input\":{\"@type\":\"PropertyValueSpecification\",\"valueRequired\":true,\"valueName\":\"search_term_string\"}}],\"inLanguage\":\"fr-FR\"},{\"@type\":\"Organization\",\"@id\":\"https:\\\/\\\/minhducfurniture.com\\\/fr\\\/#organization\",\"name\":\"Minh Duc Furniture\",\"alternateName\":\"Vietnam Furniture Export\",\"url\":\"https:\\\/\\\/minhducfurniture.com\\\/fr\\\/\",\"logo\":{\"@type\":\"ImageObject\",\"inLanguage\":\"fr-FR\",\"@id\":\"https:\\\/\\\/minhducfurniture.com\\\/fr\\\/#\\\/schema\\\/logo\\\/image\\\/\",\"url\":\"\",\"contentUrl\":\"\",\"caption\":\"Minh Duc Furniture\"},\"image\":{\"@id\":\"https:\\\/\\\/minhducfurniture.com\\\/fr\\\/#\\\/schema\\\/logo\\\/image\\\/\"},\"sameAs\":[\"https:\\\/\\\/www.pinterest.com\\\/hienthaoshop\\\/pins\\\/\"]}]}<\/script>\n<!-- \/ Yoast SEO plugin. -->","yoast_head_json":{"title":"Chaises de salle \u00e0 manger en plastique pour mariages et \u00e9v\u00e9nements - Minh Duc Furniture","description":"Les chaises de salle \u00e0 manger en plastique pour l'ext\u00e9rieur sont un choix intelligent et \u00e9l\u00e9gant pour les jardins, les patios, les balcons, les caf\u00e9s et les espaces \u00e9v\u00e9nementiels.","robots":{"index":"index","follow":"follow","max-snippet":"max-snippet:-1","max-image-preview":"max-image-preview:large","max-video-preview":"max-video-preview:-1"},"canonical":"https:\/\/minhducfurniture.com\/fr\/product\/chaises-de-salle-a-manger-en-plastique-pour-mariages-et-evenements\/","og_locale":"fr_FR","og_type":"article","og_title":"Chaises de salle \u00e0 manger en plastique pour mariages et \u00e9v\u00e9nements - Minh Duc Furniture","og_description":"Les chaises de salle \u00e0 manger en plastique pour l'ext\u00e9rieur sont un choix intelligent et \u00e9l\u00e9gant pour les jardins, les patios, les balcons, les caf\u00e9s et les espaces \u00e9v\u00e9nementiels.","og_url":"https:\/\/minhducfurniture.com\/fr\/product\/chaises-de-salle-a-manger-en-plastique-pour-mariages-et-evenements\/","og_site_name":"Minh Duc Furniture","article_modified_time":"2026-02-25T07:11:31+00:00","og_image":[{"width":650,"height":650,"url":"https:\/\/minhducfurniture.com\/wp-content\/uploads\/2025\/11\/Outdoor-plastic-dining-chair.jpg","type":"image\/jpeg"}],"twitter_card":"summary_large_image","twitter_misc":{"Dur\u00e9e de lecture estim\u00e9e":"2 minutes"},"schema":{"@context":"https:\/\/schema.org","@graph":[{"@type":"WebPage","@id":"https:\/\/minhducfurniture.com\/fr\/product\/chaises-de-salle-a-manger-en-plastique-pour-mariages-et-evenements\/","url":"https:\/\/minhducfurniture.com\/fr\/product\/chaises-de-salle-a-manger-en-plastique-pour-mariages-et-evenements\/","name":"Chaises de salle \u00e0 manger en plastique pour mariages et \u00e9v\u00e9nements - Minh Duc Furniture","isPartOf":{"@id":"https:\/\/minhducfurniture.com\/fr\/#website"},"primaryImageOfPage":{"@id":"https:\/\/minhducfurniture.com\/fr\/product\/chaises-de-salle-a-manger-en-plastique-pour-mariages-et-evenements\/#primaryimage"},"image":{"@id":"https:\/\/minhducfurniture.com\/fr\/product\/chaises-de-salle-a-manger-en-plastique-pour-mariages-et-evenements\/#primaryimage"},"thumbnailUrl":"https:\/\/minhducfurniture.com\/wp-content\/uploads\/2025\/11\/Outdoor-plastic-dining-chair.jpg","datePublished":"2025-11-06T05:50:15+00:00","dateModified":"2026-02-25T07:11:31+00:00","description":"Les chaises de salle \u00e0 manger en plastique pour l'ext\u00e9rieur sont un choix intelligent et \u00e9l\u00e9gant pour les jardins, les patios, les balcons, les caf\u00e9s et les espaces \u00e9v\u00e9nementiels.","breadcrumb":{"@id":"https:\/\/minhducfurniture.com\/fr\/product\/chaises-de-salle-a-manger-en-plastique-pour-mariages-et-evenements\/#breadcrumb"},"inLanguage":"fr-FR","potentialAction":[{"@type":"ReadAction","target":["https:\/\/minhducfurniture.com\/fr\/product\/chaises-de-salle-a-manger-en-plastique-pour-mariages-et-evenements\/"]}]},{"@type":"ImageObject","inLanguage":"fr-FR","@id":"https:\/\/minhducfurniture.com\/fr\/product\/chaises-de-salle-a-manger-en-plastique-pour-mariages-et-evenements\/#primaryimage","url":"https:\/\/minhducfurniture.com\/wp-content\/uploads\/2025\/11\/Outdoor-plastic-dining-chair.jpg","contentUrl":"https:\/\/minhducfurniture.com\/wp-content\/uploads\/2025\/11\/Outdoor-plastic-dining-chair.jpg","width":650,"height":650,"caption":"Chaises de salle \u00e0 manger en plastique pour l'ext\u00e9rieur"},{"@type":"BreadcrumbList","@id":"https:\/\/minhducfurniture.com\/fr\/product\/chaises-de-salle-a-manger-en-plastique-pour-mariages-et-evenements\/#breadcrumb","itemListElement":[{"@type":"ListItem","position":1,"name":"Home","item":"https:\/\/minhducfurniture.com\/fr\/"},{"@type":"ListItem","position":2,"name":"Shop","item":"https:\/\/minhducfurniture.com\/shop\/"},{"@type":"ListItem","position":3,"name":"Chaises de salle \u00e0 manger en plastique pour mariages et \u00e9v\u00e9nements"}]},{"@type":"WebSite","@id":"https:\/\/minhducfurniture.com\/fr\/#website","url":"https:\/\/minhducfurniture.com\/fr\/","name":"Minh Duc Furniture","description":"Vietnam Furniture Supplier","publisher":{"@id":"https:\/\/minhducfurniture.com\/fr\/#organization"},"alternateName":"Vietnam Online Shop","potentialAction":[{"@type":"SearchAction","target":{"@type":"EntryPoint","urlTemplate":"https:\/\/minhducfurniture.com\/fr\/?s={search_term_string}"},"query-input":{"@type":"PropertyValueSpecification","valueRequired":true,"valueName":"search_term_string"}}],"inLanguage":"fr-FR"},{"@type":"Organization","@id":"https:\/\/minhducfurniture.com\/fr\/#organization","name":"Minh Duc Furniture","alternateName":"Vietnam Furniture Export","url":"https:\/\/minhducfurniture.com\/fr\/","logo":{"@type":"ImageObject","inLanguage":"fr-FR","@id":"https:\/\/minhducfurniture.com\/fr\/#\/schema\/logo\/image\/","url":"","contentUrl":"","caption":"Minh Duc Furniture"},"image":{"@id":"https:\/\/minhducfurniture.com\/fr\/#\/schema\/logo\/image\/"},"sameAs":["https:\/\/www.pinterest.com\/hienthaoshop\/pins\/"]}]}},"_links":{"self":[{"href":"https:\/\/minhducfurniture.com\/fr\/wp-json\/wp\/v2\/product\/53898","targetHints":{"allow":["GET"]}}],"collection":[{"href":"https:\/\/minhducfurniture.com\/fr\/wp-json\/wp\/v2\/product"}],"about":[{"href":"https:\/\/minhducfurniture.com\/fr\/wp-json\/wp\/v2\/types\/product"}],"replies":[{"embeddable":true,"href":"https:\/\/minhducfurniture.com\/fr\/wp-json\/wp\/v2\/comments?post=53898"}],"wp:featuredmedia":[{"embeddable":true,"href":"https:\/\/minhducfurniture.com\/fr\/wp-json\/wp\/v2\/media\/53897"}],"wp:attachment":[{"href":"https:\/\/minhducfurniture.com\/fr\/wp-json\/wp\/v2\/media?parent=53898"}],"wp:term":[{"taxonomy":"product_brand","embeddable":true,"href":"https:\/\/minhducfurniture.com\/fr\/wp-json\/wp\/v2\/product_brand?post=53898"},{"taxonomy":"product_cat","embeddable":true,"href":"https:\/\/minhducfurniture.com\/fr\/wp-json\/wp\/v2\/product_cat?post=53898"},{"taxonomy":"product_tag","embeddable":true,"href":"https:\/\/minhducfurniture.com\/fr\/wp-json\/wp\/v2\/product_tag?post=53898"}],"curies":[{"name":"wp","href":"https:\/\/api.w.org\/{rel}","templated":true}]}}