{"id":53871,"date":"2025-11-05T12:53:52","date_gmt":"2025-11-05T05:53:52","guid":{"rendered":"https:\/\/minhducfurniture.com\/product\/chaises-longues-en-plastique-pour-piscine-un-choix-elegant-pour-la-detente-en-plein-air\/"},"modified":"2026-02-25T14:12:05","modified_gmt":"2026-02-25T07:12:05","slug":"chaises-longues-en-plastique-pour-piscine-un-choix-elegant-pour-la-detente-en-plein-air","status":"publish","type":"product","link":"https:\/\/minhducfurniture.com\/fr\/product\/chaises-longues-en-plastique-pour-piscine-un-choix-elegant-pour-la-detente-en-plein-air\/","title":{"rendered":"Chaises longues en plastique pour piscine : un choix \u00e9l\u00e9gant pour la d\u00e9tente en plein air"},"content":{"rendered":"<h2><span style=\"font-size: 90%\">Chaises longues de piscine en plastique &#8211; Si\u00e8ges d&rsquo;ext\u00e9rieur confortables et durables<\/span><\/h2>\n<p>Les chaises longues de piscine en plastique sont un choix id\u00e9al pour se d\u00e9tendre au bord de la piscine, dans les centres de vill\u00e9giature, les h\u00f4tels ou dans votre propre jardin. Fabriqu\u00e9es en polypropyl\u00e8ne (PP) de haute qualit\u00e9, ces chaises longues sont con\u00e7ues pour r\u00e9sister au soleil, \u00e0 la pluie et au chlore sans se d\u00e9colorer ni rouiller. <\/p>\n<h3>Quelques avantages cl\u00e9s du produit<\/h3>\n<ul>\n<li>R\u00e9sistance aux intemp\u00e9ries : convient \u00e0 tous les environnements ext\u00e9rieurs<\/li>\n<li>L\u00e9ger et facile \u00e0 d\u00e9placer : Pratique pour le r\u00e9arrangement ou le nettoyage<\/li>\n<li>Conception confortable : De nombreux mod\u00e8les sont dot\u00e9s de positions inclin\u00e9es r\u00e9glables.<\/li>\n<li>Peu d&rsquo;entretien : Nettoyez simplement avec de l&rsquo;eau et un savon doux<\/li>\n<\/ul>\n<div>Avec des designs modernes et une vari\u00e9t\u00e9 d&rsquo;options de couleurs, les chaises longues de piscine en plastique ajoutent du style et du confort \u00e0 n&rsquo;importe quel espace au bord de la piscine. Elles sont pratiques, durables et rentables, ce qui en fait un choix id\u00e9al pour un usage domestique ou commercial. \t<div id=\"gap-966329351\" class=\"gap-element clearfix\" style=\"display:block; height:auto;\">\n\t\t\n<style>\n#gap-966329351 {\n  padding-top: 15px;\n}\n<\/style>\n\t<\/div>\n\t<\/div>\n<div><\/div>\n<div>\n<figure id=\"attachment_54932\" aria-describedby=\"caption-attachment-54932\" style=\"width: 850px\" class=\"wp-caption aligncenter\"><img decoding=\"async\" class=\"wp-image-53857 size-full\" src=\"https:\/\/minhducfurniture.com\/wp-content\/uploads\/2025\/11\/White-Plastic-Pool-Lounge-Chairs.jpg\" alt=\"Chaises longues de piscine en plastique blanc\" width=\"850\" height=\"527\" srcset=\"https:\/\/minhducfurniture.com\/wp-content\/uploads\/2025\/11\/White-Plastic-Pool-Lounge-Chairs.jpg 850w, https:\/\/minhducfurniture.com\/wp-content\/uploads\/2025\/11\/White-Plastic-Pool-Lounge-Chairs-645x400.jpg 645w, https:\/\/minhducfurniture.com\/wp-content\/uploads\/2025\/11\/White-Plastic-Pool-Lounge-Chairs-768x476.jpg 768w, https:\/\/minhducfurniture.com\/wp-content\/uploads\/2025\/11\/White-Plastic-Pool-Lounge-Chairs-510x316.jpg 510w\" sizes=\"(max-width: 850px) 100vw, 850px\" \/><figcaption id=\"caption-attachment-54932\" class=\"wp-caption-text\">Chaises longues de piscine en plastique blanc<\/figcaption><\/figure>\n<\/div>\n<div>\n<h3>Description du produit<\/h3>\n<ul>\n<li>Code produit : MDS-3066<\/li>\n<li>Taille de la chaise : 1735mm*760mm*650mm<\/li>\n<li>100% plastique PP avec rev\u00eatement anti-UV.<\/li>\n<li>Poids de chargement : 120kg\/ 264.5lbs<\/li>\n<li>Origine du produit : Vietnam<\/li>\n<\/ul>\n<figure id=\"attachment_54933\" aria-describedby=\"caption-attachment-54933\" style=\"width: 850px\" class=\"wp-caption aligncenter\"><img decoding=\"async\" class=\"size-full wp-image-53861\" src=\"https:\/\/minhducfurniture.com\/wp-content\/uploads\/2025\/11\/White-pool-lounge-chairs-by-the-ocean.jpg\" alt=\"Chaises longues blanches au bord de l'oc\u00e9an\" width=\"850\" height=\"486\" srcset=\"https:\/\/minhducfurniture.com\/wp-content\/uploads\/2025\/11\/White-pool-lounge-chairs-by-the-ocean.jpg 850w, https:\/\/minhducfurniture.com\/wp-content\/uploads\/2025\/11\/White-pool-lounge-chairs-by-the-ocean-700x400.jpg 700w, https:\/\/minhducfurniture.com\/wp-content\/uploads\/2025\/11\/White-pool-lounge-chairs-by-the-ocean-768x439.jpg 768w, https:\/\/minhducfurniture.com\/wp-content\/uploads\/2025\/11\/White-pool-lounge-chairs-by-the-ocean-510x292.jpg 510w\" sizes=\"(max-width: 850px) 100vw, 850px\" \/><figcaption id=\"caption-attachment-54933\" class=\"wp-caption-text\">Chaises longues blanches au bord de l&rsquo;oc\u00e9an<\/figcaption><\/figure>\n<h4>Informations sur les commandes<\/h4>\n<ul>\n<li>Quantit\u00e9 minimale de commande (MOQ) : 50 pi\u00e8ces<\/li>\n<li>D\u00e9lai de livraison : 30-35 jours apr\u00e8s le d\u00e9p\u00f4t<\/li>\n<li>D\u00e9lai de livraison : FOB port de Hai Phong, Vietnam<\/li>\n<li>Modalit\u00e9s de paiement : T\/T 30% de d\u00e9p\u00f4t, 70% de solde avant l&rsquo;exp\u00e9dition<\/li>\n<li>Si vous avez une conception personnalis\u00e9e et que vous avez besoin d&rsquo;une production de masse, veuillez nous contacter pour obtenir de l&rsquo;aide.<\/li>\n<\/ul>\n<figure id=\"attachment_54934\" aria-describedby=\"caption-attachment-54934\" style=\"width: 850px\" class=\"wp-caption aligncenter\"><img decoding=\"async\" class=\"size-full wp-image-53858\" src=\"https:\/\/minhducfurniture.com\/wp-content\/uploads\/2025\/11\/The-actual-image-of-PP-pool-chair.jpg\" alt=\"L'image actuelle de la chaise de piscine PP\" width=\"850\" height=\"515\" srcset=\"https:\/\/minhducfurniture.com\/wp-content\/uploads\/2025\/11\/The-actual-image-of-PP-pool-chair.jpg 850w, https:\/\/minhducfurniture.com\/wp-content\/uploads\/2025\/11\/The-actual-image-of-PP-pool-chair-660x400.jpg 660w, https:\/\/minhducfurniture.com\/wp-content\/uploads\/2025\/11\/The-actual-image-of-PP-pool-chair-768x465.jpg 768w, https:\/\/minhducfurniture.com\/wp-content\/uploads\/2025\/11\/The-actual-image-of-PP-pool-chair-510x309.jpg 510w\" sizes=\"(max-width: 850px) 100vw, 850px\" \/><figcaption id=\"caption-attachment-54934\" class=\"wp-caption-text\">L&rsquo;image actuelle de la chaise de piscine PP<\/figcaption><\/figure>\n<h4>Informations sur le contact<\/h4>\n<ul>\n<li><a href=\"https:\/\/minhducfurniture.com\/fr\/\">Minh Duc Public Furniture Co.<\/a><\/li>\n<li>Adresse : Villa H02-L11 An Phu, Duong Noi, Ha Dong, Hanoi, Vietnam<\/li>\n<li>Phone\/WhatsApp\/Zalo : +84 908 314 939<\/li>\n<\/ul>\n<h4>Plus de nos collections<\/h4>\n<ul>\n<li><span style=\"color: #008080\"><a style=\"color: #008080\" href=\"https:\/\/minhducfurniture.com\/fr\/product\/chaises-de-salle-a-manger-en-plastique-noir-chaises-en-polypropylene-pour-lexterieur\/\">Chaises de salle \u00e0 manger en plastique noir chaises en polypropyl\u00e8ne pour l&rsquo;ext\u00e9rieur<\/a><\/span><\/li>\n<li><span style=\"color: #008080\"><a style=\"color: #008080\" href=\"https:\/\/minhducfurniture.com\/fr\/product\/bancs-dexterieur-a-vendre-banc-en-metal-et-en-bois\/\">Bancs d&rsquo;ext\u00e9rieur \u00e0 vendre banc en m\u00e9tal et en bois<\/a><\/span><\/li>\n<\/ul>\n<div class=\"social-icons share-icons share-row relative\" ><a href=\"whatsapp:\/\/send?text=Chaises%20longues%20en%20plastique%20pour%20piscine%20%3A%20un%20choix%20%C3%A9l%C3%A9gant%20pour%20la%20d%C3%A9tente%20en%20plein%20air - https:\/\/minhducfurniture.com\/fr\/product\/chaises-longues-en-plastique-pour-piscine-un-choix-elegant-pour-la-detente-en-plein-air\/\" data-action=\"share\/whatsapp\/share\" class=\"icon primary button round tooltip whatsapp show-for-medium\" title=\"Partager sur WhatsApp\" aria-label=\"Partager sur WhatsApp\"><i class=\"icon-whatsapp\" aria-hidden=\"true\"><\/i><\/a><a href=\"https:\/\/www.facebook.com\/sharer.php?u=https:\/\/minhducfurniture.com\/fr\/product\/chaises-longues-en-plastique-pour-piscine-un-choix-elegant-pour-la-detente-en-plein-air\/\" data-label=\"Facebook\" onclick=\"window.open(this.href,this.title,'width=500,height=500,top=300px,left=300px'); return false;\" target=\"_blank\" class=\"icon primary button round tooltip facebook\" title=\"Partager sur Facebook\" aria-label=\"Partager sur Facebook\" rel=\"noopener nofollow\"><i class=\"icon-facebook\" aria-hidden=\"true\"><\/i><\/a><a href=\"https:\/\/twitter.com\/share?url=https:\/\/minhducfurniture.com\/fr\/product\/chaises-longues-en-plastique-pour-piscine-un-choix-elegant-pour-la-detente-en-plein-air\/\" onclick=\"window.open(this.href,this.title,'width=500,height=500,top=300px,left=300px'); return false;\" target=\"_blank\" class=\"icon primary button round tooltip twitter\" title=\"Partager sur Twitter\" aria-label=\"Partager sur Twitter\" rel=\"noopener nofollow\"><i class=\"icon-twitter\" aria-hidden=\"true\"><\/i><\/a><a href=\"mailto:?subject=Chaises%20longues%20en%20plastique%20pour%20piscine%20%3A%20un%20choix%20%C3%A9l%C3%A9gant%20pour%20la%20d%C3%A9tente%20en%20plein%20air&body=Regarde%20%C3%A7a%3A%20https%3A%2F%2Fminhducfurniture.com%2Ffr%2Fproduct%2Fchaises-longues-en-plastique-pour-piscine-un-choix-elegant-pour-la-detente-en-plein-air%2F\" class=\"icon primary button round tooltip email\" title=\"Envoyer par mail\" aria-label=\"Envoyer par mail\" rel=\"nofollow\"><i class=\"icon-envelop\" aria-hidden=\"true\"><\/i><\/a><a href=\"https:\/\/pinterest.com\/pin\/create\/button?url=https:\/\/minhducfurniture.com\/fr\/product\/chaises-longues-en-plastique-pour-piscine-un-choix-elegant-pour-la-detente-en-plein-air\/&media=https:\/\/minhducfurniture.com\/wp-content\/uploads\/2025\/11\/Plastic-Pool-Lounge-Chairs.jpg&description=Chaises%20longues%20en%20plastique%20pour%20piscine%20%3A%20un%20choix%20%C3%A9l%C3%A9gant%20pour%20la%20d%C3%A9tente%20en%20plein%20air\" onclick=\"window.open(this.href,this.title,'width=500,height=500,top=300px,left=300px'); return false;\" target=\"_blank\" class=\"icon primary button round tooltip pinterest\" title=\"Epingler sur Pinterest\" aria-label=\"Epingler sur Pinterest\" rel=\"noopener nofollow\"><i class=\"icon-pinterest\" aria-hidden=\"true\"><\/i><\/a><a href=\"https:\/\/www.linkedin.com\/shareArticle?mini=true&url=https:\/\/minhducfurniture.com\/fr\/product\/chaises-longues-en-plastique-pour-piscine-un-choix-elegant-pour-la-detente-en-plein-air\/&title=Chaises%20longues%20en%20plastique%20pour%20piscine%20%3A%20un%20choix%20%C3%A9l%C3%A9gant%20pour%20la%20d%C3%A9tente%20en%20plein%20air\" onclick=\"window.open(this.href,this.title,'width=500,height=500,top=300px,left=300px'); return false;\" target=\"_blank\" class=\"icon primary button round tooltip linkedin\" title=\"Partager sur LinkedIn\" aria-label=\"Partager sur LinkedIn\" rel=\"noopener nofollow\"><i class=\"icon-linkedin\" aria-hidden=\"true\"><\/i><\/a><\/div>\n<\/div>\n","protected":false},"excerpt":{"rendered":"<ul>\n<li>Code produit : MDS-3066<\/li>\n<li>Taille de la chaise : 1735mm*760mm*650mm<\/li>\n<li>100% plastique PP avec rev\u00eatement anti-UV.<\/li>\n<li>Poids de chargement : 120kg\/ 264.5lbs<\/li>\n<li>Origine du produit : Vietnam<\/li>\n<li>Hotline\/ WhatsApp:+84908314939<\/li>\n<\/ul>\n","protected":false},"featured_media":53870,"comment_status":"open","ping_status":"closed","template":"","meta":[],"product_brand":[],"product_cat":[13060],"product_tag":[13061],"class_list":{"0":"post-53871","1":"product","2":"type-product","3":"status-publish","4":"has-post-thumbnail","6":"product_cat-chaises-en-plastique","7":"product_tag-chaises-dexterieur","9":"first","10":"instock","11":"shipping-taxable","12":"product-type-simple"},"yoast_head":"<!-- This site is optimized with the Yoast SEO plugin v27.4 - https:\/\/yoast.com\/product\/yoast-seo-wordpress\/ -->\n<title>Chaises longues en plastique pour piscine : un choix \u00e9l\u00e9gant pour la d\u00e9tente en plein air - Minh Duc Furniture<\/title>\n<meta name=\"description\" content=\"Les chaises longues de piscine en plastique sont un choix id\u00e9al pour se d\u00e9tendre au bord de la piscine, dans les centres de vill\u00e9giature, les h\u00f4tels ou dans votre propre jardin. Fabriqu\u00e9es en polypropyl\u00e8ne de haute qualit\u00e9\" \/>\n<meta name=\"robots\" content=\"index, follow, max-snippet:-1, max-image-preview:large, max-video-preview:-1\" \/>\n<link rel=\"canonical\" href=\"https:\/\/minhducfurniture.com\/fr\/product\/chaises-longues-en-plastique-pour-piscine-un-choix-elegant-pour-la-detente-en-plein-air\/\" \/>\n<meta property=\"og:locale\" content=\"fr_FR\" \/>\n<meta property=\"og:type\" content=\"article\" \/>\n<meta property=\"og:title\" content=\"Chaises longues en plastique pour piscine : un choix \u00e9l\u00e9gant pour la d\u00e9tente en plein air - Minh Duc Furniture\" \/>\n<meta property=\"og:description\" content=\"Les chaises longues de piscine en plastique sont un choix id\u00e9al pour se d\u00e9tendre au bord de la piscine, dans les centres de vill\u00e9giature, les h\u00f4tels ou dans votre propre jardin. Fabriqu\u00e9es en polypropyl\u00e8ne de haute qualit\u00e9\" \/>\n<meta property=\"og:url\" content=\"https:\/\/minhducfurniture.com\/fr\/product\/chaises-longues-en-plastique-pour-piscine-un-choix-elegant-pour-la-detente-en-plein-air\/\" \/>\n<meta property=\"og:site_name\" content=\"Minh Duc Furniture\" \/>\n<meta property=\"article:modified_time\" content=\"2026-02-25T07:12:05+00:00\" \/>\n<meta property=\"og:image\" content=\"https:\/\/minhducfurniture.com\/wp-content\/uploads\/2025\/11\/Plastic-Pool-Lounge-Chairs.jpg\" \/>\n\t<meta property=\"og:image:width\" content=\"600\" \/>\n\t<meta property=\"og:image:height\" content=\"600\" \/>\n\t<meta property=\"og:image:type\" content=\"image\/jpeg\" \/>\n<meta name=\"twitter:card\" content=\"summary_large_image\" \/>\n<meta name=\"twitter:label1\" content=\"Dur\u00e9e de lecture estim\u00e9e\" \/>\n\t<meta name=\"twitter:data1\" content=\"2 minutes\" \/>\n<script type=\"application\/ld+json\" class=\"yoast-schema-graph\">{\"@context\":\"https:\\\/\\\/schema.org\",\"@graph\":[{\"@type\":\"WebPage\",\"@id\":\"https:\\\/\\\/minhducfurniture.com\\\/fr\\\/product\\\/chaises-longues-en-plastique-pour-piscine-un-choix-elegant-pour-la-detente-en-plein-air\\\/\",\"url\":\"https:\\\/\\\/minhducfurniture.com\\\/fr\\\/product\\\/chaises-longues-en-plastique-pour-piscine-un-choix-elegant-pour-la-detente-en-plein-air\\\/\",\"name\":\"Chaises longues en plastique pour piscine : un choix \u00e9l\u00e9gant pour la d\u00e9tente en plein air - Minh Duc Furniture\",\"isPartOf\":{\"@id\":\"https:\\\/\\\/minhducfurniture.com\\\/fr\\\/#website\"},\"primaryImageOfPage\":{\"@id\":\"https:\\\/\\\/minhducfurniture.com\\\/fr\\\/product\\\/chaises-longues-en-plastique-pour-piscine-un-choix-elegant-pour-la-detente-en-plein-air\\\/#primaryimage\"},\"image\":{\"@id\":\"https:\\\/\\\/minhducfurniture.com\\\/fr\\\/product\\\/chaises-longues-en-plastique-pour-piscine-un-choix-elegant-pour-la-detente-en-plein-air\\\/#primaryimage\"},\"thumbnailUrl\":\"https:\\\/\\\/minhducfurniture.com\\\/wp-content\\\/uploads\\\/2025\\\/11\\\/Plastic-Pool-Lounge-Chairs.jpg\",\"datePublished\":\"2025-11-05T05:53:52+00:00\",\"dateModified\":\"2026-02-25T07:12:05+00:00\",\"description\":\"Les chaises longues de piscine en plastique sont un choix id\u00e9al pour se d\u00e9tendre au bord de la piscine, dans les centres de vill\u00e9giature, les h\u00f4tels ou dans votre propre jardin. Fabriqu\u00e9es en polypropyl\u00e8ne de haute qualit\u00e9\",\"breadcrumb\":{\"@id\":\"https:\\\/\\\/minhducfurniture.com\\\/fr\\\/product\\\/chaises-longues-en-plastique-pour-piscine-un-choix-elegant-pour-la-detente-en-plein-air\\\/#breadcrumb\"},\"inLanguage\":\"fr-FR\",\"potentialAction\":[{\"@type\":\"ReadAction\",\"target\":[\"https:\\\/\\\/minhducfurniture.com\\\/fr\\\/product\\\/chaises-longues-en-plastique-pour-piscine-un-choix-elegant-pour-la-detente-en-plein-air\\\/\"]}]},{\"@type\":\"ImageObject\",\"inLanguage\":\"fr-FR\",\"@id\":\"https:\\\/\\\/minhducfurniture.com\\\/fr\\\/product\\\/chaises-longues-en-plastique-pour-piscine-un-choix-elegant-pour-la-detente-en-plein-air\\\/#primaryimage\",\"url\":\"https:\\\/\\\/minhducfurniture.com\\\/wp-content\\\/uploads\\\/2025\\\/11\\\/Plastic-Pool-Lounge-Chairs.jpg\",\"contentUrl\":\"https:\\\/\\\/minhducfurniture.com\\\/wp-content\\\/uploads\\\/2025\\\/11\\\/Plastic-Pool-Lounge-Chairs.jpg\",\"width\":600,\"height\":600,\"caption\":\"Chaises longues de piscine en plastique\"},{\"@type\":\"BreadcrumbList\",\"@id\":\"https:\\\/\\\/minhducfurniture.com\\\/fr\\\/product\\\/chaises-longues-en-plastique-pour-piscine-un-choix-elegant-pour-la-detente-en-plein-air\\\/#breadcrumb\",\"itemListElement\":[{\"@type\":\"ListItem\",\"position\":1,\"name\":\"Home\",\"item\":\"https:\\\/\\\/minhducfurniture.com\\\/fr\\\/\"},{\"@type\":\"ListItem\",\"position\":2,\"name\":\"Shop\",\"item\":\"https:\\\/\\\/minhducfurniture.com\\\/shop\\\/\"},{\"@type\":\"ListItem\",\"position\":3,\"name\":\"Chaises longues en plastique pour piscine : un choix \u00e9l\u00e9gant pour la d\u00e9tente en plein air\"}]},{\"@type\":\"WebSite\",\"@id\":\"https:\\\/\\\/minhducfurniture.com\\\/fr\\\/#website\",\"url\":\"https:\\\/\\\/minhducfurniture.com\\\/fr\\\/\",\"name\":\"Minh Duc Furniture\",\"description\":\"Vietnam Furniture Supplier\",\"publisher\":{\"@id\":\"https:\\\/\\\/minhducfurniture.com\\\/fr\\\/#organization\"},\"alternateName\":\"Vietnam Online Shop\",\"potentialAction\":[{\"@type\":\"SearchAction\",\"target\":{\"@type\":\"EntryPoint\",\"urlTemplate\":\"https:\\\/\\\/minhducfurniture.com\\\/fr\\\/?s={search_term_string}\"},\"query-input\":{\"@type\":\"PropertyValueSpecification\",\"valueRequired\":true,\"valueName\":\"search_term_string\"}}],\"inLanguage\":\"fr-FR\"},{\"@type\":\"Organization\",\"@id\":\"https:\\\/\\\/minhducfurniture.com\\\/fr\\\/#organization\",\"name\":\"Minh Duc Furniture\",\"alternateName\":\"Vietnam Furniture Export\",\"url\":\"https:\\\/\\\/minhducfurniture.com\\\/fr\\\/\",\"logo\":{\"@type\":\"ImageObject\",\"inLanguage\":\"fr-FR\",\"@id\":\"https:\\\/\\\/minhducfurniture.com\\\/fr\\\/#\\\/schema\\\/logo\\\/image\\\/\",\"url\":\"\",\"contentUrl\":\"\",\"caption\":\"Minh Duc Furniture\"},\"image\":{\"@id\":\"https:\\\/\\\/minhducfurniture.com\\\/fr\\\/#\\\/schema\\\/logo\\\/image\\\/\"},\"sameAs\":[\"https:\\\/\\\/www.pinterest.com\\\/hienthaoshop\\\/pins\\\/\"]}]}<\/script>\n<!-- \/ Yoast SEO plugin. -->","yoast_head_json":{"title":"Chaises longues en plastique pour piscine : un choix \u00e9l\u00e9gant pour la d\u00e9tente en plein air - Minh Duc Furniture","description":"Les chaises longues de piscine en plastique sont un choix id\u00e9al pour se d\u00e9tendre au bord de la piscine, dans les centres de vill\u00e9giature, les h\u00f4tels ou dans votre propre jardin. Fabriqu\u00e9es en polypropyl\u00e8ne de haute qualit\u00e9","robots":{"index":"index","follow":"follow","max-snippet":"max-snippet:-1","max-image-preview":"max-image-preview:large","max-video-preview":"max-video-preview:-1"},"canonical":"https:\/\/minhducfurniture.com\/fr\/product\/chaises-longues-en-plastique-pour-piscine-un-choix-elegant-pour-la-detente-en-plein-air\/","og_locale":"fr_FR","og_type":"article","og_title":"Chaises longues en plastique pour piscine : un choix \u00e9l\u00e9gant pour la d\u00e9tente en plein air - Minh Duc Furniture","og_description":"Les chaises longues de piscine en plastique sont un choix id\u00e9al pour se d\u00e9tendre au bord de la piscine, dans les centres de vill\u00e9giature, les h\u00f4tels ou dans votre propre jardin. Fabriqu\u00e9es en polypropyl\u00e8ne de haute qualit\u00e9","og_url":"https:\/\/minhducfurniture.com\/fr\/product\/chaises-longues-en-plastique-pour-piscine-un-choix-elegant-pour-la-detente-en-plein-air\/","og_site_name":"Minh Duc Furniture","article_modified_time":"2026-02-25T07:12:05+00:00","og_image":[{"width":600,"height":600,"url":"https:\/\/minhducfurniture.com\/wp-content\/uploads\/2025\/11\/Plastic-Pool-Lounge-Chairs.jpg","type":"image\/jpeg"}],"twitter_card":"summary_large_image","twitter_misc":{"Dur\u00e9e de lecture estim\u00e9e":"2 minutes"},"schema":{"@context":"https:\/\/schema.org","@graph":[{"@type":"WebPage","@id":"https:\/\/minhducfurniture.com\/fr\/product\/chaises-longues-en-plastique-pour-piscine-un-choix-elegant-pour-la-detente-en-plein-air\/","url":"https:\/\/minhducfurniture.com\/fr\/product\/chaises-longues-en-plastique-pour-piscine-un-choix-elegant-pour-la-detente-en-plein-air\/","name":"Chaises longues en plastique pour piscine : un choix \u00e9l\u00e9gant pour la d\u00e9tente en plein air - Minh Duc Furniture","isPartOf":{"@id":"https:\/\/minhducfurniture.com\/fr\/#website"},"primaryImageOfPage":{"@id":"https:\/\/minhducfurniture.com\/fr\/product\/chaises-longues-en-plastique-pour-piscine-un-choix-elegant-pour-la-detente-en-plein-air\/#primaryimage"},"image":{"@id":"https:\/\/minhducfurniture.com\/fr\/product\/chaises-longues-en-plastique-pour-piscine-un-choix-elegant-pour-la-detente-en-plein-air\/#primaryimage"},"thumbnailUrl":"https:\/\/minhducfurniture.com\/wp-content\/uploads\/2025\/11\/Plastic-Pool-Lounge-Chairs.jpg","datePublished":"2025-11-05T05:53:52+00:00","dateModified":"2026-02-25T07:12:05+00:00","description":"Les chaises longues de piscine en plastique sont un choix id\u00e9al pour se d\u00e9tendre au bord de la piscine, dans les centres de vill\u00e9giature, les h\u00f4tels ou dans votre propre jardin. Fabriqu\u00e9es en polypropyl\u00e8ne de haute qualit\u00e9","breadcrumb":{"@id":"https:\/\/minhducfurniture.com\/fr\/product\/chaises-longues-en-plastique-pour-piscine-un-choix-elegant-pour-la-detente-en-plein-air\/#breadcrumb"},"inLanguage":"fr-FR","potentialAction":[{"@type":"ReadAction","target":["https:\/\/minhducfurniture.com\/fr\/product\/chaises-longues-en-plastique-pour-piscine-un-choix-elegant-pour-la-detente-en-plein-air\/"]}]},{"@type":"ImageObject","inLanguage":"fr-FR","@id":"https:\/\/minhducfurniture.com\/fr\/product\/chaises-longues-en-plastique-pour-piscine-un-choix-elegant-pour-la-detente-en-plein-air\/#primaryimage","url":"https:\/\/minhducfurniture.com\/wp-content\/uploads\/2025\/11\/Plastic-Pool-Lounge-Chairs.jpg","contentUrl":"https:\/\/minhducfurniture.com\/wp-content\/uploads\/2025\/11\/Plastic-Pool-Lounge-Chairs.jpg","width":600,"height":600,"caption":"Chaises longues de piscine en plastique"},{"@type":"BreadcrumbList","@id":"https:\/\/minhducfurniture.com\/fr\/product\/chaises-longues-en-plastique-pour-piscine-un-choix-elegant-pour-la-detente-en-plein-air\/#breadcrumb","itemListElement":[{"@type":"ListItem","position":1,"name":"Home","item":"https:\/\/minhducfurniture.com\/fr\/"},{"@type":"ListItem","position":2,"name":"Shop","item":"https:\/\/minhducfurniture.com\/shop\/"},{"@type":"ListItem","position":3,"name":"Chaises longues en plastique pour piscine : un choix \u00e9l\u00e9gant pour la d\u00e9tente en plein air"}]},{"@type":"WebSite","@id":"https:\/\/minhducfurniture.com\/fr\/#website","url":"https:\/\/minhducfurniture.com\/fr\/","name":"Minh Duc Furniture","description":"Vietnam Furniture Supplier","publisher":{"@id":"https:\/\/minhducfurniture.com\/fr\/#organization"},"alternateName":"Vietnam Online Shop","potentialAction":[{"@type":"SearchAction","target":{"@type":"EntryPoint","urlTemplate":"https:\/\/minhducfurniture.com\/fr\/?s={search_term_string}"},"query-input":{"@type":"PropertyValueSpecification","valueRequired":true,"valueName":"search_term_string"}}],"inLanguage":"fr-FR"},{"@type":"Organization","@id":"https:\/\/minhducfurniture.com\/fr\/#organization","name":"Minh Duc Furniture","alternateName":"Vietnam Furniture Export","url":"https:\/\/minhducfurniture.com\/fr\/","logo":{"@type":"ImageObject","inLanguage":"fr-FR","@id":"https:\/\/minhducfurniture.com\/fr\/#\/schema\/logo\/image\/","url":"","contentUrl":"","caption":"Minh Duc Furniture"},"image":{"@id":"https:\/\/minhducfurniture.com\/fr\/#\/schema\/logo\/image\/"},"sameAs":["https:\/\/www.pinterest.com\/hienthaoshop\/pins\/"]}]}},"_links":{"self":[{"href":"https:\/\/minhducfurniture.com\/fr\/wp-json\/wp\/v2\/product\/53871","targetHints":{"allow":["GET"]}}],"collection":[{"href":"https:\/\/minhducfurniture.com\/fr\/wp-json\/wp\/v2\/product"}],"about":[{"href":"https:\/\/minhducfurniture.com\/fr\/wp-json\/wp\/v2\/types\/product"}],"replies":[{"embeddable":true,"href":"https:\/\/minhducfurniture.com\/fr\/wp-json\/wp\/v2\/comments?post=53871"}],"wp:featuredmedia":[{"embeddable":true,"href":"https:\/\/minhducfurniture.com\/fr\/wp-json\/wp\/v2\/media\/53870"}],"wp:attachment":[{"href":"https:\/\/minhducfurniture.com\/fr\/wp-json\/wp\/v2\/media?parent=53871"}],"wp:term":[{"taxonomy":"product_brand","embeddable":true,"href":"https:\/\/minhducfurniture.com\/fr\/wp-json\/wp\/v2\/product_brand?post=53871"},{"taxonomy":"product_cat","embeddable":true,"href":"https:\/\/minhducfurniture.com\/fr\/wp-json\/wp\/v2\/product_cat?post=53871"},{"taxonomy":"product_tag","embeddable":true,"href":"https:\/\/minhducfurniture.com\/fr\/wp-json\/wp\/v2\/product_tag?post=53871"}],"curies":[{"name":"wp","href":"https:\/\/api.w.org\/{rel}","templated":true}]}}