{"id":53836,"date":"2025-11-04T16:42:31","date_gmt":"2025-11-04T09:42:31","guid":{"rendered":"https:\/\/minhducfurniture.com\/product\/chaises-de-salle-a-manger-en-plastique-noir-chaises-en-polypropylene-pour-lexterieur\/"},"modified":"2025-11-04T16:53:46","modified_gmt":"2025-11-04T09:53:46","slug":"chaises-de-salle-a-manger-en-plastique-noir-chaises-en-polypropylene-pour-lexterieur","status":"publish","type":"product","link":"https:\/\/minhducfurniture.com\/fr\/product\/chaises-de-salle-a-manger-en-plastique-noir-chaises-en-polypropylene-pour-lexterieur\/","title":{"rendered":"Chaises de salle \u00e0 manger en plastique noir chaises en polypropyl\u00e8ne pour l&rsquo;ext\u00e9rieur"},"content":{"rendered":"<h2>Chaises de salle \u00e0 manger en plastique noir au design moderne<\/h2>\n<p>Les <strong>chaises de salle \u00e0 manger en plastique noir<\/strong> fabriqu\u00e9es en PP de haute qualit\u00e9 offrent une structure robuste et bien \u00e9quilibr\u00e9e, adapt\u00e9e \u00e0 un usage int\u00e9rieur et ext\u00e9rieur. Le design moderne, associ\u00e9 \u00e0 des accoudoirs l\u00e9g\u00e8rement incurv\u00e9s, offre une exp\u00e9rience d&rsquo;assise confortable et d\u00e9tendue. Le dossier mod\u00e9r\u00e9ment haut offre un soutien ad\u00e9quat tout en conservant une sensation de l\u00e9g\u00e8ret\u00e9 et d&rsquo;ouverture. L&rsquo;\u00e9l\u00e9gante couleur noire est nette, raffin\u00e9e et s&rsquo;int\u00e8gre parfaitement dans des espaces clairs ou neutres, ce qui fait de cette chaise un choix \u00e9l\u00e9gant et pratique pour les espaces de vie contemporains.   <\/p>\n<figure id=\"attachment_53832\" aria-describedby=\"caption-attachment-53832\" style=\"width: 800px\" class=\"wp-caption aligncenter\"><img decoding=\"async\" class=\"wp-image-53826 size-full\" src=\"https:\/\/minhducfurniture.com\/wp-content\/uploads\/2025\/11\/Black-plastic-dining-chairs-with-a-table.jpg\" alt=\"Chaises de salle \u00e0 manger en plastique noir avec table\" width=\"800\" height=\"614\" srcset=\"https:\/\/minhducfurniture.com\/wp-content\/uploads\/2025\/11\/Black-plastic-dining-chairs-with-a-table.jpg 800w, https:\/\/minhducfurniture.com\/wp-content\/uploads\/2025\/11\/Black-plastic-dining-chairs-with-a-table-521x400.jpg 521w, https:\/\/minhducfurniture.com\/wp-content\/uploads\/2025\/11\/Black-plastic-dining-chairs-with-a-table-768x589.jpg 768w, https:\/\/minhducfurniture.com\/wp-content\/uploads\/2025\/11\/Black-plastic-dining-chairs-with-a-table-510x391.jpg 510w\" sizes=\"(max-width: 800px) 100vw, 800px\" \/><figcaption id=\"caption-attachment-53832\" class=\"wp-caption-text\">Chaises de salle \u00e0 manger en plastique noir avec table<\/figcaption><\/figure>\n<h3>Description du produit<\/h3>\n<ul>\n<li>Code produit : MDS-3062<\/li>\n<li>Taille de la chaise : L530mm x SH460mm x H800mm<\/li>\n<li>100% plastique PP avec rev\u00eatement anti-UV.<\/li>\n<li>Poids de chargement : 120kg\/ 264.5lbs<\/li>\n<li>Origine du produit : Vietnam<\/li>\n<\/ul>\n<figure id=\"attachment_53833\" aria-describedby=\"caption-attachment-53833\" style=\"width: 800px\" class=\"wp-caption aligncenter\"><img decoding=\"async\" class=\"wp-image-53827\" src=\"https:\/\/minhducfurniture.com\/wp-content\/uploads\/2025\/11\/Plastic-dining-chair-in-various-colour-options.jpg\" alt=\"Chaise de salle \u00e0 manger en plastique en diff\u00e9rentes couleurs\" width=\"800\" height=\"625\" srcset=\"https:\/\/minhducfurniture.com\/wp-content\/uploads\/2025\/11\/Plastic-dining-chair-in-various-colour-options.jpg 850w, https:\/\/minhducfurniture.com\/wp-content\/uploads\/2025\/11\/Plastic-dining-chair-in-various-colour-options-512x400.jpg 512w, https:\/\/minhducfurniture.com\/wp-content\/uploads\/2025\/11\/Plastic-dining-chair-in-various-colour-options-768x600.jpg 768w, https:\/\/minhducfurniture.com\/wp-content\/uploads\/2025\/11\/Plastic-dining-chair-in-various-colour-options-510x398.jpg 510w\" sizes=\"(max-width: 800px) 100vw, 800px\" \/><figcaption id=\"caption-attachment-53833\" class=\"wp-caption-text\">Chaise de salle \u00e0 manger en plastique en diff\u00e9rentes couleurs<\/figcaption><\/figure>\n<h4>Informations sur les commandes<\/h4>\n<ul>\n<li>Quantit\u00e9 minimale de commande (MOQ) : 50 pi\u00e8ces<\/li>\n<li>D\u00e9lai de livraison : 30-35 jours apr\u00e8s le d\u00e9p\u00f4t<\/li>\n<li>D\u00e9lai de livraison : FOB port de Hai Phong, Vietnam<\/li>\n<li>Modalit\u00e9s de paiement : T\/T 30% de d\u00e9p\u00f4t, 70% de solde avant l&rsquo;exp\u00e9dition<\/li>\n<li>Si vous avez une conception personnalis\u00e9e et que vous avez besoin d&rsquo;une production de masse, veuillez nous contacter pour obtenir de l&rsquo;aide.<\/li>\n<\/ul>\n<figure id=\"attachment_53834\" aria-describedby=\"caption-attachment-53834\" style=\"width: 800px\" class=\"wp-caption aligncenter\"><img decoding=\"async\" class=\"wp-image-53831 size-full\" src=\"https:\/\/minhducfurniture.com\/wp-content\/uploads\/2025\/11\/Plastic-dining-chair-with-a-soft-seat-cushion.jpg\" alt=\"Chaise de salle \u00e0 manger en plastique avec un coussin d'assise souple\" width=\"800\" height=\"533\" srcset=\"https:\/\/minhducfurniture.com\/wp-content\/uploads\/2025\/11\/Plastic-dining-chair-with-a-soft-seat-cushion.jpg 800w, https:\/\/minhducfurniture.com\/wp-content\/uploads\/2025\/11\/Plastic-dining-chair-with-a-soft-seat-cushion-600x400.jpg 600w, https:\/\/minhducfurniture.com\/wp-content\/uploads\/2025\/11\/Plastic-dining-chair-with-a-soft-seat-cushion-768x512.jpg 768w, https:\/\/minhducfurniture.com\/wp-content\/uploads\/2025\/11\/Plastic-dining-chair-with-a-soft-seat-cushion-510x340.jpg 510w\" sizes=\"(max-width: 800px) 100vw, 800px\" \/><figcaption id=\"caption-attachment-53834\" class=\"wp-caption-text\">Chaise de salle \u00e0 manger en plastique avec un coussin d&rsquo;assise souple<\/figcaption><\/figure>\n<h4>Informations sur le contact<\/h4>\n<ul>\n<li><a href=\"https:\/\/minhducfurniture.com\/fr\/\">Minh Duc Public Furniture Co.<\/a><\/li>\n<li><span style=\"color: #555555\">Adresse : Villa H02-L11 An Phu, Duong Noi, Ha Dong, Hanoi, Vietnam<\/span><\/li>\n<li><span style=\"color: #555555\">Phone\/WhatsApp\/Zalo : +84 908 314 939<\/span><\/li>\n<\/ul>\n<h4>Plus de nos collections<\/h4>\n<ul>\n<li><span style=\"color: #008080\"><a style=\"color: #008080\" href=\"https:\/\/minhducfurniture.com\/fr\/product\/petit-fauteuil-rembourre-structure-en-metal-chaise-de-salon-moderne\/\">Petit fauteuil rembourr\u00e9 structure en m\u00e9tal chaise de salon moderne<\/a><\/span><\/li>\n<li><span style=\"color: #008080\"><a style=\"color: #008080\" href=\"https:\/\/minhducfurniture.com\/fr\/production-de-meubles-au-viet-nam-en-chine-et-en-asie-du-sud-est\/\">Production de meubles au Vi\u00eat Nam, en Chine et en Asie du Sud-Est<\/a><\/span><\/li>\n<\/ul>\n<div class=\"social-icons share-icons share-row relative\" ><a href=\"whatsapp:\/\/send?text=Chaises%20de%20salle%20%C3%A0%20manger%20en%20plastique%20noir%20chaises%20en%20polypropyl%C3%A8ne%20pour%20l%26rsquo%3Bext%C3%A9rieur - https:\/\/minhducfurniture.com\/fr\/product\/chaises-de-salle-a-manger-en-plastique-noir-chaises-en-polypropylene-pour-lexterieur\/\" data-action=\"share\/whatsapp\/share\" class=\"icon primary button round tooltip whatsapp show-for-medium\" title=\"Partager sur WhatsApp\" aria-label=\"Partager sur WhatsApp\"><i class=\"icon-whatsapp\" aria-hidden=\"true\"><\/i><\/a><a href=\"https:\/\/www.facebook.com\/sharer.php?u=https:\/\/minhducfurniture.com\/fr\/product\/chaises-de-salle-a-manger-en-plastique-noir-chaises-en-polypropylene-pour-lexterieur\/\" data-label=\"Facebook\" onclick=\"window.open(this.href,this.title,'width=500,height=500,top=300px,left=300px'); return false;\" target=\"_blank\" class=\"icon primary button round tooltip facebook\" title=\"Partager sur Facebook\" aria-label=\"Partager sur Facebook\" rel=\"noopener nofollow\"><i class=\"icon-facebook\" aria-hidden=\"true\"><\/i><\/a><a href=\"https:\/\/twitter.com\/share?url=https:\/\/minhducfurniture.com\/fr\/product\/chaises-de-salle-a-manger-en-plastique-noir-chaises-en-polypropylene-pour-lexterieur\/\" onclick=\"window.open(this.href,this.title,'width=500,height=500,top=300px,left=300px'); return false;\" target=\"_blank\" class=\"icon primary button round tooltip twitter\" title=\"Partager sur Twitter\" aria-label=\"Partager sur Twitter\" rel=\"noopener nofollow\"><i class=\"icon-twitter\" aria-hidden=\"true\"><\/i><\/a><a href=\"mailto:?subject=Chaises%20de%20salle%20%C3%A0%20manger%20en%20plastique%20noir%20chaises%20en%20polypropyl%C3%A8ne%20pour%20l%26rsquo%3Bext%C3%A9rieur&body=Regarde%20%C3%A7a%3A%20https%3A%2F%2Fminhducfurniture.com%2Ffr%2Fproduct%2Fchaises-de-salle-a-manger-en-plastique-noir-chaises-en-polypropylene-pour-lexterieur%2F\" class=\"icon primary button round tooltip email\" title=\"Envoyer par mail\" aria-label=\"Envoyer par mail\" rel=\"nofollow\"><i class=\"icon-envelop\" aria-hidden=\"true\"><\/i><\/a><a href=\"https:\/\/pinterest.com\/pin\/create\/button?url=https:\/\/minhducfurniture.com\/fr\/product\/chaises-de-salle-a-manger-en-plastique-noir-chaises-en-polypropylene-pour-lexterieur\/&media=https:\/\/minhducfurniture.com\/wp-content\/uploads\/2025\/11\/Black-plastic-dining-chairs-800x800.jpg&description=Chaises%20de%20salle%20%C3%A0%20manger%20en%20plastique%20noir%20chaises%20en%20polypropyl%C3%A8ne%20pour%20l%26rsquo%3Bext%C3%A9rieur\" onclick=\"window.open(this.href,this.title,'width=500,height=500,top=300px,left=300px'); return false;\" target=\"_blank\" class=\"icon primary button round tooltip pinterest\" title=\"Epingler sur Pinterest\" aria-label=\"Epingler sur Pinterest\" rel=\"noopener nofollow\"><i class=\"icon-pinterest\" aria-hidden=\"true\"><\/i><\/a><a href=\"https:\/\/www.linkedin.com\/shareArticle?mini=true&url=https:\/\/minhducfurniture.com\/fr\/product\/chaises-de-salle-a-manger-en-plastique-noir-chaises-en-polypropylene-pour-lexterieur\/&title=Chaises%20de%20salle%20%C3%A0%20manger%20en%20plastique%20noir%20chaises%20en%20polypropyl%C3%A8ne%20pour%20l%26rsquo%3Bext%C3%A9rieur\" onclick=\"window.open(this.href,this.title,'width=500,height=500,top=300px,left=300px'); return false;\" target=\"_blank\" class=\"icon primary button round tooltip linkedin\" title=\"Partager sur LinkedIn\" aria-label=\"Partager sur LinkedIn\" rel=\"noopener nofollow\"><i class=\"icon-linkedin\" aria-hidden=\"true\"><\/i><\/a><\/div>\n","protected":false},"excerpt":{"rendered":"<ul>\n<li>Code produit : MDS-3062<\/li>\n<li>Taille de la chaise : L530mm x SH460mm x H800mm<\/li>\n<li>100% plastique PP avec rev\u00eatement anti-UV.<\/li>\n<li>Poids de chargement : 120kg\/ 264.5lbs<\/li>\n<li>Origine du produit : Vietnam<\/li>\n<li>Hotline\/ WhatsApp:+84908314939<\/li>\n<\/ul>\n","protected":false},"featured_media":53835,"comment_status":"open","ping_status":"closed","template":"","meta":[],"product_brand":[],"product_cat":[13060],"product_tag":[13061],"class_list":{"0":"post-53836","1":"product","2":"type-product","3":"status-publish","4":"has-post-thumbnail","6":"product_cat-chaises-en-plastique","7":"product_tag-chaises-dexterieur","9":"first","10":"instock","11":"shipping-taxable","12":"product-type-simple"},"yoast_head":"<!-- This site is optimized with the Yoast SEO plugin v27.4 - https:\/\/yoast.com\/product\/yoast-seo-wordpress\/ -->\n<title>Chaises de salle \u00e0 manger en plastique noir chaises en polypropyl\u00e8ne pour l&#039;ext\u00e9rieur - Minh Duc Furniture<\/title>\n<meta name=\"description\" content=\"Les chaises de salle \u00e0 manger en plastique noir fabriqu\u00e9es en PP de haute qualit\u00e9 offrent une structure robuste et bien \u00e9quilibr\u00e9e qui convient aussi bien \u00e0 l&#039;int\u00e9rieur qu&#039;\u00e0 l&#039;ext\u00e9rieur.\" \/>\n<meta name=\"robots\" content=\"index, follow, max-snippet:-1, max-image-preview:large, max-video-preview:-1\" \/>\n<link rel=\"canonical\" href=\"https:\/\/minhducfurniture.com\/fr\/product\/chaises-de-salle-a-manger-en-plastique-noir-chaises-en-polypropylene-pour-lexterieur\/\" \/>\n<meta property=\"og:locale\" content=\"fr_FR\" \/>\n<meta property=\"og:type\" content=\"article\" \/>\n<meta property=\"og:title\" content=\"Chaises de salle \u00e0 manger en plastique noir chaises en polypropyl\u00e8ne pour l&#039;ext\u00e9rieur - Minh Duc Furniture\" \/>\n<meta property=\"og:description\" content=\"Les chaises de salle \u00e0 manger en plastique noir fabriqu\u00e9es en PP de haute qualit\u00e9 offrent une structure robuste et bien \u00e9quilibr\u00e9e qui convient aussi bien \u00e0 l&#039;int\u00e9rieur qu&#039;\u00e0 l&#039;ext\u00e9rieur.\" \/>\n<meta property=\"og:url\" content=\"https:\/\/minhducfurniture.com\/fr\/product\/chaises-de-salle-a-manger-en-plastique-noir-chaises-en-polypropylene-pour-lexterieur\/\" \/>\n<meta property=\"og:site_name\" content=\"Minh Duc Furniture\" \/>\n<meta property=\"article:modified_time\" content=\"2025-11-04T09:53:46+00:00\" \/>\n<meta property=\"og:image\" content=\"https:\/\/minhducfurniture.com\/wp-content\/uploads\/2025\/11\/Black-plastic-dining-chairs.jpg\" \/>\n\t<meta property=\"og:image:width\" content=\"850\" \/>\n\t<meta property=\"og:image:height\" content=\"850\" \/>\n\t<meta property=\"og:image:type\" content=\"image\/jpeg\" \/>\n<meta name=\"twitter:card\" content=\"summary_large_image\" \/>\n<meta name=\"twitter:label1\" content=\"Dur\u00e9e de lecture estim\u00e9e\" \/>\n\t<meta name=\"twitter:data1\" content=\"2 minutes\" \/>\n<script type=\"application\/ld+json\" class=\"yoast-schema-graph\">{\"@context\":\"https:\\\/\\\/schema.org\",\"@graph\":[{\"@type\":\"WebPage\",\"@id\":\"https:\\\/\\\/minhducfurniture.com\\\/fr\\\/product\\\/chaises-de-salle-a-manger-en-plastique-noir-chaises-en-polypropylene-pour-lexterieur\\\/\",\"url\":\"https:\\\/\\\/minhducfurniture.com\\\/fr\\\/product\\\/chaises-de-salle-a-manger-en-plastique-noir-chaises-en-polypropylene-pour-lexterieur\\\/\",\"name\":\"Chaises de salle \u00e0 manger en plastique noir chaises en polypropyl\u00e8ne pour l'ext\u00e9rieur - Minh Duc Furniture\",\"isPartOf\":{\"@id\":\"https:\\\/\\\/minhducfurniture.com\\\/fr\\\/#website\"},\"primaryImageOfPage\":{\"@id\":\"https:\\\/\\\/minhducfurniture.com\\\/fr\\\/product\\\/chaises-de-salle-a-manger-en-plastique-noir-chaises-en-polypropylene-pour-lexterieur\\\/#primaryimage\"},\"image\":{\"@id\":\"https:\\\/\\\/minhducfurniture.com\\\/fr\\\/product\\\/chaises-de-salle-a-manger-en-plastique-noir-chaises-en-polypropylene-pour-lexterieur\\\/#primaryimage\"},\"thumbnailUrl\":\"https:\\\/\\\/minhducfurniture.com\\\/wp-content\\\/uploads\\\/2025\\\/11\\\/Black-plastic-dining-chairs.jpg\",\"datePublished\":\"2025-11-04T09:42:31+00:00\",\"dateModified\":\"2025-11-04T09:53:46+00:00\",\"description\":\"Les chaises de salle \u00e0 manger en plastique noir fabriqu\u00e9es en PP de haute qualit\u00e9 offrent une structure robuste et bien \u00e9quilibr\u00e9e qui convient aussi bien \u00e0 l'int\u00e9rieur qu'\u00e0 l'ext\u00e9rieur.\",\"breadcrumb\":{\"@id\":\"https:\\\/\\\/minhducfurniture.com\\\/fr\\\/product\\\/chaises-de-salle-a-manger-en-plastique-noir-chaises-en-polypropylene-pour-lexterieur\\\/#breadcrumb\"},\"inLanguage\":\"fr-FR\",\"potentialAction\":[{\"@type\":\"ReadAction\",\"target\":[\"https:\\\/\\\/minhducfurniture.com\\\/fr\\\/product\\\/chaises-de-salle-a-manger-en-plastique-noir-chaises-en-polypropylene-pour-lexterieur\\\/\"]}]},{\"@type\":\"ImageObject\",\"inLanguage\":\"fr-FR\",\"@id\":\"https:\\\/\\\/minhducfurniture.com\\\/fr\\\/product\\\/chaises-de-salle-a-manger-en-plastique-noir-chaises-en-polypropylene-pour-lexterieur\\\/#primaryimage\",\"url\":\"https:\\\/\\\/minhducfurniture.com\\\/wp-content\\\/uploads\\\/2025\\\/11\\\/Black-plastic-dining-chairs.jpg\",\"contentUrl\":\"https:\\\/\\\/minhducfurniture.com\\\/wp-content\\\/uploads\\\/2025\\\/11\\\/Black-plastic-dining-chairs.jpg\",\"width\":850,\"height\":850,\"caption\":\"Chaises de salle \u00e0 manger en plastique noir\"},{\"@type\":\"BreadcrumbList\",\"@id\":\"https:\\\/\\\/minhducfurniture.com\\\/fr\\\/product\\\/chaises-de-salle-a-manger-en-plastique-noir-chaises-en-polypropylene-pour-lexterieur\\\/#breadcrumb\",\"itemListElement\":[{\"@type\":\"ListItem\",\"position\":1,\"name\":\"Home\",\"item\":\"https:\\\/\\\/minhducfurniture.com\\\/fr\\\/\"},{\"@type\":\"ListItem\",\"position\":2,\"name\":\"Shop\",\"item\":\"https:\\\/\\\/minhducfurniture.com\\\/shop\\\/\"},{\"@type\":\"ListItem\",\"position\":3,\"name\":\"Chaises de salle \u00e0 manger en plastique noir chaises en polypropyl\u00e8ne pour l&rsquo;ext\u00e9rieur\"}]},{\"@type\":\"WebSite\",\"@id\":\"https:\\\/\\\/minhducfurniture.com\\\/fr\\\/#website\",\"url\":\"https:\\\/\\\/minhducfurniture.com\\\/fr\\\/\",\"name\":\"Minh Duc Furniture\",\"description\":\"Vietnam Furniture Supplier\",\"publisher\":{\"@id\":\"https:\\\/\\\/minhducfurniture.com\\\/fr\\\/#organization\"},\"alternateName\":\"Vietnam Online Shop\",\"potentialAction\":[{\"@type\":\"SearchAction\",\"target\":{\"@type\":\"EntryPoint\",\"urlTemplate\":\"https:\\\/\\\/minhducfurniture.com\\\/fr\\\/?s={search_term_string}\"},\"query-input\":{\"@type\":\"PropertyValueSpecification\",\"valueRequired\":true,\"valueName\":\"search_term_string\"}}],\"inLanguage\":\"fr-FR\"},{\"@type\":\"Organization\",\"@id\":\"https:\\\/\\\/minhducfurniture.com\\\/fr\\\/#organization\",\"name\":\"Minh Duc Furniture\",\"alternateName\":\"Vietnam Furniture Export\",\"url\":\"https:\\\/\\\/minhducfurniture.com\\\/fr\\\/\",\"logo\":{\"@type\":\"ImageObject\",\"inLanguage\":\"fr-FR\",\"@id\":\"https:\\\/\\\/minhducfurniture.com\\\/fr\\\/#\\\/schema\\\/logo\\\/image\\\/\",\"url\":\"\",\"contentUrl\":\"\",\"caption\":\"Minh Duc Furniture\"},\"image\":{\"@id\":\"https:\\\/\\\/minhducfurniture.com\\\/fr\\\/#\\\/schema\\\/logo\\\/image\\\/\"},\"sameAs\":[\"https:\\\/\\\/www.pinterest.com\\\/hienthaoshop\\\/pins\\\/\"]}]}<\/script>\n<!-- \/ Yoast SEO plugin. -->","yoast_head_json":{"title":"Chaises de salle \u00e0 manger en plastique noir chaises en polypropyl\u00e8ne pour l'ext\u00e9rieur - Minh Duc Furniture","description":"Les chaises de salle \u00e0 manger en plastique noir fabriqu\u00e9es en PP de haute qualit\u00e9 offrent une structure robuste et bien \u00e9quilibr\u00e9e qui convient aussi bien \u00e0 l'int\u00e9rieur qu'\u00e0 l'ext\u00e9rieur.","robots":{"index":"index","follow":"follow","max-snippet":"max-snippet:-1","max-image-preview":"max-image-preview:large","max-video-preview":"max-video-preview:-1"},"canonical":"https:\/\/minhducfurniture.com\/fr\/product\/chaises-de-salle-a-manger-en-plastique-noir-chaises-en-polypropylene-pour-lexterieur\/","og_locale":"fr_FR","og_type":"article","og_title":"Chaises de salle \u00e0 manger en plastique noir chaises en polypropyl\u00e8ne pour l'ext\u00e9rieur - Minh Duc Furniture","og_description":"Les chaises de salle \u00e0 manger en plastique noir fabriqu\u00e9es en PP de haute qualit\u00e9 offrent une structure robuste et bien \u00e9quilibr\u00e9e qui convient aussi bien \u00e0 l'int\u00e9rieur qu'\u00e0 l'ext\u00e9rieur.","og_url":"https:\/\/minhducfurniture.com\/fr\/product\/chaises-de-salle-a-manger-en-plastique-noir-chaises-en-polypropylene-pour-lexterieur\/","og_site_name":"Minh Duc Furniture","article_modified_time":"2025-11-04T09:53:46+00:00","og_image":[{"width":850,"height":850,"url":"https:\/\/minhducfurniture.com\/wp-content\/uploads\/2025\/11\/Black-plastic-dining-chairs.jpg","type":"image\/jpeg"}],"twitter_card":"summary_large_image","twitter_misc":{"Dur\u00e9e de lecture estim\u00e9e":"2 minutes"},"schema":{"@context":"https:\/\/schema.org","@graph":[{"@type":"WebPage","@id":"https:\/\/minhducfurniture.com\/fr\/product\/chaises-de-salle-a-manger-en-plastique-noir-chaises-en-polypropylene-pour-lexterieur\/","url":"https:\/\/minhducfurniture.com\/fr\/product\/chaises-de-salle-a-manger-en-plastique-noir-chaises-en-polypropylene-pour-lexterieur\/","name":"Chaises de salle \u00e0 manger en plastique noir chaises en polypropyl\u00e8ne pour l'ext\u00e9rieur - Minh Duc Furniture","isPartOf":{"@id":"https:\/\/minhducfurniture.com\/fr\/#website"},"primaryImageOfPage":{"@id":"https:\/\/minhducfurniture.com\/fr\/product\/chaises-de-salle-a-manger-en-plastique-noir-chaises-en-polypropylene-pour-lexterieur\/#primaryimage"},"image":{"@id":"https:\/\/minhducfurniture.com\/fr\/product\/chaises-de-salle-a-manger-en-plastique-noir-chaises-en-polypropylene-pour-lexterieur\/#primaryimage"},"thumbnailUrl":"https:\/\/minhducfurniture.com\/wp-content\/uploads\/2025\/11\/Black-plastic-dining-chairs.jpg","datePublished":"2025-11-04T09:42:31+00:00","dateModified":"2025-11-04T09:53:46+00:00","description":"Les chaises de salle \u00e0 manger en plastique noir fabriqu\u00e9es en PP de haute qualit\u00e9 offrent une structure robuste et bien \u00e9quilibr\u00e9e qui convient aussi bien \u00e0 l'int\u00e9rieur qu'\u00e0 l'ext\u00e9rieur.","breadcrumb":{"@id":"https:\/\/minhducfurniture.com\/fr\/product\/chaises-de-salle-a-manger-en-plastique-noir-chaises-en-polypropylene-pour-lexterieur\/#breadcrumb"},"inLanguage":"fr-FR","potentialAction":[{"@type":"ReadAction","target":["https:\/\/minhducfurniture.com\/fr\/product\/chaises-de-salle-a-manger-en-plastique-noir-chaises-en-polypropylene-pour-lexterieur\/"]}]},{"@type":"ImageObject","inLanguage":"fr-FR","@id":"https:\/\/minhducfurniture.com\/fr\/product\/chaises-de-salle-a-manger-en-plastique-noir-chaises-en-polypropylene-pour-lexterieur\/#primaryimage","url":"https:\/\/minhducfurniture.com\/wp-content\/uploads\/2025\/11\/Black-plastic-dining-chairs.jpg","contentUrl":"https:\/\/minhducfurniture.com\/wp-content\/uploads\/2025\/11\/Black-plastic-dining-chairs.jpg","width":850,"height":850,"caption":"Chaises de salle \u00e0 manger en plastique noir"},{"@type":"BreadcrumbList","@id":"https:\/\/minhducfurniture.com\/fr\/product\/chaises-de-salle-a-manger-en-plastique-noir-chaises-en-polypropylene-pour-lexterieur\/#breadcrumb","itemListElement":[{"@type":"ListItem","position":1,"name":"Home","item":"https:\/\/minhducfurniture.com\/fr\/"},{"@type":"ListItem","position":2,"name":"Shop","item":"https:\/\/minhducfurniture.com\/shop\/"},{"@type":"ListItem","position":3,"name":"Chaises de salle \u00e0 manger en plastique noir chaises en polypropyl\u00e8ne pour l&rsquo;ext\u00e9rieur"}]},{"@type":"WebSite","@id":"https:\/\/minhducfurniture.com\/fr\/#website","url":"https:\/\/minhducfurniture.com\/fr\/","name":"Minh Duc Furniture","description":"Vietnam Furniture Supplier","publisher":{"@id":"https:\/\/minhducfurniture.com\/fr\/#organization"},"alternateName":"Vietnam Online Shop","potentialAction":[{"@type":"SearchAction","target":{"@type":"EntryPoint","urlTemplate":"https:\/\/minhducfurniture.com\/fr\/?s={search_term_string}"},"query-input":{"@type":"PropertyValueSpecification","valueRequired":true,"valueName":"search_term_string"}}],"inLanguage":"fr-FR"},{"@type":"Organization","@id":"https:\/\/minhducfurniture.com\/fr\/#organization","name":"Minh Duc Furniture","alternateName":"Vietnam Furniture Export","url":"https:\/\/minhducfurniture.com\/fr\/","logo":{"@type":"ImageObject","inLanguage":"fr-FR","@id":"https:\/\/minhducfurniture.com\/fr\/#\/schema\/logo\/image\/","url":"","contentUrl":"","caption":"Minh Duc Furniture"},"image":{"@id":"https:\/\/minhducfurniture.com\/fr\/#\/schema\/logo\/image\/"},"sameAs":["https:\/\/www.pinterest.com\/hienthaoshop\/pins\/"]}]}},"_links":{"self":[{"href":"https:\/\/minhducfurniture.com\/fr\/wp-json\/wp\/v2\/product\/53836","targetHints":{"allow":["GET"]}}],"collection":[{"href":"https:\/\/minhducfurniture.com\/fr\/wp-json\/wp\/v2\/product"}],"about":[{"href":"https:\/\/minhducfurniture.com\/fr\/wp-json\/wp\/v2\/types\/product"}],"replies":[{"embeddable":true,"href":"https:\/\/minhducfurniture.com\/fr\/wp-json\/wp\/v2\/comments?post=53836"}],"wp:featuredmedia":[{"embeddable":true,"href":"https:\/\/minhducfurniture.com\/fr\/wp-json\/wp\/v2\/media\/53835"}],"wp:attachment":[{"href":"https:\/\/minhducfurniture.com\/fr\/wp-json\/wp\/v2\/media?parent=53836"}],"wp:term":[{"taxonomy":"product_brand","embeddable":true,"href":"https:\/\/minhducfurniture.com\/fr\/wp-json\/wp\/v2\/product_brand?post=53836"},{"taxonomy":"product_cat","embeddable":true,"href":"https:\/\/minhducfurniture.com\/fr\/wp-json\/wp\/v2\/product_cat?post=53836"},{"taxonomy":"product_tag","embeddable":true,"href":"https:\/\/minhducfurniture.com\/fr\/wp-json\/wp\/v2\/product_tag?post=53836"}],"curies":[{"name":"wp","href":"https:\/\/api.w.org\/{rel}","templated":true}]}}