{"id":53745,"date":"2025-10-06T00:28:27","date_gmt":"2025-10-05T17:28:27","guid":{"rendered":"https:\/\/minhducfurniture.com\/product\/fauteuil-a-structure-metallique-noire-fauteuil-a-structure-metallique-pour-lexportation\/"},"modified":"2025-10-06T15:12:25","modified_gmt":"2025-10-06T08:12:25","slug":"fauteuil-a-structure-metallique-noire-fauteuil-a-structure-metallique-pour-lexportation","status":"publish","type":"product","link":"https:\/\/minhducfurniture.com\/fr\/product\/fauteuil-a-structure-metallique-noire-fauteuil-a-structure-metallique-pour-lexportation\/","title":{"rendered":"Fauteuil \u00e0 structure m\u00e9tallique noire Fauteuil \u00e0 structure m\u00e9tallique pour l&rsquo;exportation"},"content":{"rendered":"<h2><span style=\"font-size: 90%;\">Fauteuil \u00e0 structure m\u00e9tallique noire avec panneau d&rsquo;assise rond  <\/span><\/h2>\n<p>Ce <strong>fauteuil \u00e0 structure m\u00e9tallique noire<\/strong> est dot\u00e9 d&rsquo;une structure \u00e9l\u00e9gante rev\u00eatue de poudre, associ\u00e9e \u00e0 une assise ronde en bois lisse, cr\u00e9ant un \u00e9quilibre raffin\u00e9 entre la force industrielle et la chaleur naturelle. Son dossier l\u00e9g\u00e8rement incurv\u00e9 offre un soutien subtil tout en conservant une silhouette ouverte et a\u00e9r\u00e9e. Le design des pieds apporte un caract\u00e8re moderne distinctif sans compromettre la stabilit\u00e9. Id\u00e9ale pour les salles \u00e0 manger, les caf\u00e9s, les bureaux \u00e0 domicile ou les espaces d&rsquo;angle \u00e9l\u00e9gants, cette chaise allie harmonieusement fonctionnalit\u00e9 et \u00e9l\u00e9gance contemporaine.   <\/p>\n<h3>Description du produit<\/h3>\n<ul>\n<li>Code produit : MDE-0108IW<\/li>\n<li>Taille de la chaise : L500mm x SH450mm x H800mm.<\/li>\n<li>Cadre en acier avec rev\u00eatement en poudre.<\/li>\n<li>Panneau de si\u00e8ge en contreplaqu\u00e9 rond avec couleur et design personnalis\u00e9s selon les exigences du client.<\/li>\n<li>Poids de chargement : 150kg\/ 330lbs<\/li>\n<li>Origine du produit : Vietnam<\/li>\n<\/ul>\n<figure id=\"attachment_53742\" aria-describedby=\"caption-attachment-53742\" style=\"width: 850px\" class=\"wp-caption aligncenter\"><img decoding=\"async\" class=\"size-full wp-image-53740\" src=\"https:\/\/minhducfurniture.com\/wp-content\/uploads\/2025\/10\/Chair-with-iron-table.jpg\" alt=\"Chaise avec table en fer\" width=\"850\" height=\"553\" srcset=\"https:\/\/minhducfurniture.com\/wp-content\/uploads\/2025\/10\/Chair-with-iron-table.jpg 850w, https:\/\/minhducfurniture.com\/wp-content\/uploads\/2025\/10\/Chair-with-iron-table-615x400.jpg 615w, https:\/\/minhducfurniture.com\/wp-content\/uploads\/2025\/10\/Chair-with-iron-table-768x500.jpg 768w, https:\/\/minhducfurniture.com\/wp-content\/uploads\/2025\/10\/Chair-with-iron-table-510x332.jpg 510w\" sizes=\"(max-width: 850px) 100vw, 850px\" \/><figcaption id=\"caption-attachment-53742\" class=\"wp-caption-text\">Chaise avec table en fer<\/figcaption><\/figure>\n<h4>Informations sur les commandes<\/h4>\n<ul>\n<li>Quantit\u00e9 minimale de commande (MOQ) : 50 pi\u00e8ces<\/li>\n<li>D\u00e9lai de livraison : 30-35 jours apr\u00e8s le d\u00e9p\u00f4t<\/li>\n<li>D\u00e9lai de livraison : FOB Hai Phong, Vietnam<\/li>\n<li>Modalit\u00e9s de paiement : T\/T 30% de d\u00e9p\u00f4t, 70% de solde avant l&rsquo;exp\u00e9dition<\/li>\n<\/ul>\n<h4>Informations sur le contact<\/h4>\n<ul>\n<li><a href=\"https:\/\/minhducfurniture.com\/fr\/\">Minh Duc Public Furniture Co.<\/a><\/li>\n<li>Adresse : Villa H02-L11 An Phu, Duong Noi, Ha Dong, Hanoi, Vietnam<\/li>\n<li>Phone\/WhatsApp\/Zalo : +84 908 314 939<\/li>\n<\/ul>\n<h4>Plus de nos collections<\/h4>\n<ul>\n<li><span style=\"color: #008080;\"><a style=\"color: #008080;\" href=\"https:\/\/minhducfurniture.com\/fr\/product\/bancs-dexterieur-a-vendre-banc-en-metal-et-en-bois\/\">Bancs d&rsquo;ext\u00e9rieur \u00e0 vendre banc en m\u00e9tal et en bois<\/a><\/span><\/li>\n<li><span style=\"color: #008080;\"><a style=\"color: #008080;\" href=\"https:\/\/minhducfurniture.com\/fr\/product\/petit-fauteuil-rembourre-structure-en-metal-chaise-de-salon-moderne\/\">Petit fauteuil rembourr\u00e9 structure en m\u00e9tal chaise de salon moderne<\/a><\/span><\/li>\n<\/ul>\n<div class=\"social-icons share-icons share-row relative\" ><a href=\"whatsapp:\/\/send?text=Fauteuil%20%C3%A0%20structure%20m%C3%A9tallique%20noire%20Fauteuil%20%C3%A0%20structure%20m%C3%A9tallique%20pour%20l%26rsquo%3Bexportation - https:\/\/minhducfurniture.com\/fr\/product\/fauteuil-a-structure-metallique-noire-fauteuil-a-structure-metallique-pour-lexportation\/\" data-action=\"share\/whatsapp\/share\" class=\"icon primary button round tooltip whatsapp show-for-medium\" title=\"Partager sur WhatsApp\" aria-label=\"Partager sur WhatsApp\"><i class=\"icon-whatsapp\" aria-hidden=\"true\"><\/i><\/a><a href=\"https:\/\/www.facebook.com\/sharer.php?u=https:\/\/minhducfurniture.com\/fr\/product\/fauteuil-a-structure-metallique-noire-fauteuil-a-structure-metallique-pour-lexportation\/\" data-label=\"Facebook\" onclick=\"window.open(this.href,this.title,'width=500,height=500,top=300px,left=300px'); return false;\" target=\"_blank\" class=\"icon primary button round tooltip facebook\" title=\"Partager sur Facebook\" aria-label=\"Partager sur Facebook\" rel=\"noopener nofollow\"><i class=\"icon-facebook\" aria-hidden=\"true\"><\/i><\/a><a href=\"https:\/\/twitter.com\/share?url=https:\/\/minhducfurniture.com\/fr\/product\/fauteuil-a-structure-metallique-noire-fauteuil-a-structure-metallique-pour-lexportation\/\" onclick=\"window.open(this.href,this.title,'width=500,height=500,top=300px,left=300px'); return false;\" target=\"_blank\" class=\"icon primary button round tooltip twitter\" title=\"Partager sur Twitter\" aria-label=\"Partager sur Twitter\" rel=\"noopener nofollow\"><i class=\"icon-twitter\" aria-hidden=\"true\"><\/i><\/a><a href=\"mailto:?subject=Fauteuil%20%C3%A0%20structure%20m%C3%A9tallique%20noire%20Fauteuil%20%C3%A0%20structure%20m%C3%A9tallique%20pour%20l%26rsquo%3Bexportation&body=Regarde%20%C3%A7a%3A%20https%3A%2F%2Fminhducfurniture.com%2Ffr%2Fproduct%2Ffauteuil-a-structure-metallique-noire-fauteuil-a-structure-metallique-pour-lexportation%2F\" class=\"icon primary button round tooltip email\" title=\"Envoyer par mail\" aria-label=\"Envoyer par mail\" rel=\"nofollow\"><i class=\"icon-envelop\" aria-hidden=\"true\"><\/i><\/a><a href=\"https:\/\/pinterest.com\/pin\/create\/button?url=https:\/\/minhducfurniture.com\/fr\/product\/fauteuil-a-structure-metallique-noire-fauteuil-a-structure-metallique-pour-lexportation\/&media=https:\/\/minhducfurniture.com\/wp-content\/uploads\/2025\/10\/black-metal-frame-armchair.jpg&description=Fauteuil%20%C3%A0%20structure%20m%C3%A9tallique%20noire%20Fauteuil%20%C3%A0%20structure%20m%C3%A9tallique%20pour%20l%26rsquo%3Bexportation\" onclick=\"window.open(this.href,this.title,'width=500,height=500,top=300px,left=300px'); return false;\" target=\"_blank\" class=\"icon primary button round tooltip pinterest\" title=\"Epingler sur Pinterest\" aria-label=\"Epingler sur Pinterest\" rel=\"noopener nofollow\"><i class=\"icon-pinterest\" aria-hidden=\"true\"><\/i><\/a><a href=\"https:\/\/www.linkedin.com\/shareArticle?mini=true&url=https:\/\/minhducfurniture.com\/fr\/product\/fauteuil-a-structure-metallique-noire-fauteuil-a-structure-metallique-pour-lexportation\/&title=Fauteuil%20%C3%A0%20structure%20m%C3%A9tallique%20noire%20Fauteuil%20%C3%A0%20structure%20m%C3%A9tallique%20pour%20l%26rsquo%3Bexportation\" onclick=\"window.open(this.href,this.title,'width=500,height=500,top=300px,left=300px'); return false;\" target=\"_blank\" class=\"icon primary button round tooltip linkedin\" title=\"Partager sur LinkedIn\" aria-label=\"Partager sur LinkedIn\" rel=\"noopener nofollow\"><i class=\"icon-linkedin\" aria-hidden=\"true\"><\/i><\/a><\/div>\n","protected":false},"excerpt":{"rendered":"<ul>\n<li>Code produit : MDE-0108IW<\/li>\n<li>Taille de la chaise : L500mm x SH450mm x H800mm.<\/li>\n<li>Cadre en acier avec rev\u00eatement en poudre.<\/li>\n<li>Poids de chargement : 150kg\/ 330lbs<\/li>\n<li>Origine du produit : Vietnam<\/li>\n<li>Hotline\/ WhatsApp:+84908314939<\/li>\n<\/ul>\n","protected":false},"featured_media":53743,"comment_status":"open","ping_status":"closed","template":"","meta":[],"product_brand":[],"product_cat":[13015],"product_tag":[],"class_list":{"0":"post-53745","1":"product","2":"type-product","3":"status-publish","4":"has-post-thumbnail","6":"product_cat-fauteuils-lounge","8":"first","9":"instock","10":"shipping-taxable","11":"product-type-simple"},"yoast_head":"<!-- This site is optimized with the Yoast SEO plugin v27.0 - https:\/\/yoast.com\/product\/yoast-seo-wordpress\/ -->\n<title>Fauteuil \u00e0 structure m\u00e9tallique noire Fauteuil \u00e0 structure m\u00e9tallique pour l&#039;exportation - Minh Duc Furniture<\/title>\n<meta name=\"description\" content=\"Ce fauteuil \u00e0 structure m\u00e9tallique noire est dot\u00e9 d&#039;une structure \u00e9l\u00e9gante rev\u00eatue de poudre et d&#039;une assise ronde en bois lisse, cr\u00e9ant ainsi un \u00e9quilibre raffin\u00e9 entre la structure et l&#039;assise.\" \/>\n<meta name=\"robots\" content=\"index, follow, max-snippet:-1, max-image-preview:large, max-video-preview:-1\" \/>\n<link rel=\"canonical\" href=\"https:\/\/minhducfurniture.com\/fr\/product\/fauteuil-a-structure-metallique-noire-fauteuil-a-structure-metallique-pour-lexportation\/\" \/>\n<meta property=\"og:locale\" content=\"fr_FR\" \/>\n<meta property=\"og:type\" content=\"article\" \/>\n<meta property=\"og:title\" content=\"Fauteuil \u00e0 structure m\u00e9tallique noire Fauteuil \u00e0 structure m\u00e9tallique pour l&#039;exportation - Minh Duc Furniture\" \/>\n<meta property=\"og:description\" content=\"Ce fauteuil \u00e0 structure m\u00e9tallique noire est dot\u00e9 d&#039;une structure \u00e9l\u00e9gante rev\u00eatue de poudre et d&#039;une assise ronde en bois lisse, cr\u00e9ant ainsi un \u00e9quilibre raffin\u00e9 entre la structure et l&#039;assise.\" \/>\n<meta property=\"og:url\" content=\"https:\/\/minhducfurniture.com\/fr\/product\/fauteuil-a-structure-metallique-noire-fauteuil-a-structure-metallique-pour-lexportation\/\" \/>\n<meta property=\"og:site_name\" content=\"Minh Duc Furniture\" \/>\n<meta property=\"article:modified_time\" content=\"2025-10-06T08:12:25+00:00\" \/>\n<meta property=\"og:image\" content=\"https:\/\/minhducfurniture.com\/wp-content\/uploads\/2025\/10\/black-metal-frame-armchair.jpg\" \/>\n\t<meta property=\"og:image:width\" content=\"750\" \/>\n\t<meta property=\"og:image:height\" content=\"750\" \/>\n\t<meta property=\"og:image:type\" content=\"image\/jpeg\" \/>\n<meta name=\"twitter:card\" content=\"summary_large_image\" \/>\n<meta name=\"twitter:label1\" content=\"Dur\u00e9e de lecture estim\u00e9e\" \/>\n\t<meta name=\"twitter:data1\" content=\"1 minute\" \/>\n<script type=\"application\/ld+json\" class=\"yoast-schema-graph\">{\"@context\":\"https:\/\/schema.org\",\"@graph\":[{\"@type\":\"WebPage\",\"@id\":\"https:\/\/minhducfurniture.com\/fr\/product\/fauteuil-a-structure-metallique-noire-fauteuil-a-structure-metallique-pour-lexportation\/\",\"url\":\"https:\/\/minhducfurniture.com\/fr\/product\/fauteuil-a-structure-metallique-noire-fauteuil-a-structure-metallique-pour-lexportation\/\",\"name\":\"Fauteuil \u00e0 structure m\u00e9tallique noire Fauteuil \u00e0 structure m\u00e9tallique pour l'exportation - Minh Duc Furniture\",\"isPartOf\":{\"@id\":\"https:\/\/minhducfurniture.com\/fr\/#website\"},\"primaryImageOfPage\":{\"@id\":\"https:\/\/minhducfurniture.com\/fr\/product\/fauteuil-a-structure-metallique-noire-fauteuil-a-structure-metallique-pour-lexportation\/#primaryimage\"},\"image\":{\"@id\":\"https:\/\/minhducfurniture.com\/fr\/product\/fauteuil-a-structure-metallique-noire-fauteuil-a-structure-metallique-pour-lexportation\/#primaryimage\"},\"thumbnailUrl\":\"https:\/\/minhducfurniture.com\/wp-content\/uploads\/2025\/10\/black-metal-frame-armchair.jpg\",\"datePublished\":\"2025-10-05T17:28:27+00:00\",\"dateModified\":\"2025-10-06T08:12:25+00:00\",\"description\":\"Ce fauteuil \u00e0 structure m\u00e9tallique noire est dot\u00e9 d'une structure \u00e9l\u00e9gante rev\u00eatue de poudre et d'une assise ronde en bois lisse, cr\u00e9ant ainsi un \u00e9quilibre raffin\u00e9 entre la structure et l'assise.\",\"breadcrumb\":{\"@id\":\"https:\/\/minhducfurniture.com\/fr\/product\/fauteuil-a-structure-metallique-noire-fauteuil-a-structure-metallique-pour-lexportation\/#breadcrumb\"},\"inLanguage\":\"fr-FR\",\"potentialAction\":[{\"@type\":\"ReadAction\",\"target\":[\"https:\/\/minhducfurniture.com\/fr\/product\/fauteuil-a-structure-metallique-noire-fauteuil-a-structure-metallique-pour-lexportation\/\"]}]},{\"@type\":\"ImageObject\",\"inLanguage\":\"fr-FR\",\"@id\":\"https:\/\/minhducfurniture.com\/fr\/product\/fauteuil-a-structure-metallique-noire-fauteuil-a-structure-metallique-pour-lexportation\/#primaryimage\",\"url\":\"https:\/\/minhducfurniture.com\/wp-content\/uploads\/2025\/10\/black-metal-frame-armchair.jpg\",\"contentUrl\":\"https:\/\/minhducfurniture.com\/wp-content\/uploads\/2025\/10\/black-metal-frame-armchair.jpg\",\"width\":750,\"height\":750,\"caption\":\"fauteuil \u00e0 structure m\u00e9tallique noire\"},{\"@type\":\"BreadcrumbList\",\"@id\":\"https:\/\/minhducfurniture.com\/fr\/product\/fauteuil-a-structure-metallique-noire-fauteuil-a-structure-metallique-pour-lexportation\/#breadcrumb\",\"itemListElement\":[{\"@type\":\"ListItem\",\"position\":1,\"name\":\"Home\",\"item\":\"https:\/\/minhducfurniture.com\/fr\/\"},{\"@type\":\"ListItem\",\"position\":2,\"name\":\"Shop\",\"item\":\"https:\/\/minhducfurniture.com\/shop\/\"},{\"@type\":\"ListItem\",\"position\":3,\"name\":\"Fauteuil \u00e0 structure m\u00e9tallique noire Fauteuil \u00e0 structure m\u00e9tallique pour l&rsquo;exportation\"}]},{\"@type\":\"WebSite\",\"@id\":\"https:\/\/minhducfurniture.com\/fr\/#website\",\"url\":\"https:\/\/minhducfurniture.com\/fr\/\",\"name\":\"Minh Duc Furniture\",\"description\":\"Vietnam Furniture Supplier\",\"publisher\":{\"@id\":\"https:\/\/minhducfurniture.com\/fr\/#organization\"},\"alternateName\":\"Vietnam Online Shop\",\"potentialAction\":[{\"@type\":\"SearchAction\",\"target\":{\"@type\":\"EntryPoint\",\"urlTemplate\":\"https:\/\/minhducfurniture.com\/fr\/?s={search_term_string}\"},\"query-input\":{\"@type\":\"PropertyValueSpecification\",\"valueRequired\":true,\"valueName\":\"search_term_string\"}}],\"inLanguage\":\"fr-FR\"},{\"@type\":\"Organization\",\"@id\":\"https:\/\/minhducfurniture.com\/fr\/#organization\",\"name\":\"Minh Duc Furniture\",\"alternateName\":\"Vietnam Furniture Export\",\"url\":\"https:\/\/minhducfurniture.com\/fr\/\",\"logo\":{\"@type\":\"ImageObject\",\"inLanguage\":\"fr-FR\",\"@id\":\"https:\/\/minhducfurniture.com\/fr\/#\/schema\/logo\/image\/\",\"url\":\"\",\"contentUrl\":\"\",\"caption\":\"Minh Duc Furniture\"},\"image\":{\"@id\":\"https:\/\/minhducfurniture.com\/fr\/#\/schema\/logo\/image\/\"},\"sameAs\":[\"https:\/\/www.pinterest.com\/hienthaoshop\/pins\/\"]}]}<\/script>\n<!-- \/ Yoast SEO plugin. -->","yoast_head_json":{"title":"Fauteuil \u00e0 structure m\u00e9tallique noire Fauteuil \u00e0 structure m\u00e9tallique pour l'exportation - Minh Duc Furniture","description":"Ce fauteuil \u00e0 structure m\u00e9tallique noire est dot\u00e9 d'une structure \u00e9l\u00e9gante rev\u00eatue de poudre et d'une assise ronde en bois lisse, cr\u00e9ant ainsi un \u00e9quilibre raffin\u00e9 entre la structure et l'assise.","robots":{"index":"index","follow":"follow","max-snippet":"max-snippet:-1","max-image-preview":"max-image-preview:large","max-video-preview":"max-video-preview:-1"},"canonical":"https:\/\/minhducfurniture.com\/fr\/product\/fauteuil-a-structure-metallique-noire-fauteuil-a-structure-metallique-pour-lexportation\/","og_locale":"fr_FR","og_type":"article","og_title":"Fauteuil \u00e0 structure m\u00e9tallique noire Fauteuil \u00e0 structure m\u00e9tallique pour l'exportation - Minh Duc Furniture","og_description":"Ce fauteuil \u00e0 structure m\u00e9tallique noire est dot\u00e9 d'une structure \u00e9l\u00e9gante rev\u00eatue de poudre et d'une assise ronde en bois lisse, cr\u00e9ant ainsi un \u00e9quilibre raffin\u00e9 entre la structure et l'assise.","og_url":"https:\/\/minhducfurniture.com\/fr\/product\/fauteuil-a-structure-metallique-noire-fauteuil-a-structure-metallique-pour-lexportation\/","og_site_name":"Minh Duc Furniture","article_modified_time":"2025-10-06T08:12:25+00:00","og_image":[{"width":750,"height":750,"url":"https:\/\/minhducfurniture.com\/wp-content\/uploads\/2025\/10\/black-metal-frame-armchair.jpg","type":"image\/jpeg"}],"twitter_card":"summary_large_image","twitter_misc":{"Dur\u00e9e de lecture estim\u00e9e":"1 minute"},"schema":{"@context":"https:\/\/schema.org","@graph":[{"@type":"WebPage","@id":"https:\/\/minhducfurniture.com\/fr\/product\/fauteuil-a-structure-metallique-noire-fauteuil-a-structure-metallique-pour-lexportation\/","url":"https:\/\/minhducfurniture.com\/fr\/product\/fauteuil-a-structure-metallique-noire-fauteuil-a-structure-metallique-pour-lexportation\/","name":"Fauteuil \u00e0 structure m\u00e9tallique noire Fauteuil \u00e0 structure m\u00e9tallique pour l'exportation - Minh Duc Furniture","isPartOf":{"@id":"https:\/\/minhducfurniture.com\/fr\/#website"},"primaryImageOfPage":{"@id":"https:\/\/minhducfurniture.com\/fr\/product\/fauteuil-a-structure-metallique-noire-fauteuil-a-structure-metallique-pour-lexportation\/#primaryimage"},"image":{"@id":"https:\/\/minhducfurniture.com\/fr\/product\/fauteuil-a-structure-metallique-noire-fauteuil-a-structure-metallique-pour-lexportation\/#primaryimage"},"thumbnailUrl":"https:\/\/minhducfurniture.com\/wp-content\/uploads\/2025\/10\/black-metal-frame-armchair.jpg","datePublished":"2025-10-05T17:28:27+00:00","dateModified":"2025-10-06T08:12:25+00:00","description":"Ce fauteuil \u00e0 structure m\u00e9tallique noire est dot\u00e9 d'une structure \u00e9l\u00e9gante rev\u00eatue de poudre et d'une assise ronde en bois lisse, cr\u00e9ant ainsi un \u00e9quilibre raffin\u00e9 entre la structure et l'assise.","breadcrumb":{"@id":"https:\/\/minhducfurniture.com\/fr\/product\/fauteuil-a-structure-metallique-noire-fauteuil-a-structure-metallique-pour-lexportation\/#breadcrumb"},"inLanguage":"fr-FR","potentialAction":[{"@type":"ReadAction","target":["https:\/\/minhducfurniture.com\/fr\/product\/fauteuil-a-structure-metallique-noire-fauteuil-a-structure-metallique-pour-lexportation\/"]}]},{"@type":"ImageObject","inLanguage":"fr-FR","@id":"https:\/\/minhducfurniture.com\/fr\/product\/fauteuil-a-structure-metallique-noire-fauteuil-a-structure-metallique-pour-lexportation\/#primaryimage","url":"https:\/\/minhducfurniture.com\/wp-content\/uploads\/2025\/10\/black-metal-frame-armchair.jpg","contentUrl":"https:\/\/minhducfurniture.com\/wp-content\/uploads\/2025\/10\/black-metal-frame-armchair.jpg","width":750,"height":750,"caption":"fauteuil \u00e0 structure m\u00e9tallique noire"},{"@type":"BreadcrumbList","@id":"https:\/\/minhducfurniture.com\/fr\/product\/fauteuil-a-structure-metallique-noire-fauteuil-a-structure-metallique-pour-lexportation\/#breadcrumb","itemListElement":[{"@type":"ListItem","position":1,"name":"Home","item":"https:\/\/minhducfurniture.com\/fr\/"},{"@type":"ListItem","position":2,"name":"Shop","item":"https:\/\/minhducfurniture.com\/shop\/"},{"@type":"ListItem","position":3,"name":"Fauteuil \u00e0 structure m\u00e9tallique noire Fauteuil \u00e0 structure m\u00e9tallique pour l&rsquo;exportation"}]},{"@type":"WebSite","@id":"https:\/\/minhducfurniture.com\/fr\/#website","url":"https:\/\/minhducfurniture.com\/fr\/","name":"Minh Duc Furniture","description":"Vietnam Furniture Supplier","publisher":{"@id":"https:\/\/minhducfurniture.com\/fr\/#organization"},"alternateName":"Vietnam Online Shop","potentialAction":[{"@type":"SearchAction","target":{"@type":"EntryPoint","urlTemplate":"https:\/\/minhducfurniture.com\/fr\/?s={search_term_string}"},"query-input":{"@type":"PropertyValueSpecification","valueRequired":true,"valueName":"search_term_string"}}],"inLanguage":"fr-FR"},{"@type":"Organization","@id":"https:\/\/minhducfurniture.com\/fr\/#organization","name":"Minh Duc Furniture","alternateName":"Vietnam Furniture Export","url":"https:\/\/minhducfurniture.com\/fr\/","logo":{"@type":"ImageObject","inLanguage":"fr-FR","@id":"https:\/\/minhducfurniture.com\/fr\/#\/schema\/logo\/image\/","url":"","contentUrl":"","caption":"Minh Duc Furniture"},"image":{"@id":"https:\/\/minhducfurniture.com\/fr\/#\/schema\/logo\/image\/"},"sameAs":["https:\/\/www.pinterest.com\/hienthaoshop\/pins\/"]}]}},"_links":{"self":[{"href":"https:\/\/minhducfurniture.com\/fr\/wp-json\/wp\/v2\/product\/53745","targetHints":{"allow":["GET"]}}],"collection":[{"href":"https:\/\/minhducfurniture.com\/fr\/wp-json\/wp\/v2\/product"}],"about":[{"href":"https:\/\/minhducfurniture.com\/fr\/wp-json\/wp\/v2\/types\/product"}],"replies":[{"embeddable":true,"href":"https:\/\/minhducfurniture.com\/fr\/wp-json\/wp\/v2\/comments?post=53745"}],"wp:featuredmedia":[{"embeddable":true,"href":"https:\/\/minhducfurniture.com\/fr\/wp-json\/wp\/v2\/media\/53743"}],"wp:attachment":[{"href":"https:\/\/minhducfurniture.com\/fr\/wp-json\/wp\/v2\/media?parent=53745"}],"wp:term":[{"taxonomy":"product_brand","embeddable":true,"href":"https:\/\/minhducfurniture.com\/fr\/wp-json\/wp\/v2\/product_brand?post=53745"},{"taxonomy":"product_cat","embeddable":true,"href":"https:\/\/minhducfurniture.com\/fr\/wp-json\/wp\/v2\/product_cat?post=53745"},{"taxonomy":"product_tag","embeddable":true,"href":"https:\/\/minhducfurniture.com\/fr\/wp-json\/wp\/v2\/product_tag?post=53745"}],"curies":[{"name":"wp","href":"https:\/\/api.w.org\/{rel}","templated":true}]}}