{"id":53684,"date":"2025-09-23T00:54:47","date_gmt":"2025-09-22T17:54:47","guid":{"rendered":"https:\/\/minhducfurniture.com\/product\/chaise-en-metal-avec-coussin-chaise-de-salle-a-manger-moderne-rembourree\/"},"modified":"2025-09-23T00:59:24","modified_gmt":"2025-09-22T17:59:24","slug":"chaise-en-metal-avec-coussin-chaise-de-salle-a-manger-moderne-rembourree","status":"publish","type":"product","link":"https:\/\/minhducfurniture.com\/fr\/product\/chaise-en-metal-avec-coussin-chaise-de-salle-a-manger-moderne-rembourree\/","title":{"rendered":"Chaise en m\u00e9tal avec coussin Chaise de salle \u00e0 manger moderne rembourr\u00e9e"},"content":{"rendered":"<h2><span style=\"font-size: 90%;\">Chaise en m\u00e9tal avec coussin, contemporaine Chaise de salle \u00e0 manger avec pieds en m\u00e9tal<\/span><\/h2>\n<div>Cette <strong>chaise \u00e0 structure m\u00e9tallique avec coussin<\/strong> allie l&rsquo;\u00e9l\u00e9gance minimaliste \u00e0 un design vibrant. Dot\u00e9e d&rsquo;un coussin d&rsquo;assise et d&rsquo;un dossier recouverts de vinyle ou de tissu, elle ajoute un accent vivant \u00e0 votre salle \u00e0 manger ou \u00e0 votre espace de vie. L&rsquo;assise ronde coussin\u00e9e et le dossier incurv\u00e9 assurent le confort, tandis que la structure en m\u00e9tal noir \u00e9l\u00e9gant garantit la durabilit\u00e9 et la stabilit\u00e9. Parfaite pour les salles \u00e0 manger, les caf\u00e9s ou les int\u00e9rieurs \u00e9l\u00e9gants, cette chaise allie fonctionnalit\u00e9 et esth\u00e9tique contemporaine.   <\/div>\n<div>\t<div id=\"gap-101321180\" class=\"gap-element clearfix\" style=\"display:block; height:auto;\">\n\t\t\n<style>\n#gap-101321180 {\n  padding-top: 30px;\n}\n<\/style>\n\t<\/div>\n\t<\/div>\n<figure id=\"attachment_53654\" aria-describedby=\"caption-attachment-53654\" style=\"width: 850px\" class=\"wp-caption aligncenter\"><img decoding=\"async\" class=\"size-full wp-image-53653\" src=\"https:\/\/minhducfurniture.com\/wp-content\/uploads\/2025\/09\/Metal-frame-chair-with-orange-vinyl-upholstery.jpg\" alt=\"Chaise \u00e0 structure m\u00e9tallique avec rev\u00eatement en vinyle orange\" width=\"850\" height=\"601\" srcset=\"https:\/\/minhducfurniture.com\/wp-content\/uploads\/2025\/09\/Metal-frame-chair-with-orange-vinyl-upholstery.jpg 850w, https:\/\/minhducfurniture.com\/wp-content\/uploads\/2025\/09\/Metal-frame-chair-with-orange-vinyl-upholstery-566x400.jpg 566w, https:\/\/minhducfurniture.com\/wp-content\/uploads\/2025\/09\/Metal-frame-chair-with-orange-vinyl-upholstery-768x543.jpg 768w, https:\/\/minhducfurniture.com\/wp-content\/uploads\/2025\/09\/Metal-frame-chair-with-orange-vinyl-upholstery-510x361.jpg 510w\" sizes=\"(max-width: 850px) 100vw, 850px\" \/><figcaption id=\"caption-attachment-53654\" class=\"wp-caption-text\">Chaise \u00e0 structure m\u00e9tallique avec rev\u00eatement en vinyle orange<\/figcaption><\/figure>\n<h3><span style=\"font-size: 20.16px;\">Description du produit<\/span><\/h3>\n<div>\n<ul>\n<li>Code produit : MDE-021IU<\/li>\n<li>Taille de la chaise : L510mm x SH450mm x H820mm<\/li>\n<li>Cadre en acier avec rev\u00eatement en poudre.<\/li>\n<li>Coussins et appuie-t\u00eate recouverts de tissu ou de cuir PU, de vinyle. Personnalisez la couleur et le design en fonction des exigences du client. <\/li>\n<li>Poids de chargement : 150kg\/ 330lbs<\/li>\n<li>Origine du produit : Vietnam<\/li>\n<\/ul>\n<figure id=\"attachment_53659\" aria-describedby=\"caption-attachment-53659\" style=\"width: 850px\" class=\"wp-caption aligncenter\"><img decoding=\"async\" class=\"size-full wp-image-53658\" src=\"https:\/\/minhducfurniture.com\/wp-content\/uploads\/2025\/09\/The-chair-with-fabric-upholstery.jpg\" alt=\"La chaise avec rev\u00eatement en tissu\" width=\"850\" height=\"630\" srcset=\"https:\/\/minhducfurniture.com\/wp-content\/uploads\/2025\/09\/The-chair-with-fabric-upholstery.jpg 850w, https:\/\/minhducfurniture.com\/wp-content\/uploads\/2025\/09\/The-chair-with-fabric-upholstery-540x400.jpg 540w, https:\/\/minhducfurniture.com\/wp-content\/uploads\/2025\/09\/The-chair-with-fabric-upholstery-768x569.jpg 768w, https:\/\/minhducfurniture.com\/wp-content\/uploads\/2025\/09\/The-chair-with-fabric-upholstery-510x378.jpg 510w\" sizes=\"(max-width: 850px) 100vw, 850px\" \/><figcaption id=\"caption-attachment-53659\" class=\"wp-caption-text\">La chaise avec rev\u00eatement en tissu<\/figcaption><\/figure>\n<h4>Informations sur les commandes<\/h4>\n<ul>\n<li>Quantit\u00e9 minimale de commande (MOQ) : 50 pi\u00e8ces<\/li>\n<li>D\u00e9lai de livraison : 30-35 jours apr\u00e8s le d\u00e9p\u00f4t<\/li>\n<li>D\u00e9lai de livraison : FOB Hai Phong, Vietnam<\/li>\n<li>Modalit\u00e9s de paiement : T\/T 30% de d\u00e9p\u00f4t, 70% de solde avant l&rsquo;exp\u00e9dition<\/li>\n<\/ul>\n<figure id=\"attachment_53669\" aria-describedby=\"caption-attachment-53669\" style=\"width: 850px\" class=\"wp-caption aligncenter\"><img decoding=\"async\" class=\"size-full wp-image-53668\" src=\"https:\/\/minhducfurniture.com\/wp-content\/uploads\/2025\/09\/The-back-of-the-actual-chairs.jpg\" alt=\"Le dossier des chaises actuelles\" width=\"850\" height=\"668\" srcset=\"https:\/\/minhducfurniture.com\/wp-content\/uploads\/2025\/09\/The-back-of-the-actual-chairs.jpg 850w, https:\/\/minhducfurniture.com\/wp-content\/uploads\/2025\/09\/The-back-of-the-actual-chairs-509x400.jpg 509w, https:\/\/minhducfurniture.com\/wp-content\/uploads\/2025\/09\/The-back-of-the-actual-chairs-768x604.jpg 768w, https:\/\/minhducfurniture.com\/wp-content\/uploads\/2025\/09\/The-back-of-the-actual-chairs-510x401.jpg 510w\" sizes=\"(max-width: 850px) 100vw, 850px\" \/><figcaption id=\"caption-attachment-53669\" class=\"wp-caption-text\">Le dossier des chaises actuelles<\/figcaption><\/figure>\n<h4>Informations sur le contact<\/h4>\n<ul>\n<li><a href=\"https:\/\/minhducfurniture.com\/fr\/\">Minh Duc Public Furniture Co.<\/a><\/li>\n<li>Adresse : Villa H02-L11 An Phu, Duong Noi, Ha Dong, Hanoi, Vietnam<\/li>\n<li>Phone\/WhatsApp\/Zalo : +84 908 314 939<\/li>\n<\/ul>\n<h4>Plus de nos collections<\/h4>\n<ul>\n<li><span style=\"color: #008080;\"><a style=\"color: #008080;\" href=\"https:\/\/minhducfurniture.com\/fr\/product\/petit-fauteuil-rembourre-structure-en-metal-chaise-de-salon-moderne\/\">Petit fauteuil rembourr\u00e9 structure en m\u00e9tal chaise de salon moderne<\/a><\/span><\/li>\n<li><span style=\"color: #008080;\"><a style=\"color: #008080;\" href=\"https:\/\/minhducfurniture.com\/fr\/product\/bancs-dexterieur-a-vendre-banc-en-metal-et-en-bois\/\">Bancs d&rsquo;ext\u00e9rieur \u00e0 vendre banc en m\u00e9tal et en bois<\/a><\/span><\/li>\n<\/ul>\n<div class=\"social-icons share-icons share-row relative\" ><a href=\"whatsapp:\/\/send?text=Chaise%20en%20m%C3%A9tal%20avec%20coussin%20Chaise%20de%20salle%20%C3%A0%20manger%20moderne%20rembourr%C3%A9e - https:\/\/minhducfurniture.com\/fr\/product\/chaise-en-metal-avec-coussin-chaise-de-salle-a-manger-moderne-rembourree\/\" data-action=\"share\/whatsapp\/share\" class=\"icon primary button round tooltip whatsapp show-for-medium\" title=\"Partager sur WhatsApp\" aria-label=\"Partager sur WhatsApp\"><i class=\"icon-whatsapp\" aria-hidden=\"true\"><\/i><\/a><a href=\"https:\/\/www.facebook.com\/sharer.php?u=https:\/\/minhducfurniture.com\/fr\/product\/chaise-en-metal-avec-coussin-chaise-de-salle-a-manger-moderne-rembourree\/\" data-label=\"Facebook\" onclick=\"window.open(this.href,this.title,'width=500,height=500,top=300px,left=300px'); return false;\" target=\"_blank\" class=\"icon primary button round tooltip facebook\" title=\"Partager sur Facebook\" aria-label=\"Partager sur Facebook\" rel=\"noopener nofollow\"><i class=\"icon-facebook\" aria-hidden=\"true\"><\/i><\/a><a href=\"https:\/\/twitter.com\/share?url=https:\/\/minhducfurniture.com\/fr\/product\/chaise-en-metal-avec-coussin-chaise-de-salle-a-manger-moderne-rembourree\/\" onclick=\"window.open(this.href,this.title,'width=500,height=500,top=300px,left=300px'); return false;\" target=\"_blank\" class=\"icon primary button round tooltip twitter\" title=\"Partager sur Twitter\" aria-label=\"Partager sur Twitter\" rel=\"noopener nofollow\"><i class=\"icon-twitter\" aria-hidden=\"true\"><\/i><\/a><a href=\"mailto:?subject=Chaise%20en%20m%C3%A9tal%20avec%20coussin%20Chaise%20de%20salle%20%C3%A0%20manger%20moderne%20rembourr%C3%A9e&body=Regarde%20%C3%A7a%3A%20https%3A%2F%2Fminhducfurniture.com%2Ffr%2Fproduct%2Fchaise-en-metal-avec-coussin-chaise-de-salle-a-manger-moderne-rembourree%2F\" class=\"icon primary button round tooltip email\" title=\"Envoyer par mail\" aria-label=\"Envoyer par mail\" rel=\"nofollow\"><i class=\"icon-envelop\" aria-hidden=\"true\"><\/i><\/a><a href=\"https:\/\/pinterest.com\/pin\/create\/button?url=https:\/\/minhducfurniture.com\/fr\/product\/chaise-en-metal-avec-coussin-chaise-de-salle-a-manger-moderne-rembourree\/&media=https:\/\/minhducfurniture.com\/wp-content\/uploads\/2025\/09\/Metal-frame-chair-with-cushion.jpg&description=Chaise%20en%20m%C3%A9tal%20avec%20coussin%20Chaise%20de%20salle%20%C3%A0%20manger%20moderne%20rembourr%C3%A9e\" onclick=\"window.open(this.href,this.title,'width=500,height=500,top=300px,left=300px'); return false;\" target=\"_blank\" class=\"icon primary button round tooltip pinterest\" title=\"Epingler sur Pinterest\" aria-label=\"Epingler sur Pinterest\" rel=\"noopener nofollow\"><i class=\"icon-pinterest\" aria-hidden=\"true\"><\/i><\/a><a href=\"https:\/\/www.linkedin.com\/shareArticle?mini=true&url=https:\/\/minhducfurniture.com\/fr\/product\/chaise-en-metal-avec-coussin-chaise-de-salle-a-manger-moderne-rembourree\/&title=Chaise%20en%20m%C3%A9tal%20avec%20coussin%20Chaise%20de%20salle%20%C3%A0%20manger%20moderne%20rembourr%C3%A9e\" onclick=\"window.open(this.href,this.title,'width=500,height=500,top=300px,left=300px'); return false;\" target=\"_blank\" class=\"icon primary button round tooltip linkedin\" title=\"Partager sur LinkedIn\" aria-label=\"Partager sur LinkedIn\" rel=\"noopener nofollow\"><i class=\"icon-linkedin\" aria-hidden=\"true\"><\/i><\/a><\/div>\n<\/div>\n","protected":false},"excerpt":{"rendered":"<ul>\n<li>Code produit : MDE-021IU<\/li>\n<li>Taille de la chaise : L510mm x SH450mm x H820mm<\/li>\n<li>Cadre en acier avec rev\u00eatement en poudre.<\/li>\n<li>Poids de chargement : 150kg\/ 330lbs<\/li>\n<li>Origine du produit : Vietnam<\/li>\n<li>Hotline\/ WhatsApp:+84908314939<\/li>\n<\/ul>\n","protected":false},"featured_media":53649,"comment_status":"open","ping_status":"closed","template":"","meta":[],"product_brand":[],"product_cat":[13015],"product_tag":[13035],"class_list":{"0":"post-53684","1":"product","2":"type-product","3":"status-publish","4":"has-post-thumbnail","6":"product_cat-fauteuils-lounge","7":"product_tag-chaise-a-structure-metallique","9":"first","10":"instock","11":"shipping-taxable","12":"product-type-simple"},"yoast_head":"<!-- This site is optimized with the Yoast SEO plugin v27.0 - https:\/\/yoast.com\/product\/yoast-seo-wordpress\/ -->\n<title>Chaise en m\u00e9tal avec coussin Chaise de salle \u00e0 manger moderne rembourr\u00e9e - Minh Duc Furniture<\/title>\n<meta name=\"description\" content=\"Cette chaise \u00e0 structure m\u00e9tallique avec coussin allie l&#039;\u00e9l\u00e9gance minimaliste \u00e0 un design vibrant. Le coussin d&#039;assise et le dossier sont recouverts de vinyle ou de tissu.\" \/>\n<meta name=\"robots\" content=\"index, follow, max-snippet:-1, max-image-preview:large, max-video-preview:-1\" \/>\n<link rel=\"canonical\" href=\"https:\/\/minhducfurniture.com\/fr\/product\/chaise-en-metal-avec-coussin-chaise-de-salle-a-manger-moderne-rembourree\/\" \/>\n<meta property=\"og:locale\" content=\"fr_FR\" \/>\n<meta property=\"og:type\" content=\"article\" \/>\n<meta property=\"og:title\" content=\"Chaise en m\u00e9tal avec coussin Chaise de salle \u00e0 manger moderne rembourr\u00e9e - Minh Duc Furniture\" \/>\n<meta property=\"og:description\" content=\"Cette chaise \u00e0 structure m\u00e9tallique avec coussin allie l&#039;\u00e9l\u00e9gance minimaliste \u00e0 un design vibrant. Le coussin d&#039;assise et le dossier sont recouverts de vinyle ou de tissu.\" \/>\n<meta property=\"og:url\" content=\"https:\/\/minhducfurniture.com\/fr\/product\/chaise-en-metal-avec-coussin-chaise-de-salle-a-manger-moderne-rembourree\/\" \/>\n<meta property=\"og:site_name\" content=\"Minh Duc Furniture\" \/>\n<meta property=\"article:modified_time\" content=\"2025-09-22T17:59:24+00:00\" \/>\n<meta property=\"og:image\" content=\"https:\/\/minhducfurniture.com\/wp-content\/uploads\/2025\/09\/Metal-frame-chair-with-cushion.jpg\" \/>\n\t<meta property=\"og:image:width\" content=\"750\" \/>\n\t<meta property=\"og:image:height\" content=\"750\" \/>\n\t<meta property=\"og:image:type\" content=\"image\/jpeg\" \/>\n<meta name=\"twitter:card\" content=\"summary_large_image\" \/>\n<meta name=\"twitter:label1\" content=\"Dur\u00e9e de lecture estim\u00e9e\" \/>\n\t<meta name=\"twitter:data1\" content=\"2 minutes\" \/>\n<script type=\"application\/ld+json\" class=\"yoast-schema-graph\">{\"@context\":\"https:\/\/schema.org\",\"@graph\":[{\"@type\":\"WebPage\",\"@id\":\"https:\/\/minhducfurniture.com\/fr\/product\/chaise-en-metal-avec-coussin-chaise-de-salle-a-manger-moderne-rembourree\/\",\"url\":\"https:\/\/minhducfurniture.com\/fr\/product\/chaise-en-metal-avec-coussin-chaise-de-salle-a-manger-moderne-rembourree\/\",\"name\":\"Chaise en m\u00e9tal avec coussin Chaise de salle \u00e0 manger moderne rembourr\u00e9e - Minh Duc Furniture\",\"isPartOf\":{\"@id\":\"https:\/\/minhducfurniture.com\/fr\/#website\"},\"primaryImageOfPage\":{\"@id\":\"https:\/\/minhducfurniture.com\/fr\/product\/chaise-en-metal-avec-coussin-chaise-de-salle-a-manger-moderne-rembourree\/#primaryimage\"},\"image\":{\"@id\":\"https:\/\/minhducfurniture.com\/fr\/product\/chaise-en-metal-avec-coussin-chaise-de-salle-a-manger-moderne-rembourree\/#primaryimage\"},\"thumbnailUrl\":\"https:\/\/minhducfurniture.com\/wp-content\/uploads\/2025\/09\/Metal-frame-chair-with-cushion.jpg\",\"datePublished\":\"2025-09-22T17:54:47+00:00\",\"dateModified\":\"2025-09-22T17:59:24+00:00\",\"description\":\"Cette chaise \u00e0 structure m\u00e9tallique avec coussin allie l'\u00e9l\u00e9gance minimaliste \u00e0 un design vibrant. Le coussin d'assise et le dossier sont recouverts de vinyle ou de tissu.\",\"breadcrumb\":{\"@id\":\"https:\/\/minhducfurniture.com\/fr\/product\/chaise-en-metal-avec-coussin-chaise-de-salle-a-manger-moderne-rembourree\/#breadcrumb\"},\"inLanguage\":\"fr-FR\",\"potentialAction\":[{\"@type\":\"ReadAction\",\"target\":[\"https:\/\/minhducfurniture.com\/fr\/product\/chaise-en-metal-avec-coussin-chaise-de-salle-a-manger-moderne-rembourree\/\"]}]},{\"@type\":\"ImageObject\",\"inLanguage\":\"fr-FR\",\"@id\":\"https:\/\/minhducfurniture.com\/fr\/product\/chaise-en-metal-avec-coussin-chaise-de-salle-a-manger-moderne-rembourree\/#primaryimage\",\"url\":\"https:\/\/minhducfurniture.com\/wp-content\/uploads\/2025\/09\/Metal-frame-chair-with-cushion.jpg\",\"contentUrl\":\"https:\/\/minhducfurniture.com\/wp-content\/uploads\/2025\/09\/Metal-frame-chair-with-cushion.jpg\",\"width\":750,\"height\":750,\"caption\":\"Metal frame chair with cushion\"},{\"@type\":\"BreadcrumbList\",\"@id\":\"https:\/\/minhducfurniture.com\/fr\/product\/chaise-en-metal-avec-coussin-chaise-de-salle-a-manger-moderne-rembourree\/#breadcrumb\",\"itemListElement\":[{\"@type\":\"ListItem\",\"position\":1,\"name\":\"Home\",\"item\":\"https:\/\/minhducfurniture.com\/fr\/\"},{\"@type\":\"ListItem\",\"position\":2,\"name\":\"Shop\",\"item\":\"https:\/\/minhducfurniture.com\/shop\/\"},{\"@type\":\"ListItem\",\"position\":3,\"name\":\"Chaise en m\u00e9tal avec coussin Chaise de salle \u00e0 manger moderne rembourr\u00e9e\"}]},{\"@type\":\"WebSite\",\"@id\":\"https:\/\/minhducfurniture.com\/fr\/#website\",\"url\":\"https:\/\/minhducfurniture.com\/fr\/\",\"name\":\"Minh Duc Furniture\",\"description\":\"Vietnam Furniture Supplier\",\"publisher\":{\"@id\":\"https:\/\/minhducfurniture.com\/fr\/#organization\"},\"alternateName\":\"Vietnam Online Shop\",\"potentialAction\":[{\"@type\":\"SearchAction\",\"target\":{\"@type\":\"EntryPoint\",\"urlTemplate\":\"https:\/\/minhducfurniture.com\/fr\/?s={search_term_string}\"},\"query-input\":{\"@type\":\"PropertyValueSpecification\",\"valueRequired\":true,\"valueName\":\"search_term_string\"}}],\"inLanguage\":\"fr-FR\"},{\"@type\":\"Organization\",\"@id\":\"https:\/\/minhducfurniture.com\/fr\/#organization\",\"name\":\"Minh Duc Furniture\",\"alternateName\":\"Vietnam Furniture Export\",\"url\":\"https:\/\/minhducfurniture.com\/fr\/\",\"logo\":{\"@type\":\"ImageObject\",\"inLanguage\":\"fr-FR\",\"@id\":\"https:\/\/minhducfurniture.com\/fr\/#\/schema\/logo\/image\/\",\"url\":\"\",\"contentUrl\":\"\",\"caption\":\"Minh Duc Furniture\"},\"image\":{\"@id\":\"https:\/\/minhducfurniture.com\/fr\/#\/schema\/logo\/image\/\"},\"sameAs\":[\"https:\/\/www.pinterest.com\/hienthaoshop\/pins\/\"]}]}<\/script>\n<!-- \/ Yoast SEO plugin. -->","yoast_head_json":{"title":"Chaise en m\u00e9tal avec coussin Chaise de salle \u00e0 manger moderne rembourr\u00e9e - Minh Duc Furniture","description":"Cette chaise \u00e0 structure m\u00e9tallique avec coussin allie l'\u00e9l\u00e9gance minimaliste \u00e0 un design vibrant. Le coussin d'assise et le dossier sont recouverts de vinyle ou de tissu.","robots":{"index":"index","follow":"follow","max-snippet":"max-snippet:-1","max-image-preview":"max-image-preview:large","max-video-preview":"max-video-preview:-1"},"canonical":"https:\/\/minhducfurniture.com\/fr\/product\/chaise-en-metal-avec-coussin-chaise-de-salle-a-manger-moderne-rembourree\/","og_locale":"fr_FR","og_type":"article","og_title":"Chaise en m\u00e9tal avec coussin Chaise de salle \u00e0 manger moderne rembourr\u00e9e - Minh Duc Furniture","og_description":"Cette chaise \u00e0 structure m\u00e9tallique avec coussin allie l'\u00e9l\u00e9gance minimaliste \u00e0 un design vibrant. Le coussin d'assise et le dossier sont recouverts de vinyle ou de tissu.","og_url":"https:\/\/minhducfurniture.com\/fr\/product\/chaise-en-metal-avec-coussin-chaise-de-salle-a-manger-moderne-rembourree\/","og_site_name":"Minh Duc Furniture","article_modified_time":"2025-09-22T17:59:24+00:00","og_image":[{"width":750,"height":750,"url":"https:\/\/minhducfurniture.com\/wp-content\/uploads\/2025\/09\/Metal-frame-chair-with-cushion.jpg","type":"image\/jpeg"}],"twitter_card":"summary_large_image","twitter_misc":{"Dur\u00e9e de lecture estim\u00e9e":"2 minutes"},"schema":{"@context":"https:\/\/schema.org","@graph":[{"@type":"WebPage","@id":"https:\/\/minhducfurniture.com\/fr\/product\/chaise-en-metal-avec-coussin-chaise-de-salle-a-manger-moderne-rembourree\/","url":"https:\/\/minhducfurniture.com\/fr\/product\/chaise-en-metal-avec-coussin-chaise-de-salle-a-manger-moderne-rembourree\/","name":"Chaise en m\u00e9tal avec coussin Chaise de salle \u00e0 manger moderne rembourr\u00e9e - Minh Duc Furniture","isPartOf":{"@id":"https:\/\/minhducfurniture.com\/fr\/#website"},"primaryImageOfPage":{"@id":"https:\/\/minhducfurniture.com\/fr\/product\/chaise-en-metal-avec-coussin-chaise-de-salle-a-manger-moderne-rembourree\/#primaryimage"},"image":{"@id":"https:\/\/minhducfurniture.com\/fr\/product\/chaise-en-metal-avec-coussin-chaise-de-salle-a-manger-moderne-rembourree\/#primaryimage"},"thumbnailUrl":"https:\/\/minhducfurniture.com\/wp-content\/uploads\/2025\/09\/Metal-frame-chair-with-cushion.jpg","datePublished":"2025-09-22T17:54:47+00:00","dateModified":"2025-09-22T17:59:24+00:00","description":"Cette chaise \u00e0 structure m\u00e9tallique avec coussin allie l'\u00e9l\u00e9gance minimaliste \u00e0 un design vibrant. Le coussin d'assise et le dossier sont recouverts de vinyle ou de tissu.","breadcrumb":{"@id":"https:\/\/minhducfurniture.com\/fr\/product\/chaise-en-metal-avec-coussin-chaise-de-salle-a-manger-moderne-rembourree\/#breadcrumb"},"inLanguage":"fr-FR","potentialAction":[{"@type":"ReadAction","target":["https:\/\/minhducfurniture.com\/fr\/product\/chaise-en-metal-avec-coussin-chaise-de-salle-a-manger-moderne-rembourree\/"]}]},{"@type":"ImageObject","inLanguage":"fr-FR","@id":"https:\/\/minhducfurniture.com\/fr\/product\/chaise-en-metal-avec-coussin-chaise-de-salle-a-manger-moderne-rembourree\/#primaryimage","url":"https:\/\/minhducfurniture.com\/wp-content\/uploads\/2025\/09\/Metal-frame-chair-with-cushion.jpg","contentUrl":"https:\/\/minhducfurniture.com\/wp-content\/uploads\/2025\/09\/Metal-frame-chair-with-cushion.jpg","width":750,"height":750,"caption":"Metal frame chair with cushion"},{"@type":"BreadcrumbList","@id":"https:\/\/minhducfurniture.com\/fr\/product\/chaise-en-metal-avec-coussin-chaise-de-salle-a-manger-moderne-rembourree\/#breadcrumb","itemListElement":[{"@type":"ListItem","position":1,"name":"Home","item":"https:\/\/minhducfurniture.com\/fr\/"},{"@type":"ListItem","position":2,"name":"Shop","item":"https:\/\/minhducfurniture.com\/shop\/"},{"@type":"ListItem","position":3,"name":"Chaise en m\u00e9tal avec coussin Chaise de salle \u00e0 manger moderne rembourr\u00e9e"}]},{"@type":"WebSite","@id":"https:\/\/minhducfurniture.com\/fr\/#website","url":"https:\/\/minhducfurniture.com\/fr\/","name":"Minh Duc Furniture","description":"Vietnam Furniture Supplier","publisher":{"@id":"https:\/\/minhducfurniture.com\/fr\/#organization"},"alternateName":"Vietnam Online Shop","potentialAction":[{"@type":"SearchAction","target":{"@type":"EntryPoint","urlTemplate":"https:\/\/minhducfurniture.com\/fr\/?s={search_term_string}"},"query-input":{"@type":"PropertyValueSpecification","valueRequired":true,"valueName":"search_term_string"}}],"inLanguage":"fr-FR"},{"@type":"Organization","@id":"https:\/\/minhducfurniture.com\/fr\/#organization","name":"Minh Duc Furniture","alternateName":"Vietnam Furniture Export","url":"https:\/\/minhducfurniture.com\/fr\/","logo":{"@type":"ImageObject","inLanguage":"fr-FR","@id":"https:\/\/minhducfurniture.com\/fr\/#\/schema\/logo\/image\/","url":"","contentUrl":"","caption":"Minh Duc Furniture"},"image":{"@id":"https:\/\/minhducfurniture.com\/fr\/#\/schema\/logo\/image\/"},"sameAs":["https:\/\/www.pinterest.com\/hienthaoshop\/pins\/"]}]}},"_links":{"self":[{"href":"https:\/\/minhducfurniture.com\/fr\/wp-json\/wp\/v2\/product\/53684","targetHints":{"allow":["GET"]}}],"collection":[{"href":"https:\/\/minhducfurniture.com\/fr\/wp-json\/wp\/v2\/product"}],"about":[{"href":"https:\/\/minhducfurniture.com\/fr\/wp-json\/wp\/v2\/types\/product"}],"replies":[{"embeddable":true,"href":"https:\/\/minhducfurniture.com\/fr\/wp-json\/wp\/v2\/comments?post=53684"}],"wp:featuredmedia":[{"embeddable":true,"href":"https:\/\/minhducfurniture.com\/fr\/wp-json\/wp\/v2\/media\/53649"}],"wp:attachment":[{"href":"https:\/\/minhducfurniture.com\/fr\/wp-json\/wp\/v2\/media?parent=53684"}],"wp:term":[{"taxonomy":"product_brand","embeddable":true,"href":"https:\/\/minhducfurniture.com\/fr\/wp-json\/wp\/v2\/product_brand?post=53684"},{"taxonomy":"product_cat","embeddable":true,"href":"https:\/\/minhducfurniture.com\/fr\/wp-json\/wp\/v2\/product_cat?post=53684"},{"taxonomy":"product_tag","embeddable":true,"href":"https:\/\/minhducfurniture.com\/fr\/wp-json\/wp\/v2\/product_tag?post=53684"}],"curies":[{"name":"wp","href":"https:\/\/api.w.org\/{rel}","templated":true}]}}