{"id":53516,"date":"2025-09-20T14:20:38","date_gmt":"2025-09-20T07:20:38","guid":{"rendered":"https:\/\/minhducfurniture.com\/product\/petit-fauteuil-rembourre-structure-en-metal-chaise-de-salon-moderne\/"},"modified":"2025-09-21T15:30:23","modified_gmt":"2025-09-21T08:30:23","slug":"petit-fauteuil-rembourre-structure-en-metal-chaise-de-salon-moderne","status":"publish","type":"product","link":"https:\/\/minhducfurniture.com\/fr\/product\/petit-fauteuil-rembourre-structure-en-metal-chaise-de-salon-moderne\/","title":{"rendered":"Petit fauteuil rembourr\u00e9 structure en m\u00e9tal chaise de salon moderne"},"content":{"rendered":"<h2><span style=\"font-size: 95%;\">Petit fauteuil rembourr\u00e9 con\u00e7u pour un confort minimaliste<\/span><\/h2>\n<p data-start=\"110\" data-end=\"482\">Ce<strong> petit fauteuil rembourr\u00e9<\/strong> associe des lignes \u00e9pur\u00e9es \u00e0 un design audacieux, ce qui en fait une pi\u00e8ce de choix pour tout espace de vie. Dot\u00e9e d&rsquo;un cadre en m\u00e9tal tubulaire rev\u00eatu de poudre et de coussins rembourr\u00e9s, la chaise offre \u00e0 la fois durabilit\u00e9 et confort. Le dossier cylindrique et l&rsquo;assise large sont con\u00e7us pour la d\u00e9tente, tandis que la silhouette minimaliste ajoute une touche d&rsquo;\u00e9l\u00e9gance contemporaine.  <\/p>\n<p data-start=\"484\" data-end=\"669\">Parfaite pour les salons, les coins lecture ou les bureaux \u00e9l\u00e9gants, cette chaise allie fonctionnalit\u00e9 et esth\u00e9tique moderne, cr\u00e9ant ainsi une solution d&rsquo;assise confortable et attrayante.<\/p>\n<figure id=\"attachment_53504\" aria-describedby=\"caption-attachment-53504\" style=\"width: 850px\" class=\"wp-caption aligncenter\"><img decoding=\"async\" class=\"size-full wp-image-53503\" src=\"https:\/\/minhducfurniture.com\/wp-content\/uploads\/2025\/09\/Small-upholstered-armchair-with-black-metal-frame.jpg\" alt=\"Petit fauteuil rembourr\u00e9 avec structure en m\u00e9tal noir\" width=\"850\" height=\"567\" srcset=\"https:\/\/minhducfurniture.com\/wp-content\/uploads\/2025\/09\/Small-upholstered-armchair-with-black-metal-frame.jpg 850w, https:\/\/minhducfurniture.com\/wp-content\/uploads\/2025\/09\/Small-upholstered-armchair-with-black-metal-frame-510x340.jpg 510w, https:\/\/minhducfurniture.com\/wp-content\/uploads\/2025\/09\/Small-upholstered-armchair-with-black-metal-frame-600x400.jpg 600w, https:\/\/minhducfurniture.com\/wp-content\/uploads\/2025\/09\/Small-upholstered-armchair-with-black-metal-frame-768x512.jpg 768w\" sizes=\"(max-width: 850px) 100vw, 850px\" \/><figcaption id=\"caption-attachment-53504\" class=\"wp-caption-text\">Petit fauteuil rembourr\u00e9 avec structure en m\u00e9tal noir<\/figcaption><\/figure>\n<h3>Description du produit<\/h3>\n<ul>\n<li>Code produit : MDE-020IU<\/li>\n<li>Taille de la chaise : L660mm x SH420mm x H800mm<\/li>\n<li>Cadre en acier avec rev\u00eatement en poudre.<\/li>\n<li>Coussins et appuie-t\u00eate recouverts de tissu ou de cuir PU, vinyle, couleur selon les exigences du client.<\/li>\n<li>Poids de chargement : 150kg\/ 330lbs<\/li>\n<li>Origine du produit : Vietnam<\/li>\n<\/ul>\n<figure id=\"attachment_53509\" aria-describedby=\"caption-attachment-53509\" style=\"width: 850px\" class=\"wp-caption aligncenter\"><img decoding=\"async\" class=\"size-full wp-image-53508\" src=\"https:\/\/minhducfurniture.com\/wp-content\/uploads\/2025\/09\/Compact-upholstered-armchair-in-a-living-room.jpg\" alt=\"Fauteuil compact rembourr\u00e9 dans un salon\" width=\"850\" height=\"567\" srcset=\"https:\/\/minhducfurniture.com\/wp-content\/uploads\/2025\/09\/Compact-upholstered-armchair-in-a-living-room.jpg 850w, https:\/\/minhducfurniture.com\/wp-content\/uploads\/2025\/09\/Compact-upholstered-armchair-in-a-living-room-510x340.jpg 510w, https:\/\/minhducfurniture.com\/wp-content\/uploads\/2025\/09\/Compact-upholstered-armchair-in-a-living-room-600x400.jpg 600w, https:\/\/minhducfurniture.com\/wp-content\/uploads\/2025\/09\/Compact-upholstered-armchair-in-a-living-room-768x512.jpg 768w\" sizes=\"(max-width: 850px) 100vw, 850px\" \/><figcaption id=\"caption-attachment-53509\" class=\"wp-caption-text\">Fauteuil compact rembourr\u00e9 dans un salon<\/figcaption><\/figure>\n<h4>Informations sur les commandes<\/h4>\n<ul>\n<li>Quantit\u00e9 minimale de commande (MOQ) : 50 pi\u00e8ces<\/li>\n<li>D\u00e9lai de livraison : 30-35 jours apr\u00e8s le d\u00e9p\u00f4t<\/li>\n<li>D\u00e9lai de livraison : FOB Hai Phong, Vietnam<\/li>\n<li>Modalit\u00e9s de paiement : T\/T 30% de d\u00e9p\u00f4t, 70% de solde avant l&rsquo;exp\u00e9dition<\/li>\n<\/ul>\n<figure id=\"attachment_53552\" aria-describedby=\"caption-attachment-53552\" style=\"width: 850px\" class=\"wp-caption aligncenter\"><img decoding=\"async\" class=\"size-full wp-image-53551\" src=\"https:\/\/minhducfurniture.com\/wp-content\/uploads\/2025\/09\/A-white-chair-with-black-frame-in-a-room.jpg\" alt=\"Une chaise blanche avec un cadre noir dans une pi\u00e8ce\" width=\"850\" height=\"567\" srcset=\"https:\/\/minhducfurniture.com\/wp-content\/uploads\/2025\/09\/A-white-chair-with-black-frame-in-a-room.jpg 850w, https:\/\/minhducfurniture.com\/wp-content\/uploads\/2025\/09\/A-white-chair-with-black-frame-in-a-room-600x400.jpg 600w, https:\/\/minhducfurniture.com\/wp-content\/uploads\/2025\/09\/A-white-chair-with-black-frame-in-a-room-768x512.jpg 768w, https:\/\/minhducfurniture.com\/wp-content\/uploads\/2025\/09\/A-white-chair-with-black-frame-in-a-room-510x340.jpg 510w\" sizes=\"(max-width: 850px) 100vw, 850px\" \/><figcaption id=\"caption-attachment-53552\" class=\"wp-caption-text\">Une chaise blanche avec un cadre noir dans une pi\u00e8ce<\/figcaption><\/figure>\n<h4>Informations sur le contact<\/h4>\n<ul>\n<li><a href=\"https:\/\/minhducfurniture.com\/fr\/\">Minh Duc Public Furniture Co.<\/a><\/li>\n<li>Adresse : Villa H02-L11 An Phu, Duong Noi, Ha Dong, Hanoi, Vietnam<\/li>\n<li>Phone\/WhatsApp\/Zalo : +84 908 314 939<\/li>\n<\/ul>\n<h4>Plus de nos collections<\/h4>\n<ul>\n<li><span style=\"color: #008080;\"><a style=\"color: #008080;\" href=\"https:\/\/minhducfurniture.com\/fr\/product\/bancs-dexterieur-a-vendre-banc-en-metal-et-en-bois\/\">Bancs d&rsquo;ext\u00e9rieur \u00e0 vendre banc en m\u00e9tal et en bois<\/a><\/span><\/li>\n<\/ul>\n\t<div id=\"gap-1526968464\" class=\"gap-element clearfix\" style=\"display:block; height:auto;\">\n\t\t\n<style>\n#gap-1526968464 {\n  padding-top: 20px;\n}\n<\/style>\n\t<\/div>\n\t\n<div class=\"social-icons share-icons share-row relative\" ><a href=\"whatsapp:\/\/send?text=Petit%20fauteuil%20rembourr%C3%A9%20structure%20en%20m%C3%A9tal%20chaise%20de%20salon%20moderne - https:\/\/minhducfurniture.com\/fr\/product\/petit-fauteuil-rembourre-structure-en-metal-chaise-de-salon-moderne\/\" data-action=\"share\/whatsapp\/share\" class=\"icon primary button round tooltip whatsapp show-for-medium\" title=\"Partager sur WhatsApp\" aria-label=\"Partager sur WhatsApp\"><i class=\"icon-whatsapp\" aria-hidden=\"true\"><\/i><\/a><a href=\"https:\/\/www.facebook.com\/sharer.php?u=https:\/\/minhducfurniture.com\/fr\/product\/petit-fauteuil-rembourre-structure-en-metal-chaise-de-salon-moderne\/\" data-label=\"Facebook\" onclick=\"window.open(this.href,this.title,'width=500,height=500,top=300px,left=300px'); return false;\" target=\"_blank\" class=\"icon primary button round tooltip facebook\" title=\"Partager sur Facebook\" aria-label=\"Partager sur Facebook\" rel=\"noopener nofollow\"><i class=\"icon-facebook\" aria-hidden=\"true\"><\/i><\/a><a href=\"https:\/\/twitter.com\/share?url=https:\/\/minhducfurniture.com\/fr\/product\/petit-fauteuil-rembourre-structure-en-metal-chaise-de-salon-moderne\/\" onclick=\"window.open(this.href,this.title,'width=500,height=500,top=300px,left=300px'); return false;\" target=\"_blank\" class=\"icon primary button round tooltip twitter\" title=\"Partager sur Twitter\" aria-label=\"Partager sur Twitter\" rel=\"noopener nofollow\"><i class=\"icon-twitter\" aria-hidden=\"true\"><\/i><\/a><a href=\"mailto:?subject=Petit%20fauteuil%20rembourr%C3%A9%20structure%20en%20m%C3%A9tal%20chaise%20de%20salon%20moderne&body=Regarde%20%C3%A7a%3A%20https%3A%2F%2Fminhducfurniture.com%2Ffr%2Fproduct%2Fpetit-fauteuil-rembourre-structure-en-metal-chaise-de-salon-moderne%2F\" class=\"icon primary button round tooltip email\" title=\"Envoyer par mail\" aria-label=\"Envoyer par mail\" rel=\"nofollow\"><i class=\"icon-envelop\" aria-hidden=\"true\"><\/i><\/a><a href=\"https:\/\/pinterest.com\/pin\/create\/button?url=https:\/\/minhducfurniture.com\/fr\/product\/petit-fauteuil-rembourre-structure-en-metal-chaise-de-salon-moderne\/&media=https:\/\/minhducfurniture.com\/wp-content\/uploads\/2025\/09\/small-upholstered-armchair.jpg&description=Petit%20fauteuil%20rembourr%C3%A9%20structure%20en%20m%C3%A9tal%20chaise%20de%20salon%20moderne\" onclick=\"window.open(this.href,this.title,'width=500,height=500,top=300px,left=300px'); return false;\" target=\"_blank\" class=\"icon primary button round tooltip pinterest\" title=\"Epingler sur Pinterest\" aria-label=\"Epingler sur Pinterest\" rel=\"noopener nofollow\"><i class=\"icon-pinterest\" aria-hidden=\"true\"><\/i><\/a><a href=\"https:\/\/www.linkedin.com\/shareArticle?mini=true&url=https:\/\/minhducfurniture.com\/fr\/product\/petit-fauteuil-rembourre-structure-en-metal-chaise-de-salon-moderne\/&title=Petit%20fauteuil%20rembourr%C3%A9%20structure%20en%20m%C3%A9tal%20chaise%20de%20salon%20moderne\" onclick=\"window.open(this.href,this.title,'width=500,height=500,top=300px,left=300px'); return false;\" target=\"_blank\" class=\"icon primary button round tooltip linkedin\" title=\"Partager sur LinkedIn\" aria-label=\"Partager sur LinkedIn\" rel=\"noopener nofollow\"><i class=\"icon-linkedin\" aria-hidden=\"true\"><\/i><\/a><\/div>\n","protected":false},"excerpt":{"rendered":"<ul>\n<li>Code produit : MDE-020IU<\/li>\n<li>Taille de la chaise : L660mm x SH420mm x H800mm<\/li>\n<li>Cadre en acier avec rev\u00eatement en poudre.<\/li>\n<li>Poids de chargement : 150kg\/ 330lbs<\/li>\n<li>Origine du produit : Vietnam<\/li>\n<li>Hotline\/ WhatsApp:+84908314939<\/li>\n<\/ul>\n","protected":false},"featured_media":53499,"comment_status":"open","ping_status":"closed","template":"","meta":[],"product_brand":[],"product_cat":[13015],"product_tag":[13020],"class_list":{"0":"post-53516","1":"product","2":"type-product","3":"status-publish","4":"has-post-thumbnail","6":"product_cat-fauteuils-lounge","7":"product_tag-fauteuil","9":"first","10":"instock","11":"shipping-taxable","12":"product-type-simple"},"yoast_head":"<!-- This site is optimized with the Yoast SEO plugin v27.0 - https:\/\/yoast.com\/product\/yoast-seo-wordpress\/ -->\n<title>Petit fauteuil rembourr\u00e9 structure en m\u00e9tal chaise de salon moderne - Minh Duc Furniture<\/title>\n<meta name=\"description\" content=\"Ce petit fauteuil rembourr\u00e9 associe des lignes \u00e9pur\u00e9es \u00e0 un design audacieux, ce qui en fait une pi\u00e8ce de choix pour tout espace de vie. Dot\u00e9 d&#039;un rev\u00eatement tubulaire en poudre\" \/>\n<meta name=\"robots\" content=\"index, follow, max-snippet:-1, max-image-preview:large, max-video-preview:-1\" \/>\n<link rel=\"canonical\" href=\"https:\/\/minhducfurniture.com\/fr\/product\/petit-fauteuil-rembourre-structure-en-metal-chaise-de-salon-moderne\/\" \/>\n<meta property=\"og:locale\" content=\"fr_FR\" \/>\n<meta property=\"og:type\" content=\"article\" \/>\n<meta property=\"og:title\" content=\"Petit fauteuil rembourr\u00e9 structure en m\u00e9tal chaise de salon moderne - Minh Duc Furniture\" \/>\n<meta property=\"og:description\" content=\"Ce petit fauteuil rembourr\u00e9 associe des lignes \u00e9pur\u00e9es \u00e0 un design audacieux, ce qui en fait une pi\u00e8ce de choix pour tout espace de vie. Dot\u00e9 d&#039;un rev\u00eatement tubulaire en poudre\" \/>\n<meta property=\"og:url\" content=\"https:\/\/minhducfurniture.com\/fr\/product\/petit-fauteuil-rembourre-structure-en-metal-chaise-de-salon-moderne\/\" \/>\n<meta property=\"og:site_name\" content=\"Minh Duc Furniture\" \/>\n<meta property=\"article:modified_time\" content=\"2025-09-21T08:30:23+00:00\" \/>\n<meta property=\"og:image\" content=\"https:\/\/minhducfurniture.com\/wp-content\/uploads\/2025\/09\/small-upholstered-armchair.jpg\" \/>\n\t<meta property=\"og:image:width\" content=\"750\" \/>\n\t<meta property=\"og:image:height\" content=\"750\" \/>\n\t<meta property=\"og:image:type\" content=\"image\/jpeg\" \/>\n<meta name=\"twitter:card\" content=\"summary_large_image\" \/>\n<meta name=\"twitter:label1\" content=\"Dur\u00e9e de lecture estim\u00e9e\" \/>\n\t<meta name=\"twitter:data1\" content=\"2 minutes\" \/>\n<script type=\"application\/ld+json\" class=\"yoast-schema-graph\">{\"@context\":\"https:\/\/schema.org\",\"@graph\":[{\"@type\":\"WebPage\",\"@id\":\"https:\/\/minhducfurniture.com\/fr\/product\/petit-fauteuil-rembourre-structure-en-metal-chaise-de-salon-moderne\/\",\"url\":\"https:\/\/minhducfurniture.com\/fr\/product\/petit-fauteuil-rembourre-structure-en-metal-chaise-de-salon-moderne\/\",\"name\":\"Petit fauteuil rembourr\u00e9 structure en m\u00e9tal chaise de salon moderne - Minh Duc Furniture\",\"isPartOf\":{\"@id\":\"https:\/\/minhducfurniture.com\/fr\/#website\"},\"primaryImageOfPage\":{\"@id\":\"https:\/\/minhducfurniture.com\/fr\/product\/petit-fauteuil-rembourre-structure-en-metal-chaise-de-salon-moderne\/#primaryimage\"},\"image\":{\"@id\":\"https:\/\/minhducfurniture.com\/fr\/product\/petit-fauteuil-rembourre-structure-en-metal-chaise-de-salon-moderne\/#primaryimage\"},\"thumbnailUrl\":\"https:\/\/minhducfurniture.com\/wp-content\/uploads\/2025\/09\/small-upholstered-armchair.jpg\",\"datePublished\":\"2025-09-20T07:20:38+00:00\",\"dateModified\":\"2025-09-21T08:30:23+00:00\",\"description\":\"Ce petit fauteuil rembourr\u00e9 associe des lignes \u00e9pur\u00e9es \u00e0 un design audacieux, ce qui en fait une pi\u00e8ce de choix pour tout espace de vie. Dot\u00e9 d'un rev\u00eatement tubulaire en poudre\",\"breadcrumb\":{\"@id\":\"https:\/\/minhducfurniture.com\/fr\/product\/petit-fauteuil-rembourre-structure-en-metal-chaise-de-salon-moderne\/#breadcrumb\"},\"inLanguage\":\"fr-FR\",\"potentialAction\":[{\"@type\":\"ReadAction\",\"target\":[\"https:\/\/minhducfurniture.com\/fr\/product\/petit-fauteuil-rembourre-structure-en-metal-chaise-de-salon-moderne\/\"]}]},{\"@type\":\"ImageObject\",\"inLanguage\":\"fr-FR\",\"@id\":\"https:\/\/minhducfurniture.com\/fr\/product\/petit-fauteuil-rembourre-structure-en-metal-chaise-de-salon-moderne\/#primaryimage\",\"url\":\"https:\/\/minhducfurniture.com\/wp-content\/uploads\/2025\/09\/small-upholstered-armchair.jpg\",\"contentUrl\":\"https:\/\/minhducfurniture.com\/wp-content\/uploads\/2025\/09\/small-upholstered-armchair.jpg\",\"width\":750,\"height\":750,\"caption\":\"small upholstered armchair\"},{\"@type\":\"BreadcrumbList\",\"@id\":\"https:\/\/minhducfurniture.com\/fr\/product\/petit-fauteuil-rembourre-structure-en-metal-chaise-de-salon-moderne\/#breadcrumb\",\"itemListElement\":[{\"@type\":\"ListItem\",\"position\":1,\"name\":\"Home\",\"item\":\"https:\/\/minhducfurniture.com\/fr\/\"},{\"@type\":\"ListItem\",\"position\":2,\"name\":\"Shop\",\"item\":\"https:\/\/minhducfurniture.com\/shop\/\"},{\"@type\":\"ListItem\",\"position\":3,\"name\":\"Petit fauteuil rembourr\u00e9 structure en m\u00e9tal chaise de salon moderne\"}]},{\"@type\":\"WebSite\",\"@id\":\"https:\/\/minhducfurniture.com\/fr\/#website\",\"url\":\"https:\/\/minhducfurniture.com\/fr\/\",\"name\":\"Minh Duc Furniture\",\"description\":\"Vietnam Furniture Supplier\",\"publisher\":{\"@id\":\"https:\/\/minhducfurniture.com\/fr\/#organization\"},\"alternateName\":\"Vietnam Online Shop\",\"potentialAction\":[{\"@type\":\"SearchAction\",\"target\":{\"@type\":\"EntryPoint\",\"urlTemplate\":\"https:\/\/minhducfurniture.com\/fr\/?s={search_term_string}\"},\"query-input\":{\"@type\":\"PropertyValueSpecification\",\"valueRequired\":true,\"valueName\":\"search_term_string\"}}],\"inLanguage\":\"fr-FR\"},{\"@type\":\"Organization\",\"@id\":\"https:\/\/minhducfurniture.com\/fr\/#organization\",\"name\":\"Minh Duc Furniture\",\"alternateName\":\"Vietnam Furniture Export\",\"url\":\"https:\/\/minhducfurniture.com\/fr\/\",\"logo\":{\"@type\":\"ImageObject\",\"inLanguage\":\"fr-FR\",\"@id\":\"https:\/\/minhducfurniture.com\/fr\/#\/schema\/logo\/image\/\",\"url\":\"\",\"contentUrl\":\"\",\"caption\":\"Minh Duc Furniture\"},\"image\":{\"@id\":\"https:\/\/minhducfurniture.com\/fr\/#\/schema\/logo\/image\/\"},\"sameAs\":[\"https:\/\/www.pinterest.com\/hienthaoshop\/pins\/\"]}]}<\/script>\n<!-- \/ Yoast SEO plugin. -->","yoast_head_json":{"title":"Petit fauteuil rembourr\u00e9 structure en m\u00e9tal chaise de salon moderne - Minh Duc Furniture","description":"Ce petit fauteuil rembourr\u00e9 associe des lignes \u00e9pur\u00e9es \u00e0 un design audacieux, ce qui en fait une pi\u00e8ce de choix pour tout espace de vie. Dot\u00e9 d'un rev\u00eatement tubulaire en poudre","robots":{"index":"index","follow":"follow","max-snippet":"max-snippet:-1","max-image-preview":"max-image-preview:large","max-video-preview":"max-video-preview:-1"},"canonical":"https:\/\/minhducfurniture.com\/fr\/product\/petit-fauteuil-rembourre-structure-en-metal-chaise-de-salon-moderne\/","og_locale":"fr_FR","og_type":"article","og_title":"Petit fauteuil rembourr\u00e9 structure en m\u00e9tal chaise de salon moderne - Minh Duc Furniture","og_description":"Ce petit fauteuil rembourr\u00e9 associe des lignes \u00e9pur\u00e9es \u00e0 un design audacieux, ce qui en fait une pi\u00e8ce de choix pour tout espace de vie. Dot\u00e9 d'un rev\u00eatement tubulaire en poudre","og_url":"https:\/\/minhducfurniture.com\/fr\/product\/petit-fauteuil-rembourre-structure-en-metal-chaise-de-salon-moderne\/","og_site_name":"Minh Duc Furniture","article_modified_time":"2025-09-21T08:30:23+00:00","og_image":[{"width":750,"height":750,"url":"https:\/\/minhducfurniture.com\/wp-content\/uploads\/2025\/09\/small-upholstered-armchair.jpg","type":"image\/jpeg"}],"twitter_card":"summary_large_image","twitter_misc":{"Dur\u00e9e de lecture estim\u00e9e":"2 minutes"},"schema":{"@context":"https:\/\/schema.org","@graph":[{"@type":"WebPage","@id":"https:\/\/minhducfurniture.com\/fr\/product\/petit-fauteuil-rembourre-structure-en-metal-chaise-de-salon-moderne\/","url":"https:\/\/minhducfurniture.com\/fr\/product\/petit-fauteuil-rembourre-structure-en-metal-chaise-de-salon-moderne\/","name":"Petit fauteuil rembourr\u00e9 structure en m\u00e9tal chaise de salon moderne - Minh Duc Furniture","isPartOf":{"@id":"https:\/\/minhducfurniture.com\/fr\/#website"},"primaryImageOfPage":{"@id":"https:\/\/minhducfurniture.com\/fr\/product\/petit-fauteuil-rembourre-structure-en-metal-chaise-de-salon-moderne\/#primaryimage"},"image":{"@id":"https:\/\/minhducfurniture.com\/fr\/product\/petit-fauteuil-rembourre-structure-en-metal-chaise-de-salon-moderne\/#primaryimage"},"thumbnailUrl":"https:\/\/minhducfurniture.com\/wp-content\/uploads\/2025\/09\/small-upholstered-armchair.jpg","datePublished":"2025-09-20T07:20:38+00:00","dateModified":"2025-09-21T08:30:23+00:00","description":"Ce petit fauteuil rembourr\u00e9 associe des lignes \u00e9pur\u00e9es \u00e0 un design audacieux, ce qui en fait une pi\u00e8ce de choix pour tout espace de vie. Dot\u00e9 d'un rev\u00eatement tubulaire en poudre","breadcrumb":{"@id":"https:\/\/minhducfurniture.com\/fr\/product\/petit-fauteuil-rembourre-structure-en-metal-chaise-de-salon-moderne\/#breadcrumb"},"inLanguage":"fr-FR","potentialAction":[{"@type":"ReadAction","target":["https:\/\/minhducfurniture.com\/fr\/product\/petit-fauteuil-rembourre-structure-en-metal-chaise-de-salon-moderne\/"]}]},{"@type":"ImageObject","inLanguage":"fr-FR","@id":"https:\/\/minhducfurniture.com\/fr\/product\/petit-fauteuil-rembourre-structure-en-metal-chaise-de-salon-moderne\/#primaryimage","url":"https:\/\/minhducfurniture.com\/wp-content\/uploads\/2025\/09\/small-upholstered-armchair.jpg","contentUrl":"https:\/\/minhducfurniture.com\/wp-content\/uploads\/2025\/09\/small-upholstered-armchair.jpg","width":750,"height":750,"caption":"small upholstered armchair"},{"@type":"BreadcrumbList","@id":"https:\/\/minhducfurniture.com\/fr\/product\/petit-fauteuil-rembourre-structure-en-metal-chaise-de-salon-moderne\/#breadcrumb","itemListElement":[{"@type":"ListItem","position":1,"name":"Home","item":"https:\/\/minhducfurniture.com\/fr\/"},{"@type":"ListItem","position":2,"name":"Shop","item":"https:\/\/minhducfurniture.com\/shop\/"},{"@type":"ListItem","position":3,"name":"Petit fauteuil rembourr\u00e9 structure en m\u00e9tal chaise de salon moderne"}]},{"@type":"WebSite","@id":"https:\/\/minhducfurniture.com\/fr\/#website","url":"https:\/\/minhducfurniture.com\/fr\/","name":"Minh Duc Furniture","description":"Vietnam Furniture Supplier","publisher":{"@id":"https:\/\/minhducfurniture.com\/fr\/#organization"},"alternateName":"Vietnam Online Shop","potentialAction":[{"@type":"SearchAction","target":{"@type":"EntryPoint","urlTemplate":"https:\/\/minhducfurniture.com\/fr\/?s={search_term_string}"},"query-input":{"@type":"PropertyValueSpecification","valueRequired":true,"valueName":"search_term_string"}}],"inLanguage":"fr-FR"},{"@type":"Organization","@id":"https:\/\/minhducfurniture.com\/fr\/#organization","name":"Minh Duc Furniture","alternateName":"Vietnam Furniture Export","url":"https:\/\/minhducfurniture.com\/fr\/","logo":{"@type":"ImageObject","inLanguage":"fr-FR","@id":"https:\/\/minhducfurniture.com\/fr\/#\/schema\/logo\/image\/","url":"","contentUrl":"","caption":"Minh Duc Furniture"},"image":{"@id":"https:\/\/minhducfurniture.com\/fr\/#\/schema\/logo\/image\/"},"sameAs":["https:\/\/www.pinterest.com\/hienthaoshop\/pins\/"]}]}},"_links":{"self":[{"href":"https:\/\/minhducfurniture.com\/fr\/wp-json\/wp\/v2\/product\/53516","targetHints":{"allow":["GET"]}}],"collection":[{"href":"https:\/\/minhducfurniture.com\/fr\/wp-json\/wp\/v2\/product"}],"about":[{"href":"https:\/\/minhducfurniture.com\/fr\/wp-json\/wp\/v2\/types\/product"}],"replies":[{"embeddable":true,"href":"https:\/\/minhducfurniture.com\/fr\/wp-json\/wp\/v2\/comments?post=53516"}],"wp:featuredmedia":[{"embeddable":true,"href":"https:\/\/minhducfurniture.com\/fr\/wp-json\/wp\/v2\/media\/53499"}],"wp:attachment":[{"href":"https:\/\/minhducfurniture.com\/fr\/wp-json\/wp\/v2\/media?parent=53516"}],"wp:term":[{"taxonomy":"product_brand","embeddable":true,"href":"https:\/\/minhducfurniture.com\/fr\/wp-json\/wp\/v2\/product_brand?post=53516"},{"taxonomy":"product_cat","embeddable":true,"href":"https:\/\/minhducfurniture.com\/fr\/wp-json\/wp\/v2\/product_cat?post=53516"},{"taxonomy":"product_tag","embeddable":true,"href":"https:\/\/minhducfurniture.com\/fr\/wp-json\/wp\/v2\/product_tag?post=53516"}],"curies":[{"name":"wp","href":"https:\/\/api.w.org\/{rel}","templated":true}]}}