{"id":53258,"date":"2025-09-14T12:56:46","date_gmt":"2025-09-14T05:56:46","guid":{"rendered":"https:\/\/minhducfurniture.com\/product\/bancs-dexterieur-a-vendre-banc-en-metal-et-en-bois\/"},"modified":"2025-09-20T14:34:30","modified_gmt":"2025-09-20T07:34:30","slug":"bancs-dexterieur-a-vendre-banc-en-metal-et-en-bois","status":"publish","type":"product","link":"https:\/\/minhducfurniture.com\/fr\/product\/bancs-dexterieur-a-vendre-banc-en-metal-et-en-bois\/","title":{"rendered":"Bancs d&rsquo;ext\u00e9rieur \u00e0 vendre banc en m\u00e9tal et en bois"},"content":{"rendered":"<h2><span style=\"font-size: 90%;\">Bancs d&rsquo;ext\u00e9rieur \u00e0 vendre MDE-010W, durables, \u00e9l\u00e9gants et confortables<\/span><\/h2>\n<p>Apportez confort et \u00e9l\u00e9gance \u00e0 votre espace ext\u00e9rieur avec notre <strong>banc d&rsquo;ext\u00e9rieur<\/strong> haut de gamme <strong>\u00e0 vendre<\/strong> MDE-010I. Fabriqu\u00e9 \u00e0 partir d&rsquo;un cadre en acier robuste recouvert de poudre combin\u00e9 \u00e0 du bois r\u00e9sistant aux intemp\u00e9ries, ce banc est con\u00e7u pour r\u00e9sister au soleil, \u00e0 la pluie et \u00e0 l&rsquo;utilisation quotidienne tout en conservant sa beaut\u00e9 intemporelle. <\/p>\n<p>Avec son design \u00e9l\u00e9gant et moderne, il s&rsquo;int\u00e8gre parfaitement dans les jardins, les patios, les parcs ou tout autre espace public, offrant \u00e0 la fois fonctionnalit\u00e9 et style. Le si\u00e8ge ergonomique assure une relaxation confortable, ce qui en fait un choix id\u00e9al pour les r\u00e9unions de famille, les espaces communautaires ou les moments de calme dans la nature. <\/p>\n<figure id=\"attachment_53087\" aria-describedby=\"caption-attachment-53087\" style=\"width: 850px\" class=\"wp-caption aligncenter\"><img decoding=\"async\" class=\"wp-image-52643 size-full\" src=\"https:\/\/minhducfurniture.com\/wp-content\/uploads\/2025\/08\/Outdoor-Garden-Bench-made-in-Vietnam-by-Minh-Duc.jpg\" alt=\"Banc de jardin ext\u00e9rieur fabriqu\u00e9 au Vietnam par Minh Duc\" width=\"850\" height=\"644\" srcset=\"https:\/\/minhducfurniture.com\/wp-content\/uploads\/2025\/08\/Outdoor-Garden-Bench-made-in-Vietnam-by-Minh-Duc.jpg 850w, https:\/\/minhducfurniture.com\/wp-content\/uploads\/2025\/08\/Outdoor-Garden-Bench-made-in-Vietnam-by-Minh-Duc-510x386.jpg 510w, https:\/\/minhducfurniture.com\/wp-content\/uploads\/2025\/08\/Outdoor-Garden-Bench-made-in-Vietnam-by-Minh-Duc-528x400.jpg 528w, https:\/\/minhducfurniture.com\/wp-content\/uploads\/2025\/08\/Outdoor-Garden-Bench-made-in-Vietnam-by-Minh-Duc-768x582.jpg 768w\" sizes=\"(max-width: 850px) 100vw, 850px\" \/><figcaption id=\"caption-attachment-53087\" class=\"wp-caption-text\">Banc de jardin ext\u00e9rieur fabriqu\u00e9 au Vietnam par Minh Duc<\/figcaption><\/figure>\n<h3>Description du produit<\/h3>\n<ul>\n<li>Code produit : MDE-010W<\/li>\n<li>Dimensions de la chaise : H945mm x W1160mm \/ 45.67 x 37.24 pouces<\/li>\n<li>Mat\u00e9riau : Cadre en acier peint par poudrage, combin\u00e9 avec du bois d&rsquo;acacia naturel.<\/li>\n<li>Poids net : 15.2kg\/ 33.5lbs<\/li>\n<li>Poids brut : 16kg\/ 35.3lbs<\/li>\n<li>Poids de chargement : 220kg\/ 500lbs<\/li>\n<li>Origine du produit : Vietnam<\/li>\n<\/ul>\n<figure id=\"attachment_53261\" aria-describedby=\"caption-attachment-53261\" style=\"width: 850px\" class=\"wp-caption aligncenter\"><img decoding=\"async\" class=\"size-full wp-image-52951\" src=\"https:\/\/minhducfurniture.com\/wp-content\/uploads\/2025\/09\/The-actual-product-at-our-factory.jpg\" alt=\"Le produit actuel dans notre usine\" width=\"850\" height=\"663\" srcset=\"https:\/\/minhducfurniture.com\/wp-content\/uploads\/2025\/09\/The-actual-product-at-our-factory.jpg 850w, https:\/\/minhducfurniture.com\/wp-content\/uploads\/2025\/09\/The-actual-product-at-our-factory-510x398.jpg 510w, https:\/\/minhducfurniture.com\/wp-content\/uploads\/2025\/09\/The-actual-product-at-our-factory-513x400.jpg 513w, https:\/\/minhducfurniture.com\/wp-content\/uploads\/2025\/09\/The-actual-product-at-our-factory-768x599.jpg 768w\" sizes=\"(max-width: 850px) 100vw, 850px\" \/><figcaption id=\"caption-attachment-53261\" class=\"wp-caption-text\">Le produit actuel dans notre usine<\/figcaption><\/figure>\n<h4>Informations sur les commandes<\/h4>\n<ul>\n<li>Quantit\u00e9 minimale de commande (MOQ) : 50 pi\u00e8ces<\/li>\n<li>D\u00e9lai de livraison : 30-35 jours apr\u00e8s le d\u00e9p\u00f4t<\/li>\n<li>D\u00e9lai de livraison : FOB Hai Phong, Vietnam<\/li>\n<li>Modalit\u00e9s de paiement : T\/T 30% de d\u00e9p\u00f4t, 70% de solde avant l&rsquo;exp\u00e9dition<\/li>\n<\/ul>\n<figure id=\"attachment_53260\" aria-describedby=\"caption-attachment-53260\" style=\"width: 850px\" class=\"wp-caption aligncenter\"><img decoding=\"async\" class=\"wp-image-52947 size-full\" src=\"https:\/\/minhducfurniture.com\/wp-content\/uploads\/2025\/09\/Product-placed-outdoors-for-testing.jpg\" alt=\"Produit plac\u00e9 \u00e0 l'ext\u00e9rieur pour \u00eatre test\u00e9\" width=\"850\" height=\"532\" srcset=\"https:\/\/minhducfurniture.com\/wp-content\/uploads\/2025\/09\/Product-placed-outdoors-for-testing.jpg 850w, https:\/\/minhducfurniture.com\/wp-content\/uploads\/2025\/09\/Product-placed-outdoors-for-testing-510x319.jpg 510w, https:\/\/minhducfurniture.com\/wp-content\/uploads\/2025\/09\/Product-placed-outdoors-for-testing-639x400.jpg 639w, https:\/\/minhducfurniture.com\/wp-content\/uploads\/2025\/09\/Product-placed-outdoors-for-testing-768x481.jpg 768w\" sizes=\"(max-width: 850px) 100vw, 850px\" \/><figcaption id=\"caption-attachment-53260\" class=\"wp-caption-text\">Produit plac\u00e9 \u00e0 l&rsquo;ext\u00e9rieur pour \u00eatre test\u00e9<\/figcaption><\/figure>\n<h4>Informations sur le contact<\/h4>\n<ul>\n<li><a href=\"https:\/\/minhducfurniture.com\/fr\/\">Minh Duc Public Furniture Co.<\/a><\/li>\n<li>Adresse : Villa H02-L11 An Phu, Duong Noi, Ha Dong, Hanoi, Vietnam<\/li>\n<li>Phone\/WhatsApp\/Zalo : +84 908 314 939<\/li>\n<\/ul>\n<h4>Plus de notre collection<\/h4>\n<div class=\"social-icons share-icons share-row relative\" ><a href=\"whatsapp:\/\/send?text=Bancs%20d%26rsquo%3Bext%C3%A9rieur%20%C3%A0%20vendre%20banc%20en%20m%C3%A9tal%20et%20en%20bois - https:\/\/minhducfurniture.com\/fr\/product\/bancs-dexterieur-a-vendre-banc-en-metal-et-en-bois\/\" data-action=\"share\/whatsapp\/share\" class=\"icon primary button round tooltip whatsapp show-for-medium\" title=\"Partager sur WhatsApp\" aria-label=\"Partager sur WhatsApp\"><i class=\"icon-whatsapp\" aria-hidden=\"true\"><\/i><\/a><a href=\"https:\/\/www.facebook.com\/sharer.php?u=https:\/\/minhducfurniture.com\/fr\/product\/bancs-dexterieur-a-vendre-banc-en-metal-et-en-bois\/\" data-label=\"Facebook\" onclick=\"window.open(this.href,this.title,'width=500,height=500,top=300px,left=300px'); return false;\" target=\"_blank\" class=\"icon primary button round tooltip facebook\" title=\"Partager sur Facebook\" aria-label=\"Partager sur Facebook\" rel=\"noopener nofollow\"><i class=\"icon-facebook\" aria-hidden=\"true\"><\/i><\/a><a href=\"https:\/\/twitter.com\/share?url=https:\/\/minhducfurniture.com\/fr\/product\/bancs-dexterieur-a-vendre-banc-en-metal-et-en-bois\/\" onclick=\"window.open(this.href,this.title,'width=500,height=500,top=300px,left=300px'); return false;\" target=\"_blank\" class=\"icon primary button round tooltip twitter\" title=\"Partager sur Twitter\" aria-label=\"Partager sur Twitter\" rel=\"noopener nofollow\"><i class=\"icon-twitter\" aria-hidden=\"true\"><\/i><\/a><a href=\"mailto:?subject=Bancs%20d%26rsquo%3Bext%C3%A9rieur%20%C3%A0%20vendre%20banc%20en%20m%C3%A9tal%20et%20en%20bois&body=Regarde%20%C3%A7a%3A%20https%3A%2F%2Fminhducfurniture.com%2Ffr%2Fproduct%2Fbancs-dexterieur-a-vendre-banc-en-metal-et-en-bois%2F\" class=\"icon primary button round tooltip email\" title=\"Envoyer par mail\" aria-label=\"Envoyer par mail\" rel=\"nofollow\"><i class=\"icon-envelop\" aria-hidden=\"true\"><\/i><\/a><a href=\"https:\/\/pinterest.com\/pin\/create\/button?url=https:\/\/minhducfurniture.com\/fr\/product\/bancs-dexterieur-a-vendre-banc-en-metal-et-en-bois\/&media=https:\/\/minhducfurniture.com\/wp-content\/uploads\/2025\/09\/Outdoor-Bench-for-sale.jpg&description=Bancs%20d%26rsquo%3Bext%C3%A9rieur%20%C3%A0%20vendre%20banc%20en%20m%C3%A9tal%20et%20en%20bois\" onclick=\"window.open(this.href,this.title,'width=500,height=500,top=300px,left=300px'); return false;\" target=\"_blank\" class=\"icon primary button round tooltip pinterest\" title=\"Epingler sur Pinterest\" aria-label=\"Epingler sur Pinterest\" rel=\"noopener nofollow\"><i class=\"icon-pinterest\" aria-hidden=\"true\"><\/i><\/a><a href=\"https:\/\/www.linkedin.com\/shareArticle?mini=true&url=https:\/\/minhducfurniture.com\/fr\/product\/bancs-dexterieur-a-vendre-banc-en-metal-et-en-bois\/&title=Bancs%20d%26rsquo%3Bext%C3%A9rieur%20%C3%A0%20vendre%20banc%20en%20m%C3%A9tal%20et%20en%20bois\" onclick=\"window.open(this.href,this.title,'width=500,height=500,top=300px,left=300px'); return false;\" target=\"_blank\" class=\"icon primary button round tooltip linkedin\" title=\"Partager sur LinkedIn\" aria-label=\"Partager sur LinkedIn\" rel=\"noopener nofollow\"><i class=\"icon-linkedin\" aria-hidden=\"true\"><\/i><\/a><\/div>\n","protected":false},"excerpt":{"rendered":"<ul>\n<li>Code produit : MDE-010W<\/li>\n<li>Dimensions de la chaise : H945mm x W1160mm \/ 45.67 x 37.24 pouces<\/li>\n<li>Poids net : 15,2 kg\/ 33,5 lbs<\/li>\n<li>Poids brut : 16 kg\/ 35.3 lbs<\/li>\n<li>Origine du produit : Vietnam<\/li>\n<li>Ligne directe\/ WhatsApp : +84 908 314 939<\/li>\n<\/ul>\n","protected":false},"featured_media":53259,"comment_status":"open","ping_status":"closed","template":"","meta":[],"product_brand":[],"product_cat":[13003],"product_tag":[],"class_list":{"0":"post-53258","1":"product","2":"type-product","3":"status-publish","4":"has-post-thumbnail","6":"product_cat-banc-dexterieur","8":"first","9":"instock","10":"shipping-taxable","11":"product-type-simple"},"yoast_head":"<!-- This site is optimized with the Yoast SEO plugin v27.0 - https:\/\/yoast.com\/product\/yoast-seo-wordpress\/ -->\n<title>Bancs d&#039;ext\u00e9rieur \u00e0 vendre banc en m\u00e9tal et en bois - Minh Duc Furniture<\/title>\n<meta name=\"description\" content=\"Apportez confort et \u00e9l\u00e9gance \u00e0 votre espace ext\u00e9rieur avec notre banc d&#039;ext\u00e9rieur \u00e0 vendre MDE-010I. Fabriqu\u00e9 \u00e0 partir d&#039;un cadre en acier robuste recouvert de poudre.\" \/>\n<meta name=\"robots\" content=\"index, follow, max-snippet:-1, max-image-preview:large, max-video-preview:-1\" \/>\n<link rel=\"canonical\" href=\"https:\/\/minhducfurniture.com\/fr\/product\/bancs-dexterieur-a-vendre-banc-en-metal-et-en-bois\/\" \/>\n<meta property=\"og:locale\" content=\"fr_FR\" \/>\n<meta property=\"og:type\" content=\"article\" \/>\n<meta property=\"og:title\" content=\"Bancs d&#039;ext\u00e9rieur \u00e0 vendre banc en m\u00e9tal et en bois - Minh Duc Furniture\" \/>\n<meta property=\"og:description\" content=\"Apportez confort et \u00e9l\u00e9gance \u00e0 votre espace ext\u00e9rieur avec notre banc d&#039;ext\u00e9rieur \u00e0 vendre MDE-010I. Fabriqu\u00e9 \u00e0 partir d&#039;un cadre en acier robuste recouvert de poudre.\" \/>\n<meta property=\"og:url\" content=\"https:\/\/minhducfurniture.com\/fr\/product\/bancs-dexterieur-a-vendre-banc-en-metal-et-en-bois\/\" \/>\n<meta property=\"og:site_name\" content=\"Minh Duc Furniture\" \/>\n<meta property=\"article:modified_time\" content=\"2025-09-20T07:34:30+00:00\" \/>\n<meta property=\"og:image\" content=\"https:\/\/minhducfurniture.com\/wp-content\/uploads\/2025\/09\/Outdoor-Bench-for-sale.jpg\" \/>\n\t<meta property=\"og:image:width\" content=\"750\" \/>\n\t<meta property=\"og:image:height\" content=\"750\" \/>\n\t<meta property=\"og:image:type\" content=\"image\/jpeg\" \/>\n<meta name=\"twitter:card\" content=\"summary_large_image\" \/>\n<meta name=\"twitter:label1\" content=\"Dur\u00e9e de lecture estim\u00e9e\" \/>\n\t<meta name=\"twitter:data1\" content=\"3 minutes\" \/>\n<script type=\"application\/ld+json\" class=\"yoast-schema-graph\">{\"@context\":\"https:\/\/schema.org\",\"@graph\":[{\"@type\":\"WebPage\",\"@id\":\"https:\/\/minhducfurniture.com\/fr\/product\/bancs-dexterieur-a-vendre-banc-en-metal-et-en-bois\/\",\"url\":\"https:\/\/minhducfurniture.com\/fr\/product\/bancs-dexterieur-a-vendre-banc-en-metal-et-en-bois\/\",\"name\":\"Bancs d'ext\u00e9rieur \u00e0 vendre banc en m\u00e9tal et en bois - Minh Duc Furniture\",\"isPartOf\":{\"@id\":\"https:\/\/minhducfurniture.com\/fr\/#website\"},\"primaryImageOfPage\":{\"@id\":\"https:\/\/minhducfurniture.com\/fr\/product\/bancs-dexterieur-a-vendre-banc-en-metal-et-en-bois\/#primaryimage\"},\"image\":{\"@id\":\"https:\/\/minhducfurniture.com\/fr\/product\/bancs-dexterieur-a-vendre-banc-en-metal-et-en-bois\/#primaryimage\"},\"thumbnailUrl\":\"https:\/\/minhducfurniture.com\/wp-content\/uploads\/2025\/09\/Outdoor-Bench-for-sale.jpg\",\"datePublished\":\"2025-09-14T05:56:46+00:00\",\"dateModified\":\"2025-09-20T07:34:30+00:00\",\"description\":\"Apportez confort et \u00e9l\u00e9gance \u00e0 votre espace ext\u00e9rieur avec notre banc d'ext\u00e9rieur \u00e0 vendre MDE-010I. Fabriqu\u00e9 \u00e0 partir d'un cadre en acier robuste recouvert de poudre.\",\"breadcrumb\":{\"@id\":\"https:\/\/minhducfurniture.com\/fr\/product\/bancs-dexterieur-a-vendre-banc-en-metal-et-en-bois\/#breadcrumb\"},\"inLanguage\":\"fr-FR\",\"potentialAction\":[{\"@type\":\"ReadAction\",\"target\":[\"https:\/\/minhducfurniture.com\/fr\/product\/bancs-dexterieur-a-vendre-banc-en-metal-et-en-bois\/\"]}]},{\"@type\":\"ImageObject\",\"inLanguage\":\"fr-FR\",\"@id\":\"https:\/\/minhducfurniture.com\/fr\/product\/bancs-dexterieur-a-vendre-banc-en-metal-et-en-bois\/#primaryimage\",\"url\":\"https:\/\/minhducfurniture.com\/wp-content\/uploads\/2025\/09\/Outdoor-Bench-for-sale.jpg\",\"contentUrl\":\"https:\/\/minhducfurniture.com\/wp-content\/uploads\/2025\/09\/Outdoor-Bench-for-sale.jpg\",\"width\":750,\"height\":750,\"caption\":\"Outdoor Bench for sale\"},{\"@type\":\"BreadcrumbList\",\"@id\":\"https:\/\/minhducfurniture.com\/fr\/product\/bancs-dexterieur-a-vendre-banc-en-metal-et-en-bois\/#breadcrumb\",\"itemListElement\":[{\"@type\":\"ListItem\",\"position\":1,\"name\":\"Home\",\"item\":\"https:\/\/minhducfurniture.com\/fr\/\"},{\"@type\":\"ListItem\",\"position\":2,\"name\":\"Shop\",\"item\":\"https:\/\/minhducfurniture.com\/shop\/\"},{\"@type\":\"ListItem\",\"position\":3,\"name\":\"Bancs d&rsquo;ext\u00e9rieur \u00e0 vendre banc en m\u00e9tal et en bois\"}]},{\"@type\":\"WebSite\",\"@id\":\"https:\/\/minhducfurniture.com\/fr\/#website\",\"url\":\"https:\/\/minhducfurniture.com\/fr\/\",\"name\":\"Minh Duc Furniture\",\"description\":\"Vietnam Furniture Supplier\",\"publisher\":{\"@id\":\"https:\/\/minhducfurniture.com\/fr\/#organization\"},\"alternateName\":\"Vietnam Online Shop\",\"potentialAction\":[{\"@type\":\"SearchAction\",\"target\":{\"@type\":\"EntryPoint\",\"urlTemplate\":\"https:\/\/minhducfurniture.com\/fr\/?s={search_term_string}\"},\"query-input\":{\"@type\":\"PropertyValueSpecification\",\"valueRequired\":true,\"valueName\":\"search_term_string\"}}],\"inLanguage\":\"fr-FR\"},{\"@type\":\"Organization\",\"@id\":\"https:\/\/minhducfurniture.com\/fr\/#organization\",\"name\":\"Minh Duc Furniture\",\"alternateName\":\"Vietnam Furniture Export\",\"url\":\"https:\/\/minhducfurniture.com\/fr\/\",\"logo\":{\"@type\":\"ImageObject\",\"inLanguage\":\"fr-FR\",\"@id\":\"https:\/\/minhducfurniture.com\/fr\/#\/schema\/logo\/image\/\",\"url\":\"\",\"contentUrl\":\"\",\"caption\":\"Minh Duc Furniture\"},\"image\":{\"@id\":\"https:\/\/minhducfurniture.com\/fr\/#\/schema\/logo\/image\/\"},\"sameAs\":[\"https:\/\/www.pinterest.com\/hienthaoshop\/pins\/\"]}]}<\/script>\n<!-- \/ Yoast SEO plugin. -->","yoast_head_json":{"title":"Bancs d'ext\u00e9rieur \u00e0 vendre banc en m\u00e9tal et en bois - Minh Duc Furniture","description":"Apportez confort et \u00e9l\u00e9gance \u00e0 votre espace ext\u00e9rieur avec notre banc d'ext\u00e9rieur \u00e0 vendre MDE-010I. Fabriqu\u00e9 \u00e0 partir d'un cadre en acier robuste recouvert de poudre.","robots":{"index":"index","follow":"follow","max-snippet":"max-snippet:-1","max-image-preview":"max-image-preview:large","max-video-preview":"max-video-preview:-1"},"canonical":"https:\/\/minhducfurniture.com\/fr\/product\/bancs-dexterieur-a-vendre-banc-en-metal-et-en-bois\/","og_locale":"fr_FR","og_type":"article","og_title":"Bancs d'ext\u00e9rieur \u00e0 vendre banc en m\u00e9tal et en bois - Minh Duc Furniture","og_description":"Apportez confort et \u00e9l\u00e9gance \u00e0 votre espace ext\u00e9rieur avec notre banc d'ext\u00e9rieur \u00e0 vendre MDE-010I. Fabriqu\u00e9 \u00e0 partir d'un cadre en acier robuste recouvert de poudre.","og_url":"https:\/\/minhducfurniture.com\/fr\/product\/bancs-dexterieur-a-vendre-banc-en-metal-et-en-bois\/","og_site_name":"Minh Duc Furniture","article_modified_time":"2025-09-20T07:34:30+00:00","og_image":[{"width":750,"height":750,"url":"https:\/\/minhducfurniture.com\/wp-content\/uploads\/2025\/09\/Outdoor-Bench-for-sale.jpg","type":"image\/jpeg"}],"twitter_card":"summary_large_image","twitter_misc":{"Dur\u00e9e de lecture estim\u00e9e":"3 minutes"},"schema":{"@context":"https:\/\/schema.org","@graph":[{"@type":"WebPage","@id":"https:\/\/minhducfurniture.com\/fr\/product\/bancs-dexterieur-a-vendre-banc-en-metal-et-en-bois\/","url":"https:\/\/minhducfurniture.com\/fr\/product\/bancs-dexterieur-a-vendre-banc-en-metal-et-en-bois\/","name":"Bancs d'ext\u00e9rieur \u00e0 vendre banc en m\u00e9tal et en bois - Minh Duc Furniture","isPartOf":{"@id":"https:\/\/minhducfurniture.com\/fr\/#website"},"primaryImageOfPage":{"@id":"https:\/\/minhducfurniture.com\/fr\/product\/bancs-dexterieur-a-vendre-banc-en-metal-et-en-bois\/#primaryimage"},"image":{"@id":"https:\/\/minhducfurniture.com\/fr\/product\/bancs-dexterieur-a-vendre-banc-en-metal-et-en-bois\/#primaryimage"},"thumbnailUrl":"https:\/\/minhducfurniture.com\/wp-content\/uploads\/2025\/09\/Outdoor-Bench-for-sale.jpg","datePublished":"2025-09-14T05:56:46+00:00","dateModified":"2025-09-20T07:34:30+00:00","description":"Apportez confort et \u00e9l\u00e9gance \u00e0 votre espace ext\u00e9rieur avec notre banc d'ext\u00e9rieur \u00e0 vendre MDE-010I. Fabriqu\u00e9 \u00e0 partir d'un cadre en acier robuste recouvert de poudre.","breadcrumb":{"@id":"https:\/\/minhducfurniture.com\/fr\/product\/bancs-dexterieur-a-vendre-banc-en-metal-et-en-bois\/#breadcrumb"},"inLanguage":"fr-FR","potentialAction":[{"@type":"ReadAction","target":["https:\/\/minhducfurniture.com\/fr\/product\/bancs-dexterieur-a-vendre-banc-en-metal-et-en-bois\/"]}]},{"@type":"ImageObject","inLanguage":"fr-FR","@id":"https:\/\/minhducfurniture.com\/fr\/product\/bancs-dexterieur-a-vendre-banc-en-metal-et-en-bois\/#primaryimage","url":"https:\/\/minhducfurniture.com\/wp-content\/uploads\/2025\/09\/Outdoor-Bench-for-sale.jpg","contentUrl":"https:\/\/minhducfurniture.com\/wp-content\/uploads\/2025\/09\/Outdoor-Bench-for-sale.jpg","width":750,"height":750,"caption":"Outdoor Bench for sale"},{"@type":"BreadcrumbList","@id":"https:\/\/minhducfurniture.com\/fr\/product\/bancs-dexterieur-a-vendre-banc-en-metal-et-en-bois\/#breadcrumb","itemListElement":[{"@type":"ListItem","position":1,"name":"Home","item":"https:\/\/minhducfurniture.com\/fr\/"},{"@type":"ListItem","position":2,"name":"Shop","item":"https:\/\/minhducfurniture.com\/shop\/"},{"@type":"ListItem","position":3,"name":"Bancs d&rsquo;ext\u00e9rieur \u00e0 vendre banc en m\u00e9tal et en bois"}]},{"@type":"WebSite","@id":"https:\/\/minhducfurniture.com\/fr\/#website","url":"https:\/\/minhducfurniture.com\/fr\/","name":"Minh Duc Furniture","description":"Vietnam Furniture Supplier","publisher":{"@id":"https:\/\/minhducfurniture.com\/fr\/#organization"},"alternateName":"Vietnam Online Shop","potentialAction":[{"@type":"SearchAction","target":{"@type":"EntryPoint","urlTemplate":"https:\/\/minhducfurniture.com\/fr\/?s={search_term_string}"},"query-input":{"@type":"PropertyValueSpecification","valueRequired":true,"valueName":"search_term_string"}}],"inLanguage":"fr-FR"},{"@type":"Organization","@id":"https:\/\/minhducfurniture.com\/fr\/#organization","name":"Minh Duc Furniture","alternateName":"Vietnam Furniture Export","url":"https:\/\/minhducfurniture.com\/fr\/","logo":{"@type":"ImageObject","inLanguage":"fr-FR","@id":"https:\/\/minhducfurniture.com\/fr\/#\/schema\/logo\/image\/","url":"","contentUrl":"","caption":"Minh Duc Furniture"},"image":{"@id":"https:\/\/minhducfurniture.com\/fr\/#\/schema\/logo\/image\/"},"sameAs":["https:\/\/www.pinterest.com\/hienthaoshop\/pins\/"]}]}},"_links":{"self":[{"href":"https:\/\/minhducfurniture.com\/fr\/wp-json\/wp\/v2\/product\/53258","targetHints":{"allow":["GET"]}}],"collection":[{"href":"https:\/\/minhducfurniture.com\/fr\/wp-json\/wp\/v2\/product"}],"about":[{"href":"https:\/\/minhducfurniture.com\/fr\/wp-json\/wp\/v2\/types\/product"}],"replies":[{"embeddable":true,"href":"https:\/\/minhducfurniture.com\/fr\/wp-json\/wp\/v2\/comments?post=53258"}],"wp:featuredmedia":[{"embeddable":true,"href":"https:\/\/minhducfurniture.com\/fr\/wp-json\/wp\/v2\/media\/53259"}],"wp:attachment":[{"href":"https:\/\/minhducfurniture.com\/fr\/wp-json\/wp\/v2\/media?parent=53258"}],"wp:term":[{"taxonomy":"product_brand","embeddable":true,"href":"https:\/\/minhducfurniture.com\/fr\/wp-json\/wp\/v2\/product_brand?post=53258"},{"taxonomy":"product_cat","embeddable":true,"href":"https:\/\/minhducfurniture.com\/fr\/wp-json\/wp\/v2\/product_cat?post=53258"},{"taxonomy":"product_tag","embeddable":true,"href":"https:\/\/minhducfurniture.com\/fr\/wp-json\/wp\/v2\/product_tag?post=53258"}],"curies":[{"name":"wp","href":"https:\/\/api.w.org\/{rel}","templated":true}]}}