{"id":53280,"date":"2025-09-16T17:40:40","date_gmt":"2025-09-16T10:40:40","guid":{"rendered":"https:\/\/minhducfurniture.com\/a-propos-de-nous\/"},"modified":"2025-09-20T00:43:56","modified_gmt":"2025-09-19T17:43:56","slug":"a-propos-de-nous","status":"publish","type":"page","link":"https:\/\/minhducfurniture.com\/fr\/a-propos-de-nous\/","title":{"rendered":"A propos de nous"},"content":{"rendered":"<h1><span style=\"font-size: 90%;\">A propos de nous<\/span><\/h1>\n<div>\n<p>Minh Duc Public Furniture Co. est un fabricant et fournisseur professionnel de mobilier public et de bureau au Vietnam. Avec des installations modernes et des ing\u00e9nieurs exp\u00e9riment\u00e9s, nous fournissons des solutions de mobilier fixe et mobile qui r\u00e9pondent aux normes internationales.<\/p>\n<div>\n<p>Nos principaux produits comprennent des bureaux et des chaises de bureau, du mobilier scolaire, des si\u00e8ges d&rsquo;auditorium, des bancs d&rsquo;attente et du mobilier de projet personnalis\u00e9. Nous proposons \u00e9galement des services OEM et ODM, couvrant la conception, le traitement de l&rsquo;acier, le rembourrage et l&rsquo;exp\u00e9dition internationale.<\/p>\n<div>\n<p>Minh Duc Furniture exporte vers l&rsquo;Europe, les \u00c9tats-Unis, le Japon, l&rsquo;Australie et le Moyen-Orient, offrant une qualit\u00e9 fiable, des prix comp\u00e9titifs et des livraisons dans les d\u00e9lais. Avec la devise \u00ab\u00a0Where Quality Meets Trust\u00a0\u00bb, nous nous engageons \u00e0 cr\u00e9er une valeur durable pour nos clients internationaux.<\/p>\n<\/div>\n<figure id=\"attachment_53087\" aria-describedby=\"caption-attachment-53087\" style=\"width: 850px\" class=\"wp-caption aligncenter\"><img decoding=\"async\" class=\"size-full wp-image-52643\" src=\"https:\/\/minhducfurniture.com\/wp-content\/uploads\/2025\/08\/Outdoor-Garden-Bench-made-in-Vietnam-by-Minh-Duc.jpg\" alt=\"Banc de jardin ext\u00e9rieur fabriqu\u00e9 au Vietnam par Minh Duc\" width=\"850\" height=\"644\" srcset=\"https:\/\/minhducfurniture.com\/wp-content\/uploads\/2025\/08\/Outdoor-Garden-Bench-made-in-Vietnam-by-Minh-Duc.jpg 850w, https:\/\/minhducfurniture.com\/wp-content\/uploads\/2025\/08\/Outdoor-Garden-Bench-made-in-Vietnam-by-Minh-Duc-510x386.jpg 510w, https:\/\/minhducfurniture.com\/wp-content\/uploads\/2025\/08\/Outdoor-Garden-Bench-made-in-Vietnam-by-Minh-Duc-528x400.jpg 528w, https:\/\/minhducfurniture.com\/wp-content\/uploads\/2025\/08\/Outdoor-Garden-Bench-made-in-Vietnam-by-Minh-Duc-768x582.jpg 768w\" sizes=\"(max-width: 850px) 100vw, 850px\" \/><figcaption id=\"caption-attachment-53087\" class=\"wp-caption-text\">Banc de jardin ext\u00e9rieur fabriqu\u00e9 au Vietnam par Minh Duc<\/figcaption><\/figure>\n<\/div>\n<div>\n<h3>Notre force principale r\u00e9side dans nos capacit\u00e9s de production<\/h3>\n<ul>\n<li style=\"list-style-type: none;\">\n<ul>\n<li>Fabrication de pi\u00e8ces m\u00e9caniques &#8211; cadres et structures m\u00e9talliques de pr\u00e9cision.<\/li>\n<li>Finition de l&rsquo;ameublement &#8211; rev\u00eatement professionnel du tissu et du cuir.<\/li>\n<li>Travail du bois &#8211; artisanat d&rsquo;art avec des mat\u00e9riaux de haute qualit\u00e9.<\/li>\n<\/ul>\n<\/li>\n<\/ul>\n<p>En outre, Minh Duc propose des services de conception sur mesure, ce qui nous permet de transformer vos id\u00e9es en produits d&rsquo;ameublement pratiques et pr\u00eats \u00e0 \u00eatre commercialis\u00e9s. Que vous ayez besoin de chaises, de tables, de bancs, de lits ou d&rsquo;armoires, nous pouvons vous proposer des solutions qui allient durabilit\u00e9, confort et esth\u00e9tique.<\/p>\n<p>Gr\u00e2ce \u00e0 un contr\u00f4le strict de la qualit\u00e9, \u00e0 un savoir-faire artisanal et \u00e0 une forte capacit\u00e9 d&rsquo;exportation, Minh Duc est devenu un partenaire de confiance pour des clients du monde entier. Nous sommes pr\u00eats \u00e0 vous soutenir avec des mod\u00e8les de coop\u00e9ration flexibles &#8211; du traitement de composants partiels \u00e0 la fabrication compl\u00e8te de meubles &#8211; tous con\u00e7us pour vous aider \u00e0 r\u00e9ussir sur votre march\u00e9.<\/p>\n<\/div>\n<div>\n<h4>Prenez contact avec nous<\/h4>\n<div>\n<div><a href=\"https:\/\/minhducfurniture.com\/fr\/\"><b>MINH DUC PUBLIC FURNITURE CO.,LTD<\/b><\/a><\/div>\n<div>Adresse : No. 47\/2, Phu Do, Nam Tu Liem, Hanoi<\/div>\n<div>Bureau : Villa H02-L11 An Phu, Duong Noi, Ha Dong, Hanoi<\/div>\n<div>Hotline\/ Zalo\/ Whatapp : +84 908314939.<\/div>\n<div>\t<div id=\"gap-92815482\" class=\"gap-element clearfix\" style=\"display:block; height:auto;\">\n\t\t\n<style>\n#gap-92815482 {\n  padding-top: 25px;\n}\n<\/style>\n\t<\/div>\n\t<\/div>\n<div><div class=\"social-icons share-icons share-row relative\" ><a href=\"whatsapp:\/\/send?text=A%20propos%20de%20nous - https:\/\/minhducfurniture.com\/fr\/a-propos-de-nous\/\" data-action=\"share\/whatsapp\/share\" class=\"icon primary button round tooltip whatsapp show-for-medium\" title=\"Partager sur WhatsApp\" aria-label=\"Partager sur WhatsApp\"><i class=\"icon-whatsapp\" aria-hidden=\"true\"><\/i><\/a><a href=\"https:\/\/www.facebook.com\/sharer.php?u=https:\/\/minhducfurniture.com\/fr\/a-propos-de-nous\/\" data-label=\"Facebook\" onclick=\"window.open(this.href,this.title,'width=500,height=500,top=300px,left=300px'); return false;\" target=\"_blank\" class=\"icon primary button round tooltip facebook\" title=\"Partager sur Facebook\" aria-label=\"Partager sur Facebook\" rel=\"noopener nofollow\"><i class=\"icon-facebook\" aria-hidden=\"true\"><\/i><\/a><a href=\"https:\/\/twitter.com\/share?url=https:\/\/minhducfurniture.com\/fr\/a-propos-de-nous\/\" onclick=\"window.open(this.href,this.title,'width=500,height=500,top=300px,left=300px'); return false;\" target=\"_blank\" class=\"icon primary button round tooltip twitter\" title=\"Partager sur Twitter\" aria-label=\"Partager sur Twitter\" rel=\"noopener nofollow\"><i class=\"icon-twitter\" aria-hidden=\"true\"><\/i><\/a><a href=\"mailto:?subject=A%20propos%20de%20nous&body=Regarde%20%C3%A7a%3A%20https%3A%2F%2Fminhducfurniture.com%2Ffr%2Fa-propos-de-nous%2F\" class=\"icon primary button round tooltip email\" title=\"Envoyer par mail\" aria-label=\"Envoyer par mail\" rel=\"nofollow\"><i class=\"icon-envelop\" aria-hidden=\"true\"><\/i><\/a><a href=\"https:\/\/pinterest.com\/pin\/create\/button?url=https:\/\/minhducfurniture.com\/fr\/a-propos-de-nous\/&media=https:\/\/minhducfurniture.com\/wp-content\/uploads\/2025\/09\/About-us.jpg&description=A%20propos%20de%20nous\" onclick=\"window.open(this.href,this.title,'width=500,height=500,top=300px,left=300px'); return false;\" target=\"_blank\" class=\"icon primary button round tooltip pinterest\" title=\"Epingler sur Pinterest\" aria-label=\"Epingler sur Pinterest\" rel=\"noopener nofollow\"><i class=\"icon-pinterest\" aria-hidden=\"true\"><\/i><\/a><a href=\"https:\/\/www.linkedin.com\/shareArticle?mini=true&url=https:\/\/minhducfurniture.com\/fr\/a-propos-de-nous\/&title=A%20propos%20de%20nous\" onclick=\"window.open(this.href,this.title,'width=500,height=500,top=300px,left=300px'); return false;\" target=\"_blank\" class=\"icon primary button round tooltip linkedin\" title=\"Partager sur LinkedIn\" aria-label=\"Partager sur LinkedIn\" rel=\"noopener nofollow\"><i class=\"icon-linkedin\" aria-hidden=\"true\"><\/i><\/a><\/div><\/div>\n<\/div>\n<\/div>\n<\/div>\n","protected":false},"excerpt":{"rendered":"<p>A propos de nous Minh Duc Public Furniture Co. est un fabricant et fournisseur professionnel de mobilier public et de bureau au Vietnam. Avec des installations modernes et des ing\u00e9nieurs exp\u00e9riment\u00e9s, nous fournissons des solutions de mobilier fixe et mobile qui r\u00e9pondent aux normes internationales. Nos principaux produits comprennent des bureaux et des chaises de [&#8230;]\n","protected":false},"author":1,"featured_media":53269,"parent":0,"menu_order":0,"comment_status":"closed","ping_status":"closed","template":"","meta":{"footnotes":""},"class_list":["post-53280","page","type-page","status-publish","has-post-thumbnail","hentry"],"yoast_head":"<!-- This site is optimized with the Yoast SEO plugin v27.0 - https:\/\/yoast.com\/product\/yoast-seo-wordpress\/ -->\n<title>A propos de nous - Minh Duc Furniture<\/title>\n<meta name=\"description\" content=\"\u00c0 propos de nous Minh Duc Public Furniture Co. est un fabricant et fournisseur professionnel de mobilier public et de bureau au Vietnam.\" \/>\n<meta name=\"robots\" content=\"index, follow, max-snippet:-1, max-image-preview:large, max-video-preview:-1\" \/>\n<link rel=\"canonical\" href=\"https:\/\/minhducfurniture.com\/fr\/a-propos-de-nous\/\" \/>\n<meta property=\"og:locale\" content=\"fr_FR\" \/>\n<meta property=\"og:type\" content=\"article\" \/>\n<meta property=\"og:title\" content=\"A propos de nous - Minh Duc Furniture\" \/>\n<meta property=\"og:description\" content=\"\u00c0 propos de nous Minh Duc Public Furniture Co. est un fabricant et fournisseur professionnel de mobilier public et de bureau au Vietnam.\" \/>\n<meta property=\"og:url\" content=\"https:\/\/minhducfurniture.com\/fr\/a-propos-de-nous\/\" \/>\n<meta property=\"og:site_name\" content=\"Minh Duc Furniture\" \/>\n<meta property=\"article:modified_time\" content=\"2025-09-19T17:43:56+00:00\" \/>\n<meta property=\"og:image\" content=\"https:\/\/minhducfurniture.com\/wp-content\/uploads\/2025\/09\/About-us.jpg\" \/>\n\t<meta property=\"og:image:width\" content=\"750\" \/>\n\t<meta property=\"og:image:height\" content=\"514\" \/>\n\t<meta property=\"og:image:type\" content=\"image\/jpeg\" \/>\n<meta name=\"twitter:card\" content=\"summary_large_image\" \/>\n<meta name=\"twitter:label1\" content=\"Dur\u00e9e de lecture estim\u00e9e\" \/>\n\t<meta name=\"twitter:data1\" content=\"3 minutes\" \/>\n<script type=\"application\/ld+json\" class=\"yoast-schema-graph\">{\"@context\":\"https:\/\/schema.org\",\"@graph\":[{\"@type\":\"WebPage\",\"@id\":\"https:\/\/minhducfurniture.com\/fr\/a-propos-de-nous\/\",\"url\":\"https:\/\/minhducfurniture.com\/fr\/a-propos-de-nous\/\",\"name\":\"A propos de nous - Minh Duc Furniture\",\"isPartOf\":{\"@id\":\"https:\/\/minhducfurniture.com\/fr\/#website\"},\"primaryImageOfPage\":{\"@id\":\"https:\/\/minhducfurniture.com\/fr\/a-propos-de-nous\/#primaryimage\"},\"image\":{\"@id\":\"https:\/\/minhducfurniture.com\/fr\/a-propos-de-nous\/#primaryimage\"},\"thumbnailUrl\":\"https:\/\/minhducfurniture.com\/wp-content\/uploads\/2025\/09\/About-us.jpg\",\"datePublished\":\"2025-09-16T10:40:40+00:00\",\"dateModified\":\"2025-09-19T17:43:56+00:00\",\"description\":\"\u00c0 propos de nous Minh Duc Public Furniture Co. est un fabricant et fournisseur professionnel de mobilier public et de bureau au Vietnam.\",\"breadcrumb\":{\"@id\":\"https:\/\/minhducfurniture.com\/fr\/a-propos-de-nous\/#breadcrumb\"},\"inLanguage\":\"fr-FR\",\"potentialAction\":[{\"@type\":\"ReadAction\",\"target\":[\"https:\/\/minhducfurniture.com\/fr\/a-propos-de-nous\/\"]}]},{\"@type\":\"ImageObject\",\"inLanguage\":\"fr-FR\",\"@id\":\"https:\/\/minhducfurniture.com\/fr\/a-propos-de-nous\/#primaryimage\",\"url\":\"https:\/\/minhducfurniture.com\/wp-content\/uploads\/2025\/09\/About-us.jpg\",\"contentUrl\":\"https:\/\/minhducfurniture.com\/wp-content\/uploads\/2025\/09\/About-us.jpg\",\"width\":750,\"height\":514,\"caption\":\"About us\"},{\"@type\":\"BreadcrumbList\",\"@id\":\"https:\/\/minhducfurniture.com\/fr\/a-propos-de-nous\/#breadcrumb\",\"itemListElement\":[{\"@type\":\"ListItem\",\"position\":1,\"name\":\"Home\",\"item\":\"https:\/\/minhducfurniture.com\/fr\/\"},{\"@type\":\"ListItem\",\"position\":2,\"name\":\"A propos de nous\"}]},{\"@type\":\"WebSite\",\"@id\":\"https:\/\/minhducfurniture.com\/fr\/#website\",\"url\":\"https:\/\/minhducfurniture.com\/fr\/\",\"name\":\"Minh Duc Furniture\",\"description\":\"Vietnam Furniture Supplier\",\"publisher\":{\"@id\":\"https:\/\/minhducfurniture.com\/fr\/#organization\"},\"alternateName\":\"Vietnam Online Shop\",\"potentialAction\":[{\"@type\":\"SearchAction\",\"target\":{\"@type\":\"EntryPoint\",\"urlTemplate\":\"https:\/\/minhducfurniture.com\/fr\/?s={search_term_string}\"},\"query-input\":{\"@type\":\"PropertyValueSpecification\",\"valueRequired\":true,\"valueName\":\"search_term_string\"}}],\"inLanguage\":\"fr-FR\"},{\"@type\":\"Organization\",\"@id\":\"https:\/\/minhducfurniture.com\/fr\/#organization\",\"name\":\"Minh Duc Furniture\",\"alternateName\":\"Vietnam Furniture Export\",\"url\":\"https:\/\/minhducfurniture.com\/fr\/\",\"logo\":{\"@type\":\"ImageObject\",\"inLanguage\":\"fr-FR\",\"@id\":\"https:\/\/minhducfurniture.com\/fr\/#\/schema\/logo\/image\/\",\"url\":\"\",\"contentUrl\":\"\",\"caption\":\"Minh Duc Furniture\"},\"image\":{\"@id\":\"https:\/\/minhducfurniture.com\/fr\/#\/schema\/logo\/image\/\"},\"sameAs\":[\"https:\/\/www.pinterest.com\/hienthaoshop\/pins\/\"]}]}<\/script>\n<!-- \/ Yoast SEO plugin. -->","yoast_head_json":{"title":"A propos de nous - Minh Duc Furniture","description":"\u00c0 propos de nous Minh Duc Public Furniture Co. est un fabricant et fournisseur professionnel de mobilier public et de bureau au Vietnam.","robots":{"index":"index","follow":"follow","max-snippet":"max-snippet:-1","max-image-preview":"max-image-preview:large","max-video-preview":"max-video-preview:-1"},"canonical":"https:\/\/minhducfurniture.com\/fr\/a-propos-de-nous\/","og_locale":"fr_FR","og_type":"article","og_title":"A propos de nous - Minh Duc Furniture","og_description":"\u00c0 propos de nous Minh Duc Public Furniture Co. est un fabricant et fournisseur professionnel de mobilier public et de bureau au Vietnam.","og_url":"https:\/\/minhducfurniture.com\/fr\/a-propos-de-nous\/","og_site_name":"Minh Duc Furniture","article_modified_time":"2025-09-19T17:43:56+00:00","og_image":[{"width":750,"height":514,"url":"https:\/\/minhducfurniture.com\/wp-content\/uploads\/2025\/09\/About-us.jpg","type":"image\/jpeg"}],"twitter_card":"summary_large_image","twitter_misc":{"Dur\u00e9e de lecture estim\u00e9e":"3 minutes"},"schema":{"@context":"https:\/\/schema.org","@graph":[{"@type":"WebPage","@id":"https:\/\/minhducfurniture.com\/fr\/a-propos-de-nous\/","url":"https:\/\/minhducfurniture.com\/fr\/a-propos-de-nous\/","name":"A propos de nous - Minh Duc Furniture","isPartOf":{"@id":"https:\/\/minhducfurniture.com\/fr\/#website"},"primaryImageOfPage":{"@id":"https:\/\/minhducfurniture.com\/fr\/a-propos-de-nous\/#primaryimage"},"image":{"@id":"https:\/\/minhducfurniture.com\/fr\/a-propos-de-nous\/#primaryimage"},"thumbnailUrl":"https:\/\/minhducfurniture.com\/wp-content\/uploads\/2025\/09\/About-us.jpg","datePublished":"2025-09-16T10:40:40+00:00","dateModified":"2025-09-19T17:43:56+00:00","description":"\u00c0 propos de nous Minh Duc Public Furniture Co. est un fabricant et fournisseur professionnel de mobilier public et de bureau au Vietnam.","breadcrumb":{"@id":"https:\/\/minhducfurniture.com\/fr\/a-propos-de-nous\/#breadcrumb"},"inLanguage":"fr-FR","potentialAction":[{"@type":"ReadAction","target":["https:\/\/minhducfurniture.com\/fr\/a-propos-de-nous\/"]}]},{"@type":"ImageObject","inLanguage":"fr-FR","@id":"https:\/\/minhducfurniture.com\/fr\/a-propos-de-nous\/#primaryimage","url":"https:\/\/minhducfurniture.com\/wp-content\/uploads\/2025\/09\/About-us.jpg","contentUrl":"https:\/\/minhducfurniture.com\/wp-content\/uploads\/2025\/09\/About-us.jpg","width":750,"height":514,"caption":"About us"},{"@type":"BreadcrumbList","@id":"https:\/\/minhducfurniture.com\/fr\/a-propos-de-nous\/#breadcrumb","itemListElement":[{"@type":"ListItem","position":1,"name":"Home","item":"https:\/\/minhducfurniture.com\/fr\/"},{"@type":"ListItem","position":2,"name":"A propos de nous"}]},{"@type":"WebSite","@id":"https:\/\/minhducfurniture.com\/fr\/#website","url":"https:\/\/minhducfurniture.com\/fr\/","name":"Minh Duc Furniture","description":"Vietnam Furniture Supplier","publisher":{"@id":"https:\/\/minhducfurniture.com\/fr\/#organization"},"alternateName":"Vietnam Online Shop","potentialAction":[{"@type":"SearchAction","target":{"@type":"EntryPoint","urlTemplate":"https:\/\/minhducfurniture.com\/fr\/?s={search_term_string}"},"query-input":{"@type":"PropertyValueSpecification","valueRequired":true,"valueName":"search_term_string"}}],"inLanguage":"fr-FR"},{"@type":"Organization","@id":"https:\/\/minhducfurniture.com\/fr\/#organization","name":"Minh Duc Furniture","alternateName":"Vietnam Furniture Export","url":"https:\/\/minhducfurniture.com\/fr\/","logo":{"@type":"ImageObject","inLanguage":"fr-FR","@id":"https:\/\/minhducfurniture.com\/fr\/#\/schema\/logo\/image\/","url":"","contentUrl":"","caption":"Minh Duc Furniture"},"image":{"@id":"https:\/\/minhducfurniture.com\/fr\/#\/schema\/logo\/image\/"},"sameAs":["https:\/\/www.pinterest.com\/hienthaoshop\/pins\/"]}]}},"_links":{"self":[{"href":"https:\/\/minhducfurniture.com\/fr\/wp-json\/wp\/v2\/pages\/53280","targetHints":{"allow":["GET"]}}],"collection":[{"href":"https:\/\/minhducfurniture.com\/fr\/wp-json\/wp\/v2\/pages"}],"about":[{"href":"https:\/\/minhducfurniture.com\/fr\/wp-json\/wp\/v2\/types\/page"}],"author":[{"embeddable":true,"href":"https:\/\/minhducfurniture.com\/fr\/wp-json\/wp\/v2\/users\/1"}],"replies":[{"embeddable":true,"href":"https:\/\/minhducfurniture.com\/fr\/wp-json\/wp\/v2\/comments?post=53280"}],"version-history":[{"count":3,"href":"https:\/\/minhducfurniture.com\/fr\/wp-json\/wp\/v2\/pages\/53280\/revisions"}],"predecessor-version":[{"id":53458,"href":"https:\/\/minhducfurniture.com\/fr\/wp-json\/wp\/v2\/pages\/53280\/revisions\/53458"}],"wp:featuredmedia":[{"embeddable":true,"href":"https:\/\/minhducfurniture.com\/fr\/wp-json\/wp\/v2\/media\/53269"}],"wp:attachment":[{"href":"https:\/\/minhducfurniture.com\/fr\/wp-json\/wp\/v2\/media?parent=53280"}],"curies":[{"name":"wp","href":"https:\/\/api.w.org\/{rel}","templated":true}]}}