{"id":53249,"date":"2025-09-11T16:32:52","date_gmt":"2025-09-11T09:32:52","guid":{"rendered":"https:\/\/minhducfurniture.com\/services-de-conception-de-meubles-sur-mesure\/"},"modified":"2025-09-20T00:49:35","modified_gmt":"2025-09-19T17:49:35","slug":"services-de-conception-de-meubles-sur-mesure","status":"publish","type":"page","link":"https:\/\/minhducfurniture.com\/fr\/services-de-conception-de-meubles-sur-mesure\/","title":{"rendered":"Services de conception de meubles sur mesure"},"content":{"rendered":"<h2><span style=\"font-size: 85%;\">Services de conception de mobilier sur mesure pour les bureaux, les habitations et les espaces publics<\/span><\/h2>\n<div>Chez Minh Duc Public Furniture, nous pensons que des meubles bien con\u00e7us am\u00e9liorent la vie et l&rsquo;environnement. Notre soci\u00e9t\u00e9 est sp\u00e9cialis\u00e9e dans les services de conception de meubles sur mesure et les dessins de production d\u00e9taill\u00e9s pour une large gamme de produits, y compris le mobilier r\u00e9sidentiel, de bureau et public. Gr\u00e2ce \u00e0 son expertise interne, notre \u00e9quipe transforme les id\u00e9es en dessins techniques pr\u00e9cis, garantissant ainsi une production sans faille et une qualit\u00e9 constante.<\/div>\n<div>\t<div id=\"gap-1143805103\" class=\"gap-element clearfix\" style=\"display:block; height:auto;\">\n\t\t\n<style>\n#gap-1143805103 {\n  padding-top: 15px;\n}\n<\/style>\n\t<\/div>\n\t<\/div>\n<div>Nous concevons des bureaux et des chaises d&rsquo;\u00e9cole ergonomiques, des meubles de bureau modernes et des solutions domestiques \u00e9l\u00e9gantes qui concilient confort, durabilit\u00e9 et esth\u00e9tique. Chaque produit est soigneusement con\u00e7u pour \u00eatre fonctionnel et utilisable \u00e0 long terme. \t<div id=\"gap-766519577\" class=\"gap-element clearfix\" style=\"display:block; height:auto;\">\n\t\t\n<style>\n#gap-766519577 {\n  padding-top: 15px;\n}\n<\/style>\n\t<\/div>\n\t<\/div>\n<div><\/div>\n<div>\n<figure id=\"attachment_52863\" aria-describedby=\"caption-attachment-52863\" style=\"width: 800px\" class=\"wp-caption aligncenter\"><img decoding=\"async\" class=\"size-full wp-image-52863\" src=\"https:\/\/minhducfurniture.com\/wp-content\/uploads\/2025\/09\/Table-and-chair-design-for-a-restaurant.jpg\" alt=\"Conception de tables et de chaises pour un restaurant\" width=\"800\" height=\"521\" srcset=\"https:\/\/minhducfurniture.com\/wp-content\/uploads\/2025\/09\/Table-and-chair-design-for-a-restaurant.jpg 800w, https:\/\/minhducfurniture.com\/wp-content\/uploads\/2025\/09\/Table-and-chair-design-for-a-restaurant-510x332.jpg 510w, https:\/\/minhducfurniture.com\/wp-content\/uploads\/2025\/09\/Table-and-chair-design-for-a-restaurant-614x400.jpg 614w, https:\/\/minhducfurniture.com\/wp-content\/uploads\/2025\/09\/Table-and-chair-design-for-a-restaurant-768x500.jpg 768w\" sizes=\"(max-width: 800px) 100vw, 800px\" \/><figcaption id=\"caption-attachment-52863\" class=\"wp-caption-text\">Conception de tables et de chaises pour un restaurant<\/figcaption><\/figure>\n<\/div>\n<div>\n<h3>Transformer les espaces gr\u00e2ce \u00e0 un mobilier innovant<\/h3>\n<div>Gr\u00e2ce \u00e0 une conception innovante, une fabrication avanc\u00e9e et une personnalisation flexible, Minh Duc Public Furniture se consacre \u00e0 la fourniture de solutions fiables pour les clients locaux et internationaux. Qu&rsquo;il s&rsquo;agisse d&rsquo;\u00e9coles, de bureaux ou de maisons, notre mission est de concevoir des meubles qui am\u00e9liorent la fa\u00e7on dont les gens vivent, apprennent et travaillent.<\/div>\n<\/div>\n<div>\t<div id=\"gap-1138112635\" class=\"gap-element clearfix\" style=\"display:block; height:auto;\">\n\t\t\n<style>\n#gap-1138112635 {\n  padding-top: 15px;\n}\n<\/style>\n\t<\/div>\n\t<\/div>\n<div>Avec une capacit\u00e9 de conception innovante, une fabrication avanc\u00e9e et des services OEM\/ODM flexibles, Minh Duc est un partenaire de confiance pour les clients qui recherchent des solutions d&rsquo;ameublement fiables r\u00e9pondant aux normes internationales et am\u00e9liorant la fa\u00e7on dont les gens vivent, apprennent et travaillent.<\/div>\n<div>\t<div id=\"gap-668364340\" class=\"gap-element clearfix\" style=\"display:block; height:auto;\">\n\t\t\n<style>\n#gap-668364340 {\n  padding-top: 15px;\n}\n<\/style>\n\t<\/div>\n\t<\/div>\n<div>En nous choisissant, vous pouvez avoir pleinement confiance en notre capacit\u00e9 \u00e0 <strong data-start=\"158\" data-end=\"208\">concevoir et \u00e0 d\u00e9velopper des produits d&rsquo;ameublement d\u00e9taill\u00e9s<\/strong>. Si vous souhaitez en savoir plus sur notre expertise et notre capacit\u00e9 de production, veuillez cliquer <span style=\"color: #008080;\"><a style=\"color: #008080;\" href=\"https:\/\/minhducfurniture.com\/fr\/services-de-fabrication-de-meubles\/\">ici<\/a><\/span> pour plus d&rsquo;informations.<\/div>\n<div>\t<div id=\"gap-20809038\" class=\"gap-element clearfix\" style=\"display:block; height:auto;\">\n\t\t\n<style>\n#gap-20809038 {\n  padding-top: 15px;\n}\n<\/style>\n\t<\/div>\n\t<\/div>\n<div>Vous recherchez des informations sur les produits et autres services ? Visitez notre <span style=\"color: #008080;\"><a style=\"color: #008080;\" href=\"https:\/\/minhducfurniture.com\/fr\/\">PAGE D&rsquo;ACCUEIL<\/a><\/span>.<\/div>\n<div>\t<div id=\"gap-1749566015\" class=\"gap-element clearfix\" style=\"display:block; height:auto;\">\n\t\t\n<style>\n#gap-1749566015 {\n  padding-top: 15px;\n}\n<\/style>\n\t<\/div>\n\t<\/div>\n<div><div class=\"social-icons share-icons share-row relative\" ><a href=\"whatsapp:\/\/send?text=Services%20de%20conception%20de%20meubles%20sur%20mesure - https:\/\/minhducfurniture.com\/fr\/services-de-conception-de-meubles-sur-mesure\/\" data-action=\"share\/whatsapp\/share\" class=\"icon primary button round tooltip whatsapp show-for-medium\" title=\"Partager sur WhatsApp\" aria-label=\"Partager sur WhatsApp\"><i class=\"icon-whatsapp\" aria-hidden=\"true\"><\/i><\/a><a href=\"https:\/\/www.facebook.com\/sharer.php?u=https:\/\/minhducfurniture.com\/fr\/services-de-conception-de-meubles-sur-mesure\/\" data-label=\"Facebook\" onclick=\"window.open(this.href,this.title,'width=500,height=500,top=300px,left=300px'); return false;\" target=\"_blank\" class=\"icon primary button round tooltip facebook\" title=\"Partager sur Facebook\" aria-label=\"Partager sur Facebook\" rel=\"noopener nofollow\"><i class=\"icon-facebook\" aria-hidden=\"true\"><\/i><\/a><a href=\"https:\/\/twitter.com\/share?url=https:\/\/minhducfurniture.com\/fr\/services-de-conception-de-meubles-sur-mesure\/\" onclick=\"window.open(this.href,this.title,'width=500,height=500,top=300px,left=300px'); return false;\" target=\"_blank\" class=\"icon primary button round tooltip twitter\" title=\"Partager sur Twitter\" aria-label=\"Partager sur Twitter\" rel=\"noopener nofollow\"><i class=\"icon-twitter\" aria-hidden=\"true\"><\/i><\/a><a href=\"mailto:?subject=Services%20de%20conception%20de%20meubles%20sur%20mesure&body=Regarde%20%C3%A7a%3A%20https%3A%2F%2Fminhducfurniture.com%2Ffr%2Fservices-de-conception-de-meubles-sur-mesure%2F\" class=\"icon primary button round tooltip email\" title=\"Envoyer par mail\" aria-label=\"Envoyer par mail\" rel=\"nofollow\"><i class=\"icon-envelop\" aria-hidden=\"true\"><\/i><\/a><a href=\"https:\/\/pinterest.com\/pin\/create\/button?url=https:\/\/minhducfurniture.com\/fr\/services-de-conception-de-meubles-sur-mesure\/&media=https:\/\/minhducfurniture.com\/wp-content\/uploads\/2025\/09\/Custom-Furniture-Design-Services.jpg&description=Services%20de%20conception%20de%20meubles%20sur%20mesure\" onclick=\"window.open(this.href,this.title,'width=500,height=500,top=300px,left=300px'); return false;\" target=\"_blank\" class=\"icon primary button round tooltip pinterest\" title=\"Epingler sur Pinterest\" aria-label=\"Epingler sur Pinterest\" rel=\"noopener nofollow\"><i class=\"icon-pinterest\" aria-hidden=\"true\"><\/i><\/a><a href=\"https:\/\/www.linkedin.com\/shareArticle?mini=true&url=https:\/\/minhducfurniture.com\/fr\/services-de-conception-de-meubles-sur-mesure\/&title=Services%20de%20conception%20de%20meubles%20sur%20mesure\" onclick=\"window.open(this.href,this.title,'width=500,height=500,top=300px,left=300px'); return false;\" target=\"_blank\" class=\"icon primary button round tooltip linkedin\" title=\"Partager sur LinkedIn\" aria-label=\"Partager sur LinkedIn\" rel=\"noopener nofollow\"><i class=\"icon-linkedin\" aria-hidden=\"true\"><\/i><\/a><\/div><\/div>\n","protected":false},"excerpt":{"rendered":"<p>Services de conception de mobilier sur mesure pour les bureaux, les habitations et les espaces publics Chez Minh Duc Public Furniture, nous pensons que des meubles bien con\u00e7us am\u00e9liorent la vie et l&rsquo;environnement. Notre soci\u00e9t\u00e9 est sp\u00e9cialis\u00e9e dans les services de conception de meubles sur mesure et les dessins de production d\u00e9taill\u00e9s pour une large [&#8230;]\n","protected":false},"author":1,"featured_media":53250,"parent":0,"menu_order":0,"comment_status":"closed","ping_status":"closed","template":"","meta":{"footnotes":""},"class_list":["post-53249","page","type-page","status-publish","has-post-thumbnail","hentry"],"yoast_head":"<!-- This site is optimized with the Yoast SEO plugin v27.0 - https:\/\/yoast.com\/product\/yoast-seo-wordpress\/ -->\n<title>Services de conception de meubles sur mesure - Minh Duc Furniture<\/title>\n<meta name=\"description\" content=\"Nous pensons que des meubles bien con\u00e7us am\u00e9liorent la vie et l&#039;environnement. Notre soci\u00e9t\u00e9 est sp\u00e9cialis\u00e9e dans la conception de meubles sur mesure\" \/>\n<meta name=\"robots\" content=\"index, follow, max-snippet:-1, max-image-preview:large, max-video-preview:-1\" \/>\n<link rel=\"canonical\" href=\"https:\/\/minhducfurniture.com\/fr\/services-de-conception-de-meubles-sur-mesure\/\" \/>\n<meta property=\"og:locale\" content=\"fr_FR\" \/>\n<meta property=\"og:type\" content=\"article\" \/>\n<meta property=\"og:title\" content=\"Services de conception de meubles sur mesure - Minh Duc Furniture\" \/>\n<meta property=\"og:description\" content=\"Nous pensons que des meubles bien con\u00e7us am\u00e9liorent la vie et l&#039;environnement. Notre soci\u00e9t\u00e9 est sp\u00e9cialis\u00e9e dans la conception de meubles sur mesure\" \/>\n<meta property=\"og:url\" content=\"https:\/\/minhducfurniture.com\/fr\/services-de-conception-de-meubles-sur-mesure\/\" \/>\n<meta property=\"og:site_name\" content=\"Minh Duc Furniture\" \/>\n<meta property=\"article:modified_time\" content=\"2025-09-19T17:49:35+00:00\" \/>\n<meta property=\"og:image\" content=\"https:\/\/minhducfurniture.com\/wp-content\/uploads\/2025\/09\/Custom-Furniture-Design-Services.jpg\" \/>\n\t<meta property=\"og:image:width\" content=\"750\" \/>\n\t<meta property=\"og:image:height\" content=\"605\" \/>\n\t<meta property=\"og:image:type\" content=\"image\/jpeg\" \/>\n<meta name=\"twitter:card\" content=\"summary_large_image\" \/>\n<meta name=\"twitter:label1\" content=\"Dur\u00e9e de lecture estim\u00e9e\" \/>\n\t<meta name=\"twitter:data1\" content=\"3 minutes\" \/>\n<script type=\"application\/ld+json\" class=\"yoast-schema-graph\">{\"@context\":\"https:\/\/schema.org\",\"@graph\":[{\"@type\":\"WebPage\",\"@id\":\"https:\/\/minhducfurniture.com\/fr\/services-de-conception-de-meubles-sur-mesure\/\",\"url\":\"https:\/\/minhducfurniture.com\/fr\/services-de-conception-de-meubles-sur-mesure\/\",\"name\":\"Services de conception de meubles sur mesure - Minh Duc Furniture\",\"isPartOf\":{\"@id\":\"https:\/\/minhducfurniture.com\/fr\/#website\"},\"primaryImageOfPage\":{\"@id\":\"https:\/\/minhducfurniture.com\/fr\/services-de-conception-de-meubles-sur-mesure\/#primaryimage\"},\"image\":{\"@id\":\"https:\/\/minhducfurniture.com\/fr\/services-de-conception-de-meubles-sur-mesure\/#primaryimage\"},\"thumbnailUrl\":\"https:\/\/minhducfurniture.com\/wp-content\/uploads\/2025\/09\/Custom-Furniture-Design-Services.jpg\",\"datePublished\":\"2025-09-11T09:32:52+00:00\",\"dateModified\":\"2025-09-19T17:49:35+00:00\",\"description\":\"Nous pensons que des meubles bien con\u00e7us am\u00e9liorent la vie et l'environnement. Notre soci\u00e9t\u00e9 est sp\u00e9cialis\u00e9e dans la conception de meubles sur mesure\",\"breadcrumb\":{\"@id\":\"https:\/\/minhducfurniture.com\/fr\/services-de-conception-de-meubles-sur-mesure\/#breadcrumb\"},\"inLanguage\":\"fr-FR\",\"potentialAction\":[{\"@type\":\"ReadAction\",\"target\":[\"https:\/\/minhducfurniture.com\/fr\/services-de-conception-de-meubles-sur-mesure\/\"]}]},{\"@type\":\"ImageObject\",\"inLanguage\":\"fr-FR\",\"@id\":\"https:\/\/minhducfurniture.com\/fr\/services-de-conception-de-meubles-sur-mesure\/#primaryimage\",\"url\":\"https:\/\/minhducfurniture.com\/wp-content\/uploads\/2025\/09\/Custom-Furniture-Design-Services.jpg\",\"contentUrl\":\"https:\/\/minhducfurniture.com\/wp-content\/uploads\/2025\/09\/Custom-Furniture-Design-Services.jpg\",\"width\":750,\"height\":605,\"caption\":\"Custom Furniture Design Services\"},{\"@type\":\"BreadcrumbList\",\"@id\":\"https:\/\/minhducfurniture.com\/fr\/services-de-conception-de-meubles-sur-mesure\/#breadcrumb\",\"itemListElement\":[{\"@type\":\"ListItem\",\"position\":1,\"name\":\"Home\",\"item\":\"https:\/\/minhducfurniture.com\/fr\/\"},{\"@type\":\"ListItem\",\"position\":2,\"name\":\"Services de conception de meubles sur mesure\"}]},{\"@type\":\"WebSite\",\"@id\":\"https:\/\/minhducfurniture.com\/fr\/#website\",\"url\":\"https:\/\/minhducfurniture.com\/fr\/\",\"name\":\"Minh Duc Furniture\",\"description\":\"Vietnam Furniture Supplier\",\"publisher\":{\"@id\":\"https:\/\/minhducfurniture.com\/fr\/#organization\"},\"alternateName\":\"Vietnam Online Shop\",\"potentialAction\":[{\"@type\":\"SearchAction\",\"target\":{\"@type\":\"EntryPoint\",\"urlTemplate\":\"https:\/\/minhducfurniture.com\/fr\/?s={search_term_string}\"},\"query-input\":{\"@type\":\"PropertyValueSpecification\",\"valueRequired\":true,\"valueName\":\"search_term_string\"}}],\"inLanguage\":\"fr-FR\"},{\"@type\":\"Organization\",\"@id\":\"https:\/\/minhducfurniture.com\/fr\/#organization\",\"name\":\"Minh Duc Furniture\",\"alternateName\":\"Vietnam Furniture Export\",\"url\":\"https:\/\/minhducfurniture.com\/fr\/\",\"logo\":{\"@type\":\"ImageObject\",\"inLanguage\":\"fr-FR\",\"@id\":\"https:\/\/minhducfurniture.com\/fr\/#\/schema\/logo\/image\/\",\"url\":\"\",\"contentUrl\":\"\",\"caption\":\"Minh Duc Furniture\"},\"image\":{\"@id\":\"https:\/\/minhducfurniture.com\/fr\/#\/schema\/logo\/image\/\"},\"sameAs\":[\"https:\/\/www.pinterest.com\/hienthaoshop\/pins\/\"]}]}<\/script>\n<!-- \/ Yoast SEO plugin. -->","yoast_head_json":{"title":"Services de conception de meubles sur mesure - Minh Duc Furniture","description":"Nous pensons que des meubles bien con\u00e7us am\u00e9liorent la vie et l'environnement. Notre soci\u00e9t\u00e9 est sp\u00e9cialis\u00e9e dans la conception de meubles sur mesure","robots":{"index":"index","follow":"follow","max-snippet":"max-snippet:-1","max-image-preview":"max-image-preview:large","max-video-preview":"max-video-preview:-1"},"canonical":"https:\/\/minhducfurniture.com\/fr\/services-de-conception-de-meubles-sur-mesure\/","og_locale":"fr_FR","og_type":"article","og_title":"Services de conception de meubles sur mesure - Minh Duc Furniture","og_description":"Nous pensons que des meubles bien con\u00e7us am\u00e9liorent la vie et l'environnement. Notre soci\u00e9t\u00e9 est sp\u00e9cialis\u00e9e dans la conception de meubles sur mesure","og_url":"https:\/\/minhducfurniture.com\/fr\/services-de-conception-de-meubles-sur-mesure\/","og_site_name":"Minh Duc Furniture","article_modified_time":"2025-09-19T17:49:35+00:00","og_image":[{"width":750,"height":605,"url":"https:\/\/minhducfurniture.com\/wp-content\/uploads\/2025\/09\/Custom-Furniture-Design-Services.jpg","type":"image\/jpeg"}],"twitter_card":"summary_large_image","twitter_misc":{"Dur\u00e9e de lecture estim\u00e9e":"3 minutes"},"schema":{"@context":"https:\/\/schema.org","@graph":[{"@type":"WebPage","@id":"https:\/\/minhducfurniture.com\/fr\/services-de-conception-de-meubles-sur-mesure\/","url":"https:\/\/minhducfurniture.com\/fr\/services-de-conception-de-meubles-sur-mesure\/","name":"Services de conception de meubles sur mesure - Minh Duc Furniture","isPartOf":{"@id":"https:\/\/minhducfurniture.com\/fr\/#website"},"primaryImageOfPage":{"@id":"https:\/\/minhducfurniture.com\/fr\/services-de-conception-de-meubles-sur-mesure\/#primaryimage"},"image":{"@id":"https:\/\/minhducfurniture.com\/fr\/services-de-conception-de-meubles-sur-mesure\/#primaryimage"},"thumbnailUrl":"https:\/\/minhducfurniture.com\/wp-content\/uploads\/2025\/09\/Custom-Furniture-Design-Services.jpg","datePublished":"2025-09-11T09:32:52+00:00","dateModified":"2025-09-19T17:49:35+00:00","description":"Nous pensons que des meubles bien con\u00e7us am\u00e9liorent la vie et l'environnement. Notre soci\u00e9t\u00e9 est sp\u00e9cialis\u00e9e dans la conception de meubles sur mesure","breadcrumb":{"@id":"https:\/\/minhducfurniture.com\/fr\/services-de-conception-de-meubles-sur-mesure\/#breadcrumb"},"inLanguage":"fr-FR","potentialAction":[{"@type":"ReadAction","target":["https:\/\/minhducfurniture.com\/fr\/services-de-conception-de-meubles-sur-mesure\/"]}]},{"@type":"ImageObject","inLanguage":"fr-FR","@id":"https:\/\/minhducfurniture.com\/fr\/services-de-conception-de-meubles-sur-mesure\/#primaryimage","url":"https:\/\/minhducfurniture.com\/wp-content\/uploads\/2025\/09\/Custom-Furniture-Design-Services.jpg","contentUrl":"https:\/\/minhducfurniture.com\/wp-content\/uploads\/2025\/09\/Custom-Furniture-Design-Services.jpg","width":750,"height":605,"caption":"Custom Furniture Design Services"},{"@type":"BreadcrumbList","@id":"https:\/\/minhducfurniture.com\/fr\/services-de-conception-de-meubles-sur-mesure\/#breadcrumb","itemListElement":[{"@type":"ListItem","position":1,"name":"Home","item":"https:\/\/minhducfurniture.com\/fr\/"},{"@type":"ListItem","position":2,"name":"Services de conception de meubles sur mesure"}]},{"@type":"WebSite","@id":"https:\/\/minhducfurniture.com\/fr\/#website","url":"https:\/\/minhducfurniture.com\/fr\/","name":"Minh Duc Furniture","description":"Vietnam Furniture Supplier","publisher":{"@id":"https:\/\/minhducfurniture.com\/fr\/#organization"},"alternateName":"Vietnam Online Shop","potentialAction":[{"@type":"SearchAction","target":{"@type":"EntryPoint","urlTemplate":"https:\/\/minhducfurniture.com\/fr\/?s={search_term_string}"},"query-input":{"@type":"PropertyValueSpecification","valueRequired":true,"valueName":"search_term_string"}}],"inLanguage":"fr-FR"},{"@type":"Organization","@id":"https:\/\/minhducfurniture.com\/fr\/#organization","name":"Minh Duc Furniture","alternateName":"Vietnam Furniture Export","url":"https:\/\/minhducfurniture.com\/fr\/","logo":{"@type":"ImageObject","inLanguage":"fr-FR","@id":"https:\/\/minhducfurniture.com\/fr\/#\/schema\/logo\/image\/","url":"","contentUrl":"","caption":"Minh Duc Furniture"},"image":{"@id":"https:\/\/minhducfurniture.com\/fr\/#\/schema\/logo\/image\/"},"sameAs":["https:\/\/www.pinterest.com\/hienthaoshop\/pins\/"]}]}},"_links":{"self":[{"href":"https:\/\/minhducfurniture.com\/fr\/wp-json\/wp\/v2\/pages\/53249","targetHints":{"allow":["GET"]}}],"collection":[{"href":"https:\/\/minhducfurniture.com\/fr\/wp-json\/wp\/v2\/pages"}],"about":[{"href":"https:\/\/minhducfurniture.com\/fr\/wp-json\/wp\/v2\/types\/page"}],"author":[{"embeddable":true,"href":"https:\/\/minhducfurniture.com\/fr\/wp-json\/wp\/v2\/users\/1"}],"replies":[{"embeddable":true,"href":"https:\/\/minhducfurniture.com\/fr\/wp-json\/wp\/v2\/comments?post=53249"}],"version-history":[{"count":6,"href":"https:\/\/minhducfurniture.com\/fr\/wp-json\/wp\/v2\/pages\/53249\/revisions"}],"predecessor-version":[{"id":53463,"href":"https:\/\/minhducfurniture.com\/fr\/wp-json\/wp\/v2\/pages\/53249\/revisions\/53463"}],"wp:featuredmedia":[{"embeddable":true,"href":"https:\/\/minhducfurniture.com\/fr\/wp-json\/wp\/v2\/media\/53250"}],"wp:attachment":[{"href":"https:\/\/minhducfurniture.com\/fr\/wp-json\/wp\/v2\/media?parent=53249"}],"curies":[{"name":"wp","href":"https:\/\/api.w.org\/{rel}","templated":true}]}}