{"id":53110,"date":"2025-09-11T17:03:11","date_gmt":"2025-09-11T10:03:11","guid":{"rendered":"https:\/\/minhducfurniture.com\/services-de-fabrication-de-meubles\/"},"modified":"2025-09-20T00:49:48","modified_gmt":"2025-09-19T17:49:48","slug":"services-de-fabrication-de-meubles","status":"publish","type":"page","link":"https:\/\/minhducfurniture.com\/fr\/services-de-fabrication-de-meubles\/","title":{"rendered":"Services de fabrication de meubles"},"content":{"rendered":"<h2><span style=\"font-size: 90%;\">Services de fabrication de meubles par Minh Duc<\/span><\/h2>\n<p>Minh Duc Public Furniture fournit des <strong>services<\/strong> complets <strong>de fabrication de meubles<\/strong>, offrant \u00e0 ses clients une solution compl\u00e8te, de la conception au produit final. Gr\u00e2ce \u00e0 notre usine enti\u00e8rement \u00e9quip\u00e9e, nous sommes en mesure de g\u00e9rer toutes les \u00e9tapes de la production, garantissant ainsi la qualit\u00e9 et l&rsquo;efficacit\u00e9.<\/p>\n<p><strong>Nos services comprennent<\/strong><\/p>\n<ul>\n<li>Fabrication m\u00e9tallique &#8211; d\u00e9coupe de pr\u00e9cision, soudage et rev\u00eatement par poudre pour des cadres en acier solides et durables.<\/li>\n<li>Travail du bois &#8211; production de pi\u00e8ces en bois de haute qualit\u00e9 \u00e0 l&rsquo;aide de machines de pointe et d&rsquo;un savoir-faire artisanal.<\/li>\n<li>Rembourrage et travail de la mousse &#8211; finition professionnelle des tissus et des coussins pour assurer le confort, le style et la performance \u00e0 long terme.<\/li>\n<\/ul>\n<figure id=\"attachment_52881\" aria-describedby=\"caption-attachment-52881\" style=\"width: 800px\" class=\"wp-caption aligncenter\"><img decoding=\"async\" class=\"size-full wp-image-52881\" src=\"https:\/\/minhducfurniture.com\/wp-content\/uploads\/2025\/09\/Woodworking-factory.jpg\" alt=\"Usine de menuiserie\" width=\"800\" height=\"528\" srcset=\"https:\/\/minhducfurniture.com\/wp-content\/uploads\/2025\/09\/Woodworking-factory.jpg 800w, https:\/\/minhducfurniture.com\/wp-content\/uploads\/2025\/09\/Woodworking-factory-510x337.jpg 510w, https:\/\/minhducfurniture.com\/wp-content\/uploads\/2025\/09\/Woodworking-factory-606x400.jpg 606w, https:\/\/minhducfurniture.com\/wp-content\/uploads\/2025\/09\/Woodworking-factory-768x507.jpg 768w\" sizes=\"(max-width: 800px) 100vw, 800px\" \/><figcaption id=\"caption-attachment-52881\" class=\"wp-caption-text\">Usine de menuiserie<\/figcaption><\/figure>\n<p>En int\u00e9grant tous ces processus en interne, Minh Duc garantit des solutions OEM\/ODM rentables et flexibles, assorties d&rsquo;un contr\u00f4le de qualit\u00e9 strict et d&rsquo;une livraison dans les d\u00e9lais. Nous sommes fiers d&rsquo;\u00eatre un partenaire de confiance pour les clients qui recherchent des services fiables de fabrication et de transformation de meubles r\u00e9pondant aux normes internationales.<\/p>\n<p>Si vous souhaitez en savoir plus sur notre processus d&#8217;emballage et d&rsquo;exp\u00e9dition des produits, veuillez cliquer <span style=\"color: #008080;\"><a style=\"color: #008080;\" href=\"https:\/\/minhducfurniture.com\/fr\/service-de-livraison-internationale-de-meubles-simple-et-fiable\/\">ici<\/a><\/span> pour plus de d\u00e9tails<\/p>\n<p>Vous recherchez des informations sur les produits et autres services ? Visitez notre <span style=\"color: #008080;\"><a style=\"color: #008080;\" href=\"https:\/\/minhducfurniture.com\/fr\/\">PAGE D&rsquo;ACCUEIL<\/a><\/span><\/p>\n<div class=\"social-icons share-icons share-row relative\" ><a href=\"whatsapp:\/\/send?text=Services%20de%20fabrication%20de%20meubles - https:\/\/minhducfurniture.com\/fr\/services-de-fabrication-de-meubles\/\" data-action=\"share\/whatsapp\/share\" class=\"icon primary button round tooltip whatsapp show-for-medium\" title=\"Partager sur WhatsApp\" aria-label=\"Partager sur WhatsApp\"><i class=\"icon-whatsapp\" aria-hidden=\"true\"><\/i><\/a><a href=\"https:\/\/www.facebook.com\/sharer.php?u=https:\/\/minhducfurniture.com\/fr\/services-de-fabrication-de-meubles\/\" data-label=\"Facebook\" onclick=\"window.open(this.href,this.title,'width=500,height=500,top=300px,left=300px'); return false;\" target=\"_blank\" class=\"icon primary button round tooltip facebook\" title=\"Partager sur Facebook\" aria-label=\"Partager sur Facebook\" rel=\"noopener nofollow\"><i class=\"icon-facebook\" aria-hidden=\"true\"><\/i><\/a><a href=\"https:\/\/twitter.com\/share?url=https:\/\/minhducfurniture.com\/fr\/services-de-fabrication-de-meubles\/\" onclick=\"window.open(this.href,this.title,'width=500,height=500,top=300px,left=300px'); return false;\" target=\"_blank\" class=\"icon primary button round tooltip twitter\" title=\"Partager sur Twitter\" aria-label=\"Partager sur Twitter\" rel=\"noopener nofollow\"><i class=\"icon-twitter\" aria-hidden=\"true\"><\/i><\/a><a href=\"mailto:?subject=Services%20de%20fabrication%20de%20meubles&body=Regarde%20%C3%A7a%3A%20https%3A%2F%2Fminhducfurniture.com%2Ffr%2Fservices-de-fabrication-de-meubles%2F\" class=\"icon primary button round tooltip email\" title=\"Envoyer par mail\" aria-label=\"Envoyer par mail\" rel=\"nofollow\"><i class=\"icon-envelop\" aria-hidden=\"true\"><\/i><\/a><a href=\"https:\/\/pinterest.com\/pin\/create\/button?url=https:\/\/minhducfurniture.com\/fr\/services-de-fabrication-de-meubles\/&media=https:\/\/minhducfurniture.com\/wp-content\/uploads\/2025\/09\/Furniture-Manufacturing-Services-by-Minh-Duc.jpg&description=Services%20de%20fabrication%20de%20meubles\" onclick=\"window.open(this.href,this.title,'width=500,height=500,top=300px,left=300px'); return false;\" target=\"_blank\" class=\"icon primary button round tooltip pinterest\" title=\"Epingler sur Pinterest\" aria-label=\"Epingler sur Pinterest\" rel=\"noopener nofollow\"><i class=\"icon-pinterest\" aria-hidden=\"true\"><\/i><\/a><a href=\"https:\/\/www.linkedin.com\/shareArticle?mini=true&url=https:\/\/minhducfurniture.com\/fr\/services-de-fabrication-de-meubles\/&title=Services%20de%20fabrication%20de%20meubles\" onclick=\"window.open(this.href,this.title,'width=500,height=500,top=300px,left=300px'); return false;\" target=\"_blank\" class=\"icon primary button round tooltip linkedin\" title=\"Partager sur LinkedIn\" aria-label=\"Partager sur LinkedIn\" rel=\"noopener nofollow\"><i class=\"icon-linkedin\" aria-hidden=\"true\"><\/i><\/a><\/div>\n","protected":false},"excerpt":{"rendered":"<p>Services de fabrication de meubles par Minh Duc Minh Duc Public Furniture fournit des services complets de fabrication de meubles, offrant \u00e0 ses clients une solution compl\u00e8te, de la conception au produit final. Gr\u00e2ce \u00e0 notre usine enti\u00e8rement \u00e9quip\u00e9e, nous sommes en mesure de g\u00e9rer toutes les \u00e9tapes de la production, garantissant ainsi la qualit\u00e9 [&#8230;]\n","protected":false},"author":1,"featured_media":53112,"parent":0,"menu_order":0,"comment_status":"closed","ping_status":"closed","template":"","meta":{"footnotes":""},"class_list":["post-53110","page","type-page","status-publish","has-post-thumbnail","hentry"],"yoast_head":"<!-- This site is optimized with the Yoast SEO plugin v27.0 - https:\/\/yoast.com\/product\/yoast-seo-wordpress\/ -->\n<title>Services de fabrication de meubles - Minh Duc Furniture<\/title>\n<meta name=\"description\" content=\"Minh Duc Public Furniture fournit des services complets de fabrication de meubles, offrant \u00e0 ses clients une solution compl\u00e8te, de la conception \u00e0 la vente.\" \/>\n<meta name=\"robots\" content=\"index, follow, max-snippet:-1, max-image-preview:large, max-video-preview:-1\" \/>\n<link rel=\"canonical\" href=\"https:\/\/minhducfurniture.com\/fr\/services-de-fabrication-de-meubles\/\" \/>\n<meta property=\"og:locale\" content=\"fr_FR\" \/>\n<meta property=\"og:type\" content=\"article\" \/>\n<meta property=\"og:title\" content=\"Services de fabrication de meubles - Minh Duc Furniture\" \/>\n<meta property=\"og:description\" content=\"Minh Duc Public Furniture fournit des services complets de fabrication de meubles, offrant \u00e0 ses clients une solution compl\u00e8te, de la conception \u00e0 la vente.\" \/>\n<meta property=\"og:url\" content=\"https:\/\/minhducfurniture.com\/fr\/services-de-fabrication-de-meubles\/\" \/>\n<meta property=\"og:site_name\" content=\"Minh Duc Furniture\" \/>\n<meta property=\"article:modified_time\" content=\"2025-09-19T17:49:48+00:00\" \/>\n<meta property=\"og:image\" content=\"https:\/\/minhducfurniture.com\/wp-content\/uploads\/2025\/09\/Furniture-Manufacturing-Services-by-Minh-Duc.jpg\" \/>\n\t<meta property=\"og:image:width\" content=\"800\" \/>\n\t<meta property=\"og:image:height\" content=\"525\" \/>\n\t<meta property=\"og:image:type\" content=\"image\/jpeg\" \/>\n<meta name=\"twitter:card\" content=\"summary_large_image\" \/>\n<meta name=\"twitter:label1\" content=\"Dur\u00e9e de lecture estim\u00e9e\" \/>\n\t<meta name=\"twitter:data1\" content=\"2 minutes\" \/>\n<script type=\"application\/ld+json\" class=\"yoast-schema-graph\">{\"@context\":\"https:\/\/schema.org\",\"@graph\":[{\"@type\":\"WebPage\",\"@id\":\"https:\/\/minhducfurniture.com\/fr\/services-de-fabrication-de-meubles\/\",\"url\":\"https:\/\/minhducfurniture.com\/fr\/services-de-fabrication-de-meubles\/\",\"name\":\"Services de fabrication de meubles - Minh Duc Furniture\",\"isPartOf\":{\"@id\":\"https:\/\/minhducfurniture.com\/fr\/#website\"},\"primaryImageOfPage\":{\"@id\":\"https:\/\/minhducfurniture.com\/fr\/services-de-fabrication-de-meubles\/#primaryimage\"},\"image\":{\"@id\":\"https:\/\/minhducfurniture.com\/fr\/services-de-fabrication-de-meubles\/#primaryimage\"},\"thumbnailUrl\":\"https:\/\/minhducfurniture.com\/wp-content\/uploads\/2025\/09\/Furniture-Manufacturing-Services-by-Minh-Duc.jpg\",\"datePublished\":\"2025-09-11T10:03:11+00:00\",\"dateModified\":\"2025-09-19T17:49:48+00:00\",\"description\":\"Minh Duc Public Furniture fournit des services complets de fabrication de meubles, offrant \u00e0 ses clients une solution compl\u00e8te, de la conception \u00e0 la vente.\",\"breadcrumb\":{\"@id\":\"https:\/\/minhducfurniture.com\/fr\/services-de-fabrication-de-meubles\/#breadcrumb\"},\"inLanguage\":\"fr-FR\",\"potentialAction\":[{\"@type\":\"ReadAction\",\"target\":[\"https:\/\/minhducfurniture.com\/fr\/services-de-fabrication-de-meubles\/\"]}]},{\"@type\":\"ImageObject\",\"inLanguage\":\"fr-FR\",\"@id\":\"https:\/\/minhducfurniture.com\/fr\/services-de-fabrication-de-meubles\/#primaryimage\",\"url\":\"https:\/\/minhducfurniture.com\/wp-content\/uploads\/2025\/09\/Furniture-Manufacturing-Services-by-Minh-Duc.jpg\",\"contentUrl\":\"https:\/\/minhducfurniture.com\/wp-content\/uploads\/2025\/09\/Furniture-Manufacturing-Services-by-Minh-Duc.jpg\",\"width\":800,\"height\":525,\"caption\":\"Furniture Manufacturing Services by Minh Duc\"},{\"@type\":\"BreadcrumbList\",\"@id\":\"https:\/\/minhducfurniture.com\/fr\/services-de-fabrication-de-meubles\/#breadcrumb\",\"itemListElement\":[{\"@type\":\"ListItem\",\"position\":1,\"name\":\"Home\",\"item\":\"https:\/\/minhducfurniture.com\/fr\/\"},{\"@type\":\"ListItem\",\"position\":2,\"name\":\"Services de fabrication de meubles\"}]},{\"@type\":\"WebSite\",\"@id\":\"https:\/\/minhducfurniture.com\/fr\/#website\",\"url\":\"https:\/\/minhducfurniture.com\/fr\/\",\"name\":\"Minh Duc Furniture\",\"description\":\"Vietnam Furniture Supplier\",\"publisher\":{\"@id\":\"https:\/\/minhducfurniture.com\/fr\/#organization\"},\"alternateName\":\"Vietnam Online Shop\",\"potentialAction\":[{\"@type\":\"SearchAction\",\"target\":{\"@type\":\"EntryPoint\",\"urlTemplate\":\"https:\/\/minhducfurniture.com\/fr\/?s={search_term_string}\"},\"query-input\":{\"@type\":\"PropertyValueSpecification\",\"valueRequired\":true,\"valueName\":\"search_term_string\"}}],\"inLanguage\":\"fr-FR\"},{\"@type\":\"Organization\",\"@id\":\"https:\/\/minhducfurniture.com\/fr\/#organization\",\"name\":\"Minh Duc Furniture\",\"alternateName\":\"Vietnam Furniture Export\",\"url\":\"https:\/\/minhducfurniture.com\/fr\/\",\"logo\":{\"@type\":\"ImageObject\",\"inLanguage\":\"fr-FR\",\"@id\":\"https:\/\/minhducfurniture.com\/fr\/#\/schema\/logo\/image\/\",\"url\":\"\",\"contentUrl\":\"\",\"caption\":\"Minh Duc Furniture\"},\"image\":{\"@id\":\"https:\/\/minhducfurniture.com\/fr\/#\/schema\/logo\/image\/\"},\"sameAs\":[\"https:\/\/www.pinterest.com\/hienthaoshop\/pins\/\"]}]}<\/script>\n<!-- \/ Yoast SEO plugin. -->","yoast_head_json":{"title":"Services de fabrication de meubles - Minh Duc Furniture","description":"Minh Duc Public Furniture fournit des services complets de fabrication de meubles, offrant \u00e0 ses clients une solution compl\u00e8te, de la conception \u00e0 la vente.","robots":{"index":"index","follow":"follow","max-snippet":"max-snippet:-1","max-image-preview":"max-image-preview:large","max-video-preview":"max-video-preview:-1"},"canonical":"https:\/\/minhducfurniture.com\/fr\/services-de-fabrication-de-meubles\/","og_locale":"fr_FR","og_type":"article","og_title":"Services de fabrication de meubles - Minh Duc Furniture","og_description":"Minh Duc Public Furniture fournit des services complets de fabrication de meubles, offrant \u00e0 ses clients une solution compl\u00e8te, de la conception \u00e0 la vente.","og_url":"https:\/\/minhducfurniture.com\/fr\/services-de-fabrication-de-meubles\/","og_site_name":"Minh Duc Furniture","article_modified_time":"2025-09-19T17:49:48+00:00","og_image":[{"width":800,"height":525,"url":"https:\/\/minhducfurniture.com\/wp-content\/uploads\/2025\/09\/Furniture-Manufacturing-Services-by-Minh-Duc.jpg","type":"image\/jpeg"}],"twitter_card":"summary_large_image","twitter_misc":{"Dur\u00e9e de lecture estim\u00e9e":"2 minutes"},"schema":{"@context":"https:\/\/schema.org","@graph":[{"@type":"WebPage","@id":"https:\/\/minhducfurniture.com\/fr\/services-de-fabrication-de-meubles\/","url":"https:\/\/minhducfurniture.com\/fr\/services-de-fabrication-de-meubles\/","name":"Services de fabrication de meubles - Minh Duc Furniture","isPartOf":{"@id":"https:\/\/minhducfurniture.com\/fr\/#website"},"primaryImageOfPage":{"@id":"https:\/\/minhducfurniture.com\/fr\/services-de-fabrication-de-meubles\/#primaryimage"},"image":{"@id":"https:\/\/minhducfurniture.com\/fr\/services-de-fabrication-de-meubles\/#primaryimage"},"thumbnailUrl":"https:\/\/minhducfurniture.com\/wp-content\/uploads\/2025\/09\/Furniture-Manufacturing-Services-by-Minh-Duc.jpg","datePublished":"2025-09-11T10:03:11+00:00","dateModified":"2025-09-19T17:49:48+00:00","description":"Minh Duc Public Furniture fournit des services complets de fabrication de meubles, offrant \u00e0 ses clients une solution compl\u00e8te, de la conception \u00e0 la vente.","breadcrumb":{"@id":"https:\/\/minhducfurniture.com\/fr\/services-de-fabrication-de-meubles\/#breadcrumb"},"inLanguage":"fr-FR","potentialAction":[{"@type":"ReadAction","target":["https:\/\/minhducfurniture.com\/fr\/services-de-fabrication-de-meubles\/"]}]},{"@type":"ImageObject","inLanguage":"fr-FR","@id":"https:\/\/minhducfurniture.com\/fr\/services-de-fabrication-de-meubles\/#primaryimage","url":"https:\/\/minhducfurniture.com\/wp-content\/uploads\/2025\/09\/Furniture-Manufacturing-Services-by-Minh-Duc.jpg","contentUrl":"https:\/\/minhducfurniture.com\/wp-content\/uploads\/2025\/09\/Furniture-Manufacturing-Services-by-Minh-Duc.jpg","width":800,"height":525,"caption":"Furniture Manufacturing Services by Minh Duc"},{"@type":"BreadcrumbList","@id":"https:\/\/minhducfurniture.com\/fr\/services-de-fabrication-de-meubles\/#breadcrumb","itemListElement":[{"@type":"ListItem","position":1,"name":"Home","item":"https:\/\/minhducfurniture.com\/fr\/"},{"@type":"ListItem","position":2,"name":"Services de fabrication de meubles"}]},{"@type":"WebSite","@id":"https:\/\/minhducfurniture.com\/fr\/#website","url":"https:\/\/minhducfurniture.com\/fr\/","name":"Minh Duc Furniture","description":"Vietnam Furniture Supplier","publisher":{"@id":"https:\/\/minhducfurniture.com\/fr\/#organization"},"alternateName":"Vietnam Online Shop","potentialAction":[{"@type":"SearchAction","target":{"@type":"EntryPoint","urlTemplate":"https:\/\/minhducfurniture.com\/fr\/?s={search_term_string}"},"query-input":{"@type":"PropertyValueSpecification","valueRequired":true,"valueName":"search_term_string"}}],"inLanguage":"fr-FR"},{"@type":"Organization","@id":"https:\/\/minhducfurniture.com\/fr\/#organization","name":"Minh Duc Furniture","alternateName":"Vietnam Furniture Export","url":"https:\/\/minhducfurniture.com\/fr\/","logo":{"@type":"ImageObject","inLanguage":"fr-FR","@id":"https:\/\/minhducfurniture.com\/fr\/#\/schema\/logo\/image\/","url":"","contentUrl":"","caption":"Minh Duc Furniture"},"image":{"@id":"https:\/\/minhducfurniture.com\/fr\/#\/schema\/logo\/image\/"},"sameAs":["https:\/\/www.pinterest.com\/hienthaoshop\/pins\/"]}]}},"_links":{"self":[{"href":"https:\/\/minhducfurniture.com\/fr\/wp-json\/wp\/v2\/pages\/53110","targetHints":{"allow":["GET"]}}],"collection":[{"href":"https:\/\/minhducfurniture.com\/fr\/wp-json\/wp\/v2\/pages"}],"about":[{"href":"https:\/\/minhducfurniture.com\/fr\/wp-json\/wp\/v2\/types\/page"}],"author":[{"embeddable":true,"href":"https:\/\/minhducfurniture.com\/fr\/wp-json\/wp\/v2\/users\/1"}],"replies":[{"embeddable":true,"href":"https:\/\/minhducfurniture.com\/fr\/wp-json\/wp\/v2\/comments?post=53110"}],"version-history":[{"count":5,"href":"https:\/\/minhducfurniture.com\/fr\/wp-json\/wp\/v2\/pages\/53110\/revisions"}],"predecessor-version":[{"id":53464,"href":"https:\/\/minhducfurniture.com\/fr\/wp-json\/wp\/v2\/pages\/53110\/revisions\/53464"}],"wp:featuredmedia":[{"embeddable":true,"href":"https:\/\/minhducfurniture.com\/fr\/wp-json\/wp\/v2\/media\/53112"}],"wp:attachment":[{"href":"https:\/\/minhducfurniture.com\/fr\/wp-json\/wp\/v2\/media?parent=53110"}],"curies":[{"name":"wp","href":"https:\/\/api.w.org\/{rel}","templated":true}]}}