{"id":53106,"date":"2025-09-14T15:03:37","date_gmt":"2025-09-14T08:03:37","guid":{"rendered":"https:\/\/minhducfurniture.com\/philosophie-dentreprise-de-minh-duc\/"},"modified":"2025-09-20T00:47:30","modified_gmt":"2025-09-19T17:47:30","slug":"philosophie-dentreprise-de-minh-duc","status":"publish","type":"page","link":"https:\/\/minhducfurniture.com\/fr\/philosophie-dentreprise-de-minh-duc\/","title":{"rendered":"Philosophie d&rsquo;entreprise de Minh Duc"},"content":{"rendered":"<h2><span style=\"font-size: 95%;\">Notre philosophie d&rsquo;entreprise<\/span><\/h2>\n<p>Chez Minh Duc Public Furniture, nous pensons que le mobilier est plus qu&rsquo;un simple produit &#8211; c&rsquo;est le reflet de la responsabilit\u00e9, de l&rsquo;artisanat et de la confiance. Notre philosophie d&rsquo;entreprise repose sur trois principes directeurs : l&rsquo;attention port\u00e9e au client, la qualit\u00e9 sans compromis et la durabilit\u00e9.<\/p>\n<h3>Les clients d&rsquo;abord<\/h3>\n<p>Nos clients sont la base de notre succ\u00e8s. Nous \u00e9coutons attentivement leurs besoins et proposons des solutions qui apportent une r\u00e9elle valeur ajout\u00e9e &#8211; qu&rsquo;il s&rsquo;agisse de concevoir des meubles flexibles pour les bureaux modernes, des si\u00e8ges confortables pour les espaces publics ou des pi\u00e8ces durables pour les \u00e9tablissements d&rsquo;enseignement. Nous ne nous contentons pas de vendre des produits, nous \u00e9tablissons des relations \u00e0 long terme fond\u00e9es sur la fiabilit\u00e9, la transparence et le respect mutuel.<\/p>\n<h3>Instaurer la confiance, cr\u00e9er de la valeur<\/h3>\n<p>En associant la durabilit\u00e9, la qualit\u00e9 et l&rsquo;attention port\u00e9e au client, nous visons \u00e0 cr\u00e9er des meubles qui inspirent la confiance et apportent de la valeur \u00e0 chaque client. Notre mission est simple : aider les gens \u00e0 mieux vivre et \u00e0 mieux travailler gr\u00e2ce \u00e0 des produits s\u00fbrs, durables et bien con\u00e7us.<\/p>\n<h4>Engagement en faveur du d\u00e9veloppement durable<\/h4>\n<p>Nous reconnaissons l&rsquo;importance de la protection de l&rsquo;environnement pour les g\u00e9n\u00e9rations futures. C&rsquo;est pourquoi nous recherchons activement des mat\u00e9riaux durables, des m\u00e9thodes de production respectueuses de l&rsquo;environnement et des processus efficaces qui minimisent les d\u00e9chets et la consommation d&rsquo;\u00e9nergie. En combinant design innovant et responsabilit\u00e9 environnementale, nous cr\u00e9ons des meubles qui ne sont pas seulement esth\u00e9tiques, mais aussi b\u00e9n\u00e9fiques pour notre plan\u00e8te.<\/p>\n<p>Nous appr\u00e9cions vraiment le temps pr\u00e9cieux que vous passez avec nous ! Vous recherchez des informations sur les produits ? Veuillez consulter notre <span style=\"color: #008080;\"><a style=\"color: #008080;\" href=\"https:\/\/minhducfurniture.com\/fr\/\">page d&rsquo;accueil<\/a><\/span><\/p>\n<div class=\"social-icons share-icons share-row relative\" ><a href=\"whatsapp:\/\/send?text=Philosophie%20d%26rsquo%3Bentreprise%20de%20Minh%20Duc - https:\/\/minhducfurniture.com\/fr\/philosophie-dentreprise-de-minh-duc\/\" data-action=\"share\/whatsapp\/share\" class=\"icon primary button round tooltip whatsapp show-for-medium\" title=\"Partager sur WhatsApp\" aria-label=\"Partager sur WhatsApp\"><i class=\"icon-whatsapp\" aria-hidden=\"true\"><\/i><\/a><a href=\"https:\/\/www.facebook.com\/sharer.php?u=https:\/\/minhducfurniture.com\/fr\/philosophie-dentreprise-de-minh-duc\/\" data-label=\"Facebook\" onclick=\"window.open(this.href,this.title,'width=500,height=500,top=300px,left=300px'); return false;\" target=\"_blank\" class=\"icon primary button round tooltip facebook\" title=\"Partager sur Facebook\" aria-label=\"Partager sur Facebook\" rel=\"noopener nofollow\"><i class=\"icon-facebook\" aria-hidden=\"true\"><\/i><\/a><a href=\"https:\/\/twitter.com\/share?url=https:\/\/minhducfurniture.com\/fr\/philosophie-dentreprise-de-minh-duc\/\" onclick=\"window.open(this.href,this.title,'width=500,height=500,top=300px,left=300px'); return false;\" target=\"_blank\" class=\"icon primary button round tooltip twitter\" title=\"Partager sur Twitter\" aria-label=\"Partager sur Twitter\" rel=\"noopener nofollow\"><i class=\"icon-twitter\" aria-hidden=\"true\"><\/i><\/a><a href=\"mailto:?subject=Philosophie%20d%26rsquo%3Bentreprise%20de%20Minh%20Duc&body=Regarde%20%C3%A7a%3A%20https%3A%2F%2Fminhducfurniture.com%2Ffr%2Fphilosophie-dentreprise-de-minh-duc%2F\" class=\"icon primary button round tooltip email\" title=\"Envoyer par mail\" aria-label=\"Envoyer par mail\" rel=\"nofollow\"><i class=\"icon-envelop\" aria-hidden=\"true\"><\/i><\/a><a href=\"https:\/\/pinterest.com\/pin\/create\/button?url=https:\/\/minhducfurniture.com\/fr\/philosophie-dentreprise-de-minh-duc\/&media=https:\/\/minhducfurniture.com\/wp-content\/uploads\/2025\/09\/Minh-Duc-Business-Philosophy.jpg&description=Philosophie%20d%26rsquo%3Bentreprise%20de%20Minh%20Duc\" onclick=\"window.open(this.href,this.title,'width=500,height=500,top=300px,left=300px'); return false;\" target=\"_blank\" class=\"icon primary button round tooltip pinterest\" title=\"Epingler sur Pinterest\" aria-label=\"Epingler sur Pinterest\" rel=\"noopener nofollow\"><i class=\"icon-pinterest\" aria-hidden=\"true\"><\/i><\/a><a href=\"https:\/\/www.linkedin.com\/shareArticle?mini=true&url=https:\/\/minhducfurniture.com\/fr\/philosophie-dentreprise-de-minh-duc\/&title=Philosophie%20d%26rsquo%3Bentreprise%20de%20Minh%20Duc\" onclick=\"window.open(this.href,this.title,'width=500,height=500,top=300px,left=300px'); return false;\" target=\"_blank\" class=\"icon primary button round tooltip linkedin\" title=\"Partager sur LinkedIn\" aria-label=\"Partager sur LinkedIn\" rel=\"noopener nofollow\"><i class=\"icon-linkedin\" aria-hidden=\"true\"><\/i><\/a><\/div>\n","protected":false},"excerpt":{"rendered":"<p>Notre philosophie d&rsquo;entreprise Chez Minh Duc Public Furniture, nous pensons que le mobilier est plus qu&rsquo;un simple produit &#8211; c&rsquo;est le reflet de la responsabilit\u00e9, de l&rsquo;artisanat et de la confiance. Notre philosophie d&rsquo;entreprise repose sur trois principes directeurs : l&rsquo;attention port\u00e9e au client, la qualit\u00e9 sans compromis et la durabilit\u00e9. Les clients d&rsquo;abord Nos [&#8230;]\n","protected":false},"author":1,"featured_media":53107,"parent":0,"menu_order":0,"comment_status":"closed","ping_status":"closed","template":"","meta":{"footnotes":""},"class_list":["post-53106","page","type-page","status-publish","has-post-thumbnail","hentry"],"yoast_head":"<!-- This site is optimized with the Yoast SEO plugin v27.0 - https:\/\/yoast.com\/product\/yoast-seo-wordpress\/ -->\n<title>Philosophie d&#039;entreprise de Minh Duc - Minh Duc Furniture<\/title>\n<meta name=\"description\" content=\"Nous pensons que le mobilier est plus qu&#039;un simple produit - il s&#039;agit d&#039;une responsabilit\u00e9, d&#039;un savoir-faire et d&#039;une confiance.\" \/>\n<meta name=\"robots\" content=\"index, follow, max-snippet:-1, max-image-preview:large, max-video-preview:-1\" \/>\n<link rel=\"canonical\" href=\"https:\/\/minhducfurniture.com\/fr\/philosophie-dentreprise-de-minh-duc\/\" \/>\n<meta property=\"og:locale\" content=\"fr_FR\" \/>\n<meta property=\"og:type\" content=\"article\" \/>\n<meta property=\"og:title\" content=\"Philosophie d&#039;entreprise de Minh Duc - Minh Duc Furniture\" \/>\n<meta property=\"og:description\" content=\"Nous pensons que le mobilier est plus qu&#039;un simple produit - il s&#039;agit d&#039;une responsabilit\u00e9, d&#039;un savoir-faire et d&#039;une confiance.\" \/>\n<meta property=\"og:url\" content=\"https:\/\/minhducfurniture.com\/fr\/philosophie-dentreprise-de-minh-duc\/\" \/>\n<meta property=\"og:site_name\" content=\"Minh Duc Furniture\" \/>\n<meta property=\"article:modified_time\" content=\"2025-09-19T17:47:30+00:00\" \/>\n<meta property=\"og:image\" content=\"https:\/\/minhducfurniture.com\/wp-content\/uploads\/2025\/09\/Minh-Duc-Business-Philosophy.jpg\" \/>\n\t<meta property=\"og:image:width\" content=\"800\" \/>\n\t<meta property=\"og:image:height\" content=\"531\" \/>\n\t<meta property=\"og:image:type\" content=\"image\/jpeg\" \/>\n<meta name=\"twitter:card\" content=\"summary_large_image\" \/>\n<meta name=\"twitter:label1\" content=\"Dur\u00e9e de lecture estim\u00e9e\" \/>\n\t<meta name=\"twitter:data1\" content=\"2 minutes\" \/>\n<script type=\"application\/ld+json\" class=\"yoast-schema-graph\">{\"@context\":\"https:\/\/schema.org\",\"@graph\":[{\"@type\":\"WebPage\",\"@id\":\"https:\/\/minhducfurniture.com\/fr\/philosophie-dentreprise-de-minh-duc\/\",\"url\":\"https:\/\/minhducfurniture.com\/fr\/philosophie-dentreprise-de-minh-duc\/\",\"name\":\"Philosophie d'entreprise de Minh Duc - Minh Duc Furniture\",\"isPartOf\":{\"@id\":\"https:\/\/minhducfurniture.com\/fr\/#website\"},\"primaryImageOfPage\":{\"@id\":\"https:\/\/minhducfurniture.com\/fr\/philosophie-dentreprise-de-minh-duc\/#primaryimage\"},\"image\":{\"@id\":\"https:\/\/minhducfurniture.com\/fr\/philosophie-dentreprise-de-minh-duc\/#primaryimage\"},\"thumbnailUrl\":\"https:\/\/minhducfurniture.com\/wp-content\/uploads\/2025\/09\/Minh-Duc-Business-Philosophy.jpg\",\"datePublished\":\"2025-09-14T08:03:37+00:00\",\"dateModified\":\"2025-09-19T17:47:30+00:00\",\"description\":\"Nous pensons que le mobilier est plus qu'un simple produit - il s'agit d'une responsabilit\u00e9, d'un savoir-faire et d'une confiance.\",\"breadcrumb\":{\"@id\":\"https:\/\/minhducfurniture.com\/fr\/philosophie-dentreprise-de-minh-duc\/#breadcrumb\"},\"inLanguage\":\"fr-FR\",\"potentialAction\":[{\"@type\":\"ReadAction\",\"target\":[\"https:\/\/minhducfurniture.com\/fr\/philosophie-dentreprise-de-minh-duc\/\"]}]},{\"@type\":\"ImageObject\",\"inLanguage\":\"fr-FR\",\"@id\":\"https:\/\/minhducfurniture.com\/fr\/philosophie-dentreprise-de-minh-duc\/#primaryimage\",\"url\":\"https:\/\/minhducfurniture.com\/wp-content\/uploads\/2025\/09\/Minh-Duc-Business-Philosophy.jpg\",\"contentUrl\":\"https:\/\/minhducfurniture.com\/wp-content\/uploads\/2025\/09\/Minh-Duc-Business-Philosophy.jpg\",\"width\":800,\"height\":531,\"caption\":\"Minh Duc Business Philosophy\"},{\"@type\":\"BreadcrumbList\",\"@id\":\"https:\/\/minhducfurniture.com\/fr\/philosophie-dentreprise-de-minh-duc\/#breadcrumb\",\"itemListElement\":[{\"@type\":\"ListItem\",\"position\":1,\"name\":\"Home\",\"item\":\"https:\/\/minhducfurniture.com\/fr\/\"},{\"@type\":\"ListItem\",\"position\":2,\"name\":\"Philosophie d&rsquo;entreprise de Minh Duc\"}]},{\"@type\":\"WebSite\",\"@id\":\"https:\/\/minhducfurniture.com\/fr\/#website\",\"url\":\"https:\/\/minhducfurniture.com\/fr\/\",\"name\":\"Minh Duc Furniture\",\"description\":\"Vietnam Furniture Supplier\",\"publisher\":{\"@id\":\"https:\/\/minhducfurniture.com\/fr\/#organization\"},\"alternateName\":\"Vietnam Online Shop\",\"potentialAction\":[{\"@type\":\"SearchAction\",\"target\":{\"@type\":\"EntryPoint\",\"urlTemplate\":\"https:\/\/minhducfurniture.com\/fr\/?s={search_term_string}\"},\"query-input\":{\"@type\":\"PropertyValueSpecification\",\"valueRequired\":true,\"valueName\":\"search_term_string\"}}],\"inLanguage\":\"fr-FR\"},{\"@type\":\"Organization\",\"@id\":\"https:\/\/minhducfurniture.com\/fr\/#organization\",\"name\":\"Minh Duc Furniture\",\"alternateName\":\"Vietnam Furniture Export\",\"url\":\"https:\/\/minhducfurniture.com\/fr\/\",\"logo\":{\"@type\":\"ImageObject\",\"inLanguage\":\"fr-FR\",\"@id\":\"https:\/\/minhducfurniture.com\/fr\/#\/schema\/logo\/image\/\",\"url\":\"\",\"contentUrl\":\"\",\"caption\":\"Minh Duc Furniture\"},\"image\":{\"@id\":\"https:\/\/minhducfurniture.com\/fr\/#\/schema\/logo\/image\/\"},\"sameAs\":[\"https:\/\/www.pinterest.com\/hienthaoshop\/pins\/\"]}]}<\/script>\n<!-- \/ Yoast SEO plugin. -->","yoast_head_json":{"title":"Philosophie d'entreprise de Minh Duc - Minh Duc Furniture","description":"Nous pensons que le mobilier est plus qu'un simple produit - il s'agit d'une responsabilit\u00e9, d'un savoir-faire et d'une confiance.","robots":{"index":"index","follow":"follow","max-snippet":"max-snippet:-1","max-image-preview":"max-image-preview:large","max-video-preview":"max-video-preview:-1"},"canonical":"https:\/\/minhducfurniture.com\/fr\/philosophie-dentreprise-de-minh-duc\/","og_locale":"fr_FR","og_type":"article","og_title":"Philosophie d'entreprise de Minh Duc - Minh Duc Furniture","og_description":"Nous pensons que le mobilier est plus qu'un simple produit - il s'agit d'une responsabilit\u00e9, d'un savoir-faire et d'une confiance.","og_url":"https:\/\/minhducfurniture.com\/fr\/philosophie-dentreprise-de-minh-duc\/","og_site_name":"Minh Duc Furniture","article_modified_time":"2025-09-19T17:47:30+00:00","og_image":[{"width":800,"height":531,"url":"https:\/\/minhducfurniture.com\/wp-content\/uploads\/2025\/09\/Minh-Duc-Business-Philosophy.jpg","type":"image\/jpeg"}],"twitter_card":"summary_large_image","twitter_misc":{"Dur\u00e9e de lecture estim\u00e9e":"2 minutes"},"schema":{"@context":"https:\/\/schema.org","@graph":[{"@type":"WebPage","@id":"https:\/\/minhducfurniture.com\/fr\/philosophie-dentreprise-de-minh-duc\/","url":"https:\/\/minhducfurniture.com\/fr\/philosophie-dentreprise-de-minh-duc\/","name":"Philosophie d'entreprise de Minh Duc - Minh Duc Furniture","isPartOf":{"@id":"https:\/\/minhducfurniture.com\/fr\/#website"},"primaryImageOfPage":{"@id":"https:\/\/minhducfurniture.com\/fr\/philosophie-dentreprise-de-minh-duc\/#primaryimage"},"image":{"@id":"https:\/\/minhducfurniture.com\/fr\/philosophie-dentreprise-de-minh-duc\/#primaryimage"},"thumbnailUrl":"https:\/\/minhducfurniture.com\/wp-content\/uploads\/2025\/09\/Minh-Duc-Business-Philosophy.jpg","datePublished":"2025-09-14T08:03:37+00:00","dateModified":"2025-09-19T17:47:30+00:00","description":"Nous pensons que le mobilier est plus qu'un simple produit - il s'agit d'une responsabilit\u00e9, d'un savoir-faire et d'une confiance.","breadcrumb":{"@id":"https:\/\/minhducfurniture.com\/fr\/philosophie-dentreprise-de-minh-duc\/#breadcrumb"},"inLanguage":"fr-FR","potentialAction":[{"@type":"ReadAction","target":["https:\/\/minhducfurniture.com\/fr\/philosophie-dentreprise-de-minh-duc\/"]}]},{"@type":"ImageObject","inLanguage":"fr-FR","@id":"https:\/\/minhducfurniture.com\/fr\/philosophie-dentreprise-de-minh-duc\/#primaryimage","url":"https:\/\/minhducfurniture.com\/wp-content\/uploads\/2025\/09\/Minh-Duc-Business-Philosophy.jpg","contentUrl":"https:\/\/minhducfurniture.com\/wp-content\/uploads\/2025\/09\/Minh-Duc-Business-Philosophy.jpg","width":800,"height":531,"caption":"Minh Duc Business Philosophy"},{"@type":"BreadcrumbList","@id":"https:\/\/minhducfurniture.com\/fr\/philosophie-dentreprise-de-minh-duc\/#breadcrumb","itemListElement":[{"@type":"ListItem","position":1,"name":"Home","item":"https:\/\/minhducfurniture.com\/fr\/"},{"@type":"ListItem","position":2,"name":"Philosophie d&rsquo;entreprise de Minh Duc"}]},{"@type":"WebSite","@id":"https:\/\/minhducfurniture.com\/fr\/#website","url":"https:\/\/minhducfurniture.com\/fr\/","name":"Minh Duc Furniture","description":"Vietnam Furniture Supplier","publisher":{"@id":"https:\/\/minhducfurniture.com\/fr\/#organization"},"alternateName":"Vietnam Online Shop","potentialAction":[{"@type":"SearchAction","target":{"@type":"EntryPoint","urlTemplate":"https:\/\/minhducfurniture.com\/fr\/?s={search_term_string}"},"query-input":{"@type":"PropertyValueSpecification","valueRequired":true,"valueName":"search_term_string"}}],"inLanguage":"fr-FR"},{"@type":"Organization","@id":"https:\/\/minhducfurniture.com\/fr\/#organization","name":"Minh Duc Furniture","alternateName":"Vietnam Furniture Export","url":"https:\/\/minhducfurniture.com\/fr\/","logo":{"@type":"ImageObject","inLanguage":"fr-FR","@id":"https:\/\/minhducfurniture.com\/fr\/#\/schema\/logo\/image\/","url":"","contentUrl":"","caption":"Minh Duc Furniture"},"image":{"@id":"https:\/\/minhducfurniture.com\/fr\/#\/schema\/logo\/image\/"},"sameAs":["https:\/\/www.pinterest.com\/hienthaoshop\/pins\/"]}]}},"_links":{"self":[{"href":"https:\/\/minhducfurniture.com\/fr\/wp-json\/wp\/v2\/pages\/53106","targetHints":{"allow":["GET"]}}],"collection":[{"href":"https:\/\/minhducfurniture.com\/fr\/wp-json\/wp\/v2\/pages"}],"about":[{"href":"https:\/\/minhducfurniture.com\/fr\/wp-json\/wp\/v2\/types\/page"}],"author":[{"embeddable":true,"href":"https:\/\/minhducfurniture.com\/fr\/wp-json\/wp\/v2\/users\/1"}],"replies":[{"embeddable":true,"href":"https:\/\/minhducfurniture.com\/fr\/wp-json\/wp\/v2\/comments?post=53106"}],"version-history":[{"count":2,"href":"https:\/\/minhducfurniture.com\/fr\/wp-json\/wp\/v2\/pages\/53106\/revisions"}],"predecessor-version":[{"id":53109,"href":"https:\/\/minhducfurniture.com\/fr\/wp-json\/wp\/v2\/pages\/53106\/revisions\/53109"}],"wp:featuredmedia":[{"embeddable":true,"href":"https:\/\/minhducfurniture.com\/fr\/wp-json\/wp\/v2\/media\/53107"}],"wp:attachment":[{"href":"https:\/\/minhducfurniture.com\/fr\/wp-json\/wp\/v2\/media?parent=53106"}],"curies":[{"name":"wp","href":"https:\/\/api.w.org\/{rel}","templated":true}]}}