{"id":53091,"date":"2025-09-11T18:21:08","date_gmt":"2025-09-11T11:21:08","guid":{"rendered":"https:\/\/minhducfurniture.com\/service-de-livraison-internationale-de-meubles-simple-et-fiable\/"},"modified":"2025-09-20T00:47:53","modified_gmt":"2025-09-19T17:47:53","slug":"service-de-livraison-internationale-de-meubles-simple-et-fiable","status":"publish","type":"page","link":"https:\/\/minhducfurniture.com\/fr\/service-de-livraison-internationale-de-meubles-simple-et-fiable\/","title":{"rendered":"Service de livraison internationale de meubles simple et fiable"},"content":{"rendered":"<h2><span style=\"font-size: 90%;\">Service de livraison internationale de meubles du Vietnam vers le monde<\/span><\/h2>\n<p>Notre objectif est d\u2019exporter nos produits dans le monde entier, c\u2019est pourquoi nous avons d\u00e9velopp\u00e9 un service solide de livraison internationale de meubles vers de nombreuses destinations.<br data-start=\"335\" data-end=\"338\" \/>Nous souhaitons rendre l\u2019exp\u00e9dition mondiale de mobilier s\u00fbre, simple et sans souci.<br data-start=\"422\" data-end=\"425\" \/>Gr\u00e2ce \u00e0 des ann\u00e9es d\u2019exp\u00e9rience dans l\u2019exportation et la logistique, nous garantissons que chaque produit parvienne \u00e0 nos clients dans le monde entier, \u00e0 temps et en parfait \u00e9tat.<\/p>\n<h3>Emballage s\u00e9curis\u00e9<\/h3>\n<p>Nos meubles sont soigneusement emball\u00e9s avec des mat\u00e9riaux conformes aux normes internationales tels que des cartons, du film \u00e0 bulles, de la mousse PE et des sangles en PP.<br data-start=\"265\" data-end=\"268\" \/>Pour les produits lourds ou de grande taille, nous fournissons des palettes et des caisses en bois sur mesure, afin de prot\u00e9ger vos marchandises contre les rayures, les chocs et l\u2019humidit\u00e9 lors du transport longue distance.<\/p>\n<figure id=\"attachment_52910\" aria-describedby=\"caption-attachment-52910\" style=\"width: 800px\" class=\"wp-caption aligncenter\"><img decoding=\"async\" class=\"size-full wp-image-52910\" src=\"https:\/\/minhducfurniture.com\/wp-content\/uploads\/2025\/09\/Multi-delivery-service-to-worldwide.jpg\" alt=\"Multi delivery service to worldwide\" width=\"800\" height=\"483\" srcset=\"https:\/\/minhducfurniture.com\/wp-content\/uploads\/2025\/09\/Multi-delivery-service-to-worldwide.jpg 800w, https:\/\/minhducfurniture.com\/wp-content\/uploads\/2025\/09\/Multi-delivery-service-to-worldwide-510x308.jpg 510w, https:\/\/minhducfurniture.com\/wp-content\/uploads\/2025\/09\/Multi-delivery-service-to-worldwide-663x400.jpg 663w, https:\/\/minhducfurniture.com\/wp-content\/uploads\/2025\/09\/Multi-delivery-service-to-worldwide-768x464.jpg 768w\" sizes=\"(max-width: 800px) 100vw, 800px\" \/><figcaption id=\"caption-attachment-52910\" class=\"wp-caption-text\">Un service de livraison internationale vers de multiples destinations<\/figcaption><\/figure>\n<h4>Exp\u00e9dition mondiale fiable<\/h4>\n<p>Gr\u00e2ce \u00e0 des partenariats avec des prestataires logistiques de confiance, nous g\u00e9rons des livraisons dans le monde entier par voie maritime, a\u00e9rienne et terrestre.<br data-start=\"262\" data-end=\"265\" \/>Qu\u2019il s\u2019agisse de conteneurs complets (FCL) ou de groupage de marchandises (LCL), nous organisons la m\u00e9thode d\u2019exp\u00e9dition la plus efficace et la plus \u00e9conomique pour chaque projet.<\/p>\n<h4>Un processus sans tracas<\/h4>\n<p>Minh Duc s\u2019occupe de toute la documentation d\u2019exportation, du d\u00e9douanement et des certificats afin de garantir un processus fluide depuis notre usine au Vietnam jusqu\u2019\u00e0 votre destination.<br data-start=\"285\" data-end=\"288\" \/>Notre objectif est de rendre la livraison internationale de meubles simple, fiable et sans souci pour nos clients. En commandant chez nous, vous pouvez \u00eatre assur\u00e9 que l\u2019exp\u00e9dition sera g\u00e9r\u00e9e avec facilit\u00e9. Nous rendons le processus simple, rapide et s\u00fbr.<\/p>\n<p>Pour plus d\u2019informations sur nos produits et nos services, veuillez visiter notre <span style=\"color: #008080;\"><a style=\"color: #008080;\" href=\"https:\/\/minhducfurniture.com\/fr\/\">page d\u2019accueil<\/a><\/span>. Merci d\u2019avoir pris le temps de nous consulter.<\/p>\n<div class=\"social-icons share-icons share-row relative\" ><a href=\"whatsapp:\/\/send?text=Service%20de%20livraison%20internationale%20de%20meubles%20simple%20et%20fiable - https:\/\/minhducfurniture.com\/fr\/service-de-livraison-internationale-de-meubles-simple-et-fiable\/\" data-action=\"share\/whatsapp\/share\" class=\"icon primary button round tooltip whatsapp show-for-medium\" title=\"Partager sur WhatsApp\" aria-label=\"Partager sur WhatsApp\"><i class=\"icon-whatsapp\" aria-hidden=\"true\"><\/i><\/a><a href=\"https:\/\/www.facebook.com\/sharer.php?u=https:\/\/minhducfurniture.com\/fr\/service-de-livraison-internationale-de-meubles-simple-et-fiable\/\" data-label=\"Facebook\" onclick=\"window.open(this.href,this.title,'width=500,height=500,top=300px,left=300px'); return false;\" target=\"_blank\" class=\"icon primary button round tooltip facebook\" title=\"Partager sur Facebook\" aria-label=\"Partager sur Facebook\" rel=\"noopener nofollow\"><i class=\"icon-facebook\" aria-hidden=\"true\"><\/i><\/a><a href=\"https:\/\/twitter.com\/share?url=https:\/\/minhducfurniture.com\/fr\/service-de-livraison-internationale-de-meubles-simple-et-fiable\/\" onclick=\"window.open(this.href,this.title,'width=500,height=500,top=300px,left=300px'); return false;\" target=\"_blank\" class=\"icon primary button round tooltip twitter\" title=\"Partager sur Twitter\" aria-label=\"Partager sur Twitter\" rel=\"noopener nofollow\"><i class=\"icon-twitter\" aria-hidden=\"true\"><\/i><\/a><a href=\"mailto:?subject=Service%20de%20livraison%20internationale%20de%20meubles%20simple%20et%20fiable&body=Regarde%20%C3%A7a%3A%20https%3A%2F%2Fminhducfurniture.com%2Ffr%2Fservice-de-livraison-internationale-de-meubles-simple-et-fiable%2F\" class=\"icon primary button round tooltip email\" title=\"Envoyer par mail\" aria-label=\"Envoyer par mail\" rel=\"nofollow\"><i class=\"icon-envelop\" aria-hidden=\"true\"><\/i><\/a><a href=\"https:\/\/pinterest.com\/pin\/create\/button?url=https:\/\/minhducfurniture.com\/fr\/service-de-livraison-internationale-de-meubles-simple-et-fiable\/&media=https:\/\/minhducfurniture.com\/wp-content\/uploads\/2025\/09\/International-Furniture-Delivery-Service.jpg&description=Service%20de%20livraison%20internationale%20de%20meubles%20simple%20et%20fiable\" onclick=\"window.open(this.href,this.title,'width=500,height=500,top=300px,left=300px'); return false;\" target=\"_blank\" class=\"icon primary button round tooltip pinterest\" title=\"Epingler sur Pinterest\" aria-label=\"Epingler sur Pinterest\" rel=\"noopener nofollow\"><i class=\"icon-pinterest\" aria-hidden=\"true\"><\/i><\/a><a href=\"https:\/\/www.linkedin.com\/shareArticle?mini=true&url=https:\/\/minhducfurniture.com\/fr\/service-de-livraison-internationale-de-meubles-simple-et-fiable\/&title=Service%20de%20livraison%20internationale%20de%20meubles%20simple%20et%20fiable\" onclick=\"window.open(this.href,this.title,'width=500,height=500,top=300px,left=300px'); return false;\" target=\"_blank\" class=\"icon primary button round tooltip linkedin\" title=\"Partager sur LinkedIn\" aria-label=\"Partager sur LinkedIn\" rel=\"noopener nofollow\"><i class=\"icon-linkedin\" aria-hidden=\"true\"><\/i><\/a><\/div>\n","protected":false},"excerpt":{"rendered":"<p>Service de livraison internationale de meubles du Vietnam vers le monde Notre objectif est d\u2019exporter nos produits dans le monde entier, c\u2019est pourquoi nous avons d\u00e9velopp\u00e9 un service solide de livraison internationale de meubles vers de nombreuses destinations.Nous souhaitons rendre l\u2019exp\u00e9dition mondiale de mobilier s\u00fbre, simple et sans souci.Gr\u00e2ce \u00e0 des ann\u00e9es d\u2019exp\u00e9rience dans l\u2019exportation [&#8230;]\n","protected":false},"author":1,"featured_media":53092,"parent":0,"menu_order":0,"comment_status":"closed","ping_status":"closed","template":"","meta":{"footnotes":""},"class_list":["post-53091","page","type-page","status-publish","has-post-thumbnail","hentry"],"yoast_head":"<!-- This site is optimized with the Yoast SEO plugin v27.0 - https:\/\/yoast.com\/product\/yoast-seo-wordpress\/ -->\n<title>Service de livraison internationale de meubles simple et fiable - Minh Duc Furniture<\/title>\n<meta name=\"description\" content=\"Notre objectif est d\u2019exporter nos produits dans le monde entier, c\u2019est pourquoi nous avons d\u00e9velopp\u00e9 un service solide de livraison internationale de meubles.\" \/>\n<meta name=\"robots\" content=\"index, follow, max-snippet:-1, max-image-preview:large, max-video-preview:-1\" \/>\n<link rel=\"canonical\" href=\"https:\/\/minhducfurniture.com\/fr\/service-de-livraison-internationale-de-meubles-simple-et-fiable\/\" \/>\n<meta property=\"og:locale\" content=\"fr_FR\" \/>\n<meta property=\"og:type\" content=\"article\" \/>\n<meta property=\"og:title\" content=\"Service de livraison internationale de meubles simple et fiable - Minh Duc Furniture\" \/>\n<meta property=\"og:description\" content=\"Notre objectif est d\u2019exporter nos produits dans le monde entier, c\u2019est pourquoi nous avons d\u00e9velopp\u00e9 un service solide de livraison internationale de meubles.\" \/>\n<meta property=\"og:url\" content=\"https:\/\/minhducfurniture.com\/fr\/service-de-livraison-internationale-de-meubles-simple-et-fiable\/\" \/>\n<meta property=\"og:site_name\" content=\"Minh Duc Furniture\" \/>\n<meta property=\"article:modified_time\" content=\"2025-09-19T17:47:53+00:00\" \/>\n<meta property=\"og:image\" content=\"https:\/\/minhducfurniture.com\/wp-content\/uploads\/2025\/09\/International-Furniture-Delivery-Service.jpg\" \/>\n\t<meta property=\"og:image:width\" content=\"700\" \/>\n\t<meta property=\"og:image:height\" content=\"515\" \/>\n\t<meta property=\"og:image:type\" content=\"image\/jpeg\" \/>\n<meta name=\"twitter:card\" content=\"summary_large_image\" \/>\n<meta name=\"twitter:label1\" content=\"Dur\u00e9e de lecture estim\u00e9e\" \/>\n\t<meta name=\"twitter:data1\" content=\"2 minutes\" \/>\n<script type=\"application\/ld+json\" class=\"yoast-schema-graph\">{\"@context\":\"https:\/\/schema.org\",\"@graph\":[{\"@type\":\"WebPage\",\"@id\":\"https:\/\/minhducfurniture.com\/fr\/service-de-livraison-internationale-de-meubles-simple-et-fiable\/\",\"url\":\"https:\/\/minhducfurniture.com\/fr\/service-de-livraison-internationale-de-meubles-simple-et-fiable\/\",\"name\":\"Service de livraison internationale de meubles simple et fiable - Minh Duc Furniture\",\"isPartOf\":{\"@id\":\"https:\/\/minhducfurniture.com\/fr\/#website\"},\"primaryImageOfPage\":{\"@id\":\"https:\/\/minhducfurniture.com\/fr\/service-de-livraison-internationale-de-meubles-simple-et-fiable\/#primaryimage\"},\"image\":{\"@id\":\"https:\/\/minhducfurniture.com\/fr\/service-de-livraison-internationale-de-meubles-simple-et-fiable\/#primaryimage\"},\"thumbnailUrl\":\"https:\/\/minhducfurniture.com\/wp-content\/uploads\/2025\/09\/International-Furniture-Delivery-Service.jpg\",\"datePublished\":\"2025-09-11T11:21:08+00:00\",\"dateModified\":\"2025-09-19T17:47:53+00:00\",\"description\":\"Notre objectif est d\u2019exporter nos produits dans le monde entier, c\u2019est pourquoi nous avons d\u00e9velopp\u00e9 un service solide de livraison internationale de meubles.\",\"breadcrumb\":{\"@id\":\"https:\/\/minhducfurniture.com\/fr\/service-de-livraison-internationale-de-meubles-simple-et-fiable\/#breadcrumb\"},\"inLanguage\":\"fr-FR\",\"potentialAction\":[{\"@type\":\"ReadAction\",\"target\":[\"https:\/\/minhducfurniture.com\/fr\/service-de-livraison-internationale-de-meubles-simple-et-fiable\/\"]}]},{\"@type\":\"ImageObject\",\"inLanguage\":\"fr-FR\",\"@id\":\"https:\/\/minhducfurniture.com\/fr\/service-de-livraison-internationale-de-meubles-simple-et-fiable\/#primaryimage\",\"url\":\"https:\/\/minhducfurniture.com\/wp-content\/uploads\/2025\/09\/International-Furniture-Delivery-Service.jpg\",\"contentUrl\":\"https:\/\/minhducfurniture.com\/wp-content\/uploads\/2025\/09\/International-Furniture-Delivery-Service.jpg\",\"width\":700,\"height\":515,\"caption\":\"International Furniture Delivery Service\"},{\"@type\":\"BreadcrumbList\",\"@id\":\"https:\/\/minhducfurniture.com\/fr\/service-de-livraison-internationale-de-meubles-simple-et-fiable\/#breadcrumb\",\"itemListElement\":[{\"@type\":\"ListItem\",\"position\":1,\"name\":\"Home\",\"item\":\"https:\/\/minhducfurniture.com\/fr\/\"},{\"@type\":\"ListItem\",\"position\":2,\"name\":\"Service de livraison internationale de meubles simple et fiable\"}]},{\"@type\":\"WebSite\",\"@id\":\"https:\/\/minhducfurniture.com\/fr\/#website\",\"url\":\"https:\/\/minhducfurniture.com\/fr\/\",\"name\":\"Minh Duc Furniture\",\"description\":\"Vietnam Furniture Supplier\",\"publisher\":{\"@id\":\"https:\/\/minhducfurniture.com\/fr\/#organization\"},\"alternateName\":\"Vietnam Online Shop\",\"potentialAction\":[{\"@type\":\"SearchAction\",\"target\":{\"@type\":\"EntryPoint\",\"urlTemplate\":\"https:\/\/minhducfurniture.com\/fr\/?s={search_term_string}\"},\"query-input\":{\"@type\":\"PropertyValueSpecification\",\"valueRequired\":true,\"valueName\":\"search_term_string\"}}],\"inLanguage\":\"fr-FR\"},{\"@type\":\"Organization\",\"@id\":\"https:\/\/minhducfurniture.com\/fr\/#organization\",\"name\":\"Minh Duc Furniture\",\"alternateName\":\"Vietnam Furniture Export\",\"url\":\"https:\/\/minhducfurniture.com\/fr\/\",\"logo\":{\"@type\":\"ImageObject\",\"inLanguage\":\"fr-FR\",\"@id\":\"https:\/\/minhducfurniture.com\/fr\/#\/schema\/logo\/image\/\",\"url\":\"\",\"contentUrl\":\"\",\"caption\":\"Minh Duc Furniture\"},\"image\":{\"@id\":\"https:\/\/minhducfurniture.com\/fr\/#\/schema\/logo\/image\/\"},\"sameAs\":[\"https:\/\/www.pinterest.com\/hienthaoshop\/pins\/\"]}]}<\/script>\n<!-- \/ Yoast SEO plugin. -->","yoast_head_json":{"title":"Service de livraison internationale de meubles simple et fiable - Minh Duc Furniture","description":"Notre objectif est d\u2019exporter nos produits dans le monde entier, c\u2019est pourquoi nous avons d\u00e9velopp\u00e9 un service solide de livraison internationale de meubles.","robots":{"index":"index","follow":"follow","max-snippet":"max-snippet:-1","max-image-preview":"max-image-preview:large","max-video-preview":"max-video-preview:-1"},"canonical":"https:\/\/minhducfurniture.com\/fr\/service-de-livraison-internationale-de-meubles-simple-et-fiable\/","og_locale":"fr_FR","og_type":"article","og_title":"Service de livraison internationale de meubles simple et fiable - Minh Duc Furniture","og_description":"Notre objectif est d\u2019exporter nos produits dans le monde entier, c\u2019est pourquoi nous avons d\u00e9velopp\u00e9 un service solide de livraison internationale de meubles.","og_url":"https:\/\/minhducfurniture.com\/fr\/service-de-livraison-internationale-de-meubles-simple-et-fiable\/","og_site_name":"Minh Duc Furniture","article_modified_time":"2025-09-19T17:47:53+00:00","og_image":[{"width":700,"height":515,"url":"https:\/\/minhducfurniture.com\/wp-content\/uploads\/2025\/09\/International-Furniture-Delivery-Service.jpg","type":"image\/jpeg"}],"twitter_card":"summary_large_image","twitter_misc":{"Dur\u00e9e de lecture estim\u00e9e":"2 minutes"},"schema":{"@context":"https:\/\/schema.org","@graph":[{"@type":"WebPage","@id":"https:\/\/minhducfurniture.com\/fr\/service-de-livraison-internationale-de-meubles-simple-et-fiable\/","url":"https:\/\/minhducfurniture.com\/fr\/service-de-livraison-internationale-de-meubles-simple-et-fiable\/","name":"Service de livraison internationale de meubles simple et fiable - Minh Duc Furniture","isPartOf":{"@id":"https:\/\/minhducfurniture.com\/fr\/#website"},"primaryImageOfPage":{"@id":"https:\/\/minhducfurniture.com\/fr\/service-de-livraison-internationale-de-meubles-simple-et-fiable\/#primaryimage"},"image":{"@id":"https:\/\/minhducfurniture.com\/fr\/service-de-livraison-internationale-de-meubles-simple-et-fiable\/#primaryimage"},"thumbnailUrl":"https:\/\/minhducfurniture.com\/wp-content\/uploads\/2025\/09\/International-Furniture-Delivery-Service.jpg","datePublished":"2025-09-11T11:21:08+00:00","dateModified":"2025-09-19T17:47:53+00:00","description":"Notre objectif est d\u2019exporter nos produits dans le monde entier, c\u2019est pourquoi nous avons d\u00e9velopp\u00e9 un service solide de livraison internationale de meubles.","breadcrumb":{"@id":"https:\/\/minhducfurniture.com\/fr\/service-de-livraison-internationale-de-meubles-simple-et-fiable\/#breadcrumb"},"inLanguage":"fr-FR","potentialAction":[{"@type":"ReadAction","target":["https:\/\/minhducfurniture.com\/fr\/service-de-livraison-internationale-de-meubles-simple-et-fiable\/"]}]},{"@type":"ImageObject","inLanguage":"fr-FR","@id":"https:\/\/minhducfurniture.com\/fr\/service-de-livraison-internationale-de-meubles-simple-et-fiable\/#primaryimage","url":"https:\/\/minhducfurniture.com\/wp-content\/uploads\/2025\/09\/International-Furniture-Delivery-Service.jpg","contentUrl":"https:\/\/minhducfurniture.com\/wp-content\/uploads\/2025\/09\/International-Furniture-Delivery-Service.jpg","width":700,"height":515,"caption":"International Furniture Delivery Service"},{"@type":"BreadcrumbList","@id":"https:\/\/minhducfurniture.com\/fr\/service-de-livraison-internationale-de-meubles-simple-et-fiable\/#breadcrumb","itemListElement":[{"@type":"ListItem","position":1,"name":"Home","item":"https:\/\/minhducfurniture.com\/fr\/"},{"@type":"ListItem","position":2,"name":"Service de livraison internationale de meubles simple et fiable"}]},{"@type":"WebSite","@id":"https:\/\/minhducfurniture.com\/fr\/#website","url":"https:\/\/minhducfurniture.com\/fr\/","name":"Minh Duc Furniture","description":"Vietnam Furniture Supplier","publisher":{"@id":"https:\/\/minhducfurniture.com\/fr\/#organization"},"alternateName":"Vietnam Online Shop","potentialAction":[{"@type":"SearchAction","target":{"@type":"EntryPoint","urlTemplate":"https:\/\/minhducfurniture.com\/fr\/?s={search_term_string}"},"query-input":{"@type":"PropertyValueSpecification","valueRequired":true,"valueName":"search_term_string"}}],"inLanguage":"fr-FR"},{"@type":"Organization","@id":"https:\/\/minhducfurniture.com\/fr\/#organization","name":"Minh Duc Furniture","alternateName":"Vietnam Furniture Export","url":"https:\/\/minhducfurniture.com\/fr\/","logo":{"@type":"ImageObject","inLanguage":"fr-FR","@id":"https:\/\/minhducfurniture.com\/fr\/#\/schema\/logo\/image\/","url":"","contentUrl":"","caption":"Minh Duc Furniture"},"image":{"@id":"https:\/\/minhducfurniture.com\/fr\/#\/schema\/logo\/image\/"},"sameAs":["https:\/\/www.pinterest.com\/hienthaoshop\/pins\/"]}]}},"_links":{"self":[{"href":"https:\/\/minhducfurniture.com\/fr\/wp-json\/wp\/v2\/pages\/53091","targetHints":{"allow":["GET"]}}],"collection":[{"href":"https:\/\/minhducfurniture.com\/fr\/wp-json\/wp\/v2\/pages"}],"about":[{"href":"https:\/\/minhducfurniture.com\/fr\/wp-json\/wp\/v2\/types\/page"}],"author":[{"embeddable":true,"href":"https:\/\/minhducfurniture.com\/fr\/wp-json\/wp\/v2\/users\/1"}],"replies":[{"embeddable":true,"href":"https:\/\/minhducfurniture.com\/fr\/wp-json\/wp\/v2\/comments?post=53091"}],"version-history":[{"count":5,"href":"https:\/\/minhducfurniture.com\/fr\/wp-json\/wp\/v2\/pages\/53091\/revisions"}],"predecessor-version":[{"id":53461,"href":"https:\/\/minhducfurniture.com\/fr\/wp-json\/wp\/v2\/pages\/53091\/revisions\/53461"}],"wp:featuredmedia":[{"embeddable":true,"href":"https:\/\/minhducfurniture.com\/fr\/wp-json\/wp\/v2\/media\/53092"}],"wp:attachment":[{"href":"https:\/\/minhducfurniture.com\/fr\/wp-json\/wp\/v2\/media?parent=53091"}],"curies":[{"name":"wp","href":"https:\/\/api.w.org\/{rel}","templated":true}]}}