{"id":55371,"date":"2026-04-12T01:33:18","date_gmt":"2026-04-11T18:33:18","guid":{"rendered":"https:\/\/minhducfurniture.com\/product\/sillas-metalicas-comerciales-para-espacios-modernos-de-hosteleria-y-restauracion\/"},"modified":"2026-04-15T17:46:40","modified_gmt":"2026-04-15T10:46:40","slug":"sillas-metalicas-comerciales-para-espacios-modernos-de-hosteleria-y-restauracion","status":"publish","type":"product","link":"https:\/\/minhducfurniture.com\/es\/product\/sillas-metalicas-comerciales-para-espacios-modernos-de-hosteleria-y-restauracion\/","title":{"rendered":"Sillas met\u00e1licas comerciales para espacios modernos de hosteler\u00eda y restauraci\u00f3n"},"content":{"rendered":"<h2><span style=\"font-size: 90%\">Banco met\u00e1lico tapizado comercial &#8211; Asientos modernos para espacios de hosteler\u00eda<\/span><\/h2>\n<div>\n<div><strong>Las sillas met\u00e1licas comerciales<\/strong> est\u00e1n dise\u00f1adas para interiores comerciales contempor\u00e1neos, combinando durabilidad, comodidad y est\u00e9tica refinada. El armaz\u00f3n de acero con recubrimiento de polvo garantiza un rendimiento a largo plazo, mientras que el asiento tapizado mejora la experiencia del usuario en entornos muy transitados. <\/div>\n<div><\/div>\n<div>El lenguaje de dise\u00f1o est\u00e1 definido por una forma tubular redondeada continua, que crea un suave \u00abaspecto de firma\u00bb distintivo y f\u00e1cilmente reconocible en espacios interiores de alta gama.<\/div>\n<div><\/div>\n<div>El armaz\u00f3n met\u00e1lico est\u00e1 dise\u00f1ado con precisi\u00f3n, con un perfil delgado y acabado en pintura en polvo negra para mejorar la resistencia a la corrosi\u00f3n y la durabilidad a largo plazo. El coj\u00edn del asiento tiene espuma de PU de alta calidad, que proporciona una c\u00f3moda experiencia de asiento, mantiene su forma con el paso del tiempo y satisface las exigencias del uso continuo en entornos comerciales. \t<div id=\"gap-251334762\" class=\"gap-element clearfix\" style=\"display:block; height:auto;\">\n\t\t\n<style>\n#gap-251334762 {\n  padding-top: 15px;\n}\n<\/style>\n\t<\/div>\n\t<\/div>\n<\/div>\n<div>\n<figure id=\"attachment_55350\" aria-describedby=\"caption-attachment-55350\" style=\"width: 850px\" class=\"wp-caption aligncenter\"><img decoding=\"async\" class=\"size-full wp-image-55224\" src=\"https:\/\/minhducfurniture.com\/wp-content\/uploads\/2026\/04\/Olive-green-commercial-metal-chair.jpg\" alt=\"Silla met\u00e1lica comercial verde oliva\" width=\"850\" height=\"567\" srcset=\"https:\/\/minhducfurniture.com\/wp-content\/uploads\/2026\/04\/Olive-green-commercial-metal-chair.jpg 850w, https:\/\/minhducfurniture.com\/wp-content\/uploads\/2026\/04\/Olive-green-commercial-metal-chair-600x400.jpg 600w, https:\/\/minhducfurniture.com\/wp-content\/uploads\/2026\/04\/Olive-green-commercial-metal-chair-768x512.jpg 768w, https:\/\/minhducfurniture.com\/wp-content\/uploads\/2026\/04\/Olive-green-commercial-metal-chair-510x340.jpg 510w\" sizes=\"(max-width: 850px) 100vw, 850px\" \/><figcaption id=\"caption-attachment-55350\" class=\"wp-caption-text\">Sillas met\u00e1licas comerciales verde oliva<\/figcaption><\/figure>\n<\/div>\n<div>\n<div>\n<h3 data-section-id=\"pm8yra\" data-start=\"1041\" data-end=\"1061\"><span role=\"text\"><strong data-start=\"1045\" data-end=\"1061\">Caracter\u00edsticas principales<\/strong><\/span><\/h3>\n<ul data-start=\"1062\" data-end=\"1339\">\n<li data-section-id=\"1w7yc1p\" data-start=\"1062\" data-end=\"1118\">Duradero bastidor de acero con recubrimiento de polvo para uso comercial<\/li>\n<li data-section-id=\"1rq6zfw\" data-start=\"1119\" data-end=\"1174\">C\u00f3modo asiento acolchado con espuma de alta densidad<\/li>\n<li data-section-id=\"teepsi\" data-start=\"1175\" data-end=\"1233\">Dise\u00f1o redondeado caracter\u00edstico para una identidad visual refinada<\/li>\n<li data-section-id=\"qvlf8a\" data-start=\"1234\" data-end=\"1288\">Adecuado para entornos de hosteler\u00eda muy frecuentados<\/li>\n<li data-section-id=\"1ozitr0\" data-start=\"1289\" data-end=\"1339\">Materiales, colores y dimensiones personalizables<\/li>\n<\/ul>\n<h4>Descripci\u00f3n del producto Sof\u00e1 banco largo<\/h4>\n<ul>\n<li>C\u00f3digo del producto MDLSF-HK3<\/li>\n<li>Dimensiones: Longitud personalizada *SH420*H750-800 mm<\/li>\n<li>Armaz\u00f3n: Acero con recubrimiento de polvo<\/li>\n<li>Asiento y respaldo: Espuma de PU tapizada (tela o cuero opcional)<\/li>\n<li>Estilo: Moderno \/ Minimalista \/ Escandinavo<\/li>\n<li>Uso: Mobiliario comercial de interior<\/li>\n<li>Peso de carga: 380 kg<\/li>\n<li>Origen: Vietnam<\/li>\n<\/ul>\n<figure id=\"attachment_55351\" aria-describedby=\"caption-attachment-55351\" style=\"width: 850px\" class=\"wp-caption aligncenter\"><img decoding=\"async\" class=\"size-full wp-image-55225\" src=\"https:\/\/minhducfurniture.com\/wp-content\/uploads\/2026\/04\/Commercial-metal-chairs-in-the-airport.jpg\" alt=\"Sillas met\u00e1licas comerciales en el aeropuerto\" width=\"850\" height=\"567\" srcset=\"https:\/\/minhducfurniture.com\/wp-content\/uploads\/2026\/04\/Commercial-metal-chairs-in-the-airport.jpg 850w, https:\/\/minhducfurniture.com\/wp-content\/uploads\/2026\/04\/Commercial-metal-chairs-in-the-airport-600x400.jpg 600w, https:\/\/minhducfurniture.com\/wp-content\/uploads\/2026\/04\/Commercial-metal-chairs-in-the-airport-768x512.jpg 768w, https:\/\/minhducfurniture.com\/wp-content\/uploads\/2026\/04\/Commercial-metal-chairs-in-the-airport-510x340.jpg 510w\" sizes=\"(max-width: 850px) 100vw, 850px\" \/><figcaption id=\"caption-attachment-55351\" class=\"wp-caption-text\">Sillas met\u00e1licas comerciales en el aeropuerto<\/figcaption><\/figure>\n<h4>Informaci\u00f3n para pedidos<\/h4>\n<ul>\n<li>Cantidad m\u00ednima de pedido (MOQ): 50 unidades<\/li>\n<li>Plazo de entrega: 30-35 d\u00edas despu\u00e9s del dep\u00f3sito<\/li>\n<li>Plazo de entrega: FOB puerto de Hai Phong, Vietnam<\/li>\n<li>Condiciones de pago: T\/T 30% de dep\u00f3sito, 70% de saldo antes del env\u00edo<\/li>\n<li>Si tienes tu propio dise\u00f1o personalizado y necesitas producci\u00f3n en serie, ponte en contacto con nosotros para obtener m\u00e1s ayuda.<\/li>\n<\/ul>\n<figure id=\"attachment_55352\" aria-describedby=\"caption-attachment-55352\" style=\"width: 850px\" class=\"wp-caption aligncenter\"><img decoding=\"async\" class=\"size-full wp-image-55226\" src=\"https:\/\/minhducfurniture.com\/wp-content\/uploads\/2026\/04\/Another-example-of-a-commercial-metal-chairs.jpg\" alt=\"Otro ejemplo de sillas met\u00e1licas comerciales\" width=\"850\" height=\"567\" srcset=\"https:\/\/minhducfurniture.com\/wp-content\/uploads\/2026\/04\/Another-example-of-a-commercial-metal-chairs.jpg 850w, https:\/\/minhducfurniture.com\/wp-content\/uploads\/2026\/04\/Another-example-of-a-commercial-metal-chairs-600x400.jpg 600w, https:\/\/minhducfurniture.com\/wp-content\/uploads\/2026\/04\/Another-example-of-a-commercial-metal-chairs-768x512.jpg 768w, https:\/\/minhducfurniture.com\/wp-content\/uploads\/2026\/04\/Another-example-of-a-commercial-metal-chairs-510x340.jpg 510w\" sizes=\"(max-width: 850px) 100vw, 850px\" \/><figcaption id=\"caption-attachment-55352\" class=\"wp-caption-text\">Otro ejemplo de sillas met\u00e1licas comerciales<\/figcaption><\/figure>\n<h4>Informaci\u00f3n de contacto<\/h4>\n<ul>\n<li>Minh Duc Public Furniture Co.<\/li>\n<li>Direcci\u00f3n: G04-L04 Villa An Quy, Duong Noi, Hanoi, Vietnam<\/li>\n<li>Tel\u00e9fono\/WhatsApp\/Zalo: +84 908 314 939<\/li>\n<\/ul>\n<p>M\u00e1s de nuestras colecciones<\/p>\n<ul>\n<li><span style=\"color: #008080\"><a style=\"color: #008080\" href=\"https:\/\/minhducfurniture.com\/es\/product\/sillas-metalicas-de-cafeteria-asientos-duraderos-y-elegantes-para-espacios-modernos\/\">Sillas met\u00e1licas de cafeter\u00eda asientos duraderos y elegantes para espacios modernos<\/a><\/span><\/li>\n<li><span style=\"color: #008080\"><a style=\"color: #008080\" href=\"https:\/\/minhducfurniture.com\/es\/product\/sillon-tapizado-pequeno-estructura-metalica-sillon-moderno\/\">Sill\u00f3n tapizado peque\u00f1o estructura met\u00e1lica sill\u00f3n moderno<\/a><\/span><\/li>\n<\/ul>\n<div class=\"social-icons share-icons share-row relative\" ><a href=\"whatsapp:\/\/send?text=Sillas%20met%C3%A1licas%20comerciales%20para%20espacios%20modernos%20de%20hosteler%C3%ADa%20y%20restauraci%C3%B3n - https:\/\/minhducfurniture.com\/es\/product\/sillas-metalicas-comerciales-para-espacios-modernos-de-hosteleria-y-restauracion\/\" data-action=\"share\/whatsapp\/share\" class=\"icon primary button round tooltip whatsapp show-for-medium\" title=\"Compartir en WhatsApp\" aria-label=\"Compartir en WhatsApp\"><i class=\"icon-whatsapp\" aria-hidden=\"true\"><\/i><\/a><a href=\"https:\/\/www.facebook.com\/sharer.php?u=https:\/\/minhducfurniture.com\/es\/product\/sillas-metalicas-comerciales-para-espacios-modernos-de-hosteleria-y-restauracion\/\" data-label=\"Facebook\" onclick=\"window.open(this.href,this.title,'width=500,height=500,top=300px,left=300px'); return false;\" target=\"_blank\" class=\"icon primary button round tooltip facebook\" title=\"Compartir en Facebook\" aria-label=\"Compartir en Facebook\" rel=\"noopener nofollow\"><i class=\"icon-facebook\" aria-hidden=\"true\"><\/i><\/a><a href=\"https:\/\/twitter.com\/share?url=https:\/\/minhducfurniture.com\/es\/product\/sillas-metalicas-comerciales-para-espacios-modernos-de-hosteleria-y-restauracion\/\" onclick=\"window.open(this.href,this.title,'width=500,height=500,top=300px,left=300px'); return false;\" target=\"_blank\" class=\"icon primary button round tooltip twitter\" title=\"Compartir en Twitter\" aria-label=\"Compartir en Twitter\" rel=\"noopener nofollow\"><i class=\"icon-twitter\" aria-hidden=\"true\"><\/i><\/a><a href=\"mailto:?subject=Sillas%20met%C3%A1licas%20comerciales%20para%20espacios%20modernos%20de%20hosteler%C3%ADa%20y%20restauraci%C3%B3n&body=Check%20this%20out%3A%20https%3A%2F%2Fminhducfurniture.com%2Fes%2Fproduct%2Fsillas-metalicas-comerciales-para-espacios-modernos-de-hosteleria-y-restauracion%2F\" class=\"icon primary button round tooltip email\" title=\"Env\u00eda por email\" aria-label=\"Env\u00eda por email\" rel=\"nofollow\"><i class=\"icon-envelop\" aria-hidden=\"true\"><\/i><\/a><a href=\"https:\/\/pinterest.com\/pin\/create\/button?url=https:\/\/minhducfurniture.com\/es\/product\/sillas-metalicas-comerciales-para-espacios-modernos-de-hosteleria-y-restauracion\/&media=https:\/\/minhducfurniture.com\/wp-content\/uploads\/2026\/04\/Commercial-metal-chairs.jpg&description=Sillas%20met%C3%A1licas%20comerciales%20para%20espacios%20modernos%20de%20hosteler%C3%ADa%20y%20restauraci%C3%B3n\" onclick=\"window.open(this.href,this.title,'width=500,height=500,top=300px,left=300px'); return false;\" target=\"_blank\" class=\"icon primary button round tooltip pinterest\" title=\"Pinear en Pinterest\" aria-label=\"Pinear en Pinterest\" rel=\"noopener nofollow\"><i class=\"icon-pinterest\" aria-hidden=\"true\"><\/i><\/a><a href=\"https:\/\/www.linkedin.com\/shareArticle?mini=true&url=https:\/\/minhducfurniture.com\/es\/product\/sillas-metalicas-comerciales-para-espacios-modernos-de-hosteleria-y-restauracion\/&title=Sillas%20met%C3%A1licas%20comerciales%20para%20espacios%20modernos%20de%20hosteler%C3%ADa%20y%20restauraci%C3%B3n\" onclick=\"window.open(this.href,this.title,'width=500,height=500,top=300px,left=300px'); return false;\" target=\"_blank\" class=\"icon primary button round tooltip linkedin\" title=\"Compartir en LinkedIn\" aria-label=\"Compartir en LinkedIn\" rel=\"noopener nofollow\"><i class=\"icon-linkedin\" aria-hidden=\"true\"><\/i><\/a><\/div>\n<\/div>\n<\/div>\n","protected":false},"excerpt":{"rendered":"<ul>\n<li>C\u00f3digo del producto MDLSF-HK3<\/li>\n<li>Dimensiones: Longitud personalizada *SH420*H750-800 mm<\/li>\n<li>Armaz\u00f3n: Acero con recubrimiento de polvo<\/li>\n<li>Asiento y respaldo: Espuma de PU tapizada (tela o cuero opcional)<\/li>\n<li>Estilo: Moderno \/ Minimalista \/ Escandinavo<\/li>\n<li>Uso: Mobiliario comercial de interior<\/li>\n<li>Peso de carga: 380 kg<\/li>\n<li>Origen: Vietnam<\/li>\n<li>L\u00ednea directa\/ WhatsApp:+84908314939<\/li>\n<\/ul>\n","protected":false},"featured_media":55353,"comment_status":"open","ping_status":"closed","template":"","meta":[],"product_brand":[],"product_cat":[13006,13018],"product_tag":[13038],"class_list":{"0":"post-55371","1":"product","2":"type-product","3":"status-publish","4":"has-post-thumbnail","6":"product_cat-banco-de-exterior","7":"product_cat-sillones-lounge","8":"product_tag-silla-de-estructura-metalica","10":"first","11":"instock","12":"shipping-taxable","13":"product-type-simple"},"yoast_head":"<!-- This site is optimized with the Yoast SEO plugin v27.4 - https:\/\/yoast.com\/product\/yoast-seo-wordpress\/ -->\n<title>Sillas met\u00e1licas comerciales para espacios modernos de hosteler\u00eda y restauraci\u00f3n - Minh Duc Furniture<\/title>\n<meta name=\"description\" content=\"Las sillas met\u00e1licas comerciales est\u00e1n dise\u00f1adas para interiores comerciales contempor\u00e1neos, combinando durabilidad, comodidad y est\u00e9tica refinada. El acabado en polvo\" \/>\n<meta name=\"robots\" content=\"index, follow, max-snippet:-1, max-image-preview:large, max-video-preview:-1\" \/>\n<link rel=\"canonical\" href=\"https:\/\/minhducfurniture.com\/es\/product\/sillas-metalicas-comerciales-para-espacios-modernos-de-hosteleria-y-restauracion\/\" \/>\n<meta property=\"og:locale\" content=\"es_ES\" \/>\n<meta property=\"og:type\" content=\"article\" \/>\n<meta property=\"og:title\" content=\"Sillas met\u00e1licas comerciales para espacios modernos de hosteler\u00eda y restauraci\u00f3n - Minh Duc Furniture\" \/>\n<meta property=\"og:description\" content=\"Las sillas met\u00e1licas comerciales est\u00e1n dise\u00f1adas para interiores comerciales contempor\u00e1neos, combinando durabilidad, comodidad y est\u00e9tica refinada. El acabado en polvo\" \/>\n<meta property=\"og:url\" content=\"https:\/\/minhducfurniture.com\/es\/product\/sillas-metalicas-comerciales-para-espacios-modernos-de-hosteleria-y-restauracion\/\" \/>\n<meta property=\"og:site_name\" content=\"Minh Duc Furniture\" \/>\n<meta property=\"article:modified_time\" content=\"2026-04-15T10:46:40+00:00\" \/>\n<meta property=\"og:image\" content=\"https:\/\/minhducfurniture.com\/wp-content\/uploads\/2026\/04\/Commercial-metal-chairs.jpg\" \/>\n\t<meta property=\"og:image:width\" content=\"750\" \/>\n\t<meta property=\"og:image:height\" content=\"750\" \/>\n\t<meta property=\"og:image:type\" content=\"image\/jpeg\" \/>\n<meta name=\"twitter:card\" content=\"summary_large_image\" \/>\n<meta name=\"twitter:label1\" content=\"Tiempo de lectura\" \/>\n\t<meta name=\"twitter:data1\" content=\"2 minutos\" \/>\n<script type=\"application\/ld+json\" class=\"yoast-schema-graph\">{\"@context\":\"https:\\\/\\\/schema.org\",\"@graph\":[{\"@type\":\"WebPage\",\"@id\":\"https:\\\/\\\/minhducfurniture.com\\\/es\\\/product\\\/sillas-metalicas-comerciales-para-espacios-modernos-de-hosteleria-y-restauracion\\\/\",\"url\":\"https:\\\/\\\/minhducfurniture.com\\\/es\\\/product\\\/sillas-metalicas-comerciales-para-espacios-modernos-de-hosteleria-y-restauracion\\\/\",\"name\":\"Sillas met\u00e1licas comerciales para espacios modernos de hosteler\u00eda y restauraci\u00f3n - Minh Duc Furniture\",\"isPartOf\":{\"@id\":\"https:\\\/\\\/minhducfurniture.com\\\/es\\\/#website\"},\"primaryImageOfPage\":{\"@id\":\"https:\\\/\\\/minhducfurniture.com\\\/es\\\/product\\\/sillas-metalicas-comerciales-para-espacios-modernos-de-hosteleria-y-restauracion\\\/#primaryimage\"},\"image\":{\"@id\":\"https:\\\/\\\/minhducfurniture.com\\\/es\\\/product\\\/sillas-metalicas-comerciales-para-espacios-modernos-de-hosteleria-y-restauracion\\\/#primaryimage\"},\"thumbnailUrl\":\"https:\\\/\\\/minhducfurniture.com\\\/wp-content\\\/uploads\\\/2026\\\/04\\\/Commercial-metal-chairs.jpg\",\"datePublished\":\"2026-04-11T18:33:18+00:00\",\"dateModified\":\"2026-04-15T10:46:40+00:00\",\"description\":\"Las sillas met\u00e1licas comerciales est\u00e1n dise\u00f1adas para interiores comerciales contempor\u00e1neos, combinando durabilidad, comodidad y est\u00e9tica refinada. El acabado en polvo\",\"breadcrumb\":{\"@id\":\"https:\\\/\\\/minhducfurniture.com\\\/es\\\/product\\\/sillas-metalicas-comerciales-para-espacios-modernos-de-hosteleria-y-restauracion\\\/#breadcrumb\"},\"inLanguage\":\"es\",\"potentialAction\":[{\"@type\":\"ReadAction\",\"target\":[\"https:\\\/\\\/minhducfurniture.com\\\/es\\\/product\\\/sillas-metalicas-comerciales-para-espacios-modernos-de-hosteleria-y-restauracion\\\/\"]}]},{\"@type\":\"ImageObject\",\"inLanguage\":\"es\",\"@id\":\"https:\\\/\\\/minhducfurniture.com\\\/es\\\/product\\\/sillas-metalicas-comerciales-para-espacios-modernos-de-hosteleria-y-restauracion\\\/#primaryimage\",\"url\":\"https:\\\/\\\/minhducfurniture.com\\\/wp-content\\\/uploads\\\/2026\\\/04\\\/Commercial-metal-chairs.jpg\",\"contentUrl\":\"https:\\\/\\\/minhducfurniture.com\\\/wp-content\\\/uploads\\\/2026\\\/04\\\/Commercial-metal-chairs.jpg\",\"width\":750,\"height\":750,\"caption\":\"Sillas met\u00e1licas comerciales\"},{\"@type\":\"BreadcrumbList\",\"@id\":\"https:\\\/\\\/minhducfurniture.com\\\/es\\\/product\\\/sillas-metalicas-comerciales-para-espacios-modernos-de-hosteleria-y-restauracion\\\/#breadcrumb\",\"itemListElement\":[{\"@type\":\"ListItem\",\"position\":1,\"name\":\"Home\",\"item\":\"https:\\\/\\\/minhducfurniture.com\\\/es\\\/\"},{\"@type\":\"ListItem\",\"position\":2,\"name\":\"Shop\",\"item\":\"https:\\\/\\\/minhducfurniture.com\\\/shop\\\/\"},{\"@type\":\"ListItem\",\"position\":3,\"name\":\"Sillas met\u00e1licas comerciales para espacios modernos de hosteler\u00eda y restauraci\u00f3n\"}]},{\"@type\":\"WebSite\",\"@id\":\"https:\\\/\\\/minhducfurniture.com\\\/es\\\/#website\",\"url\":\"https:\\\/\\\/minhducfurniture.com\\\/es\\\/\",\"name\":\"Minh Duc Furniture\",\"description\":\"Vietnam Furniture Supplier\",\"publisher\":{\"@id\":\"https:\\\/\\\/minhducfurniture.com\\\/es\\\/#organization\"},\"alternateName\":\"Vietnam Online Shop\",\"potentialAction\":[{\"@type\":\"SearchAction\",\"target\":{\"@type\":\"EntryPoint\",\"urlTemplate\":\"https:\\\/\\\/minhducfurniture.com\\\/es\\\/?s={search_term_string}\"},\"query-input\":{\"@type\":\"PropertyValueSpecification\",\"valueRequired\":true,\"valueName\":\"search_term_string\"}}],\"inLanguage\":\"es\"},{\"@type\":\"Organization\",\"@id\":\"https:\\\/\\\/minhducfurniture.com\\\/es\\\/#organization\",\"name\":\"Minh Duc Furniture\",\"alternateName\":\"Vietnam Furniture Export\",\"url\":\"https:\\\/\\\/minhducfurniture.com\\\/es\\\/\",\"logo\":{\"@type\":\"ImageObject\",\"inLanguage\":\"es\",\"@id\":\"https:\\\/\\\/minhducfurniture.com\\\/es\\\/#\\\/schema\\\/logo\\\/image\\\/\",\"url\":\"\",\"contentUrl\":\"\",\"caption\":\"Minh Duc Furniture\"},\"image\":{\"@id\":\"https:\\\/\\\/minhducfurniture.com\\\/es\\\/#\\\/schema\\\/logo\\\/image\\\/\"},\"sameAs\":[\"https:\\\/\\\/www.pinterest.com\\\/hienthaoshop\\\/pins\\\/\"]}]}<\/script>\n<!-- \/ Yoast SEO plugin. -->","yoast_head_json":{"title":"Sillas met\u00e1licas comerciales para espacios modernos de hosteler\u00eda y restauraci\u00f3n - Minh Duc Furniture","description":"Las sillas met\u00e1licas comerciales est\u00e1n dise\u00f1adas para interiores comerciales contempor\u00e1neos, combinando durabilidad, comodidad y est\u00e9tica refinada. El acabado en polvo","robots":{"index":"index","follow":"follow","max-snippet":"max-snippet:-1","max-image-preview":"max-image-preview:large","max-video-preview":"max-video-preview:-1"},"canonical":"https:\/\/minhducfurniture.com\/es\/product\/sillas-metalicas-comerciales-para-espacios-modernos-de-hosteleria-y-restauracion\/","og_locale":"es_ES","og_type":"article","og_title":"Sillas met\u00e1licas comerciales para espacios modernos de hosteler\u00eda y restauraci\u00f3n - Minh Duc Furniture","og_description":"Las sillas met\u00e1licas comerciales est\u00e1n dise\u00f1adas para interiores comerciales contempor\u00e1neos, combinando durabilidad, comodidad y est\u00e9tica refinada. El acabado en polvo","og_url":"https:\/\/minhducfurniture.com\/es\/product\/sillas-metalicas-comerciales-para-espacios-modernos-de-hosteleria-y-restauracion\/","og_site_name":"Minh Duc Furniture","article_modified_time":"2026-04-15T10:46:40+00:00","og_image":[{"width":750,"height":750,"url":"https:\/\/minhducfurniture.com\/wp-content\/uploads\/2026\/04\/Commercial-metal-chairs.jpg","type":"image\/jpeg"}],"twitter_card":"summary_large_image","twitter_misc":{"Tiempo de lectura":"2 minutos"},"schema":{"@context":"https:\/\/schema.org","@graph":[{"@type":"WebPage","@id":"https:\/\/minhducfurniture.com\/es\/product\/sillas-metalicas-comerciales-para-espacios-modernos-de-hosteleria-y-restauracion\/","url":"https:\/\/minhducfurniture.com\/es\/product\/sillas-metalicas-comerciales-para-espacios-modernos-de-hosteleria-y-restauracion\/","name":"Sillas met\u00e1licas comerciales para espacios modernos de hosteler\u00eda y restauraci\u00f3n - Minh Duc Furniture","isPartOf":{"@id":"https:\/\/minhducfurniture.com\/es\/#website"},"primaryImageOfPage":{"@id":"https:\/\/minhducfurniture.com\/es\/product\/sillas-metalicas-comerciales-para-espacios-modernos-de-hosteleria-y-restauracion\/#primaryimage"},"image":{"@id":"https:\/\/minhducfurniture.com\/es\/product\/sillas-metalicas-comerciales-para-espacios-modernos-de-hosteleria-y-restauracion\/#primaryimage"},"thumbnailUrl":"https:\/\/minhducfurniture.com\/wp-content\/uploads\/2026\/04\/Commercial-metal-chairs.jpg","datePublished":"2026-04-11T18:33:18+00:00","dateModified":"2026-04-15T10:46:40+00:00","description":"Las sillas met\u00e1licas comerciales est\u00e1n dise\u00f1adas para interiores comerciales contempor\u00e1neos, combinando durabilidad, comodidad y est\u00e9tica refinada. El acabado en polvo","breadcrumb":{"@id":"https:\/\/minhducfurniture.com\/es\/product\/sillas-metalicas-comerciales-para-espacios-modernos-de-hosteleria-y-restauracion\/#breadcrumb"},"inLanguage":"es","potentialAction":[{"@type":"ReadAction","target":["https:\/\/minhducfurniture.com\/es\/product\/sillas-metalicas-comerciales-para-espacios-modernos-de-hosteleria-y-restauracion\/"]}]},{"@type":"ImageObject","inLanguage":"es","@id":"https:\/\/minhducfurniture.com\/es\/product\/sillas-metalicas-comerciales-para-espacios-modernos-de-hosteleria-y-restauracion\/#primaryimage","url":"https:\/\/minhducfurniture.com\/wp-content\/uploads\/2026\/04\/Commercial-metal-chairs.jpg","contentUrl":"https:\/\/minhducfurniture.com\/wp-content\/uploads\/2026\/04\/Commercial-metal-chairs.jpg","width":750,"height":750,"caption":"Sillas met\u00e1licas comerciales"},{"@type":"BreadcrumbList","@id":"https:\/\/minhducfurniture.com\/es\/product\/sillas-metalicas-comerciales-para-espacios-modernos-de-hosteleria-y-restauracion\/#breadcrumb","itemListElement":[{"@type":"ListItem","position":1,"name":"Home","item":"https:\/\/minhducfurniture.com\/es\/"},{"@type":"ListItem","position":2,"name":"Shop","item":"https:\/\/minhducfurniture.com\/shop\/"},{"@type":"ListItem","position":3,"name":"Sillas met\u00e1licas comerciales para espacios modernos de hosteler\u00eda y restauraci\u00f3n"}]},{"@type":"WebSite","@id":"https:\/\/minhducfurniture.com\/es\/#website","url":"https:\/\/minhducfurniture.com\/es\/","name":"Minh Duc Furniture","description":"Vietnam Furniture Supplier","publisher":{"@id":"https:\/\/minhducfurniture.com\/es\/#organization"},"alternateName":"Vietnam Online Shop","potentialAction":[{"@type":"SearchAction","target":{"@type":"EntryPoint","urlTemplate":"https:\/\/minhducfurniture.com\/es\/?s={search_term_string}"},"query-input":{"@type":"PropertyValueSpecification","valueRequired":true,"valueName":"search_term_string"}}],"inLanguage":"es"},{"@type":"Organization","@id":"https:\/\/minhducfurniture.com\/es\/#organization","name":"Minh Duc Furniture","alternateName":"Vietnam Furniture Export","url":"https:\/\/minhducfurniture.com\/es\/","logo":{"@type":"ImageObject","inLanguage":"es","@id":"https:\/\/minhducfurniture.com\/es\/#\/schema\/logo\/image\/","url":"","contentUrl":"","caption":"Minh Duc Furniture"},"image":{"@id":"https:\/\/minhducfurniture.com\/es\/#\/schema\/logo\/image\/"},"sameAs":["https:\/\/www.pinterest.com\/hienthaoshop\/pins\/"]}]}},"_links":{"self":[{"href":"https:\/\/minhducfurniture.com\/es\/wp-json\/wp\/v2\/product\/55371","targetHints":{"allow":["GET"]}}],"collection":[{"href":"https:\/\/minhducfurniture.com\/es\/wp-json\/wp\/v2\/product"}],"about":[{"href":"https:\/\/minhducfurniture.com\/es\/wp-json\/wp\/v2\/types\/product"}],"replies":[{"embeddable":true,"href":"https:\/\/minhducfurniture.com\/es\/wp-json\/wp\/v2\/comments?post=55371"}],"wp:featuredmedia":[{"embeddable":true,"href":"https:\/\/minhducfurniture.com\/es\/wp-json\/wp\/v2\/media\/55353"}],"wp:attachment":[{"href":"https:\/\/minhducfurniture.com\/es\/wp-json\/wp\/v2\/media?parent=55371"}],"wp:term":[{"taxonomy":"product_brand","embeddable":true,"href":"https:\/\/minhducfurniture.com\/es\/wp-json\/wp\/v2\/product_brand?post=55371"},{"taxonomy":"product_cat","embeddable":true,"href":"https:\/\/minhducfurniture.com\/es\/wp-json\/wp\/v2\/product_cat?post=55371"},{"taxonomy":"product_tag","embeddable":true,"href":"https:\/\/minhducfurniture.com\/es\/wp-json\/wp\/v2\/product_tag?post=55371"}],"curies":[{"name":"wp","href":"https:\/\/api.w.org\/{rel}","templated":true}]}}