{"id":54715,"date":"2025-11-29T18:32:38","date_gmt":"2025-11-29T11:32:38","guid":{"rendered":"https:\/\/minhducfurniture.com\/product\/taburetes-de-bar-de-plastico-para-exterior-e-interior-con-respaldo-de-pp\/"},"modified":"2025-12-07T02:27:00","modified_gmt":"2025-12-06T19:27:00","slug":"taburetes-de-bar-de-plastico-para-exterior-e-interior-con-respaldo-de-pp","status":"publish","type":"product","link":"https:\/\/minhducfurniture.com\/es\/product\/taburetes-de-bar-de-plastico-para-exterior-e-interior-con-respaldo-de-pp\/","title":{"rendered":"Taburetes de bar de pl\u00e1stico para exterior e interior con respaldo de PP"},"content":{"rendered":"<h2><span style=\"font-size: 90%\">  Taburetes de bar de pl\u00e1stico ligeros para exteriores e interiores, f\u00e1ciles de reorganizar<\/span><\/h2>\n<p>Dise\u00f1ados para ofrecer flexibilidad y comodidad, estos <strong>taburetes de bar de pl\u00e1stico para exteriores<\/strong> e interiores son lo bastante ligeros como para moverlos sin esfuerzo de un espacio a otro. Tanto si est\u00e1s reorganizando tu patio para una reuni\u00f3n de fin de semana como ajustando los asientos en una isla de cocina, los taburetes pueden cambiarse de posici\u00f3n r\u00e1pidamente sin necesidad de levantar objetos pesados.<x id=\"gid_1\"><\/x>A pesar de su estructura ligera y f\u00e1cil de mover, las patas de acero con recubrimiento de polvo ofrecen una gran estabilidad, garantizando una experiencia de asiento segura y c\u00f3moda. Esta combinaci\u00f3n de movilidad y durabilidad los hace ideales tanto para reformas dom\u00e9sticas como para instalaciones comerciales de ritmo r\u00e1pido, como cafeter\u00edas y bares en azoteas.  \t<div id=\"gap-2028777674\" class=\"gap-element clearfix\" style=\"display:block; height:auto;\">\n\t\t\n<style>\n#gap-2028777674 {\n  padding-top: 15px;\n}\n<\/style>\n\t<\/div>\n\t\n<figure id=\"attachment_54550\" aria-describedby=\"caption-attachment-54550\" style=\"width: 850px\" class=\"wp-caption aligncenter\"><img decoding=\"async\" class=\"wp-image-54389 size-full\" src=\"https:\/\/minhducfurniture.com\/wp-content\/uploads\/2025\/11\/Black-plastic-bar-stools-outdoor.jpg\" alt=\"Taburete de bar de pl\u00e1stico negro para exteriores\" width=\"850\" height=\"620\" srcset=\"https:\/\/minhducfurniture.com\/wp-content\/uploads\/2025\/11\/Black-plastic-bar-stools-outdoor.jpg 850w, https:\/\/minhducfurniture.com\/wp-content\/uploads\/2025\/11\/Black-plastic-bar-stools-outdoor-548x400.jpg 548w, https:\/\/minhducfurniture.com\/wp-content\/uploads\/2025\/11\/Black-plastic-bar-stools-outdoor-768x560.jpg 768w, https:\/\/minhducfurniture.com\/wp-content\/uploads\/2025\/11\/Black-plastic-bar-stools-outdoor-510x372.jpg 510w\" sizes=\"(max-width: 850px) 100vw, 850px\" \/><figcaption id=\"caption-attachment-54550\" class=\"wp-caption-text\">Taburete de bar de pl\u00e1stico negro para exteriores<\/figcaption><\/figure>\n<h3>Caracter\u00edsticas principales del producto<\/h3>\n<ul>\n<li>Asiento de pl\u00e1stico PP y respaldo curvado: C\u00f3modo y duradero<\/li>\n<li>Patas de acero con recubrimiento de polvo: Delgadas, fuertes y resistentes al \u00f3xido<\/li>\n<li>Uso en exteriores e interiores: Patio, balc\u00f3n, barra de cocina<\/li>\n<li>Dise\u00f1o ligero: F\u00e1cil de mover y reorganizar<\/li>\n<li>F\u00e1cil mantenimiento: Resistente al agua y a las manchas<\/li>\n<li>Estilo minimalista moderno: Ideal para espacios dom\u00e9sticos y cafeter\u00edas<\/li>\n<li>M\u00faltiples opciones de color: Se adapta a varios estilos de decoraci\u00f3n<\/li>\n<\/ul>\n<figure id=\"attachment_54551\" aria-describedby=\"caption-attachment-54551\" style=\"width: 850px\" class=\"wp-caption aligncenter\"><img decoding=\"async\" class=\"wp-image-54390 size-full\" src=\"https:\/\/minhducfurniture.com\/wp-content\/uploads\/2025\/11\/Plastic-bar-stools-indoor.jpg\" alt=\"Taburete de bar de pl\u00e1stico para interior\" width=\"850\" height=\"572\" srcset=\"https:\/\/minhducfurniture.com\/wp-content\/uploads\/2025\/11\/Plastic-bar-stools-indoor.jpg 850w, https:\/\/minhducfurniture.com\/wp-content\/uploads\/2025\/11\/Plastic-bar-stools-indoor-594x400.jpg 594w, https:\/\/minhducfurniture.com\/wp-content\/uploads\/2025\/11\/Plastic-bar-stools-indoor-768x517.jpg 768w, https:\/\/minhducfurniture.com\/wp-content\/uploads\/2025\/11\/Plastic-bar-stools-indoor-510x343.jpg 510w\" sizes=\"(max-width: 850px) 100vw, 850px\" \/><figcaption id=\"caption-attachment-54551\" class=\"wp-caption-text\">Taburete de bar de pl\u00e1stico para interior<\/figcaption><\/figure>\n<h4>Descripci\u00f3n del producto<\/h4>\n<ul>\n<li>C\u00f3digo del producto: MDS-D130<\/li>\n<li>Tama\u00f1o de la silla: D503mm*SH756mm*H1554mm*W460mm<\/li>\n<li>100% pl\u00e1stico PP con revestimiento anti UV<\/li>\n<li>Armaz\u00f3n de acero con recubrimiento en polvo<\/li>\n<li>Peso de carga: 120kg\/ 264,5lbs<\/li>\n<li>Origen del producto: Vietnam<\/li>\n<\/ul>\n<figure id=\"attachment_54552\" aria-describedby=\"caption-attachment-54552\" style=\"width: 850px\" class=\"wp-caption aligncenter\"><img decoding=\"async\" class=\"wp-image-54391 size-full\" src=\"https:\/\/minhducfurniture.com\/wp-content\/uploads\/2025\/11\/Black-plastic-bar-stools-at-a-restaurant.jpg\" alt=\"Taburete de bar de pl\u00e1stico negro en un restaurante\" width=\"850\" height=\"642\" srcset=\"https:\/\/minhducfurniture.com\/wp-content\/uploads\/2025\/11\/Black-plastic-bar-stools-at-a-restaurant.jpg 850w, https:\/\/minhducfurniture.com\/wp-content\/uploads\/2025\/11\/Black-plastic-bar-stools-at-a-restaurant-530x400.jpg 530w, https:\/\/minhducfurniture.com\/wp-content\/uploads\/2025\/11\/Black-plastic-bar-stools-at-a-restaurant-768x580.jpg 768w, https:\/\/minhducfurniture.com\/wp-content\/uploads\/2025\/11\/Black-plastic-bar-stools-at-a-restaurant-510x385.jpg 510w\" sizes=\"(max-width: 850px) 100vw, 850px\" \/><figcaption id=\"caption-attachment-54552\" class=\"wp-caption-text\">Taburete de bar de pl\u00e1stico negro en un restaurante<\/figcaption><\/figure>\n<h4>Informaci\u00f3n para pedidos<\/h4>\n<ul>\n<li>Cantidad m\u00ednima de pedido (MOQ): 50 unidades<\/li>\n<li>Plazo de entrega: 30-35 d\u00edas despu\u00e9s del dep\u00f3sito<\/li>\n<li>Plazo de entrega: FOB puerto de Hai Phong, Vietnam<\/li>\n<li>Condiciones de pago: T\/T 30% de dep\u00f3sito, 70% de saldo antes del env\u00edo<\/li>\n<li>Si tienes tu propio dise\u00f1o personalizado y necesitas producci\u00f3n en serie, ponte en contacto con nosotros para obtener m\u00e1s ayuda.<\/li>\n<\/ul>\n<figure id=\"attachment_54553\" aria-describedby=\"caption-attachment-54553\" style=\"width: 850px\" class=\"wp-caption aligncenter\"><img decoding=\"async\" class=\"size-full wp-image-54392\" src=\"https:\/\/minhducfurniture.com\/wp-content\/uploads\/2025\/11\/The-actual-pictures-of-products.jpg\" alt=\"Las fotos reales de los productos\" width=\"850\" height=\"623\" srcset=\"https:\/\/minhducfurniture.com\/wp-content\/uploads\/2025\/11\/The-actual-pictures-of-products.jpg 850w, https:\/\/minhducfurniture.com\/wp-content\/uploads\/2025\/11\/The-actual-pictures-of-products-546x400.jpg 546w, https:\/\/minhducfurniture.com\/wp-content\/uploads\/2025\/11\/The-actual-pictures-of-products-768x563.jpg 768w, https:\/\/minhducfurniture.com\/wp-content\/uploads\/2025\/11\/The-actual-pictures-of-products-510x374.jpg 510w\" sizes=\"(max-width: 850px) 100vw, 850px\" \/><figcaption id=\"caption-attachment-54553\" class=\"wp-caption-text\">Las fotos reales de los productos<\/figcaption><\/figure>\n<h4>Informaci\u00f3n de contacto<\/h4>\n<ul>\n<li>Minh Duc Public Furniture Co.<\/li>\n<li>Direcci\u00f3n: Villa H02-L11 An Phu, Duong Noi, Ha Dong, Hanoi, Vietnam<\/li>\n<li>Tel\u00e9fono\/WhatsApp\/Zalo: +84 908 314 939<\/li>\n<\/ul>\n<p>M\u00e1s de nuestras colecciones<\/p>\n<ul>\n<li><span style=\"color: #008080\"><a style=\"color: #008080\" href=\"https:\/\/minhducfurniture.com\/es\/product\/sillas-de-jardin-de-plastico-blanco-con-estilo-ratan-para-exterior-e-interior\/\">Sillas de jard\u00edn de pl\u00e1stico blanco con estilo rat\u00e1n para exterior e interior<\/a><\/span><\/li>\n<li><span style=\"color: #008080\"><a style=\"color: #008080\" href=\"https:\/\/minhducfurniture.com\/es\/product\/silla-de-estructura-metalica-con-cojin-silla-de-comedor-tapizada-moderna\/\">Silla de estructura met\u00e1lica con coj\u00edn Silla de comedor tapizada moderna<\/a><\/span><\/li>\n<\/ul>\n<div class=\"social-icons share-icons share-row relative\" ><a href=\"whatsapp:\/\/send?text=Taburetes%20de%20bar%20de%20pl%C3%A1stico%20para%20exterior%20e%20interior%20con%20respaldo%20de%20PP - https:\/\/minhducfurniture.com\/es\/product\/taburetes-de-bar-de-plastico-para-exterior-e-interior-con-respaldo-de-pp\/\" data-action=\"share\/whatsapp\/share\" class=\"icon primary button round tooltip whatsapp show-for-medium\" title=\"Compartir en WhatsApp\" aria-label=\"Compartir en WhatsApp\"><i class=\"icon-whatsapp\" aria-hidden=\"true\"><\/i><\/a><a href=\"https:\/\/www.facebook.com\/sharer.php?u=https:\/\/minhducfurniture.com\/es\/product\/taburetes-de-bar-de-plastico-para-exterior-e-interior-con-respaldo-de-pp\/\" data-label=\"Facebook\" onclick=\"window.open(this.href,this.title,'width=500,height=500,top=300px,left=300px'); return false;\" target=\"_blank\" class=\"icon primary button round tooltip facebook\" title=\"Compartir en Facebook\" aria-label=\"Compartir en Facebook\" rel=\"noopener nofollow\"><i class=\"icon-facebook\" aria-hidden=\"true\"><\/i><\/a><a href=\"https:\/\/twitter.com\/share?url=https:\/\/minhducfurniture.com\/es\/product\/taburetes-de-bar-de-plastico-para-exterior-e-interior-con-respaldo-de-pp\/\" onclick=\"window.open(this.href,this.title,'width=500,height=500,top=300px,left=300px'); return false;\" target=\"_blank\" class=\"icon primary button round tooltip twitter\" title=\"Compartir en Twitter\" aria-label=\"Compartir en Twitter\" rel=\"noopener nofollow\"><i class=\"icon-twitter\" aria-hidden=\"true\"><\/i><\/a><a href=\"mailto:?subject=Taburetes%20de%20bar%20de%20pl%C3%A1stico%20para%20exterior%20e%20interior%20con%20respaldo%20de%20PP&body=Check%20this%20out%3A%20https%3A%2F%2Fminhducfurniture.com%2Fes%2Fproduct%2Ftaburetes-de-bar-de-plastico-para-exterior-e-interior-con-respaldo-de-pp%2F\" class=\"icon primary button round tooltip email\" title=\"Env\u00eda por email\" aria-label=\"Env\u00eda por email\" rel=\"nofollow\"><i class=\"icon-envelop\" aria-hidden=\"true\"><\/i><\/a><a href=\"https:\/\/pinterest.com\/pin\/create\/button?url=https:\/\/minhducfurniture.com\/es\/product\/taburetes-de-bar-de-plastico-para-exterior-e-interior-con-respaldo-de-pp\/&media=https:\/\/minhducfurniture.com\/wp-content\/uploads\/2025\/11\/Plastic-bar-stools-outdoor.jpg&description=Taburetes%20de%20bar%20de%20pl%C3%A1stico%20para%20exterior%20e%20interior%20con%20respaldo%20de%20PP\" onclick=\"window.open(this.href,this.title,'width=500,height=500,top=300px,left=300px'); return false;\" target=\"_blank\" class=\"icon primary button round tooltip pinterest\" title=\"Pinear en Pinterest\" aria-label=\"Pinear en Pinterest\" rel=\"noopener nofollow\"><i class=\"icon-pinterest\" aria-hidden=\"true\"><\/i><\/a><a href=\"https:\/\/www.linkedin.com\/shareArticle?mini=true&url=https:\/\/minhducfurniture.com\/es\/product\/taburetes-de-bar-de-plastico-para-exterior-e-interior-con-respaldo-de-pp\/&title=Taburetes%20de%20bar%20de%20pl%C3%A1stico%20para%20exterior%20e%20interior%20con%20respaldo%20de%20PP\" onclick=\"window.open(this.href,this.title,'width=500,height=500,top=300px,left=300px'); return false;\" target=\"_blank\" class=\"icon primary button round tooltip linkedin\" title=\"Compartir en LinkedIn\" aria-label=\"Compartir en LinkedIn\" rel=\"noopener nofollow\"><i class=\"icon-linkedin\" aria-hidden=\"true\"><\/i><\/a><\/div>\n","protected":false},"excerpt":{"rendered":"<ul>\n<li>C\u00f3digo del producto: MDS-D130<\/li>\n<li>Tama\u00f1o de la silla: D503mm*SH756mm*H1554mm*W460mm<\/li>\n<li>100% pl\u00e1stico PP con revestimiento anti UV<\/li>\n<li>Armaz\u00f3n de acero con recubrimiento en polvo<\/li>\n<li>Peso de carga: 120kg\/ 264,5lbs<\/li>\n<li>Origen del producto: Vietnam<\/li>\n<li>L\u00ednea directa\/ WhatsApp:+84908314939<\/li>\n<\/ul>\n","protected":false},"featured_media":54554,"comment_status":"open","ping_status":"closed","template":"","meta":[],"product_brand":[],"product_cat":[13066],"product_tag":[13067],"class_list":{"0":"post-54715","1":"product","2":"type-product","3":"status-publish","4":"has-post-thumbnail","6":"product_cat-sillas-de-plastico","7":"product_tag-sillas-de-exterior","9":"first","10":"instock","11":"shipping-taxable","12":"product-type-simple"},"yoast_head":"<!-- This site is optimized with the Yoast SEO plugin v27.0 - https:\/\/yoast.com\/product\/yoast-seo-wordpress\/ -->\n<title>Taburetes de bar de pl\u00e1stico para exterior e interior con respaldo de PP - Minh Duc Furniture<\/title>\n<meta name=\"description\" content=\"Dise\u00f1ados para ofrecer flexibilidad y comodidad, estos taburetes de bar de pl\u00e1stico para exteriores e interiores son lo bastante ligeros como para moverlos sin esfuerzo entre distintos espacios.\" \/>\n<meta name=\"robots\" content=\"index, follow, max-snippet:-1, max-image-preview:large, max-video-preview:-1\" \/>\n<link rel=\"canonical\" href=\"https:\/\/minhducfurniture.com\/es\/product\/taburetes-de-bar-de-plastico-para-exterior-e-interior-con-respaldo-de-pp\/\" \/>\n<meta property=\"og:locale\" content=\"es_ES\" \/>\n<meta property=\"og:type\" content=\"article\" \/>\n<meta property=\"og:title\" content=\"Taburetes de bar de pl\u00e1stico para exterior e interior con respaldo de PP - Minh Duc Furniture\" \/>\n<meta property=\"og:description\" content=\"Dise\u00f1ados para ofrecer flexibilidad y comodidad, estos taburetes de bar de pl\u00e1stico para exteriores e interiores son lo bastante ligeros como para moverlos sin esfuerzo entre distintos espacios.\" \/>\n<meta property=\"og:url\" content=\"https:\/\/minhducfurniture.com\/es\/product\/taburetes-de-bar-de-plastico-para-exterior-e-interior-con-respaldo-de-pp\/\" \/>\n<meta property=\"og:site_name\" content=\"Minh Duc Furniture\" \/>\n<meta property=\"article:modified_time\" content=\"2025-12-06T19:27:00+00:00\" \/>\n<meta property=\"og:image\" content=\"https:\/\/minhducfurniture.com\/wp-content\/uploads\/2025\/11\/Plastic-bar-stools-outdoor.jpg\" \/>\n\t<meta property=\"og:image:width\" content=\"700\" \/>\n\t<meta property=\"og:image:height\" content=\"700\" \/>\n\t<meta property=\"og:image:type\" content=\"image\/jpeg\" \/>\n<meta name=\"twitter:card\" content=\"summary_large_image\" \/>\n<meta name=\"twitter:label1\" content=\"Tiempo de lectura\" \/>\n\t<meta name=\"twitter:data1\" content=\"2 minutos\" \/>\n<script type=\"application\/ld+json\" class=\"yoast-schema-graph\">{\"@context\":\"https:\/\/schema.org\",\"@graph\":[{\"@type\":\"WebPage\",\"@id\":\"https:\/\/minhducfurniture.com\/es\/product\/taburetes-de-bar-de-plastico-para-exterior-e-interior-con-respaldo-de-pp\/\",\"url\":\"https:\/\/minhducfurniture.com\/es\/product\/taburetes-de-bar-de-plastico-para-exterior-e-interior-con-respaldo-de-pp\/\",\"name\":\"Taburetes de bar de pl\u00e1stico para exterior e interior con respaldo de PP - Minh Duc Furniture\",\"isPartOf\":{\"@id\":\"https:\/\/minhducfurniture.com\/es\/#website\"},\"primaryImageOfPage\":{\"@id\":\"https:\/\/minhducfurniture.com\/es\/product\/taburetes-de-bar-de-plastico-para-exterior-e-interior-con-respaldo-de-pp\/#primaryimage\"},\"image\":{\"@id\":\"https:\/\/minhducfurniture.com\/es\/product\/taburetes-de-bar-de-plastico-para-exterior-e-interior-con-respaldo-de-pp\/#primaryimage\"},\"thumbnailUrl\":\"https:\/\/minhducfurniture.com\/wp-content\/uploads\/2025\/11\/Plastic-bar-stools-outdoor.jpg\",\"datePublished\":\"2025-11-29T11:32:38+00:00\",\"dateModified\":\"2025-12-06T19:27:00+00:00\",\"description\":\"Dise\u00f1ados para ofrecer flexibilidad y comodidad, estos taburetes de bar de pl\u00e1stico para exteriores e interiores son lo bastante ligeros como para moverlos sin esfuerzo entre distintos espacios.\",\"breadcrumb\":{\"@id\":\"https:\/\/minhducfurniture.com\/es\/product\/taburetes-de-bar-de-plastico-para-exterior-e-interior-con-respaldo-de-pp\/#breadcrumb\"},\"inLanguage\":\"es\",\"potentialAction\":[{\"@type\":\"ReadAction\",\"target\":[\"https:\/\/minhducfurniture.com\/es\/product\/taburetes-de-bar-de-plastico-para-exterior-e-interior-con-respaldo-de-pp\/\"]}]},{\"@type\":\"ImageObject\",\"inLanguage\":\"es\",\"@id\":\"https:\/\/minhducfurniture.com\/es\/product\/taburetes-de-bar-de-plastico-para-exterior-e-interior-con-respaldo-de-pp\/#primaryimage\",\"url\":\"https:\/\/minhducfurniture.com\/wp-content\/uploads\/2025\/11\/Plastic-bar-stools-outdoor.jpg\",\"contentUrl\":\"https:\/\/minhducfurniture.com\/wp-content\/uploads\/2025\/11\/Plastic-bar-stools-outdoor.jpg\",\"width\":700,\"height\":700,\"caption\":\"Taburetes de bar de pl\u00e1stico para exterior\"},{\"@type\":\"BreadcrumbList\",\"@id\":\"https:\/\/minhducfurniture.com\/es\/product\/taburetes-de-bar-de-plastico-para-exterior-e-interior-con-respaldo-de-pp\/#breadcrumb\",\"itemListElement\":[{\"@type\":\"ListItem\",\"position\":1,\"name\":\"Home\",\"item\":\"https:\/\/minhducfurniture.com\/es\/\"},{\"@type\":\"ListItem\",\"position\":2,\"name\":\"Shop\",\"item\":\"https:\/\/minhducfurniture.com\/shop\/\"},{\"@type\":\"ListItem\",\"position\":3,\"name\":\"Taburetes de bar de pl\u00e1stico para exterior e interior con respaldo de PP\"}]},{\"@type\":\"WebSite\",\"@id\":\"https:\/\/minhducfurniture.com\/es\/#website\",\"url\":\"https:\/\/minhducfurniture.com\/es\/\",\"name\":\"Minh Duc Furniture\",\"description\":\"Vietnam Furniture Supplier\",\"publisher\":{\"@id\":\"https:\/\/minhducfurniture.com\/es\/#organization\"},\"alternateName\":\"Vietnam Online Shop\",\"potentialAction\":[{\"@type\":\"SearchAction\",\"target\":{\"@type\":\"EntryPoint\",\"urlTemplate\":\"https:\/\/minhducfurniture.com\/es\/?s={search_term_string}\"},\"query-input\":{\"@type\":\"PropertyValueSpecification\",\"valueRequired\":true,\"valueName\":\"search_term_string\"}}],\"inLanguage\":\"es\"},{\"@type\":\"Organization\",\"@id\":\"https:\/\/minhducfurniture.com\/es\/#organization\",\"name\":\"Minh Duc Furniture\",\"alternateName\":\"Vietnam Furniture Export\",\"url\":\"https:\/\/minhducfurniture.com\/es\/\",\"logo\":{\"@type\":\"ImageObject\",\"inLanguage\":\"es\",\"@id\":\"https:\/\/minhducfurniture.com\/es\/#\/schema\/logo\/image\/\",\"url\":\"\",\"contentUrl\":\"\",\"caption\":\"Minh Duc Furniture\"},\"image\":{\"@id\":\"https:\/\/minhducfurniture.com\/es\/#\/schema\/logo\/image\/\"},\"sameAs\":[\"https:\/\/www.pinterest.com\/hienthaoshop\/pins\/\"]}]}<\/script>\n<!-- \/ Yoast SEO plugin. -->","yoast_head_json":{"title":"Taburetes de bar de pl\u00e1stico para exterior e interior con respaldo de PP - Minh Duc Furniture","description":"Dise\u00f1ados para ofrecer flexibilidad y comodidad, estos taburetes de bar de pl\u00e1stico para exteriores e interiores son lo bastante ligeros como para moverlos sin esfuerzo entre distintos espacios.","robots":{"index":"index","follow":"follow","max-snippet":"max-snippet:-1","max-image-preview":"max-image-preview:large","max-video-preview":"max-video-preview:-1"},"canonical":"https:\/\/minhducfurniture.com\/es\/product\/taburetes-de-bar-de-plastico-para-exterior-e-interior-con-respaldo-de-pp\/","og_locale":"es_ES","og_type":"article","og_title":"Taburetes de bar de pl\u00e1stico para exterior e interior con respaldo de PP - Minh Duc Furniture","og_description":"Dise\u00f1ados para ofrecer flexibilidad y comodidad, estos taburetes de bar de pl\u00e1stico para exteriores e interiores son lo bastante ligeros como para moverlos sin esfuerzo entre distintos espacios.","og_url":"https:\/\/minhducfurniture.com\/es\/product\/taburetes-de-bar-de-plastico-para-exterior-e-interior-con-respaldo-de-pp\/","og_site_name":"Minh Duc Furniture","article_modified_time":"2025-12-06T19:27:00+00:00","og_image":[{"width":700,"height":700,"url":"https:\/\/minhducfurniture.com\/wp-content\/uploads\/2025\/11\/Plastic-bar-stools-outdoor.jpg","type":"image\/jpeg"}],"twitter_card":"summary_large_image","twitter_misc":{"Tiempo de lectura":"2 minutos"},"schema":{"@context":"https:\/\/schema.org","@graph":[{"@type":"WebPage","@id":"https:\/\/minhducfurniture.com\/es\/product\/taburetes-de-bar-de-plastico-para-exterior-e-interior-con-respaldo-de-pp\/","url":"https:\/\/minhducfurniture.com\/es\/product\/taburetes-de-bar-de-plastico-para-exterior-e-interior-con-respaldo-de-pp\/","name":"Taburetes de bar de pl\u00e1stico para exterior e interior con respaldo de PP - Minh Duc Furniture","isPartOf":{"@id":"https:\/\/minhducfurniture.com\/es\/#website"},"primaryImageOfPage":{"@id":"https:\/\/minhducfurniture.com\/es\/product\/taburetes-de-bar-de-plastico-para-exterior-e-interior-con-respaldo-de-pp\/#primaryimage"},"image":{"@id":"https:\/\/minhducfurniture.com\/es\/product\/taburetes-de-bar-de-plastico-para-exterior-e-interior-con-respaldo-de-pp\/#primaryimage"},"thumbnailUrl":"https:\/\/minhducfurniture.com\/wp-content\/uploads\/2025\/11\/Plastic-bar-stools-outdoor.jpg","datePublished":"2025-11-29T11:32:38+00:00","dateModified":"2025-12-06T19:27:00+00:00","description":"Dise\u00f1ados para ofrecer flexibilidad y comodidad, estos taburetes de bar de pl\u00e1stico para exteriores e interiores son lo bastante ligeros como para moverlos sin esfuerzo entre distintos espacios.","breadcrumb":{"@id":"https:\/\/minhducfurniture.com\/es\/product\/taburetes-de-bar-de-plastico-para-exterior-e-interior-con-respaldo-de-pp\/#breadcrumb"},"inLanguage":"es","potentialAction":[{"@type":"ReadAction","target":["https:\/\/minhducfurniture.com\/es\/product\/taburetes-de-bar-de-plastico-para-exterior-e-interior-con-respaldo-de-pp\/"]}]},{"@type":"ImageObject","inLanguage":"es","@id":"https:\/\/minhducfurniture.com\/es\/product\/taburetes-de-bar-de-plastico-para-exterior-e-interior-con-respaldo-de-pp\/#primaryimage","url":"https:\/\/minhducfurniture.com\/wp-content\/uploads\/2025\/11\/Plastic-bar-stools-outdoor.jpg","contentUrl":"https:\/\/minhducfurniture.com\/wp-content\/uploads\/2025\/11\/Plastic-bar-stools-outdoor.jpg","width":700,"height":700,"caption":"Taburetes de bar de pl\u00e1stico para exterior"},{"@type":"BreadcrumbList","@id":"https:\/\/minhducfurniture.com\/es\/product\/taburetes-de-bar-de-plastico-para-exterior-e-interior-con-respaldo-de-pp\/#breadcrumb","itemListElement":[{"@type":"ListItem","position":1,"name":"Home","item":"https:\/\/minhducfurniture.com\/es\/"},{"@type":"ListItem","position":2,"name":"Shop","item":"https:\/\/minhducfurniture.com\/shop\/"},{"@type":"ListItem","position":3,"name":"Taburetes de bar de pl\u00e1stico para exterior e interior con respaldo de PP"}]},{"@type":"WebSite","@id":"https:\/\/minhducfurniture.com\/es\/#website","url":"https:\/\/minhducfurniture.com\/es\/","name":"Minh Duc Furniture","description":"Vietnam Furniture Supplier","publisher":{"@id":"https:\/\/minhducfurniture.com\/es\/#organization"},"alternateName":"Vietnam Online Shop","potentialAction":[{"@type":"SearchAction","target":{"@type":"EntryPoint","urlTemplate":"https:\/\/minhducfurniture.com\/es\/?s={search_term_string}"},"query-input":{"@type":"PropertyValueSpecification","valueRequired":true,"valueName":"search_term_string"}}],"inLanguage":"es"},{"@type":"Organization","@id":"https:\/\/minhducfurniture.com\/es\/#organization","name":"Minh Duc Furniture","alternateName":"Vietnam Furniture Export","url":"https:\/\/minhducfurniture.com\/es\/","logo":{"@type":"ImageObject","inLanguage":"es","@id":"https:\/\/minhducfurniture.com\/es\/#\/schema\/logo\/image\/","url":"","contentUrl":"","caption":"Minh Duc Furniture"},"image":{"@id":"https:\/\/minhducfurniture.com\/es\/#\/schema\/logo\/image\/"},"sameAs":["https:\/\/www.pinterest.com\/hienthaoshop\/pins\/"]}]}},"_links":{"self":[{"href":"https:\/\/minhducfurniture.com\/es\/wp-json\/wp\/v2\/product\/54715","targetHints":{"allow":["GET"]}}],"collection":[{"href":"https:\/\/minhducfurniture.com\/es\/wp-json\/wp\/v2\/product"}],"about":[{"href":"https:\/\/minhducfurniture.com\/es\/wp-json\/wp\/v2\/types\/product"}],"replies":[{"embeddable":true,"href":"https:\/\/minhducfurniture.com\/es\/wp-json\/wp\/v2\/comments?post=54715"}],"wp:featuredmedia":[{"embeddable":true,"href":"https:\/\/minhducfurniture.com\/es\/wp-json\/wp\/v2\/media\/54554"}],"wp:attachment":[{"href":"https:\/\/minhducfurniture.com\/es\/wp-json\/wp\/v2\/media?parent=54715"}],"wp:term":[{"taxonomy":"product_brand","embeddable":true,"href":"https:\/\/minhducfurniture.com\/es\/wp-json\/wp\/v2\/product_brand?post=54715"},{"taxonomy":"product_cat","embeddable":true,"href":"https:\/\/minhducfurniture.com\/es\/wp-json\/wp\/v2\/product_cat?post=54715"},{"taxonomy":"product_tag","embeddable":true,"href":"https:\/\/minhducfurniture.com\/es\/wp-json\/wp\/v2\/product_tag?post=54715"}],"curies":[{"name":"wp","href":"https:\/\/api.w.org\/{rel}","templated":true}]}}