{"id":54686,"date":"2025-12-02T14:19:45","date_gmt":"2025-12-02T07:19:45","guid":{"rendered":"https:\/\/minhducfurniture.com\/product\/sillas-de-comedor-de-plastico-gris-asiento-tapizado-opciones-de-color-personalizadas\/"},"modified":"2025-12-07T02:35:44","modified_gmt":"2025-12-06T19:35:44","slug":"sillas-de-comedor-de-plastico-gris-asiento-tapizado-opciones-de-color-personalizadas","status":"publish","type":"product","link":"https:\/\/minhducfurniture.com\/es\/product\/sillas-de-comedor-de-plastico-gris-asiento-tapizado-opciones-de-color-personalizadas\/","title":{"rendered":"Sillas de comedor de pl\u00e1stico gris asiento tapizado opciones de color personalizadas"},"content":{"rendered":"<h2><span style=\"font-size: 90%;\">Sillas de comedor de pl\u00e1stico gris &#8211; Dise\u00f1o ergon\u00f3mico con soporte de confort mejorado<\/span><\/h2>\n<p><strong>Las sillas de comedor de pl\u00e1stico gris<\/strong> est\u00e1n dise\u00f1adas tanto para espacios de comedor residenciales como para entornos comerciales, y ofrecen durabilidad, comodidad y elegancia moderna. El asiento acolchado integrado proporciona una mayor comodidad a la vez que mantiene un aspecto limpio y minimalista, lo que las hace ideales para el comedor diario y el uso con mucho tr\u00e1fico.<br \/>\nHay disponible una amplia gama de colores de carcasa y tapicer\u00eda, lo que permite a los clientes seleccionar la combinaci\u00f3n perfecta para su decoraci\u00f3n. Las opciones de tapicer\u00eda incluyen tela de lino, terciopelo y cuero PU. Los clientes tambi\u00e9n pueden proporcionar su propia tela para garantizar un dise\u00f1o interior totalmente personalizado y cohesionado.   \t<div id=\"gap-745677521\" class=\"gap-element clearfix\" style=\"display:block; height:auto;\">\n\t\t\n<style>\n#gap-745677521 {\n  padding-top: 15px;\n}\n<\/style>\n\t<\/div>\n\t\n<figure id=\"attachment_54673\" aria-describedby=\"caption-attachment-54673\" style=\"width: 850px\" class=\"wp-caption aligncenter\"><img decoding=\"async\" class=\"size-full wp-image-54437\" src=\"https:\/\/minhducfurniture.com\/wp-content\/uploads\/2025\/12\/Plastic-dining-chairs-in-cafes-2.jpg\" alt=\"Sillas de comedor de pl\u00e1stico en cafeter\u00edas 2\" width=\"850\" height=\"670\" srcset=\"https:\/\/minhducfurniture.com\/wp-content\/uploads\/2025\/12\/Plastic-dining-chairs-in-cafes-2.jpg 850w, https:\/\/minhducfurniture.com\/wp-content\/uploads\/2025\/12\/Plastic-dining-chairs-in-cafes-2-507x400.jpg 507w, https:\/\/minhducfurniture.com\/wp-content\/uploads\/2025\/12\/Plastic-dining-chairs-in-cafes-2-768x605.jpg 768w, https:\/\/minhducfurniture.com\/wp-content\/uploads\/2025\/12\/Plastic-dining-chairs-in-cafes-2-510x402.jpg 510w\" sizes=\"(max-width: 850px) 100vw, 850px\" \/><figcaption id=\"caption-attachment-54673\" class=\"wp-caption-text\">Sillas de comedor de pl\u00e1stico en cafeter\u00edas 2<\/figcaption><\/figure>\n<h3>Caracter\u00edsticas principales de<span style=\"font-size: 90%;\">las sillas de comedor de pl\u00e1stico gris<\/span><\/h3>\n<ul>\n<li>Duradero marco completo de PP: Robusto, ligero y resistente a la humedad y al uso diario<\/li>\n<li>Respaldo curvado ergon\u00f3mico: Favorece la postura natural al sentarse para una mayor comodidad<\/li>\n<li>Asiento acolchado integrado: A\u00f1ade suavidad para estar sentado m\u00e1s tiempo<\/li>\n<li>Coj\u00edn tapizado fijo: El acolchado del asiento est\u00e1 bien sujeto para un aspecto limpio y refinado<\/li>\n<li>Acabados personalizables: M\u00faltiples colores de carcasa y opciones de tapizado: tela de lino, terciopelo o cuero PU<\/li>\n<li>Superficie f\u00e1cil de limpiar: Adecuada para comedores y entornos de hosteler\u00eda muy concurridos<\/li>\n<li>Uso vers\u00e1til: Ideal para hogares, cafeter\u00edas, restaurantes y zonas de descanso de oficinas<\/li>\n<\/ul>\n<figure id=\"attachment_54674\" aria-describedby=\"caption-attachment-54674\" style=\"width: 850px\" class=\"wp-caption aligncenter\"><img decoding=\"async\" class=\"size-full wp-image-54434\" src=\"https:\/\/minhducfurniture.com\/wp-content\/uploads\/2025\/12\/Plastic-dining-chairs-in-banquet-hall.jpg\" alt=\"Sillas de comedor de pl\u00e1stico en sala de banquetes\" width=\"850\" height=\"616\" srcset=\"https:\/\/minhducfurniture.com\/wp-content\/uploads\/2025\/12\/Plastic-dining-chairs-in-banquet-hall.jpg 850w, https:\/\/minhducfurniture.com\/wp-content\/uploads\/2025\/12\/Plastic-dining-chairs-in-banquet-hall-552x400.jpg 552w, https:\/\/minhducfurniture.com\/wp-content\/uploads\/2025\/12\/Plastic-dining-chairs-in-banquet-hall-768x557.jpg 768w, https:\/\/minhducfurniture.com\/wp-content\/uploads\/2025\/12\/Plastic-dining-chairs-in-banquet-hall-510x370.jpg 510w\" sizes=\"(max-width: 850px) 100vw, 850px\" \/><figcaption id=\"caption-attachment-54674\" class=\"wp-caption-text\">Sillas de comedor de pl\u00e1stico en sala de banquetes<\/figcaption><\/figure>\n<h4>Descripci\u00f3n del producto<\/h4>\n<ul>\n<li>C\u00f3digo del producto MDS-GAI 52<\/li>\n<li>Tama\u00f1o de la silla: H810mm*SH450mm*W540mm*D450mm<\/li>\n<li>100% pl\u00e1stico PP con revestimiento anti UV<\/li>\n<li>Asiento acolchado incorporado con colores de tapicer\u00eda opcionales.<\/li>\n<li>Peso de carga: 120kg\/ 264,5lbs<\/li>\n<li>Origen del producto: Vietnam<\/li>\n<\/ul>\n<figure id=\"attachment_54675\" aria-describedby=\"caption-attachment-54675\" style=\"width: 850px\" class=\"wp-caption aligncenter\"><img decoding=\"async\" class=\"size-full wp-image-54435\" src=\"https:\/\/minhducfurniture.com\/wp-content\/uploads\/2025\/12\/Plastic-dining-chairs-in-office-break-areas.jpg\" alt=\"Sillas de comedor de pl\u00e1stico en las zonas de descanso de las oficinas\" width=\"850\" height=\"573\" srcset=\"https:\/\/minhducfurniture.com\/wp-content\/uploads\/2025\/12\/Plastic-dining-chairs-in-office-break-areas.jpg 850w, https:\/\/minhducfurniture.com\/wp-content\/uploads\/2025\/12\/Plastic-dining-chairs-in-office-break-areas-593x400.jpg 593w, https:\/\/minhducfurniture.com\/wp-content\/uploads\/2025\/12\/Plastic-dining-chairs-in-office-break-areas-768x518.jpg 768w, https:\/\/minhducfurniture.com\/wp-content\/uploads\/2025\/12\/Plastic-dining-chairs-in-office-break-areas-510x344.jpg 510w\" sizes=\"(max-width: 850px) 100vw, 850px\" \/><figcaption id=\"caption-attachment-54675\" class=\"wp-caption-text\">Sillas de comedor de pl\u00e1stico en las zonas de descanso de las oficinas<\/figcaption><\/figure>\n<h4>Informaci\u00f3n para pedidos<\/h4>\n<ul>\n<li>Cantidad m\u00ednima de pedido (MOQ): 50 unidades<\/li>\n<li>Plazo de entrega: 30-35 d\u00edas despu\u00e9s del dep\u00f3sito<\/li>\n<li>Plazo de entrega: FOB puerto de Hai Phong, Vietnam<\/li>\n<li>Condiciones de pago: T\/T 30% de dep\u00f3sito, 70% de saldo antes del env\u00edo<\/li>\n<li>Si tienes tu propio dise\u00f1o personalizado y necesitas producci\u00f3n en serie, ponte en contacto con nosotros para obtener m\u00e1s ayuda.<\/li>\n<\/ul>\n<figure id=\"attachment_54676\" aria-describedby=\"caption-attachment-54676\" style=\"width: 850px\" class=\"wp-caption aligncenter\"><img decoding=\"async\" class=\"size-full wp-image-54433\" src=\"https:\/\/minhducfurniture.com\/wp-content\/uploads\/2025\/12\/Plastic-dining-chairs-for-weddings.jpg\" alt=\"Sillas de comedor de pl\u00e1stico para bodas\" width=\"850\" height=\"650\" srcset=\"https:\/\/minhducfurniture.com\/wp-content\/uploads\/2025\/12\/Plastic-dining-chairs-for-weddings.jpg 850w, https:\/\/minhducfurniture.com\/wp-content\/uploads\/2025\/12\/Plastic-dining-chairs-for-weddings-523x400.jpg 523w, https:\/\/minhducfurniture.com\/wp-content\/uploads\/2025\/12\/Plastic-dining-chairs-for-weddings-768x587.jpg 768w, https:\/\/minhducfurniture.com\/wp-content\/uploads\/2025\/12\/Plastic-dining-chairs-for-weddings-510x390.jpg 510w\" sizes=\"(max-width: 850px) 100vw, 850px\" \/><figcaption id=\"caption-attachment-54676\" class=\"wp-caption-text\">Sillas de comedor de pl\u00e1stico para bodas<\/figcaption><\/figure>\n<h4>Informaci\u00f3n de contacto<\/h4>\n<ul>\n<li>Minh Duc Public Furniture Co.<\/li>\n<li>Direcci\u00f3n: Villa H02-L11 An Phu, Duong Noi, Ha Dong, Hanoi, Vietnam<\/li>\n<li>Tel\u00e9fono\/WhatsApp\/Zalo: +84 908 314 939<\/li>\n<\/ul>\n<p>M\u00e1s de nuestras colecciones<\/p>\n<ul>\n<li><span style=\"color: #008080;\"><a style=\"color: #008080;\" href=\"https:\/\/minhducfurniture.com\/es\/product\/sillas-de-exterior-de-polipropileno-perfectas-para-cafeterias-hogares-y-patios\/\">Sillas de exterior de polipropileno, perfectas para cafeter\u00edas, hogares y patios<\/a><\/span><\/li>\n<li><span style=\"color: #008080;\"><a style=\"color: #008080;\" href=\"https:\/\/minhducfurniture.com\/es\/product\/sillas-de-jardin-de-plastico-negro-elegantes-asientos-de-exterior-contemporaneos\/\">Sillas de jard\u00edn de pl\u00e1stico negro, asientos de exterior contempor\u00e1neos y elegantes<\/a><\/span><\/li>\n<\/ul>\n<div class=\"social-icons share-icons share-row relative\" ><a href=\"whatsapp:\/\/send?text=Sillas%20de%20comedor%20de%20pl%C3%A1stico%20gris%20asiento%20tapizado%20opciones%20de%20color%20personalizadas - https:\/\/minhducfurniture.com\/es\/product\/sillas-de-comedor-de-plastico-gris-asiento-tapizado-opciones-de-color-personalizadas\/\" data-action=\"share\/whatsapp\/share\" class=\"icon primary button round tooltip whatsapp show-for-medium\" title=\"Compartir en WhatsApp\" aria-label=\"Compartir en WhatsApp\"><i class=\"icon-whatsapp\" aria-hidden=\"true\"><\/i><\/a><a href=\"https:\/\/www.facebook.com\/sharer.php?u=https:\/\/minhducfurniture.com\/es\/product\/sillas-de-comedor-de-plastico-gris-asiento-tapizado-opciones-de-color-personalizadas\/\" data-label=\"Facebook\" onclick=\"window.open(this.href,this.title,'width=500,height=500,top=300px,left=300px'); return false;\" target=\"_blank\" class=\"icon primary button round tooltip facebook\" title=\"Compartir en Facebook\" aria-label=\"Compartir en Facebook\" rel=\"noopener nofollow\"><i class=\"icon-facebook\" aria-hidden=\"true\"><\/i><\/a><a href=\"https:\/\/twitter.com\/share?url=https:\/\/minhducfurniture.com\/es\/product\/sillas-de-comedor-de-plastico-gris-asiento-tapizado-opciones-de-color-personalizadas\/\" onclick=\"window.open(this.href,this.title,'width=500,height=500,top=300px,left=300px'); return false;\" target=\"_blank\" class=\"icon primary button round tooltip twitter\" title=\"Compartir en Twitter\" aria-label=\"Compartir en Twitter\" rel=\"noopener nofollow\"><i class=\"icon-twitter\" aria-hidden=\"true\"><\/i><\/a><a href=\"mailto:?subject=Sillas%20de%20comedor%20de%20pl%C3%A1stico%20gris%20asiento%20tapizado%20opciones%20de%20color%20personalizadas&body=Check%20this%20out%3A%20https%3A%2F%2Fminhducfurniture.com%2Fes%2Fproduct%2Fsillas-de-comedor-de-plastico-gris-asiento-tapizado-opciones-de-color-personalizadas%2F\" class=\"icon primary button round tooltip email\" title=\"Env\u00eda por email\" aria-label=\"Env\u00eda por email\" rel=\"nofollow\"><i class=\"icon-envelop\" aria-hidden=\"true\"><\/i><\/a><a href=\"https:\/\/pinterest.com\/pin\/create\/button?url=https:\/\/minhducfurniture.com\/es\/product\/sillas-de-comedor-de-plastico-gris-asiento-tapizado-opciones-de-color-personalizadas\/&media=https:\/\/minhducfurniture.com\/wp-content\/uploads\/2025\/12\/Grey-plastic-dining-chairs.jpg&description=Sillas%20de%20comedor%20de%20pl%C3%A1stico%20gris%20asiento%20tapizado%20opciones%20de%20color%20personalizadas\" onclick=\"window.open(this.href,this.title,'width=500,height=500,top=300px,left=300px'); return false;\" target=\"_blank\" class=\"icon primary button round tooltip pinterest\" title=\"Pinear en Pinterest\" aria-label=\"Pinear en Pinterest\" rel=\"noopener nofollow\"><i class=\"icon-pinterest\" aria-hidden=\"true\"><\/i><\/a><a href=\"https:\/\/www.linkedin.com\/shareArticle?mini=true&url=https:\/\/minhducfurniture.com\/es\/product\/sillas-de-comedor-de-plastico-gris-asiento-tapizado-opciones-de-color-personalizadas\/&title=Sillas%20de%20comedor%20de%20pl%C3%A1stico%20gris%20asiento%20tapizado%20opciones%20de%20color%20personalizadas\" onclick=\"window.open(this.href,this.title,'width=500,height=500,top=300px,left=300px'); return false;\" target=\"_blank\" class=\"icon primary button round tooltip linkedin\" title=\"Compartir en LinkedIn\" aria-label=\"Compartir en LinkedIn\" rel=\"noopener nofollow\"><i class=\"icon-linkedin\" aria-hidden=\"true\"><\/i><\/a><\/div>\n","protected":false},"excerpt":{"rendered":"<ul>\n<li>C\u00f3digo del producto MDS-GAI 52<\/li>\n<li>Tama\u00f1o de la silla: H810mm*SH450mm*W540mm*D450mm<\/li>\n<li>100% pl\u00e1stico PP con revestimiento anti UV<\/li>\n<li>Asiento acolchado incorporado con colores de tapicer\u00eda opcionales.<\/li>\n<li>Peso de carga: 120kg\/ 264,5lbs<\/li>\n<li>Origen del producto: Vietnam<\/li>\n<li>L\u00ednea directa\/ WhatsApp:+84908314939<\/li>\n<\/ul>\n","protected":false},"featured_media":54677,"comment_status":"open","ping_status":"closed","template":"","meta":[],"product_brand":[],"product_cat":[13066],"product_tag":[13067],"class_list":{"0":"post-54686","1":"product","2":"type-product","3":"status-publish","4":"has-post-thumbnail","6":"product_cat-sillas-de-plastico","7":"product_tag-sillas-de-exterior","9":"first","10":"instock","11":"shipping-taxable","12":"product-type-simple"},"yoast_head":"<!-- This site is optimized with the Yoast SEO plugin v27.0 - https:\/\/yoast.com\/product\/yoast-seo-wordpress\/ -->\n<title>Sillas de comedor de pl\u00e1stico gris asiento tapizado opciones de color personalizadas - Minh Duc Furniture<\/title>\n<meta name=\"description\" content=\"Las sillas de comedor de pl\u00e1stico gris est\u00e1n dise\u00f1adas tanto para espacios de comedor residenciales como para entornos comerciales, y ofrecen durabilidad, comodidad y elegancia moderna.\" \/>\n<meta name=\"robots\" content=\"index, follow, max-snippet:-1, max-image-preview:large, max-video-preview:-1\" \/>\n<link rel=\"canonical\" href=\"https:\/\/minhducfurniture.com\/es\/product\/sillas-de-comedor-de-plastico-gris-asiento-tapizado-opciones-de-color-personalizadas\/\" \/>\n<meta property=\"og:locale\" content=\"es_ES\" \/>\n<meta property=\"og:type\" content=\"article\" \/>\n<meta property=\"og:title\" content=\"Sillas de comedor de pl\u00e1stico gris asiento tapizado opciones de color personalizadas - Minh Duc Furniture\" \/>\n<meta property=\"og:description\" content=\"Las sillas de comedor de pl\u00e1stico gris est\u00e1n dise\u00f1adas tanto para espacios de comedor residenciales como para entornos comerciales, y ofrecen durabilidad, comodidad y elegancia moderna.\" \/>\n<meta property=\"og:url\" content=\"https:\/\/minhducfurniture.com\/es\/product\/sillas-de-comedor-de-plastico-gris-asiento-tapizado-opciones-de-color-personalizadas\/\" \/>\n<meta property=\"og:site_name\" content=\"Minh Duc Furniture\" \/>\n<meta property=\"article:modified_time\" content=\"2025-12-06T19:35:44+00:00\" \/>\n<meta property=\"og:image\" content=\"https:\/\/minhducfurniture.com\/wp-content\/uploads\/2025\/12\/Grey-plastic-dining-chairs.jpg\" \/>\n\t<meta property=\"og:image:width\" content=\"650\" \/>\n\t<meta property=\"og:image:height\" content=\"650\" \/>\n\t<meta property=\"og:image:type\" content=\"image\/jpeg\" \/>\n<meta name=\"twitter:card\" content=\"summary_large_image\" \/>\n<meta name=\"twitter:label1\" content=\"Tiempo de lectura\" \/>\n\t<meta name=\"twitter:data1\" content=\"3 minutos\" \/>\n<script type=\"application\/ld+json\" class=\"yoast-schema-graph\">{\"@context\":\"https:\/\/schema.org\",\"@graph\":[{\"@type\":\"WebPage\",\"@id\":\"https:\/\/minhducfurniture.com\/es\/product\/sillas-de-comedor-de-plastico-gris-asiento-tapizado-opciones-de-color-personalizadas\/\",\"url\":\"https:\/\/minhducfurniture.com\/es\/product\/sillas-de-comedor-de-plastico-gris-asiento-tapizado-opciones-de-color-personalizadas\/\",\"name\":\"Sillas de comedor de pl\u00e1stico gris asiento tapizado opciones de color personalizadas - Minh Duc Furniture\",\"isPartOf\":{\"@id\":\"https:\/\/minhducfurniture.com\/es\/#website\"},\"primaryImageOfPage\":{\"@id\":\"https:\/\/minhducfurniture.com\/es\/product\/sillas-de-comedor-de-plastico-gris-asiento-tapizado-opciones-de-color-personalizadas\/#primaryimage\"},\"image\":{\"@id\":\"https:\/\/minhducfurniture.com\/es\/product\/sillas-de-comedor-de-plastico-gris-asiento-tapizado-opciones-de-color-personalizadas\/#primaryimage\"},\"thumbnailUrl\":\"https:\/\/minhducfurniture.com\/wp-content\/uploads\/2025\/12\/Grey-plastic-dining-chairs.jpg\",\"datePublished\":\"2025-12-02T07:19:45+00:00\",\"dateModified\":\"2025-12-06T19:35:44+00:00\",\"description\":\"Las sillas de comedor de pl\u00e1stico gris est\u00e1n dise\u00f1adas tanto para espacios de comedor residenciales como para entornos comerciales, y ofrecen durabilidad, comodidad y elegancia moderna.\",\"breadcrumb\":{\"@id\":\"https:\/\/minhducfurniture.com\/es\/product\/sillas-de-comedor-de-plastico-gris-asiento-tapizado-opciones-de-color-personalizadas\/#breadcrumb\"},\"inLanguage\":\"es\",\"potentialAction\":[{\"@type\":\"ReadAction\",\"target\":[\"https:\/\/minhducfurniture.com\/es\/product\/sillas-de-comedor-de-plastico-gris-asiento-tapizado-opciones-de-color-personalizadas\/\"]}]},{\"@type\":\"ImageObject\",\"inLanguage\":\"es\",\"@id\":\"https:\/\/minhducfurniture.com\/es\/product\/sillas-de-comedor-de-plastico-gris-asiento-tapizado-opciones-de-color-personalizadas\/#primaryimage\",\"url\":\"https:\/\/minhducfurniture.com\/wp-content\/uploads\/2025\/12\/Grey-plastic-dining-chairs.jpg\",\"contentUrl\":\"https:\/\/minhducfurniture.com\/wp-content\/uploads\/2025\/12\/Grey-plastic-dining-chairs.jpg\",\"width\":650,\"height\":650,\"caption\":\"Sillas de comedor de pl\u00e1stico gris\"},{\"@type\":\"BreadcrumbList\",\"@id\":\"https:\/\/minhducfurniture.com\/es\/product\/sillas-de-comedor-de-plastico-gris-asiento-tapizado-opciones-de-color-personalizadas\/#breadcrumb\",\"itemListElement\":[{\"@type\":\"ListItem\",\"position\":1,\"name\":\"Home\",\"item\":\"https:\/\/minhducfurniture.com\/es\/\"},{\"@type\":\"ListItem\",\"position\":2,\"name\":\"Shop\",\"item\":\"https:\/\/minhducfurniture.com\/shop\/\"},{\"@type\":\"ListItem\",\"position\":3,\"name\":\"Sillas de comedor de pl\u00e1stico gris asiento tapizado opciones de color personalizadas\"}]},{\"@type\":\"WebSite\",\"@id\":\"https:\/\/minhducfurniture.com\/es\/#website\",\"url\":\"https:\/\/minhducfurniture.com\/es\/\",\"name\":\"Minh Duc Furniture\",\"description\":\"Vietnam Furniture Supplier\",\"publisher\":{\"@id\":\"https:\/\/minhducfurniture.com\/es\/#organization\"},\"alternateName\":\"Vietnam Online Shop\",\"potentialAction\":[{\"@type\":\"SearchAction\",\"target\":{\"@type\":\"EntryPoint\",\"urlTemplate\":\"https:\/\/minhducfurniture.com\/es\/?s={search_term_string}\"},\"query-input\":{\"@type\":\"PropertyValueSpecification\",\"valueRequired\":true,\"valueName\":\"search_term_string\"}}],\"inLanguage\":\"es\"},{\"@type\":\"Organization\",\"@id\":\"https:\/\/minhducfurniture.com\/es\/#organization\",\"name\":\"Minh Duc Furniture\",\"alternateName\":\"Vietnam Furniture Export\",\"url\":\"https:\/\/minhducfurniture.com\/es\/\",\"logo\":{\"@type\":\"ImageObject\",\"inLanguage\":\"es\",\"@id\":\"https:\/\/minhducfurniture.com\/es\/#\/schema\/logo\/image\/\",\"url\":\"\",\"contentUrl\":\"\",\"caption\":\"Minh Duc Furniture\"},\"image\":{\"@id\":\"https:\/\/minhducfurniture.com\/es\/#\/schema\/logo\/image\/\"},\"sameAs\":[\"https:\/\/www.pinterest.com\/hienthaoshop\/pins\/\"]}]}<\/script>\n<!-- \/ Yoast SEO plugin. -->","yoast_head_json":{"title":"Sillas de comedor de pl\u00e1stico gris asiento tapizado opciones de color personalizadas - Minh Duc Furniture","description":"Las sillas de comedor de pl\u00e1stico gris est\u00e1n dise\u00f1adas tanto para espacios de comedor residenciales como para entornos comerciales, y ofrecen durabilidad, comodidad y elegancia moderna.","robots":{"index":"index","follow":"follow","max-snippet":"max-snippet:-1","max-image-preview":"max-image-preview:large","max-video-preview":"max-video-preview:-1"},"canonical":"https:\/\/minhducfurniture.com\/es\/product\/sillas-de-comedor-de-plastico-gris-asiento-tapizado-opciones-de-color-personalizadas\/","og_locale":"es_ES","og_type":"article","og_title":"Sillas de comedor de pl\u00e1stico gris asiento tapizado opciones de color personalizadas - Minh Duc Furniture","og_description":"Las sillas de comedor de pl\u00e1stico gris est\u00e1n dise\u00f1adas tanto para espacios de comedor residenciales como para entornos comerciales, y ofrecen durabilidad, comodidad y elegancia moderna.","og_url":"https:\/\/minhducfurniture.com\/es\/product\/sillas-de-comedor-de-plastico-gris-asiento-tapizado-opciones-de-color-personalizadas\/","og_site_name":"Minh Duc Furniture","article_modified_time":"2025-12-06T19:35:44+00:00","og_image":[{"width":650,"height":650,"url":"https:\/\/minhducfurniture.com\/wp-content\/uploads\/2025\/12\/Grey-plastic-dining-chairs.jpg","type":"image\/jpeg"}],"twitter_card":"summary_large_image","twitter_misc":{"Tiempo de lectura":"3 minutos"},"schema":{"@context":"https:\/\/schema.org","@graph":[{"@type":"WebPage","@id":"https:\/\/minhducfurniture.com\/es\/product\/sillas-de-comedor-de-plastico-gris-asiento-tapizado-opciones-de-color-personalizadas\/","url":"https:\/\/minhducfurniture.com\/es\/product\/sillas-de-comedor-de-plastico-gris-asiento-tapizado-opciones-de-color-personalizadas\/","name":"Sillas de comedor de pl\u00e1stico gris asiento tapizado opciones de color personalizadas - Minh Duc Furniture","isPartOf":{"@id":"https:\/\/minhducfurniture.com\/es\/#website"},"primaryImageOfPage":{"@id":"https:\/\/minhducfurniture.com\/es\/product\/sillas-de-comedor-de-plastico-gris-asiento-tapizado-opciones-de-color-personalizadas\/#primaryimage"},"image":{"@id":"https:\/\/minhducfurniture.com\/es\/product\/sillas-de-comedor-de-plastico-gris-asiento-tapizado-opciones-de-color-personalizadas\/#primaryimage"},"thumbnailUrl":"https:\/\/minhducfurniture.com\/wp-content\/uploads\/2025\/12\/Grey-plastic-dining-chairs.jpg","datePublished":"2025-12-02T07:19:45+00:00","dateModified":"2025-12-06T19:35:44+00:00","description":"Las sillas de comedor de pl\u00e1stico gris est\u00e1n dise\u00f1adas tanto para espacios de comedor residenciales como para entornos comerciales, y ofrecen durabilidad, comodidad y elegancia moderna.","breadcrumb":{"@id":"https:\/\/minhducfurniture.com\/es\/product\/sillas-de-comedor-de-plastico-gris-asiento-tapizado-opciones-de-color-personalizadas\/#breadcrumb"},"inLanguage":"es","potentialAction":[{"@type":"ReadAction","target":["https:\/\/minhducfurniture.com\/es\/product\/sillas-de-comedor-de-plastico-gris-asiento-tapizado-opciones-de-color-personalizadas\/"]}]},{"@type":"ImageObject","inLanguage":"es","@id":"https:\/\/minhducfurniture.com\/es\/product\/sillas-de-comedor-de-plastico-gris-asiento-tapizado-opciones-de-color-personalizadas\/#primaryimage","url":"https:\/\/minhducfurniture.com\/wp-content\/uploads\/2025\/12\/Grey-plastic-dining-chairs.jpg","contentUrl":"https:\/\/minhducfurniture.com\/wp-content\/uploads\/2025\/12\/Grey-plastic-dining-chairs.jpg","width":650,"height":650,"caption":"Sillas de comedor de pl\u00e1stico gris"},{"@type":"BreadcrumbList","@id":"https:\/\/minhducfurniture.com\/es\/product\/sillas-de-comedor-de-plastico-gris-asiento-tapizado-opciones-de-color-personalizadas\/#breadcrumb","itemListElement":[{"@type":"ListItem","position":1,"name":"Home","item":"https:\/\/minhducfurniture.com\/es\/"},{"@type":"ListItem","position":2,"name":"Shop","item":"https:\/\/minhducfurniture.com\/shop\/"},{"@type":"ListItem","position":3,"name":"Sillas de comedor de pl\u00e1stico gris asiento tapizado opciones de color personalizadas"}]},{"@type":"WebSite","@id":"https:\/\/minhducfurniture.com\/es\/#website","url":"https:\/\/minhducfurniture.com\/es\/","name":"Minh Duc Furniture","description":"Vietnam Furniture Supplier","publisher":{"@id":"https:\/\/minhducfurniture.com\/es\/#organization"},"alternateName":"Vietnam Online Shop","potentialAction":[{"@type":"SearchAction","target":{"@type":"EntryPoint","urlTemplate":"https:\/\/minhducfurniture.com\/es\/?s={search_term_string}"},"query-input":{"@type":"PropertyValueSpecification","valueRequired":true,"valueName":"search_term_string"}}],"inLanguage":"es"},{"@type":"Organization","@id":"https:\/\/minhducfurniture.com\/es\/#organization","name":"Minh Duc Furniture","alternateName":"Vietnam Furniture Export","url":"https:\/\/minhducfurniture.com\/es\/","logo":{"@type":"ImageObject","inLanguage":"es","@id":"https:\/\/minhducfurniture.com\/es\/#\/schema\/logo\/image\/","url":"","contentUrl":"","caption":"Minh Duc Furniture"},"image":{"@id":"https:\/\/minhducfurniture.com\/es\/#\/schema\/logo\/image\/"},"sameAs":["https:\/\/www.pinterest.com\/hienthaoshop\/pins\/"]}]}},"_links":{"self":[{"href":"https:\/\/minhducfurniture.com\/es\/wp-json\/wp\/v2\/product\/54686","targetHints":{"allow":["GET"]}}],"collection":[{"href":"https:\/\/minhducfurniture.com\/es\/wp-json\/wp\/v2\/product"}],"about":[{"href":"https:\/\/minhducfurniture.com\/es\/wp-json\/wp\/v2\/types\/product"}],"replies":[{"embeddable":true,"href":"https:\/\/minhducfurniture.com\/es\/wp-json\/wp\/v2\/comments?post=54686"}],"wp:featuredmedia":[{"embeddable":true,"href":"https:\/\/minhducfurniture.com\/es\/wp-json\/wp\/v2\/media\/54677"}],"wp:attachment":[{"href":"https:\/\/minhducfurniture.com\/es\/wp-json\/wp\/v2\/media?parent=54686"}],"wp:term":[{"taxonomy":"product_brand","embeddable":true,"href":"https:\/\/minhducfurniture.com\/es\/wp-json\/wp\/v2\/product_brand?post=54686"},{"taxonomy":"product_cat","embeddable":true,"href":"https:\/\/minhducfurniture.com\/es\/wp-json\/wp\/v2\/product_cat?post=54686"},{"taxonomy":"product_tag","embeddable":true,"href":"https:\/\/minhducfurniture.com\/es\/wp-json\/wp\/v2\/product_tag?post=54686"}],"curies":[{"name":"wp","href":"https:\/\/api.w.org\/{rel}","templated":true}]}}