{"id":54360,"date":"2025-11-26T17:09:20","date_gmt":"2025-11-26T10:09:20","guid":{"rendered":"https:\/\/minhducfurniture.com\/product\/taburetes-de-bar-de-plastico-con-respaldo-para-islas-de-cocina-cafeterias-y-bares\/"},"modified":"2025-11-29T15:09:08","modified_gmt":"2025-11-29T08:09:08","slug":"taburetes-de-bar-de-plastico-con-respaldo-para-islas-de-cocina-cafeterias-y-bares","status":"publish","type":"product","link":"https:\/\/minhducfurniture.com\/es\/product\/taburetes-de-bar-de-plastico-con-respaldo-para-islas-de-cocina-cafeterias-y-bares\/","title":{"rendered":"Taburetes de bar de pl\u00e1stico con respaldo para islas de cocina, cafeter\u00edas y bares"},"content":{"rendered":"<h2><span style=\"font-size: 90%\">Taburetes de bar de pl\u00e1stico con respaldo &#8211; Asientos modernos, duraderos y c\u00f3modos<\/span><\/h2>\n<p data-start=\"161\" data-end=\"490\">Mejora tu experiencia de asiento con nuestros modernos <strong>taburetes de bar de pl\u00e1stico con respaldo<\/strong>, dise\u00f1ados para aportar comodidad y estilo a islas de cocina, cafeter\u00edas y espacios de bar. El asiento est\u00e1 fabricado con pl\u00e1stico PP de alta calidad, que ofrece una excelente durabilidad, textura suave y f\u00e1cil limpieza, ideal para el uso diario.El robusto armaz\u00f3n de acero con recubrimiento en polvo proporciona una mayor estabilidad, resistencia a la oxidaci\u00f3n y solidez duradera, lo que hace que los taburetes sean adecuados tanto para entornos dom\u00e9sticos como comerciales. Combinado con un respaldo ergon\u00f3mico, el dise\u00f1o garantiza una postura m\u00e1s sana y una mayor comodidad, incluso cuando se est\u00e1 sentado mucho tiempo.<br \/>\nCon un aspecto elegante y minimalista y m\u00faltiples opciones de color y altura, estos taburetes de bar complementan f\u00e1cilmente la decoraci\u00f3n moderna, ya sea en una cocina dom\u00e9stica o en una cafeter\u00eda elegante. Fiables, c\u00f3modos y de bella factura, son una mejora inteligente para cualquier espacio.   \t<div id=\"gap-219650044\" class=\"gap-element clearfix\" style=\"display:block; height:auto;\">\n\t\t\n<style>\n#gap-219650044 {\n  padding-top: 15px;\n}\n<\/style>\n\t<\/div>\n\t\n<figure id=\"attachment_54355\" aria-describedby=\"caption-attachment-54355\" style=\"width: 850px\" class=\"wp-caption aligncenter\"><img decoding=\"async\" class=\"size-full wp-image-54190\" src=\"https:\/\/minhducfurniture.com\/wp-content\/uploads\/2025\/11\/Eiffel-tower-view-bar-stools.jpg\" alt=\"Taburetes de bar vista torre Eiffel\" width=\"850\" height=\"524\" srcset=\"https:\/\/minhducfurniture.com\/wp-content\/uploads\/2025\/11\/Eiffel-tower-view-bar-stools.jpg 850w, https:\/\/minhducfurniture.com\/wp-content\/uploads\/2025\/11\/Eiffel-tower-view-bar-stools-649x400.jpg 649w, https:\/\/minhducfurniture.com\/wp-content\/uploads\/2025\/11\/Eiffel-tower-view-bar-stools-768x473.jpg 768w, https:\/\/minhducfurniture.com\/wp-content\/uploads\/2025\/11\/Eiffel-tower-view-bar-stools-510x314.jpg 510w\" sizes=\"(max-width: 850px) 100vw, 850px\" \/><figcaption id=\"caption-attachment-54355\" class=\"wp-caption-text\">Taburetes de bar vista torre Eiffel<\/figcaption><\/figure>\n<h3>Caracter\u00edsticas principales del producto<\/h3>\n<ul>\n<li>Pl\u00e1stico PP duradero: resistente a los ara\u00f1azos, buena capacidad de carga<\/li>\n<li>Respaldo ergon\u00f3mico: c\u00f3modo cuando se est\u00e1 sentado mucho tiempo<\/li>\n<li>Ligero, f\u00e1cil de mover &#8211; disposici\u00f3n flexible del espacio<\/li>\n<li>F\u00e1cil de limpiar &#8211; adecuado para islas de cocina y zonas de bar<\/li>\n<li>Dise\u00f1o moderno y minimalista, adecuado para muchos estilos de interior<\/li>\n<\/ul>\n<figure id=\"attachment_54356\" aria-describedby=\"caption-attachment-54356\" style=\"width: 850px\" class=\"wp-caption aligncenter\"><img decoding=\"async\" class=\"size-full wp-image-54188\" src=\"https:\/\/minhducfurniture.com\/wp-content\/uploads\/2025\/11\/Black-plastic-bar-stools.jpg\" alt=\"Taburetes de bar de pl\u00e1stico negro\" width=\"850\" height=\"628\" srcset=\"https:\/\/minhducfurniture.com\/wp-content\/uploads\/2025\/11\/Black-plastic-bar-stools.jpg 850w, https:\/\/minhducfurniture.com\/wp-content\/uploads\/2025\/11\/Black-plastic-bar-stools-541x400.jpg 541w, https:\/\/minhducfurniture.com\/wp-content\/uploads\/2025\/11\/Black-plastic-bar-stools-768x567.jpg 768w, https:\/\/minhducfurniture.com\/wp-content\/uploads\/2025\/11\/Black-plastic-bar-stools-510x377.jpg 510w\" sizes=\"(max-width: 850px) 100vw, 850px\" \/><figcaption id=\"caption-attachment-54356\" class=\"wp-caption-text\">Taburetes de bar de pl\u00e1stico negro<\/figcaption><\/figure>\n<h4>Descripci\u00f3n del producto<\/h4>\n<ul>\n<li>C\u00f3digo del producto: MDS-3031B<\/li>\n<li>Tama\u00f1o de la silla: D455mm*SH760mm*H1030mm*W520mm<\/li>\n<li>100% pl\u00e1stico PP con revestimiento anti UV<\/li>\n<li>Armaz\u00f3n de acero con recubrimiento en polvo<\/li>\n<li>Peso de carga: 120kg\/ 264,5lbs<\/li>\n<li>Origen del producto: Vietnam<\/li>\n<\/ul>\n<figure id=\"attachment_54357\" aria-describedby=\"caption-attachment-54357\" style=\"width: 850px\" class=\"wp-caption aligncenter\"><img decoding=\"async\" class=\"size-full wp-image-54189\" src=\"https:\/\/minhducfurniture.com\/wp-content\/uploads\/2025\/11\/Other-bar-stools.jpg\" alt=\"Otros taburetes de bar\" width=\"850\" height=\"556\" srcset=\"https:\/\/minhducfurniture.com\/wp-content\/uploads\/2025\/11\/Other-bar-stools.jpg 850w, https:\/\/minhducfurniture.com\/wp-content\/uploads\/2025\/11\/Other-bar-stools-612x400.jpg 612w, https:\/\/minhducfurniture.com\/wp-content\/uploads\/2025\/11\/Other-bar-stools-768x502.jpg 768w, https:\/\/minhducfurniture.com\/wp-content\/uploads\/2025\/11\/Other-bar-stools-510x334.jpg 510w\" sizes=\"(max-width: 850px) 100vw, 850px\" \/><figcaption id=\"caption-attachment-54357\" class=\"wp-caption-text\">Otros taburetes de bar<\/figcaption><\/figure>\n<h4>Informaci\u00f3n para pedidos<\/h4>\n<ul>\n<li>Cantidad m\u00ednima de pedido (MOQ): 50 unidades<\/li>\n<li>Plazo de entrega: 30-35 d\u00edas despu\u00e9s del dep\u00f3sito<\/li>\n<li>Plazo de entrega: FOB puerto de Hai Phong, Vietnam<\/li>\n<li>Condiciones de pago: T\/T 30% de dep\u00f3sito, 70% de saldo antes del env\u00edo<\/li>\n<li>Si tienes tu propio dise\u00f1o personalizado y necesitas producci\u00f3n en serie, ponte en contacto con nosotros para obtener m\u00e1s ayuda.<\/li>\n<\/ul>\n<figure id=\"attachment_54358\" aria-describedby=\"caption-attachment-54358\" style=\"width: 850px\" class=\"wp-caption aligncenter\"><img decoding=\"async\" class=\"size-full wp-image-54187\" src=\"https:\/\/minhducfurniture.com\/wp-content\/uploads\/2025\/11\/White-plastic-bar-stools-with-backs.jpg\" alt=\"Taburetes de bar de pl\u00e1stico blanco con respaldo\" width=\"850\" height=\"590\" srcset=\"https:\/\/minhducfurniture.com\/wp-content\/uploads\/2025\/11\/White-plastic-bar-stools-with-backs.jpg 850w, https:\/\/minhducfurniture.com\/wp-content\/uploads\/2025\/11\/White-plastic-bar-stools-with-backs-576x400.jpg 576w, https:\/\/minhducfurniture.com\/wp-content\/uploads\/2025\/11\/White-plastic-bar-stools-with-backs-768x533.jpg 768w, https:\/\/minhducfurniture.com\/wp-content\/uploads\/2025\/11\/White-plastic-bar-stools-with-backs-510x354.jpg 510w\" sizes=\"(max-width: 850px) 100vw, 850px\" \/><figcaption id=\"caption-attachment-54358\" class=\"wp-caption-text\">Taburetes de bar de pl\u00e1stico blanco con respaldo<\/figcaption><\/figure>\n<h4>Informaci\u00f3n de contacto<\/h4>\n<ul>\n<li>Minh Duc Public Furniture Co.<\/li>\n<li>Direcci\u00f3n: Villa H02-L11 An Phu, Duong Noi, Ha Dong, Hanoi, Vietnam<\/li>\n<li>Tel\u00e9fono\/WhatsApp\/Zalo: +84 908 314 939<\/li>\n<\/ul>\n<p>M\u00e1s de nuestras colecciones<\/p>\n<ul>\n<li><span style=\"color: #008080\"><a style=\"color: #008080\" href=\"https:\/\/minhducfurniture.com\/es\/product\/sillas-apilables-azules-taburetes-pp-con-multiples-opciones-de-color\/\">Sillas apilables azules Taburetes PP con m\u00faltiples opciones de color<\/a><\/span><\/li>\n<li><span style=\"color: #008080\"><a style=\"color: #008080\" href=\"https:\/\/minhducfurniture.com\/es\/product\/sillon-tapizado-pequeno-estructura-metalica-sillon-moderno\/\">Sill\u00f3n tapizado peque\u00f1o estructura met\u00e1lica sill\u00f3n moderno<\/a><\/span><\/li>\n<\/ul>\n<div class=\"social-icons share-icons share-row relative\" ><a href=\"whatsapp:\/\/send?text=Taburetes%20de%20bar%20de%20pl%C3%A1stico%20con%20respaldo%20para%20islas%20de%20cocina%2C%20cafeter%C3%ADas%20y%20bares - https:\/\/minhducfurniture.com\/es\/product\/taburetes-de-bar-de-plastico-con-respaldo-para-islas-de-cocina-cafeterias-y-bares\/\" data-action=\"share\/whatsapp\/share\" class=\"icon primary button round tooltip whatsapp show-for-medium\" title=\"Compartir en WhatsApp\" aria-label=\"Compartir en WhatsApp\"><i class=\"icon-whatsapp\" aria-hidden=\"true\"><\/i><\/a><a href=\"https:\/\/www.facebook.com\/sharer.php?u=https:\/\/minhducfurniture.com\/es\/product\/taburetes-de-bar-de-plastico-con-respaldo-para-islas-de-cocina-cafeterias-y-bares\/\" data-label=\"Facebook\" onclick=\"window.open(this.href,this.title,'width=500,height=500,top=300px,left=300px'); return false;\" target=\"_blank\" class=\"icon primary button round tooltip facebook\" title=\"Compartir en Facebook\" aria-label=\"Compartir en Facebook\" rel=\"noopener nofollow\"><i class=\"icon-facebook\" aria-hidden=\"true\"><\/i><\/a><a href=\"https:\/\/twitter.com\/share?url=https:\/\/minhducfurniture.com\/es\/product\/taburetes-de-bar-de-plastico-con-respaldo-para-islas-de-cocina-cafeterias-y-bares\/\" onclick=\"window.open(this.href,this.title,'width=500,height=500,top=300px,left=300px'); return false;\" target=\"_blank\" class=\"icon primary button round tooltip twitter\" title=\"Compartir en Twitter\" aria-label=\"Compartir en Twitter\" rel=\"noopener nofollow\"><i class=\"icon-twitter\" aria-hidden=\"true\"><\/i><\/a><a href=\"mailto:?subject=Taburetes%20de%20bar%20de%20pl%C3%A1stico%20con%20respaldo%20para%20islas%20de%20cocina%2C%20cafeter%C3%ADas%20y%20bares&body=Check%20this%20out%3A%20https%3A%2F%2Fminhducfurniture.com%2Fes%2Fproduct%2Ftaburetes-de-bar-de-plastico-con-respaldo-para-islas-de-cocina-cafeterias-y-bares%2F\" class=\"icon primary button round tooltip email\" title=\"Env\u00eda por email\" aria-label=\"Env\u00eda por email\" rel=\"nofollow\"><i class=\"icon-envelop\" aria-hidden=\"true\"><\/i><\/a><a href=\"https:\/\/pinterest.com\/pin\/create\/button?url=https:\/\/minhducfurniture.com\/es\/product\/taburetes-de-bar-de-plastico-con-respaldo-para-islas-de-cocina-cafeterias-y-bares\/&media=https:\/\/minhducfurniture.com\/wp-content\/uploads\/2025\/11\/Plastic-bar-stool-with-backs.jpg&description=Taburetes%20de%20bar%20de%20pl%C3%A1stico%20con%20respaldo%20para%20islas%20de%20cocina%2C%20cafeter%C3%ADas%20y%20bares\" onclick=\"window.open(this.href,this.title,'width=500,height=500,top=300px,left=300px'); return false;\" target=\"_blank\" class=\"icon primary button round tooltip pinterest\" title=\"Pinear en Pinterest\" aria-label=\"Pinear en Pinterest\" rel=\"noopener nofollow\"><i class=\"icon-pinterest\" aria-hidden=\"true\"><\/i><\/a><a href=\"https:\/\/www.linkedin.com\/shareArticle?mini=true&url=https:\/\/minhducfurniture.com\/es\/product\/taburetes-de-bar-de-plastico-con-respaldo-para-islas-de-cocina-cafeterias-y-bares\/&title=Taburetes%20de%20bar%20de%20pl%C3%A1stico%20con%20respaldo%20para%20islas%20de%20cocina%2C%20cafeter%C3%ADas%20y%20bares\" onclick=\"window.open(this.href,this.title,'width=500,height=500,top=300px,left=300px'); return false;\" target=\"_blank\" class=\"icon primary button round tooltip linkedin\" title=\"Compartir en LinkedIn\" aria-label=\"Compartir en LinkedIn\" rel=\"noopener nofollow\"><i class=\"icon-linkedin\" aria-hidden=\"true\"><\/i><\/a><\/div>\n","protected":false},"excerpt":{"rendered":"<ul>\n<li>C\u00f3digo del producto: MDS-3031B<\/li>\n<li>Tama\u00f1o de la silla: D455mm*SH760mm*H1030mm*W520mm<\/li>\n<li>100% pl\u00e1stico PP con revestimiento anti UV<\/li>\n<li>Armaz\u00f3n de acero con recubrimiento en polvo<\/li>\n<li>Peso de carga: 120kg\/ 264,5lbs<\/li>\n<li>Origen del producto: Vietnam<\/li>\n<li>L\u00ednea directa\/ WhatsApp: +84 908 314 939<\/li>\n<\/ul>\n","protected":false},"featured_media":54359,"comment_status":"open","ping_status":"closed","template":"","meta":[],"product_brand":[],"product_cat":[13066],"product_tag":[13067],"class_list":{"0":"post-54360","1":"product","2":"type-product","3":"status-publish","4":"has-post-thumbnail","6":"product_cat-sillas-de-plastico","7":"product_tag-sillas-de-exterior","9":"first","10":"instock","11":"shipping-taxable","12":"product-type-simple"},"yoast_head":"<!-- This site is optimized with the Yoast SEO plugin v27.4 - https:\/\/yoast.com\/product\/yoast-seo-wordpress\/ -->\n<title>Taburetes de bar de pl\u00e1stico con respaldo para islas de cocina, cafeter\u00edas y bares - Minh Duc Furniture<\/title>\n<meta name=\"description\" content=\"Mejora tu experiencia de asiento con nuestros modernos taburetes de bar de pl\u00e1stico con respaldo, dise\u00f1ados para aportar comodidad y estilo a las islas de cocina, cafeter\u00edas y bares\" \/>\n<meta name=\"robots\" content=\"index, follow, max-snippet:-1, max-image-preview:large, max-video-preview:-1\" \/>\n<link rel=\"canonical\" href=\"https:\/\/minhducfurniture.com\/es\/product\/taburetes-de-bar-de-plastico-con-respaldo-para-islas-de-cocina-cafeterias-y-bares\/\" \/>\n<meta property=\"og:locale\" content=\"es_ES\" \/>\n<meta property=\"og:type\" content=\"article\" \/>\n<meta property=\"og:title\" content=\"Taburetes de bar de pl\u00e1stico con respaldo para islas de cocina, cafeter\u00edas y bares - Minh Duc Furniture\" \/>\n<meta property=\"og:description\" content=\"Mejora tu experiencia de asiento con nuestros modernos taburetes de bar de pl\u00e1stico con respaldo, dise\u00f1ados para aportar comodidad y estilo a las islas de cocina, cafeter\u00edas y bares\" \/>\n<meta property=\"og:url\" content=\"https:\/\/minhducfurniture.com\/es\/product\/taburetes-de-bar-de-plastico-con-respaldo-para-islas-de-cocina-cafeterias-y-bares\/\" \/>\n<meta property=\"og:site_name\" content=\"Minh Duc Furniture\" \/>\n<meta property=\"article:modified_time\" content=\"2025-11-29T08:09:08+00:00\" \/>\n<meta property=\"og:image\" content=\"https:\/\/minhducfurniture.com\/wp-content\/uploads\/2025\/11\/Plastic-bar-stool-with-backs.jpg\" \/>\n\t<meta property=\"og:image:width\" content=\"700\" \/>\n\t<meta property=\"og:image:height\" content=\"700\" \/>\n\t<meta property=\"og:image:type\" content=\"image\/jpeg\" \/>\n<meta name=\"twitter:card\" content=\"summary_large_image\" \/>\n<meta name=\"twitter:label1\" content=\"Tiempo de lectura\" \/>\n\t<meta name=\"twitter:data1\" content=\"2 minutos\" \/>\n<script type=\"application\/ld+json\" class=\"yoast-schema-graph\">{\"@context\":\"https:\\\/\\\/schema.org\",\"@graph\":[{\"@type\":\"WebPage\",\"@id\":\"https:\\\/\\\/minhducfurniture.com\\\/es\\\/product\\\/taburetes-de-bar-de-plastico-con-respaldo-para-islas-de-cocina-cafeterias-y-bares\\\/\",\"url\":\"https:\\\/\\\/minhducfurniture.com\\\/es\\\/product\\\/taburetes-de-bar-de-plastico-con-respaldo-para-islas-de-cocina-cafeterias-y-bares\\\/\",\"name\":\"Taburetes de bar de pl\u00e1stico con respaldo para islas de cocina, cafeter\u00edas y bares - Minh Duc Furniture\",\"isPartOf\":{\"@id\":\"https:\\\/\\\/minhducfurniture.com\\\/es\\\/#website\"},\"primaryImageOfPage\":{\"@id\":\"https:\\\/\\\/minhducfurniture.com\\\/es\\\/product\\\/taburetes-de-bar-de-plastico-con-respaldo-para-islas-de-cocina-cafeterias-y-bares\\\/#primaryimage\"},\"image\":{\"@id\":\"https:\\\/\\\/minhducfurniture.com\\\/es\\\/product\\\/taburetes-de-bar-de-plastico-con-respaldo-para-islas-de-cocina-cafeterias-y-bares\\\/#primaryimage\"},\"thumbnailUrl\":\"https:\\\/\\\/minhducfurniture.com\\\/wp-content\\\/uploads\\\/2025\\\/11\\\/Plastic-bar-stool-with-backs.jpg\",\"datePublished\":\"2025-11-26T10:09:20+00:00\",\"dateModified\":\"2025-11-29T08:09:08+00:00\",\"description\":\"Mejora tu experiencia de asiento con nuestros modernos taburetes de bar de pl\u00e1stico con respaldo, dise\u00f1ados para aportar comodidad y estilo a las islas de cocina, cafeter\u00edas y bares\",\"breadcrumb\":{\"@id\":\"https:\\\/\\\/minhducfurniture.com\\\/es\\\/product\\\/taburetes-de-bar-de-plastico-con-respaldo-para-islas-de-cocina-cafeterias-y-bares\\\/#breadcrumb\"},\"inLanguage\":\"es\",\"potentialAction\":[{\"@type\":\"ReadAction\",\"target\":[\"https:\\\/\\\/minhducfurniture.com\\\/es\\\/product\\\/taburetes-de-bar-de-plastico-con-respaldo-para-islas-de-cocina-cafeterias-y-bares\\\/\"]}]},{\"@type\":\"ImageObject\",\"inLanguage\":\"es\",\"@id\":\"https:\\\/\\\/minhducfurniture.com\\\/es\\\/product\\\/taburetes-de-bar-de-plastico-con-respaldo-para-islas-de-cocina-cafeterias-y-bares\\\/#primaryimage\",\"url\":\"https:\\\/\\\/minhducfurniture.com\\\/wp-content\\\/uploads\\\/2025\\\/11\\\/Plastic-bar-stool-with-backs.jpg\",\"contentUrl\":\"https:\\\/\\\/minhducfurniture.com\\\/wp-content\\\/uploads\\\/2025\\\/11\\\/Plastic-bar-stool-with-backs.jpg\",\"width\":700,\"height\":700,\"caption\":\"Taburete de bar de pl\u00e1stico con respaldo\"},{\"@type\":\"BreadcrumbList\",\"@id\":\"https:\\\/\\\/minhducfurniture.com\\\/es\\\/product\\\/taburetes-de-bar-de-plastico-con-respaldo-para-islas-de-cocina-cafeterias-y-bares\\\/#breadcrumb\",\"itemListElement\":[{\"@type\":\"ListItem\",\"position\":1,\"name\":\"Home\",\"item\":\"https:\\\/\\\/minhducfurniture.com\\\/es\\\/\"},{\"@type\":\"ListItem\",\"position\":2,\"name\":\"Shop\",\"item\":\"https:\\\/\\\/minhducfurniture.com\\\/shop\\\/\"},{\"@type\":\"ListItem\",\"position\":3,\"name\":\"Taburetes de bar de pl\u00e1stico con respaldo para islas de cocina, cafeter\u00edas y bares\"}]},{\"@type\":\"WebSite\",\"@id\":\"https:\\\/\\\/minhducfurniture.com\\\/es\\\/#website\",\"url\":\"https:\\\/\\\/minhducfurniture.com\\\/es\\\/\",\"name\":\"Minh Duc Furniture\",\"description\":\"Vietnam Furniture Supplier\",\"publisher\":{\"@id\":\"https:\\\/\\\/minhducfurniture.com\\\/es\\\/#organization\"},\"alternateName\":\"Vietnam Online Shop\",\"potentialAction\":[{\"@type\":\"SearchAction\",\"target\":{\"@type\":\"EntryPoint\",\"urlTemplate\":\"https:\\\/\\\/minhducfurniture.com\\\/es\\\/?s={search_term_string}\"},\"query-input\":{\"@type\":\"PropertyValueSpecification\",\"valueRequired\":true,\"valueName\":\"search_term_string\"}}],\"inLanguage\":\"es\"},{\"@type\":\"Organization\",\"@id\":\"https:\\\/\\\/minhducfurniture.com\\\/es\\\/#organization\",\"name\":\"Minh Duc Furniture\",\"alternateName\":\"Vietnam Furniture Export\",\"url\":\"https:\\\/\\\/minhducfurniture.com\\\/es\\\/\",\"logo\":{\"@type\":\"ImageObject\",\"inLanguage\":\"es\",\"@id\":\"https:\\\/\\\/minhducfurniture.com\\\/es\\\/#\\\/schema\\\/logo\\\/image\\\/\",\"url\":\"\",\"contentUrl\":\"\",\"caption\":\"Minh Duc Furniture\"},\"image\":{\"@id\":\"https:\\\/\\\/minhducfurniture.com\\\/es\\\/#\\\/schema\\\/logo\\\/image\\\/\"},\"sameAs\":[\"https:\\\/\\\/www.pinterest.com\\\/hienthaoshop\\\/pins\\\/\"]}]}<\/script>\n<!-- \/ Yoast SEO plugin. -->","yoast_head_json":{"title":"Taburetes de bar de pl\u00e1stico con respaldo para islas de cocina, cafeter\u00edas y bares - Minh Duc Furniture","description":"Mejora tu experiencia de asiento con nuestros modernos taburetes de bar de pl\u00e1stico con respaldo, dise\u00f1ados para aportar comodidad y estilo a las islas de cocina, cafeter\u00edas y bares","robots":{"index":"index","follow":"follow","max-snippet":"max-snippet:-1","max-image-preview":"max-image-preview:large","max-video-preview":"max-video-preview:-1"},"canonical":"https:\/\/minhducfurniture.com\/es\/product\/taburetes-de-bar-de-plastico-con-respaldo-para-islas-de-cocina-cafeterias-y-bares\/","og_locale":"es_ES","og_type":"article","og_title":"Taburetes de bar de pl\u00e1stico con respaldo para islas de cocina, cafeter\u00edas y bares - Minh Duc Furniture","og_description":"Mejora tu experiencia de asiento con nuestros modernos taburetes de bar de pl\u00e1stico con respaldo, dise\u00f1ados para aportar comodidad y estilo a las islas de cocina, cafeter\u00edas y bares","og_url":"https:\/\/minhducfurniture.com\/es\/product\/taburetes-de-bar-de-plastico-con-respaldo-para-islas-de-cocina-cafeterias-y-bares\/","og_site_name":"Minh Duc Furniture","article_modified_time":"2025-11-29T08:09:08+00:00","og_image":[{"width":700,"height":700,"url":"https:\/\/minhducfurniture.com\/wp-content\/uploads\/2025\/11\/Plastic-bar-stool-with-backs.jpg","type":"image\/jpeg"}],"twitter_card":"summary_large_image","twitter_misc":{"Tiempo de lectura":"2 minutos"},"schema":{"@context":"https:\/\/schema.org","@graph":[{"@type":"WebPage","@id":"https:\/\/minhducfurniture.com\/es\/product\/taburetes-de-bar-de-plastico-con-respaldo-para-islas-de-cocina-cafeterias-y-bares\/","url":"https:\/\/minhducfurniture.com\/es\/product\/taburetes-de-bar-de-plastico-con-respaldo-para-islas-de-cocina-cafeterias-y-bares\/","name":"Taburetes de bar de pl\u00e1stico con respaldo para islas de cocina, cafeter\u00edas y bares - Minh Duc Furniture","isPartOf":{"@id":"https:\/\/minhducfurniture.com\/es\/#website"},"primaryImageOfPage":{"@id":"https:\/\/minhducfurniture.com\/es\/product\/taburetes-de-bar-de-plastico-con-respaldo-para-islas-de-cocina-cafeterias-y-bares\/#primaryimage"},"image":{"@id":"https:\/\/minhducfurniture.com\/es\/product\/taburetes-de-bar-de-plastico-con-respaldo-para-islas-de-cocina-cafeterias-y-bares\/#primaryimage"},"thumbnailUrl":"https:\/\/minhducfurniture.com\/wp-content\/uploads\/2025\/11\/Plastic-bar-stool-with-backs.jpg","datePublished":"2025-11-26T10:09:20+00:00","dateModified":"2025-11-29T08:09:08+00:00","description":"Mejora tu experiencia de asiento con nuestros modernos taburetes de bar de pl\u00e1stico con respaldo, dise\u00f1ados para aportar comodidad y estilo a las islas de cocina, cafeter\u00edas y bares","breadcrumb":{"@id":"https:\/\/minhducfurniture.com\/es\/product\/taburetes-de-bar-de-plastico-con-respaldo-para-islas-de-cocina-cafeterias-y-bares\/#breadcrumb"},"inLanguage":"es","potentialAction":[{"@type":"ReadAction","target":["https:\/\/minhducfurniture.com\/es\/product\/taburetes-de-bar-de-plastico-con-respaldo-para-islas-de-cocina-cafeterias-y-bares\/"]}]},{"@type":"ImageObject","inLanguage":"es","@id":"https:\/\/minhducfurniture.com\/es\/product\/taburetes-de-bar-de-plastico-con-respaldo-para-islas-de-cocina-cafeterias-y-bares\/#primaryimage","url":"https:\/\/minhducfurniture.com\/wp-content\/uploads\/2025\/11\/Plastic-bar-stool-with-backs.jpg","contentUrl":"https:\/\/minhducfurniture.com\/wp-content\/uploads\/2025\/11\/Plastic-bar-stool-with-backs.jpg","width":700,"height":700,"caption":"Taburete de bar de pl\u00e1stico con respaldo"},{"@type":"BreadcrumbList","@id":"https:\/\/minhducfurniture.com\/es\/product\/taburetes-de-bar-de-plastico-con-respaldo-para-islas-de-cocina-cafeterias-y-bares\/#breadcrumb","itemListElement":[{"@type":"ListItem","position":1,"name":"Home","item":"https:\/\/minhducfurniture.com\/es\/"},{"@type":"ListItem","position":2,"name":"Shop","item":"https:\/\/minhducfurniture.com\/shop\/"},{"@type":"ListItem","position":3,"name":"Taburetes de bar de pl\u00e1stico con respaldo para islas de cocina, cafeter\u00edas y bares"}]},{"@type":"WebSite","@id":"https:\/\/minhducfurniture.com\/es\/#website","url":"https:\/\/minhducfurniture.com\/es\/","name":"Minh Duc Furniture","description":"Vietnam Furniture Supplier","publisher":{"@id":"https:\/\/minhducfurniture.com\/es\/#organization"},"alternateName":"Vietnam Online Shop","potentialAction":[{"@type":"SearchAction","target":{"@type":"EntryPoint","urlTemplate":"https:\/\/minhducfurniture.com\/es\/?s={search_term_string}"},"query-input":{"@type":"PropertyValueSpecification","valueRequired":true,"valueName":"search_term_string"}}],"inLanguage":"es"},{"@type":"Organization","@id":"https:\/\/minhducfurniture.com\/es\/#organization","name":"Minh Duc Furniture","alternateName":"Vietnam Furniture Export","url":"https:\/\/minhducfurniture.com\/es\/","logo":{"@type":"ImageObject","inLanguage":"es","@id":"https:\/\/minhducfurniture.com\/es\/#\/schema\/logo\/image\/","url":"","contentUrl":"","caption":"Minh Duc Furniture"},"image":{"@id":"https:\/\/minhducfurniture.com\/es\/#\/schema\/logo\/image\/"},"sameAs":["https:\/\/www.pinterest.com\/hienthaoshop\/pins\/"]}]}},"_links":{"self":[{"href":"https:\/\/minhducfurniture.com\/es\/wp-json\/wp\/v2\/product\/54360","targetHints":{"allow":["GET"]}}],"collection":[{"href":"https:\/\/minhducfurniture.com\/es\/wp-json\/wp\/v2\/product"}],"about":[{"href":"https:\/\/minhducfurniture.com\/es\/wp-json\/wp\/v2\/types\/product"}],"replies":[{"embeddable":true,"href":"https:\/\/minhducfurniture.com\/es\/wp-json\/wp\/v2\/comments?post=54360"}],"wp:featuredmedia":[{"embeddable":true,"href":"https:\/\/minhducfurniture.com\/es\/wp-json\/wp\/v2\/media\/54359"}],"wp:attachment":[{"href":"https:\/\/minhducfurniture.com\/es\/wp-json\/wp\/v2\/media?parent=54360"}],"wp:term":[{"taxonomy":"product_brand","embeddable":true,"href":"https:\/\/minhducfurniture.com\/es\/wp-json\/wp\/v2\/product_brand?post=54360"},{"taxonomy":"product_cat","embeddable":true,"href":"https:\/\/minhducfurniture.com\/es\/wp-json\/wp\/v2\/product_cat?post=54360"},{"taxonomy":"product_tag","embeddable":true,"href":"https:\/\/minhducfurniture.com\/es\/wp-json\/wp\/v2\/product_tag?post=54360"}],"curies":[{"name":"wp","href":"https:\/\/api.w.org\/{rel}","templated":true}]}}