{"id":54218,"date":"2025-11-23T12:13:13","date_gmt":"2025-11-23T05:13:13","guid":{"rendered":"https:\/\/minhducfurniture.com\/product\/sillas-de-polipropileno-para-exteriores-una-solucion-elegante-para-sentarse\/"},"modified":"2025-11-29T15:12:35","modified_gmt":"2025-11-29T08:12:35","slug":"sillas-de-polipropileno-para-exteriores-una-solucion-elegante-para-sentarse","status":"publish","type":"product","link":"https:\/\/minhducfurniture.com\/es\/product\/sillas-de-polipropileno-para-exteriores-una-solucion-elegante-para-sentarse\/","title":{"rendered":"Sillas de polipropileno para exteriores, una soluci\u00f3n elegante para sentarse"},"content":{"rendered":"<h2><span style=\"font-size: 90%\">Polipropileno <\/span><span style=\"font-size: 90%\">sillas <\/span><span style=\"font-size: 90%\">exterior <\/span><span style=\"font-size: 90%\">&#8211;<\/span><span style=\"font-size: 90%\"> Una soluci\u00f3n de asiento duradera y elegante para cualquier espacio exterior<\/span><\/h2>\n<p><strong>Las sillas de polipropileno para exterior<\/strong> est\u00e1n dise\u00f1adas para quienes aprecian la sencillez moderna y el rendimiento duradero. Con una limpia est\u00e9tica minimalista &#8211; contempor\u00e1nea, estas sillas aportan un aspecto refinado a cualquier espacio exterior. El asiento acolchado proporciona un confort extra, mientras que la robusta estructura de PP garantiza su durabilidad en diversas condiciones clim\u00e1ticas.  \t<div id=\"gap-1678672009\" class=\"gap-element clearfix\" style=\"display:block; height:auto;\">\n\t\t\n<style>\n#gap-1678672009 {\n  padding-top: 15px;\n}\n<\/style>\n\t<\/div>\n\t\n<figure id=\"attachment_54213\" aria-describedby=\"caption-attachment-54213\" style=\"width: 850px\" class=\"wp-caption aligncenter\"><img decoding=\"async\" class=\"size-full wp-image-54150\" src=\"https:\/\/minhducfurniture.com\/wp-content\/uploads\/2025\/11\/PP-outdoor-chairs-with-table.jpg\" alt=\"Silla de polipropileno para exterior con mesa\" width=\"850\" height=\"620\" srcset=\"https:\/\/minhducfurniture.com\/wp-content\/uploads\/2025\/11\/PP-outdoor-chairs-with-table.jpg 850w, https:\/\/minhducfurniture.com\/wp-content\/uploads\/2025\/11\/PP-outdoor-chairs-with-table-548x400.jpg 548w, https:\/\/minhducfurniture.com\/wp-content\/uploads\/2025\/11\/PP-outdoor-chairs-with-table-768x560.jpg 768w, https:\/\/minhducfurniture.com\/wp-content\/uploads\/2025\/11\/PP-outdoor-chairs-with-table-510x372.jpg 510w\" sizes=\"(max-width: 850px) 100vw, 850px\" \/><figcaption id=\"caption-attachment-54213\" class=\"wp-caption-text\">Silla de polipropileno para exterior con mesa<\/figcaption><\/figure>\n<h3>Caracter\u00edsticas principales del producto<\/h3>\n<ul>\n<li>Minimalista: estilo contempor\u00e1neo adecuado para espacios exteriores modernos.<\/li>\n<li>Asiento acolchado para mayor comodidad.<\/li>\n<li>Patas de PP duraderas con gran resistencia a la intemperie.<\/li>\n<li>Ligero y f\u00e1cil de limpiar para uso diario.<\/li>\n<li>Estructura estable con color y forma duraderos.<\/li>\n<li>Seguro y ecol\u00f3gico: Sin productos qu\u00edmicos nocivos, adecuado para familias con ni\u00f1os.<\/li>\n<li>M\u00faltiples opciones de color: F\u00e1cil de combinar con mesas de exterior, vegetaci\u00f3n y terrazas de madera.<\/li>\n<\/ul>\n<figure id=\"attachment_54214\" aria-describedby=\"caption-attachment-54214\" style=\"width: 850px\" class=\"wp-caption aligncenter\"><img decoding=\"async\" class=\"wp-image-54152 size-full\" src=\"https:\/\/minhducfurniture.com\/wp-content\/uploads\/2025\/11\/Other-PP-outdoor-chairs-1.jpg\" alt=\"Otras sillas de polipropileno para interior\" width=\"850\" height=\"543\" srcset=\"https:\/\/minhducfurniture.com\/wp-content\/uploads\/2025\/11\/Other-PP-outdoor-chairs-1.jpg 850w, https:\/\/minhducfurniture.com\/wp-content\/uploads\/2025\/11\/Other-PP-outdoor-chairs-1-626x400.jpg 626w, https:\/\/minhducfurniture.com\/wp-content\/uploads\/2025\/11\/Other-PP-outdoor-chairs-1-768x491.jpg 768w, https:\/\/minhducfurniture.com\/wp-content\/uploads\/2025\/11\/Other-PP-outdoor-chairs-1-510x326.jpg 510w\" sizes=\"(max-width: 850px) 100vw, 850px\" \/><figcaption id=\"caption-attachment-54214\" class=\"wp-caption-text\">Otras sillas de polipropileno para interior<\/figcaption><\/figure>\n<h4>Descripci\u00f3n del producto<\/h4>\n<ul>\n<li>C\u00f3digo del producto: MDS-LARY11<\/li>\n<li>Tama\u00f1o de la silla: H460mm*R420mm*W500<\/li>\n<li>100% pl\u00e1stico PP con revestimiento anti UV<\/li>\n<li>Peso de carga: 120kg\/ 264,5lbs<\/li>\n<li>Origen del producto: Vietnam<\/li>\n<\/ul>\n<figure id=\"attachment_54215\" aria-describedby=\"caption-attachment-54215\" style=\"width: 850px\" class=\"wp-caption aligncenter\"><img decoding=\"async\" class=\"size-full wp-image-54153\" src=\"https:\/\/minhducfurniture.com\/wp-content\/uploads\/2025\/11\/Green-outdoor-polypropylene-chair.jpg\" alt=\"Silla de polipropileno verde para exteriores\" width=\"850\" height=\"608\" srcset=\"https:\/\/minhducfurniture.com\/wp-content\/uploads\/2025\/11\/Green-outdoor-polypropylene-chair.jpg 850w, https:\/\/minhducfurniture.com\/wp-content\/uploads\/2025\/11\/Green-outdoor-polypropylene-chair-559x400.jpg 559w, https:\/\/minhducfurniture.com\/wp-content\/uploads\/2025\/11\/Green-outdoor-polypropylene-chair-768x549.jpg 768w, https:\/\/minhducfurniture.com\/wp-content\/uploads\/2025\/11\/Green-outdoor-polypropylene-chair-510x365.jpg 510w\" sizes=\"(max-width: 850px) 100vw, 850px\" \/><figcaption id=\"caption-attachment-54215\" class=\"wp-caption-text\">Silla de polipropileno verde para exteriores<\/figcaption><\/figure>\n<h4>Informaci\u00f3n para pedidos<\/h4>\n<ul>\n<li>Cantidad m\u00ednima de pedido (MOQ): 50 unidades<\/li>\n<li>Plazo de entrega: 30-35 d\u00edas despu\u00e9s del dep\u00f3sito<\/li>\n<li>Plazo de entrega: FOB puerto de Hai Phong, Vietnam<\/li>\n<li>Condiciones de pago: T\/T 30% de dep\u00f3sito, 70% de saldo antes del env\u00edo<\/li>\n<li>Si tienes tu propio dise\u00f1o personalizado y necesitas producci\u00f3n en serie, ponte en contacto con nosotros para obtener m\u00e1s ayuda.<\/li>\n<\/ul>\n<figure id=\"attachment_54216\" aria-describedby=\"caption-attachment-54216\" style=\"width: 850px\" class=\"wp-caption aligncenter\"><img decoding=\"async\" class=\"size-full wp-image-54154\" src=\"https:\/\/minhducfurniture.com\/wp-content\/uploads\/2025\/11\/The-actual-outdoor-polypropylene-chair.jpg\" alt=\"Las sillas de polipropileno para exteriores\" width=\"850\" height=\"650\" srcset=\"https:\/\/minhducfurniture.com\/wp-content\/uploads\/2025\/11\/The-actual-outdoor-polypropylene-chair.jpg 850w, https:\/\/minhducfurniture.com\/wp-content\/uploads\/2025\/11\/The-actual-outdoor-polypropylene-chair-523x400.jpg 523w, https:\/\/minhducfurniture.com\/wp-content\/uploads\/2025\/11\/The-actual-outdoor-polypropylene-chair-768x587.jpg 768w, https:\/\/minhducfurniture.com\/wp-content\/uploads\/2025\/11\/The-actual-outdoor-polypropylene-chair-510x390.jpg 510w\" sizes=\"(max-width: 850px) 100vw, 850px\" \/><figcaption id=\"caption-attachment-54216\" class=\"wp-caption-text\">Las sillas de polipropileno para exteriores<\/figcaption><\/figure>\n<h4>Informaci\u00f3n de contacto<\/h4>\n<ul>\n<li>Minh Duc Public Furniture Co.<\/li>\n<li>Direcci\u00f3n: Villa H02-L11 An Phu, Duong Noi, Ha Dong, Hanoi, Vietnam<\/li>\n<li>Tel\u00e9fono\/WhatsApp\/Zalo: +84 908 314 939<\/li>\n<\/ul>\n<p>M\u00e1s de nuestras colecciones<\/p>\n<ul>\n<li><span style=\"color: #008080\"><a style=\"color: #008080\" href=\"https:\/\/minhducfurniture.com\/es\/product\/taburetes-de-plastico-de-estilo-moderno-para-espacios-exteriores-e-interiores\/\">Taburetes de pl\u00e1stico de estilo moderno para espacios exteriores e interiores<\/a><\/span><\/li>\n<li><span style=\"color: #008080\"><a style=\"color: #008080\" href=\"https:\/\/minhducfurniture.com\/es\/product\/sillon-tapizado-pequeno-estructura-metalica-sillon-moderno\/\">Sill\u00f3n tapizado peque\u00f1o estructura met\u00e1lica sill\u00f3n moderno<\/a><\/span><\/li>\n<\/ul>\n<div class=\"social-icons share-icons share-row relative\" ><a href=\"whatsapp:\/\/send?text=Sillas%20de%20polipropileno%20para%20exteriores%2C%20una%20soluci%C3%B3n%20elegante%20para%20sentarse - https:\/\/minhducfurniture.com\/es\/product\/sillas-de-polipropileno-para-exteriores-una-solucion-elegante-para-sentarse\/\" data-action=\"share\/whatsapp\/share\" class=\"icon primary button round tooltip whatsapp show-for-medium\" title=\"Compartir en WhatsApp\" aria-label=\"Compartir en WhatsApp\"><i class=\"icon-whatsapp\" aria-hidden=\"true\"><\/i><\/a><a href=\"https:\/\/www.facebook.com\/sharer.php?u=https:\/\/minhducfurniture.com\/es\/product\/sillas-de-polipropileno-para-exteriores-una-solucion-elegante-para-sentarse\/\" data-label=\"Facebook\" onclick=\"window.open(this.href,this.title,'width=500,height=500,top=300px,left=300px'); return false;\" target=\"_blank\" class=\"icon primary button round tooltip facebook\" title=\"Compartir en Facebook\" aria-label=\"Compartir en Facebook\" rel=\"noopener nofollow\"><i class=\"icon-facebook\" aria-hidden=\"true\"><\/i><\/a><a href=\"https:\/\/twitter.com\/share?url=https:\/\/minhducfurniture.com\/es\/product\/sillas-de-polipropileno-para-exteriores-una-solucion-elegante-para-sentarse\/\" onclick=\"window.open(this.href,this.title,'width=500,height=500,top=300px,left=300px'); return false;\" target=\"_blank\" class=\"icon primary button round tooltip twitter\" title=\"Compartir en Twitter\" aria-label=\"Compartir en Twitter\" rel=\"noopener nofollow\"><i class=\"icon-twitter\" aria-hidden=\"true\"><\/i><\/a><a href=\"mailto:?subject=Sillas%20de%20polipropileno%20para%20exteriores%2C%20una%20soluci%C3%B3n%20elegante%20para%20sentarse&body=Check%20this%20out%3A%20https%3A%2F%2Fminhducfurniture.com%2Fes%2Fproduct%2Fsillas-de-polipropileno-para-exteriores-una-solucion-elegante-para-sentarse%2F\" class=\"icon primary button round tooltip email\" title=\"Env\u00eda por email\" aria-label=\"Env\u00eda por email\" rel=\"nofollow\"><i class=\"icon-envelop\" aria-hidden=\"true\"><\/i><\/a><a href=\"https:\/\/pinterest.com\/pin\/create\/button?url=https:\/\/minhducfurniture.com\/es\/product\/sillas-de-polipropileno-para-exteriores-una-solucion-elegante-para-sentarse\/&media=https:\/\/minhducfurniture.com\/wp-content\/uploads\/2025\/11\/Polypropylene-chairs-outdoor.jpg&description=Sillas%20de%20polipropileno%20para%20exteriores%2C%20una%20soluci%C3%B3n%20elegante%20para%20sentarse\" onclick=\"window.open(this.href,this.title,'width=500,height=500,top=300px,left=300px'); return false;\" target=\"_blank\" class=\"icon primary button round tooltip pinterest\" title=\"Pinear en Pinterest\" aria-label=\"Pinear en Pinterest\" rel=\"noopener nofollow\"><i class=\"icon-pinterest\" aria-hidden=\"true\"><\/i><\/a><a href=\"https:\/\/www.linkedin.com\/shareArticle?mini=true&url=https:\/\/minhducfurniture.com\/es\/product\/sillas-de-polipropileno-para-exteriores-una-solucion-elegante-para-sentarse\/&title=Sillas%20de%20polipropileno%20para%20exteriores%2C%20una%20soluci%C3%B3n%20elegante%20para%20sentarse\" onclick=\"window.open(this.href,this.title,'width=500,height=500,top=300px,left=300px'); return false;\" target=\"_blank\" class=\"icon primary button round tooltip linkedin\" title=\"Compartir en LinkedIn\" aria-label=\"Compartir en LinkedIn\" rel=\"noopener nofollow\"><i class=\"icon-linkedin\" aria-hidden=\"true\"><\/i><\/a><\/div>\n","protected":false},"excerpt":{"rendered":"<ul>\n<li>C\u00f3digo del producto: MDS-LARY11<\/li>\n<li>Tama\u00f1o de la silla: H460mm*R420mm*W500<\/li>\n<li>100% pl\u00e1stico PP con revestimiento anti UV<\/li>\n<li>Peso de carga: 120kg\/ 264,5lbs<\/li>\n<li>Origen del producto: Vietnam<\/li>\n<li>L\u00ednea directa\/ WhatsApp:+84908314939<\/li>\n<\/ul>\n","protected":false},"featured_media":54217,"comment_status":"open","ping_status":"closed","template":"","meta":[],"product_brand":[],"product_cat":[13066],"product_tag":[13067],"class_list":{"0":"post-54218","1":"product","2":"type-product","3":"status-publish","4":"has-post-thumbnail","6":"product_cat-sillas-de-plastico","7":"product_tag-sillas-de-exterior","9":"first","10":"instock","11":"shipping-taxable","12":"product-type-simple"},"yoast_head":"<!-- This site is optimized with the Yoast SEO plugin v27.4 - https:\/\/yoast.com\/product\/yoast-seo-wordpress\/ -->\n<title>Sillas de polipropileno para exteriores, una soluci\u00f3n elegante para sentarse - Minh Duc Furniture<\/title>\n<meta name=\"description\" content=\"Las sillas de polipropileno para exteriores son sillas de pl\u00e1stico de primera calidad dise\u00f1adas espec\u00edficamente para entornos exteriores. Fabricadas con material PP de alta calidad\" \/>\n<meta name=\"robots\" content=\"index, follow, max-snippet:-1, max-image-preview:large, max-video-preview:-1\" \/>\n<link rel=\"canonical\" href=\"https:\/\/minhducfurniture.com\/es\/product\/sillas-de-polipropileno-para-exteriores-una-solucion-elegante-para-sentarse\/\" \/>\n<meta property=\"og:locale\" content=\"es_ES\" \/>\n<meta property=\"og:type\" content=\"article\" \/>\n<meta property=\"og:title\" content=\"Sillas de polipropileno para exteriores, una soluci\u00f3n elegante para sentarse - Minh Duc Furniture\" \/>\n<meta property=\"og:description\" content=\"Las sillas de polipropileno para exteriores son sillas de pl\u00e1stico de primera calidad dise\u00f1adas espec\u00edficamente para entornos exteriores. Fabricadas con material PP de alta calidad\" \/>\n<meta property=\"og:url\" content=\"https:\/\/minhducfurniture.com\/es\/product\/sillas-de-polipropileno-para-exteriores-una-solucion-elegante-para-sentarse\/\" \/>\n<meta property=\"og:site_name\" content=\"Minh Duc Furniture\" \/>\n<meta property=\"article:modified_time\" content=\"2025-11-29T08:12:35+00:00\" \/>\n<meta property=\"og:image\" content=\"https:\/\/minhducfurniture.com\/wp-content\/uploads\/2025\/11\/Polypropylene-chairs-outdoor.jpg\" \/>\n\t<meta property=\"og:image:width\" content=\"650\" \/>\n\t<meta property=\"og:image:height\" content=\"650\" \/>\n\t<meta property=\"og:image:type\" content=\"image\/jpeg\" \/>\n<meta name=\"twitter:card\" content=\"summary_large_image\" \/>\n<meta name=\"twitter:label1\" content=\"Tiempo de lectura\" \/>\n\t<meta name=\"twitter:data1\" content=\"2 minutos\" \/>\n<script type=\"application\/ld+json\" class=\"yoast-schema-graph\">{\"@context\":\"https:\\\/\\\/schema.org\",\"@graph\":[{\"@type\":\"WebPage\",\"@id\":\"https:\\\/\\\/minhducfurniture.com\\\/es\\\/product\\\/sillas-de-polipropileno-para-exteriores-una-solucion-elegante-para-sentarse\\\/\",\"url\":\"https:\\\/\\\/minhducfurniture.com\\\/es\\\/product\\\/sillas-de-polipropileno-para-exteriores-una-solucion-elegante-para-sentarse\\\/\",\"name\":\"Sillas de polipropileno para exteriores, una soluci\u00f3n elegante para sentarse - Minh Duc Furniture\",\"isPartOf\":{\"@id\":\"https:\\\/\\\/minhducfurniture.com\\\/es\\\/#website\"},\"primaryImageOfPage\":{\"@id\":\"https:\\\/\\\/minhducfurniture.com\\\/es\\\/product\\\/sillas-de-polipropileno-para-exteriores-una-solucion-elegante-para-sentarse\\\/#primaryimage\"},\"image\":{\"@id\":\"https:\\\/\\\/minhducfurniture.com\\\/es\\\/product\\\/sillas-de-polipropileno-para-exteriores-una-solucion-elegante-para-sentarse\\\/#primaryimage\"},\"thumbnailUrl\":\"https:\\\/\\\/minhducfurniture.com\\\/wp-content\\\/uploads\\\/2025\\\/11\\\/Polypropylene-chairs-outdoor.jpg\",\"datePublished\":\"2025-11-23T05:13:13+00:00\",\"dateModified\":\"2025-11-29T08:12:35+00:00\",\"description\":\"Las sillas de polipropileno para exteriores son sillas de pl\u00e1stico de primera calidad dise\u00f1adas espec\u00edficamente para entornos exteriores. Fabricadas con material PP de alta calidad\",\"breadcrumb\":{\"@id\":\"https:\\\/\\\/minhducfurniture.com\\\/es\\\/product\\\/sillas-de-polipropileno-para-exteriores-una-solucion-elegante-para-sentarse\\\/#breadcrumb\"},\"inLanguage\":\"es\",\"potentialAction\":[{\"@type\":\"ReadAction\",\"target\":[\"https:\\\/\\\/minhducfurniture.com\\\/es\\\/product\\\/sillas-de-polipropileno-para-exteriores-una-solucion-elegante-para-sentarse\\\/\"]}]},{\"@type\":\"ImageObject\",\"inLanguage\":\"es\",\"@id\":\"https:\\\/\\\/minhducfurniture.com\\\/es\\\/product\\\/sillas-de-polipropileno-para-exteriores-una-solucion-elegante-para-sentarse\\\/#primaryimage\",\"url\":\"https:\\\/\\\/minhducfurniture.com\\\/wp-content\\\/uploads\\\/2025\\\/11\\\/Polypropylene-chairs-outdoor.jpg\",\"contentUrl\":\"https:\\\/\\\/minhducfurniture.com\\\/wp-content\\\/uploads\\\/2025\\\/11\\\/Polypropylene-chairs-outdoor.jpg\",\"width\":650,\"height\":650,\"caption\":\"Silla de polipropileno para exteriores\"},{\"@type\":\"BreadcrumbList\",\"@id\":\"https:\\\/\\\/minhducfurniture.com\\\/es\\\/product\\\/sillas-de-polipropileno-para-exteriores-una-solucion-elegante-para-sentarse\\\/#breadcrumb\",\"itemListElement\":[{\"@type\":\"ListItem\",\"position\":1,\"name\":\"Home\",\"item\":\"https:\\\/\\\/minhducfurniture.com\\\/es\\\/\"},{\"@type\":\"ListItem\",\"position\":2,\"name\":\"Shop\",\"item\":\"https:\\\/\\\/minhducfurniture.com\\\/shop\\\/\"},{\"@type\":\"ListItem\",\"position\":3,\"name\":\"Sillas de polipropileno para exteriores, una soluci\u00f3n elegante para sentarse\"}]},{\"@type\":\"WebSite\",\"@id\":\"https:\\\/\\\/minhducfurniture.com\\\/es\\\/#website\",\"url\":\"https:\\\/\\\/minhducfurniture.com\\\/es\\\/\",\"name\":\"Minh Duc Furniture\",\"description\":\"Vietnam Furniture Supplier\",\"publisher\":{\"@id\":\"https:\\\/\\\/minhducfurniture.com\\\/es\\\/#organization\"},\"alternateName\":\"Vietnam Online Shop\",\"potentialAction\":[{\"@type\":\"SearchAction\",\"target\":{\"@type\":\"EntryPoint\",\"urlTemplate\":\"https:\\\/\\\/minhducfurniture.com\\\/es\\\/?s={search_term_string}\"},\"query-input\":{\"@type\":\"PropertyValueSpecification\",\"valueRequired\":true,\"valueName\":\"search_term_string\"}}],\"inLanguage\":\"es\"},{\"@type\":\"Organization\",\"@id\":\"https:\\\/\\\/minhducfurniture.com\\\/es\\\/#organization\",\"name\":\"Minh Duc Furniture\",\"alternateName\":\"Vietnam Furniture Export\",\"url\":\"https:\\\/\\\/minhducfurniture.com\\\/es\\\/\",\"logo\":{\"@type\":\"ImageObject\",\"inLanguage\":\"es\",\"@id\":\"https:\\\/\\\/minhducfurniture.com\\\/es\\\/#\\\/schema\\\/logo\\\/image\\\/\",\"url\":\"\",\"contentUrl\":\"\",\"caption\":\"Minh Duc Furniture\"},\"image\":{\"@id\":\"https:\\\/\\\/minhducfurniture.com\\\/es\\\/#\\\/schema\\\/logo\\\/image\\\/\"},\"sameAs\":[\"https:\\\/\\\/www.pinterest.com\\\/hienthaoshop\\\/pins\\\/\"]}]}<\/script>\n<!-- \/ Yoast SEO plugin. -->","yoast_head_json":{"title":"Sillas de polipropileno para exteriores, una soluci\u00f3n elegante para sentarse - Minh Duc Furniture","description":"Las sillas de polipropileno para exteriores son sillas de pl\u00e1stico de primera calidad dise\u00f1adas espec\u00edficamente para entornos exteriores. Fabricadas con material PP de alta calidad","robots":{"index":"index","follow":"follow","max-snippet":"max-snippet:-1","max-image-preview":"max-image-preview:large","max-video-preview":"max-video-preview:-1"},"canonical":"https:\/\/minhducfurniture.com\/es\/product\/sillas-de-polipropileno-para-exteriores-una-solucion-elegante-para-sentarse\/","og_locale":"es_ES","og_type":"article","og_title":"Sillas de polipropileno para exteriores, una soluci\u00f3n elegante para sentarse - Minh Duc Furniture","og_description":"Las sillas de polipropileno para exteriores son sillas de pl\u00e1stico de primera calidad dise\u00f1adas espec\u00edficamente para entornos exteriores. Fabricadas con material PP de alta calidad","og_url":"https:\/\/minhducfurniture.com\/es\/product\/sillas-de-polipropileno-para-exteriores-una-solucion-elegante-para-sentarse\/","og_site_name":"Minh Duc Furniture","article_modified_time":"2025-11-29T08:12:35+00:00","og_image":[{"width":650,"height":650,"url":"https:\/\/minhducfurniture.com\/wp-content\/uploads\/2025\/11\/Polypropylene-chairs-outdoor.jpg","type":"image\/jpeg"}],"twitter_card":"summary_large_image","twitter_misc":{"Tiempo de lectura":"2 minutos"},"schema":{"@context":"https:\/\/schema.org","@graph":[{"@type":"WebPage","@id":"https:\/\/minhducfurniture.com\/es\/product\/sillas-de-polipropileno-para-exteriores-una-solucion-elegante-para-sentarse\/","url":"https:\/\/minhducfurniture.com\/es\/product\/sillas-de-polipropileno-para-exteriores-una-solucion-elegante-para-sentarse\/","name":"Sillas de polipropileno para exteriores, una soluci\u00f3n elegante para sentarse - Minh Duc Furniture","isPartOf":{"@id":"https:\/\/minhducfurniture.com\/es\/#website"},"primaryImageOfPage":{"@id":"https:\/\/minhducfurniture.com\/es\/product\/sillas-de-polipropileno-para-exteriores-una-solucion-elegante-para-sentarse\/#primaryimage"},"image":{"@id":"https:\/\/minhducfurniture.com\/es\/product\/sillas-de-polipropileno-para-exteriores-una-solucion-elegante-para-sentarse\/#primaryimage"},"thumbnailUrl":"https:\/\/minhducfurniture.com\/wp-content\/uploads\/2025\/11\/Polypropylene-chairs-outdoor.jpg","datePublished":"2025-11-23T05:13:13+00:00","dateModified":"2025-11-29T08:12:35+00:00","description":"Las sillas de polipropileno para exteriores son sillas de pl\u00e1stico de primera calidad dise\u00f1adas espec\u00edficamente para entornos exteriores. Fabricadas con material PP de alta calidad","breadcrumb":{"@id":"https:\/\/minhducfurniture.com\/es\/product\/sillas-de-polipropileno-para-exteriores-una-solucion-elegante-para-sentarse\/#breadcrumb"},"inLanguage":"es","potentialAction":[{"@type":"ReadAction","target":["https:\/\/minhducfurniture.com\/es\/product\/sillas-de-polipropileno-para-exteriores-una-solucion-elegante-para-sentarse\/"]}]},{"@type":"ImageObject","inLanguage":"es","@id":"https:\/\/minhducfurniture.com\/es\/product\/sillas-de-polipropileno-para-exteriores-una-solucion-elegante-para-sentarse\/#primaryimage","url":"https:\/\/minhducfurniture.com\/wp-content\/uploads\/2025\/11\/Polypropylene-chairs-outdoor.jpg","contentUrl":"https:\/\/minhducfurniture.com\/wp-content\/uploads\/2025\/11\/Polypropylene-chairs-outdoor.jpg","width":650,"height":650,"caption":"Silla de polipropileno para exteriores"},{"@type":"BreadcrumbList","@id":"https:\/\/minhducfurniture.com\/es\/product\/sillas-de-polipropileno-para-exteriores-una-solucion-elegante-para-sentarse\/#breadcrumb","itemListElement":[{"@type":"ListItem","position":1,"name":"Home","item":"https:\/\/minhducfurniture.com\/es\/"},{"@type":"ListItem","position":2,"name":"Shop","item":"https:\/\/minhducfurniture.com\/shop\/"},{"@type":"ListItem","position":3,"name":"Sillas de polipropileno para exteriores, una soluci\u00f3n elegante para sentarse"}]},{"@type":"WebSite","@id":"https:\/\/minhducfurniture.com\/es\/#website","url":"https:\/\/minhducfurniture.com\/es\/","name":"Minh Duc Furniture","description":"Vietnam Furniture Supplier","publisher":{"@id":"https:\/\/minhducfurniture.com\/es\/#organization"},"alternateName":"Vietnam Online Shop","potentialAction":[{"@type":"SearchAction","target":{"@type":"EntryPoint","urlTemplate":"https:\/\/minhducfurniture.com\/es\/?s={search_term_string}"},"query-input":{"@type":"PropertyValueSpecification","valueRequired":true,"valueName":"search_term_string"}}],"inLanguage":"es"},{"@type":"Organization","@id":"https:\/\/minhducfurniture.com\/es\/#organization","name":"Minh Duc Furniture","alternateName":"Vietnam Furniture Export","url":"https:\/\/minhducfurniture.com\/es\/","logo":{"@type":"ImageObject","inLanguage":"es","@id":"https:\/\/minhducfurniture.com\/es\/#\/schema\/logo\/image\/","url":"","contentUrl":"","caption":"Minh Duc Furniture"},"image":{"@id":"https:\/\/minhducfurniture.com\/es\/#\/schema\/logo\/image\/"},"sameAs":["https:\/\/www.pinterest.com\/hienthaoshop\/pins\/"]}]}},"_links":{"self":[{"href":"https:\/\/minhducfurniture.com\/es\/wp-json\/wp\/v2\/product\/54218","targetHints":{"allow":["GET"]}}],"collection":[{"href":"https:\/\/minhducfurniture.com\/es\/wp-json\/wp\/v2\/product"}],"about":[{"href":"https:\/\/minhducfurniture.com\/es\/wp-json\/wp\/v2\/types\/product"}],"replies":[{"embeddable":true,"href":"https:\/\/minhducfurniture.com\/es\/wp-json\/wp\/v2\/comments?post=54218"}],"wp:featuredmedia":[{"embeddable":true,"href":"https:\/\/minhducfurniture.com\/es\/wp-json\/wp\/v2\/media\/54217"}],"wp:attachment":[{"href":"https:\/\/minhducfurniture.com\/es\/wp-json\/wp\/v2\/media?parent=54218"}],"wp:term":[{"taxonomy":"product_brand","embeddable":true,"href":"https:\/\/minhducfurniture.com\/es\/wp-json\/wp\/v2\/product_brand?post=54218"},{"taxonomy":"product_cat","embeddable":true,"href":"https:\/\/minhducfurniture.com\/es\/wp-json\/wp\/v2\/product_cat?post=54218"},{"taxonomy":"product_tag","embeddable":true,"href":"https:\/\/minhducfurniture.com\/es\/wp-json\/wp\/v2\/product_tag?post=54218"}],"curies":[{"name":"wp","href":"https:\/\/api.w.org\/{rel}","templated":true}]}}