{"id":54121,"date":"2025-11-17T16:17:48","date_gmt":"2025-11-17T09:17:48","guid":{"rendered":"https:\/\/minhducfurniture.com\/product\/sillas-apilables-de-plastico-para-exteriores-solucion-de-espacio-perfecta\/"},"modified":"2025-11-21T00:07:25","modified_gmt":"2025-11-20T17:07:25","slug":"sillas-apilables-de-plastico-para-exteriores-solucion-de-espacio-perfecta","status":"publish","type":"product","link":"https:\/\/minhducfurniture.com\/es\/product\/sillas-apilables-de-plastico-para-exteriores-solucion-de-espacio-perfecta\/","title":{"rendered":"Sillas apilables de pl\u00e1stico para exteriores soluci\u00f3n de espacio perfecta"},"content":{"rendered":"<h2><span style=\"font-size: 90%;\">Sillas de pl\u00e1stico apilables para exterior que te encantar\u00e1n<\/span><\/h2>\n<p>\u00a1<strong>Las sillas apilables de pl\u00e1stico para<\/strong> exteriores revitalizar\u00e1n tu exterior! Con un dise\u00f1o sorprendentemente poco convencional que capta la atenci\u00f3n de inmediato, hemos mezclado la comodidad pr\u00e1ctica con una est\u00e9tica moderna y redondeada realmente \u00fanica para crear la soluci\u00f3n de asiento perfecta para tu jard\u00edn, patio, zonas junto a la piscina, zonas de ocio o balnearios. Dise\u00f1adas con una estabilidad superior, estas sillas proporcionan una base segura y firme para todos. Descubre la silla que realmente ahorra espacio sin renunciar al estilo.   \t<div id=\"gap-142006604\" class=\"gap-element clearfix\" style=\"display:block; height:auto;\">\n\t\t\n<style>\n#gap-142006604 {\n  padding-top: 15px;\n}\n<\/style>\n\t<\/div>\n\t\n<figure id=\"attachment_54116\" aria-describedby=\"caption-attachment-54116\" style=\"width: 850px\" class=\"wp-caption aligncenter\"><img decoding=\"async\" class=\"size-full wp-image-54008\" src=\"https:\/\/minhducfurniture.com\/wp-content\/uploads\/2025\/11\/Plastic-outdoor-stackable-chairs-on-the-Caribbean-beach.jpg\" alt=\"Sillas apilables de pl\u00e1stico para exterior en la playa del Caribe\" width=\"850\" height=\"574\" srcset=\"https:\/\/minhducfurniture.com\/wp-content\/uploads\/2025\/11\/Plastic-outdoor-stackable-chairs-on-the-Caribbean-beach.jpg 850w, https:\/\/minhducfurniture.com\/wp-content\/uploads\/2025\/11\/Plastic-outdoor-stackable-chairs-on-the-Caribbean-beach-592x400.jpg 592w, https:\/\/minhducfurniture.com\/wp-content\/uploads\/2025\/11\/Plastic-outdoor-stackable-chairs-on-the-Caribbean-beach-768x519.jpg 768w, https:\/\/minhducfurniture.com\/wp-content\/uploads\/2025\/11\/Plastic-outdoor-stackable-chairs-on-the-Caribbean-beach-510x344.jpg 510w\" sizes=\"(max-width: 850px) 100vw, 850px\" \/><figcaption id=\"caption-attachment-54116\" class=\"wp-caption-text\">Sillas apilables de pl\u00e1stico para exterior en la playa del Caribe<\/figcaption><\/figure>\n<h3>Caracter\u00edsticas principales de las sillas apilables de pl\u00e1stico para exterior<\/h3>\n<ul>\n<li>\n<p data-path-to-node=\"8,0,0\">Sillas apilables para exterior: Lo \u00faltimo en eficiencia de espacio y comodidad.<\/p>\n<\/li>\n<li>\n<p data-path-to-node=\"8,0,0\">Material PP duradero: Calidad duradera e integridad estructural.<\/p>\n<\/li>\n<li>\n<p data-path-to-node=\"8,0,0\">Forma redonda \u00fanica: Dise\u00f1o llamativo que destaca.<\/p>\n<\/li>\n<li>\n<p data-path-to-node=\"8,3,0\">Ligero y resistente a la intemperie: F\u00e1cil de mover y resistente a todos los elementos.<\/p>\n<\/li>\n<li>\n<p data-path-to-node=\"8,4,0\">Uso polivalente en exteriores: Ideal para diversos entornos, desde complejos tur\u00edsticos hasta jardines.<\/p>\n<\/li>\n<\/ul>\n<figure id=\"attachment_54117\" aria-describedby=\"caption-attachment-54117\" style=\"width: 850px\" class=\"wp-caption aligncenter\"><img decoding=\"async\" class=\"wp-image-54009 size-full\" src=\"https:\/\/minhducfurniture.com\/wp-content\/uploads\/2025\/11\/Another-picture-of-plastic-outdoor-stackable-chairs.jpg\" alt=\"Sillas apilables dispuestas cerca de la piscina\" width=\"850\" height=\"546\" srcset=\"https:\/\/minhducfurniture.com\/wp-content\/uploads\/2025\/11\/Another-picture-of-plastic-outdoor-stackable-chairs.jpg 850w, https:\/\/minhducfurniture.com\/wp-content\/uploads\/2025\/11\/Another-picture-of-plastic-outdoor-stackable-chairs-623x400.jpg 623w, https:\/\/minhducfurniture.com\/wp-content\/uploads\/2025\/11\/Another-picture-of-plastic-outdoor-stackable-chairs-768x493.jpg 768w, https:\/\/minhducfurniture.com\/wp-content\/uploads\/2025\/11\/Another-picture-of-plastic-outdoor-stackable-chairs-510x328.jpg 510w\" sizes=\"(max-width: 850px) 100vw, 850px\" \/><figcaption id=\"caption-attachment-54117\" class=\"wp-caption-text\">Sillas apilables dispuestas cerca de la piscina<\/figcaption><\/figure>\n<h4>Descripci\u00f3n del producto<\/h4>\n<ul>\n<li>C\u00f3digo del producto: MDS-3026<\/li>\n<li>Tama\u00f1o de la silla: H810mm*SH460mm*W650mm<\/li>\n<li>100% pl\u00e1stico PP con revestimiento anti UV<\/li>\n<li>Peso de carga: 120kg\/ 264,5lbs<\/li>\n<li>Origen del producto: Vietnam<\/li>\n<\/ul>\n<figure id=\"attachment_54118\" aria-describedby=\"caption-attachment-54118\" style=\"width: 850px\" class=\"wp-caption aligncenter\"><img decoding=\"async\" class=\"wp-image-54010 size-full\" src=\"https:\/\/minhducfurniture.com\/wp-content\/uploads\/2025\/11\/White-plastic-outdoor-stackable-chairs.jpg\" alt=\"Sillas apilables de pl\u00e1stico para exterior con mesa\" width=\"850\" height=\"546\" srcset=\"https:\/\/minhducfurniture.com\/wp-content\/uploads\/2025\/11\/White-plastic-outdoor-stackable-chairs.jpg 850w, https:\/\/minhducfurniture.com\/wp-content\/uploads\/2025\/11\/White-plastic-outdoor-stackable-chairs-623x400.jpg 623w, https:\/\/minhducfurniture.com\/wp-content\/uploads\/2025\/11\/White-plastic-outdoor-stackable-chairs-768x493.jpg 768w, https:\/\/minhducfurniture.com\/wp-content\/uploads\/2025\/11\/White-plastic-outdoor-stackable-chairs-510x328.jpg 510w\" sizes=\"(max-width: 850px) 100vw, 850px\" \/><figcaption id=\"caption-attachment-54118\" class=\"wp-caption-text\">Sillas apilables de pl\u00e1stico para exterior con mesa<\/figcaption><\/figure>\n<h4>Informaci\u00f3n para pedidos<\/h4>\n<ul>\n<li>Cantidad m\u00ednima de pedido (MOQ): 50 unidades<\/li>\n<li>Plazo de entrega: 30-35 d\u00edas despu\u00e9s del dep\u00f3sito<\/li>\n<li>Plazo de entrega: FOB puerto de Hai Phong, Vietnam<\/li>\n<li>Condiciones de pago: T\/T 30% de dep\u00f3sito, 70% de saldo antes del env\u00edo<\/li>\n<li>Si tienes tu propio dise\u00f1o personalizado y necesitas producci\u00f3n en serie, ponte en contacto con nosotros para obtener m\u00e1s ayuda.<\/li>\n<\/ul>\n<figure id=\"attachment_54119\" aria-describedby=\"caption-attachment-54119\" style=\"width: 850px\" class=\"wp-caption aligncenter\"><img decoding=\"async\" class=\"wp-image-54011 size-full\" src=\"https:\/\/minhducfurniture.com\/wp-content\/uploads\/2025\/11\/Actual-image-of-plastic-outdoor-stackable-chair.jpg\" alt=\"Las fotos reales de los productos\" width=\"850\" height=\"585\" srcset=\"https:\/\/minhducfurniture.com\/wp-content\/uploads\/2025\/11\/Actual-image-of-plastic-outdoor-stackable-chair.jpg 850w, https:\/\/minhducfurniture.com\/wp-content\/uploads\/2025\/11\/Actual-image-of-plastic-outdoor-stackable-chair-581x400.jpg 581w, https:\/\/minhducfurniture.com\/wp-content\/uploads\/2025\/11\/Actual-image-of-plastic-outdoor-stackable-chair-768x529.jpg 768w, https:\/\/minhducfurniture.com\/wp-content\/uploads\/2025\/11\/Actual-image-of-plastic-outdoor-stackable-chair-510x351.jpg 510w\" sizes=\"(max-width: 850px) 100vw, 850px\" \/><figcaption id=\"caption-attachment-54119\" class=\"wp-caption-text\">Las fotos reales de los productos<\/figcaption><\/figure>\n<h4>Informaci\u00f3n de contacto<\/h4>\n<ul>\n<li>Minh Duc Public Furniture Co.<\/li>\n<li>Direcci\u00f3n: Villa H02-L11 An Phu, Duong Noi, Ha Dong, Hanoi, Vietnam<\/li>\n<li>Tel\u00e9fono\/WhatsApp\/Zalo: +84 908 314 939<\/li>\n<\/ul>\n<h4>M\u00e1s de nuestras colecciones<\/h4>\n<ul>\n<li>\n<div><span style=\"color: #008080;\"><a style=\"color: #008080;\" href=\"https:\/\/minhducfurniture.com\/es\/product\/taburetes-de-mostrador-negros-con-forma-minimalista-de-polipropileno-moderno\/\">Taburetes de mostrador negros con forma minimalista de polipropileno moderno<\/a><\/span><\/div>\n<\/li>\n<li><span style=\"color: #008080;\"><a style=\"color: #008080;\" href=\"https:\/\/minhducfurniture.com\/es\/product\/sillon-tapizado-pequeno-estructura-metalica-sillon-moderno\/\">Sill\u00f3n tapizado peque\u00f1o estructura met\u00e1lica sill\u00f3n moderno<\/a><\/span><\/li>\n<\/ul>\n<div class=\"social-icons share-icons share-row relative\" ><a href=\"whatsapp:\/\/send?text=Sillas%20apilables%20de%20pl%C3%A1stico%20para%20exteriores%20soluci%C3%B3n%20de%20espacio%20perfecta - https:\/\/minhducfurniture.com\/es\/product\/sillas-apilables-de-plastico-para-exteriores-solucion-de-espacio-perfecta\/\" data-action=\"share\/whatsapp\/share\" class=\"icon primary button round tooltip whatsapp show-for-medium\" title=\"Compartir en WhatsApp\" aria-label=\"Compartir en WhatsApp\"><i class=\"icon-whatsapp\" aria-hidden=\"true\"><\/i><\/a><a href=\"https:\/\/www.facebook.com\/sharer.php?u=https:\/\/minhducfurniture.com\/es\/product\/sillas-apilables-de-plastico-para-exteriores-solucion-de-espacio-perfecta\/\" data-label=\"Facebook\" onclick=\"window.open(this.href,this.title,'width=500,height=500,top=300px,left=300px'); return false;\" target=\"_blank\" class=\"icon primary button round tooltip facebook\" title=\"Compartir en Facebook\" aria-label=\"Compartir en Facebook\" rel=\"noopener nofollow\"><i class=\"icon-facebook\" aria-hidden=\"true\"><\/i><\/a><a href=\"https:\/\/twitter.com\/share?url=https:\/\/minhducfurniture.com\/es\/product\/sillas-apilables-de-plastico-para-exteriores-solucion-de-espacio-perfecta\/\" onclick=\"window.open(this.href,this.title,'width=500,height=500,top=300px,left=300px'); return false;\" target=\"_blank\" class=\"icon primary button round tooltip twitter\" title=\"Compartir en Twitter\" aria-label=\"Compartir en Twitter\" rel=\"noopener nofollow\"><i class=\"icon-twitter\" aria-hidden=\"true\"><\/i><\/a><a href=\"mailto:?subject=Sillas%20apilables%20de%20pl%C3%A1stico%20para%20exteriores%20soluci%C3%B3n%20de%20espacio%20perfecta&body=Check%20this%20out%3A%20https%3A%2F%2Fminhducfurniture.com%2Fes%2Fproduct%2Fsillas-apilables-de-plastico-para-exteriores-solucion-de-espacio-perfecta%2F\" class=\"icon primary button round tooltip email\" title=\"Env\u00eda por email\" aria-label=\"Env\u00eda por email\" rel=\"nofollow\"><i class=\"icon-envelop\" aria-hidden=\"true\"><\/i><\/a><a href=\"https:\/\/pinterest.com\/pin\/create\/button?url=https:\/\/minhducfurniture.com\/es\/product\/sillas-apilables-de-plastico-para-exteriores-solucion-de-espacio-perfecta\/&media=https:\/\/minhducfurniture.com\/wp-content\/uploads\/2025\/11\/Plastic-outdoor-stackable-chairs-1.jpg&description=Sillas%20apilables%20de%20pl%C3%A1stico%20para%20exteriores%20soluci%C3%B3n%20de%20espacio%20perfecta\" onclick=\"window.open(this.href,this.title,'width=500,height=500,top=300px,left=300px'); return false;\" target=\"_blank\" class=\"icon primary button round tooltip pinterest\" title=\"Pinear en Pinterest\" aria-label=\"Pinear en Pinterest\" rel=\"noopener nofollow\"><i class=\"icon-pinterest\" aria-hidden=\"true\"><\/i><\/a><a href=\"https:\/\/www.linkedin.com\/shareArticle?mini=true&url=https:\/\/minhducfurniture.com\/es\/product\/sillas-apilables-de-plastico-para-exteriores-solucion-de-espacio-perfecta\/&title=Sillas%20apilables%20de%20pl%C3%A1stico%20para%20exteriores%20soluci%C3%B3n%20de%20espacio%20perfecta\" onclick=\"window.open(this.href,this.title,'width=500,height=500,top=300px,left=300px'); return false;\" target=\"_blank\" class=\"icon primary button round tooltip linkedin\" title=\"Compartir en LinkedIn\" aria-label=\"Compartir en LinkedIn\" rel=\"noopener nofollow\"><i class=\"icon-linkedin\" aria-hidden=\"true\"><\/i><\/a><\/div>\n","protected":false},"excerpt":{"rendered":"<ul>\n<li>C\u00f3digo del producto: MDS-3026<\/li>\n<li>Tama\u00f1o de la silla: H810mm*SH460mm*W650mm<\/li>\n<li>100% pl\u00e1stico PP con revestimiento anti UV<\/li>\n<li>Peso de carga: 120kg\/ 264,5lbs<\/li>\n<li>Origen del producto: Vietnam<\/li>\n<li>L\u00ednea directa\/ WhatsApp:+84908314939<\/li>\n<\/ul>\n","protected":false},"featured_media":54120,"comment_status":"open","ping_status":"closed","template":"","meta":[],"product_brand":[],"product_cat":[13066],"product_tag":[13067],"class_list":{"0":"post-54121","1":"product","2":"type-product","3":"status-publish","4":"has-post-thumbnail","6":"product_cat-sillas-de-plastico","7":"product_tag-sillas-de-exterior","9":"first","10":"instock","11":"shipping-taxable","12":"product-type-simple"},"yoast_head":"<!-- This site is optimized with the Yoast SEO plugin v27.4 - https:\/\/yoast.com\/product\/yoast-seo-wordpress\/ -->\n<title>Sillas apilables de pl\u00e1stico para exteriores soluci\u00f3n de espacio perfecta - Minh Duc Furniture<\/title>\n<meta name=\"description\" content=\"\u00a1Las sillas apilables de pl\u00e1stico para exteriores revitalizar\u00e1n tu exterior! Con un dise\u00f1o sorprendentemente poco convencional que capta la atenci\u00f3n de inmediato,\" \/>\n<meta name=\"robots\" content=\"index, follow, max-snippet:-1, max-image-preview:large, max-video-preview:-1\" \/>\n<link rel=\"canonical\" href=\"https:\/\/minhducfurniture.com\/es\/product\/sillas-apilables-de-plastico-para-exteriores-solucion-de-espacio-perfecta\/\" \/>\n<meta property=\"og:locale\" content=\"es_ES\" \/>\n<meta property=\"og:type\" content=\"article\" \/>\n<meta property=\"og:title\" content=\"Sillas apilables de pl\u00e1stico para exteriores soluci\u00f3n de espacio perfecta - Minh Duc Furniture\" \/>\n<meta property=\"og:description\" content=\"\u00a1Las sillas apilables de pl\u00e1stico para exteriores revitalizar\u00e1n tu exterior! Con un dise\u00f1o sorprendentemente poco convencional que capta la atenci\u00f3n de inmediato,\" \/>\n<meta property=\"og:url\" content=\"https:\/\/minhducfurniture.com\/es\/product\/sillas-apilables-de-plastico-para-exteriores-solucion-de-espacio-perfecta\/\" \/>\n<meta property=\"og:site_name\" content=\"Minh Duc Furniture\" \/>\n<meta property=\"article:modified_time\" content=\"2025-11-20T17:07:25+00:00\" \/>\n<meta property=\"og:image\" content=\"https:\/\/minhducfurniture.com\/wp-content\/uploads\/2025\/11\/Plastic-outdoor-stackable-chairs-1.jpg\" \/>\n\t<meta property=\"og:image:width\" content=\"650\" \/>\n\t<meta property=\"og:image:height\" content=\"650\" \/>\n\t<meta property=\"og:image:type\" content=\"image\/jpeg\" \/>\n<meta name=\"twitter:card\" content=\"summary_large_image\" \/>\n<meta name=\"twitter:label1\" content=\"Tiempo de lectura\" \/>\n\t<meta name=\"twitter:data1\" content=\"2 minutos\" \/>\n<script type=\"application\/ld+json\" class=\"yoast-schema-graph\">{\"@context\":\"https:\\\/\\\/schema.org\",\"@graph\":[{\"@type\":\"WebPage\",\"@id\":\"https:\\\/\\\/minhducfurniture.com\\\/es\\\/product\\\/sillas-apilables-de-plastico-para-exteriores-solucion-de-espacio-perfecta\\\/\",\"url\":\"https:\\\/\\\/minhducfurniture.com\\\/es\\\/product\\\/sillas-apilables-de-plastico-para-exteriores-solucion-de-espacio-perfecta\\\/\",\"name\":\"Sillas apilables de pl\u00e1stico para exteriores soluci\u00f3n de espacio perfecta - Minh Duc Furniture\",\"isPartOf\":{\"@id\":\"https:\\\/\\\/minhducfurniture.com\\\/es\\\/#website\"},\"primaryImageOfPage\":{\"@id\":\"https:\\\/\\\/minhducfurniture.com\\\/es\\\/product\\\/sillas-apilables-de-plastico-para-exteriores-solucion-de-espacio-perfecta\\\/#primaryimage\"},\"image\":{\"@id\":\"https:\\\/\\\/minhducfurniture.com\\\/es\\\/product\\\/sillas-apilables-de-plastico-para-exteriores-solucion-de-espacio-perfecta\\\/#primaryimage\"},\"thumbnailUrl\":\"https:\\\/\\\/minhducfurniture.com\\\/wp-content\\\/uploads\\\/2025\\\/11\\\/Plastic-outdoor-stackable-chairs-1.jpg\",\"datePublished\":\"2025-11-17T09:17:48+00:00\",\"dateModified\":\"2025-11-20T17:07:25+00:00\",\"description\":\"\u00a1Las sillas apilables de pl\u00e1stico para exteriores revitalizar\u00e1n tu exterior! Con un dise\u00f1o sorprendentemente poco convencional que capta la atenci\u00f3n de inmediato,\",\"breadcrumb\":{\"@id\":\"https:\\\/\\\/minhducfurniture.com\\\/es\\\/product\\\/sillas-apilables-de-plastico-para-exteriores-solucion-de-espacio-perfecta\\\/#breadcrumb\"},\"inLanguage\":\"es\",\"potentialAction\":[{\"@type\":\"ReadAction\",\"target\":[\"https:\\\/\\\/minhducfurniture.com\\\/es\\\/product\\\/sillas-apilables-de-plastico-para-exteriores-solucion-de-espacio-perfecta\\\/\"]}]},{\"@type\":\"ImageObject\",\"inLanguage\":\"es\",\"@id\":\"https:\\\/\\\/minhducfurniture.com\\\/es\\\/product\\\/sillas-apilables-de-plastico-para-exteriores-solucion-de-espacio-perfecta\\\/#primaryimage\",\"url\":\"https:\\\/\\\/minhducfurniture.com\\\/wp-content\\\/uploads\\\/2025\\\/11\\\/Plastic-outdoor-stackable-chairs-1.jpg\",\"contentUrl\":\"https:\\\/\\\/minhducfurniture.com\\\/wp-content\\\/uploads\\\/2025\\\/11\\\/Plastic-outdoor-stackable-chairs-1.jpg\",\"width\":650,\"height\":650,\"caption\":\"Sillas apilables de pl\u00e1stico para exterior\"},{\"@type\":\"BreadcrumbList\",\"@id\":\"https:\\\/\\\/minhducfurniture.com\\\/es\\\/product\\\/sillas-apilables-de-plastico-para-exteriores-solucion-de-espacio-perfecta\\\/#breadcrumb\",\"itemListElement\":[{\"@type\":\"ListItem\",\"position\":1,\"name\":\"Home\",\"item\":\"https:\\\/\\\/minhducfurniture.com\\\/es\\\/\"},{\"@type\":\"ListItem\",\"position\":2,\"name\":\"Shop\",\"item\":\"https:\\\/\\\/minhducfurniture.com\\\/shop\\\/\"},{\"@type\":\"ListItem\",\"position\":3,\"name\":\"Sillas apilables de pl\u00e1stico para exteriores soluci\u00f3n de espacio perfecta\"}]},{\"@type\":\"WebSite\",\"@id\":\"https:\\\/\\\/minhducfurniture.com\\\/es\\\/#website\",\"url\":\"https:\\\/\\\/minhducfurniture.com\\\/es\\\/\",\"name\":\"Minh Duc Furniture\",\"description\":\"Vietnam Furniture Supplier\",\"publisher\":{\"@id\":\"https:\\\/\\\/minhducfurniture.com\\\/es\\\/#organization\"},\"alternateName\":\"Vietnam Online Shop\",\"potentialAction\":[{\"@type\":\"SearchAction\",\"target\":{\"@type\":\"EntryPoint\",\"urlTemplate\":\"https:\\\/\\\/minhducfurniture.com\\\/es\\\/?s={search_term_string}\"},\"query-input\":{\"@type\":\"PropertyValueSpecification\",\"valueRequired\":true,\"valueName\":\"search_term_string\"}}],\"inLanguage\":\"es\"},{\"@type\":\"Organization\",\"@id\":\"https:\\\/\\\/minhducfurniture.com\\\/es\\\/#organization\",\"name\":\"Minh Duc Furniture\",\"alternateName\":\"Vietnam Furniture Export\",\"url\":\"https:\\\/\\\/minhducfurniture.com\\\/es\\\/\",\"logo\":{\"@type\":\"ImageObject\",\"inLanguage\":\"es\",\"@id\":\"https:\\\/\\\/minhducfurniture.com\\\/es\\\/#\\\/schema\\\/logo\\\/image\\\/\",\"url\":\"\",\"contentUrl\":\"\",\"caption\":\"Minh Duc Furniture\"},\"image\":{\"@id\":\"https:\\\/\\\/minhducfurniture.com\\\/es\\\/#\\\/schema\\\/logo\\\/image\\\/\"},\"sameAs\":[\"https:\\\/\\\/www.pinterest.com\\\/hienthaoshop\\\/pins\\\/\"]}]}<\/script>\n<!-- \/ Yoast SEO plugin. -->","yoast_head_json":{"title":"Sillas apilables de pl\u00e1stico para exteriores soluci\u00f3n de espacio perfecta - Minh Duc Furniture","description":"\u00a1Las sillas apilables de pl\u00e1stico para exteriores revitalizar\u00e1n tu exterior! Con un dise\u00f1o sorprendentemente poco convencional que capta la atenci\u00f3n de inmediato,","robots":{"index":"index","follow":"follow","max-snippet":"max-snippet:-1","max-image-preview":"max-image-preview:large","max-video-preview":"max-video-preview:-1"},"canonical":"https:\/\/minhducfurniture.com\/es\/product\/sillas-apilables-de-plastico-para-exteriores-solucion-de-espacio-perfecta\/","og_locale":"es_ES","og_type":"article","og_title":"Sillas apilables de pl\u00e1stico para exteriores soluci\u00f3n de espacio perfecta - Minh Duc Furniture","og_description":"\u00a1Las sillas apilables de pl\u00e1stico para exteriores revitalizar\u00e1n tu exterior! Con un dise\u00f1o sorprendentemente poco convencional que capta la atenci\u00f3n de inmediato,","og_url":"https:\/\/minhducfurniture.com\/es\/product\/sillas-apilables-de-plastico-para-exteriores-solucion-de-espacio-perfecta\/","og_site_name":"Minh Duc Furniture","article_modified_time":"2025-11-20T17:07:25+00:00","og_image":[{"width":650,"height":650,"url":"https:\/\/minhducfurniture.com\/wp-content\/uploads\/2025\/11\/Plastic-outdoor-stackable-chairs-1.jpg","type":"image\/jpeg"}],"twitter_card":"summary_large_image","twitter_misc":{"Tiempo de lectura":"2 minutos"},"schema":{"@context":"https:\/\/schema.org","@graph":[{"@type":"WebPage","@id":"https:\/\/minhducfurniture.com\/es\/product\/sillas-apilables-de-plastico-para-exteriores-solucion-de-espacio-perfecta\/","url":"https:\/\/minhducfurniture.com\/es\/product\/sillas-apilables-de-plastico-para-exteriores-solucion-de-espacio-perfecta\/","name":"Sillas apilables de pl\u00e1stico para exteriores soluci\u00f3n de espacio perfecta - Minh Duc Furniture","isPartOf":{"@id":"https:\/\/minhducfurniture.com\/es\/#website"},"primaryImageOfPage":{"@id":"https:\/\/minhducfurniture.com\/es\/product\/sillas-apilables-de-plastico-para-exteriores-solucion-de-espacio-perfecta\/#primaryimage"},"image":{"@id":"https:\/\/minhducfurniture.com\/es\/product\/sillas-apilables-de-plastico-para-exteriores-solucion-de-espacio-perfecta\/#primaryimage"},"thumbnailUrl":"https:\/\/minhducfurniture.com\/wp-content\/uploads\/2025\/11\/Plastic-outdoor-stackable-chairs-1.jpg","datePublished":"2025-11-17T09:17:48+00:00","dateModified":"2025-11-20T17:07:25+00:00","description":"\u00a1Las sillas apilables de pl\u00e1stico para exteriores revitalizar\u00e1n tu exterior! Con un dise\u00f1o sorprendentemente poco convencional que capta la atenci\u00f3n de inmediato,","breadcrumb":{"@id":"https:\/\/minhducfurniture.com\/es\/product\/sillas-apilables-de-plastico-para-exteriores-solucion-de-espacio-perfecta\/#breadcrumb"},"inLanguage":"es","potentialAction":[{"@type":"ReadAction","target":["https:\/\/minhducfurniture.com\/es\/product\/sillas-apilables-de-plastico-para-exteriores-solucion-de-espacio-perfecta\/"]}]},{"@type":"ImageObject","inLanguage":"es","@id":"https:\/\/minhducfurniture.com\/es\/product\/sillas-apilables-de-plastico-para-exteriores-solucion-de-espacio-perfecta\/#primaryimage","url":"https:\/\/minhducfurniture.com\/wp-content\/uploads\/2025\/11\/Plastic-outdoor-stackable-chairs-1.jpg","contentUrl":"https:\/\/minhducfurniture.com\/wp-content\/uploads\/2025\/11\/Plastic-outdoor-stackable-chairs-1.jpg","width":650,"height":650,"caption":"Sillas apilables de pl\u00e1stico para exterior"},{"@type":"BreadcrumbList","@id":"https:\/\/minhducfurniture.com\/es\/product\/sillas-apilables-de-plastico-para-exteriores-solucion-de-espacio-perfecta\/#breadcrumb","itemListElement":[{"@type":"ListItem","position":1,"name":"Home","item":"https:\/\/minhducfurniture.com\/es\/"},{"@type":"ListItem","position":2,"name":"Shop","item":"https:\/\/minhducfurniture.com\/shop\/"},{"@type":"ListItem","position":3,"name":"Sillas apilables de pl\u00e1stico para exteriores soluci\u00f3n de espacio perfecta"}]},{"@type":"WebSite","@id":"https:\/\/minhducfurniture.com\/es\/#website","url":"https:\/\/minhducfurniture.com\/es\/","name":"Minh Duc Furniture","description":"Vietnam Furniture Supplier","publisher":{"@id":"https:\/\/minhducfurniture.com\/es\/#organization"},"alternateName":"Vietnam Online Shop","potentialAction":[{"@type":"SearchAction","target":{"@type":"EntryPoint","urlTemplate":"https:\/\/minhducfurniture.com\/es\/?s={search_term_string}"},"query-input":{"@type":"PropertyValueSpecification","valueRequired":true,"valueName":"search_term_string"}}],"inLanguage":"es"},{"@type":"Organization","@id":"https:\/\/minhducfurniture.com\/es\/#organization","name":"Minh Duc Furniture","alternateName":"Vietnam Furniture Export","url":"https:\/\/minhducfurniture.com\/es\/","logo":{"@type":"ImageObject","inLanguage":"es","@id":"https:\/\/minhducfurniture.com\/es\/#\/schema\/logo\/image\/","url":"","contentUrl":"","caption":"Minh Duc Furniture"},"image":{"@id":"https:\/\/minhducfurniture.com\/es\/#\/schema\/logo\/image\/"},"sameAs":["https:\/\/www.pinterest.com\/hienthaoshop\/pins\/"]}]}},"_links":{"self":[{"href":"https:\/\/minhducfurniture.com\/es\/wp-json\/wp\/v2\/product\/54121","targetHints":{"allow":["GET"]}}],"collection":[{"href":"https:\/\/minhducfurniture.com\/es\/wp-json\/wp\/v2\/product"}],"about":[{"href":"https:\/\/minhducfurniture.com\/es\/wp-json\/wp\/v2\/types\/product"}],"replies":[{"embeddable":true,"href":"https:\/\/minhducfurniture.com\/es\/wp-json\/wp\/v2\/comments?post=54121"}],"wp:featuredmedia":[{"embeddable":true,"href":"https:\/\/minhducfurniture.com\/es\/wp-json\/wp\/v2\/media\/54120"}],"wp:attachment":[{"href":"https:\/\/minhducfurniture.com\/es\/wp-json\/wp\/v2\/media?parent=54121"}],"wp:term":[{"taxonomy":"product_brand","embeddable":true,"href":"https:\/\/minhducfurniture.com\/es\/wp-json\/wp\/v2\/product_brand?post=54121"},{"taxonomy":"product_cat","embeddable":true,"href":"https:\/\/minhducfurniture.com\/es\/wp-json\/wp\/v2\/product_cat?post=54121"},{"taxonomy":"product_tag","embeddable":true,"href":"https:\/\/minhducfurniture.com\/es\/wp-json\/wp\/v2\/product_tag?post=54121"}],"curies":[{"name":"wp","href":"https:\/\/api.w.org\/{rel}","templated":true}]}}