{"id":53993,"date":"2025-11-14T15:52:10","date_gmt":"2025-11-14T08:52:10","guid":{"rendered":"https:\/\/minhducfurniture.com\/product\/sillas-de-patio-de-plastico-modernas-y-comodas-para-tu-espacio\/"},"modified":"2025-11-17T17:01:34","modified_gmt":"2025-11-17T10:01:34","slug":"sillas-de-patio-de-plastico-modernas-y-comodas-para-tu-espacio","status":"publish","type":"product","link":"https:\/\/minhducfurniture.com\/es\/product\/sillas-de-patio-de-plastico-modernas-y-comodas-para-tu-espacio\/","title":{"rendered":"Sillas de patio de pl\u00e1stico modernas y c\u00f3modas para tu espacio"},"content":{"rendered":"<h2><span style=\"font-size: 95%\">Sillas de pl\u00e1stico para terraza &#8211; Asientos c\u00f3modos y resistentes a la intemperie para tu terraza<\/span><\/h2>\n<p data-start=\"279\" data-end=\"608\"><strong>Las sillas de pl\u00e1stico para<\/strong> terrazas son una soluci\u00f3n duradera y elegante para cualquier espacio exterior. Fabricadas con polipropileno de alta calidad, estas sillas son ligeras, resistentes a la intemperie y f\u00e1ciles de mantener. Su dise\u00f1o suave y su respaldo de apoyo proporcionan comodidad para relajarse, leer o disfrutar de un caf\u00e9 tanto en el interior como en el exterior.  <\/p>\n<p data-start=\"610\" data-end=\"843\">Disponibles en una gama de modernos colores, las sillas de pl\u00e1stico para terrazas realzan tu decoraci\u00f3n exterior y son resistentes a la decoloraci\u00f3n y la humedad. Perfectas para casas, cafeter\u00edas y patios peque\u00f1os, combinan practicidad y rendimiento duradero.   \t<div id=\"gap-2005939847\" class=\"gap-element clearfix\" style=\"display:block; height:auto;\">\n\t\t\n<style>\n#gap-2005939847 {\n  padding-top: 20px;\n}\n<\/style>\n\t<\/div>\n\t\n<figure id=\"attachment_53988\" aria-describedby=\"caption-attachment-53988\" style=\"width: 850px\" class=\"wp-caption aligncenter\"><img decoding=\"async\" class=\"size-full wp-image-53945\" src=\"https:\/\/minhducfurniture.com\/wp-content\/uploads\/2025\/11\/Plastic-patio-chairs.jpg\" alt=\"Sillas de patio de pl\u00e1stico de diferentes colores\" width=\"850\" height=\"633\" srcset=\"https:\/\/minhducfurniture.com\/wp-content\/uploads\/2025\/11\/Plastic-patio-chairs.jpg 850w, https:\/\/minhducfurniture.com\/wp-content\/uploads\/2025\/11\/Plastic-patio-chairs-537x400.jpg 537w, https:\/\/minhducfurniture.com\/wp-content\/uploads\/2025\/11\/Plastic-patio-chairs-768x572.jpg 768w, https:\/\/minhducfurniture.com\/wp-content\/uploads\/2025\/11\/Plastic-patio-chairs-510x380.jpg 510w\" sizes=\"(max-width: 850px) 100vw, 850px\" \/><figcaption id=\"caption-attachment-53988\" class=\"wp-caption-text\">Sillas de patio de pl\u00e1stico de diferentes colores<\/figcaption><\/figure>\n<h3><span style=\"font-size: 95%\">Caracter\u00edsticas principales de las sillas de pl\u00e1stico para terraza<\/span><\/h3>\n<ul>\n<li data-start=\"391\" data-end=\"426\">\n<p data-start=\"393\" data-end=\"426\">Material de polipropileno duradero: fuerte, duradero y resistente al agrietamiento.<\/p>\n<\/li>\n<li data-start=\"391\" data-end=\"426\">\n<p data-start=\"393\" data-end=\"426\">Construcci\u00f3n resistente a la intemperie &#8211; Soporta el sol, la lluvia y las condiciones exteriores.<\/p>\n<\/li>\n<li data-start=\"391\" data-end=\"426\">\n<p data-start=\"393\" data-end=\"426\">Ligero y f\u00e1cil de trasladar: pr\u00e1ctico para reorganizar la disposici\u00f3n de tu patio.<\/p>\n<\/li>\n<li data-start=\"391\" data-end=\"426\">\n<p data-start=\"393\" data-end=\"426\">C\u00f3modo dise\u00f1o ergon\u00f3mico: bordes lisos y respaldo de apoyo.<\/p>\n<\/li>\n<li data-start=\"391\" data-end=\"426\">\n<p data-start=\"393\" data-end=\"426\">F\u00e1cil de limpiar: l\u00edmpialo con agua y jab\u00f3n.<\/p>\n<\/li>\n<li data-start=\"391\" data-end=\"426\">\n<p data-start=\"393\" data-end=\"426\">Colores resistentes a la decoloraci\u00f3n &#8211; Mantiene su aspecto fresco incluso bajo la luz solar.<\/p>\n<\/li>\n<li data-start=\"391\" data-end=\"426\">\n<p data-start=\"393\" data-end=\"426\">Adecuado para uso en interiores y exteriores: perfecto para patios, balcones, jardines o cafeter\u00edas.<\/p>\n<\/li>\n<\/ul>\n<figure id=\"attachment_53989\" aria-describedby=\"caption-attachment-53989\" style=\"width: 850px\" class=\"wp-caption aligncenter\"><img decoding=\"async\" class=\"size-full wp-image-53947\" src=\"https:\/\/minhducfurniture.com\/wp-content\/uploads\/2025\/11\/Seating-solutions-durablestyle-for-indoors-outdoors.jpg\" alt=\"Soluciones de asiento durablestyle para interior y exterior\" width=\"850\" height=\"588\" srcset=\"https:\/\/minhducfurniture.com\/wp-content\/uploads\/2025\/11\/Seating-solutions-durablestyle-for-indoors-outdoors.jpg 850w, https:\/\/minhducfurniture.com\/wp-content\/uploads\/2025\/11\/Seating-solutions-durablestyle-for-indoors-outdoors-578x400.jpg 578w, https:\/\/minhducfurniture.com\/wp-content\/uploads\/2025\/11\/Seating-solutions-durablestyle-for-indoors-outdoors-768x531.jpg 768w, https:\/\/minhducfurniture.com\/wp-content\/uploads\/2025\/11\/Seating-solutions-durablestyle-for-indoors-outdoors-510x353.jpg 510w\" sizes=\"(max-width: 850px) 100vw, 850px\" \/><figcaption id=\"caption-attachment-53989\" class=\"wp-caption-text\">Soluciones de asiento durablestyle para interior y exterior<\/figcaption><\/figure>\n<h4>Descripci\u00f3n del producto<\/h4>\n<ul>\n<li>C\u00f3digo del producto: MDS-3030<\/li>\n<li>Tama\u00f1o de la silla: H830mm*SH450mm*W530mm<\/li>\n<li>100% pl\u00e1stico PP con revestimiento anti UV<\/li>\n<li>Peso de carga: 120kg\/ 264,5lbs<\/li>\n<li>Origen del producto: Vietnam<\/li>\n<\/ul>\n<figure id=\"attachment_53990\" aria-describedby=\"caption-attachment-53990\" style=\"width: 850px\" class=\"wp-caption aligncenter\"><img decoding=\"async\" class=\"size-full wp-image-53950\" src=\"https:\/\/minhducfurniture.com\/wp-content\/uploads\/2025\/11\/Comfortable-plastic-patio-chairs-for-your-space.jpg\" alt=\"C\u00f3modas sillas de pl\u00e1stico para el patio\" width=\"850\" height=\"563\" srcset=\"https:\/\/minhducfurniture.com\/wp-content\/uploads\/2025\/11\/Comfortable-plastic-patio-chairs-for-your-space.jpg 850w, https:\/\/minhducfurniture.com\/wp-content\/uploads\/2025\/11\/Comfortable-plastic-patio-chairs-for-your-space-604x400.jpg 604w, https:\/\/minhducfurniture.com\/wp-content\/uploads\/2025\/11\/Comfortable-plastic-patio-chairs-for-your-space-768x509.jpg 768w, https:\/\/minhducfurniture.com\/wp-content\/uploads\/2025\/11\/Comfortable-plastic-patio-chairs-for-your-space-510x338.jpg 510w\" sizes=\"(max-width: 850px) 100vw, 850px\" \/><figcaption id=\"caption-attachment-53990\" class=\"wp-caption-text\">C\u00f3modas sillas de pl\u00e1stico para el patio<\/figcaption><\/figure>\n<h4>Informaci\u00f3n para pedidos<\/h4>\n<ul>\n<li>Cantidad m\u00ednima de pedido (MOQ): 50 unidades<\/li>\n<li>Plazo de entrega: 30-35 d\u00edas despu\u00e9s del dep\u00f3sito<\/li>\n<li>Plazo de entrega: FOB puerto de Hai Phong, Vietnam<\/li>\n<li>Condiciones de pago: T\/T 30% de dep\u00f3sito, 70% de saldo antes del env\u00edo<\/li>\n<li>Si tienes tu propio dise\u00f1o personalizado y necesitas producci\u00f3n en serie, ponte en contacto con nosotros para obtener m\u00e1s ayuda.<\/li>\n<\/ul>\n<figure id=\"attachment_53991\" aria-describedby=\"caption-attachment-53991\" style=\"width: 850px\" class=\"wp-caption aligncenter\"><img decoding=\"async\" class=\"size-full wp-image-53953\" src=\"https:\/\/minhducfurniture.com\/wp-content\/uploads\/2025\/11\/Actual-photo-plastic-patio-chairs-with-soft-seat-cushion-2.jpg\" alt=\"Foto real sillas de pl\u00e1stico para terraza con coj\u00edn blando\" width=\"850\" height=\"543\" srcset=\"https:\/\/minhducfurniture.com\/wp-content\/uploads\/2025\/11\/Actual-photo-plastic-patio-chairs-with-soft-seat-cushion-2.jpg 850w, https:\/\/minhducfurniture.com\/wp-content\/uploads\/2025\/11\/Actual-photo-plastic-patio-chairs-with-soft-seat-cushion-2-626x400.jpg 626w, https:\/\/minhducfurniture.com\/wp-content\/uploads\/2025\/11\/Actual-photo-plastic-patio-chairs-with-soft-seat-cushion-2-768x491.jpg 768w, https:\/\/minhducfurniture.com\/wp-content\/uploads\/2025\/11\/Actual-photo-plastic-patio-chairs-with-soft-seat-cushion-2-510x326.jpg 510w\" sizes=\"(max-width: 850px) 100vw, 850px\" \/><figcaption id=\"caption-attachment-53991\" class=\"wp-caption-text\">Foto real sillas de pl\u00e1stico para terraza con coj\u00edn blando<\/figcaption><\/figure>\n<h4>Informaci\u00f3n de contacto<\/h4>\n<ul>\n<li>Minh Duc Public Furniture Co.<\/li>\n<li>Direcci\u00f3n: Villa H02-L11 An Phu, Duong Noi, Ha Dong, Hanoi, Vietnam<\/li>\n<li>Tel\u00e9fono\/WhatsApp\/Zalo: +84 908 314 939<\/li>\n<\/ul>\n<h4>M\u00e1s de nuestras colecciones<\/h4>\n<ul>\n<li><span style=\"color: #008080\"><a style=\"color: #008080\" href=\"https:\/\/minhducfurniture.com\/es\/product\/sillon-tapizado-pequeno-estructura-metalica-sillon-moderno\/\">Sill\u00f3n tapizado peque\u00f1o estructura met\u00e1lica sill\u00f3n moderno<\/a><\/span><\/li>\n<li>\n<div><span style=\"color: #008080\"><a style=\"color: #008080\" href=\"https:\/\/minhducfurniture.com\/es\/product\/bancos-de-exterior-en-venta-banco-de-madera-metalico\/\">Bancos de exterior en venta banco de madera met\u00e1lico<\/a><\/span><\/div>\n<\/li>\n<\/ul>\n<div class=\"social-icons share-icons share-row relative\" ><a href=\"whatsapp:\/\/send?text=Sillas%20de%20patio%20de%20pl%C3%A1stico%20modernas%20y%20c%C3%B3modas%20para%20tu%20espacio - https:\/\/minhducfurniture.com\/es\/product\/sillas-de-patio-de-plastico-modernas-y-comodas-para-tu-espacio\/\" data-action=\"share\/whatsapp\/share\" class=\"icon primary button round tooltip whatsapp show-for-medium\" title=\"Compartir en WhatsApp\" aria-label=\"Compartir en WhatsApp\"><i class=\"icon-whatsapp\" aria-hidden=\"true\"><\/i><\/a><a href=\"https:\/\/www.facebook.com\/sharer.php?u=https:\/\/minhducfurniture.com\/es\/product\/sillas-de-patio-de-plastico-modernas-y-comodas-para-tu-espacio\/\" data-label=\"Facebook\" onclick=\"window.open(this.href,this.title,'width=500,height=500,top=300px,left=300px'); return false;\" target=\"_blank\" class=\"icon primary button round tooltip facebook\" title=\"Compartir en Facebook\" aria-label=\"Compartir en Facebook\" rel=\"noopener nofollow\"><i class=\"icon-facebook\" aria-hidden=\"true\"><\/i><\/a><a href=\"https:\/\/twitter.com\/share?url=https:\/\/minhducfurniture.com\/es\/product\/sillas-de-patio-de-plastico-modernas-y-comodas-para-tu-espacio\/\" onclick=\"window.open(this.href,this.title,'width=500,height=500,top=300px,left=300px'); return false;\" target=\"_blank\" class=\"icon primary button round tooltip twitter\" title=\"Compartir en Twitter\" aria-label=\"Compartir en Twitter\" rel=\"noopener nofollow\"><i class=\"icon-twitter\" aria-hidden=\"true\"><\/i><\/a><a href=\"mailto:?subject=Sillas%20de%20patio%20de%20pl%C3%A1stico%20modernas%20y%20c%C3%B3modas%20para%20tu%20espacio&body=Check%20this%20out%3A%20https%3A%2F%2Fminhducfurniture.com%2Fes%2Fproduct%2Fsillas-de-patio-de-plastico-modernas-y-comodas-para-tu-espacio%2F\" class=\"icon primary button round tooltip email\" title=\"Env\u00eda por email\" aria-label=\"Env\u00eda por email\" rel=\"nofollow\"><i class=\"icon-envelop\" aria-hidden=\"true\"><\/i><\/a><a href=\"https:\/\/pinterest.com\/pin\/create\/button?url=https:\/\/minhducfurniture.com\/es\/product\/sillas-de-patio-de-plastico-modernas-y-comodas-para-tu-espacio\/&media=https:\/\/minhducfurniture.com\/wp-content\/uploads\/2025\/11\/Modern-plastic-chairs-for-your-space-1.jpg&description=Sillas%20de%20patio%20de%20pl%C3%A1stico%20modernas%20y%20c%C3%B3modas%20para%20tu%20espacio\" onclick=\"window.open(this.href,this.title,'width=500,height=500,top=300px,left=300px'); return false;\" target=\"_blank\" class=\"icon primary button round tooltip pinterest\" title=\"Pinear en Pinterest\" aria-label=\"Pinear en Pinterest\" rel=\"noopener nofollow\"><i class=\"icon-pinterest\" aria-hidden=\"true\"><\/i><\/a><a href=\"https:\/\/www.linkedin.com\/shareArticle?mini=true&url=https:\/\/minhducfurniture.com\/es\/product\/sillas-de-patio-de-plastico-modernas-y-comodas-para-tu-espacio\/&title=Sillas%20de%20patio%20de%20pl%C3%A1stico%20modernas%20y%20c%C3%B3modas%20para%20tu%20espacio\" onclick=\"window.open(this.href,this.title,'width=500,height=500,top=300px,left=300px'); return false;\" target=\"_blank\" class=\"icon primary button round tooltip linkedin\" title=\"Compartir en LinkedIn\" aria-label=\"Compartir en LinkedIn\" rel=\"noopener nofollow\"><i class=\"icon-linkedin\" aria-hidden=\"true\"><\/i><\/a><\/div>\n","protected":false},"excerpt":{"rendered":"<ul>\n<li>C\u00f3digo del producto: MDS-3030<\/li>\n<li>Tama\u00f1o de la silla: H830mm*SH450mm*W530mm<\/li>\n<li>100% pl\u00e1stico PP con revestimiento anti UV<\/li>\n<li>Peso de carga: 120kg\/ 264,5lbs<\/li>\n<li>Origen del producto: Vietnam<\/li>\n<li>L\u00ednea directa\/ WhatsApp:+84908314939<\/li>\n<\/ul>\n","protected":false},"featured_media":53992,"comment_status":"open","ping_status":"closed","template":"","meta":[],"product_brand":[],"product_cat":[13066],"product_tag":[13067],"class_list":{"0":"post-53993","1":"product","2":"type-product","3":"status-publish","4":"has-post-thumbnail","6":"product_cat-sillas-de-plastico","7":"product_tag-sillas-de-exterior","9":"first","10":"instock","11":"shipping-taxable","12":"product-type-simple"},"yoast_head":"<!-- This site is optimized with the Yoast SEO plugin v27.4 - https:\/\/yoast.com\/product\/yoast-seo-wordpress\/ -->\n<title>Sillas de patio de pl\u00e1stico modernas y c\u00f3modas para tu espacio - Minh Duc Furniture<\/title>\n<meta name=\"description\" content=\"Las sillas de pl\u00e1stico para terrazas son una soluci\u00f3n duradera y elegante para cualquier terraza. Fabricadas en polipropileno de alta calidad,\" \/>\n<meta name=\"robots\" content=\"index, follow, max-snippet:-1, max-image-preview:large, max-video-preview:-1\" \/>\n<link rel=\"canonical\" href=\"https:\/\/minhducfurniture.com\/es\/product\/sillas-de-patio-de-plastico-modernas-y-comodas-para-tu-espacio\/\" \/>\n<meta property=\"og:locale\" content=\"es_ES\" \/>\n<meta property=\"og:type\" content=\"article\" \/>\n<meta property=\"og:title\" content=\"Sillas de patio de pl\u00e1stico modernas y c\u00f3modas para tu espacio - Minh Duc Furniture\" \/>\n<meta property=\"og:description\" content=\"Las sillas de pl\u00e1stico para terrazas son una soluci\u00f3n duradera y elegante para cualquier terraza. Fabricadas en polipropileno de alta calidad,\" \/>\n<meta property=\"og:url\" content=\"https:\/\/minhducfurniture.com\/es\/product\/sillas-de-patio-de-plastico-modernas-y-comodas-para-tu-espacio\/\" \/>\n<meta property=\"og:site_name\" content=\"Minh Duc Furniture\" \/>\n<meta property=\"article:modified_time\" content=\"2025-11-17T10:01:34+00:00\" \/>\n<meta property=\"og:image\" content=\"https:\/\/minhducfurniture.com\/wp-content\/uploads\/2025\/11\/Modern-plastic-chairs-for-your-space-1.jpg\" \/>\n\t<meta property=\"og:image:width\" content=\"650\" \/>\n\t<meta property=\"og:image:height\" content=\"647\" \/>\n\t<meta property=\"og:image:type\" content=\"image\/jpeg\" \/>\n<meta name=\"twitter:card\" content=\"summary_large_image\" \/>\n<meta name=\"twitter:label1\" content=\"Tiempo de lectura\" \/>\n\t<meta name=\"twitter:data1\" content=\"2 minutos\" \/>\n<script type=\"application\/ld+json\" class=\"yoast-schema-graph\">{\"@context\":\"https:\\\/\\\/schema.org\",\"@graph\":[{\"@type\":\"WebPage\",\"@id\":\"https:\\\/\\\/minhducfurniture.com\\\/es\\\/product\\\/sillas-de-patio-de-plastico-modernas-y-comodas-para-tu-espacio\\\/\",\"url\":\"https:\\\/\\\/minhducfurniture.com\\\/es\\\/product\\\/sillas-de-patio-de-plastico-modernas-y-comodas-para-tu-espacio\\\/\",\"name\":\"Sillas de patio de pl\u00e1stico modernas y c\u00f3modas para tu espacio - Minh Duc Furniture\",\"isPartOf\":{\"@id\":\"https:\\\/\\\/minhducfurniture.com\\\/es\\\/#website\"},\"primaryImageOfPage\":{\"@id\":\"https:\\\/\\\/minhducfurniture.com\\\/es\\\/product\\\/sillas-de-patio-de-plastico-modernas-y-comodas-para-tu-espacio\\\/#primaryimage\"},\"image\":{\"@id\":\"https:\\\/\\\/minhducfurniture.com\\\/es\\\/product\\\/sillas-de-patio-de-plastico-modernas-y-comodas-para-tu-espacio\\\/#primaryimage\"},\"thumbnailUrl\":\"https:\\\/\\\/minhducfurniture.com\\\/wp-content\\\/uploads\\\/2025\\\/11\\\/Modern-plastic-chairs-for-your-space-1.jpg\",\"datePublished\":\"2025-11-14T08:52:10+00:00\",\"dateModified\":\"2025-11-17T10:01:34+00:00\",\"description\":\"Las sillas de pl\u00e1stico para terrazas son una soluci\u00f3n duradera y elegante para cualquier terraza. Fabricadas en polipropileno de alta calidad,\",\"breadcrumb\":{\"@id\":\"https:\\\/\\\/minhducfurniture.com\\\/es\\\/product\\\/sillas-de-patio-de-plastico-modernas-y-comodas-para-tu-espacio\\\/#breadcrumb\"},\"inLanguage\":\"es\",\"potentialAction\":[{\"@type\":\"ReadAction\",\"target\":[\"https:\\\/\\\/minhducfurniture.com\\\/es\\\/product\\\/sillas-de-patio-de-plastico-modernas-y-comodas-para-tu-espacio\\\/\"]}]},{\"@type\":\"ImageObject\",\"inLanguage\":\"es\",\"@id\":\"https:\\\/\\\/minhducfurniture.com\\\/es\\\/product\\\/sillas-de-patio-de-plastico-modernas-y-comodas-para-tu-espacio\\\/#primaryimage\",\"url\":\"https:\\\/\\\/minhducfurniture.com\\\/wp-content\\\/uploads\\\/2025\\\/11\\\/Modern-plastic-chairs-for-your-space-1.jpg\",\"contentUrl\":\"https:\\\/\\\/minhducfurniture.com\\\/wp-content\\\/uploads\\\/2025\\\/11\\\/Modern-plastic-chairs-for-your-space-1.jpg\",\"width\":650,\"height\":647,\"caption\":\"Sillas de pl\u00e1stico para terraza\"},{\"@type\":\"BreadcrumbList\",\"@id\":\"https:\\\/\\\/minhducfurniture.com\\\/es\\\/product\\\/sillas-de-patio-de-plastico-modernas-y-comodas-para-tu-espacio\\\/#breadcrumb\",\"itemListElement\":[{\"@type\":\"ListItem\",\"position\":1,\"name\":\"Home\",\"item\":\"https:\\\/\\\/minhducfurniture.com\\\/es\\\/\"},{\"@type\":\"ListItem\",\"position\":2,\"name\":\"Shop\",\"item\":\"https:\\\/\\\/minhducfurniture.com\\\/shop\\\/\"},{\"@type\":\"ListItem\",\"position\":3,\"name\":\"Sillas de patio de pl\u00e1stico modernas y c\u00f3modas para tu espacio\"}]},{\"@type\":\"WebSite\",\"@id\":\"https:\\\/\\\/minhducfurniture.com\\\/es\\\/#website\",\"url\":\"https:\\\/\\\/minhducfurniture.com\\\/es\\\/\",\"name\":\"Minh Duc Furniture\",\"description\":\"Vietnam Furniture Supplier\",\"publisher\":{\"@id\":\"https:\\\/\\\/minhducfurniture.com\\\/es\\\/#organization\"},\"alternateName\":\"Vietnam Online Shop\",\"potentialAction\":[{\"@type\":\"SearchAction\",\"target\":{\"@type\":\"EntryPoint\",\"urlTemplate\":\"https:\\\/\\\/minhducfurniture.com\\\/es\\\/?s={search_term_string}\"},\"query-input\":{\"@type\":\"PropertyValueSpecification\",\"valueRequired\":true,\"valueName\":\"search_term_string\"}}],\"inLanguage\":\"es\"},{\"@type\":\"Organization\",\"@id\":\"https:\\\/\\\/minhducfurniture.com\\\/es\\\/#organization\",\"name\":\"Minh Duc Furniture\",\"alternateName\":\"Vietnam Furniture Export\",\"url\":\"https:\\\/\\\/minhducfurniture.com\\\/es\\\/\",\"logo\":{\"@type\":\"ImageObject\",\"inLanguage\":\"es\",\"@id\":\"https:\\\/\\\/minhducfurniture.com\\\/es\\\/#\\\/schema\\\/logo\\\/image\\\/\",\"url\":\"\",\"contentUrl\":\"\",\"caption\":\"Minh Duc Furniture\"},\"image\":{\"@id\":\"https:\\\/\\\/minhducfurniture.com\\\/es\\\/#\\\/schema\\\/logo\\\/image\\\/\"},\"sameAs\":[\"https:\\\/\\\/www.pinterest.com\\\/hienthaoshop\\\/pins\\\/\"]}]}<\/script>\n<!-- \/ Yoast SEO plugin. -->","yoast_head_json":{"title":"Sillas de patio de pl\u00e1stico modernas y c\u00f3modas para tu espacio - Minh Duc Furniture","description":"Las sillas de pl\u00e1stico para terrazas son una soluci\u00f3n duradera y elegante para cualquier terraza. Fabricadas en polipropileno de alta calidad,","robots":{"index":"index","follow":"follow","max-snippet":"max-snippet:-1","max-image-preview":"max-image-preview:large","max-video-preview":"max-video-preview:-1"},"canonical":"https:\/\/minhducfurniture.com\/es\/product\/sillas-de-patio-de-plastico-modernas-y-comodas-para-tu-espacio\/","og_locale":"es_ES","og_type":"article","og_title":"Sillas de patio de pl\u00e1stico modernas y c\u00f3modas para tu espacio - Minh Duc Furniture","og_description":"Las sillas de pl\u00e1stico para terrazas son una soluci\u00f3n duradera y elegante para cualquier terraza. Fabricadas en polipropileno de alta calidad,","og_url":"https:\/\/minhducfurniture.com\/es\/product\/sillas-de-patio-de-plastico-modernas-y-comodas-para-tu-espacio\/","og_site_name":"Minh Duc Furniture","article_modified_time":"2025-11-17T10:01:34+00:00","og_image":[{"width":650,"height":647,"url":"https:\/\/minhducfurniture.com\/wp-content\/uploads\/2025\/11\/Modern-plastic-chairs-for-your-space-1.jpg","type":"image\/jpeg"}],"twitter_card":"summary_large_image","twitter_misc":{"Tiempo de lectura":"2 minutos"},"schema":{"@context":"https:\/\/schema.org","@graph":[{"@type":"WebPage","@id":"https:\/\/minhducfurniture.com\/es\/product\/sillas-de-patio-de-plastico-modernas-y-comodas-para-tu-espacio\/","url":"https:\/\/minhducfurniture.com\/es\/product\/sillas-de-patio-de-plastico-modernas-y-comodas-para-tu-espacio\/","name":"Sillas de patio de pl\u00e1stico modernas y c\u00f3modas para tu espacio - Minh Duc Furniture","isPartOf":{"@id":"https:\/\/minhducfurniture.com\/es\/#website"},"primaryImageOfPage":{"@id":"https:\/\/minhducfurniture.com\/es\/product\/sillas-de-patio-de-plastico-modernas-y-comodas-para-tu-espacio\/#primaryimage"},"image":{"@id":"https:\/\/minhducfurniture.com\/es\/product\/sillas-de-patio-de-plastico-modernas-y-comodas-para-tu-espacio\/#primaryimage"},"thumbnailUrl":"https:\/\/minhducfurniture.com\/wp-content\/uploads\/2025\/11\/Modern-plastic-chairs-for-your-space-1.jpg","datePublished":"2025-11-14T08:52:10+00:00","dateModified":"2025-11-17T10:01:34+00:00","description":"Las sillas de pl\u00e1stico para terrazas son una soluci\u00f3n duradera y elegante para cualquier terraza. Fabricadas en polipropileno de alta calidad,","breadcrumb":{"@id":"https:\/\/minhducfurniture.com\/es\/product\/sillas-de-patio-de-plastico-modernas-y-comodas-para-tu-espacio\/#breadcrumb"},"inLanguage":"es","potentialAction":[{"@type":"ReadAction","target":["https:\/\/minhducfurniture.com\/es\/product\/sillas-de-patio-de-plastico-modernas-y-comodas-para-tu-espacio\/"]}]},{"@type":"ImageObject","inLanguage":"es","@id":"https:\/\/minhducfurniture.com\/es\/product\/sillas-de-patio-de-plastico-modernas-y-comodas-para-tu-espacio\/#primaryimage","url":"https:\/\/minhducfurniture.com\/wp-content\/uploads\/2025\/11\/Modern-plastic-chairs-for-your-space-1.jpg","contentUrl":"https:\/\/minhducfurniture.com\/wp-content\/uploads\/2025\/11\/Modern-plastic-chairs-for-your-space-1.jpg","width":650,"height":647,"caption":"Sillas de pl\u00e1stico para terraza"},{"@type":"BreadcrumbList","@id":"https:\/\/minhducfurniture.com\/es\/product\/sillas-de-patio-de-plastico-modernas-y-comodas-para-tu-espacio\/#breadcrumb","itemListElement":[{"@type":"ListItem","position":1,"name":"Home","item":"https:\/\/minhducfurniture.com\/es\/"},{"@type":"ListItem","position":2,"name":"Shop","item":"https:\/\/minhducfurniture.com\/shop\/"},{"@type":"ListItem","position":3,"name":"Sillas de patio de pl\u00e1stico modernas y c\u00f3modas para tu espacio"}]},{"@type":"WebSite","@id":"https:\/\/minhducfurniture.com\/es\/#website","url":"https:\/\/minhducfurniture.com\/es\/","name":"Minh Duc Furniture","description":"Vietnam Furniture Supplier","publisher":{"@id":"https:\/\/minhducfurniture.com\/es\/#organization"},"alternateName":"Vietnam Online Shop","potentialAction":[{"@type":"SearchAction","target":{"@type":"EntryPoint","urlTemplate":"https:\/\/minhducfurniture.com\/es\/?s={search_term_string}"},"query-input":{"@type":"PropertyValueSpecification","valueRequired":true,"valueName":"search_term_string"}}],"inLanguage":"es"},{"@type":"Organization","@id":"https:\/\/minhducfurniture.com\/es\/#organization","name":"Minh Duc Furniture","alternateName":"Vietnam Furniture Export","url":"https:\/\/minhducfurniture.com\/es\/","logo":{"@type":"ImageObject","inLanguage":"es","@id":"https:\/\/minhducfurniture.com\/es\/#\/schema\/logo\/image\/","url":"","contentUrl":"","caption":"Minh Duc Furniture"},"image":{"@id":"https:\/\/minhducfurniture.com\/es\/#\/schema\/logo\/image\/"},"sameAs":["https:\/\/www.pinterest.com\/hienthaoshop\/pins\/"]}]}},"_links":{"self":[{"href":"https:\/\/minhducfurniture.com\/es\/wp-json\/wp\/v2\/product\/53993","targetHints":{"allow":["GET"]}}],"collection":[{"href":"https:\/\/minhducfurniture.com\/es\/wp-json\/wp\/v2\/product"}],"about":[{"href":"https:\/\/minhducfurniture.com\/es\/wp-json\/wp\/v2\/types\/product"}],"replies":[{"embeddable":true,"href":"https:\/\/minhducfurniture.com\/es\/wp-json\/wp\/v2\/comments?post=53993"}],"wp:featuredmedia":[{"embeddable":true,"href":"https:\/\/minhducfurniture.com\/es\/wp-json\/wp\/v2\/media\/53992"}],"wp:attachment":[{"href":"https:\/\/minhducfurniture.com\/es\/wp-json\/wp\/v2\/media?parent=53993"}],"wp:term":[{"taxonomy":"product_brand","embeddable":true,"href":"https:\/\/minhducfurniture.com\/es\/wp-json\/wp\/v2\/product_brand?post=53993"},{"taxonomy":"product_cat","embeddable":true,"href":"https:\/\/minhducfurniture.com\/es\/wp-json\/wp\/v2\/product_cat?post=53993"},{"taxonomy":"product_tag","embeddable":true,"href":"https:\/\/minhducfurniture.com\/es\/wp-json\/wp\/v2\/product_tag?post=53993"}],"curies":[{"name":"wp","href":"https:\/\/api.w.org\/{rel}","templated":true}]}}