{"id":53916,"date":"2025-11-06T12:50:15","date_gmt":"2025-11-06T05:50:15","guid":{"rendered":"https:\/\/minhducfurniture.com\/product\/sillas-de-plastico-de-exterior-para-bodas-y-eventos\/"},"modified":"2026-02-25T14:18:42","modified_gmt":"2026-02-25T07:18:42","slug":"sillas-de-plastico-de-exterior-para-bodas-y-eventos","status":"publish","type":"product","link":"https:\/\/minhducfurniture.com\/es\/product\/sillas-de-plastico-de-exterior-para-bodas-y-eventos\/","title":{"rendered":"Sillas de pl\u00e1stico de exterior para bodas y eventos"},"content":{"rendered":"<h2><span style=\"font-size: 90%\">Sillas de comedor de pl\u00e1stico para exterior &#8211; Perfectas para espacios al aire libre<\/span><\/h2>\n<div>Las <strong>sillas de comedor de pl\u00e1stico para exterior<\/strong> son una opci\u00f3n de asiento inteligente y elegante para jardines, patios, balcones, cafeter\u00edas y espacios para eventos. Hechas de PP duradero, son resistentes a la intemperie, ligeras y f\u00e1ciles de limpiar. Su elegante dise\u00f1o se adapta tanto a los comedores de exterior informales como a los formales.  <\/div>\n<div><\/div>\n<div>Disponible en neutros cl\u00e1sicos y alegres colores, esta silla es perfecta para reuniones familiares, caf\u00e9s, cenas junto a la piscina, bodas o incluso coloridas fiestas de cumplea\u00f1os infantiles. Su versatilidad y calidad duradera la convierten en una opci\u00f3n fiable para cualquier espacio exterior. \t<div id=\"gap-558704145\" class=\"gap-element clearfix\" style=\"display:block; height:auto;\">\n\t\t\n<style>\n#gap-558704145 {\n  padding-top: 20px;\n}\n<\/style>\n\t<\/div>\n\t<\/div>\n<div><\/div>\n<div>\n<figure id=\"attachment_54948\" aria-describedby=\"caption-attachment-54948\" style=\"width: 850px\" class=\"wp-caption aligncenter\"><img decoding=\"async\" class=\"size-full wp-image-53888\" src=\"https:\/\/minhducfurniture.com\/wp-content\/uploads\/2025\/11\/Plastic-chairs-for-outdoor-birthday-parties.jpg\" alt=\"Sillas de pl\u00e1stico para fiestas de cumplea\u00f1os al aire libre\" width=\"850\" height=\"586\" srcset=\"https:\/\/minhducfurniture.com\/wp-content\/uploads\/2025\/11\/Plastic-chairs-for-outdoor-birthday-parties.jpg 850w, https:\/\/minhducfurniture.com\/wp-content\/uploads\/2025\/11\/Plastic-chairs-for-outdoor-birthday-parties-580x400.jpg 580w, https:\/\/minhducfurniture.com\/wp-content\/uploads\/2025\/11\/Plastic-chairs-for-outdoor-birthday-parties-768x529.jpg 768w, https:\/\/minhducfurniture.com\/wp-content\/uploads\/2025\/11\/Plastic-chairs-for-outdoor-birthday-parties-510x352.jpg 510w\" sizes=\"(max-width: 850px) 100vw, 850px\" \/><figcaption id=\"caption-attachment-54948\" class=\"wp-caption-text\">Sillas de pl\u00e1stico para fiestas de cumplea\u00f1os al aire libre<\/figcaption><\/figure>\n<\/div>\n<h3>Caracter\u00edsticas principales de la silla de pl\u00e1stico para exteriores<\/h3>\n<ul>\n<li>Fabricado en PP de alta calidad<\/li>\n<li>Resistente a la intemperie: apto para el sol, la lluvia y el uso en exteriores<\/li>\n<li>Ligero y f\u00e1cil de mover o reorganizar<\/li>\n<li>F\u00e1cil de limpiar con agua y jab\u00f3n neutro<\/li>\n<li>Dise\u00f1o apilable para un almacenamiento c\u00f3modo<\/li>\n<li>Acabado liso y elegante adecuado para ambientes informales o formales<\/li>\n<li>Disponible en m\u00faltiples opciones de color para combinar con diferentes temas<\/li>\n<\/ul>\n<figure id=\"attachment_54949\" aria-describedby=\"caption-attachment-54949\" style=\"width: 850px\" class=\"wp-caption aligncenter\"><img decoding=\"async\" class=\"size-full wp-image-53889\" src=\"https:\/\/minhducfurniture.com\/wp-content\/uploads\/2025\/11\/Plastic-chairs-for-outdoor-parties.jpg\" alt=\"Sillas de pl\u00e1stico para fiestas al aire libre\" width=\"850\" height=\"516\" srcset=\"https:\/\/minhducfurniture.com\/wp-content\/uploads\/2025\/11\/Plastic-chairs-for-outdoor-parties.jpg 850w, https:\/\/minhducfurniture.com\/wp-content\/uploads\/2025\/11\/Plastic-chairs-for-outdoor-parties-659x400.jpg 659w, https:\/\/minhducfurniture.com\/wp-content\/uploads\/2025\/11\/Plastic-chairs-for-outdoor-parties-768x466.jpg 768w, https:\/\/minhducfurniture.com\/wp-content\/uploads\/2025\/11\/Plastic-chairs-for-outdoor-parties-510x310.jpg 510w\" sizes=\"(max-width: 850px) 100vw, 850px\" \/><figcaption id=\"caption-attachment-54949\" class=\"wp-caption-text\">Sillas de pl\u00e1stico para fiestas al aire libre<\/figcaption><\/figure>\n<h4>Descripci\u00f3n del producto<\/h4>\n<ul>\n<li>C\u00f3digo del producto: MDS-3041<\/li>\n<li>Tama\u00f1o de la silla: 900 mm*430 mm*430 mm<\/li>\n<li>100% pl\u00e1stico PP con revestimiento anti UV.<\/li>\n<li>Peso de carga: 120kg\/ 264,5lbs<\/li>\n<li>Origen del producto: Vietnam<\/li>\n<\/ul>\n<figure id=\"attachment_54950\" aria-describedby=\"caption-attachment-54950\" style=\"width: 850px\" class=\"wp-caption aligncenter\"><img decoding=\"async\" class=\"wp-image-53890 size-full\" src=\"https:\/\/minhducfurniture.com\/wp-content\/uploads\/2025\/11\/Outdoor-plastic-dining-chair-in-various-colors.jpg\" alt=\"Las fotos reales de las sillas de pl\u00e1stico para exterior\" width=\"850\" height=\"607\" srcset=\"https:\/\/minhducfurniture.com\/wp-content\/uploads\/2025\/11\/Outdoor-plastic-dining-chair-in-various-colors.jpg 850w, https:\/\/minhducfurniture.com\/wp-content\/uploads\/2025\/11\/Outdoor-plastic-dining-chair-in-various-colors-560x400.jpg 560w, https:\/\/minhducfurniture.com\/wp-content\/uploads\/2025\/11\/Outdoor-plastic-dining-chair-in-various-colors-768x548.jpg 768w, https:\/\/minhducfurniture.com\/wp-content\/uploads\/2025\/11\/Outdoor-plastic-dining-chair-in-various-colors-510x364.jpg 510w\" sizes=\"(max-width: 850px) 100vw, 850px\" \/><figcaption id=\"caption-attachment-54950\" class=\"wp-caption-text\">Las fotos reales de las sillas de pl\u00e1stico para exterior<\/figcaption><\/figure>\n<h4>Informaci\u00f3n para pedidos<\/h4>\n<ul>\n<li>Cantidad m\u00ednima de pedido (MOQ): 50 unidades<\/li>\n<li>Plazo de entrega: 30-35 d\u00edas despu\u00e9s del dep\u00f3sito<\/li>\n<li>Plazo de entrega: FOB puerto de Hai Phong, Vietnam<\/li>\n<li>Condiciones de pago: T\/T 30% de dep\u00f3sito, 70% de saldo antes del env\u00edo<\/li>\n<li>Si tienes tu propio dise\u00f1o personalizado y necesitas producci\u00f3n en serie, ponte en contacto con nosotros para obtener m\u00e1s ayuda.<\/li>\n<\/ul>\n<figure id=\"attachment_54951\" aria-describedby=\"caption-attachment-54951\" style=\"width: 850px\" class=\"wp-caption aligncenter\"><img decoding=\"async\" class=\"size-full wp-image-53891\" src=\"https:\/\/minhducfurniture.com\/wp-content\/uploads\/2025\/11\/A-white-plastic-chair-for-the-event.jpg\" alt=\"Una silla blanca de pl\u00e1stico para el evento\" width=\"850\" height=\"542\" srcset=\"https:\/\/minhducfurniture.com\/wp-content\/uploads\/2025\/11\/A-white-plastic-chair-for-the-event.jpg 850w, https:\/\/minhducfurniture.com\/wp-content\/uploads\/2025\/11\/A-white-plastic-chair-for-the-event-627x400.jpg 627w, https:\/\/minhducfurniture.com\/wp-content\/uploads\/2025\/11\/A-white-plastic-chair-for-the-event-768x490.jpg 768w, https:\/\/minhducfurniture.com\/wp-content\/uploads\/2025\/11\/A-white-plastic-chair-for-the-event-510x325.jpg 510w\" sizes=\"(max-width: 850px) 100vw, 850px\" \/><figcaption id=\"caption-attachment-54951\" class=\"wp-caption-text\">Una silla blanca de pl\u00e1stico para el evento<\/figcaption><\/figure>\n<h4>Informaci\u00f3n de contacto<\/h4>\n<ul>\n<li><a href=\"https:\/\/minhducfurniture.com\/es\/\">Minh Duc Public Furniture Co.<\/a><\/li>\n<li>Direcci\u00f3n: Villa H02-L11 An Phu, Duong Noi, Ha Dong, Hanoi, Vietnam<\/li>\n<li>Tel\u00e9fono\/WhatsApp\/Zalo: +84 908 314 939<\/li>\n<\/ul>\n<h4>M\u00e1s de nuestras colecciones<\/h4>\n<ul>\n<li><span style=\"color: #008080\"><a style=\"color: #008080\" href=\"https:\/\/minhducfurniture.com\/es\/product\/sillon-con-armazon-de-metal-negro-sillon-con-armazon-de-hierro-para-exportar\/\">Sill\u00f3n con armaz\u00f3n de metal negro Sill\u00f3n con armaz\u00f3n de hierro para exportar<\/a><\/span><\/li>\n<li><span style=\"color: #008080\"><a style=\"color: #008080\" href=\"https:\/\/minhducfurniture.com\/es\/product\/silla-de-estructura-metalica-con-cojin-silla-de-comedor-tapizada-moderna\/\">Silla de estructura met\u00e1lica con coj\u00edn Silla de comedor tapizada moderna<\/a><\/span><\/li>\n<\/ul>\n<div><div class=\"social-icons share-icons share-row relative\" ><a href=\"whatsapp:\/\/send?text=Sillas%20de%20pl%C3%A1stico%20de%20exterior%20para%20bodas%20y%20eventos - https:\/\/minhducfurniture.com\/es\/product\/sillas-de-plastico-de-exterior-para-bodas-y-eventos\/\" data-action=\"share\/whatsapp\/share\" class=\"icon primary button round tooltip whatsapp show-for-medium\" title=\"Compartir en WhatsApp\" aria-label=\"Compartir en WhatsApp\"><i class=\"icon-whatsapp\" aria-hidden=\"true\"><\/i><\/a><a href=\"https:\/\/www.facebook.com\/sharer.php?u=https:\/\/minhducfurniture.com\/es\/product\/sillas-de-plastico-de-exterior-para-bodas-y-eventos\/\" data-label=\"Facebook\" onclick=\"window.open(this.href,this.title,'width=500,height=500,top=300px,left=300px'); return false;\" target=\"_blank\" class=\"icon primary button round tooltip facebook\" title=\"Compartir en Facebook\" aria-label=\"Compartir en Facebook\" rel=\"noopener nofollow\"><i class=\"icon-facebook\" aria-hidden=\"true\"><\/i><\/a><a href=\"https:\/\/twitter.com\/share?url=https:\/\/minhducfurniture.com\/es\/product\/sillas-de-plastico-de-exterior-para-bodas-y-eventos\/\" onclick=\"window.open(this.href,this.title,'width=500,height=500,top=300px,left=300px'); return false;\" target=\"_blank\" class=\"icon primary button round tooltip twitter\" title=\"Compartir en Twitter\" aria-label=\"Compartir en Twitter\" rel=\"noopener nofollow\"><i class=\"icon-twitter\" aria-hidden=\"true\"><\/i><\/a><a href=\"mailto:?subject=Sillas%20de%20pl%C3%A1stico%20de%20exterior%20para%20bodas%20y%20eventos&body=Check%20this%20out%3A%20https%3A%2F%2Fminhducfurniture.com%2Fes%2Fproduct%2Fsillas-de-plastico-de-exterior-para-bodas-y-eventos%2F\" class=\"icon primary button round tooltip email\" title=\"Env\u00eda por email\" aria-label=\"Env\u00eda por email\" rel=\"nofollow\"><i class=\"icon-envelop\" aria-hidden=\"true\"><\/i><\/a><a href=\"https:\/\/pinterest.com\/pin\/create\/button?url=https:\/\/minhducfurniture.com\/es\/product\/sillas-de-plastico-de-exterior-para-bodas-y-eventos\/&media=https:\/\/minhducfurniture.com\/wp-content\/uploads\/2025\/11\/Outdoor-plastic-dining-chair.jpg&description=Sillas%20de%20pl%C3%A1stico%20de%20exterior%20para%20bodas%20y%20eventos\" onclick=\"window.open(this.href,this.title,'width=500,height=500,top=300px,left=300px'); return false;\" target=\"_blank\" class=\"icon primary button round tooltip pinterest\" title=\"Pinear en Pinterest\" aria-label=\"Pinear en Pinterest\" rel=\"noopener nofollow\"><i class=\"icon-pinterest\" aria-hidden=\"true\"><\/i><\/a><a href=\"https:\/\/www.linkedin.com\/shareArticle?mini=true&url=https:\/\/minhducfurniture.com\/es\/product\/sillas-de-plastico-de-exterior-para-bodas-y-eventos\/&title=Sillas%20de%20pl%C3%A1stico%20de%20exterior%20para%20bodas%20y%20eventos\" onclick=\"window.open(this.href,this.title,'width=500,height=500,top=300px,left=300px'); return false;\" target=\"_blank\" class=\"icon primary button round tooltip linkedin\" title=\"Compartir en LinkedIn\" aria-label=\"Compartir en LinkedIn\" rel=\"noopener nofollow\"><i class=\"icon-linkedin\" aria-hidden=\"true\"><\/i><\/a><\/div><\/div>\n","protected":false},"excerpt":{"rendered":"<ul>\n<li>C\u00f3digo del producto: MDS-3041<\/li>\n<li>Tama\u00f1o de la silla: 900 mm*430 mm*430 mm<\/li>\n<li>100% pl\u00e1stico PP con revestimiento anti UV.<\/li>\n<li>Peso de carga: 120kg\/ 264,5lbs<\/li>\n<li>Origen del producto: Vietnam<\/li>\n<li>L\u00ednea directa\/ WhatsApp:+84908314939<\/li>\n<\/ul>\n","protected":false},"featured_media":53915,"comment_status":"open","ping_status":"closed","template":"","meta":[],"product_brand":[],"product_cat":[13066],"product_tag":[13067],"class_list":{"0":"post-53916","1":"product","2":"type-product","3":"status-publish","4":"has-post-thumbnail","6":"product_cat-sillas-de-plastico","7":"product_tag-sillas-de-exterior","9":"first","10":"instock","11":"shipping-taxable","12":"product-type-simple"},"yoast_head":"<!-- This site is optimized with the Yoast SEO plugin v27.4 - https:\/\/yoast.com\/product\/yoast-seo-wordpress\/ -->\n<title>Sillas de pl\u00e1stico de exterior para bodas y eventos - Minh Duc Furniture<\/title>\n<meta name=\"description\" content=\"Las sillas de comedor de pl\u00e1stico para exterior son una opci\u00f3n de asiento inteligente y elegante para jardines, patios, balcones, cafeter\u00edas y espacios para eventos.\" \/>\n<meta name=\"robots\" content=\"index, follow, max-snippet:-1, max-image-preview:large, max-video-preview:-1\" \/>\n<link rel=\"canonical\" href=\"https:\/\/minhducfurniture.com\/es\/product\/sillas-de-plastico-de-exterior-para-bodas-y-eventos\/\" \/>\n<meta property=\"og:locale\" content=\"es_ES\" \/>\n<meta property=\"og:type\" content=\"article\" \/>\n<meta property=\"og:title\" content=\"Sillas de pl\u00e1stico de exterior para bodas y eventos - Minh Duc Furniture\" \/>\n<meta property=\"og:description\" content=\"Las sillas de comedor de pl\u00e1stico para exterior son una opci\u00f3n de asiento inteligente y elegante para jardines, patios, balcones, cafeter\u00edas y espacios para eventos.\" \/>\n<meta property=\"og:url\" content=\"https:\/\/minhducfurniture.com\/es\/product\/sillas-de-plastico-de-exterior-para-bodas-y-eventos\/\" \/>\n<meta property=\"og:site_name\" content=\"Minh Duc Furniture\" \/>\n<meta property=\"article:modified_time\" content=\"2026-02-25T07:18:42+00:00\" \/>\n<meta property=\"og:image\" content=\"https:\/\/minhducfurniture.com\/wp-content\/uploads\/2025\/11\/Outdoor-plastic-dining-chair.jpg\" \/>\n\t<meta property=\"og:image:width\" content=\"650\" \/>\n\t<meta property=\"og:image:height\" content=\"650\" \/>\n\t<meta property=\"og:image:type\" content=\"image\/jpeg\" \/>\n<meta name=\"twitter:card\" content=\"summary_large_image\" \/>\n<meta name=\"twitter:label1\" content=\"Tiempo de lectura\" \/>\n\t<meta name=\"twitter:data1\" content=\"2 minutos\" \/>\n<script type=\"application\/ld+json\" class=\"yoast-schema-graph\">{\"@context\":\"https:\\\/\\\/schema.org\",\"@graph\":[{\"@type\":\"WebPage\",\"@id\":\"https:\\\/\\\/minhducfurniture.com\\\/es\\\/product\\\/sillas-de-plastico-de-exterior-para-bodas-y-eventos\\\/\",\"url\":\"https:\\\/\\\/minhducfurniture.com\\\/es\\\/product\\\/sillas-de-plastico-de-exterior-para-bodas-y-eventos\\\/\",\"name\":\"Sillas de pl\u00e1stico de exterior para bodas y eventos - Minh Duc Furniture\",\"isPartOf\":{\"@id\":\"https:\\\/\\\/minhducfurniture.com\\\/es\\\/#website\"},\"primaryImageOfPage\":{\"@id\":\"https:\\\/\\\/minhducfurniture.com\\\/es\\\/product\\\/sillas-de-plastico-de-exterior-para-bodas-y-eventos\\\/#primaryimage\"},\"image\":{\"@id\":\"https:\\\/\\\/minhducfurniture.com\\\/es\\\/product\\\/sillas-de-plastico-de-exterior-para-bodas-y-eventos\\\/#primaryimage\"},\"thumbnailUrl\":\"https:\\\/\\\/minhducfurniture.com\\\/wp-content\\\/uploads\\\/2025\\\/11\\\/Outdoor-plastic-dining-chair.jpg\",\"datePublished\":\"2025-11-06T05:50:15+00:00\",\"dateModified\":\"2026-02-25T07:18:42+00:00\",\"description\":\"Las sillas de comedor de pl\u00e1stico para exterior son una opci\u00f3n de asiento inteligente y elegante para jardines, patios, balcones, cafeter\u00edas y espacios para eventos.\",\"breadcrumb\":{\"@id\":\"https:\\\/\\\/minhducfurniture.com\\\/es\\\/product\\\/sillas-de-plastico-de-exterior-para-bodas-y-eventos\\\/#breadcrumb\"},\"inLanguage\":\"es\",\"potentialAction\":[{\"@type\":\"ReadAction\",\"target\":[\"https:\\\/\\\/minhducfurniture.com\\\/es\\\/product\\\/sillas-de-plastico-de-exterior-para-bodas-y-eventos\\\/\"]}]},{\"@type\":\"ImageObject\",\"inLanguage\":\"es\",\"@id\":\"https:\\\/\\\/minhducfurniture.com\\\/es\\\/product\\\/sillas-de-plastico-de-exterior-para-bodas-y-eventos\\\/#primaryimage\",\"url\":\"https:\\\/\\\/minhducfurniture.com\\\/wp-content\\\/uploads\\\/2025\\\/11\\\/Outdoor-plastic-dining-chair.jpg\",\"contentUrl\":\"https:\\\/\\\/minhducfurniture.com\\\/wp-content\\\/uploads\\\/2025\\\/11\\\/Outdoor-plastic-dining-chair.jpg\",\"width\":650,\"height\":650,\"caption\":\"Sillas de comedor de pl\u00e1stico para exterior\"},{\"@type\":\"BreadcrumbList\",\"@id\":\"https:\\\/\\\/minhducfurniture.com\\\/es\\\/product\\\/sillas-de-plastico-de-exterior-para-bodas-y-eventos\\\/#breadcrumb\",\"itemListElement\":[{\"@type\":\"ListItem\",\"position\":1,\"name\":\"Home\",\"item\":\"https:\\\/\\\/minhducfurniture.com\\\/es\\\/\"},{\"@type\":\"ListItem\",\"position\":2,\"name\":\"Shop\",\"item\":\"https:\\\/\\\/minhducfurniture.com\\\/shop\\\/\"},{\"@type\":\"ListItem\",\"position\":3,\"name\":\"Sillas de pl\u00e1stico de exterior para bodas y eventos\"}]},{\"@type\":\"WebSite\",\"@id\":\"https:\\\/\\\/minhducfurniture.com\\\/es\\\/#website\",\"url\":\"https:\\\/\\\/minhducfurniture.com\\\/es\\\/\",\"name\":\"Minh Duc Furniture\",\"description\":\"Vietnam Furniture Supplier\",\"publisher\":{\"@id\":\"https:\\\/\\\/minhducfurniture.com\\\/es\\\/#organization\"},\"alternateName\":\"Vietnam Online Shop\",\"potentialAction\":[{\"@type\":\"SearchAction\",\"target\":{\"@type\":\"EntryPoint\",\"urlTemplate\":\"https:\\\/\\\/minhducfurniture.com\\\/es\\\/?s={search_term_string}\"},\"query-input\":{\"@type\":\"PropertyValueSpecification\",\"valueRequired\":true,\"valueName\":\"search_term_string\"}}],\"inLanguage\":\"es\"},{\"@type\":\"Organization\",\"@id\":\"https:\\\/\\\/minhducfurniture.com\\\/es\\\/#organization\",\"name\":\"Minh Duc Furniture\",\"alternateName\":\"Vietnam Furniture Export\",\"url\":\"https:\\\/\\\/minhducfurniture.com\\\/es\\\/\",\"logo\":{\"@type\":\"ImageObject\",\"inLanguage\":\"es\",\"@id\":\"https:\\\/\\\/minhducfurniture.com\\\/es\\\/#\\\/schema\\\/logo\\\/image\\\/\",\"url\":\"\",\"contentUrl\":\"\",\"caption\":\"Minh Duc Furniture\"},\"image\":{\"@id\":\"https:\\\/\\\/minhducfurniture.com\\\/es\\\/#\\\/schema\\\/logo\\\/image\\\/\"},\"sameAs\":[\"https:\\\/\\\/www.pinterest.com\\\/hienthaoshop\\\/pins\\\/\"]}]}<\/script>\n<!-- \/ Yoast SEO plugin. -->","yoast_head_json":{"title":"Sillas de pl\u00e1stico de exterior para bodas y eventos - Minh Duc Furniture","description":"Las sillas de comedor de pl\u00e1stico para exterior son una opci\u00f3n de asiento inteligente y elegante para jardines, patios, balcones, cafeter\u00edas y espacios para eventos.","robots":{"index":"index","follow":"follow","max-snippet":"max-snippet:-1","max-image-preview":"max-image-preview:large","max-video-preview":"max-video-preview:-1"},"canonical":"https:\/\/minhducfurniture.com\/es\/product\/sillas-de-plastico-de-exterior-para-bodas-y-eventos\/","og_locale":"es_ES","og_type":"article","og_title":"Sillas de pl\u00e1stico de exterior para bodas y eventos - Minh Duc Furniture","og_description":"Las sillas de comedor de pl\u00e1stico para exterior son una opci\u00f3n de asiento inteligente y elegante para jardines, patios, balcones, cafeter\u00edas y espacios para eventos.","og_url":"https:\/\/minhducfurniture.com\/es\/product\/sillas-de-plastico-de-exterior-para-bodas-y-eventos\/","og_site_name":"Minh Duc Furniture","article_modified_time":"2026-02-25T07:18:42+00:00","og_image":[{"width":650,"height":650,"url":"https:\/\/minhducfurniture.com\/wp-content\/uploads\/2025\/11\/Outdoor-plastic-dining-chair.jpg","type":"image\/jpeg"}],"twitter_card":"summary_large_image","twitter_misc":{"Tiempo de lectura":"2 minutos"},"schema":{"@context":"https:\/\/schema.org","@graph":[{"@type":"WebPage","@id":"https:\/\/minhducfurniture.com\/es\/product\/sillas-de-plastico-de-exterior-para-bodas-y-eventos\/","url":"https:\/\/minhducfurniture.com\/es\/product\/sillas-de-plastico-de-exterior-para-bodas-y-eventos\/","name":"Sillas de pl\u00e1stico de exterior para bodas y eventos - Minh Duc Furniture","isPartOf":{"@id":"https:\/\/minhducfurniture.com\/es\/#website"},"primaryImageOfPage":{"@id":"https:\/\/minhducfurniture.com\/es\/product\/sillas-de-plastico-de-exterior-para-bodas-y-eventos\/#primaryimage"},"image":{"@id":"https:\/\/minhducfurniture.com\/es\/product\/sillas-de-plastico-de-exterior-para-bodas-y-eventos\/#primaryimage"},"thumbnailUrl":"https:\/\/minhducfurniture.com\/wp-content\/uploads\/2025\/11\/Outdoor-plastic-dining-chair.jpg","datePublished":"2025-11-06T05:50:15+00:00","dateModified":"2026-02-25T07:18:42+00:00","description":"Las sillas de comedor de pl\u00e1stico para exterior son una opci\u00f3n de asiento inteligente y elegante para jardines, patios, balcones, cafeter\u00edas y espacios para eventos.","breadcrumb":{"@id":"https:\/\/minhducfurniture.com\/es\/product\/sillas-de-plastico-de-exterior-para-bodas-y-eventos\/#breadcrumb"},"inLanguage":"es","potentialAction":[{"@type":"ReadAction","target":["https:\/\/minhducfurniture.com\/es\/product\/sillas-de-plastico-de-exterior-para-bodas-y-eventos\/"]}]},{"@type":"ImageObject","inLanguage":"es","@id":"https:\/\/minhducfurniture.com\/es\/product\/sillas-de-plastico-de-exterior-para-bodas-y-eventos\/#primaryimage","url":"https:\/\/minhducfurniture.com\/wp-content\/uploads\/2025\/11\/Outdoor-plastic-dining-chair.jpg","contentUrl":"https:\/\/minhducfurniture.com\/wp-content\/uploads\/2025\/11\/Outdoor-plastic-dining-chair.jpg","width":650,"height":650,"caption":"Sillas de comedor de pl\u00e1stico para exterior"},{"@type":"BreadcrumbList","@id":"https:\/\/minhducfurniture.com\/es\/product\/sillas-de-plastico-de-exterior-para-bodas-y-eventos\/#breadcrumb","itemListElement":[{"@type":"ListItem","position":1,"name":"Home","item":"https:\/\/minhducfurniture.com\/es\/"},{"@type":"ListItem","position":2,"name":"Shop","item":"https:\/\/minhducfurniture.com\/shop\/"},{"@type":"ListItem","position":3,"name":"Sillas de pl\u00e1stico de exterior para bodas y eventos"}]},{"@type":"WebSite","@id":"https:\/\/minhducfurniture.com\/es\/#website","url":"https:\/\/minhducfurniture.com\/es\/","name":"Minh Duc Furniture","description":"Vietnam Furniture Supplier","publisher":{"@id":"https:\/\/minhducfurniture.com\/es\/#organization"},"alternateName":"Vietnam Online Shop","potentialAction":[{"@type":"SearchAction","target":{"@type":"EntryPoint","urlTemplate":"https:\/\/minhducfurniture.com\/es\/?s={search_term_string}"},"query-input":{"@type":"PropertyValueSpecification","valueRequired":true,"valueName":"search_term_string"}}],"inLanguage":"es"},{"@type":"Organization","@id":"https:\/\/minhducfurniture.com\/es\/#organization","name":"Minh Duc Furniture","alternateName":"Vietnam Furniture Export","url":"https:\/\/minhducfurniture.com\/es\/","logo":{"@type":"ImageObject","inLanguage":"es","@id":"https:\/\/minhducfurniture.com\/es\/#\/schema\/logo\/image\/","url":"","contentUrl":"","caption":"Minh Duc Furniture"},"image":{"@id":"https:\/\/minhducfurniture.com\/es\/#\/schema\/logo\/image\/"},"sameAs":["https:\/\/www.pinterest.com\/hienthaoshop\/pins\/"]}]}},"_links":{"self":[{"href":"https:\/\/minhducfurniture.com\/es\/wp-json\/wp\/v2\/product\/53916","targetHints":{"allow":["GET"]}}],"collection":[{"href":"https:\/\/minhducfurniture.com\/es\/wp-json\/wp\/v2\/product"}],"about":[{"href":"https:\/\/minhducfurniture.com\/es\/wp-json\/wp\/v2\/types\/product"}],"replies":[{"embeddable":true,"href":"https:\/\/minhducfurniture.com\/es\/wp-json\/wp\/v2\/comments?post=53916"}],"wp:featuredmedia":[{"embeddable":true,"href":"https:\/\/minhducfurniture.com\/es\/wp-json\/wp\/v2\/media\/53915"}],"wp:attachment":[{"href":"https:\/\/minhducfurniture.com\/es\/wp-json\/wp\/v2\/media?parent=53916"}],"wp:term":[{"taxonomy":"product_brand","embeddable":true,"href":"https:\/\/minhducfurniture.com\/es\/wp-json\/wp\/v2\/product_brand?post=53916"},{"taxonomy":"product_cat","embeddable":true,"href":"https:\/\/minhducfurniture.com\/es\/wp-json\/wp\/v2\/product_cat?post=53916"},{"taxonomy":"product_tag","embeddable":true,"href":"https:\/\/minhducfurniture.com\/es\/wp-json\/wp\/v2\/product_tag?post=53916"}],"curies":[{"name":"wp","href":"https:\/\/api.w.org\/{rel}","templated":true}]}}