{"id":53886,"date":"2025-11-05T12:53:52","date_gmt":"2025-11-05T05:53:52","guid":{"rendered":"https:\/\/minhducfurniture.com\/product\/las-tumbonas-de-plastico-para-piscina-son-una-opcion-elegante-para-relajarse-al-aire-libre\/"},"modified":"2026-02-25T14:19:11","modified_gmt":"2026-02-25T07:19:11","slug":"las-tumbonas-de-plastico-para-piscina-son-una-opcion-elegante-para-relajarse-al-aire-libre","status":"publish","type":"product","link":"https:\/\/minhducfurniture.com\/es\/product\/las-tumbonas-de-plastico-para-piscina-son-una-opcion-elegante-para-relajarse-al-aire-libre\/","title":{"rendered":"Las tumbonas de pl\u00e1stico para piscina son una opci\u00f3n elegante para relajarse al aire libre"},"content":{"rendered":"<h2><span style=\"font-size: 90%\">Tumbonas de pl\u00e1stico para piscina &#8211; Asientos de exterior c\u00f3modos y duraderos<\/span><\/h2>\n<p>Las tumbonas de pl\u00e1stico para piscina son una opci\u00f3n ideal para relajarse junto a la piscina, en complejos tur\u00edsticos, hoteles o en tu propio jard\u00edn. Fabricadas con polipropileno (PP) de alta calidad, estas tumbonas est\u00e1n hechas para resistir el sol, la lluvia y el cloro sin deste\u00f1irse ni oxidarse. <\/p>\n<h3>Algunas ventajas clave del producto<\/h3>\n<ul>\n<li>Resistente a la intemperie: apto para todos los entornos exteriores<\/li>\n<li>Ligero y f\u00e1cil de mover: Pr\u00e1ctico para reorganizar o limpiar<\/li>\n<li>Dise\u00f1o c\u00f3modo: Muchos modelos disponen de posiciones reclinables ajustables.<\/li>\n<li>Bajo mantenimiento: S\u00f3lo tienes que limpiarlo con agua y jab\u00f3n suave<\/li>\n<\/ul>\n<div>Con dise\u00f1os modernos y una gran variedad de colores, las tumbonas de pl\u00e1stico para piscinas a\u00f1aden estilo y comodidad a cualquier espacio junto a la piscina. Son pr\u00e1cticas, duraderas y rentables, lo que las convierte en una opci\u00f3n perfecta tanto para uso dom\u00e9stico como comercial. \t<div id=\"gap-2011888863\" class=\"gap-element clearfix\" style=\"display:block; height:auto;\">\n\t\t\n<style>\n#gap-2011888863 {\n  padding-top: 15px;\n}\n<\/style>\n\t<\/div>\n\t<\/div>\n<div><\/div>\n<div>\n<figure id=\"attachment_54955\" aria-describedby=\"caption-attachment-54955\" style=\"width: 850px\" class=\"wp-caption aligncenter\"><img decoding=\"async\" class=\"wp-image-53857 size-full\" src=\"https:\/\/minhducfurniture.com\/wp-content\/uploads\/2025\/11\/White-Plastic-Pool-Lounge-Chairs.jpg\" alt=\"Tumbonas de pl\u00e1stico blancas\" width=\"850\" height=\"527\" srcset=\"https:\/\/minhducfurniture.com\/wp-content\/uploads\/2025\/11\/White-Plastic-Pool-Lounge-Chairs.jpg 850w, https:\/\/minhducfurniture.com\/wp-content\/uploads\/2025\/11\/White-Plastic-Pool-Lounge-Chairs-645x400.jpg 645w, https:\/\/minhducfurniture.com\/wp-content\/uploads\/2025\/11\/White-Plastic-Pool-Lounge-Chairs-768x476.jpg 768w, https:\/\/minhducfurniture.com\/wp-content\/uploads\/2025\/11\/White-Plastic-Pool-Lounge-Chairs-510x316.jpg 510w\" sizes=\"(max-width: 850px) 100vw, 850px\" \/><figcaption id=\"caption-attachment-54955\" class=\"wp-caption-text\">Tumbonas de pl\u00e1stico blancas<\/figcaption><\/figure>\n<\/div>\n<div>\n<h3>Descripci\u00f3n del producto<\/h3>\n<ul>\n<li>C\u00f3digo del producto: MDS-3066<\/li>\n<li>Tama\u00f1o de la silla: 1735 mm*760 mm*650 mm<\/li>\n<li>100% pl\u00e1stico PP con revestimiento anti UV.<\/li>\n<li>Peso de carga: 120kg\/ 264,5lbs<\/li>\n<li>Origen del producto: Vietnam<\/li>\n<\/ul>\n<figure id=\"attachment_54956\" aria-describedby=\"caption-attachment-54956\" style=\"width: 850px\" class=\"wp-caption aligncenter\"><img decoding=\"async\" class=\"size-full wp-image-53861\" src=\"https:\/\/minhducfurniture.com\/wp-content\/uploads\/2025\/11\/White-pool-lounge-chairs-by-the-ocean.jpg\" alt=\"Tumbonas de piscina blancas junto al oc\u00e9ano\" width=\"850\" height=\"486\" srcset=\"https:\/\/minhducfurniture.com\/wp-content\/uploads\/2025\/11\/White-pool-lounge-chairs-by-the-ocean.jpg 850w, https:\/\/minhducfurniture.com\/wp-content\/uploads\/2025\/11\/White-pool-lounge-chairs-by-the-ocean-700x400.jpg 700w, https:\/\/minhducfurniture.com\/wp-content\/uploads\/2025\/11\/White-pool-lounge-chairs-by-the-ocean-768x439.jpg 768w, https:\/\/minhducfurniture.com\/wp-content\/uploads\/2025\/11\/White-pool-lounge-chairs-by-the-ocean-510x292.jpg 510w\" sizes=\"(max-width: 850px) 100vw, 850px\" \/><figcaption id=\"caption-attachment-54956\" class=\"wp-caption-text\">Tumbonas de piscina blancas junto al oc\u00e9ano<\/figcaption><\/figure>\n<h4>Informaci\u00f3n para pedidos<\/h4>\n<ul>\n<li>Cantidad m\u00ednima de pedido (MOQ): 50 unidades<\/li>\n<li>Plazo de entrega: 30-35 d\u00edas despu\u00e9s del dep\u00f3sito<\/li>\n<li>Plazo de entrega: FOB puerto de Hai Phong, Vietnam<\/li>\n<li>Condiciones de pago: T\/T 30% de dep\u00f3sito, 70% de saldo antes del env\u00edo<\/li>\n<li>Si tienes tu propio dise\u00f1o personalizado y necesitas producci\u00f3n en serie, ponte en contacto con nosotros para obtener m\u00e1s ayuda.<\/li>\n<\/ul>\n<figure id=\"attachment_54957\" aria-describedby=\"caption-attachment-54957\" style=\"width: 850px\" class=\"wp-caption aligncenter\"><img decoding=\"async\" class=\"size-full wp-image-53858\" src=\"https:\/\/minhducfurniture.com\/wp-content\/uploads\/2025\/11\/The-actual-image-of-PP-pool-chair.jpg\" alt=\"La imagen real de la silla de piscina PP\" width=\"850\" height=\"515\" srcset=\"https:\/\/minhducfurniture.com\/wp-content\/uploads\/2025\/11\/The-actual-image-of-PP-pool-chair.jpg 850w, https:\/\/minhducfurniture.com\/wp-content\/uploads\/2025\/11\/The-actual-image-of-PP-pool-chair-660x400.jpg 660w, https:\/\/minhducfurniture.com\/wp-content\/uploads\/2025\/11\/The-actual-image-of-PP-pool-chair-768x465.jpg 768w, https:\/\/minhducfurniture.com\/wp-content\/uploads\/2025\/11\/The-actual-image-of-PP-pool-chair-510x309.jpg 510w\" sizes=\"(max-width: 850px) 100vw, 850px\" \/><figcaption id=\"caption-attachment-54957\" class=\"wp-caption-text\">La imagen real de la silla de piscina PP<\/figcaption><\/figure>\n<h4>Informaci\u00f3n de contacto<\/h4>\n<ul>\n<li><a href=\"https:\/\/minhducfurniture.com\/es\/\">Minh Duc Public Furniture Co.<\/a><\/li>\n<li>Direcci\u00f3n: Villa H02-L11 An Phu, Duong Noi, Ha Dong, Hanoi, Vietnam<\/li>\n<li>Tel\u00e9fono\/WhatsApp\/Zalo: +84 908 314 939<\/li>\n<\/ul>\n<h4>M\u00e1s de nuestras colecciones<\/h4>\n<ul>\n<li><span style=\"color: #008080\"><a style=\"color: #008080\" href=\"https:\/\/minhducfurniture.com\/es\/product\/sillas-de-comedor-de-plastico-negro-sillas-de-polipropileno-para-exterior\/\">Sillas de comedor de pl\u00e1stico negro Sillas de polipropileno para exterior<\/a><\/span><\/li>\n<li><span style=\"color: #008080\"><a style=\"color: #008080\" href=\"https:\/\/minhducfurniture.com\/es\/product\/bancos-de-exterior-en-venta-banco-de-madera-metalico\/\">Bancos de exterior en venta banco de madera met\u00e1lico<\/a><\/span><\/li>\n<\/ul>\n<div class=\"social-icons share-icons share-row relative\" ><a href=\"whatsapp:\/\/send?text=Las%20tumbonas%20de%20pl%C3%A1stico%20para%20piscina%20son%20una%20opci%C3%B3n%20elegante%20para%20relajarse%20al%20aire%20libre - https:\/\/minhducfurniture.com\/es\/product\/las-tumbonas-de-plastico-para-piscina-son-una-opcion-elegante-para-relajarse-al-aire-libre\/\" data-action=\"share\/whatsapp\/share\" class=\"icon primary button round tooltip whatsapp show-for-medium\" title=\"Compartir en WhatsApp\" aria-label=\"Compartir en WhatsApp\"><i class=\"icon-whatsapp\" aria-hidden=\"true\"><\/i><\/a><a href=\"https:\/\/www.facebook.com\/sharer.php?u=https:\/\/minhducfurniture.com\/es\/product\/las-tumbonas-de-plastico-para-piscina-son-una-opcion-elegante-para-relajarse-al-aire-libre\/\" data-label=\"Facebook\" onclick=\"window.open(this.href,this.title,'width=500,height=500,top=300px,left=300px'); return false;\" target=\"_blank\" class=\"icon primary button round tooltip facebook\" title=\"Compartir en Facebook\" aria-label=\"Compartir en Facebook\" rel=\"noopener nofollow\"><i class=\"icon-facebook\" aria-hidden=\"true\"><\/i><\/a><a href=\"https:\/\/twitter.com\/share?url=https:\/\/minhducfurniture.com\/es\/product\/las-tumbonas-de-plastico-para-piscina-son-una-opcion-elegante-para-relajarse-al-aire-libre\/\" onclick=\"window.open(this.href,this.title,'width=500,height=500,top=300px,left=300px'); return false;\" target=\"_blank\" class=\"icon primary button round tooltip twitter\" title=\"Compartir en Twitter\" aria-label=\"Compartir en Twitter\" rel=\"noopener nofollow\"><i class=\"icon-twitter\" aria-hidden=\"true\"><\/i><\/a><a href=\"mailto:?subject=Las%20tumbonas%20de%20pl%C3%A1stico%20para%20piscina%20son%20una%20opci%C3%B3n%20elegante%20para%20relajarse%20al%20aire%20libre&body=Check%20this%20out%3A%20https%3A%2F%2Fminhducfurniture.com%2Fes%2Fproduct%2Flas-tumbonas-de-plastico-para-piscina-son-una-opcion-elegante-para-relajarse-al-aire-libre%2F\" class=\"icon primary button round tooltip email\" title=\"Env\u00eda por email\" aria-label=\"Env\u00eda por email\" rel=\"nofollow\"><i class=\"icon-envelop\" aria-hidden=\"true\"><\/i><\/a><a href=\"https:\/\/pinterest.com\/pin\/create\/button?url=https:\/\/minhducfurniture.com\/es\/product\/las-tumbonas-de-plastico-para-piscina-son-una-opcion-elegante-para-relajarse-al-aire-libre\/&media=https:\/\/minhducfurniture.com\/wp-content\/uploads\/2025\/11\/Plastic-Pool-Lounge-Chairs.jpg&description=Las%20tumbonas%20de%20pl%C3%A1stico%20para%20piscina%20son%20una%20opci%C3%B3n%20elegante%20para%20relajarse%20al%20aire%20libre\" onclick=\"window.open(this.href,this.title,'width=500,height=500,top=300px,left=300px'); return false;\" target=\"_blank\" class=\"icon primary button round tooltip pinterest\" title=\"Pinear en Pinterest\" aria-label=\"Pinear en Pinterest\" rel=\"noopener nofollow\"><i class=\"icon-pinterest\" aria-hidden=\"true\"><\/i><\/a><a href=\"https:\/\/www.linkedin.com\/shareArticle?mini=true&url=https:\/\/minhducfurniture.com\/es\/product\/las-tumbonas-de-plastico-para-piscina-son-una-opcion-elegante-para-relajarse-al-aire-libre\/&title=Las%20tumbonas%20de%20pl%C3%A1stico%20para%20piscina%20son%20una%20opci%C3%B3n%20elegante%20para%20relajarse%20al%20aire%20libre\" onclick=\"window.open(this.href,this.title,'width=500,height=500,top=300px,left=300px'); return false;\" target=\"_blank\" class=\"icon primary button round tooltip linkedin\" title=\"Compartir en LinkedIn\" aria-label=\"Compartir en LinkedIn\" rel=\"noopener nofollow\"><i class=\"icon-linkedin\" aria-hidden=\"true\"><\/i><\/a><\/div>\n<\/div>\n","protected":false},"excerpt":{"rendered":"<ul>\n<li>C\u00f3digo del producto: MDS-3066<\/li>\n<li>Tama\u00f1o de la silla: 1735 mm*760 mm*650 mm<\/li>\n<li>100% pl\u00e1stico PP con revestimiento anti UV.<\/li>\n<li>Peso de carga: 120kg\/ 264,5lbs<\/li>\n<li>Origen del producto: Vietnam<\/li>\n<li>L\u00ednea directa\/ WhatsApp:+84908314939<\/li>\n<\/ul>\n","protected":false},"featured_media":53885,"comment_status":"open","ping_status":"closed","template":"","meta":[],"product_brand":[],"product_cat":[13066],"product_tag":[13067],"class_list":{"0":"post-53886","1":"product","2":"type-product","3":"status-publish","4":"has-post-thumbnail","6":"product_cat-sillas-de-plastico","7":"product_tag-sillas-de-exterior","9":"first","10":"instock","11":"shipping-taxable","12":"product-type-simple"},"yoast_head":"<!-- This site is optimized with the Yoast SEO plugin v27.4 - https:\/\/yoast.com\/product\/yoast-seo-wordpress\/ -->\n<title>Las tumbonas de pl\u00e1stico para piscina son una opci\u00f3n elegante para relajarse al aire libre - Minh Duc Furniture<\/title>\n<meta name=\"description\" content=\"Las tumbonas de pl\u00e1stico para piscina son una opci\u00f3n ideal para relajarse junto a la piscina, en complejos tur\u00edsticos, hoteles o en tu propio jard\u00edn. Fabricadas con polipropileno de alta calidad\" \/>\n<meta name=\"robots\" content=\"index, follow, max-snippet:-1, max-image-preview:large, max-video-preview:-1\" \/>\n<link rel=\"canonical\" href=\"https:\/\/minhducfurniture.com\/es\/product\/las-tumbonas-de-plastico-para-piscina-son-una-opcion-elegante-para-relajarse-al-aire-libre\/\" \/>\n<meta property=\"og:locale\" content=\"es_ES\" \/>\n<meta property=\"og:type\" content=\"article\" \/>\n<meta property=\"og:title\" content=\"Las tumbonas de pl\u00e1stico para piscina son una opci\u00f3n elegante para relajarse al aire libre - Minh Duc Furniture\" \/>\n<meta property=\"og:description\" content=\"Las tumbonas de pl\u00e1stico para piscina son una opci\u00f3n ideal para relajarse junto a la piscina, en complejos tur\u00edsticos, hoteles o en tu propio jard\u00edn. Fabricadas con polipropileno de alta calidad\" \/>\n<meta property=\"og:url\" content=\"https:\/\/minhducfurniture.com\/es\/product\/las-tumbonas-de-plastico-para-piscina-son-una-opcion-elegante-para-relajarse-al-aire-libre\/\" \/>\n<meta property=\"og:site_name\" content=\"Minh Duc Furniture\" \/>\n<meta property=\"article:modified_time\" content=\"2026-02-25T07:19:11+00:00\" \/>\n<meta property=\"og:image\" content=\"https:\/\/minhducfurniture.com\/wp-content\/uploads\/2025\/11\/Plastic-Pool-Lounge-Chairs.jpg\" \/>\n\t<meta property=\"og:image:width\" content=\"600\" \/>\n\t<meta property=\"og:image:height\" content=\"600\" \/>\n\t<meta property=\"og:image:type\" content=\"image\/jpeg\" \/>\n<meta name=\"twitter:card\" content=\"summary_large_image\" \/>\n<meta name=\"twitter:label1\" content=\"Tiempo de lectura\" \/>\n\t<meta name=\"twitter:data1\" content=\"2 minutos\" \/>\n<script type=\"application\/ld+json\" class=\"yoast-schema-graph\">{\"@context\":\"https:\\\/\\\/schema.org\",\"@graph\":[{\"@type\":\"WebPage\",\"@id\":\"https:\\\/\\\/minhducfurniture.com\\\/es\\\/product\\\/las-tumbonas-de-plastico-para-piscina-son-una-opcion-elegante-para-relajarse-al-aire-libre\\\/\",\"url\":\"https:\\\/\\\/minhducfurniture.com\\\/es\\\/product\\\/las-tumbonas-de-plastico-para-piscina-son-una-opcion-elegante-para-relajarse-al-aire-libre\\\/\",\"name\":\"Las tumbonas de pl\u00e1stico para piscina son una opci\u00f3n elegante para relajarse al aire libre - Minh Duc Furniture\",\"isPartOf\":{\"@id\":\"https:\\\/\\\/minhducfurniture.com\\\/es\\\/#website\"},\"primaryImageOfPage\":{\"@id\":\"https:\\\/\\\/minhducfurniture.com\\\/es\\\/product\\\/las-tumbonas-de-plastico-para-piscina-son-una-opcion-elegante-para-relajarse-al-aire-libre\\\/#primaryimage\"},\"image\":{\"@id\":\"https:\\\/\\\/minhducfurniture.com\\\/es\\\/product\\\/las-tumbonas-de-plastico-para-piscina-son-una-opcion-elegante-para-relajarse-al-aire-libre\\\/#primaryimage\"},\"thumbnailUrl\":\"https:\\\/\\\/minhducfurniture.com\\\/wp-content\\\/uploads\\\/2025\\\/11\\\/Plastic-Pool-Lounge-Chairs.jpg\",\"datePublished\":\"2025-11-05T05:53:52+00:00\",\"dateModified\":\"2026-02-25T07:19:11+00:00\",\"description\":\"Las tumbonas de pl\u00e1stico para piscina son una opci\u00f3n ideal para relajarse junto a la piscina, en complejos tur\u00edsticos, hoteles o en tu propio jard\u00edn. Fabricadas con polipropileno de alta calidad\",\"breadcrumb\":{\"@id\":\"https:\\\/\\\/minhducfurniture.com\\\/es\\\/product\\\/las-tumbonas-de-plastico-para-piscina-son-una-opcion-elegante-para-relajarse-al-aire-libre\\\/#breadcrumb\"},\"inLanguage\":\"es\",\"potentialAction\":[{\"@type\":\"ReadAction\",\"target\":[\"https:\\\/\\\/minhducfurniture.com\\\/es\\\/product\\\/las-tumbonas-de-plastico-para-piscina-son-una-opcion-elegante-para-relajarse-al-aire-libre\\\/\"]}]},{\"@type\":\"ImageObject\",\"inLanguage\":\"es\",\"@id\":\"https:\\\/\\\/minhducfurniture.com\\\/es\\\/product\\\/las-tumbonas-de-plastico-para-piscina-son-una-opcion-elegante-para-relajarse-al-aire-libre\\\/#primaryimage\",\"url\":\"https:\\\/\\\/minhducfurniture.com\\\/wp-content\\\/uploads\\\/2025\\\/11\\\/Plastic-Pool-Lounge-Chairs.jpg\",\"contentUrl\":\"https:\\\/\\\/minhducfurniture.com\\\/wp-content\\\/uploads\\\/2025\\\/11\\\/Plastic-Pool-Lounge-Chairs.jpg\",\"width\":600,\"height\":600,\"caption\":\"Tumbonas de pl\u00e1stico para piscinas\"},{\"@type\":\"BreadcrumbList\",\"@id\":\"https:\\\/\\\/minhducfurniture.com\\\/es\\\/product\\\/las-tumbonas-de-plastico-para-piscina-son-una-opcion-elegante-para-relajarse-al-aire-libre\\\/#breadcrumb\",\"itemListElement\":[{\"@type\":\"ListItem\",\"position\":1,\"name\":\"Home\",\"item\":\"https:\\\/\\\/minhducfurniture.com\\\/es\\\/\"},{\"@type\":\"ListItem\",\"position\":2,\"name\":\"Shop\",\"item\":\"https:\\\/\\\/minhducfurniture.com\\\/shop\\\/\"},{\"@type\":\"ListItem\",\"position\":3,\"name\":\"Las tumbonas de pl\u00e1stico para piscina son una opci\u00f3n elegante para relajarse al aire libre\"}]},{\"@type\":\"WebSite\",\"@id\":\"https:\\\/\\\/minhducfurniture.com\\\/es\\\/#website\",\"url\":\"https:\\\/\\\/minhducfurniture.com\\\/es\\\/\",\"name\":\"Minh Duc Furniture\",\"description\":\"Vietnam Furniture Supplier\",\"publisher\":{\"@id\":\"https:\\\/\\\/minhducfurniture.com\\\/es\\\/#organization\"},\"alternateName\":\"Vietnam Online Shop\",\"potentialAction\":[{\"@type\":\"SearchAction\",\"target\":{\"@type\":\"EntryPoint\",\"urlTemplate\":\"https:\\\/\\\/minhducfurniture.com\\\/es\\\/?s={search_term_string}\"},\"query-input\":{\"@type\":\"PropertyValueSpecification\",\"valueRequired\":true,\"valueName\":\"search_term_string\"}}],\"inLanguage\":\"es\"},{\"@type\":\"Organization\",\"@id\":\"https:\\\/\\\/minhducfurniture.com\\\/es\\\/#organization\",\"name\":\"Minh Duc Furniture\",\"alternateName\":\"Vietnam Furniture Export\",\"url\":\"https:\\\/\\\/minhducfurniture.com\\\/es\\\/\",\"logo\":{\"@type\":\"ImageObject\",\"inLanguage\":\"es\",\"@id\":\"https:\\\/\\\/minhducfurniture.com\\\/es\\\/#\\\/schema\\\/logo\\\/image\\\/\",\"url\":\"\",\"contentUrl\":\"\",\"caption\":\"Minh Duc Furniture\"},\"image\":{\"@id\":\"https:\\\/\\\/minhducfurniture.com\\\/es\\\/#\\\/schema\\\/logo\\\/image\\\/\"},\"sameAs\":[\"https:\\\/\\\/www.pinterest.com\\\/hienthaoshop\\\/pins\\\/\"]}]}<\/script>\n<!-- \/ Yoast SEO plugin. -->","yoast_head_json":{"title":"Las tumbonas de pl\u00e1stico para piscina son una opci\u00f3n elegante para relajarse al aire libre - Minh Duc Furniture","description":"Las tumbonas de pl\u00e1stico para piscina son una opci\u00f3n ideal para relajarse junto a la piscina, en complejos tur\u00edsticos, hoteles o en tu propio jard\u00edn. Fabricadas con polipropileno de alta calidad","robots":{"index":"index","follow":"follow","max-snippet":"max-snippet:-1","max-image-preview":"max-image-preview:large","max-video-preview":"max-video-preview:-1"},"canonical":"https:\/\/minhducfurniture.com\/es\/product\/las-tumbonas-de-plastico-para-piscina-son-una-opcion-elegante-para-relajarse-al-aire-libre\/","og_locale":"es_ES","og_type":"article","og_title":"Las tumbonas de pl\u00e1stico para piscina son una opci\u00f3n elegante para relajarse al aire libre - Minh Duc Furniture","og_description":"Las tumbonas de pl\u00e1stico para piscina son una opci\u00f3n ideal para relajarse junto a la piscina, en complejos tur\u00edsticos, hoteles o en tu propio jard\u00edn. Fabricadas con polipropileno de alta calidad","og_url":"https:\/\/minhducfurniture.com\/es\/product\/las-tumbonas-de-plastico-para-piscina-son-una-opcion-elegante-para-relajarse-al-aire-libre\/","og_site_name":"Minh Duc Furniture","article_modified_time":"2026-02-25T07:19:11+00:00","og_image":[{"width":600,"height":600,"url":"https:\/\/minhducfurniture.com\/wp-content\/uploads\/2025\/11\/Plastic-Pool-Lounge-Chairs.jpg","type":"image\/jpeg"}],"twitter_card":"summary_large_image","twitter_misc":{"Tiempo de lectura":"2 minutos"},"schema":{"@context":"https:\/\/schema.org","@graph":[{"@type":"WebPage","@id":"https:\/\/minhducfurniture.com\/es\/product\/las-tumbonas-de-plastico-para-piscina-son-una-opcion-elegante-para-relajarse-al-aire-libre\/","url":"https:\/\/minhducfurniture.com\/es\/product\/las-tumbonas-de-plastico-para-piscina-son-una-opcion-elegante-para-relajarse-al-aire-libre\/","name":"Las tumbonas de pl\u00e1stico para piscina son una opci\u00f3n elegante para relajarse al aire libre - Minh Duc Furniture","isPartOf":{"@id":"https:\/\/minhducfurniture.com\/es\/#website"},"primaryImageOfPage":{"@id":"https:\/\/minhducfurniture.com\/es\/product\/las-tumbonas-de-plastico-para-piscina-son-una-opcion-elegante-para-relajarse-al-aire-libre\/#primaryimage"},"image":{"@id":"https:\/\/minhducfurniture.com\/es\/product\/las-tumbonas-de-plastico-para-piscina-son-una-opcion-elegante-para-relajarse-al-aire-libre\/#primaryimage"},"thumbnailUrl":"https:\/\/minhducfurniture.com\/wp-content\/uploads\/2025\/11\/Plastic-Pool-Lounge-Chairs.jpg","datePublished":"2025-11-05T05:53:52+00:00","dateModified":"2026-02-25T07:19:11+00:00","description":"Las tumbonas de pl\u00e1stico para piscina son una opci\u00f3n ideal para relajarse junto a la piscina, en complejos tur\u00edsticos, hoteles o en tu propio jard\u00edn. Fabricadas con polipropileno de alta calidad","breadcrumb":{"@id":"https:\/\/minhducfurniture.com\/es\/product\/las-tumbonas-de-plastico-para-piscina-son-una-opcion-elegante-para-relajarse-al-aire-libre\/#breadcrumb"},"inLanguage":"es","potentialAction":[{"@type":"ReadAction","target":["https:\/\/minhducfurniture.com\/es\/product\/las-tumbonas-de-plastico-para-piscina-son-una-opcion-elegante-para-relajarse-al-aire-libre\/"]}]},{"@type":"ImageObject","inLanguage":"es","@id":"https:\/\/minhducfurniture.com\/es\/product\/las-tumbonas-de-plastico-para-piscina-son-una-opcion-elegante-para-relajarse-al-aire-libre\/#primaryimage","url":"https:\/\/minhducfurniture.com\/wp-content\/uploads\/2025\/11\/Plastic-Pool-Lounge-Chairs.jpg","contentUrl":"https:\/\/minhducfurniture.com\/wp-content\/uploads\/2025\/11\/Plastic-Pool-Lounge-Chairs.jpg","width":600,"height":600,"caption":"Tumbonas de pl\u00e1stico para piscinas"},{"@type":"BreadcrumbList","@id":"https:\/\/minhducfurniture.com\/es\/product\/las-tumbonas-de-plastico-para-piscina-son-una-opcion-elegante-para-relajarse-al-aire-libre\/#breadcrumb","itemListElement":[{"@type":"ListItem","position":1,"name":"Home","item":"https:\/\/minhducfurniture.com\/es\/"},{"@type":"ListItem","position":2,"name":"Shop","item":"https:\/\/minhducfurniture.com\/shop\/"},{"@type":"ListItem","position":3,"name":"Las tumbonas de pl\u00e1stico para piscina son una opci\u00f3n elegante para relajarse al aire libre"}]},{"@type":"WebSite","@id":"https:\/\/minhducfurniture.com\/es\/#website","url":"https:\/\/minhducfurniture.com\/es\/","name":"Minh Duc Furniture","description":"Vietnam Furniture Supplier","publisher":{"@id":"https:\/\/minhducfurniture.com\/es\/#organization"},"alternateName":"Vietnam Online Shop","potentialAction":[{"@type":"SearchAction","target":{"@type":"EntryPoint","urlTemplate":"https:\/\/minhducfurniture.com\/es\/?s={search_term_string}"},"query-input":{"@type":"PropertyValueSpecification","valueRequired":true,"valueName":"search_term_string"}}],"inLanguage":"es"},{"@type":"Organization","@id":"https:\/\/minhducfurniture.com\/es\/#organization","name":"Minh Duc Furniture","alternateName":"Vietnam Furniture Export","url":"https:\/\/minhducfurniture.com\/es\/","logo":{"@type":"ImageObject","inLanguage":"es","@id":"https:\/\/minhducfurniture.com\/es\/#\/schema\/logo\/image\/","url":"","contentUrl":"","caption":"Minh Duc Furniture"},"image":{"@id":"https:\/\/minhducfurniture.com\/es\/#\/schema\/logo\/image\/"},"sameAs":["https:\/\/www.pinterest.com\/hienthaoshop\/pins\/"]}]}},"_links":{"self":[{"href":"https:\/\/minhducfurniture.com\/es\/wp-json\/wp\/v2\/product\/53886","targetHints":{"allow":["GET"]}}],"collection":[{"href":"https:\/\/minhducfurniture.com\/es\/wp-json\/wp\/v2\/product"}],"about":[{"href":"https:\/\/minhducfurniture.com\/es\/wp-json\/wp\/v2\/types\/product"}],"replies":[{"embeddable":true,"href":"https:\/\/minhducfurniture.com\/es\/wp-json\/wp\/v2\/comments?post=53886"}],"wp:featuredmedia":[{"embeddable":true,"href":"https:\/\/minhducfurniture.com\/es\/wp-json\/wp\/v2\/media\/53885"}],"wp:attachment":[{"href":"https:\/\/minhducfurniture.com\/es\/wp-json\/wp\/v2\/media?parent=53886"}],"wp:term":[{"taxonomy":"product_brand","embeddable":true,"href":"https:\/\/minhducfurniture.com\/es\/wp-json\/wp\/v2\/product_brand?post=53886"},{"taxonomy":"product_cat","embeddable":true,"href":"https:\/\/minhducfurniture.com\/es\/wp-json\/wp\/v2\/product_cat?post=53886"},{"taxonomy":"product_tag","embeddable":true,"href":"https:\/\/minhducfurniture.com\/es\/wp-json\/wp\/v2\/product_tag?post=53886"}],"curies":[{"name":"wp","href":"https:\/\/api.w.org\/{rel}","templated":true}]}}