{"id":53854,"date":"2025-11-04T16:42:31","date_gmt":"2025-11-04T09:42:31","guid":{"rendered":"https:\/\/minhducfurniture.com\/product\/sillas-de-comedor-de-plastico-negro-sillas-de-polipropileno-para-exterior\/"},"modified":"2025-11-04T16:57:24","modified_gmt":"2025-11-04T09:57:24","slug":"sillas-de-comedor-de-plastico-negro-sillas-de-polipropileno-para-exterior","status":"publish","type":"product","link":"https:\/\/minhducfurniture.com\/es\/product\/sillas-de-comedor-de-plastico-negro-sillas-de-polipropileno-para-exterior\/","title":{"rendered":"Sillas de comedor de pl\u00e1stico negro Sillas de polipropileno para exterior"},"content":{"rendered":"<h2>Sillas de comedor de pl\u00e1stico negro de dise\u00f1o moderno<\/h2>\n<p><strong>Las sillas de comedor de pl\u00e1stico negro<\/strong> fabricadas con PP de alta calidad ofrecen una estructura robusta y equilibrada, adecuada tanto para interiores como para exteriores. El dise\u00f1o moderno, combinado con los reposabrazos suavemente curvados, proporciona una experiencia de asiento c\u00f3moda y relajada. Un respaldo moderadamente alto ofrece un apoyo adecuado, manteniendo al mismo tiempo una sensaci\u00f3n ligera y abierta. El elegante color negro es limpio y refinado, y destaca maravillosamente en espacios luminosos o neutros, lo que convierte a la silla en una opci\u00f3n elegante y pr\u00e1ctica para ambientes de vida contempor\u00e1neos.   <\/p>\n<figure id=\"attachment_53850\" aria-describedby=\"caption-attachment-53850\" style=\"width: 800px\" class=\"wp-caption aligncenter\"><img decoding=\"async\" class=\"wp-image-53826 size-full\" src=\"https:\/\/minhducfurniture.com\/wp-content\/uploads\/2025\/11\/Black-plastic-dining-chairs-with-a-table.jpg\" alt=\"Sillas de comedor de pl\u00e1stico negro con mesa\" width=\"800\" height=\"614\" srcset=\"https:\/\/minhducfurniture.com\/wp-content\/uploads\/2025\/11\/Black-plastic-dining-chairs-with-a-table.jpg 800w, https:\/\/minhducfurniture.com\/wp-content\/uploads\/2025\/11\/Black-plastic-dining-chairs-with-a-table-521x400.jpg 521w, https:\/\/minhducfurniture.com\/wp-content\/uploads\/2025\/11\/Black-plastic-dining-chairs-with-a-table-768x589.jpg 768w, https:\/\/minhducfurniture.com\/wp-content\/uploads\/2025\/11\/Black-plastic-dining-chairs-with-a-table-510x391.jpg 510w\" sizes=\"(max-width: 800px) 100vw, 800px\" \/><figcaption id=\"caption-attachment-53850\" class=\"wp-caption-text\">Sillas de comedor de pl\u00e1stico negro con mesa<\/figcaption><\/figure>\n<h3>Descripci\u00f3n del producto<\/h3>\n<ul>\n<li>C\u00f3digo del producto: MDS-3062<\/li>\n<li>Tama\u00f1o de la silla: A530mm x SH460mm x A800mm<\/li>\n<li>100% pl\u00e1stico PP con revestimiento anti UV.<\/li>\n<li>Peso de carga: 120kg\/ 264,5lbs<\/li>\n<li>Origen del producto: Vietnam<\/li>\n<\/ul>\n<figure id=\"attachment_53851\" aria-describedby=\"caption-attachment-53851\" style=\"width: 800px\" class=\"wp-caption aligncenter\"><img decoding=\"async\" class=\"wp-image-53827\" src=\"https:\/\/minhducfurniture.com\/wp-content\/uploads\/2025\/11\/Plastic-dining-chair-in-various-colour-options.jpg\" alt=\"Silla de comedor de pl\u00e1stico en varios colores\" width=\"800\" height=\"625\" srcset=\"https:\/\/minhducfurniture.com\/wp-content\/uploads\/2025\/11\/Plastic-dining-chair-in-various-colour-options.jpg 850w, https:\/\/minhducfurniture.com\/wp-content\/uploads\/2025\/11\/Plastic-dining-chair-in-various-colour-options-512x400.jpg 512w, https:\/\/minhducfurniture.com\/wp-content\/uploads\/2025\/11\/Plastic-dining-chair-in-various-colour-options-768x600.jpg 768w, https:\/\/minhducfurniture.com\/wp-content\/uploads\/2025\/11\/Plastic-dining-chair-in-various-colour-options-510x398.jpg 510w\" sizes=\"(max-width: 800px) 100vw, 800px\" \/><figcaption id=\"caption-attachment-53851\" class=\"wp-caption-text\">Silla de comedor de pl\u00e1stico en varios colores<\/figcaption><\/figure>\n<h4>Informaci\u00f3n para pedidos<\/h4>\n<ul>\n<li>Cantidad m\u00ednima de pedido (MOQ): 50 unidades<\/li>\n<li>Plazo de entrega: 30-35 d\u00edas despu\u00e9s del dep\u00f3sito<\/li>\n<li>Plazo de entrega: FOB puerto de Hai Phong, Vietnam<\/li>\n<li>Condiciones de pago: T\/T 30% de dep\u00f3sito, 70% de saldo antes del env\u00edo<\/li>\n<li>Si tienes tu propio dise\u00f1o personalizado y necesitas producci\u00f3n en serie, ponte en contacto con nosotros para obtener m\u00e1s ayuda.<\/li>\n<\/ul>\n<figure id=\"attachment_53852\" aria-describedby=\"caption-attachment-53852\" style=\"width: 800px\" class=\"wp-caption aligncenter\"><img decoding=\"async\" class=\"wp-image-53831 size-full\" src=\"https:\/\/minhducfurniture.com\/wp-content\/uploads\/2025\/11\/Plastic-dining-chair-with-a-soft-seat-cushion.jpg\" alt=\"Silla de comedor de pl\u00e1stico con coj\u00edn blando\" width=\"800\" height=\"533\" srcset=\"https:\/\/minhducfurniture.com\/wp-content\/uploads\/2025\/11\/Plastic-dining-chair-with-a-soft-seat-cushion.jpg 800w, https:\/\/minhducfurniture.com\/wp-content\/uploads\/2025\/11\/Plastic-dining-chair-with-a-soft-seat-cushion-600x400.jpg 600w, https:\/\/minhducfurniture.com\/wp-content\/uploads\/2025\/11\/Plastic-dining-chair-with-a-soft-seat-cushion-768x512.jpg 768w, https:\/\/minhducfurniture.com\/wp-content\/uploads\/2025\/11\/Plastic-dining-chair-with-a-soft-seat-cushion-510x340.jpg 510w\" sizes=\"(max-width: 800px) 100vw, 800px\" \/><figcaption id=\"caption-attachment-53852\" class=\"wp-caption-text\">Silla de comedor de pl\u00e1stico con coj\u00edn blando<\/figcaption><\/figure>\n<h4>Informaci\u00f3n de contacto<\/h4>\n<ul>\n<li><a href=\"https:\/\/minhducfurniture.com\/es\/\">Minh Duc Public Furniture Co.<\/a><\/li>\n<li><span style=\"color: #555555\">Direcci\u00f3n: Villa H02-L11 An Phu, Duong Noi, Ha Dong, Hanoi, Vietnam<\/span><\/li>\n<li><span style=\"color: #555555\">Tel\u00e9fono\/WhatsApp\/Zalo: +84 908 314 939<\/span><\/li>\n<\/ul>\n<h4>M\u00e1s de nuestras colecciones<\/h4>\n<ul>\n<li><span style=\"color: #008080\"><a style=\"color: #008080\" href=\"https:\/\/minhducfurniture.com\/es\/product\/sillon-tapizado-pequeno-estructura-metalica-sillon-moderno\/\">Sill\u00f3n tapizado peque\u00f1o estructura met\u00e1lica sill\u00f3n moderno<\/a><\/span><\/li>\n<li><span style=\"color: #008080\"><a style=\"color: #008080\" href=\"https:\/\/minhducfurniture.com\/es\/fabricar-muebles-en-vietnam-china-y-el-sudeste-asiatico\/\">Fabricar muebles en Vietnam, China y el Sudeste Asi\u00e1tico<\/a><\/span><\/li>\n<\/ul>\n<div class=\"social-icons share-icons share-row relative\" ><a href=\"whatsapp:\/\/send?text=Sillas%20de%20comedor%20de%20pl%C3%A1stico%20negro%20Sillas%20de%20polipropileno%20para%20exterior - https:\/\/minhducfurniture.com\/es\/product\/sillas-de-comedor-de-plastico-negro-sillas-de-polipropileno-para-exterior\/\" data-action=\"share\/whatsapp\/share\" class=\"icon primary button round tooltip whatsapp show-for-medium\" title=\"Compartir en WhatsApp\" aria-label=\"Compartir en WhatsApp\"><i class=\"icon-whatsapp\" aria-hidden=\"true\"><\/i><\/a><a href=\"https:\/\/www.facebook.com\/sharer.php?u=https:\/\/minhducfurniture.com\/es\/product\/sillas-de-comedor-de-plastico-negro-sillas-de-polipropileno-para-exterior\/\" data-label=\"Facebook\" onclick=\"window.open(this.href,this.title,'width=500,height=500,top=300px,left=300px'); return false;\" target=\"_blank\" class=\"icon primary button round tooltip facebook\" title=\"Compartir en Facebook\" aria-label=\"Compartir en Facebook\" rel=\"noopener nofollow\"><i class=\"icon-facebook\" aria-hidden=\"true\"><\/i><\/a><a href=\"https:\/\/twitter.com\/share?url=https:\/\/minhducfurniture.com\/es\/product\/sillas-de-comedor-de-plastico-negro-sillas-de-polipropileno-para-exterior\/\" onclick=\"window.open(this.href,this.title,'width=500,height=500,top=300px,left=300px'); return false;\" target=\"_blank\" class=\"icon primary button round tooltip twitter\" title=\"Compartir en Twitter\" aria-label=\"Compartir en Twitter\" rel=\"noopener nofollow\"><i class=\"icon-twitter\" aria-hidden=\"true\"><\/i><\/a><a href=\"mailto:?subject=Sillas%20de%20comedor%20de%20pl%C3%A1stico%20negro%20Sillas%20de%20polipropileno%20para%20exterior&body=Check%20this%20out%3A%20https%3A%2F%2Fminhducfurniture.com%2Fes%2Fproduct%2Fsillas-de-comedor-de-plastico-negro-sillas-de-polipropileno-para-exterior%2F\" class=\"icon primary button round tooltip email\" title=\"Env\u00eda por email\" aria-label=\"Env\u00eda por email\" rel=\"nofollow\"><i class=\"icon-envelop\" aria-hidden=\"true\"><\/i><\/a><a href=\"https:\/\/pinterest.com\/pin\/create\/button?url=https:\/\/minhducfurniture.com\/es\/product\/sillas-de-comedor-de-plastico-negro-sillas-de-polipropileno-para-exterior\/&media=https:\/\/minhducfurniture.com\/wp-content\/uploads\/2025\/11\/Black-plastic-dining-chairs-800x800.jpg&description=Sillas%20de%20comedor%20de%20pl%C3%A1stico%20negro%20Sillas%20de%20polipropileno%20para%20exterior\" onclick=\"window.open(this.href,this.title,'width=500,height=500,top=300px,left=300px'); return false;\" target=\"_blank\" class=\"icon primary button round tooltip pinterest\" title=\"Pinear en Pinterest\" aria-label=\"Pinear en Pinterest\" rel=\"noopener nofollow\"><i class=\"icon-pinterest\" aria-hidden=\"true\"><\/i><\/a><a href=\"https:\/\/www.linkedin.com\/shareArticle?mini=true&url=https:\/\/minhducfurniture.com\/es\/product\/sillas-de-comedor-de-plastico-negro-sillas-de-polipropileno-para-exterior\/&title=Sillas%20de%20comedor%20de%20pl%C3%A1stico%20negro%20Sillas%20de%20polipropileno%20para%20exterior\" onclick=\"window.open(this.href,this.title,'width=500,height=500,top=300px,left=300px'); return false;\" target=\"_blank\" class=\"icon primary button round tooltip linkedin\" title=\"Compartir en LinkedIn\" aria-label=\"Compartir en LinkedIn\" rel=\"noopener nofollow\"><i class=\"icon-linkedin\" aria-hidden=\"true\"><\/i><\/a><\/div>\n","protected":false},"excerpt":{"rendered":"<ul>\n<li>C\u00f3digo del producto: MDS-3062<\/li>\n<li>Tama\u00f1o de la silla: A530mm x SH460mm x A800mm<\/li>\n<li>100% pl\u00e1stico PP con revestimiento anti UV.<\/li>\n<li>Peso de carga: 120kg\/ 264,5lbs<\/li>\n<li>Origen del producto: Vietnam<\/li>\n<li>L\u00ednea directa\/ WhatsApp:+84908314939<\/li>\n<\/ul>\n","protected":false},"featured_media":53853,"comment_status":"open","ping_status":"closed","template":"","meta":[],"product_brand":[],"product_cat":[13066],"product_tag":[13067],"class_list":{"0":"post-53854","1":"product","2":"type-product","3":"status-publish","4":"has-post-thumbnail","6":"product_cat-sillas-de-plastico","7":"product_tag-sillas-de-exterior","9":"first","10":"instock","11":"shipping-taxable","12":"product-type-simple"},"yoast_head":"<!-- This site is optimized with the Yoast SEO plugin v27.4 - https:\/\/yoast.com\/product\/yoast-seo-wordpress\/ -->\n<title>Sillas de comedor de pl\u00e1stico negro Sillas de polipropileno para exterior - Minh Duc Furniture<\/title>\n<meta name=\"description\" content=\"Las sillas de comedor de pl\u00e1stico negro fabricadas con PP de alta calidad ofrecen una estructura robusta y equilibrada, apta tanto para interiores como para exteriores.\" \/>\n<meta name=\"robots\" content=\"index, follow, max-snippet:-1, max-image-preview:large, max-video-preview:-1\" \/>\n<link rel=\"canonical\" href=\"https:\/\/minhducfurniture.com\/es\/product\/sillas-de-comedor-de-plastico-negro-sillas-de-polipropileno-para-exterior\/\" \/>\n<meta property=\"og:locale\" content=\"es_ES\" \/>\n<meta property=\"og:type\" content=\"article\" \/>\n<meta property=\"og:title\" content=\"Sillas de comedor de pl\u00e1stico negro Sillas de polipropileno para exterior - Minh Duc Furniture\" \/>\n<meta property=\"og:description\" content=\"Las sillas de comedor de pl\u00e1stico negro fabricadas con PP de alta calidad ofrecen una estructura robusta y equilibrada, apta tanto para interiores como para exteriores.\" \/>\n<meta property=\"og:url\" content=\"https:\/\/minhducfurniture.com\/es\/product\/sillas-de-comedor-de-plastico-negro-sillas-de-polipropileno-para-exterior\/\" \/>\n<meta property=\"og:site_name\" content=\"Minh Duc Furniture\" \/>\n<meta property=\"article:modified_time\" content=\"2025-11-04T09:57:24+00:00\" \/>\n<meta property=\"og:image\" content=\"https:\/\/minhducfurniture.com\/wp-content\/uploads\/2025\/11\/Black-plastic-dining-chairs.jpg\" \/>\n\t<meta property=\"og:image:width\" content=\"850\" \/>\n\t<meta property=\"og:image:height\" content=\"850\" \/>\n\t<meta property=\"og:image:type\" content=\"image\/jpeg\" \/>\n<meta name=\"twitter:card\" content=\"summary_large_image\" \/>\n<meta name=\"twitter:label1\" content=\"Tiempo de lectura\" \/>\n\t<meta name=\"twitter:data1\" content=\"2 minutos\" \/>\n<script type=\"application\/ld+json\" class=\"yoast-schema-graph\">{\"@context\":\"https:\\\/\\\/schema.org\",\"@graph\":[{\"@type\":\"WebPage\",\"@id\":\"https:\\\/\\\/minhducfurniture.com\\\/es\\\/product\\\/sillas-de-comedor-de-plastico-negro-sillas-de-polipropileno-para-exterior\\\/\",\"url\":\"https:\\\/\\\/minhducfurniture.com\\\/es\\\/product\\\/sillas-de-comedor-de-plastico-negro-sillas-de-polipropileno-para-exterior\\\/\",\"name\":\"Sillas de comedor de pl\u00e1stico negro Sillas de polipropileno para exterior - Minh Duc Furniture\",\"isPartOf\":{\"@id\":\"https:\\\/\\\/minhducfurniture.com\\\/es\\\/#website\"},\"primaryImageOfPage\":{\"@id\":\"https:\\\/\\\/minhducfurniture.com\\\/es\\\/product\\\/sillas-de-comedor-de-plastico-negro-sillas-de-polipropileno-para-exterior\\\/#primaryimage\"},\"image\":{\"@id\":\"https:\\\/\\\/minhducfurniture.com\\\/es\\\/product\\\/sillas-de-comedor-de-plastico-negro-sillas-de-polipropileno-para-exterior\\\/#primaryimage\"},\"thumbnailUrl\":\"https:\\\/\\\/minhducfurniture.com\\\/wp-content\\\/uploads\\\/2025\\\/11\\\/Black-plastic-dining-chairs.jpg\",\"datePublished\":\"2025-11-04T09:42:31+00:00\",\"dateModified\":\"2025-11-04T09:57:24+00:00\",\"description\":\"Las sillas de comedor de pl\u00e1stico negro fabricadas con PP de alta calidad ofrecen una estructura robusta y equilibrada, apta tanto para interiores como para exteriores.\",\"breadcrumb\":{\"@id\":\"https:\\\/\\\/minhducfurniture.com\\\/es\\\/product\\\/sillas-de-comedor-de-plastico-negro-sillas-de-polipropileno-para-exterior\\\/#breadcrumb\"},\"inLanguage\":\"es\",\"potentialAction\":[{\"@type\":\"ReadAction\",\"target\":[\"https:\\\/\\\/minhducfurniture.com\\\/es\\\/product\\\/sillas-de-comedor-de-plastico-negro-sillas-de-polipropileno-para-exterior\\\/\"]}]},{\"@type\":\"ImageObject\",\"inLanguage\":\"es\",\"@id\":\"https:\\\/\\\/minhducfurniture.com\\\/es\\\/product\\\/sillas-de-comedor-de-plastico-negro-sillas-de-polipropileno-para-exterior\\\/#primaryimage\",\"url\":\"https:\\\/\\\/minhducfurniture.com\\\/wp-content\\\/uploads\\\/2025\\\/11\\\/Black-plastic-dining-chairs.jpg\",\"contentUrl\":\"https:\\\/\\\/minhducfurniture.com\\\/wp-content\\\/uploads\\\/2025\\\/11\\\/Black-plastic-dining-chairs.jpg\",\"width\":850,\"height\":850,\"caption\":\"Sillas de comedor de pl\u00e1stico negro\"},{\"@type\":\"BreadcrumbList\",\"@id\":\"https:\\\/\\\/minhducfurniture.com\\\/es\\\/product\\\/sillas-de-comedor-de-plastico-negro-sillas-de-polipropileno-para-exterior\\\/#breadcrumb\",\"itemListElement\":[{\"@type\":\"ListItem\",\"position\":1,\"name\":\"Home\",\"item\":\"https:\\\/\\\/minhducfurniture.com\\\/es\\\/\"},{\"@type\":\"ListItem\",\"position\":2,\"name\":\"Shop\",\"item\":\"https:\\\/\\\/minhducfurniture.com\\\/shop\\\/\"},{\"@type\":\"ListItem\",\"position\":3,\"name\":\"Sillas de comedor de pl\u00e1stico negro Sillas de polipropileno para exterior\"}]},{\"@type\":\"WebSite\",\"@id\":\"https:\\\/\\\/minhducfurniture.com\\\/es\\\/#website\",\"url\":\"https:\\\/\\\/minhducfurniture.com\\\/es\\\/\",\"name\":\"Minh Duc Furniture\",\"description\":\"Vietnam Furniture Supplier\",\"publisher\":{\"@id\":\"https:\\\/\\\/minhducfurniture.com\\\/es\\\/#organization\"},\"alternateName\":\"Vietnam Online Shop\",\"potentialAction\":[{\"@type\":\"SearchAction\",\"target\":{\"@type\":\"EntryPoint\",\"urlTemplate\":\"https:\\\/\\\/minhducfurniture.com\\\/es\\\/?s={search_term_string}\"},\"query-input\":{\"@type\":\"PropertyValueSpecification\",\"valueRequired\":true,\"valueName\":\"search_term_string\"}}],\"inLanguage\":\"es\"},{\"@type\":\"Organization\",\"@id\":\"https:\\\/\\\/minhducfurniture.com\\\/es\\\/#organization\",\"name\":\"Minh Duc Furniture\",\"alternateName\":\"Vietnam Furniture Export\",\"url\":\"https:\\\/\\\/minhducfurniture.com\\\/es\\\/\",\"logo\":{\"@type\":\"ImageObject\",\"inLanguage\":\"es\",\"@id\":\"https:\\\/\\\/minhducfurniture.com\\\/es\\\/#\\\/schema\\\/logo\\\/image\\\/\",\"url\":\"\",\"contentUrl\":\"\",\"caption\":\"Minh Duc Furniture\"},\"image\":{\"@id\":\"https:\\\/\\\/minhducfurniture.com\\\/es\\\/#\\\/schema\\\/logo\\\/image\\\/\"},\"sameAs\":[\"https:\\\/\\\/www.pinterest.com\\\/hienthaoshop\\\/pins\\\/\"]}]}<\/script>\n<!-- \/ Yoast SEO plugin. -->","yoast_head_json":{"title":"Sillas de comedor de pl\u00e1stico negro Sillas de polipropileno para exterior - Minh Duc Furniture","description":"Las sillas de comedor de pl\u00e1stico negro fabricadas con PP de alta calidad ofrecen una estructura robusta y equilibrada, apta tanto para interiores como para exteriores.","robots":{"index":"index","follow":"follow","max-snippet":"max-snippet:-1","max-image-preview":"max-image-preview:large","max-video-preview":"max-video-preview:-1"},"canonical":"https:\/\/minhducfurniture.com\/es\/product\/sillas-de-comedor-de-plastico-negro-sillas-de-polipropileno-para-exterior\/","og_locale":"es_ES","og_type":"article","og_title":"Sillas de comedor de pl\u00e1stico negro Sillas de polipropileno para exterior - Minh Duc Furniture","og_description":"Las sillas de comedor de pl\u00e1stico negro fabricadas con PP de alta calidad ofrecen una estructura robusta y equilibrada, apta tanto para interiores como para exteriores.","og_url":"https:\/\/minhducfurniture.com\/es\/product\/sillas-de-comedor-de-plastico-negro-sillas-de-polipropileno-para-exterior\/","og_site_name":"Minh Duc Furniture","article_modified_time":"2025-11-04T09:57:24+00:00","og_image":[{"width":850,"height":850,"url":"https:\/\/minhducfurniture.com\/wp-content\/uploads\/2025\/11\/Black-plastic-dining-chairs.jpg","type":"image\/jpeg"}],"twitter_card":"summary_large_image","twitter_misc":{"Tiempo de lectura":"2 minutos"},"schema":{"@context":"https:\/\/schema.org","@graph":[{"@type":"WebPage","@id":"https:\/\/minhducfurniture.com\/es\/product\/sillas-de-comedor-de-plastico-negro-sillas-de-polipropileno-para-exterior\/","url":"https:\/\/minhducfurniture.com\/es\/product\/sillas-de-comedor-de-plastico-negro-sillas-de-polipropileno-para-exterior\/","name":"Sillas de comedor de pl\u00e1stico negro Sillas de polipropileno para exterior - Minh Duc Furniture","isPartOf":{"@id":"https:\/\/minhducfurniture.com\/es\/#website"},"primaryImageOfPage":{"@id":"https:\/\/minhducfurniture.com\/es\/product\/sillas-de-comedor-de-plastico-negro-sillas-de-polipropileno-para-exterior\/#primaryimage"},"image":{"@id":"https:\/\/minhducfurniture.com\/es\/product\/sillas-de-comedor-de-plastico-negro-sillas-de-polipropileno-para-exterior\/#primaryimage"},"thumbnailUrl":"https:\/\/minhducfurniture.com\/wp-content\/uploads\/2025\/11\/Black-plastic-dining-chairs.jpg","datePublished":"2025-11-04T09:42:31+00:00","dateModified":"2025-11-04T09:57:24+00:00","description":"Las sillas de comedor de pl\u00e1stico negro fabricadas con PP de alta calidad ofrecen una estructura robusta y equilibrada, apta tanto para interiores como para exteriores.","breadcrumb":{"@id":"https:\/\/minhducfurniture.com\/es\/product\/sillas-de-comedor-de-plastico-negro-sillas-de-polipropileno-para-exterior\/#breadcrumb"},"inLanguage":"es","potentialAction":[{"@type":"ReadAction","target":["https:\/\/minhducfurniture.com\/es\/product\/sillas-de-comedor-de-plastico-negro-sillas-de-polipropileno-para-exterior\/"]}]},{"@type":"ImageObject","inLanguage":"es","@id":"https:\/\/minhducfurniture.com\/es\/product\/sillas-de-comedor-de-plastico-negro-sillas-de-polipropileno-para-exterior\/#primaryimage","url":"https:\/\/minhducfurniture.com\/wp-content\/uploads\/2025\/11\/Black-plastic-dining-chairs.jpg","contentUrl":"https:\/\/minhducfurniture.com\/wp-content\/uploads\/2025\/11\/Black-plastic-dining-chairs.jpg","width":850,"height":850,"caption":"Sillas de comedor de pl\u00e1stico negro"},{"@type":"BreadcrumbList","@id":"https:\/\/minhducfurniture.com\/es\/product\/sillas-de-comedor-de-plastico-negro-sillas-de-polipropileno-para-exterior\/#breadcrumb","itemListElement":[{"@type":"ListItem","position":1,"name":"Home","item":"https:\/\/minhducfurniture.com\/es\/"},{"@type":"ListItem","position":2,"name":"Shop","item":"https:\/\/minhducfurniture.com\/shop\/"},{"@type":"ListItem","position":3,"name":"Sillas de comedor de pl\u00e1stico negro Sillas de polipropileno para exterior"}]},{"@type":"WebSite","@id":"https:\/\/minhducfurniture.com\/es\/#website","url":"https:\/\/minhducfurniture.com\/es\/","name":"Minh Duc Furniture","description":"Vietnam Furniture Supplier","publisher":{"@id":"https:\/\/minhducfurniture.com\/es\/#organization"},"alternateName":"Vietnam Online Shop","potentialAction":[{"@type":"SearchAction","target":{"@type":"EntryPoint","urlTemplate":"https:\/\/minhducfurniture.com\/es\/?s={search_term_string}"},"query-input":{"@type":"PropertyValueSpecification","valueRequired":true,"valueName":"search_term_string"}}],"inLanguage":"es"},{"@type":"Organization","@id":"https:\/\/minhducfurniture.com\/es\/#organization","name":"Minh Duc Furniture","alternateName":"Vietnam Furniture Export","url":"https:\/\/minhducfurniture.com\/es\/","logo":{"@type":"ImageObject","inLanguage":"es","@id":"https:\/\/minhducfurniture.com\/es\/#\/schema\/logo\/image\/","url":"","contentUrl":"","caption":"Minh Duc Furniture"},"image":{"@id":"https:\/\/minhducfurniture.com\/es\/#\/schema\/logo\/image\/"},"sameAs":["https:\/\/www.pinterest.com\/hienthaoshop\/pins\/"]}]}},"_links":{"self":[{"href":"https:\/\/minhducfurniture.com\/es\/wp-json\/wp\/v2\/product\/53854","targetHints":{"allow":["GET"]}}],"collection":[{"href":"https:\/\/minhducfurniture.com\/es\/wp-json\/wp\/v2\/product"}],"about":[{"href":"https:\/\/minhducfurniture.com\/es\/wp-json\/wp\/v2\/types\/product"}],"replies":[{"embeddable":true,"href":"https:\/\/minhducfurniture.com\/es\/wp-json\/wp\/v2\/comments?post=53854"}],"wp:featuredmedia":[{"embeddable":true,"href":"https:\/\/minhducfurniture.com\/es\/wp-json\/wp\/v2\/media\/53853"}],"wp:attachment":[{"href":"https:\/\/minhducfurniture.com\/es\/wp-json\/wp\/v2\/media?parent=53854"}],"wp:term":[{"taxonomy":"product_brand","embeddable":true,"href":"https:\/\/minhducfurniture.com\/es\/wp-json\/wp\/v2\/product_brand?post=53854"},{"taxonomy":"product_cat","embeddable":true,"href":"https:\/\/minhducfurniture.com\/es\/wp-json\/wp\/v2\/product_cat?post=53854"},{"taxonomy":"product_tag","embeddable":true,"href":"https:\/\/minhducfurniture.com\/es\/wp-json\/wp\/v2\/product_tag?post=53854"}],"curies":[{"name":"wp","href":"https:\/\/api.w.org\/{rel}","templated":true}]}}