{"id":53134,"date":"2025-09-14T12:56:46","date_gmt":"2025-09-14T05:56:46","guid":{"rendered":"https:\/\/minhducfurniture.com\/product\/bancos-de-exterior-en-venta-banco-de-madera-metalico\/"},"modified":"2025-09-20T14:35:12","modified_gmt":"2025-09-20T07:35:12","slug":"bancos-de-exterior-en-venta-banco-de-madera-metalico","status":"publish","type":"product","link":"https:\/\/minhducfurniture.com\/es\/product\/bancos-de-exterior-en-venta-banco-de-madera-metalico\/","title":{"rendered":"Bancos de exterior en venta banco de madera met\u00e1lico"},"content":{"rendered":"<h2><span style=\"font-size: 90%;\">Bancos de exterior en venta MDE-010W, Duraderos, Elegantes y C\u00f3modos<\/span><\/h2>\n<p>Aporta comodidad y elegancia a tu espacio exterior con nuestro <strong>Banco de exterior en venta<\/strong> MDE-010I de primera calidad. Fabricado con un robusto armaz\u00f3n de acero con recubrimiento en polvo combinado con madera resistente a la intemperie, este banco est\u00e1 dise\u00f1ado para soportar el sol, la lluvia y el uso diario, manteniendo su belleza intemporal. <\/p>\n<p>Con un dise\u00f1o elegante y moderno, encaja perfectamente en jardines, patios, parques o cualquier zona p\u00fablica, ofreciendo funcionalidad y estilo. El asiento ergon\u00f3mico garantiza una c\u00f3moda relajaci\u00f3n, por lo que es una opci\u00f3n ideal para reuniones familiares, zonas comunitarias o momentos tranquilos en la naturaleza. <\/p>\n<figure id=\"attachment_52643\" aria-describedby=\"caption-attachment-52643\" style=\"width: 850px\" class=\"wp-caption aligncenter\"><img decoding=\"async\" class=\"wp-image-52643 size-full\" src=\"https:\/\/minhducfurniture.com\/wp-content\/uploads\/2025\/08\/Outdoor-Garden-Bench-made-in-Vietnam-by-Minh-Duc.jpg\" alt=\"Banco de jard\u00edn exterior fabricado en Vietnam por Minh Duc\" width=\"850\" height=\"644\" srcset=\"https:\/\/minhducfurniture.com\/wp-content\/uploads\/2025\/08\/Outdoor-Garden-Bench-made-in-Vietnam-by-Minh-Duc.jpg 850w, https:\/\/minhducfurniture.com\/wp-content\/uploads\/2025\/08\/Outdoor-Garden-Bench-made-in-Vietnam-by-Minh-Duc-510x386.jpg 510w, https:\/\/minhducfurniture.com\/wp-content\/uploads\/2025\/08\/Outdoor-Garden-Bench-made-in-Vietnam-by-Minh-Duc-528x400.jpg 528w, https:\/\/minhducfurniture.com\/wp-content\/uploads\/2025\/08\/Outdoor-Garden-Bench-made-in-Vietnam-by-Minh-Duc-768x582.jpg 768w\" sizes=\"(max-width: 850px) 100vw, 850px\" \/><figcaption id=\"caption-attachment-52643\" class=\"wp-caption-text\">Banco de jard\u00edn exterior fabricado en Vietnam por Minh Duc<\/figcaption><\/figure>\n<h3>Descripci\u00f3n del producto<\/h3>\n<ul>\n<li>C\u00f3digo del producto: MDE-010W<\/li>\n<li>Tama\u00f1o de la silla: Alto 945 mm x Ancho 1160 mm \/ 45,67 x 37,24 pulgadas<\/li>\n<li>Material: Armaz\u00f3n de acero con recubrimiento de polvo, combinado con madera de acacia natural<\/li>\n<li>Peso neto: 15,2kg\/ 33,5lbs<\/li>\n<li>Peso bruto: 16kg\/ 35.3lbs<\/li>\n<li>Peso de carga: 220 kg<\/li>\n<li>Origen del producto: Vietnam<\/li>\n<\/ul>\n<figure id=\"attachment_53137\" aria-describedby=\"caption-attachment-53137\" style=\"width: 850px\" class=\"wp-caption aligncenter\"><img decoding=\"async\" class=\"size-full wp-image-52951\" src=\"https:\/\/minhducfurniture.com\/wp-content\/uploads\/2025\/09\/The-actual-product-at-our-factory.jpg\" alt=\"El producto real en nuestra f\u00e1brica\" width=\"850\" height=\"663\" srcset=\"https:\/\/minhducfurniture.com\/wp-content\/uploads\/2025\/09\/The-actual-product-at-our-factory.jpg 850w, https:\/\/minhducfurniture.com\/wp-content\/uploads\/2025\/09\/The-actual-product-at-our-factory-510x398.jpg 510w, https:\/\/minhducfurniture.com\/wp-content\/uploads\/2025\/09\/The-actual-product-at-our-factory-513x400.jpg 513w, https:\/\/minhducfurniture.com\/wp-content\/uploads\/2025\/09\/The-actual-product-at-our-factory-768x599.jpg 768w\" sizes=\"(max-width: 850px) 100vw, 850px\" \/><figcaption id=\"caption-attachment-53137\" class=\"wp-caption-text\">El producto real en nuestra f\u00e1brica<\/figcaption><\/figure>\n<h4>Informaci\u00f3n para pedidos<\/h4>\n<ul>\n<li>Cantidad m\u00ednima de pedido (MOQ): 50 unidades<\/li>\n<li>Plazo de entrega: 30-35 d\u00edas despu\u00e9s del dep\u00f3sito<\/li>\n<li>Plazo de entrega: FOB Hai Phong, Vietnam<\/li>\n<li>Condiciones de pago: T\/T 30% de dep\u00f3sito, 70% de saldo antes del env\u00edo<\/li>\n<\/ul>\n<figure id=\"attachment_53136\" aria-describedby=\"caption-attachment-53136\" style=\"width: 850px\" class=\"wp-caption aligncenter\"><img decoding=\"async\" class=\"wp-image-52947 size-full\" src=\"https:\/\/minhducfurniture.com\/wp-content\/uploads\/2025\/09\/Product-placed-outdoors-for-testing.jpg\" alt=\"Producto colocado en el exterior para su comprobaci\u00f3n\" width=\"850\" height=\"532\" srcset=\"https:\/\/minhducfurniture.com\/wp-content\/uploads\/2025\/09\/Product-placed-outdoors-for-testing.jpg 850w, https:\/\/minhducfurniture.com\/wp-content\/uploads\/2025\/09\/Product-placed-outdoors-for-testing-510x319.jpg 510w, https:\/\/minhducfurniture.com\/wp-content\/uploads\/2025\/09\/Product-placed-outdoors-for-testing-639x400.jpg 639w, https:\/\/minhducfurniture.com\/wp-content\/uploads\/2025\/09\/Product-placed-outdoors-for-testing-768x481.jpg 768w\" sizes=\"(max-width: 850px) 100vw, 850px\" \/><figcaption id=\"caption-attachment-53136\" class=\"wp-caption-text\">Producto colocado en el exterior para su comprobaci\u00f3n<\/figcaption><\/figure>\n<h4>Informaci\u00f3n de contacto<\/h4>\n<ul>\n<li><a href=\"https:\/\/minhducfurniture.com\/es\/\">Minh Duc Public Furniture Co.<\/a><\/li>\n<li>Direcci\u00f3n: Villa H02-L11 An Phu, Duong Noi, Ha Dong, Hanoi, Vietnam<\/li>\n<li>Tel\u00e9fono\/WhatsApp\/Zalo: +84 908 314 939<\/li>\n<\/ul>\n<h4>M\u00e1s de nuestra colecci\u00f3n<\/h4>\n<div class=\"social-icons share-icons share-row relative\" ><a href=\"whatsapp:\/\/send?text=Bancos%20de%20exterior%20en%20venta%20banco%20de%20madera%20met%C3%A1lico - https:\/\/minhducfurniture.com\/es\/product\/bancos-de-exterior-en-venta-banco-de-madera-metalico\/\" data-action=\"share\/whatsapp\/share\" class=\"icon primary button round tooltip whatsapp show-for-medium\" title=\"Compartir en WhatsApp\" aria-label=\"Compartir en WhatsApp\"><i class=\"icon-whatsapp\" aria-hidden=\"true\"><\/i><\/a><a href=\"https:\/\/www.facebook.com\/sharer.php?u=https:\/\/minhducfurniture.com\/es\/product\/bancos-de-exterior-en-venta-banco-de-madera-metalico\/\" data-label=\"Facebook\" onclick=\"window.open(this.href,this.title,'width=500,height=500,top=300px,left=300px'); return false;\" target=\"_blank\" class=\"icon primary button round tooltip facebook\" title=\"Compartir en Facebook\" aria-label=\"Compartir en Facebook\" rel=\"noopener nofollow\"><i class=\"icon-facebook\" aria-hidden=\"true\"><\/i><\/a><a href=\"https:\/\/twitter.com\/share?url=https:\/\/minhducfurniture.com\/es\/product\/bancos-de-exterior-en-venta-banco-de-madera-metalico\/\" onclick=\"window.open(this.href,this.title,'width=500,height=500,top=300px,left=300px'); return false;\" target=\"_blank\" class=\"icon primary button round tooltip twitter\" title=\"Compartir en Twitter\" aria-label=\"Compartir en Twitter\" rel=\"noopener nofollow\"><i class=\"icon-twitter\" aria-hidden=\"true\"><\/i><\/a><a href=\"mailto:?subject=Bancos%20de%20exterior%20en%20venta%20banco%20de%20madera%20met%C3%A1lico&body=Check%20this%20out%3A%20https%3A%2F%2Fminhducfurniture.com%2Fes%2Fproduct%2Fbancos-de-exterior-en-venta-banco-de-madera-metalico%2F\" class=\"icon primary button round tooltip email\" title=\"Env\u00eda por email\" aria-label=\"Env\u00eda por email\" rel=\"nofollow\"><i class=\"icon-envelop\" aria-hidden=\"true\"><\/i><\/a><a href=\"https:\/\/pinterest.com\/pin\/create\/button?url=https:\/\/minhducfurniture.com\/es\/product\/bancos-de-exterior-en-venta-banco-de-madera-metalico\/&media=https:\/\/minhducfurniture.com\/wp-content\/uploads\/2025\/09\/Outdoor-Bench-for-sale.jpg&description=Bancos%20de%20exterior%20en%20venta%20banco%20de%20madera%20met%C3%A1lico\" onclick=\"window.open(this.href,this.title,'width=500,height=500,top=300px,left=300px'); return false;\" target=\"_blank\" class=\"icon primary button round tooltip pinterest\" title=\"Pinear en Pinterest\" aria-label=\"Pinear en Pinterest\" rel=\"noopener nofollow\"><i class=\"icon-pinterest\" aria-hidden=\"true\"><\/i><\/a><a href=\"https:\/\/www.linkedin.com\/shareArticle?mini=true&url=https:\/\/minhducfurniture.com\/es\/product\/bancos-de-exterior-en-venta-banco-de-madera-metalico\/&title=Bancos%20de%20exterior%20en%20venta%20banco%20de%20madera%20met%C3%A1lico\" onclick=\"window.open(this.href,this.title,'width=500,height=500,top=300px,left=300px'); return false;\" target=\"_blank\" class=\"icon primary button round tooltip linkedin\" title=\"Compartir en LinkedIn\" aria-label=\"Compartir en LinkedIn\" rel=\"noopener nofollow\"><i class=\"icon-linkedin\" aria-hidden=\"true\"><\/i><\/a><\/div>\n","protected":false},"excerpt":{"rendered":"<ul>\n<li>C\u00f3digo del producto: MDE-010W<\/li>\n<li>Tama\u00f1o de la silla: Alto 945 mm x Ancho 1160 mm \/ 45,67 x 37,24 pulgadas<\/li>\n<li>Peso neto: 15,2 kg\/ 33,5 lbs<\/li>\n<li>Peso bruto: 16 kg\/ 35.3 lbs<\/li>\n<li>Origen del producto: Vietnam<\/li>\n<li>L\u00ednea directa\/ WhatsApp: +84 908 314 939<\/li>\n<\/ul>\n","protected":false},"featured_media":53135,"comment_status":"open","ping_status":"closed","template":"","meta":[],"product_brand":[],"product_cat":[13006],"product_tag":[],"class_list":{"0":"post-53134","1":"product","2":"type-product","3":"status-publish","4":"has-post-thumbnail","6":"product_cat-banco-de-exterior","8":"first","9":"instock","10":"shipping-taxable","11":"product-type-simple"},"yoast_head":"<!-- This site is optimized with the Yoast SEO plugin v27.0 - https:\/\/yoast.com\/product\/yoast-seo-wordpress\/ -->\n<title>Bancos de exterior en venta banco de madera met\u00e1lico - Minh Duc Furniture<\/title>\n<meta name=\"description\" content=\"Aporta comodidad y elegancia a tu espacio exterior con nuestro Banco de exterior en venta MDE-010I de primera calidad. Fabricado con un robusto armaz\u00f3n de acero con recubrimiento en polvo\" \/>\n<meta name=\"robots\" content=\"index, follow, max-snippet:-1, max-image-preview:large, max-video-preview:-1\" \/>\n<link rel=\"canonical\" href=\"https:\/\/minhducfurniture.com\/es\/product\/bancos-de-exterior-en-venta-banco-de-madera-metalico\/\" \/>\n<meta property=\"og:locale\" content=\"es_ES\" \/>\n<meta property=\"og:type\" content=\"article\" \/>\n<meta property=\"og:title\" content=\"Bancos de exterior en venta banco de madera met\u00e1lico - Minh Duc Furniture\" \/>\n<meta property=\"og:description\" content=\"Aporta comodidad y elegancia a tu espacio exterior con nuestro Banco de exterior en venta MDE-010I de primera calidad. Fabricado con un robusto armaz\u00f3n de acero con recubrimiento en polvo\" \/>\n<meta property=\"og:url\" content=\"https:\/\/minhducfurniture.com\/es\/product\/bancos-de-exterior-en-venta-banco-de-madera-metalico\/\" \/>\n<meta property=\"og:site_name\" content=\"Minh Duc Furniture\" \/>\n<meta property=\"article:modified_time\" content=\"2025-09-20T07:35:12+00:00\" \/>\n<meta property=\"og:image\" content=\"https:\/\/minhducfurniture.com\/wp-content\/uploads\/2025\/09\/Outdoor-Bench-for-sale.jpg\" \/>\n\t<meta property=\"og:image:width\" content=\"750\" \/>\n\t<meta property=\"og:image:height\" content=\"750\" \/>\n\t<meta property=\"og:image:type\" content=\"image\/jpeg\" \/>\n<meta name=\"twitter:card\" content=\"summary_large_image\" \/>\n<meta name=\"twitter:label1\" content=\"Tiempo de lectura\" \/>\n\t<meta name=\"twitter:data1\" content=\"1 minuto\" \/>\n<script type=\"application\/ld+json\" class=\"yoast-schema-graph\">{\"@context\":\"https:\/\/schema.org\",\"@graph\":[{\"@type\":\"WebPage\",\"@id\":\"https:\/\/minhducfurniture.com\/es\/product\/bancos-de-exterior-en-venta-banco-de-madera-metalico\/\",\"url\":\"https:\/\/minhducfurniture.com\/es\/product\/bancos-de-exterior-en-venta-banco-de-madera-metalico\/\",\"name\":\"Bancos de exterior en venta banco de madera met\u00e1lico - Minh Duc Furniture\",\"isPartOf\":{\"@id\":\"https:\/\/minhducfurniture.com\/es\/#website\"},\"primaryImageOfPage\":{\"@id\":\"https:\/\/minhducfurniture.com\/es\/product\/bancos-de-exterior-en-venta-banco-de-madera-metalico\/#primaryimage\"},\"image\":{\"@id\":\"https:\/\/minhducfurniture.com\/es\/product\/bancos-de-exterior-en-venta-banco-de-madera-metalico\/#primaryimage\"},\"thumbnailUrl\":\"https:\/\/minhducfurniture.com\/wp-content\/uploads\/2025\/09\/Outdoor-Bench-for-sale.jpg\",\"datePublished\":\"2025-09-14T05:56:46+00:00\",\"dateModified\":\"2025-09-20T07:35:12+00:00\",\"description\":\"Aporta comodidad y elegancia a tu espacio exterior con nuestro Banco de exterior en venta MDE-010I de primera calidad. Fabricado con un robusto armaz\u00f3n de acero con recubrimiento en polvo\",\"breadcrumb\":{\"@id\":\"https:\/\/minhducfurniture.com\/es\/product\/bancos-de-exterior-en-venta-banco-de-madera-metalico\/#breadcrumb\"},\"inLanguage\":\"es\",\"potentialAction\":[{\"@type\":\"ReadAction\",\"target\":[\"https:\/\/minhducfurniture.com\/es\/product\/bancos-de-exterior-en-venta-banco-de-madera-metalico\/\"]}]},{\"@type\":\"ImageObject\",\"inLanguage\":\"es\",\"@id\":\"https:\/\/minhducfurniture.com\/es\/product\/bancos-de-exterior-en-venta-banco-de-madera-metalico\/#primaryimage\",\"url\":\"https:\/\/minhducfurniture.com\/wp-content\/uploads\/2025\/09\/Outdoor-Bench-for-sale.jpg\",\"contentUrl\":\"https:\/\/minhducfurniture.com\/wp-content\/uploads\/2025\/09\/Outdoor-Bench-for-sale.jpg\",\"width\":750,\"height\":750,\"caption\":\"Outdoor Bench for sale\"},{\"@type\":\"BreadcrumbList\",\"@id\":\"https:\/\/minhducfurniture.com\/es\/product\/bancos-de-exterior-en-venta-banco-de-madera-metalico\/#breadcrumb\",\"itemListElement\":[{\"@type\":\"ListItem\",\"position\":1,\"name\":\"Home\",\"item\":\"https:\/\/minhducfurniture.com\/es\/\"},{\"@type\":\"ListItem\",\"position\":2,\"name\":\"Shop\",\"item\":\"https:\/\/minhducfurniture.com\/shop\/\"},{\"@type\":\"ListItem\",\"position\":3,\"name\":\"Bancos de exterior en venta banco de madera met\u00e1lico\"}]},{\"@type\":\"WebSite\",\"@id\":\"https:\/\/minhducfurniture.com\/es\/#website\",\"url\":\"https:\/\/minhducfurniture.com\/es\/\",\"name\":\"Minh Duc Furniture\",\"description\":\"Vietnam Furniture Supplier\",\"publisher\":{\"@id\":\"https:\/\/minhducfurniture.com\/es\/#organization\"},\"alternateName\":\"Vietnam Online Shop\",\"potentialAction\":[{\"@type\":\"SearchAction\",\"target\":{\"@type\":\"EntryPoint\",\"urlTemplate\":\"https:\/\/minhducfurniture.com\/es\/?s={search_term_string}\"},\"query-input\":{\"@type\":\"PropertyValueSpecification\",\"valueRequired\":true,\"valueName\":\"search_term_string\"}}],\"inLanguage\":\"es\"},{\"@type\":\"Organization\",\"@id\":\"https:\/\/minhducfurniture.com\/es\/#organization\",\"name\":\"Minh Duc Furniture\",\"alternateName\":\"Vietnam Furniture Export\",\"url\":\"https:\/\/minhducfurniture.com\/es\/\",\"logo\":{\"@type\":\"ImageObject\",\"inLanguage\":\"es\",\"@id\":\"https:\/\/minhducfurniture.com\/es\/#\/schema\/logo\/image\/\",\"url\":\"\",\"contentUrl\":\"\",\"caption\":\"Minh Duc Furniture\"},\"image\":{\"@id\":\"https:\/\/minhducfurniture.com\/es\/#\/schema\/logo\/image\/\"},\"sameAs\":[\"https:\/\/www.pinterest.com\/hienthaoshop\/pins\/\"]}]}<\/script>\n<!-- \/ Yoast SEO plugin. -->","yoast_head_json":{"title":"Bancos de exterior en venta banco de madera met\u00e1lico - Minh Duc Furniture","description":"Aporta comodidad y elegancia a tu espacio exterior con nuestro Banco de exterior en venta MDE-010I de primera calidad. Fabricado con un robusto armaz\u00f3n de acero con recubrimiento en polvo","robots":{"index":"index","follow":"follow","max-snippet":"max-snippet:-1","max-image-preview":"max-image-preview:large","max-video-preview":"max-video-preview:-1"},"canonical":"https:\/\/minhducfurniture.com\/es\/product\/bancos-de-exterior-en-venta-banco-de-madera-metalico\/","og_locale":"es_ES","og_type":"article","og_title":"Bancos de exterior en venta banco de madera met\u00e1lico - Minh Duc Furniture","og_description":"Aporta comodidad y elegancia a tu espacio exterior con nuestro Banco de exterior en venta MDE-010I de primera calidad. Fabricado con un robusto armaz\u00f3n de acero con recubrimiento en polvo","og_url":"https:\/\/minhducfurniture.com\/es\/product\/bancos-de-exterior-en-venta-banco-de-madera-metalico\/","og_site_name":"Minh Duc Furniture","article_modified_time":"2025-09-20T07:35:12+00:00","og_image":[{"width":750,"height":750,"url":"https:\/\/minhducfurniture.com\/wp-content\/uploads\/2025\/09\/Outdoor-Bench-for-sale.jpg","type":"image\/jpeg"}],"twitter_card":"summary_large_image","twitter_misc":{"Tiempo de lectura":"1 minuto"},"schema":{"@context":"https:\/\/schema.org","@graph":[{"@type":"WebPage","@id":"https:\/\/minhducfurniture.com\/es\/product\/bancos-de-exterior-en-venta-banco-de-madera-metalico\/","url":"https:\/\/minhducfurniture.com\/es\/product\/bancos-de-exterior-en-venta-banco-de-madera-metalico\/","name":"Bancos de exterior en venta banco de madera met\u00e1lico - Minh Duc Furniture","isPartOf":{"@id":"https:\/\/minhducfurniture.com\/es\/#website"},"primaryImageOfPage":{"@id":"https:\/\/minhducfurniture.com\/es\/product\/bancos-de-exterior-en-venta-banco-de-madera-metalico\/#primaryimage"},"image":{"@id":"https:\/\/minhducfurniture.com\/es\/product\/bancos-de-exterior-en-venta-banco-de-madera-metalico\/#primaryimage"},"thumbnailUrl":"https:\/\/minhducfurniture.com\/wp-content\/uploads\/2025\/09\/Outdoor-Bench-for-sale.jpg","datePublished":"2025-09-14T05:56:46+00:00","dateModified":"2025-09-20T07:35:12+00:00","description":"Aporta comodidad y elegancia a tu espacio exterior con nuestro Banco de exterior en venta MDE-010I de primera calidad. Fabricado con un robusto armaz\u00f3n de acero con recubrimiento en polvo","breadcrumb":{"@id":"https:\/\/minhducfurniture.com\/es\/product\/bancos-de-exterior-en-venta-banco-de-madera-metalico\/#breadcrumb"},"inLanguage":"es","potentialAction":[{"@type":"ReadAction","target":["https:\/\/minhducfurniture.com\/es\/product\/bancos-de-exterior-en-venta-banco-de-madera-metalico\/"]}]},{"@type":"ImageObject","inLanguage":"es","@id":"https:\/\/minhducfurniture.com\/es\/product\/bancos-de-exterior-en-venta-banco-de-madera-metalico\/#primaryimage","url":"https:\/\/minhducfurniture.com\/wp-content\/uploads\/2025\/09\/Outdoor-Bench-for-sale.jpg","contentUrl":"https:\/\/minhducfurniture.com\/wp-content\/uploads\/2025\/09\/Outdoor-Bench-for-sale.jpg","width":750,"height":750,"caption":"Outdoor Bench for sale"},{"@type":"BreadcrumbList","@id":"https:\/\/minhducfurniture.com\/es\/product\/bancos-de-exterior-en-venta-banco-de-madera-metalico\/#breadcrumb","itemListElement":[{"@type":"ListItem","position":1,"name":"Home","item":"https:\/\/minhducfurniture.com\/es\/"},{"@type":"ListItem","position":2,"name":"Shop","item":"https:\/\/minhducfurniture.com\/shop\/"},{"@type":"ListItem","position":3,"name":"Bancos de exterior en venta banco de madera met\u00e1lico"}]},{"@type":"WebSite","@id":"https:\/\/minhducfurniture.com\/es\/#website","url":"https:\/\/minhducfurniture.com\/es\/","name":"Minh Duc Furniture","description":"Vietnam Furniture Supplier","publisher":{"@id":"https:\/\/minhducfurniture.com\/es\/#organization"},"alternateName":"Vietnam Online Shop","potentialAction":[{"@type":"SearchAction","target":{"@type":"EntryPoint","urlTemplate":"https:\/\/minhducfurniture.com\/es\/?s={search_term_string}"},"query-input":{"@type":"PropertyValueSpecification","valueRequired":true,"valueName":"search_term_string"}}],"inLanguage":"es"},{"@type":"Organization","@id":"https:\/\/minhducfurniture.com\/es\/#organization","name":"Minh Duc Furniture","alternateName":"Vietnam Furniture Export","url":"https:\/\/minhducfurniture.com\/es\/","logo":{"@type":"ImageObject","inLanguage":"es","@id":"https:\/\/minhducfurniture.com\/es\/#\/schema\/logo\/image\/","url":"","contentUrl":"","caption":"Minh Duc Furniture"},"image":{"@id":"https:\/\/minhducfurniture.com\/es\/#\/schema\/logo\/image\/"},"sameAs":["https:\/\/www.pinterest.com\/hienthaoshop\/pins\/"]}]}},"_links":{"self":[{"href":"https:\/\/minhducfurniture.com\/es\/wp-json\/wp\/v2\/product\/53134","targetHints":{"allow":["GET"]}}],"collection":[{"href":"https:\/\/minhducfurniture.com\/es\/wp-json\/wp\/v2\/product"}],"about":[{"href":"https:\/\/minhducfurniture.com\/es\/wp-json\/wp\/v2\/types\/product"}],"replies":[{"embeddable":true,"href":"https:\/\/minhducfurniture.com\/es\/wp-json\/wp\/v2\/comments?post=53134"}],"wp:featuredmedia":[{"embeddable":true,"href":"https:\/\/minhducfurniture.com\/es\/wp-json\/wp\/v2\/media\/53135"}],"wp:attachment":[{"href":"https:\/\/minhducfurniture.com\/es\/wp-json\/wp\/v2\/media?parent=53134"}],"wp:term":[{"taxonomy":"product_brand","embeddable":true,"href":"https:\/\/minhducfurniture.com\/es\/wp-json\/wp\/v2\/product_brand?post=53134"},{"taxonomy":"product_cat","embeddable":true,"href":"https:\/\/minhducfurniture.com\/es\/wp-json\/wp\/v2\/product_cat?post=53134"},{"taxonomy":"product_tag","embeddable":true,"href":"https:\/\/minhducfurniture.com\/es\/wp-json\/wp\/v2\/product_tag?post=53134"}],"curies":[{"name":"wp","href":"https:\/\/api.w.org\/{rel}","templated":true}]}}