{"id":53289,"date":"2025-09-16T17:40:40","date_gmt":"2025-09-16T10:40:40","guid":{"rendered":"https:\/\/minhducfurniture.com\/quienes-somos\/"},"modified":"2025-09-20T01:00:40","modified_gmt":"2025-09-19T18:00:40","slug":"quienes-somos","status":"publish","type":"page","link":"https:\/\/minhducfurniture.com\/es\/quienes-somos\/","title":{"rendered":"Qui\u00e9nes somos"},"content":{"rendered":"<h1><span style=\"font-size: 90%;\">Qui\u00e9nes somos<\/span><\/h1>\n<div>\n<p>Minh Duc Public Furniture Co., Ltd. es un fabricante y proveedor profesional de mobiliario p\u00fablico y de oficina en Vietnam. Con instalaciones modernas e ingenieros experimentados, ofrecemos soluciones de mobiliario suelto y fijo que cumplen las normas internacionales.<\/p>\n<div>\n<p>Nuestros principales productos son escritorios y sillas de oficina, mobiliario escolar, asientos para auditorios, bancos de espera y mobiliario para proyectos personalizados. Tambi\u00e9n ofrecemos servicios OEM y ODM, que abarcan el dise\u00f1o, el procesamiento del acero, la tapicer\u00eda y el env\u00edo internacional.<\/p>\n<div>\n<p>Minh Duc Furniture exporta a Europa, EE.UU., Jap\u00f3n, Australia y Oriente Medio, ofreciendo una calidad fiable, precios competitivos y entregas puntuales. Con el lema \u00abDonde la calidad se une a la confianza\u00bb, nos comprometemos a crear un valor duradero para nuestros clientes de todo el mundo.<\/p>\n<\/div>\n<figure id=\"attachment_52643\" aria-describedby=\"caption-attachment-52643\" style=\"width: 850px\" class=\"wp-caption aligncenter\"><img decoding=\"async\" class=\"size-full wp-image-52643\" src=\"https:\/\/minhducfurniture.com\/wp-content\/uploads\/2025\/08\/Outdoor-Garden-Bench-made-in-Vietnam-by-Minh-Duc.jpg\" alt=\"Banco de jard\u00edn exterior fabricado en Vietnam por Minh Duc\" width=\"850\" height=\"644\" srcset=\"https:\/\/minhducfurniture.com\/wp-content\/uploads\/2025\/08\/Outdoor-Garden-Bench-made-in-Vietnam-by-Minh-Duc.jpg 850w, https:\/\/minhducfurniture.com\/wp-content\/uploads\/2025\/08\/Outdoor-Garden-Bench-made-in-Vietnam-by-Minh-Duc-510x386.jpg 510w, https:\/\/minhducfurniture.com\/wp-content\/uploads\/2025\/08\/Outdoor-Garden-Bench-made-in-Vietnam-by-Minh-Duc-528x400.jpg 528w, https:\/\/minhducfurniture.com\/wp-content\/uploads\/2025\/08\/Outdoor-Garden-Bench-made-in-Vietnam-by-Minh-Duc-768x582.jpg 768w\" sizes=\"(max-width: 850px) 100vw, 850px\" \/><figcaption id=\"caption-attachment-52643\" class=\"wp-caption-text\">Banco de jard\u00edn exterior fabricado en Vietnam por Minh Duc<\/figcaption><\/figure>\n<\/div>\n<div>\n<h3>Nuestra principal fuerza reside en la capacidad de producci\u00f3n<\/h3>\n<ul>\n<li style=\"list-style-type: none;\">\n<ul>\n<li>Fabricaci\u00f3n de piezas mec\u00e1nicas: bastidores y estructuras met\u00e1licas de precisi\u00f3n.<\/li>\n<li>Acabado de tapicer\u00edas: revestimiento profesional de tela y cuero.<\/li>\n<li>Trabajo de la madera: artesan\u00eda fina con materiales de alta calidad.<\/li>\n<\/ul>\n<\/li>\n<\/ul>\n<p>Adem\u00e1s, Minh Duc ofrece servicios de dise\u00f1o a medida, lo que nos permite convertir tus ideas en productos de mobiliario pr\u00e1cticos y listos para el mercado. Tanto si necesitas sillas, mesas, bancos, camas o armarios, podemos ofrecerte soluciones que combinen durabilidad, comodidad y est\u00e9tica.<\/p>\n<p>Con un estricto control de calidad, una artesan\u00eda experta y una gran capacidad de exportaci\u00f3n, Minh Duc se ha convertido en un socio de confianza para clientes de todo el mundo. Estamos dispuestos a apoyarte con modelos de cooperaci\u00f3n flexibles -desde el procesamiento parcial de componentes hasta la fabricaci\u00f3n completa de muebles-, todos ellos dise\u00f1ados para ayudarte a triunfar en tu mercado.<\/p>\n<\/div>\n<div>\n<h4>Ponte en contacto con nosotros<\/h4>\n<div>\n<div><a href=\"https:\/\/minhducfurniture.com\/es\/\"><b>MINH DUC PUBLIC FURNITURE CO.,LTD<\/b><\/a><\/div>\n<div>Direcci\u00f3n: N\u00ba 47\/2, Phu Do, Nam Tu Liem, Hanoi<\/div>\n<div>Oficina: Villa H02-L11 An Phu, Duong Noi, Ha Dong, Hanoi<\/div>\n<div>Hotline\/ Zalo\/ Whatapp: +84 908314939.<\/div>\n<div>\t<div id=\"gap-2082305413\" class=\"gap-element clearfix\" style=\"display:block; height:auto;\">\n\t\t\n<style>\n#gap-2082305413 {\n  padding-top: 25px;\n}\n<\/style>\n\t<\/div>\n\t<\/div>\n<div><div class=\"social-icons share-icons share-row relative\" ><a href=\"whatsapp:\/\/send?text=Qui%C3%A9nes%20somos - https:\/\/minhducfurniture.com\/es\/quienes-somos\/\" data-action=\"share\/whatsapp\/share\" class=\"icon primary button round tooltip whatsapp show-for-medium\" title=\"Compartir en WhatsApp\" aria-label=\"Compartir en WhatsApp\"><i class=\"icon-whatsapp\" aria-hidden=\"true\"><\/i><\/a><a href=\"https:\/\/www.facebook.com\/sharer.php?u=https:\/\/minhducfurniture.com\/es\/quienes-somos\/\" data-label=\"Facebook\" onclick=\"window.open(this.href,this.title,'width=500,height=500,top=300px,left=300px'); return false;\" target=\"_blank\" class=\"icon primary button round tooltip facebook\" title=\"Compartir en Facebook\" aria-label=\"Compartir en Facebook\" rel=\"noopener nofollow\"><i class=\"icon-facebook\" aria-hidden=\"true\"><\/i><\/a><a href=\"https:\/\/twitter.com\/share?url=https:\/\/minhducfurniture.com\/es\/quienes-somos\/\" onclick=\"window.open(this.href,this.title,'width=500,height=500,top=300px,left=300px'); return false;\" target=\"_blank\" class=\"icon primary button round tooltip twitter\" title=\"Compartir en Twitter\" aria-label=\"Compartir en Twitter\" rel=\"noopener nofollow\"><i class=\"icon-twitter\" aria-hidden=\"true\"><\/i><\/a><a href=\"mailto:?subject=Qui%C3%A9nes%20somos&body=Check%20this%20out%3A%20https%3A%2F%2Fminhducfurniture.com%2Fes%2Fquienes-somos%2F\" class=\"icon primary button round tooltip email\" title=\"Env\u00eda por email\" aria-label=\"Env\u00eda por email\" rel=\"nofollow\"><i class=\"icon-envelop\" aria-hidden=\"true\"><\/i><\/a><a href=\"https:\/\/pinterest.com\/pin\/create\/button?url=https:\/\/minhducfurniture.com\/es\/quienes-somos\/&media=https:\/\/minhducfurniture.com\/wp-content\/uploads\/2025\/09\/About-us.jpg&description=Qui%C3%A9nes%20somos\" onclick=\"window.open(this.href,this.title,'width=500,height=500,top=300px,left=300px'); return false;\" target=\"_blank\" class=\"icon primary button round tooltip pinterest\" title=\"Pinear en Pinterest\" aria-label=\"Pinear en Pinterest\" rel=\"noopener nofollow\"><i class=\"icon-pinterest\" aria-hidden=\"true\"><\/i><\/a><a href=\"https:\/\/www.linkedin.com\/shareArticle?mini=true&url=https:\/\/minhducfurniture.com\/es\/quienes-somos\/&title=Qui%C3%A9nes%20somos\" onclick=\"window.open(this.href,this.title,'width=500,height=500,top=300px,left=300px'); return false;\" target=\"_blank\" class=\"icon primary button round tooltip linkedin\" title=\"Compartir en LinkedIn\" aria-label=\"Compartir en LinkedIn\" rel=\"noopener nofollow\"><i class=\"icon-linkedin\" aria-hidden=\"true\"><\/i><\/a><\/div><\/div>\n<\/div>\n<\/div>\n<\/div>\n","protected":false},"excerpt":{"rendered":"<p>Qui\u00e9nes somos Minh Duc Public Furniture Co., Ltd. es un fabricante y proveedor profesional de mobiliario p\u00fablico y de oficina en Vietnam. Con instalaciones modernas e ingenieros experimentados, ofrecemos soluciones de mobiliario suelto y fijo que cumplen las normas internacionales. Nuestros principales productos son escritorios y sillas de oficina, mobiliario escolar, asientos para auditorios, bancos [&#8230;]\n","protected":false},"author":1,"featured_media":53272,"parent":0,"menu_order":0,"comment_status":"closed","ping_status":"closed","template":"","meta":{"footnotes":""},"class_list":["post-53289","page","type-page","status-publish","has-post-thumbnail","hentry"],"yoast_head":"<!-- This site is optimized with the Yoast SEO plugin v27.0 - https:\/\/yoast.com\/product\/yoast-seo-wordpress\/ -->\n<title>Qui\u00e9nes somos - Minh Duc Furniture<\/title>\n<meta name=\"description\" content=\"Sobre nosotros: Minh Duc Public Furniture Co., Ltd. es un fabricante y proveedor profesional de mobiliario p\u00fablico y de oficina en Vietnam.\" \/>\n<meta name=\"robots\" content=\"index, follow, max-snippet:-1, max-image-preview:large, max-video-preview:-1\" \/>\n<link rel=\"canonical\" href=\"https:\/\/minhducfurniture.com\/es\/quienes-somos\/\" \/>\n<meta property=\"og:locale\" content=\"es_ES\" \/>\n<meta property=\"og:type\" content=\"article\" \/>\n<meta property=\"og:title\" content=\"Qui\u00e9nes somos - Minh Duc Furniture\" \/>\n<meta property=\"og:description\" content=\"Sobre nosotros: Minh Duc Public Furniture Co., Ltd. es un fabricante y proveedor profesional de mobiliario p\u00fablico y de oficina en Vietnam.\" \/>\n<meta property=\"og:url\" content=\"https:\/\/minhducfurniture.com\/es\/quienes-somos\/\" \/>\n<meta property=\"og:site_name\" content=\"Minh Duc Furniture\" \/>\n<meta property=\"article:modified_time\" content=\"2025-09-19T18:00:40+00:00\" \/>\n<meta property=\"og:image\" content=\"https:\/\/minhducfurniture.com\/wp-content\/uploads\/2025\/09\/About-us.jpg\" \/>\n\t<meta property=\"og:image:width\" content=\"750\" \/>\n\t<meta property=\"og:image:height\" content=\"514\" \/>\n\t<meta property=\"og:image:type\" content=\"image\/jpeg\" \/>\n<meta name=\"twitter:card\" content=\"summary_large_image\" \/>\n<meta name=\"twitter:label1\" content=\"Tiempo de lectura\" \/>\n\t<meta name=\"twitter:data1\" content=\"2 minutos\" \/>\n<script type=\"application\/ld+json\" class=\"yoast-schema-graph\">{\"@context\":\"https:\/\/schema.org\",\"@graph\":[{\"@type\":\"WebPage\",\"@id\":\"https:\/\/minhducfurniture.com\/es\/quienes-somos\/\",\"url\":\"https:\/\/minhducfurniture.com\/es\/quienes-somos\/\",\"name\":\"Qui\u00e9nes somos - Minh Duc Furniture\",\"isPartOf\":{\"@id\":\"https:\/\/minhducfurniture.com\/es\/#website\"},\"primaryImageOfPage\":{\"@id\":\"https:\/\/minhducfurniture.com\/es\/quienes-somos\/#primaryimage\"},\"image\":{\"@id\":\"https:\/\/minhducfurniture.com\/es\/quienes-somos\/#primaryimage\"},\"thumbnailUrl\":\"https:\/\/minhducfurniture.com\/wp-content\/uploads\/2025\/09\/About-us.jpg\",\"datePublished\":\"2025-09-16T10:40:40+00:00\",\"dateModified\":\"2025-09-19T18:00:40+00:00\",\"description\":\"Sobre nosotros: Minh Duc Public Furniture Co., Ltd. es un fabricante y proveedor profesional de mobiliario p\u00fablico y de oficina en Vietnam.\",\"breadcrumb\":{\"@id\":\"https:\/\/minhducfurniture.com\/es\/quienes-somos\/#breadcrumb\"},\"inLanguage\":\"es\",\"potentialAction\":[{\"@type\":\"ReadAction\",\"target\":[\"https:\/\/minhducfurniture.com\/es\/quienes-somos\/\"]}]},{\"@type\":\"ImageObject\",\"inLanguage\":\"es\",\"@id\":\"https:\/\/minhducfurniture.com\/es\/quienes-somos\/#primaryimage\",\"url\":\"https:\/\/minhducfurniture.com\/wp-content\/uploads\/2025\/09\/About-us.jpg\",\"contentUrl\":\"https:\/\/minhducfurniture.com\/wp-content\/uploads\/2025\/09\/About-us.jpg\",\"width\":750,\"height\":514,\"caption\":\"About us\"},{\"@type\":\"BreadcrumbList\",\"@id\":\"https:\/\/minhducfurniture.com\/es\/quienes-somos\/#breadcrumb\",\"itemListElement\":[{\"@type\":\"ListItem\",\"position\":1,\"name\":\"Home\",\"item\":\"https:\/\/minhducfurniture.com\/es\/\"},{\"@type\":\"ListItem\",\"position\":2,\"name\":\"Qui\u00e9nes somos\"}]},{\"@type\":\"WebSite\",\"@id\":\"https:\/\/minhducfurniture.com\/es\/#website\",\"url\":\"https:\/\/minhducfurniture.com\/es\/\",\"name\":\"Minh Duc Furniture\",\"description\":\"Vietnam Furniture Supplier\",\"publisher\":{\"@id\":\"https:\/\/minhducfurniture.com\/es\/#organization\"},\"alternateName\":\"Vietnam Online Shop\",\"potentialAction\":[{\"@type\":\"SearchAction\",\"target\":{\"@type\":\"EntryPoint\",\"urlTemplate\":\"https:\/\/minhducfurniture.com\/es\/?s={search_term_string}\"},\"query-input\":{\"@type\":\"PropertyValueSpecification\",\"valueRequired\":true,\"valueName\":\"search_term_string\"}}],\"inLanguage\":\"es\"},{\"@type\":\"Organization\",\"@id\":\"https:\/\/minhducfurniture.com\/es\/#organization\",\"name\":\"Minh Duc Furniture\",\"alternateName\":\"Vietnam Furniture Export\",\"url\":\"https:\/\/minhducfurniture.com\/es\/\",\"logo\":{\"@type\":\"ImageObject\",\"inLanguage\":\"es\",\"@id\":\"https:\/\/minhducfurniture.com\/es\/#\/schema\/logo\/image\/\",\"url\":\"\",\"contentUrl\":\"\",\"caption\":\"Minh Duc Furniture\"},\"image\":{\"@id\":\"https:\/\/minhducfurniture.com\/es\/#\/schema\/logo\/image\/\"},\"sameAs\":[\"https:\/\/www.pinterest.com\/hienthaoshop\/pins\/\"]}]}<\/script>\n<!-- \/ Yoast SEO plugin. -->","yoast_head_json":{"title":"Qui\u00e9nes somos - Minh Duc Furniture","description":"Sobre nosotros: Minh Duc Public Furniture Co., Ltd. es un fabricante y proveedor profesional de mobiliario p\u00fablico y de oficina en Vietnam.","robots":{"index":"index","follow":"follow","max-snippet":"max-snippet:-1","max-image-preview":"max-image-preview:large","max-video-preview":"max-video-preview:-1"},"canonical":"https:\/\/minhducfurniture.com\/es\/quienes-somos\/","og_locale":"es_ES","og_type":"article","og_title":"Qui\u00e9nes somos - Minh Duc Furniture","og_description":"Sobre nosotros: Minh Duc Public Furniture Co., Ltd. es un fabricante y proveedor profesional de mobiliario p\u00fablico y de oficina en Vietnam.","og_url":"https:\/\/minhducfurniture.com\/es\/quienes-somos\/","og_site_name":"Minh Duc Furniture","article_modified_time":"2025-09-19T18:00:40+00:00","og_image":[{"width":750,"height":514,"url":"https:\/\/minhducfurniture.com\/wp-content\/uploads\/2025\/09\/About-us.jpg","type":"image\/jpeg"}],"twitter_card":"summary_large_image","twitter_misc":{"Tiempo de lectura":"2 minutos"},"schema":{"@context":"https:\/\/schema.org","@graph":[{"@type":"WebPage","@id":"https:\/\/minhducfurniture.com\/es\/quienes-somos\/","url":"https:\/\/minhducfurniture.com\/es\/quienes-somos\/","name":"Qui\u00e9nes somos - Minh Duc Furniture","isPartOf":{"@id":"https:\/\/minhducfurniture.com\/es\/#website"},"primaryImageOfPage":{"@id":"https:\/\/minhducfurniture.com\/es\/quienes-somos\/#primaryimage"},"image":{"@id":"https:\/\/minhducfurniture.com\/es\/quienes-somos\/#primaryimage"},"thumbnailUrl":"https:\/\/minhducfurniture.com\/wp-content\/uploads\/2025\/09\/About-us.jpg","datePublished":"2025-09-16T10:40:40+00:00","dateModified":"2025-09-19T18:00:40+00:00","description":"Sobre nosotros: Minh Duc Public Furniture Co., Ltd. es un fabricante y proveedor profesional de mobiliario p\u00fablico y de oficina en Vietnam.","breadcrumb":{"@id":"https:\/\/minhducfurniture.com\/es\/quienes-somos\/#breadcrumb"},"inLanguage":"es","potentialAction":[{"@type":"ReadAction","target":["https:\/\/minhducfurniture.com\/es\/quienes-somos\/"]}]},{"@type":"ImageObject","inLanguage":"es","@id":"https:\/\/minhducfurniture.com\/es\/quienes-somos\/#primaryimage","url":"https:\/\/minhducfurniture.com\/wp-content\/uploads\/2025\/09\/About-us.jpg","contentUrl":"https:\/\/minhducfurniture.com\/wp-content\/uploads\/2025\/09\/About-us.jpg","width":750,"height":514,"caption":"About us"},{"@type":"BreadcrumbList","@id":"https:\/\/minhducfurniture.com\/es\/quienes-somos\/#breadcrumb","itemListElement":[{"@type":"ListItem","position":1,"name":"Home","item":"https:\/\/minhducfurniture.com\/es\/"},{"@type":"ListItem","position":2,"name":"Qui\u00e9nes somos"}]},{"@type":"WebSite","@id":"https:\/\/minhducfurniture.com\/es\/#website","url":"https:\/\/minhducfurniture.com\/es\/","name":"Minh Duc Furniture","description":"Vietnam Furniture Supplier","publisher":{"@id":"https:\/\/minhducfurniture.com\/es\/#organization"},"alternateName":"Vietnam Online Shop","potentialAction":[{"@type":"SearchAction","target":{"@type":"EntryPoint","urlTemplate":"https:\/\/minhducfurniture.com\/es\/?s={search_term_string}"},"query-input":{"@type":"PropertyValueSpecification","valueRequired":true,"valueName":"search_term_string"}}],"inLanguage":"es"},{"@type":"Organization","@id":"https:\/\/minhducfurniture.com\/es\/#organization","name":"Minh Duc Furniture","alternateName":"Vietnam Furniture Export","url":"https:\/\/minhducfurniture.com\/es\/","logo":{"@type":"ImageObject","inLanguage":"es","@id":"https:\/\/minhducfurniture.com\/es\/#\/schema\/logo\/image\/","url":"","contentUrl":"","caption":"Minh Duc Furniture"},"image":{"@id":"https:\/\/minhducfurniture.com\/es\/#\/schema\/logo\/image\/"},"sameAs":["https:\/\/www.pinterest.com\/hienthaoshop\/pins\/"]}]}},"_links":{"self":[{"href":"https:\/\/minhducfurniture.com\/es\/wp-json\/wp\/v2\/pages\/53289","targetHints":{"allow":["GET"]}}],"collection":[{"href":"https:\/\/minhducfurniture.com\/es\/wp-json\/wp\/v2\/pages"}],"about":[{"href":"https:\/\/minhducfurniture.com\/es\/wp-json\/wp\/v2\/types\/page"}],"author":[{"embeddable":true,"href":"https:\/\/minhducfurniture.com\/es\/wp-json\/wp\/v2\/users\/1"}],"replies":[{"embeddable":true,"href":"https:\/\/minhducfurniture.com\/es\/wp-json\/wp\/v2\/comments?post=53289"}],"version-history":[{"count":3,"href":"https:\/\/minhducfurniture.com\/es\/wp-json\/wp\/v2\/pages\/53289\/revisions"}],"predecessor-version":[{"id":53482,"href":"https:\/\/minhducfurniture.com\/es\/wp-json\/wp\/v2\/pages\/53289\/revisions\/53482"}],"wp:featuredmedia":[{"embeddable":true,"href":"https:\/\/minhducfurniture.com\/es\/wp-json\/wp\/v2\/media\/53272"}],"wp:attachment":[{"href":"https:\/\/minhducfurniture.com\/es\/wp-json\/wp\/v2\/media?parent=53289"}],"curies":[{"name":"wp","href":"https:\/\/api.w.org\/{rel}","templated":true}]}}