{"id":53237,"date":"2025-09-14T15:03:37","date_gmt":"2025-09-14T08:03:37","guid":{"rendered":"https:\/\/minhducfurniture.com\/filosofia-empresarial-de-minh-duc\/"},"modified":"2025-09-20T01:00:28","modified_gmt":"2025-09-19T18:00:28","slug":"filosofia-empresarial-de-minh-duc","status":"publish","type":"page","link":"https:\/\/minhducfurniture.com\/es\/filosofia-empresarial-de-minh-duc\/","title":{"rendered":"Filosof\u00eda empresarial de Minh Duc"},"content":{"rendered":"<h2><span style=\"font-size: 95%;\">Nuestra filosof\u00eda empresarial<\/span><\/h2>\n<p>En Minh Duc Public Furniture, creemos que los muebles son algo m\u00e1s que un producto: son un reflejo de responsabilidad, artesan\u00eda y confianza. Nuestra filosof\u00eda empresarial se basa en tres principios rectores: atenci\u00f3n al cliente, calidad sin concesiones y sostenibilidad.<\/p>\n<h3>Dar prioridad a los clientes<\/h3>\n<p>Nuestros clientes son la base de nuestro \u00e9xito. Escuchamos atentamente sus necesidades y proporcionamos soluciones que aportan un valor real, ya sea dise\u00f1ando muebles flexibles para oficinas modernas, asientos c\u00f3modos para espacios p\u00fablicos o piezas duraderas para instalaciones educativas. No nos limitamos a vender productos; construimos relaciones a largo plazo basadas en la fiabilidad, la transparencia y el respeto mutuo.<\/p>\n<h3>Crear confianza, crear valor<\/h3>\n<p>Uniendo sostenibilidad, calidad y atenci\u00f3n al cliente, pretendemos crear muebles que inspiren confianza y aporten valor a cada cliente. Nuestra misi\u00f3n es sencilla: ayudar a las personas a vivir y trabajar mejor con productos seguros, sostenibles y cuidadosamente dise\u00f1ados.<\/p>\n<h4>Compromiso con la sostenibilidad<\/h4>\n<p>Reconocemos la importancia de proteger el medio ambiente para las generaciones futuras. Por eso buscamos activamente materiales sostenibles, m\u00e9todos de producci\u00f3n ecol\u00f3gicos y procesos eficientes que minimicen los residuos y el uso de energ\u00eda. Combinando el dise\u00f1o innovador con la responsabilidad medioambiental, creamos muebles que no s\u00f3lo son bonitos, sino que tambi\u00e9n hacen un bien a nuestro planeta.<\/p>\n<p>\u00a1Agradecemos sinceramente tu valioso tiempo con nosotros! \u00bfBuscas informaci\u00f3n sobre un producto? Visita nuestra <span style=\"color: #008080;\"><a style=\"color: #008080;\" href=\"https:\/\/minhducfurniture.com\/es\/\">P\u00e1gina de inicio<\/a><\/span><\/p>\n<div class=\"social-icons share-icons share-row relative\" ><a href=\"whatsapp:\/\/send?text=Filosof%C3%ADa%20empresarial%20de%20Minh%20Duc - https:\/\/minhducfurniture.com\/es\/filosofia-empresarial-de-minh-duc\/\" data-action=\"share\/whatsapp\/share\" class=\"icon primary button round tooltip whatsapp show-for-medium\" title=\"Compartir en WhatsApp\" aria-label=\"Compartir en WhatsApp\"><i class=\"icon-whatsapp\" aria-hidden=\"true\"><\/i><\/a><a href=\"https:\/\/www.facebook.com\/sharer.php?u=https:\/\/minhducfurniture.com\/es\/filosofia-empresarial-de-minh-duc\/\" data-label=\"Facebook\" onclick=\"window.open(this.href,this.title,'width=500,height=500,top=300px,left=300px'); return false;\" target=\"_blank\" class=\"icon primary button round tooltip facebook\" title=\"Compartir en Facebook\" aria-label=\"Compartir en Facebook\" rel=\"noopener nofollow\"><i class=\"icon-facebook\" aria-hidden=\"true\"><\/i><\/a><a href=\"https:\/\/twitter.com\/share?url=https:\/\/minhducfurniture.com\/es\/filosofia-empresarial-de-minh-duc\/\" onclick=\"window.open(this.href,this.title,'width=500,height=500,top=300px,left=300px'); return false;\" target=\"_blank\" class=\"icon primary button round tooltip twitter\" title=\"Compartir en Twitter\" aria-label=\"Compartir en Twitter\" rel=\"noopener nofollow\"><i class=\"icon-twitter\" aria-hidden=\"true\"><\/i><\/a><a href=\"mailto:?subject=Filosof%C3%ADa%20empresarial%20de%20Minh%20Duc&body=Check%20this%20out%3A%20https%3A%2F%2Fminhducfurniture.com%2Fes%2Ffilosofia-empresarial-de-minh-duc%2F\" class=\"icon primary button round tooltip email\" title=\"Env\u00eda por email\" aria-label=\"Env\u00eda por email\" rel=\"nofollow\"><i class=\"icon-envelop\" aria-hidden=\"true\"><\/i><\/a><a href=\"https:\/\/pinterest.com\/pin\/create\/button?url=https:\/\/minhducfurniture.com\/es\/filosofia-empresarial-de-minh-duc\/&media=https:\/\/minhducfurniture.com\/wp-content\/uploads\/2025\/09\/Minh-Duc-Business-Philosophy.jpg&description=Filosof%C3%ADa%20empresarial%20de%20Minh%20Duc\" onclick=\"window.open(this.href,this.title,'width=500,height=500,top=300px,left=300px'); return false;\" target=\"_blank\" class=\"icon primary button round tooltip pinterest\" title=\"Pinear en Pinterest\" aria-label=\"Pinear en Pinterest\" rel=\"noopener nofollow\"><i class=\"icon-pinterest\" aria-hidden=\"true\"><\/i><\/a><a href=\"https:\/\/www.linkedin.com\/shareArticle?mini=true&url=https:\/\/minhducfurniture.com\/es\/filosofia-empresarial-de-minh-duc\/&title=Filosof%C3%ADa%20empresarial%20de%20Minh%20Duc\" onclick=\"window.open(this.href,this.title,'width=500,height=500,top=300px,left=300px'); return false;\" target=\"_blank\" class=\"icon primary button round tooltip linkedin\" title=\"Compartir en LinkedIn\" aria-label=\"Compartir en LinkedIn\" rel=\"noopener nofollow\"><i class=\"icon-linkedin\" aria-hidden=\"true\"><\/i><\/a><\/div>\n","protected":false},"excerpt":{"rendered":"<p>Nuestra filosof\u00eda empresarial En Minh Duc Public Furniture, creemos que los muebles son algo m\u00e1s que un producto: son un reflejo de responsabilidad, artesan\u00eda y confianza. Nuestra filosof\u00eda empresarial se basa en tres principios rectores: atenci\u00f3n al cliente, calidad sin concesiones y sostenibilidad. Dar prioridad a los clientes Nuestros clientes son la base de nuestro [&#8230;]\n","protected":false},"author":1,"featured_media":53238,"parent":0,"menu_order":0,"comment_status":"closed","ping_status":"closed","template":"","meta":{"footnotes":""},"class_list":["post-53237","page","type-page","status-publish","has-post-thumbnail","hentry"],"yoast_head":"<!-- This site is optimized with the Yoast SEO plugin v27.0 - https:\/\/yoast.com\/product\/yoast-seo-wordpress\/ -->\n<title>Filosof\u00eda empresarial de Minh Duc - Minh Duc Furniture<\/title>\n<meta name=\"description\" content=\"Creemos que los muebles son algo m\u00e1s que un producto: son responsabilidad, artesan\u00eda y confianza. Nuestra filosof\u00eda empresarial\" \/>\n<meta name=\"robots\" content=\"index, follow, max-snippet:-1, max-image-preview:large, max-video-preview:-1\" \/>\n<link rel=\"canonical\" href=\"https:\/\/minhducfurniture.com\/es\/filosofia-empresarial-de-minh-duc\/\" \/>\n<meta property=\"og:locale\" content=\"es_ES\" \/>\n<meta property=\"og:type\" content=\"article\" \/>\n<meta property=\"og:title\" content=\"Filosof\u00eda empresarial de Minh Duc - Minh Duc Furniture\" \/>\n<meta property=\"og:description\" content=\"Creemos que los muebles son algo m\u00e1s que un producto: son responsabilidad, artesan\u00eda y confianza. Nuestra filosof\u00eda empresarial\" \/>\n<meta property=\"og:url\" content=\"https:\/\/minhducfurniture.com\/es\/filosofia-empresarial-de-minh-duc\/\" \/>\n<meta property=\"og:site_name\" content=\"Minh Duc Furniture\" \/>\n<meta property=\"article:modified_time\" content=\"2025-09-19T18:00:28+00:00\" \/>\n<meta property=\"og:image\" content=\"https:\/\/minhducfurniture.com\/wp-content\/uploads\/2025\/09\/Minh-Duc-Business-Philosophy.jpg\" \/>\n\t<meta property=\"og:image:width\" content=\"800\" \/>\n\t<meta property=\"og:image:height\" content=\"531\" \/>\n\t<meta property=\"og:image:type\" content=\"image\/jpeg\" \/>\n<meta name=\"twitter:card\" content=\"summary_large_image\" \/>\n<meta name=\"twitter:label1\" content=\"Tiempo de lectura\" \/>\n\t<meta name=\"twitter:data1\" content=\"2 minutos\" \/>\n<script type=\"application\/ld+json\" class=\"yoast-schema-graph\">{\"@context\":\"https:\/\/schema.org\",\"@graph\":[{\"@type\":\"WebPage\",\"@id\":\"https:\/\/minhducfurniture.com\/es\/filosofia-empresarial-de-minh-duc\/\",\"url\":\"https:\/\/minhducfurniture.com\/es\/filosofia-empresarial-de-minh-duc\/\",\"name\":\"Filosof\u00eda empresarial de Minh Duc - Minh Duc Furniture\",\"isPartOf\":{\"@id\":\"https:\/\/minhducfurniture.com\/es\/#website\"},\"primaryImageOfPage\":{\"@id\":\"https:\/\/minhducfurniture.com\/es\/filosofia-empresarial-de-minh-duc\/#primaryimage\"},\"image\":{\"@id\":\"https:\/\/minhducfurniture.com\/es\/filosofia-empresarial-de-minh-duc\/#primaryimage\"},\"thumbnailUrl\":\"https:\/\/minhducfurniture.com\/wp-content\/uploads\/2025\/09\/Minh-Duc-Business-Philosophy.jpg\",\"datePublished\":\"2025-09-14T08:03:37+00:00\",\"dateModified\":\"2025-09-19T18:00:28+00:00\",\"description\":\"Creemos que los muebles son algo m\u00e1s que un producto: son responsabilidad, artesan\u00eda y confianza. Nuestra filosof\u00eda empresarial\",\"breadcrumb\":{\"@id\":\"https:\/\/minhducfurniture.com\/es\/filosofia-empresarial-de-minh-duc\/#breadcrumb\"},\"inLanguage\":\"es\",\"potentialAction\":[{\"@type\":\"ReadAction\",\"target\":[\"https:\/\/minhducfurniture.com\/es\/filosofia-empresarial-de-minh-duc\/\"]}]},{\"@type\":\"ImageObject\",\"inLanguage\":\"es\",\"@id\":\"https:\/\/minhducfurniture.com\/es\/filosofia-empresarial-de-minh-duc\/#primaryimage\",\"url\":\"https:\/\/minhducfurniture.com\/wp-content\/uploads\/2025\/09\/Minh-Duc-Business-Philosophy.jpg\",\"contentUrl\":\"https:\/\/minhducfurniture.com\/wp-content\/uploads\/2025\/09\/Minh-Duc-Business-Philosophy.jpg\",\"width\":800,\"height\":531,\"caption\":\"Minh Duc Business Philosophy\"},{\"@type\":\"BreadcrumbList\",\"@id\":\"https:\/\/minhducfurniture.com\/es\/filosofia-empresarial-de-minh-duc\/#breadcrumb\",\"itemListElement\":[{\"@type\":\"ListItem\",\"position\":1,\"name\":\"Home\",\"item\":\"https:\/\/minhducfurniture.com\/es\/\"},{\"@type\":\"ListItem\",\"position\":2,\"name\":\"Filosof\u00eda empresarial de Minh Duc\"}]},{\"@type\":\"WebSite\",\"@id\":\"https:\/\/minhducfurniture.com\/es\/#website\",\"url\":\"https:\/\/minhducfurniture.com\/es\/\",\"name\":\"Minh Duc Furniture\",\"description\":\"Vietnam Furniture Supplier\",\"publisher\":{\"@id\":\"https:\/\/minhducfurniture.com\/es\/#organization\"},\"alternateName\":\"Vietnam Online Shop\",\"potentialAction\":[{\"@type\":\"SearchAction\",\"target\":{\"@type\":\"EntryPoint\",\"urlTemplate\":\"https:\/\/minhducfurniture.com\/es\/?s={search_term_string}\"},\"query-input\":{\"@type\":\"PropertyValueSpecification\",\"valueRequired\":true,\"valueName\":\"search_term_string\"}}],\"inLanguage\":\"es\"},{\"@type\":\"Organization\",\"@id\":\"https:\/\/minhducfurniture.com\/es\/#organization\",\"name\":\"Minh Duc Furniture\",\"alternateName\":\"Vietnam Furniture Export\",\"url\":\"https:\/\/minhducfurniture.com\/es\/\",\"logo\":{\"@type\":\"ImageObject\",\"inLanguage\":\"es\",\"@id\":\"https:\/\/minhducfurniture.com\/es\/#\/schema\/logo\/image\/\",\"url\":\"\",\"contentUrl\":\"\",\"caption\":\"Minh Duc Furniture\"},\"image\":{\"@id\":\"https:\/\/minhducfurniture.com\/es\/#\/schema\/logo\/image\/\"},\"sameAs\":[\"https:\/\/www.pinterest.com\/hienthaoshop\/pins\/\"]}]}<\/script>\n<!-- \/ Yoast SEO plugin. -->","yoast_head_json":{"title":"Filosof\u00eda empresarial de Minh Duc - Minh Duc Furniture","description":"Creemos que los muebles son algo m\u00e1s que un producto: son responsabilidad, artesan\u00eda y confianza. Nuestra filosof\u00eda empresarial","robots":{"index":"index","follow":"follow","max-snippet":"max-snippet:-1","max-image-preview":"max-image-preview:large","max-video-preview":"max-video-preview:-1"},"canonical":"https:\/\/minhducfurniture.com\/es\/filosofia-empresarial-de-minh-duc\/","og_locale":"es_ES","og_type":"article","og_title":"Filosof\u00eda empresarial de Minh Duc - Minh Duc Furniture","og_description":"Creemos que los muebles son algo m\u00e1s que un producto: son responsabilidad, artesan\u00eda y confianza. Nuestra filosof\u00eda empresarial","og_url":"https:\/\/minhducfurniture.com\/es\/filosofia-empresarial-de-minh-duc\/","og_site_name":"Minh Duc Furniture","article_modified_time":"2025-09-19T18:00:28+00:00","og_image":[{"width":800,"height":531,"url":"https:\/\/minhducfurniture.com\/wp-content\/uploads\/2025\/09\/Minh-Duc-Business-Philosophy.jpg","type":"image\/jpeg"}],"twitter_card":"summary_large_image","twitter_misc":{"Tiempo de lectura":"2 minutos"},"schema":{"@context":"https:\/\/schema.org","@graph":[{"@type":"WebPage","@id":"https:\/\/minhducfurniture.com\/es\/filosofia-empresarial-de-minh-duc\/","url":"https:\/\/minhducfurniture.com\/es\/filosofia-empresarial-de-minh-duc\/","name":"Filosof\u00eda empresarial de Minh Duc - Minh Duc Furniture","isPartOf":{"@id":"https:\/\/minhducfurniture.com\/es\/#website"},"primaryImageOfPage":{"@id":"https:\/\/minhducfurniture.com\/es\/filosofia-empresarial-de-minh-duc\/#primaryimage"},"image":{"@id":"https:\/\/minhducfurniture.com\/es\/filosofia-empresarial-de-minh-duc\/#primaryimage"},"thumbnailUrl":"https:\/\/minhducfurniture.com\/wp-content\/uploads\/2025\/09\/Minh-Duc-Business-Philosophy.jpg","datePublished":"2025-09-14T08:03:37+00:00","dateModified":"2025-09-19T18:00:28+00:00","description":"Creemos que los muebles son algo m\u00e1s que un producto: son responsabilidad, artesan\u00eda y confianza. Nuestra filosof\u00eda empresarial","breadcrumb":{"@id":"https:\/\/minhducfurniture.com\/es\/filosofia-empresarial-de-minh-duc\/#breadcrumb"},"inLanguage":"es","potentialAction":[{"@type":"ReadAction","target":["https:\/\/minhducfurniture.com\/es\/filosofia-empresarial-de-minh-duc\/"]}]},{"@type":"ImageObject","inLanguage":"es","@id":"https:\/\/minhducfurniture.com\/es\/filosofia-empresarial-de-minh-duc\/#primaryimage","url":"https:\/\/minhducfurniture.com\/wp-content\/uploads\/2025\/09\/Minh-Duc-Business-Philosophy.jpg","contentUrl":"https:\/\/minhducfurniture.com\/wp-content\/uploads\/2025\/09\/Minh-Duc-Business-Philosophy.jpg","width":800,"height":531,"caption":"Minh Duc Business Philosophy"},{"@type":"BreadcrumbList","@id":"https:\/\/minhducfurniture.com\/es\/filosofia-empresarial-de-minh-duc\/#breadcrumb","itemListElement":[{"@type":"ListItem","position":1,"name":"Home","item":"https:\/\/minhducfurniture.com\/es\/"},{"@type":"ListItem","position":2,"name":"Filosof\u00eda empresarial de Minh Duc"}]},{"@type":"WebSite","@id":"https:\/\/minhducfurniture.com\/es\/#website","url":"https:\/\/minhducfurniture.com\/es\/","name":"Minh Duc Furniture","description":"Vietnam Furniture Supplier","publisher":{"@id":"https:\/\/minhducfurniture.com\/es\/#organization"},"alternateName":"Vietnam Online Shop","potentialAction":[{"@type":"SearchAction","target":{"@type":"EntryPoint","urlTemplate":"https:\/\/minhducfurniture.com\/es\/?s={search_term_string}"},"query-input":{"@type":"PropertyValueSpecification","valueRequired":true,"valueName":"search_term_string"}}],"inLanguage":"es"},{"@type":"Organization","@id":"https:\/\/minhducfurniture.com\/es\/#organization","name":"Minh Duc Furniture","alternateName":"Vietnam Furniture Export","url":"https:\/\/minhducfurniture.com\/es\/","logo":{"@type":"ImageObject","inLanguage":"es","@id":"https:\/\/minhducfurniture.com\/es\/#\/schema\/logo\/image\/","url":"","contentUrl":"","caption":"Minh Duc Furniture"},"image":{"@id":"https:\/\/minhducfurniture.com\/es\/#\/schema\/logo\/image\/"},"sameAs":["https:\/\/www.pinterest.com\/hienthaoshop\/pins\/"]}]}},"_links":{"self":[{"href":"https:\/\/minhducfurniture.com\/es\/wp-json\/wp\/v2\/pages\/53237","targetHints":{"allow":["GET"]}}],"collection":[{"href":"https:\/\/minhducfurniture.com\/es\/wp-json\/wp\/v2\/pages"}],"about":[{"href":"https:\/\/minhducfurniture.com\/es\/wp-json\/wp\/v2\/types\/page"}],"author":[{"embeddable":true,"href":"https:\/\/minhducfurniture.com\/es\/wp-json\/wp\/v2\/users\/1"}],"replies":[{"embeddable":true,"href":"https:\/\/minhducfurniture.com\/es\/wp-json\/wp\/v2\/comments?post=53237"}],"version-history":[{"count":2,"href":"https:\/\/minhducfurniture.com\/es\/wp-json\/wp\/v2\/pages\/53237\/revisions"}],"predecessor-version":[{"id":53240,"href":"https:\/\/minhducfurniture.com\/es\/wp-json\/wp\/v2\/pages\/53237\/revisions\/53240"}],"wp:featuredmedia":[{"embeddable":true,"href":"https:\/\/minhducfurniture.com\/es\/wp-json\/wp\/v2\/media\/53238"}],"wp:attachment":[{"href":"https:\/\/minhducfurniture.com\/es\/wp-json\/wp\/v2\/media?parent=53237"}],"curies":[{"name":"wp","href":"https:\/\/api.w.org\/{rel}","templated":true}]}}