{"id":53220,"date":"2025-09-11T16:32:52","date_gmt":"2025-09-11T09:32:52","guid":{"rendered":"https:\/\/minhducfurniture.com\/servicios-de-diseno-de-muebles-a-medida\/"},"modified":"2025-09-20T01:00:47","modified_gmt":"2025-09-19T18:00:47","slug":"servicios-de-diseno-de-muebles-a-medida","status":"publish","type":"page","link":"https:\/\/minhducfurniture.com\/es\/servicios-de-diseno-de-muebles-a-medida\/","title":{"rendered":"Servicios de dise\u00f1o de muebles a medida"},"content":{"rendered":"<h2><span style=\"font-size: 85%;\">Servicios de dise\u00f1o de mobiliario a medida para oficinas, viviendas y espacios p\u00fablicos<\/span><\/h2>\n<div>En Minh Duc Public Furniture, creemos que los muebles bien dise\u00f1ados crean una vida y un entorno mejores. Nuestra empresa est\u00e1 especializada en servicios de dise\u00f1o de muebles a medida y planos detallados de producci\u00f3n para una amplia gama de productos, como mobiliario residencial, de oficina y p\u00fablico. Con experiencia interna, nuestro equipo transforma las ideas en dibujos t\u00e9cnicos precisos, garantizando una producci\u00f3n sin fisuras y una calidad constante.<\/div>\n<div>\t<div id=\"gap-1252984859\" class=\"gap-element clearfix\" style=\"display:block; height:auto;\">\n\t\t\n<style>\n#gap-1252984859 {\n  padding-top: 15px;\n}\n<\/style>\n\t<\/div>\n\t<\/div>\n<div>Dise\u00f1amos pupitres y sillas escolares ergon\u00f3micos, modernos muebles de oficina y elegantes soluciones para el hogar que equilibran comodidad, durabilidad y est\u00e9tica. Cada producto est\u00e1 cuidadosamente dise\u00f1ado para ser funcional y duradero. \t<div id=\"gap-898821689\" class=\"gap-element clearfix\" style=\"display:block; height:auto;\">\n\t\t\n<style>\n#gap-898821689 {\n  padding-top: 15px;\n}\n<\/style>\n\t<\/div>\n\t<\/div>\n<div><\/div>\n<div>\n<figure id=\"attachment_52863\" aria-describedby=\"caption-attachment-52863\" style=\"width: 800px\" class=\"wp-caption aligncenter\"><img decoding=\"async\" class=\"size-full wp-image-52863\" src=\"https:\/\/minhducfurniture.com\/wp-content\/uploads\/2025\/09\/Table-and-chair-design-for-a-restaurant.jpg\" alt=\"Dise\u00f1o de mesas y sillas para un restaurante\" width=\"800\" height=\"521\" srcset=\"https:\/\/minhducfurniture.com\/wp-content\/uploads\/2025\/09\/Table-and-chair-design-for-a-restaurant.jpg 800w, https:\/\/minhducfurniture.com\/wp-content\/uploads\/2025\/09\/Table-and-chair-design-for-a-restaurant-510x332.jpg 510w, https:\/\/minhducfurniture.com\/wp-content\/uploads\/2025\/09\/Table-and-chair-design-for-a-restaurant-614x400.jpg 614w, https:\/\/minhducfurniture.com\/wp-content\/uploads\/2025\/09\/Table-and-chair-design-for-a-restaurant-768x500.jpg 768w\" sizes=\"(max-width: 800px) 100vw, 800px\" \/><figcaption id=\"caption-attachment-52863\" class=\"wp-caption-text\">Dise\u00f1o de mesas y sillas para un restaurante<\/figcaption><\/figure>\n<\/div>\n<div>\n<h3>Transformar espacios con un dise\u00f1o de mobiliario innovador<\/h3>\n<div>Mediante un dise\u00f1o innovador, una fabricaci\u00f3n avanzada y una personalizaci\u00f3n flexible, Minh Duc Public Furniture se dedica a ofrecer soluciones fiables tanto a clientes locales como internacionales. Ya sea para escuelas, oficinas u hogares, nuestra misi\u00f3n es dise\u00f1ar muebles que mejoren la forma en que la gente vive, aprende y trabaja.<\/div>\n<\/div>\n<div>\t<div id=\"gap-931450455\" class=\"gap-element clearfix\" style=\"display:block; height:auto;\">\n\t\t\n<style>\n#gap-931450455 {\n  padding-top: 15px;\n}\n<\/style>\n\t<\/div>\n\t<\/div>\n<div>Con capacidad de dise\u00f1o innovador, fabricaci\u00f3n avanzada y servicios OEM\/ODM flexibles, Minh Duc es un socio de confianza para los clientes que buscan soluciones de mobiliario fiables que cumplan las normas internacionales y mejoren la forma en que las personas viven, aprenden y trabajan.<\/div>\n<div>\t<div id=\"gap-2646834\" class=\"gap-element clearfix\" style=\"display:block; height:auto;\">\n\t\t\n<style>\n#gap-2646834 {\n  padding-top: 15px;\n}\n<\/style>\n\t<\/div>\n\t<\/div>\n<div>Al elegirnos, puedes confiar plenamente en nuestra capacidad para <strong data-start=\"158\" data-end=\"208\">dise\u00f1ar y desarrollar productos de mobiliario detallados<\/strong>. Si quieres saber m\u00e1s sobre nuestra experiencia y capacidad de fabricaci\u00f3n, haz clic <span style=\"color: #008080;\"><a style=\"color: #008080;\" href=\"https:\/\/minhducfurniture.com\/es\/servicios-de-fabricacion-de-muebles\/\">aqu\u00ed<\/a><\/span> para obtener m\u00e1s informaci\u00f3n.<\/div>\n<div>\t<div id=\"gap-1714455907\" class=\"gap-element clearfix\" style=\"display:block; height:auto;\">\n\t\t\n<style>\n#gap-1714455907 {\n  padding-top: 15px;\n}\n<\/style>\n\t<\/div>\n\t<\/div>\n<div>\u00bfBuscas informaci\u00f3n sobre productos y otros servicios? Visita nuestra <span style=\"color: #008080;\"><a style=\"color: #008080;\" href=\"https:\/\/minhducfurniture.com\/es\/\">P\u00c1GINA DE INICIO<\/a><\/span>.<\/div>\n<div>\t<div id=\"gap-1757924439\" class=\"gap-element clearfix\" style=\"display:block; height:auto;\">\n\t\t\n<style>\n#gap-1757924439 {\n  padding-top: 15px;\n}\n<\/style>\n\t<\/div>\n\t<\/div>\n<div><div class=\"social-icons share-icons share-row relative\" ><a href=\"whatsapp:\/\/send?text=Servicios%20de%20dise%C3%B1o%20de%20muebles%20a%20medida - https:\/\/minhducfurniture.com\/es\/servicios-de-diseno-de-muebles-a-medida\/\" data-action=\"share\/whatsapp\/share\" class=\"icon primary button round tooltip whatsapp show-for-medium\" title=\"Compartir en WhatsApp\" aria-label=\"Compartir en WhatsApp\"><i class=\"icon-whatsapp\" aria-hidden=\"true\"><\/i><\/a><a href=\"https:\/\/www.facebook.com\/sharer.php?u=https:\/\/minhducfurniture.com\/es\/servicios-de-diseno-de-muebles-a-medida\/\" data-label=\"Facebook\" onclick=\"window.open(this.href,this.title,'width=500,height=500,top=300px,left=300px'); return false;\" target=\"_blank\" class=\"icon primary button round tooltip facebook\" title=\"Compartir en Facebook\" aria-label=\"Compartir en Facebook\" rel=\"noopener nofollow\"><i class=\"icon-facebook\" aria-hidden=\"true\"><\/i><\/a><a href=\"https:\/\/twitter.com\/share?url=https:\/\/minhducfurniture.com\/es\/servicios-de-diseno-de-muebles-a-medida\/\" onclick=\"window.open(this.href,this.title,'width=500,height=500,top=300px,left=300px'); return false;\" target=\"_blank\" class=\"icon primary button round tooltip twitter\" title=\"Compartir en Twitter\" aria-label=\"Compartir en Twitter\" rel=\"noopener nofollow\"><i class=\"icon-twitter\" aria-hidden=\"true\"><\/i><\/a><a href=\"mailto:?subject=Servicios%20de%20dise%C3%B1o%20de%20muebles%20a%20medida&body=Check%20this%20out%3A%20https%3A%2F%2Fminhducfurniture.com%2Fes%2Fservicios-de-diseno-de-muebles-a-medida%2F\" class=\"icon primary button round tooltip email\" title=\"Env\u00eda por email\" aria-label=\"Env\u00eda por email\" rel=\"nofollow\"><i class=\"icon-envelop\" aria-hidden=\"true\"><\/i><\/a><a href=\"https:\/\/pinterest.com\/pin\/create\/button?url=https:\/\/minhducfurniture.com\/es\/servicios-de-diseno-de-muebles-a-medida\/&media=https:\/\/minhducfurniture.com\/wp-content\/uploads\/2025\/09\/Custom-Furniture-Design-Services.jpg&description=Servicios%20de%20dise%C3%B1o%20de%20muebles%20a%20medida\" onclick=\"window.open(this.href,this.title,'width=500,height=500,top=300px,left=300px'); return false;\" target=\"_blank\" class=\"icon primary button round tooltip pinterest\" title=\"Pinear en Pinterest\" aria-label=\"Pinear en Pinterest\" rel=\"noopener nofollow\"><i class=\"icon-pinterest\" aria-hidden=\"true\"><\/i><\/a><a href=\"https:\/\/www.linkedin.com\/shareArticle?mini=true&url=https:\/\/minhducfurniture.com\/es\/servicios-de-diseno-de-muebles-a-medida\/&title=Servicios%20de%20dise%C3%B1o%20de%20muebles%20a%20medida\" onclick=\"window.open(this.href,this.title,'width=500,height=500,top=300px,left=300px'); return false;\" target=\"_blank\" class=\"icon primary button round tooltip linkedin\" title=\"Compartir en LinkedIn\" aria-label=\"Compartir en LinkedIn\" rel=\"noopener nofollow\"><i class=\"icon-linkedin\" aria-hidden=\"true\"><\/i><\/a><\/div><\/div>\n","protected":false},"excerpt":{"rendered":"<p>Servicios de dise\u00f1o de mobiliario a medida para oficinas, viviendas y espacios p\u00fablicos En Minh Duc Public Furniture, creemos que los muebles bien dise\u00f1ados crean una vida y un entorno mejores. Nuestra empresa est\u00e1 especializada en servicios de dise\u00f1o de muebles a medida y planos detallados de producci\u00f3n para una amplia gama de productos, como [&#8230;]\n","protected":false},"author":1,"featured_media":53221,"parent":0,"menu_order":0,"comment_status":"closed","ping_status":"closed","template":"","meta":{"footnotes":""},"class_list":["post-53220","page","type-page","status-publish","has-post-thumbnail","hentry"],"yoast_head":"<!-- This site is optimized with the Yoast SEO plugin v27.0 - https:\/\/yoast.com\/product\/yoast-seo-wordpress\/ -->\n<title>Servicios de dise\u00f1o de muebles a medida - Minh Duc Furniture<\/title>\n<meta name=\"description\" content=\"Creemos que los muebles bien dise\u00f1ados crean una vida y un entorno mejores. Nuestra empresa est\u00e1 especializada en servicios de dise\u00f1o de muebles a medida\" \/>\n<meta name=\"robots\" content=\"index, follow, max-snippet:-1, max-image-preview:large, max-video-preview:-1\" \/>\n<link rel=\"canonical\" href=\"https:\/\/minhducfurniture.com\/es\/servicios-de-diseno-de-muebles-a-medida\/\" \/>\n<meta property=\"og:locale\" content=\"es_ES\" \/>\n<meta property=\"og:type\" content=\"article\" \/>\n<meta property=\"og:title\" content=\"Servicios de dise\u00f1o de muebles a medida - Minh Duc Furniture\" \/>\n<meta property=\"og:description\" content=\"Creemos que los muebles bien dise\u00f1ados crean una vida y un entorno mejores. Nuestra empresa est\u00e1 especializada en servicios de dise\u00f1o de muebles a medida\" \/>\n<meta property=\"og:url\" content=\"https:\/\/minhducfurniture.com\/es\/servicios-de-diseno-de-muebles-a-medida\/\" \/>\n<meta property=\"og:site_name\" content=\"Minh Duc Furniture\" \/>\n<meta property=\"article:modified_time\" content=\"2025-09-19T18:00:47+00:00\" \/>\n<meta property=\"og:image\" content=\"https:\/\/minhducfurniture.com\/wp-content\/uploads\/2025\/09\/Custom-Furniture-Design-Services.jpg\" \/>\n\t<meta property=\"og:image:width\" content=\"750\" \/>\n\t<meta property=\"og:image:height\" content=\"605\" \/>\n\t<meta property=\"og:image:type\" content=\"image\/jpeg\" \/>\n<meta name=\"twitter:card\" content=\"summary_large_image\" \/>\n<meta name=\"twitter:label1\" content=\"Tiempo de lectura\" \/>\n\t<meta name=\"twitter:data1\" content=\"2 minutos\" \/>\n<script type=\"application\/ld+json\" class=\"yoast-schema-graph\">{\"@context\":\"https:\/\/schema.org\",\"@graph\":[{\"@type\":\"WebPage\",\"@id\":\"https:\/\/minhducfurniture.com\/es\/servicios-de-diseno-de-muebles-a-medida\/\",\"url\":\"https:\/\/minhducfurniture.com\/es\/servicios-de-diseno-de-muebles-a-medida\/\",\"name\":\"Servicios de dise\u00f1o de muebles a medida - Minh Duc Furniture\",\"isPartOf\":{\"@id\":\"https:\/\/minhducfurniture.com\/es\/#website\"},\"primaryImageOfPage\":{\"@id\":\"https:\/\/minhducfurniture.com\/es\/servicios-de-diseno-de-muebles-a-medida\/#primaryimage\"},\"image\":{\"@id\":\"https:\/\/minhducfurniture.com\/es\/servicios-de-diseno-de-muebles-a-medida\/#primaryimage\"},\"thumbnailUrl\":\"https:\/\/minhducfurniture.com\/wp-content\/uploads\/2025\/09\/Custom-Furniture-Design-Services.jpg\",\"datePublished\":\"2025-09-11T09:32:52+00:00\",\"dateModified\":\"2025-09-19T18:00:47+00:00\",\"description\":\"Creemos que los muebles bien dise\u00f1ados crean una vida y un entorno mejores. Nuestra empresa est\u00e1 especializada en servicios de dise\u00f1o de muebles a medida\",\"breadcrumb\":{\"@id\":\"https:\/\/minhducfurniture.com\/es\/servicios-de-diseno-de-muebles-a-medida\/#breadcrumb\"},\"inLanguage\":\"es\",\"potentialAction\":[{\"@type\":\"ReadAction\",\"target\":[\"https:\/\/minhducfurniture.com\/es\/servicios-de-diseno-de-muebles-a-medida\/\"]}]},{\"@type\":\"ImageObject\",\"inLanguage\":\"es\",\"@id\":\"https:\/\/minhducfurniture.com\/es\/servicios-de-diseno-de-muebles-a-medida\/#primaryimage\",\"url\":\"https:\/\/minhducfurniture.com\/wp-content\/uploads\/2025\/09\/Custom-Furniture-Design-Services.jpg\",\"contentUrl\":\"https:\/\/minhducfurniture.com\/wp-content\/uploads\/2025\/09\/Custom-Furniture-Design-Services.jpg\",\"width\":750,\"height\":605,\"caption\":\"Custom Furniture Design Services\"},{\"@type\":\"BreadcrumbList\",\"@id\":\"https:\/\/minhducfurniture.com\/es\/servicios-de-diseno-de-muebles-a-medida\/#breadcrumb\",\"itemListElement\":[{\"@type\":\"ListItem\",\"position\":1,\"name\":\"Home\",\"item\":\"https:\/\/minhducfurniture.com\/es\/\"},{\"@type\":\"ListItem\",\"position\":2,\"name\":\"Servicios de dise\u00f1o de muebles a medida\"}]},{\"@type\":\"WebSite\",\"@id\":\"https:\/\/minhducfurniture.com\/es\/#website\",\"url\":\"https:\/\/minhducfurniture.com\/es\/\",\"name\":\"Minh Duc Furniture\",\"description\":\"Vietnam Furniture Supplier\",\"publisher\":{\"@id\":\"https:\/\/minhducfurniture.com\/es\/#organization\"},\"alternateName\":\"Vietnam Online Shop\",\"potentialAction\":[{\"@type\":\"SearchAction\",\"target\":{\"@type\":\"EntryPoint\",\"urlTemplate\":\"https:\/\/minhducfurniture.com\/es\/?s={search_term_string}\"},\"query-input\":{\"@type\":\"PropertyValueSpecification\",\"valueRequired\":true,\"valueName\":\"search_term_string\"}}],\"inLanguage\":\"es\"},{\"@type\":\"Organization\",\"@id\":\"https:\/\/minhducfurniture.com\/es\/#organization\",\"name\":\"Minh Duc Furniture\",\"alternateName\":\"Vietnam Furniture Export\",\"url\":\"https:\/\/minhducfurniture.com\/es\/\",\"logo\":{\"@type\":\"ImageObject\",\"inLanguage\":\"es\",\"@id\":\"https:\/\/minhducfurniture.com\/es\/#\/schema\/logo\/image\/\",\"url\":\"\",\"contentUrl\":\"\",\"caption\":\"Minh Duc Furniture\"},\"image\":{\"@id\":\"https:\/\/minhducfurniture.com\/es\/#\/schema\/logo\/image\/\"},\"sameAs\":[\"https:\/\/www.pinterest.com\/hienthaoshop\/pins\/\"]}]}<\/script>\n<!-- \/ Yoast SEO plugin. -->","yoast_head_json":{"title":"Servicios de dise\u00f1o de muebles a medida - Minh Duc Furniture","description":"Creemos que los muebles bien dise\u00f1ados crean una vida y un entorno mejores. Nuestra empresa est\u00e1 especializada en servicios de dise\u00f1o de muebles a medida","robots":{"index":"index","follow":"follow","max-snippet":"max-snippet:-1","max-image-preview":"max-image-preview:large","max-video-preview":"max-video-preview:-1"},"canonical":"https:\/\/minhducfurniture.com\/es\/servicios-de-diseno-de-muebles-a-medida\/","og_locale":"es_ES","og_type":"article","og_title":"Servicios de dise\u00f1o de muebles a medida - Minh Duc Furniture","og_description":"Creemos que los muebles bien dise\u00f1ados crean una vida y un entorno mejores. Nuestra empresa est\u00e1 especializada en servicios de dise\u00f1o de muebles a medida","og_url":"https:\/\/minhducfurniture.com\/es\/servicios-de-diseno-de-muebles-a-medida\/","og_site_name":"Minh Duc Furniture","article_modified_time":"2025-09-19T18:00:47+00:00","og_image":[{"width":750,"height":605,"url":"https:\/\/minhducfurniture.com\/wp-content\/uploads\/2025\/09\/Custom-Furniture-Design-Services.jpg","type":"image\/jpeg"}],"twitter_card":"summary_large_image","twitter_misc":{"Tiempo de lectura":"2 minutos"},"schema":{"@context":"https:\/\/schema.org","@graph":[{"@type":"WebPage","@id":"https:\/\/minhducfurniture.com\/es\/servicios-de-diseno-de-muebles-a-medida\/","url":"https:\/\/minhducfurniture.com\/es\/servicios-de-diseno-de-muebles-a-medida\/","name":"Servicios de dise\u00f1o de muebles a medida - Minh Duc Furniture","isPartOf":{"@id":"https:\/\/minhducfurniture.com\/es\/#website"},"primaryImageOfPage":{"@id":"https:\/\/minhducfurniture.com\/es\/servicios-de-diseno-de-muebles-a-medida\/#primaryimage"},"image":{"@id":"https:\/\/minhducfurniture.com\/es\/servicios-de-diseno-de-muebles-a-medida\/#primaryimage"},"thumbnailUrl":"https:\/\/minhducfurniture.com\/wp-content\/uploads\/2025\/09\/Custom-Furniture-Design-Services.jpg","datePublished":"2025-09-11T09:32:52+00:00","dateModified":"2025-09-19T18:00:47+00:00","description":"Creemos que los muebles bien dise\u00f1ados crean una vida y un entorno mejores. Nuestra empresa est\u00e1 especializada en servicios de dise\u00f1o de muebles a medida","breadcrumb":{"@id":"https:\/\/minhducfurniture.com\/es\/servicios-de-diseno-de-muebles-a-medida\/#breadcrumb"},"inLanguage":"es","potentialAction":[{"@type":"ReadAction","target":["https:\/\/minhducfurniture.com\/es\/servicios-de-diseno-de-muebles-a-medida\/"]}]},{"@type":"ImageObject","inLanguage":"es","@id":"https:\/\/minhducfurniture.com\/es\/servicios-de-diseno-de-muebles-a-medida\/#primaryimage","url":"https:\/\/minhducfurniture.com\/wp-content\/uploads\/2025\/09\/Custom-Furniture-Design-Services.jpg","contentUrl":"https:\/\/minhducfurniture.com\/wp-content\/uploads\/2025\/09\/Custom-Furniture-Design-Services.jpg","width":750,"height":605,"caption":"Custom Furniture Design Services"},{"@type":"BreadcrumbList","@id":"https:\/\/minhducfurniture.com\/es\/servicios-de-diseno-de-muebles-a-medida\/#breadcrumb","itemListElement":[{"@type":"ListItem","position":1,"name":"Home","item":"https:\/\/minhducfurniture.com\/es\/"},{"@type":"ListItem","position":2,"name":"Servicios de dise\u00f1o de muebles a medida"}]},{"@type":"WebSite","@id":"https:\/\/minhducfurniture.com\/es\/#website","url":"https:\/\/minhducfurniture.com\/es\/","name":"Minh Duc Furniture","description":"Vietnam Furniture Supplier","publisher":{"@id":"https:\/\/minhducfurniture.com\/es\/#organization"},"alternateName":"Vietnam Online Shop","potentialAction":[{"@type":"SearchAction","target":{"@type":"EntryPoint","urlTemplate":"https:\/\/minhducfurniture.com\/es\/?s={search_term_string}"},"query-input":{"@type":"PropertyValueSpecification","valueRequired":true,"valueName":"search_term_string"}}],"inLanguage":"es"},{"@type":"Organization","@id":"https:\/\/minhducfurniture.com\/es\/#organization","name":"Minh Duc Furniture","alternateName":"Vietnam Furniture Export","url":"https:\/\/minhducfurniture.com\/es\/","logo":{"@type":"ImageObject","inLanguage":"es","@id":"https:\/\/minhducfurniture.com\/es\/#\/schema\/logo\/image\/","url":"","contentUrl":"","caption":"Minh Duc Furniture"},"image":{"@id":"https:\/\/minhducfurniture.com\/es\/#\/schema\/logo\/image\/"},"sameAs":["https:\/\/www.pinterest.com\/hienthaoshop\/pins\/"]}]}},"_links":{"self":[{"href":"https:\/\/minhducfurniture.com\/es\/wp-json\/wp\/v2\/pages\/53220","targetHints":{"allow":["GET"]}}],"collection":[{"href":"https:\/\/minhducfurniture.com\/es\/wp-json\/wp\/v2\/pages"}],"about":[{"href":"https:\/\/minhducfurniture.com\/es\/wp-json\/wp\/v2\/types\/page"}],"author":[{"embeddable":true,"href":"https:\/\/minhducfurniture.com\/es\/wp-json\/wp\/v2\/users\/1"}],"replies":[{"embeddable":true,"href":"https:\/\/minhducfurniture.com\/es\/wp-json\/wp\/v2\/comments?post=53220"}],"version-history":[{"count":5,"href":"https:\/\/minhducfurniture.com\/es\/wp-json\/wp\/v2\/pages\/53220\/revisions"}],"predecessor-version":[{"id":53484,"href":"https:\/\/minhducfurniture.com\/es\/wp-json\/wp\/v2\/pages\/53220\/revisions\/53484"}],"wp:featuredmedia":[{"embeddable":true,"href":"https:\/\/minhducfurniture.com\/es\/wp-json\/wp\/v2\/media\/53221"}],"wp:attachment":[{"href":"https:\/\/minhducfurniture.com\/es\/wp-json\/wp\/v2\/media?parent=53220"}],"curies":[{"name":"wp","href":"https:\/\/api.w.org\/{rel}","templated":true}]}}