{"id":53192,"date":"2025-09-11T18:21:08","date_gmt":"2025-09-11T11:21:08","guid":{"rendered":"https:\/\/minhducfurniture.com\/servicio-de-entrega-internacional-de-muebles-sencillo-y-fiable\/"},"modified":"2025-09-20T01:00:44","modified_gmt":"2025-09-19T18:00:44","slug":"servicio-de-entrega-internacional-de-muebles-sencillo-y-fiable","status":"publish","type":"page","link":"https:\/\/minhducfurniture.com\/es\/servicio-de-entrega-internacional-de-muebles-sencillo-y-fiable\/","title":{"rendered":"Servicio de entrega internacional de muebles sencillo y fiable"},"content":{"rendered":"<h2><span style=\"font-size: 90%;\">Servicio Internacional de Entrega de Muebles desde Vietnam al mundo<\/span><\/h2>\n<p>Nuestro objetivo es exportar nuestros productos a todo el mundo, por eso hemos desarrollado un s\u00f3lido Servicio Internacional de Env\u00edo de Muebles a m\u00faltiples destinos. Queremos hacer que el env\u00edo internacional de muebles sea seguro, sencillo y sin estr\u00e9s. Con a\u00f1os de experiencia en exportaci\u00f3n y log\u00edstica, nos aseguramos de que cada producto llegue a nuestros clientes de todo el mundo a tiempo y en perfectas condiciones.<\/p>\n<h3>Embalaje seguro<\/h3>\n<p>Nuestros muebles se embalan cuidadosamente con materiales est\u00e1ndar internacionales, como cajas de cart\u00f3n, pl\u00e1stico de burbujas, espuma de PE y correas de PP. Para productos pesados o de gran tama\u00f1o, proporcionamos pal\u00e9s y cajas de madera a medida, que protegen tu mercanc\u00eda de ara\u00f1azos, golpes y humedad durante el transporte de larga distancia.<\/p>\n<figure id=\"attachment_52910\" aria-describedby=\"caption-attachment-52910\" style=\"width: 800px\" class=\"wp-caption aligncenter\"><img decoding=\"async\" class=\"size-full wp-image-52910\" src=\"https:\/\/minhducfurniture.com\/wp-content\/uploads\/2025\/09\/Multi-delivery-service-to-worldwide.jpg\" alt=\"Servicio de entrega m\u00faltiple a todo el mundo\" width=\"800\" height=\"483\" srcset=\"https:\/\/minhducfurniture.com\/wp-content\/uploads\/2025\/09\/Multi-delivery-service-to-worldwide.jpg 800w, https:\/\/minhducfurniture.com\/wp-content\/uploads\/2025\/09\/Multi-delivery-service-to-worldwide-510x308.jpg 510w, https:\/\/minhducfurniture.com\/wp-content\/uploads\/2025\/09\/Multi-delivery-service-to-worldwide-663x400.jpg 663w, https:\/\/minhducfurniture.com\/wp-content\/uploads\/2025\/09\/Multi-delivery-service-to-worldwide-768x464.jpg 768w\" sizes=\"(max-width: 800px) 100vw, 800px\" \/><figcaption id=\"caption-attachment-52910\" class=\"wp-caption-text\">Servicio de entrega m\u00faltiple a todo el mundo<\/figcaption><\/figure>\n<h4>Env\u00edo mundial fiable<\/h4>\n<p>Mediante asociaciones con proveedores log\u00edsticos de confianza, gestionamos entregas en todo el mundo por mar, aire y tierra. Desde cargas de contenedor completo (FCL) a cargas de menos de un contenedor (LCL), organizamos el m\u00e9todo de env\u00edo m\u00e1s eficaz y rentable para cada proyecto.<\/p>\n<h4>Proceso sin complicaciones<\/h4>\n<p>Minh Duc se encarga de toda la documentaci\u00f3n de exportaci\u00f3n, el despacho de aduanas y los certificados para garantizar un proceso fluido desde nuestra f\u00e1brica en Vietnam hasta tu destino. Nuestro objetivo es que la entrega internacional de muebles sea f\u00e1cil, fiable y sin preocupaciones para nuestros clientes. Al hacernos un pedido, puedes estar seguro de que el env\u00edo se gestionar\u00e1 con facilidad. Hacemos que el proceso sea sencillo, r\u00e1pido y seguro.<\/p>\n<p>Si necesitas m\u00e1s informaci\u00f3n sobre nuestros productos y servicios, visita nuestra <span style=\"color: #008080;\"><a style=\"color: #008080;\" href=\"https:\/\/minhducfurniture.com\/es\/\">P\u00c1GINA DE INICIO<\/a><\/span>. Gracias por tu tiempo.<\/p>\n<div class=\"social-icons share-icons share-row relative\" ><a href=\"whatsapp:\/\/send?text=Servicio%20de%20entrega%20internacional%20de%20muebles%20sencillo%20y%20fiable - https:\/\/minhducfurniture.com\/es\/servicio-de-entrega-internacional-de-muebles-sencillo-y-fiable\/\" data-action=\"share\/whatsapp\/share\" class=\"icon primary button round tooltip whatsapp show-for-medium\" title=\"Compartir en WhatsApp\" aria-label=\"Compartir en WhatsApp\"><i class=\"icon-whatsapp\" aria-hidden=\"true\"><\/i><\/a><a href=\"https:\/\/www.facebook.com\/sharer.php?u=https:\/\/minhducfurniture.com\/es\/servicio-de-entrega-internacional-de-muebles-sencillo-y-fiable\/\" data-label=\"Facebook\" onclick=\"window.open(this.href,this.title,'width=500,height=500,top=300px,left=300px'); return false;\" target=\"_blank\" class=\"icon primary button round tooltip facebook\" title=\"Compartir en Facebook\" aria-label=\"Compartir en Facebook\" rel=\"noopener nofollow\"><i class=\"icon-facebook\" aria-hidden=\"true\"><\/i><\/a><a href=\"https:\/\/twitter.com\/share?url=https:\/\/minhducfurniture.com\/es\/servicio-de-entrega-internacional-de-muebles-sencillo-y-fiable\/\" onclick=\"window.open(this.href,this.title,'width=500,height=500,top=300px,left=300px'); return false;\" target=\"_blank\" class=\"icon primary button round tooltip twitter\" title=\"Compartir en Twitter\" aria-label=\"Compartir en Twitter\" rel=\"noopener nofollow\"><i class=\"icon-twitter\" aria-hidden=\"true\"><\/i><\/a><a href=\"mailto:?subject=Servicio%20de%20entrega%20internacional%20de%20muebles%20sencillo%20y%20fiable&body=Check%20this%20out%3A%20https%3A%2F%2Fminhducfurniture.com%2Fes%2Fservicio-de-entrega-internacional-de-muebles-sencillo-y-fiable%2F\" class=\"icon primary button round tooltip email\" title=\"Env\u00eda por email\" aria-label=\"Env\u00eda por email\" rel=\"nofollow\"><i class=\"icon-envelop\" aria-hidden=\"true\"><\/i><\/a><a href=\"https:\/\/pinterest.com\/pin\/create\/button?url=https:\/\/minhducfurniture.com\/es\/servicio-de-entrega-internacional-de-muebles-sencillo-y-fiable\/&media=https:\/\/minhducfurniture.com\/wp-content\/uploads\/2025\/09\/International-Furniture-Delivery-Service.jpg&description=Servicio%20de%20entrega%20internacional%20de%20muebles%20sencillo%20y%20fiable\" onclick=\"window.open(this.href,this.title,'width=500,height=500,top=300px,left=300px'); return false;\" target=\"_blank\" class=\"icon primary button round tooltip pinterest\" title=\"Pinear en Pinterest\" aria-label=\"Pinear en Pinterest\" rel=\"noopener nofollow\"><i class=\"icon-pinterest\" aria-hidden=\"true\"><\/i><\/a><a href=\"https:\/\/www.linkedin.com\/shareArticle?mini=true&url=https:\/\/minhducfurniture.com\/es\/servicio-de-entrega-internacional-de-muebles-sencillo-y-fiable\/&title=Servicio%20de%20entrega%20internacional%20de%20muebles%20sencillo%20y%20fiable\" onclick=\"window.open(this.href,this.title,'width=500,height=500,top=300px,left=300px'); return false;\" target=\"_blank\" class=\"icon primary button round tooltip linkedin\" title=\"Compartir en LinkedIn\" aria-label=\"Compartir en LinkedIn\" rel=\"noopener nofollow\"><i class=\"icon-linkedin\" aria-hidden=\"true\"><\/i><\/a><\/div>\n","protected":false},"excerpt":{"rendered":"<p>Servicio Internacional de Entrega de Muebles desde Vietnam al mundo Nuestro objetivo es exportar nuestros productos a todo el mundo, por eso hemos desarrollado un s\u00f3lido Servicio Internacional de Env\u00edo de Muebles a m\u00faltiples destinos. Queremos hacer que el env\u00edo internacional de muebles sea seguro, sencillo y sin estr\u00e9s. Con a\u00f1os de experiencia en exportaci\u00f3n [&#8230;]\n","protected":false},"author":1,"featured_media":53193,"parent":0,"menu_order":0,"comment_status":"closed","ping_status":"closed","template":"","meta":{"footnotes":""},"class_list":["post-53192","page","type-page","status-publish","has-post-thumbnail","hentry"],"yoast_head":"<!-- This site is optimized with the Yoast SEO plugin v27.0 - https:\/\/yoast.com\/product\/yoast-seo-wordpress\/ -->\n<title>Servicio de entrega internacional de muebles sencillo y fiable - Minh Duc Furniture<\/title>\n<meta name=\"description\" content=\"Nuestro objetivo es exportar nuestros productos a todo el mundo, por eso hemos desarrollado un s\u00f3lido Servicio Internacional de Entrega de Muebles\" \/>\n<meta name=\"robots\" content=\"index, follow, max-snippet:-1, max-image-preview:large, max-video-preview:-1\" \/>\n<link rel=\"canonical\" href=\"https:\/\/minhducfurniture.com\/es\/servicio-de-entrega-internacional-de-muebles-sencillo-y-fiable\/\" \/>\n<meta property=\"og:locale\" content=\"es_ES\" \/>\n<meta property=\"og:type\" content=\"article\" \/>\n<meta property=\"og:title\" content=\"Servicio de entrega internacional de muebles sencillo y fiable - Minh Duc Furniture\" \/>\n<meta property=\"og:description\" content=\"Nuestro objetivo es exportar nuestros productos a todo el mundo, por eso hemos desarrollado un s\u00f3lido Servicio Internacional de Entrega de Muebles\" \/>\n<meta property=\"og:url\" content=\"https:\/\/minhducfurniture.com\/es\/servicio-de-entrega-internacional-de-muebles-sencillo-y-fiable\/\" \/>\n<meta property=\"og:site_name\" content=\"Minh Duc Furniture\" \/>\n<meta property=\"article:modified_time\" content=\"2025-09-19T18:00:44+00:00\" \/>\n<meta property=\"og:image\" content=\"https:\/\/minhducfurniture.com\/wp-content\/uploads\/2025\/09\/International-Furniture-Delivery-Service.jpg\" \/>\n\t<meta property=\"og:image:width\" content=\"700\" \/>\n\t<meta property=\"og:image:height\" content=\"515\" \/>\n\t<meta property=\"og:image:type\" content=\"image\/jpeg\" \/>\n<meta name=\"twitter:card\" content=\"summary_large_image\" \/>\n<meta name=\"twitter:label1\" content=\"Tiempo de lectura\" \/>\n\t<meta name=\"twitter:data1\" content=\"2 minutos\" \/>\n<script type=\"application\/ld+json\" class=\"yoast-schema-graph\">{\"@context\":\"https:\/\/schema.org\",\"@graph\":[{\"@type\":\"WebPage\",\"@id\":\"https:\/\/minhducfurniture.com\/es\/servicio-de-entrega-internacional-de-muebles-sencillo-y-fiable\/\",\"url\":\"https:\/\/minhducfurniture.com\/es\/servicio-de-entrega-internacional-de-muebles-sencillo-y-fiable\/\",\"name\":\"Servicio de entrega internacional de muebles sencillo y fiable - Minh Duc Furniture\",\"isPartOf\":{\"@id\":\"https:\/\/minhducfurniture.com\/es\/#website\"},\"primaryImageOfPage\":{\"@id\":\"https:\/\/minhducfurniture.com\/es\/servicio-de-entrega-internacional-de-muebles-sencillo-y-fiable\/#primaryimage\"},\"image\":{\"@id\":\"https:\/\/minhducfurniture.com\/es\/servicio-de-entrega-internacional-de-muebles-sencillo-y-fiable\/#primaryimage\"},\"thumbnailUrl\":\"https:\/\/minhducfurniture.com\/wp-content\/uploads\/2025\/09\/International-Furniture-Delivery-Service.jpg\",\"datePublished\":\"2025-09-11T11:21:08+00:00\",\"dateModified\":\"2025-09-19T18:00:44+00:00\",\"description\":\"Nuestro objetivo es exportar nuestros productos a todo el mundo, por eso hemos desarrollado un s\u00f3lido Servicio Internacional de Entrega de Muebles\",\"breadcrumb\":{\"@id\":\"https:\/\/minhducfurniture.com\/es\/servicio-de-entrega-internacional-de-muebles-sencillo-y-fiable\/#breadcrumb\"},\"inLanguage\":\"es\",\"potentialAction\":[{\"@type\":\"ReadAction\",\"target\":[\"https:\/\/minhducfurniture.com\/es\/servicio-de-entrega-internacional-de-muebles-sencillo-y-fiable\/\"]}]},{\"@type\":\"ImageObject\",\"inLanguage\":\"es\",\"@id\":\"https:\/\/minhducfurniture.com\/es\/servicio-de-entrega-internacional-de-muebles-sencillo-y-fiable\/#primaryimage\",\"url\":\"https:\/\/minhducfurniture.com\/wp-content\/uploads\/2025\/09\/International-Furniture-Delivery-Service.jpg\",\"contentUrl\":\"https:\/\/minhducfurniture.com\/wp-content\/uploads\/2025\/09\/International-Furniture-Delivery-Service.jpg\",\"width\":700,\"height\":515,\"caption\":\"International Furniture Delivery Service\"},{\"@type\":\"BreadcrumbList\",\"@id\":\"https:\/\/minhducfurniture.com\/es\/servicio-de-entrega-internacional-de-muebles-sencillo-y-fiable\/#breadcrumb\",\"itemListElement\":[{\"@type\":\"ListItem\",\"position\":1,\"name\":\"Home\",\"item\":\"https:\/\/minhducfurniture.com\/es\/\"},{\"@type\":\"ListItem\",\"position\":2,\"name\":\"Servicio de entrega internacional de muebles sencillo y fiable\"}]},{\"@type\":\"WebSite\",\"@id\":\"https:\/\/minhducfurniture.com\/es\/#website\",\"url\":\"https:\/\/minhducfurniture.com\/es\/\",\"name\":\"Minh Duc Furniture\",\"description\":\"Vietnam Furniture Supplier\",\"publisher\":{\"@id\":\"https:\/\/minhducfurniture.com\/es\/#organization\"},\"alternateName\":\"Vietnam Online Shop\",\"potentialAction\":[{\"@type\":\"SearchAction\",\"target\":{\"@type\":\"EntryPoint\",\"urlTemplate\":\"https:\/\/minhducfurniture.com\/es\/?s={search_term_string}\"},\"query-input\":{\"@type\":\"PropertyValueSpecification\",\"valueRequired\":true,\"valueName\":\"search_term_string\"}}],\"inLanguage\":\"es\"},{\"@type\":\"Organization\",\"@id\":\"https:\/\/minhducfurniture.com\/es\/#organization\",\"name\":\"Minh Duc Furniture\",\"alternateName\":\"Vietnam Furniture Export\",\"url\":\"https:\/\/minhducfurniture.com\/es\/\",\"logo\":{\"@type\":\"ImageObject\",\"inLanguage\":\"es\",\"@id\":\"https:\/\/minhducfurniture.com\/es\/#\/schema\/logo\/image\/\",\"url\":\"\",\"contentUrl\":\"\",\"caption\":\"Minh Duc Furniture\"},\"image\":{\"@id\":\"https:\/\/minhducfurniture.com\/es\/#\/schema\/logo\/image\/\"},\"sameAs\":[\"https:\/\/www.pinterest.com\/hienthaoshop\/pins\/\"]}]}<\/script>\n<!-- \/ Yoast SEO plugin. -->","yoast_head_json":{"title":"Servicio de entrega internacional de muebles sencillo y fiable - Minh Duc Furniture","description":"Nuestro objetivo es exportar nuestros productos a todo el mundo, por eso hemos desarrollado un s\u00f3lido Servicio Internacional de Entrega de Muebles","robots":{"index":"index","follow":"follow","max-snippet":"max-snippet:-1","max-image-preview":"max-image-preview:large","max-video-preview":"max-video-preview:-1"},"canonical":"https:\/\/minhducfurniture.com\/es\/servicio-de-entrega-internacional-de-muebles-sencillo-y-fiable\/","og_locale":"es_ES","og_type":"article","og_title":"Servicio de entrega internacional de muebles sencillo y fiable - Minh Duc Furniture","og_description":"Nuestro objetivo es exportar nuestros productos a todo el mundo, por eso hemos desarrollado un s\u00f3lido Servicio Internacional de Entrega de Muebles","og_url":"https:\/\/minhducfurniture.com\/es\/servicio-de-entrega-internacional-de-muebles-sencillo-y-fiable\/","og_site_name":"Minh Duc Furniture","article_modified_time":"2025-09-19T18:00:44+00:00","og_image":[{"width":700,"height":515,"url":"https:\/\/minhducfurniture.com\/wp-content\/uploads\/2025\/09\/International-Furniture-Delivery-Service.jpg","type":"image\/jpeg"}],"twitter_card":"summary_large_image","twitter_misc":{"Tiempo de lectura":"2 minutos"},"schema":{"@context":"https:\/\/schema.org","@graph":[{"@type":"WebPage","@id":"https:\/\/minhducfurniture.com\/es\/servicio-de-entrega-internacional-de-muebles-sencillo-y-fiable\/","url":"https:\/\/minhducfurniture.com\/es\/servicio-de-entrega-internacional-de-muebles-sencillo-y-fiable\/","name":"Servicio de entrega internacional de muebles sencillo y fiable - Minh Duc Furniture","isPartOf":{"@id":"https:\/\/minhducfurniture.com\/es\/#website"},"primaryImageOfPage":{"@id":"https:\/\/minhducfurniture.com\/es\/servicio-de-entrega-internacional-de-muebles-sencillo-y-fiable\/#primaryimage"},"image":{"@id":"https:\/\/minhducfurniture.com\/es\/servicio-de-entrega-internacional-de-muebles-sencillo-y-fiable\/#primaryimage"},"thumbnailUrl":"https:\/\/minhducfurniture.com\/wp-content\/uploads\/2025\/09\/International-Furniture-Delivery-Service.jpg","datePublished":"2025-09-11T11:21:08+00:00","dateModified":"2025-09-19T18:00:44+00:00","description":"Nuestro objetivo es exportar nuestros productos a todo el mundo, por eso hemos desarrollado un s\u00f3lido Servicio Internacional de Entrega de Muebles","breadcrumb":{"@id":"https:\/\/minhducfurniture.com\/es\/servicio-de-entrega-internacional-de-muebles-sencillo-y-fiable\/#breadcrumb"},"inLanguage":"es","potentialAction":[{"@type":"ReadAction","target":["https:\/\/minhducfurniture.com\/es\/servicio-de-entrega-internacional-de-muebles-sencillo-y-fiable\/"]}]},{"@type":"ImageObject","inLanguage":"es","@id":"https:\/\/minhducfurniture.com\/es\/servicio-de-entrega-internacional-de-muebles-sencillo-y-fiable\/#primaryimage","url":"https:\/\/minhducfurniture.com\/wp-content\/uploads\/2025\/09\/International-Furniture-Delivery-Service.jpg","contentUrl":"https:\/\/minhducfurniture.com\/wp-content\/uploads\/2025\/09\/International-Furniture-Delivery-Service.jpg","width":700,"height":515,"caption":"International Furniture Delivery Service"},{"@type":"BreadcrumbList","@id":"https:\/\/minhducfurniture.com\/es\/servicio-de-entrega-internacional-de-muebles-sencillo-y-fiable\/#breadcrumb","itemListElement":[{"@type":"ListItem","position":1,"name":"Home","item":"https:\/\/minhducfurniture.com\/es\/"},{"@type":"ListItem","position":2,"name":"Servicio de entrega internacional de muebles sencillo y fiable"}]},{"@type":"WebSite","@id":"https:\/\/minhducfurniture.com\/es\/#website","url":"https:\/\/minhducfurniture.com\/es\/","name":"Minh Duc Furniture","description":"Vietnam Furniture Supplier","publisher":{"@id":"https:\/\/minhducfurniture.com\/es\/#organization"},"alternateName":"Vietnam Online Shop","potentialAction":[{"@type":"SearchAction","target":{"@type":"EntryPoint","urlTemplate":"https:\/\/minhducfurniture.com\/es\/?s={search_term_string}"},"query-input":{"@type":"PropertyValueSpecification","valueRequired":true,"valueName":"search_term_string"}}],"inLanguage":"es"},{"@type":"Organization","@id":"https:\/\/minhducfurniture.com\/es\/#organization","name":"Minh Duc Furniture","alternateName":"Vietnam Furniture Export","url":"https:\/\/minhducfurniture.com\/es\/","logo":{"@type":"ImageObject","inLanguage":"es","@id":"https:\/\/minhducfurniture.com\/es\/#\/schema\/logo\/image\/","url":"","contentUrl":"","caption":"Minh Duc Furniture"},"image":{"@id":"https:\/\/minhducfurniture.com\/es\/#\/schema\/logo\/image\/"},"sameAs":["https:\/\/www.pinterest.com\/hienthaoshop\/pins\/"]}]}},"_links":{"self":[{"href":"https:\/\/minhducfurniture.com\/es\/wp-json\/wp\/v2\/pages\/53192","targetHints":{"allow":["GET"]}}],"collection":[{"href":"https:\/\/minhducfurniture.com\/es\/wp-json\/wp\/v2\/pages"}],"about":[{"href":"https:\/\/minhducfurniture.com\/es\/wp-json\/wp\/v2\/types\/page"}],"author":[{"embeddable":true,"href":"https:\/\/minhducfurniture.com\/es\/wp-json\/wp\/v2\/users\/1"}],"replies":[{"embeddable":true,"href":"https:\/\/minhducfurniture.com\/es\/wp-json\/wp\/v2\/comments?post=53192"}],"version-history":[{"count":5,"href":"https:\/\/minhducfurniture.com\/es\/wp-json\/wp\/v2\/pages\/53192\/revisions"}],"predecessor-version":[{"id":53483,"href":"https:\/\/minhducfurniture.com\/es\/wp-json\/wp\/v2\/pages\/53192\/revisions\/53483"}],"wp:featuredmedia":[{"embeddable":true,"href":"https:\/\/minhducfurniture.com\/es\/wp-json\/wp\/v2\/media\/53193"}],"wp:attachment":[{"href":"https:\/\/minhducfurniture.com\/es\/wp-json\/wp\/v2\/media?parent=53192"}],"curies":[{"name":"wp","href":"https:\/\/api.w.org\/{rel}","templated":true}]}}