{"id":53151,"date":"2025-09-11T17:03:11","date_gmt":"2025-09-11T10:03:11","guid":{"rendered":"https:\/\/minhducfurniture.com\/servicios-de-fabricacion-de-muebles\/"},"modified":"2025-09-20T01:00:51","modified_gmt":"2025-09-19T18:00:51","slug":"servicios-de-fabricacion-de-muebles","status":"publish","type":"page","link":"https:\/\/minhducfurniture.com\/es\/servicios-de-fabricacion-de-muebles\/","title":{"rendered":"Servicios de fabricaci\u00f3n de muebles"},"content":{"rendered":"<h2><span style=\"font-size: 90%;\">Servicios de fabricaci\u00f3n de muebles de Minh Duc<\/span><\/h2>\n<p>Minh Duc Public Furniture presta <strong>servicios<\/strong> integrales <strong>de fabricaci\u00f3n de muebles<\/strong>, ofreciendo a nuestros clientes una soluci\u00f3n completa desde el dise\u00f1o hasta el producto final. Con nuestra f\u00e1brica totalmente equipada, podemos gestionar todas las fases de la producci\u00f3n, garantizando tanto la calidad como la eficacia.<\/p>\n<p><strong>Nuestros servicios incluyen<\/strong><\/p>\n<ul>\n<li>Fabricaci\u00f3n met\u00e1lica: corte de precisi\u00f3n, soldadura y recubrimiento de polvo para conseguir estructuras de acero resistentes y duraderas.<\/li>\n<li>Ebanister\u00eda &#8211; producci\u00f3n de piezas de madera de alta calidad utilizando maquinaria avanzada y mano de obra cualificada.<\/li>\n<li>Trabajo de tapicer\u00eda y espuma: acabado profesional de telas y cojines para ofrecer comodidad, estilo y rendimiento duradero.<\/li>\n<\/ul>\n<figure id=\"attachment_52881\" aria-describedby=\"caption-attachment-52881\" style=\"width: 800px\" class=\"wp-caption aligncenter\"><img decoding=\"async\" class=\"size-full wp-image-52881\" src=\"https:\/\/minhducfurniture.com\/wp-content\/uploads\/2025\/09\/Woodworking-factory.jpg\" alt=\"F\u00e1brica de madera\" width=\"800\" height=\"528\" srcset=\"https:\/\/minhducfurniture.com\/wp-content\/uploads\/2025\/09\/Woodworking-factory.jpg 800w, https:\/\/minhducfurniture.com\/wp-content\/uploads\/2025\/09\/Woodworking-factory-510x337.jpg 510w, https:\/\/minhducfurniture.com\/wp-content\/uploads\/2025\/09\/Woodworking-factory-606x400.jpg 606w, https:\/\/minhducfurniture.com\/wp-content\/uploads\/2025\/09\/Woodworking-factory-768x507.jpg 768w\" sizes=\"(max-width: 800px) 100vw, 800px\" \/><figcaption id=\"caption-attachment-52881\" class=\"wp-caption-text\">F\u00e1brica de madera<\/figcaption><\/figure>\n<p>Al integrar todos estos procesos internamente, Minh Duc garantiza soluciones OEM\/ODM rentables y flexibles con un estricto control de calidad y una entrega puntual. Estamos orgullosos de ser un socio de confianza para los clientes que buscan servicios fiables de fabricaci\u00f3n y procesamiento de muebles que cumplan las normas internacionales.<\/p>\n<p>Si quieres saber m\u00e1s sobre el proceso de embalaje y env\u00edo de nuestros productos, haz clic <span style=\"color: #008080;\"><a style=\"color: #008080;\" href=\"https:\/\/minhducfurniture.com\/es\/servicio-de-entrega-internacional-de-muebles-sencillo-y-fiable\/\">aqu\u00ed<\/a><\/span> para m\u00e1s detalles<\/p>\n<p>\u00bfBuscas informaci\u00f3n sobre productos y otros servicios? Visita nuestra <span style=\"color: #008080;\"><a style=\"color: #008080;\" href=\"https:\/\/minhducfurniture.com\/es\/\">P\u00c1GINA DE INICIO<\/a><\/span><\/p>\n<div class=\"social-icons share-icons share-row relative\" ><a href=\"whatsapp:\/\/send?text=Servicios%20de%20fabricaci%C3%B3n%20de%20muebles - https:\/\/minhducfurniture.com\/es\/servicios-de-fabricacion-de-muebles\/\" data-action=\"share\/whatsapp\/share\" class=\"icon primary button round tooltip whatsapp show-for-medium\" title=\"Compartir en WhatsApp\" aria-label=\"Compartir en WhatsApp\"><i class=\"icon-whatsapp\" aria-hidden=\"true\"><\/i><\/a><a href=\"https:\/\/www.facebook.com\/sharer.php?u=https:\/\/minhducfurniture.com\/es\/servicios-de-fabricacion-de-muebles\/\" data-label=\"Facebook\" onclick=\"window.open(this.href,this.title,'width=500,height=500,top=300px,left=300px'); return false;\" target=\"_blank\" class=\"icon primary button round tooltip facebook\" title=\"Compartir en Facebook\" aria-label=\"Compartir en Facebook\" rel=\"noopener nofollow\"><i class=\"icon-facebook\" aria-hidden=\"true\"><\/i><\/a><a href=\"https:\/\/twitter.com\/share?url=https:\/\/minhducfurniture.com\/es\/servicios-de-fabricacion-de-muebles\/\" onclick=\"window.open(this.href,this.title,'width=500,height=500,top=300px,left=300px'); return false;\" target=\"_blank\" class=\"icon primary button round tooltip twitter\" title=\"Compartir en Twitter\" aria-label=\"Compartir en Twitter\" rel=\"noopener nofollow\"><i class=\"icon-twitter\" aria-hidden=\"true\"><\/i><\/a><a href=\"mailto:?subject=Servicios%20de%20fabricaci%C3%B3n%20de%20muebles&body=Check%20this%20out%3A%20https%3A%2F%2Fminhducfurniture.com%2Fes%2Fservicios-de-fabricacion-de-muebles%2F\" class=\"icon primary button round tooltip email\" title=\"Env\u00eda por email\" aria-label=\"Env\u00eda por email\" rel=\"nofollow\"><i class=\"icon-envelop\" aria-hidden=\"true\"><\/i><\/a><a href=\"https:\/\/pinterest.com\/pin\/create\/button?url=https:\/\/minhducfurniture.com\/es\/servicios-de-fabricacion-de-muebles\/&media=https:\/\/minhducfurniture.com\/wp-content\/uploads\/2025\/09\/Furniture-Manufacturing-Services-by-Minh-Duc.jpg&description=Servicios%20de%20fabricaci%C3%B3n%20de%20muebles\" onclick=\"window.open(this.href,this.title,'width=500,height=500,top=300px,left=300px'); return false;\" target=\"_blank\" class=\"icon primary button round tooltip pinterest\" title=\"Pinear en Pinterest\" aria-label=\"Pinear en Pinterest\" rel=\"noopener nofollow\"><i class=\"icon-pinterest\" aria-hidden=\"true\"><\/i><\/a><a href=\"https:\/\/www.linkedin.com\/shareArticle?mini=true&url=https:\/\/minhducfurniture.com\/es\/servicios-de-fabricacion-de-muebles\/&title=Servicios%20de%20fabricaci%C3%B3n%20de%20muebles\" onclick=\"window.open(this.href,this.title,'width=500,height=500,top=300px,left=300px'); return false;\" target=\"_blank\" class=\"icon primary button round tooltip linkedin\" title=\"Compartir en LinkedIn\" aria-label=\"Compartir en LinkedIn\" rel=\"noopener nofollow\"><i class=\"icon-linkedin\" aria-hidden=\"true\"><\/i><\/a><\/div>\n","protected":false},"excerpt":{"rendered":"<p>Servicios de fabricaci\u00f3n de muebles de Minh Duc Minh Duc Public Furniture presta servicios integrales de fabricaci\u00f3n de muebles, ofreciendo a nuestros clientes una soluci\u00f3n completa desde el dise\u00f1o hasta el producto final. Con nuestra f\u00e1brica totalmente equipada, podemos gestionar todas las fases de la producci\u00f3n, garantizando tanto la calidad como la eficacia. Nuestros servicios [&#8230;]\n","protected":false},"author":1,"featured_media":53153,"parent":0,"menu_order":0,"comment_status":"closed","ping_status":"closed","template":"","meta":{"footnotes":""},"class_list":["post-53151","page","type-page","status-publish","has-post-thumbnail","hentry"],"yoast_head":"<!-- This site is optimized with the Yoast SEO plugin v27.0 - https:\/\/yoast.com\/product\/yoast-seo-wordpress\/ -->\n<title>Servicios de fabricaci\u00f3n de muebles - Minh Duc Furniture<\/title>\n<meta name=\"description\" content=\"Minh Duc Public Furniture proporciona servicios integrales de fabricaci\u00f3n de muebles, ofreciendo a nuestros clientes una soluci\u00f3n completa desde el dise\u00f1o\" \/>\n<meta name=\"robots\" content=\"index, follow, max-snippet:-1, max-image-preview:large, max-video-preview:-1\" \/>\n<link rel=\"canonical\" href=\"https:\/\/minhducfurniture.com\/es\/servicios-de-fabricacion-de-muebles\/\" \/>\n<meta property=\"og:locale\" content=\"es_ES\" \/>\n<meta property=\"og:type\" content=\"article\" \/>\n<meta property=\"og:title\" content=\"Servicios de fabricaci\u00f3n de muebles - Minh Duc Furniture\" \/>\n<meta property=\"og:description\" content=\"Minh Duc Public Furniture proporciona servicios integrales de fabricaci\u00f3n de muebles, ofreciendo a nuestros clientes una soluci\u00f3n completa desde el dise\u00f1o\" \/>\n<meta property=\"og:url\" content=\"https:\/\/minhducfurniture.com\/es\/servicios-de-fabricacion-de-muebles\/\" \/>\n<meta property=\"og:site_name\" content=\"Minh Duc Furniture\" \/>\n<meta property=\"article:modified_time\" content=\"2025-09-19T18:00:51+00:00\" \/>\n<meta property=\"og:image\" content=\"https:\/\/minhducfurniture.com\/wp-content\/uploads\/2025\/09\/Furniture-Manufacturing-Services-by-Minh-Duc.jpg\" \/>\n\t<meta property=\"og:image:width\" content=\"800\" \/>\n\t<meta property=\"og:image:height\" content=\"525\" \/>\n\t<meta property=\"og:image:type\" content=\"image\/jpeg\" \/>\n<meta name=\"twitter:card\" content=\"summary_large_image\" \/>\n<meta name=\"twitter:label1\" content=\"Tiempo de lectura\" \/>\n\t<meta name=\"twitter:data1\" content=\"2 minutos\" \/>\n<script type=\"application\/ld+json\" class=\"yoast-schema-graph\">{\"@context\":\"https:\/\/schema.org\",\"@graph\":[{\"@type\":\"WebPage\",\"@id\":\"https:\/\/minhducfurniture.com\/es\/servicios-de-fabricacion-de-muebles\/\",\"url\":\"https:\/\/minhducfurniture.com\/es\/servicios-de-fabricacion-de-muebles\/\",\"name\":\"Servicios de fabricaci\u00f3n de muebles - Minh Duc Furniture\",\"isPartOf\":{\"@id\":\"https:\/\/minhducfurniture.com\/es\/#website\"},\"primaryImageOfPage\":{\"@id\":\"https:\/\/minhducfurniture.com\/es\/servicios-de-fabricacion-de-muebles\/#primaryimage\"},\"image\":{\"@id\":\"https:\/\/minhducfurniture.com\/es\/servicios-de-fabricacion-de-muebles\/#primaryimage\"},\"thumbnailUrl\":\"https:\/\/minhducfurniture.com\/wp-content\/uploads\/2025\/09\/Furniture-Manufacturing-Services-by-Minh-Duc.jpg\",\"datePublished\":\"2025-09-11T10:03:11+00:00\",\"dateModified\":\"2025-09-19T18:00:51+00:00\",\"description\":\"Minh Duc Public Furniture proporciona servicios integrales de fabricaci\u00f3n de muebles, ofreciendo a nuestros clientes una soluci\u00f3n completa desde el dise\u00f1o\",\"breadcrumb\":{\"@id\":\"https:\/\/minhducfurniture.com\/es\/servicios-de-fabricacion-de-muebles\/#breadcrumb\"},\"inLanguage\":\"es\",\"potentialAction\":[{\"@type\":\"ReadAction\",\"target\":[\"https:\/\/minhducfurniture.com\/es\/servicios-de-fabricacion-de-muebles\/\"]}]},{\"@type\":\"ImageObject\",\"inLanguage\":\"es\",\"@id\":\"https:\/\/minhducfurniture.com\/es\/servicios-de-fabricacion-de-muebles\/#primaryimage\",\"url\":\"https:\/\/minhducfurniture.com\/wp-content\/uploads\/2025\/09\/Furniture-Manufacturing-Services-by-Minh-Duc.jpg\",\"contentUrl\":\"https:\/\/minhducfurniture.com\/wp-content\/uploads\/2025\/09\/Furniture-Manufacturing-Services-by-Minh-Duc.jpg\",\"width\":800,\"height\":525,\"caption\":\"Furniture Manufacturing Services by Minh Duc\"},{\"@type\":\"BreadcrumbList\",\"@id\":\"https:\/\/minhducfurniture.com\/es\/servicios-de-fabricacion-de-muebles\/#breadcrumb\",\"itemListElement\":[{\"@type\":\"ListItem\",\"position\":1,\"name\":\"Home\",\"item\":\"https:\/\/minhducfurniture.com\/es\/\"},{\"@type\":\"ListItem\",\"position\":2,\"name\":\"Servicios de fabricaci\u00f3n de muebles\"}]},{\"@type\":\"WebSite\",\"@id\":\"https:\/\/minhducfurniture.com\/es\/#website\",\"url\":\"https:\/\/minhducfurniture.com\/es\/\",\"name\":\"Minh Duc Furniture\",\"description\":\"Vietnam Furniture Supplier\",\"publisher\":{\"@id\":\"https:\/\/minhducfurniture.com\/es\/#organization\"},\"alternateName\":\"Vietnam Online Shop\",\"potentialAction\":[{\"@type\":\"SearchAction\",\"target\":{\"@type\":\"EntryPoint\",\"urlTemplate\":\"https:\/\/minhducfurniture.com\/es\/?s={search_term_string}\"},\"query-input\":{\"@type\":\"PropertyValueSpecification\",\"valueRequired\":true,\"valueName\":\"search_term_string\"}}],\"inLanguage\":\"es\"},{\"@type\":\"Organization\",\"@id\":\"https:\/\/minhducfurniture.com\/es\/#organization\",\"name\":\"Minh Duc Furniture\",\"alternateName\":\"Vietnam Furniture Export\",\"url\":\"https:\/\/minhducfurniture.com\/es\/\",\"logo\":{\"@type\":\"ImageObject\",\"inLanguage\":\"es\",\"@id\":\"https:\/\/minhducfurniture.com\/es\/#\/schema\/logo\/image\/\",\"url\":\"\",\"contentUrl\":\"\",\"caption\":\"Minh Duc Furniture\"},\"image\":{\"@id\":\"https:\/\/minhducfurniture.com\/es\/#\/schema\/logo\/image\/\"},\"sameAs\":[\"https:\/\/www.pinterest.com\/hienthaoshop\/pins\/\"]}]}<\/script>\n<!-- \/ Yoast SEO plugin. -->","yoast_head_json":{"title":"Servicios de fabricaci\u00f3n de muebles - Minh Duc Furniture","description":"Minh Duc Public Furniture proporciona servicios integrales de fabricaci\u00f3n de muebles, ofreciendo a nuestros clientes una soluci\u00f3n completa desde el dise\u00f1o","robots":{"index":"index","follow":"follow","max-snippet":"max-snippet:-1","max-image-preview":"max-image-preview:large","max-video-preview":"max-video-preview:-1"},"canonical":"https:\/\/minhducfurniture.com\/es\/servicios-de-fabricacion-de-muebles\/","og_locale":"es_ES","og_type":"article","og_title":"Servicios de fabricaci\u00f3n de muebles - Minh Duc Furniture","og_description":"Minh Duc Public Furniture proporciona servicios integrales de fabricaci\u00f3n de muebles, ofreciendo a nuestros clientes una soluci\u00f3n completa desde el dise\u00f1o","og_url":"https:\/\/minhducfurniture.com\/es\/servicios-de-fabricacion-de-muebles\/","og_site_name":"Minh Duc Furniture","article_modified_time":"2025-09-19T18:00:51+00:00","og_image":[{"width":800,"height":525,"url":"https:\/\/minhducfurniture.com\/wp-content\/uploads\/2025\/09\/Furniture-Manufacturing-Services-by-Minh-Duc.jpg","type":"image\/jpeg"}],"twitter_card":"summary_large_image","twitter_misc":{"Tiempo de lectura":"2 minutos"},"schema":{"@context":"https:\/\/schema.org","@graph":[{"@type":"WebPage","@id":"https:\/\/minhducfurniture.com\/es\/servicios-de-fabricacion-de-muebles\/","url":"https:\/\/minhducfurniture.com\/es\/servicios-de-fabricacion-de-muebles\/","name":"Servicios de fabricaci\u00f3n de muebles - Minh Duc Furniture","isPartOf":{"@id":"https:\/\/minhducfurniture.com\/es\/#website"},"primaryImageOfPage":{"@id":"https:\/\/minhducfurniture.com\/es\/servicios-de-fabricacion-de-muebles\/#primaryimage"},"image":{"@id":"https:\/\/minhducfurniture.com\/es\/servicios-de-fabricacion-de-muebles\/#primaryimage"},"thumbnailUrl":"https:\/\/minhducfurniture.com\/wp-content\/uploads\/2025\/09\/Furniture-Manufacturing-Services-by-Minh-Duc.jpg","datePublished":"2025-09-11T10:03:11+00:00","dateModified":"2025-09-19T18:00:51+00:00","description":"Minh Duc Public Furniture proporciona servicios integrales de fabricaci\u00f3n de muebles, ofreciendo a nuestros clientes una soluci\u00f3n completa desde el dise\u00f1o","breadcrumb":{"@id":"https:\/\/minhducfurniture.com\/es\/servicios-de-fabricacion-de-muebles\/#breadcrumb"},"inLanguage":"es","potentialAction":[{"@type":"ReadAction","target":["https:\/\/minhducfurniture.com\/es\/servicios-de-fabricacion-de-muebles\/"]}]},{"@type":"ImageObject","inLanguage":"es","@id":"https:\/\/minhducfurniture.com\/es\/servicios-de-fabricacion-de-muebles\/#primaryimage","url":"https:\/\/minhducfurniture.com\/wp-content\/uploads\/2025\/09\/Furniture-Manufacturing-Services-by-Minh-Duc.jpg","contentUrl":"https:\/\/minhducfurniture.com\/wp-content\/uploads\/2025\/09\/Furniture-Manufacturing-Services-by-Minh-Duc.jpg","width":800,"height":525,"caption":"Furniture Manufacturing Services by Minh Duc"},{"@type":"BreadcrumbList","@id":"https:\/\/minhducfurniture.com\/es\/servicios-de-fabricacion-de-muebles\/#breadcrumb","itemListElement":[{"@type":"ListItem","position":1,"name":"Home","item":"https:\/\/minhducfurniture.com\/es\/"},{"@type":"ListItem","position":2,"name":"Servicios de fabricaci\u00f3n de muebles"}]},{"@type":"WebSite","@id":"https:\/\/minhducfurniture.com\/es\/#website","url":"https:\/\/minhducfurniture.com\/es\/","name":"Minh Duc Furniture","description":"Vietnam Furniture Supplier","publisher":{"@id":"https:\/\/minhducfurniture.com\/es\/#organization"},"alternateName":"Vietnam Online Shop","potentialAction":[{"@type":"SearchAction","target":{"@type":"EntryPoint","urlTemplate":"https:\/\/minhducfurniture.com\/es\/?s={search_term_string}"},"query-input":{"@type":"PropertyValueSpecification","valueRequired":true,"valueName":"search_term_string"}}],"inLanguage":"es"},{"@type":"Organization","@id":"https:\/\/minhducfurniture.com\/es\/#organization","name":"Minh Duc Furniture","alternateName":"Vietnam Furniture Export","url":"https:\/\/minhducfurniture.com\/es\/","logo":{"@type":"ImageObject","inLanguage":"es","@id":"https:\/\/minhducfurniture.com\/es\/#\/schema\/logo\/image\/","url":"","contentUrl":"","caption":"Minh Duc Furniture"},"image":{"@id":"https:\/\/minhducfurniture.com\/es\/#\/schema\/logo\/image\/"},"sameAs":["https:\/\/www.pinterest.com\/hienthaoshop\/pins\/"]}]}},"_links":{"self":[{"href":"https:\/\/minhducfurniture.com\/es\/wp-json\/wp\/v2\/pages\/53151","targetHints":{"allow":["GET"]}}],"collection":[{"href":"https:\/\/minhducfurniture.com\/es\/wp-json\/wp\/v2\/pages"}],"about":[{"href":"https:\/\/minhducfurniture.com\/es\/wp-json\/wp\/v2\/types\/page"}],"author":[{"embeddable":true,"href":"https:\/\/minhducfurniture.com\/es\/wp-json\/wp\/v2\/users\/1"}],"replies":[{"embeddable":true,"href":"https:\/\/minhducfurniture.com\/es\/wp-json\/wp\/v2\/comments?post=53151"}],"version-history":[{"count":6,"href":"https:\/\/minhducfurniture.com\/es\/wp-json\/wp\/v2\/pages\/53151\/revisions"}],"predecessor-version":[{"id":53485,"href":"https:\/\/minhducfurniture.com\/es\/wp-json\/wp\/v2\/pages\/53151\/revisions\/53485"}],"wp:featuredmedia":[{"embeddable":true,"href":"https:\/\/minhducfurniture.com\/es\/wp-json\/wp\/v2\/media\/53153"}],"wp:attachment":[{"href":"https:\/\/minhducfurniture.com\/es\/wp-json\/wp\/v2\/media?parent=53151"}],"curies":[{"name":"wp","href":"https:\/\/api.w.org\/{rel}","templated":true}]}}