{"id":55403,"date":"2026-04-13T16:17:10","date_gmt":"2026-04-13T09:17:10","guid":{"rendered":"https:\/\/minhducfurniture.com\/product\/terrassenstuehle-mit-metallgestell-zuverlaessige-sitzloesungen-fuer-den-aussenbereich\/"},"modified":"2026-04-15T17:48:44","modified_gmt":"2026-04-15T10:48:44","slug":"terrassenstuehle-mit-metallgestell-zuverlaessige-sitzloesungen-fuer-den-aussenbereich","status":"publish","type":"product","link":"https:\/\/minhducfurniture.com\/de\/product\/terrassenstuehle-mit-metallgestell-zuverlaessige-sitzloesungen-fuer-den-aussenbereich\/","title":{"rendered":"Terrassenst\u00fchle mit Metallgestell zuverl\u00e4ssige Sitzl\u00f6sungen f\u00fcr den Au\u00dfenbereich"},"content":{"rendered":"<h2>Terrassenstuhl mit Metallgestell &#8211; Minimalistisches Outdoor-Design<\/h2>\n<div>Dieser <strong>Terrassenstuhl mit Metallgestell<\/strong> wurde f\u00fcr raffinierte Umgebungen im Freien entworfen und zeichnet sich durch eine ausgewogene Mischung aus minimalistischer \u00c4sthetik und robuster Konstruktion aus. Seine klare kreisf\u00f6rmige Geometrie und die schlanke Stahlrohrstruktur schaffen eine unverwechselbare visuelle Identit\u00e4t und machen ihn ideal f\u00fcr moderne Caf\u00e9s, Terrassen und Gastr\u00e4ume. <\/div>\n<div><\/div>\n<div>Der aus pulverbeschichtetem Stahl gefertigte Stuhl bietet zuverl\u00e4ssige Best\u00e4ndigkeit gegen Witterung, Korrosion und den t\u00e4glichen Gebrauch. Die kompakten Proportionen erm\u00f6glichen eine effiziente Raumplanung, w\u00e4hrend das stabile Gestell eine gleichbleibende Leistung sowohl im privaten als auch im gewerblichen Bereich gew\u00e4hrleistet. <\/div>\n<div><\/div>\n<div>Mit seiner schlichten Eleganz und seiner architektonischen Form ist dieser Stuhl nicht nur eine funktionelle Sitzgelegenheit, sondern auch ein subtiles Design-Statement f\u00fcr das moderne Leben im Freien.\t<div id=\"gap-1564077533\" class=\"gap-element clearfix\" style=\"display:block; height:auto;\">\n\t\t\n<style>\n#gap-1564077533 {\n  padding-top: 15px;\n}\n<\/style>\n\t<\/div>\n\t<\/div>\n<div>\n<figure id=\"attachment_55383\" aria-describedby=\"caption-attachment-55383\" style=\"width: 850px\" class=\"wp-caption aligncenter\"><img decoding=\"async\" class=\"size-full wp-image-55239\" src=\"https:\/\/minhducfurniture.com\/wp-content\/uploads\/2026\/04\/Minimalist-Scandinavian-patio-chair.jpg\" alt=\"Minimalistischer skandinavischer Terrassenstuhl\" width=\"850\" height=\"567\" srcset=\"https:\/\/minhducfurniture.com\/wp-content\/uploads\/2026\/04\/Minimalist-Scandinavian-patio-chair.jpg 850w, https:\/\/minhducfurniture.com\/wp-content\/uploads\/2026\/04\/Minimalist-Scandinavian-patio-chair-600x400.jpg 600w, https:\/\/minhducfurniture.com\/wp-content\/uploads\/2026\/04\/Minimalist-Scandinavian-patio-chair-768x512.jpg 768w, https:\/\/minhducfurniture.com\/wp-content\/uploads\/2026\/04\/Minimalist-Scandinavian-patio-chair-510x340.jpg 510w\" sizes=\"(max-width: 850px) 100vw, 850px\" \/><figcaption id=\"caption-attachment-55383\" class=\"wp-caption-text\">Minimalistischer skandinavischer Terrassenstuhl<\/figcaption><\/figure>\n<\/div>\n<div><\/div>\n<h3>Hauptmerkmale<\/h3>\n<ul>\n<li>Minimalistisches geometrisches Design mit starkem visuellen Reiz<\/li>\n<li>Strapazierf\u00e4higer pulverbeschichteter Stahl f\u00fcr den Au\u00dfeneinsatz<\/li>\n<li>Kompakte Gr\u00f6\u00dfe f\u00fcr flexible Layoutplanung<\/li>\n<li>Leicht zu reinigen und zu pflegen<\/li>\n<li>Geeignet f\u00fcr gewerbliche und private Projekte<\/li>\n<\/ul>\n<figure id=\"attachment_55384\" aria-describedby=\"caption-attachment-55384\" style=\"width: 850px\" class=\"wp-caption aligncenter\"><img decoding=\"async\" class=\"size-full wp-image-55235\" src=\"https:\/\/minhducfurniture.com\/wp-content\/uploads\/2026\/04\/Other-frame-patio-chairs-in-the-cafe.jpg\" alt=\"Andere Gestell-Terrassenst\u00fchle im Caf\u00e9\" width=\"850\" height=\"501\" srcset=\"https:\/\/minhducfurniture.com\/wp-content\/uploads\/2026\/04\/Other-frame-patio-chairs-in-the-cafe.jpg 850w, https:\/\/minhducfurniture.com\/wp-content\/uploads\/2026\/04\/Other-frame-patio-chairs-in-the-cafe-679x400.jpg 679w, https:\/\/minhducfurniture.com\/wp-content\/uploads\/2026\/04\/Other-frame-patio-chairs-in-the-cafe-768x453.jpg 768w, https:\/\/minhducfurniture.com\/wp-content\/uploads\/2026\/04\/Other-frame-patio-chairs-in-the-cafe-510x301.jpg 510w\" sizes=\"(max-width: 850px) 100vw, 850px\" \/><figcaption id=\"caption-attachment-55384\" class=\"wp-caption-text\">Andere Gestell-Terrassenst\u00fchle im Caf\u00e9<\/figcaption><\/figure>\n<h4>Beschreibung des Produkts<\/h4>\n<ul>\n<li>Abmessungen: B480 *T480 *SH470 *H710 mm<\/li>\n<li>Gestell: Pulverbeschichteter Stahl<\/li>\n<li>Sitz &amp; R\u00fcckenlehne: Metallplatte<\/li>\n<li>Ausf\u00fchrung: Mattschwarz (benutzerdefinierte Farben verf\u00fcgbar)<\/li>\n<li>Anwendung: Au\u00dfenbereich \/ Terrasse \/ Caf\u00e9 \/ Gastgewerbe<\/li>\n<li>Ladegewicht: 180kg<\/li>\n<li>Herkunft: Vietnam<\/li>\n<\/ul>\n<figure id=\"attachment_55385\" aria-describedby=\"caption-attachment-55385\" style=\"width: 850px\" class=\"wp-caption aligncenter\"><img decoding=\"async\" class=\"size-full wp-image-55243\" src=\"https:\/\/minhducfurniture.com\/wp-content\/uploads\/2026\/04\/Another-metal-frame-patio-table.jpg\" alt=\"Ein weiterer Terrassentisch mit Metallgestell\" width=\"850\" height=\"567\" srcset=\"https:\/\/minhducfurniture.com\/wp-content\/uploads\/2026\/04\/Another-metal-frame-patio-table.jpg 850w, https:\/\/minhducfurniture.com\/wp-content\/uploads\/2026\/04\/Another-metal-frame-patio-table-600x400.jpg 600w, https:\/\/minhducfurniture.com\/wp-content\/uploads\/2026\/04\/Another-metal-frame-patio-table-768x512.jpg 768w, https:\/\/minhducfurniture.com\/wp-content\/uploads\/2026\/04\/Another-metal-frame-patio-table-510x340.jpg 510w\" sizes=\"(max-width: 850px) 100vw, 850px\" \/><figcaption id=\"caption-attachment-55385\" class=\"wp-caption-text\">Ein weiterer Terrassentisch mit Metallgestell<\/figcaption><\/figure>\n<h4>Bestellinformationen<\/h4>\n<ul>\n<li>Mindestbestellmenge (MOQ): 50 St\u00fcck<\/li>\n<li>Vorlaufzeit: 30-35 Tage nach Anzahlung<\/li>\n<li>Liefertermin: FOB Hai Phong Hafen, Vietnam<\/li>\n<li>Zahlungsbedingungen: T\/T 30% Anzahlung, 70% Restbetrag vor Versand<\/li>\n<li>Wenn Sie ein eigenes Design haben und eine Massenproduktion ben\u00f6tigen, kontaktieren Sie uns bitte f\u00fcr weitere Unterst\u00fctzung.<\/li>\n<\/ul>\n<figure id=\"attachment_55386\" aria-describedby=\"caption-attachment-55386\" style=\"width: 850px\" class=\"wp-caption aligncenter\"><img decoding=\"async\" class=\"size-full wp-image-55254\" src=\"https:\/\/minhducfurniture.com\/wp-content\/uploads\/2026\/04\/Minimal-patio-set.jpg\" alt=\"Minimales Terrassenset\" width=\"850\" height=\"567\" srcset=\"https:\/\/minhducfurniture.com\/wp-content\/uploads\/2026\/04\/Minimal-patio-set.jpg 850w, https:\/\/minhducfurniture.com\/wp-content\/uploads\/2026\/04\/Minimal-patio-set-600x400.jpg 600w, https:\/\/minhducfurniture.com\/wp-content\/uploads\/2026\/04\/Minimal-patio-set-768x512.jpg 768w, https:\/\/minhducfurniture.com\/wp-content\/uploads\/2026\/04\/Minimal-patio-set-510x340.jpg 510w\" sizes=\"(max-width: 850px) 100vw, 850px\" \/><figcaption id=\"caption-attachment-55386\" class=\"wp-caption-text\">Minimales Terrassenset<\/figcaption><\/figure>\n<h4>Kontaktinformationen<\/h4>\n<ul>\n<li>Minh Duc Public Furniture Co, Ltd.<\/li>\n<li>: G04-L04 An Quy Villa, Duong Noi, Hanoi, Vietnam<\/li>\n<li>Telefon\/WhatsApp\/Zalo: +84 908 314 939<\/li>\n<\/ul>\n<p>Mehr aus unseren Kollektionen<\/p>\n<ul>\n<li><span style=\"color: #008080\"><a style=\"color: #008080\" href=\"https:\/\/minhducfurniture.com\/de\/product\/brauner-lederstuhl-mit-metallgestell-fuer-modernes-essen\/\">Brauner Lederstuhl mit Metallgestell f\u00fcr modernes Essen<\/a><\/span><\/li>\n<li><span style=\"color: #008080\"><a style=\"color: #008080\" href=\"https:\/\/minhducfurniture.com\/de\/product\/metall-cafestuehle-langlebige-und-elegante-sitzgelegenheiten-fuer-moderne-raeume\/\">Metall-Caf\u00e9st\u00fchle &#8211; langlebige und elegante Sitzgelegenheiten f\u00fcr moderne R\u00e4ume<\/a><\/span><\/li>\n<\/ul>\n<div class=\"social-icons share-icons share-row relative\" ><a href=\"whatsapp:\/\/send?text=Terrassenst%C3%BChle%20mit%20Metallgestell%20zuverl%C3%A4ssige%20Sitzl%C3%B6sungen%20f%C3%BCr%20den%20Au%C3%9Fenbereich - https:\/\/minhducfurniture.com\/de\/product\/terrassenstuehle-mit-metallgestell-zuverlaessige-sitzloesungen-fuer-den-aussenbereich\/\" data-action=\"share\/whatsapp\/share\" class=\"icon primary button round tooltip whatsapp show-for-medium\" title=\"Auf WhatsApp teilen\" aria-label=\"Auf WhatsApp teilen\"><i class=\"icon-whatsapp\" aria-hidden=\"true\"><\/i><\/a><a href=\"https:\/\/www.facebook.com\/sharer.php?u=https:\/\/minhducfurniture.com\/de\/product\/terrassenstuehle-mit-metallgestell-zuverlaessige-sitzloesungen-fuer-den-aussenbereich\/\" data-label=\"Facebook\" onclick=\"window.open(this.href,this.title,'width=500,height=500,top=300px,left=300px'); return false;\" target=\"_blank\" class=\"icon primary button round tooltip facebook\" title=\"Auf Facebook teilen\" aria-label=\"Auf Facebook teilen\" rel=\"noopener nofollow\"><i class=\"icon-facebook\" aria-hidden=\"true\"><\/i><\/a><a href=\"https:\/\/twitter.com\/share?url=https:\/\/minhducfurniture.com\/de\/product\/terrassenstuehle-mit-metallgestell-zuverlaessige-sitzloesungen-fuer-den-aussenbereich\/\" onclick=\"window.open(this.href,this.title,'width=500,height=500,top=300px,left=300px'); return false;\" target=\"_blank\" class=\"icon primary button round tooltip twitter\" title=\"Auf Twitter teilen\" aria-label=\"Auf Twitter teilen\" rel=\"noopener nofollow\"><i class=\"icon-twitter\" aria-hidden=\"true\"><\/i><\/a><a href=\"mailto:?subject=Terrassenst%C3%BChle%20mit%20Metallgestell%20zuverl%C3%A4ssige%20Sitzl%C3%B6sungen%20f%C3%BCr%20den%20Au%C3%9Fenbereich&body=Schau%20dir%20das%20an%3A%20https%3A%2F%2Fminhducfurniture.com%2Fde%2Fproduct%2Fterrassenstuehle-mit-metallgestell-zuverlaessige-sitzloesungen-fuer-den-aussenbereich%2F\" class=\"icon primary button round tooltip email\" title=\"E-mail an einen Freund senden\" aria-label=\"E-mail an einen Freund senden\" rel=\"nofollow\"><i class=\"icon-envelop\" aria-hidden=\"true\"><\/i><\/a><a href=\"https:\/\/pinterest.com\/pin\/create\/button?url=https:\/\/minhducfurniture.com\/de\/product\/terrassenstuehle-mit-metallgestell-zuverlaessige-sitzloesungen-fuer-den-aussenbereich\/&media=https:\/\/minhducfurniture.com\/wp-content\/uploads\/2026\/04\/Metal-Frame-Patio-Chair.jpg&description=Terrassenst%C3%BChle%20mit%20Metallgestell%20zuverl%C3%A4ssige%20Sitzl%C3%B6sungen%20f%C3%BCr%20den%20Au%C3%9Fenbereich\" onclick=\"window.open(this.href,this.title,'width=500,height=500,top=300px,left=300px'); return false;\" target=\"_blank\" class=\"icon primary button round tooltip pinterest\" title=\"Pinterest Pin erstellen\" aria-label=\"Pinterest Pin erstellen\" rel=\"noopener nofollow\"><i class=\"icon-pinterest\" aria-hidden=\"true\"><\/i><\/a><a href=\"https:\/\/www.linkedin.com\/shareArticle?mini=true&url=https:\/\/minhducfurniture.com\/de\/product\/terrassenstuehle-mit-metallgestell-zuverlaessige-sitzloesungen-fuer-den-aussenbereich\/&title=Terrassenst%C3%BChle%20mit%20Metallgestell%20zuverl%C3%A4ssige%20Sitzl%C3%B6sungen%20f%C3%BCr%20den%20Au%C3%9Fenbereich\" onclick=\"window.open(this.href,this.title,'width=500,height=500,top=300px,left=300px'); return false;\" target=\"_blank\" class=\"icon primary button round tooltip linkedin\" title=\"Auf LinkedIn teilen\" aria-label=\"Auf LinkedIn teilen\" rel=\"noopener nofollow\"><i class=\"icon-linkedin\" aria-hidden=\"true\"><\/i><\/a><\/div>\n","protected":false},"excerpt":{"rendered":"<ul>\n<li>Abmessungen: B480 *T480 *SH470 *H710 mm<\/li>\n<li>Gestell: Pulverbeschichteter Stahl<\/li>\n<li>Sitz &amp; R\u00fcckenlehne: Metallplatte<\/li>\n<li>Ausf\u00fchrung: Mattschwarz (benutzerdefinierte Farben verf\u00fcgbar)<\/li>\n<li>Anwendung: Au\u00dfenbereich \/ Terrasse \/ Caf\u00e9 \/ Gastgewerbe<\/li>\n<li>Ladegewicht: 180kg<\/li>\n<li>Herkunft: Vietnam<\/li>\n<li>Hotline\/ WhatsApp: +84 908 314 939<\/li>\n<\/ul>\n","protected":false},"featured_media":55387,"comment_status":"open","ping_status":"closed","template":"","meta":[],"product_brand":[],"product_cat":[13085,13084],"product_tag":[13090],"class_list":{"0":"post-55403","1":"product","2":"type-product","3":"status-publish","4":"has-post-thumbnail","6":"product_cat-gartenbank","7":"product_cat-lounge-sessel","8":"product_tag-stuhl-mit-metallgestell","10":"first","11":"instock","12":"shipping-taxable","13":"product-type-simple"},"yoast_head":"<!-- This site is optimized with the Yoast SEO plugin v27.4 - https:\/\/yoast.com\/product\/yoast-seo-wordpress\/ -->\n<title>Terrassenst\u00fchle mit Metallgestell zuverl\u00e4ssige Sitzl\u00f6sungen f\u00fcr den Au\u00dfenbereich - Minh Duc Furniture<\/title>\n<meta name=\"description\" content=\"Dieser Terrassenstuhl mit Metallgestell wurde f\u00fcr raffinierte Umgebungen im Freien entworfen und zeichnet sich durch eine ausgewogene Mischung aus minimalistischer \u00c4sthetik und robuster Konstruktion aus.\" \/>\n<meta name=\"robots\" content=\"index, follow, max-snippet:-1, max-image-preview:large, max-video-preview:-1\" \/>\n<link rel=\"canonical\" href=\"https:\/\/minhducfurniture.com\/de\/product\/terrassenstuehle-mit-metallgestell-zuverlaessige-sitzloesungen-fuer-den-aussenbereich\/\" \/>\n<meta property=\"og:locale\" content=\"de_DE\" \/>\n<meta property=\"og:type\" content=\"article\" \/>\n<meta property=\"og:title\" content=\"Terrassenst\u00fchle mit Metallgestell zuverl\u00e4ssige Sitzl\u00f6sungen f\u00fcr den Au\u00dfenbereich - Minh Duc Furniture\" \/>\n<meta property=\"og:description\" content=\"Dieser Terrassenstuhl mit Metallgestell wurde f\u00fcr raffinierte Umgebungen im Freien entworfen und zeichnet sich durch eine ausgewogene Mischung aus minimalistischer \u00c4sthetik und robuster Konstruktion aus.\" \/>\n<meta property=\"og:url\" content=\"https:\/\/minhducfurniture.com\/de\/product\/terrassenstuehle-mit-metallgestell-zuverlaessige-sitzloesungen-fuer-den-aussenbereich\/\" \/>\n<meta property=\"og:site_name\" content=\"Minh Duc Furniture\" \/>\n<meta property=\"article:modified_time\" content=\"2026-04-15T10:48:44+00:00\" \/>\n<meta property=\"og:image\" content=\"https:\/\/minhducfurniture.com\/wp-content\/uploads\/2026\/04\/Metal-Frame-Patio-Chair.jpg\" \/>\n\t<meta property=\"og:image:width\" content=\"650\" \/>\n\t<meta property=\"og:image:height\" content=\"650\" \/>\n\t<meta property=\"og:image:type\" content=\"image\/jpeg\" \/>\n<meta name=\"twitter:card\" content=\"summary_large_image\" \/>\n<meta name=\"twitter:label1\" content=\"Gesch\u00e4tzte Lesezeit\" \/>\n\t<meta name=\"twitter:data1\" content=\"2\u00a0Minuten\" \/>\n<script type=\"application\/ld+json\" class=\"yoast-schema-graph\">{\"@context\":\"https:\\\/\\\/schema.org\",\"@graph\":[{\"@type\":\"WebPage\",\"@id\":\"https:\\\/\\\/minhducfurniture.com\\\/de\\\/product\\\/terrassenstuehle-mit-metallgestell-zuverlaessige-sitzloesungen-fuer-den-aussenbereich\\\/\",\"url\":\"https:\\\/\\\/minhducfurniture.com\\\/de\\\/product\\\/terrassenstuehle-mit-metallgestell-zuverlaessige-sitzloesungen-fuer-den-aussenbereich\\\/\",\"name\":\"Terrassenst\u00fchle mit Metallgestell zuverl\u00e4ssige Sitzl\u00f6sungen f\u00fcr den Au\u00dfenbereich - Minh Duc Furniture\",\"isPartOf\":{\"@id\":\"https:\\\/\\\/minhducfurniture.com\\\/de\\\/#website\"},\"primaryImageOfPage\":{\"@id\":\"https:\\\/\\\/minhducfurniture.com\\\/de\\\/product\\\/terrassenstuehle-mit-metallgestell-zuverlaessige-sitzloesungen-fuer-den-aussenbereich\\\/#primaryimage\"},\"image\":{\"@id\":\"https:\\\/\\\/minhducfurniture.com\\\/de\\\/product\\\/terrassenstuehle-mit-metallgestell-zuverlaessige-sitzloesungen-fuer-den-aussenbereich\\\/#primaryimage\"},\"thumbnailUrl\":\"https:\\\/\\\/minhducfurniture.com\\\/wp-content\\\/uploads\\\/2026\\\/04\\\/Metal-Frame-Patio-Chair.jpg\",\"datePublished\":\"2026-04-13T09:17:10+00:00\",\"dateModified\":\"2026-04-15T10:48:44+00:00\",\"description\":\"Dieser Terrassenstuhl mit Metallgestell wurde f\u00fcr raffinierte Umgebungen im Freien entworfen und zeichnet sich durch eine ausgewogene Mischung aus minimalistischer \u00c4sthetik und robuster Konstruktion aus.\",\"breadcrumb\":{\"@id\":\"https:\\\/\\\/minhducfurniture.com\\\/de\\\/product\\\/terrassenstuehle-mit-metallgestell-zuverlaessige-sitzloesungen-fuer-den-aussenbereich\\\/#breadcrumb\"},\"inLanguage\":\"de\",\"potentialAction\":[{\"@type\":\"ReadAction\",\"target\":[\"https:\\\/\\\/minhducfurniture.com\\\/de\\\/product\\\/terrassenstuehle-mit-metallgestell-zuverlaessige-sitzloesungen-fuer-den-aussenbereich\\\/\"]}]},{\"@type\":\"ImageObject\",\"inLanguage\":\"de\",\"@id\":\"https:\\\/\\\/minhducfurniture.com\\\/de\\\/product\\\/terrassenstuehle-mit-metallgestell-zuverlaessige-sitzloesungen-fuer-den-aussenbereich\\\/#primaryimage\",\"url\":\"https:\\\/\\\/minhducfurniture.com\\\/wp-content\\\/uploads\\\/2026\\\/04\\\/Metal-Frame-Patio-Chair.jpg\",\"contentUrl\":\"https:\\\/\\\/minhducfurniture.com\\\/wp-content\\\/uploads\\\/2026\\\/04\\\/Metal-Frame-Patio-Chair.jpg\",\"width\":650,\"height\":650,\"caption\":\"Metallgestell Terrassenstuhl\"},{\"@type\":\"BreadcrumbList\",\"@id\":\"https:\\\/\\\/minhducfurniture.com\\\/de\\\/product\\\/terrassenstuehle-mit-metallgestell-zuverlaessige-sitzloesungen-fuer-den-aussenbereich\\\/#breadcrumb\",\"itemListElement\":[{\"@type\":\"ListItem\",\"position\":1,\"name\":\"Home\",\"item\":\"https:\\\/\\\/minhducfurniture.com\\\/de\\\/\"},{\"@type\":\"ListItem\",\"position\":2,\"name\":\"Shop\",\"item\":\"https:\\\/\\\/minhducfurniture.com\\\/shop\\\/\"},{\"@type\":\"ListItem\",\"position\":3,\"name\":\"Terrassenst\u00fchle mit Metallgestell zuverl\u00e4ssige Sitzl\u00f6sungen f\u00fcr den Au\u00dfenbereich\"}]},{\"@type\":\"WebSite\",\"@id\":\"https:\\\/\\\/minhducfurniture.com\\\/de\\\/#website\",\"url\":\"https:\\\/\\\/minhducfurniture.com\\\/de\\\/\",\"name\":\"Minh Duc Furniture\",\"description\":\"Vietnam Furniture Supplier\",\"publisher\":{\"@id\":\"https:\\\/\\\/minhducfurniture.com\\\/de\\\/#organization\"},\"alternateName\":\"Vietnam Online Shop\",\"potentialAction\":[{\"@type\":\"SearchAction\",\"target\":{\"@type\":\"EntryPoint\",\"urlTemplate\":\"https:\\\/\\\/minhducfurniture.com\\\/de\\\/?s={search_term_string}\"},\"query-input\":{\"@type\":\"PropertyValueSpecification\",\"valueRequired\":true,\"valueName\":\"search_term_string\"}}],\"inLanguage\":\"de\"},{\"@type\":\"Organization\",\"@id\":\"https:\\\/\\\/minhducfurniture.com\\\/de\\\/#organization\",\"name\":\"Minh Duc Furniture\",\"alternateName\":\"Vietnam Furniture Export\",\"url\":\"https:\\\/\\\/minhducfurniture.com\\\/de\\\/\",\"logo\":{\"@type\":\"ImageObject\",\"inLanguage\":\"de\",\"@id\":\"https:\\\/\\\/minhducfurniture.com\\\/de\\\/#\\\/schema\\\/logo\\\/image\\\/\",\"url\":\"\",\"contentUrl\":\"\",\"caption\":\"Minh Duc Furniture\"},\"image\":{\"@id\":\"https:\\\/\\\/minhducfurniture.com\\\/de\\\/#\\\/schema\\\/logo\\\/image\\\/\"},\"sameAs\":[\"https:\\\/\\\/www.pinterest.com\\\/hienthaoshop\\\/pins\\\/\"]}]}<\/script>\n<!-- \/ Yoast SEO plugin. -->","yoast_head_json":{"title":"Terrassenst\u00fchle mit Metallgestell zuverl\u00e4ssige Sitzl\u00f6sungen f\u00fcr den Au\u00dfenbereich - Minh Duc Furniture","description":"Dieser Terrassenstuhl mit Metallgestell wurde f\u00fcr raffinierte Umgebungen im Freien entworfen und zeichnet sich durch eine ausgewogene Mischung aus minimalistischer \u00c4sthetik und robuster Konstruktion aus.","robots":{"index":"index","follow":"follow","max-snippet":"max-snippet:-1","max-image-preview":"max-image-preview:large","max-video-preview":"max-video-preview:-1"},"canonical":"https:\/\/minhducfurniture.com\/de\/product\/terrassenstuehle-mit-metallgestell-zuverlaessige-sitzloesungen-fuer-den-aussenbereich\/","og_locale":"de_DE","og_type":"article","og_title":"Terrassenst\u00fchle mit Metallgestell zuverl\u00e4ssige Sitzl\u00f6sungen f\u00fcr den Au\u00dfenbereich - Minh Duc Furniture","og_description":"Dieser Terrassenstuhl mit Metallgestell wurde f\u00fcr raffinierte Umgebungen im Freien entworfen und zeichnet sich durch eine ausgewogene Mischung aus minimalistischer \u00c4sthetik und robuster Konstruktion aus.","og_url":"https:\/\/minhducfurniture.com\/de\/product\/terrassenstuehle-mit-metallgestell-zuverlaessige-sitzloesungen-fuer-den-aussenbereich\/","og_site_name":"Minh Duc Furniture","article_modified_time":"2026-04-15T10:48:44+00:00","og_image":[{"width":650,"height":650,"url":"https:\/\/minhducfurniture.com\/wp-content\/uploads\/2026\/04\/Metal-Frame-Patio-Chair.jpg","type":"image\/jpeg"}],"twitter_card":"summary_large_image","twitter_misc":{"Gesch\u00e4tzte Lesezeit":"2\u00a0Minuten"},"schema":{"@context":"https:\/\/schema.org","@graph":[{"@type":"WebPage","@id":"https:\/\/minhducfurniture.com\/de\/product\/terrassenstuehle-mit-metallgestell-zuverlaessige-sitzloesungen-fuer-den-aussenbereich\/","url":"https:\/\/minhducfurniture.com\/de\/product\/terrassenstuehle-mit-metallgestell-zuverlaessige-sitzloesungen-fuer-den-aussenbereich\/","name":"Terrassenst\u00fchle mit Metallgestell zuverl\u00e4ssige Sitzl\u00f6sungen f\u00fcr den Au\u00dfenbereich - Minh Duc Furniture","isPartOf":{"@id":"https:\/\/minhducfurniture.com\/de\/#website"},"primaryImageOfPage":{"@id":"https:\/\/minhducfurniture.com\/de\/product\/terrassenstuehle-mit-metallgestell-zuverlaessige-sitzloesungen-fuer-den-aussenbereich\/#primaryimage"},"image":{"@id":"https:\/\/minhducfurniture.com\/de\/product\/terrassenstuehle-mit-metallgestell-zuverlaessige-sitzloesungen-fuer-den-aussenbereich\/#primaryimage"},"thumbnailUrl":"https:\/\/minhducfurniture.com\/wp-content\/uploads\/2026\/04\/Metal-Frame-Patio-Chair.jpg","datePublished":"2026-04-13T09:17:10+00:00","dateModified":"2026-04-15T10:48:44+00:00","description":"Dieser Terrassenstuhl mit Metallgestell wurde f\u00fcr raffinierte Umgebungen im Freien entworfen und zeichnet sich durch eine ausgewogene Mischung aus minimalistischer \u00c4sthetik und robuster Konstruktion aus.","breadcrumb":{"@id":"https:\/\/minhducfurniture.com\/de\/product\/terrassenstuehle-mit-metallgestell-zuverlaessige-sitzloesungen-fuer-den-aussenbereich\/#breadcrumb"},"inLanguage":"de","potentialAction":[{"@type":"ReadAction","target":["https:\/\/minhducfurniture.com\/de\/product\/terrassenstuehle-mit-metallgestell-zuverlaessige-sitzloesungen-fuer-den-aussenbereich\/"]}]},{"@type":"ImageObject","inLanguage":"de","@id":"https:\/\/minhducfurniture.com\/de\/product\/terrassenstuehle-mit-metallgestell-zuverlaessige-sitzloesungen-fuer-den-aussenbereich\/#primaryimage","url":"https:\/\/minhducfurniture.com\/wp-content\/uploads\/2026\/04\/Metal-Frame-Patio-Chair.jpg","contentUrl":"https:\/\/minhducfurniture.com\/wp-content\/uploads\/2026\/04\/Metal-Frame-Patio-Chair.jpg","width":650,"height":650,"caption":"Metallgestell Terrassenstuhl"},{"@type":"BreadcrumbList","@id":"https:\/\/minhducfurniture.com\/de\/product\/terrassenstuehle-mit-metallgestell-zuverlaessige-sitzloesungen-fuer-den-aussenbereich\/#breadcrumb","itemListElement":[{"@type":"ListItem","position":1,"name":"Home","item":"https:\/\/minhducfurniture.com\/de\/"},{"@type":"ListItem","position":2,"name":"Shop","item":"https:\/\/minhducfurniture.com\/shop\/"},{"@type":"ListItem","position":3,"name":"Terrassenst\u00fchle mit Metallgestell zuverl\u00e4ssige Sitzl\u00f6sungen f\u00fcr den Au\u00dfenbereich"}]},{"@type":"WebSite","@id":"https:\/\/minhducfurniture.com\/de\/#website","url":"https:\/\/minhducfurniture.com\/de\/","name":"Minh Duc Furniture","description":"Vietnam Furniture Supplier","publisher":{"@id":"https:\/\/minhducfurniture.com\/de\/#organization"},"alternateName":"Vietnam Online Shop","potentialAction":[{"@type":"SearchAction","target":{"@type":"EntryPoint","urlTemplate":"https:\/\/minhducfurniture.com\/de\/?s={search_term_string}"},"query-input":{"@type":"PropertyValueSpecification","valueRequired":true,"valueName":"search_term_string"}}],"inLanguage":"de"},{"@type":"Organization","@id":"https:\/\/minhducfurniture.com\/de\/#organization","name":"Minh Duc Furniture","alternateName":"Vietnam Furniture Export","url":"https:\/\/minhducfurniture.com\/de\/","logo":{"@type":"ImageObject","inLanguage":"de","@id":"https:\/\/minhducfurniture.com\/de\/#\/schema\/logo\/image\/","url":"","contentUrl":"","caption":"Minh Duc Furniture"},"image":{"@id":"https:\/\/minhducfurniture.com\/de\/#\/schema\/logo\/image\/"},"sameAs":["https:\/\/www.pinterest.com\/hienthaoshop\/pins\/"]}]}},"_links":{"self":[{"href":"https:\/\/minhducfurniture.com\/de\/wp-json\/wp\/v2\/product\/55403","targetHints":{"allow":["GET"]}}],"collection":[{"href":"https:\/\/minhducfurniture.com\/de\/wp-json\/wp\/v2\/product"}],"about":[{"href":"https:\/\/minhducfurniture.com\/de\/wp-json\/wp\/v2\/types\/product"}],"replies":[{"embeddable":true,"href":"https:\/\/minhducfurniture.com\/de\/wp-json\/wp\/v2\/comments?post=55403"}],"wp:featuredmedia":[{"embeddable":true,"href":"https:\/\/minhducfurniture.com\/de\/wp-json\/wp\/v2\/media\/55387"}],"wp:attachment":[{"href":"https:\/\/minhducfurniture.com\/de\/wp-json\/wp\/v2\/media?parent=55403"}],"wp:term":[{"taxonomy":"product_brand","embeddable":true,"href":"https:\/\/minhducfurniture.com\/de\/wp-json\/wp\/v2\/product_brand?post=55403"},{"taxonomy":"product_cat","embeddable":true,"href":"https:\/\/minhducfurniture.com\/de\/wp-json\/wp\/v2\/product_cat?post=55403"},{"taxonomy":"product_tag","embeddable":true,"href":"https:\/\/minhducfurniture.com\/de\/wp-json\/wp\/v2\/product_tag?post=55403"}],"curies":[{"name":"wp","href":"https:\/\/api.w.org\/{rel}","templated":true}]}}