{"id":55362,"date":"2026-04-12T01:33:18","date_gmt":"2026-04-11T18:33:18","guid":{"rendered":"https:\/\/minhducfurniture.com\/product\/gewerbliche-metallstuehle-fuer-moderne-gaststaetten-und-speiseraeume\/"},"modified":"2026-04-15T17:44:53","modified_gmt":"2026-04-15T10:44:53","slug":"gewerbliche-metallstuehle-fuer-moderne-gaststaetten-und-speiseraeume","status":"publish","type":"product","link":"https:\/\/minhducfurniture.com\/de\/product\/gewerbliche-metallstuehle-fuer-moderne-gaststaetten-und-speiseraeume\/","title":{"rendered":"Gewerbliche Metallst\u00fchle f\u00fcr moderne Gastst\u00e4tten und Speiser\u00e4ume"},"content":{"rendered":"<h2><span style=\"font-size: 90%\">Kommerzielle gepolsterte Metallbank &#8211; Moderne Sitzgelegenheiten f\u00fcr den Gastgewerbebereich<\/span><\/h2>\n<div>\n<div>Die <strong>kommerziellen Metallst\u00fchle<\/strong> wurden f\u00fcr moderne kommerzielle Einrichtungen entworfen und vereinen Haltbarkeit, Komfort und raffinierte \u00c4sthetik. Der pulverbeschichtete Stahlrahmen sorgt f\u00fcr eine lange Lebensdauer, w\u00e4hrend die gepolsterten Sitzfl\u00e4chen die Benutzerfreundlichkeit in stark frequentierten Umgebungen verbessern. <\/div>\n<div><\/div>\n<div>Die Designsprache wird durch eine durchg\u00e4ngig abgerundete, r\u00f6hrenf\u00f6rmige Form definiert, die einen weichen &#8222;Signature-Look&#8220; schafft, der in hochwertigen Innenr\u00e4umen unverwechselbar und leicht erkennbar ist.<\/div>\n<div><\/div>\n<div>Der Metallrahmen ist mit einem schlanken Profil versehen und mit einer schwarzen Pulverbeschichtung versehen, um die Korrosionsbest\u00e4ndigkeit und Langlebigkeit zu erh\u00f6hen. Das Sitzkissen besteht aus hochwertigem PU-Schaum, der f\u00fcr ein komfortables Sitzerlebnis sorgt, seine Form im Laufe der Zeit beibeh\u00e4lt und den Anforderungen des Dauereinsatzes in gewerblichen Umgebungen gerecht wird. \t<div id=\"gap-73560541\" class=\"gap-element clearfix\" style=\"display:block; height:auto;\">\n\t\t\n<style>\n#gap-73560541 {\n  padding-top: 15px;\n}\n<\/style>\n\t<\/div>\n\t<\/div>\n<\/div>\n<div>\n<figure id=\"attachment_55338\" aria-describedby=\"caption-attachment-55338\" style=\"width: 850px\" class=\"wp-caption aligncenter\"><img decoding=\"async\" class=\"size-full wp-image-55224\" src=\"https:\/\/minhducfurniture.com\/wp-content\/uploads\/2026\/04\/Olive-green-commercial-metal-chair.jpg\" alt=\"Olivgr\u00fcner kommerzieller Metallstuhl\" width=\"850\" height=\"567\" srcset=\"https:\/\/minhducfurniture.com\/wp-content\/uploads\/2026\/04\/Olive-green-commercial-metal-chair.jpg 850w, https:\/\/minhducfurniture.com\/wp-content\/uploads\/2026\/04\/Olive-green-commercial-metal-chair-600x400.jpg 600w, https:\/\/minhducfurniture.com\/wp-content\/uploads\/2026\/04\/Olive-green-commercial-metal-chair-768x512.jpg 768w, https:\/\/minhducfurniture.com\/wp-content\/uploads\/2026\/04\/Olive-green-commercial-metal-chair-510x340.jpg 510w\" sizes=\"(max-width: 850px) 100vw, 850px\" \/><figcaption id=\"caption-attachment-55338\" class=\"wp-caption-text\">Olivgr\u00fcne kommerzielle Metallst\u00fchle<\/figcaption><\/figure>\n<\/div>\n<div>\n<div>\n<h3 data-section-id=\"pm8yra\" data-start=\"1041\" data-end=\"1061\"><span role=\"text\"><strong data-start=\"1045\" data-end=\"1061\">Hauptmerkmale<\/strong><\/span><\/h3>\n<ul data-start=\"1062\" data-end=\"1339\">\n<li data-section-id=\"1w7yc1p\" data-start=\"1062\" data-end=\"1118\">Langlebiger pulverbeschichteter Stahlrahmen f\u00fcr den kommerziellen Einsatz<\/li>\n<li data-section-id=\"1rq6zfw\" data-start=\"1119\" data-end=\"1174\">Komfortabel gepolsterter Sitz mit hochdichtem Schaumstoff<\/li>\n<li data-section-id=\"teepsi\" data-start=\"1175\" data-end=\"1233\">Charakteristisches abgerundetes Design f\u00fcr eine raffinierte visuelle Identit\u00e4t<\/li>\n<li data-section-id=\"qvlf8a\" data-start=\"1234\" data-end=\"1288\">Geeignet f\u00fcr stark frequentierte Umgebungen im Gastgewerbe<\/li>\n<li data-section-id=\"1ozitr0\" data-start=\"1289\" data-end=\"1339\">Anpassbare Materialien, Farben und Abmessungen<\/li>\n<\/ul>\n<h4>Produktbeschreibung Long Sofa Bench<\/h4>\n<ul>\n<li>Produkt-Code: MDLSF-HK3<\/li>\n<li>Abmessungen: Kundenspezifische L\u00e4nge *SH420*H750-800 mm<\/li>\n<li>Gestell: Pulverbeschichteter Stahl<\/li>\n<li>Sitz &amp; R\u00fcckenlehne: Gepolstert mit PU-Schaum (Stoff oder Leder optional)<\/li>\n<li>Stil: Modern \/ Minimalistisch \/ Skandinavisch<\/li>\n<li>Verwendung: Gewerbliche M\u00f6bel f\u00fcr den Innenbereich<\/li>\n<li>Ladegewicht: 380 kg<\/li>\n<li>Herkunft: Vietnam<\/li>\n<\/ul>\n<figure id=\"attachment_55339\" aria-describedby=\"caption-attachment-55339\" style=\"width: 850px\" class=\"wp-caption aligncenter\"><img decoding=\"async\" class=\"size-full wp-image-55225\" src=\"https:\/\/minhducfurniture.com\/wp-content\/uploads\/2026\/04\/Commercial-metal-chairs-in-the-airport.jpg\" alt=\"Kommerzielle Metallst\u00fchle auf dem Flughafen\" width=\"850\" height=\"567\" srcset=\"https:\/\/minhducfurniture.com\/wp-content\/uploads\/2026\/04\/Commercial-metal-chairs-in-the-airport.jpg 850w, https:\/\/minhducfurniture.com\/wp-content\/uploads\/2026\/04\/Commercial-metal-chairs-in-the-airport-600x400.jpg 600w, https:\/\/minhducfurniture.com\/wp-content\/uploads\/2026\/04\/Commercial-metal-chairs-in-the-airport-768x512.jpg 768w, https:\/\/minhducfurniture.com\/wp-content\/uploads\/2026\/04\/Commercial-metal-chairs-in-the-airport-510x340.jpg 510w\" sizes=\"(max-width: 850px) 100vw, 850px\" \/><figcaption id=\"caption-attachment-55339\" class=\"wp-caption-text\">Kommerzielle Metallst\u00fchle auf dem Flughafen<\/figcaption><\/figure>\n<h4>Bestellinformationen<\/h4>\n<ul>\n<li>Mindestbestellmenge (MOQ): 50 St\u00fcck<\/li>\n<li>Vorlaufzeit: 30-35 Tage nach Anzahlung<\/li>\n<li>Liefertermin: FOB Hai Phong Hafen, Vietnam<\/li>\n<li>Zahlungsbedingungen: T\/T 30% Anzahlung, 70% Restbetrag vor Versand<\/li>\n<li>Wenn Sie ein eigenes Design haben und eine Massenproduktion ben\u00f6tigen, kontaktieren Sie uns bitte f\u00fcr weitere Unterst\u00fctzung.<\/li>\n<\/ul>\n<figure id=\"attachment_55340\" aria-describedby=\"caption-attachment-55340\" style=\"width: 850px\" class=\"wp-caption aligncenter\"><img decoding=\"async\" class=\"size-full wp-image-55226\" src=\"https:\/\/minhducfurniture.com\/wp-content\/uploads\/2026\/04\/Another-example-of-a-commercial-metal-chairs.jpg\" alt=\"Ein weiteres Beispiel f\u00fcr einen kommerziellen Metallstuhl\" width=\"850\" height=\"567\" srcset=\"https:\/\/minhducfurniture.com\/wp-content\/uploads\/2026\/04\/Another-example-of-a-commercial-metal-chairs.jpg 850w, https:\/\/minhducfurniture.com\/wp-content\/uploads\/2026\/04\/Another-example-of-a-commercial-metal-chairs-600x400.jpg 600w, https:\/\/minhducfurniture.com\/wp-content\/uploads\/2026\/04\/Another-example-of-a-commercial-metal-chairs-768x512.jpg 768w, https:\/\/minhducfurniture.com\/wp-content\/uploads\/2026\/04\/Another-example-of-a-commercial-metal-chairs-510x340.jpg 510w\" sizes=\"(max-width: 850px) 100vw, 850px\" \/><figcaption id=\"caption-attachment-55340\" class=\"wp-caption-text\">Ein weiteres Beispiel f\u00fcr einen kommerziellen Metallstuhl<\/figcaption><\/figure>\n<h4>Kontaktinformationen<\/h4>\n<ul>\n<li>Minh Duc Public Furniture Co, Ltd.<\/li>\n<li>: G04-L04 An Quy Villa, Duong Noi, Hanoi, Vietnam<\/li>\n<li>Telefon\/WhatsApp\/Zalo: +84 908 314 939<\/li>\n<\/ul>\n<p>Mehr aus unseren Kollektionen<\/p>\n<ul>\n<li><span style=\"color: #008080\"><a style=\"color: #008080\" href=\"https:\/\/minhducfurniture.com\/de\/product\/metall-cafestuehle-langlebige-und-elegante-sitzgelegenheiten-fuer-moderne-raeume\/\">Metall-Caf\u00e9st\u00fchle &#8211; langlebige und elegante Sitzgelegenheiten f\u00fcr moderne R\u00e4ume<\/a><\/span><\/li>\n<li><span style=\"color: #008080\"><a style=\"color: #008080\" href=\"https:\/\/minhducfurniture.com\/de\/product\/kleiner-gepolsterter-sessel-metallgestell-moderner-loungesessel\/\">Kleiner gepolsterter Sessel Metallgestell moderner Loungesessel<\/a><\/span><\/li>\n<\/ul>\n<div class=\"social-icons share-icons share-row relative\" ><a href=\"whatsapp:\/\/send?text=Gewerbliche%20Metallst%C3%BChle%20f%C3%BCr%20moderne%20Gastst%C3%A4tten%20und%20Speiser%C3%A4ume - https:\/\/minhducfurniture.com\/de\/product\/gewerbliche-metallstuehle-fuer-moderne-gaststaetten-und-speiseraeume\/\" data-action=\"share\/whatsapp\/share\" class=\"icon primary button round tooltip whatsapp show-for-medium\" title=\"Auf WhatsApp teilen\" aria-label=\"Auf WhatsApp teilen\"><i class=\"icon-whatsapp\" aria-hidden=\"true\"><\/i><\/a><a href=\"https:\/\/www.facebook.com\/sharer.php?u=https:\/\/minhducfurniture.com\/de\/product\/gewerbliche-metallstuehle-fuer-moderne-gaststaetten-und-speiseraeume\/\" data-label=\"Facebook\" onclick=\"window.open(this.href,this.title,'width=500,height=500,top=300px,left=300px'); return false;\" target=\"_blank\" class=\"icon primary button round tooltip facebook\" title=\"Auf Facebook teilen\" aria-label=\"Auf Facebook teilen\" rel=\"noopener nofollow\"><i class=\"icon-facebook\" aria-hidden=\"true\"><\/i><\/a><a href=\"https:\/\/twitter.com\/share?url=https:\/\/minhducfurniture.com\/de\/product\/gewerbliche-metallstuehle-fuer-moderne-gaststaetten-und-speiseraeume\/\" onclick=\"window.open(this.href,this.title,'width=500,height=500,top=300px,left=300px'); return false;\" target=\"_blank\" class=\"icon primary button round tooltip twitter\" title=\"Auf Twitter teilen\" aria-label=\"Auf Twitter teilen\" rel=\"noopener nofollow\"><i class=\"icon-twitter\" aria-hidden=\"true\"><\/i><\/a><a href=\"mailto:?subject=Gewerbliche%20Metallst%C3%BChle%20f%C3%BCr%20moderne%20Gastst%C3%A4tten%20und%20Speiser%C3%A4ume&body=Schau%20dir%20das%20an%3A%20https%3A%2F%2Fminhducfurniture.com%2Fde%2Fproduct%2Fgewerbliche-metallstuehle-fuer-moderne-gaststaetten-und-speiseraeume%2F\" class=\"icon primary button round tooltip email\" title=\"E-mail an einen Freund senden\" aria-label=\"E-mail an einen Freund senden\" rel=\"nofollow\"><i class=\"icon-envelop\" aria-hidden=\"true\"><\/i><\/a><a href=\"https:\/\/pinterest.com\/pin\/create\/button?url=https:\/\/minhducfurniture.com\/de\/product\/gewerbliche-metallstuehle-fuer-moderne-gaststaetten-und-speiseraeume\/&media=https:\/\/minhducfurniture.com\/wp-content\/uploads\/2026\/04\/Commercial-metal-chairs.jpg&description=Gewerbliche%20Metallst%C3%BChle%20f%C3%BCr%20moderne%20Gastst%C3%A4tten%20und%20Speiser%C3%A4ume\" onclick=\"window.open(this.href,this.title,'width=500,height=500,top=300px,left=300px'); return false;\" target=\"_blank\" class=\"icon primary button round tooltip pinterest\" title=\"Pinterest Pin erstellen\" aria-label=\"Pinterest Pin erstellen\" rel=\"noopener nofollow\"><i class=\"icon-pinterest\" aria-hidden=\"true\"><\/i><\/a><a href=\"https:\/\/www.linkedin.com\/shareArticle?mini=true&url=https:\/\/minhducfurniture.com\/de\/product\/gewerbliche-metallstuehle-fuer-moderne-gaststaetten-und-speiseraeume\/&title=Gewerbliche%20Metallst%C3%BChle%20f%C3%BCr%20moderne%20Gastst%C3%A4tten%20und%20Speiser%C3%A4ume\" onclick=\"window.open(this.href,this.title,'width=500,height=500,top=300px,left=300px'); return false;\" target=\"_blank\" class=\"icon primary button round tooltip linkedin\" title=\"Auf LinkedIn teilen\" aria-label=\"Auf LinkedIn teilen\" rel=\"noopener nofollow\"><i class=\"icon-linkedin\" aria-hidden=\"true\"><\/i><\/a><\/div>\n<\/div>\n<\/div>\n","protected":false},"excerpt":{"rendered":"<ul>\n<li>Produkt-Code: MDLSF-HK3<\/li>\n<li>Abmessungen: Kundenspezifische L\u00e4nge *SH420*H750-800 mm<\/li>\n<li>Gestell: Pulverbeschichteter Stahl<\/li>\n<li>Sitz &amp; R\u00fcckenlehne: Gepolstert mit PU-Schaum (Stoff oder Leder optional)<\/li>\n<li>Stil: Modern \/ Minimalistisch \/ Skandinavisch<\/li>\n<li>Verwendung: Gewerbliche M\u00f6bel f\u00fcr den Innenbereich<\/li>\n<li>Ladegewicht: 380 kg<\/li>\n<li>Herkunft: Vietnam<\/li>\n<li>Hotline\/ WhatsApp:+84908314939<\/li>\n<\/ul>\n","protected":false},"featured_media":55341,"comment_status":"open","ping_status":"closed","template":"","meta":[],"product_brand":[],"product_cat":[13085,13084],"product_tag":[13090],"class_list":{"0":"post-55362","1":"product","2":"type-product","3":"status-publish","4":"has-post-thumbnail","6":"product_cat-gartenbank","7":"product_cat-lounge-sessel","8":"product_tag-stuhl-mit-metallgestell","10":"first","11":"instock","12":"shipping-taxable","13":"product-type-simple"},"yoast_head":"<!-- This site is optimized with the Yoast SEO plugin v27.4 - https:\/\/yoast.com\/product\/yoast-seo-wordpress\/ -->\n<title>Gewerbliche Metallst\u00fchle f\u00fcr moderne Gastst\u00e4tten und Speiser\u00e4ume - Minh Duc Furniture<\/title>\n<meta name=\"description\" content=\"Die kommerziellen Metallst\u00fchle wurden f\u00fcr moderne kommerzielle Einrichtungen entworfen und vereinen Haltbarkeit, Komfort und raffinierte \u00c4sthetik. Die Pulver-\" \/>\n<meta name=\"robots\" content=\"index, follow, max-snippet:-1, max-image-preview:large, max-video-preview:-1\" \/>\n<link rel=\"canonical\" href=\"https:\/\/minhducfurniture.com\/de\/product\/gewerbliche-metallstuehle-fuer-moderne-gaststaetten-und-speiseraeume\/\" \/>\n<meta property=\"og:locale\" content=\"de_DE\" \/>\n<meta property=\"og:type\" content=\"article\" \/>\n<meta property=\"og:title\" content=\"Gewerbliche Metallst\u00fchle f\u00fcr moderne Gastst\u00e4tten und Speiser\u00e4ume - Minh Duc Furniture\" \/>\n<meta property=\"og:description\" content=\"Die kommerziellen Metallst\u00fchle wurden f\u00fcr moderne kommerzielle Einrichtungen entworfen und vereinen Haltbarkeit, Komfort und raffinierte \u00c4sthetik. Die Pulver-\" \/>\n<meta property=\"og:url\" content=\"https:\/\/minhducfurniture.com\/de\/product\/gewerbliche-metallstuehle-fuer-moderne-gaststaetten-und-speiseraeume\/\" \/>\n<meta property=\"og:site_name\" content=\"Minh Duc Furniture\" \/>\n<meta property=\"article:modified_time\" content=\"2026-04-15T10:44:53+00:00\" \/>\n<meta property=\"og:image\" content=\"https:\/\/minhducfurniture.com\/wp-content\/uploads\/2026\/04\/Commercial-metal-chairs.jpg\" \/>\n\t<meta property=\"og:image:width\" content=\"750\" \/>\n\t<meta property=\"og:image:height\" content=\"750\" \/>\n\t<meta property=\"og:image:type\" content=\"image\/jpeg\" \/>\n<meta name=\"twitter:card\" content=\"summary_large_image\" \/>\n<meta name=\"twitter:label1\" content=\"Gesch\u00e4tzte Lesezeit\" \/>\n\t<meta name=\"twitter:data1\" content=\"2\u00a0Minuten\" \/>\n<script type=\"application\/ld+json\" class=\"yoast-schema-graph\">{\"@context\":\"https:\\\/\\\/schema.org\",\"@graph\":[{\"@type\":\"WebPage\",\"@id\":\"https:\\\/\\\/minhducfurniture.com\\\/de\\\/product\\\/gewerbliche-metallstuehle-fuer-moderne-gaststaetten-und-speiseraeume\\\/\",\"url\":\"https:\\\/\\\/minhducfurniture.com\\\/de\\\/product\\\/gewerbliche-metallstuehle-fuer-moderne-gaststaetten-und-speiseraeume\\\/\",\"name\":\"Gewerbliche Metallst\u00fchle f\u00fcr moderne Gastst\u00e4tten und Speiser\u00e4ume - Minh Duc Furniture\",\"isPartOf\":{\"@id\":\"https:\\\/\\\/minhducfurniture.com\\\/de\\\/#website\"},\"primaryImageOfPage\":{\"@id\":\"https:\\\/\\\/minhducfurniture.com\\\/de\\\/product\\\/gewerbliche-metallstuehle-fuer-moderne-gaststaetten-und-speiseraeume\\\/#primaryimage\"},\"image\":{\"@id\":\"https:\\\/\\\/minhducfurniture.com\\\/de\\\/product\\\/gewerbliche-metallstuehle-fuer-moderne-gaststaetten-und-speiseraeume\\\/#primaryimage\"},\"thumbnailUrl\":\"https:\\\/\\\/minhducfurniture.com\\\/wp-content\\\/uploads\\\/2026\\\/04\\\/Commercial-metal-chairs.jpg\",\"datePublished\":\"2026-04-11T18:33:18+00:00\",\"dateModified\":\"2026-04-15T10:44:53+00:00\",\"description\":\"Die kommerziellen Metallst\u00fchle wurden f\u00fcr moderne kommerzielle Einrichtungen entworfen und vereinen Haltbarkeit, Komfort und raffinierte \u00c4sthetik. Die Pulver-\",\"breadcrumb\":{\"@id\":\"https:\\\/\\\/minhducfurniture.com\\\/de\\\/product\\\/gewerbliche-metallstuehle-fuer-moderne-gaststaetten-und-speiseraeume\\\/#breadcrumb\"},\"inLanguage\":\"de\",\"potentialAction\":[{\"@type\":\"ReadAction\",\"target\":[\"https:\\\/\\\/minhducfurniture.com\\\/de\\\/product\\\/gewerbliche-metallstuehle-fuer-moderne-gaststaetten-und-speiseraeume\\\/\"]}]},{\"@type\":\"ImageObject\",\"inLanguage\":\"de\",\"@id\":\"https:\\\/\\\/minhducfurniture.com\\\/de\\\/product\\\/gewerbliche-metallstuehle-fuer-moderne-gaststaetten-und-speiseraeume\\\/#primaryimage\",\"url\":\"https:\\\/\\\/minhducfurniture.com\\\/wp-content\\\/uploads\\\/2026\\\/04\\\/Commercial-metal-chairs.jpg\",\"contentUrl\":\"https:\\\/\\\/minhducfurniture.com\\\/wp-content\\\/uploads\\\/2026\\\/04\\\/Commercial-metal-chairs.jpg\",\"width\":750,\"height\":750,\"caption\":\"Kommerzielle Metallst\u00fchle\"},{\"@type\":\"BreadcrumbList\",\"@id\":\"https:\\\/\\\/minhducfurniture.com\\\/de\\\/product\\\/gewerbliche-metallstuehle-fuer-moderne-gaststaetten-und-speiseraeume\\\/#breadcrumb\",\"itemListElement\":[{\"@type\":\"ListItem\",\"position\":1,\"name\":\"Home\",\"item\":\"https:\\\/\\\/minhducfurniture.com\\\/de\\\/\"},{\"@type\":\"ListItem\",\"position\":2,\"name\":\"Shop\",\"item\":\"https:\\\/\\\/minhducfurniture.com\\\/shop\\\/\"},{\"@type\":\"ListItem\",\"position\":3,\"name\":\"Gewerbliche Metallst\u00fchle f\u00fcr moderne Gastst\u00e4tten und Speiser\u00e4ume\"}]},{\"@type\":\"WebSite\",\"@id\":\"https:\\\/\\\/minhducfurniture.com\\\/de\\\/#website\",\"url\":\"https:\\\/\\\/minhducfurniture.com\\\/de\\\/\",\"name\":\"Minh Duc Furniture\",\"description\":\"Vietnam Furniture Supplier\",\"publisher\":{\"@id\":\"https:\\\/\\\/minhducfurniture.com\\\/de\\\/#organization\"},\"alternateName\":\"Vietnam Online Shop\",\"potentialAction\":[{\"@type\":\"SearchAction\",\"target\":{\"@type\":\"EntryPoint\",\"urlTemplate\":\"https:\\\/\\\/minhducfurniture.com\\\/de\\\/?s={search_term_string}\"},\"query-input\":{\"@type\":\"PropertyValueSpecification\",\"valueRequired\":true,\"valueName\":\"search_term_string\"}}],\"inLanguage\":\"de\"},{\"@type\":\"Organization\",\"@id\":\"https:\\\/\\\/minhducfurniture.com\\\/de\\\/#organization\",\"name\":\"Minh Duc Furniture\",\"alternateName\":\"Vietnam Furniture Export\",\"url\":\"https:\\\/\\\/minhducfurniture.com\\\/de\\\/\",\"logo\":{\"@type\":\"ImageObject\",\"inLanguage\":\"de\",\"@id\":\"https:\\\/\\\/minhducfurniture.com\\\/de\\\/#\\\/schema\\\/logo\\\/image\\\/\",\"url\":\"\",\"contentUrl\":\"\",\"caption\":\"Minh Duc Furniture\"},\"image\":{\"@id\":\"https:\\\/\\\/minhducfurniture.com\\\/de\\\/#\\\/schema\\\/logo\\\/image\\\/\"},\"sameAs\":[\"https:\\\/\\\/www.pinterest.com\\\/hienthaoshop\\\/pins\\\/\"]}]}<\/script>\n<!-- \/ Yoast SEO plugin. -->","yoast_head_json":{"title":"Gewerbliche Metallst\u00fchle f\u00fcr moderne Gastst\u00e4tten und Speiser\u00e4ume - Minh Duc Furniture","description":"Die kommerziellen Metallst\u00fchle wurden f\u00fcr moderne kommerzielle Einrichtungen entworfen und vereinen Haltbarkeit, Komfort und raffinierte \u00c4sthetik. Die Pulver-","robots":{"index":"index","follow":"follow","max-snippet":"max-snippet:-1","max-image-preview":"max-image-preview:large","max-video-preview":"max-video-preview:-1"},"canonical":"https:\/\/minhducfurniture.com\/de\/product\/gewerbliche-metallstuehle-fuer-moderne-gaststaetten-und-speiseraeume\/","og_locale":"de_DE","og_type":"article","og_title":"Gewerbliche Metallst\u00fchle f\u00fcr moderne Gastst\u00e4tten und Speiser\u00e4ume - Minh Duc Furniture","og_description":"Die kommerziellen Metallst\u00fchle wurden f\u00fcr moderne kommerzielle Einrichtungen entworfen und vereinen Haltbarkeit, Komfort und raffinierte \u00c4sthetik. Die Pulver-","og_url":"https:\/\/minhducfurniture.com\/de\/product\/gewerbliche-metallstuehle-fuer-moderne-gaststaetten-und-speiseraeume\/","og_site_name":"Minh Duc Furniture","article_modified_time":"2026-04-15T10:44:53+00:00","og_image":[{"width":750,"height":750,"url":"https:\/\/minhducfurniture.com\/wp-content\/uploads\/2026\/04\/Commercial-metal-chairs.jpg","type":"image\/jpeg"}],"twitter_card":"summary_large_image","twitter_misc":{"Gesch\u00e4tzte Lesezeit":"2\u00a0Minuten"},"schema":{"@context":"https:\/\/schema.org","@graph":[{"@type":"WebPage","@id":"https:\/\/minhducfurniture.com\/de\/product\/gewerbliche-metallstuehle-fuer-moderne-gaststaetten-und-speiseraeume\/","url":"https:\/\/minhducfurniture.com\/de\/product\/gewerbliche-metallstuehle-fuer-moderne-gaststaetten-und-speiseraeume\/","name":"Gewerbliche Metallst\u00fchle f\u00fcr moderne Gastst\u00e4tten und Speiser\u00e4ume - Minh Duc Furniture","isPartOf":{"@id":"https:\/\/minhducfurniture.com\/de\/#website"},"primaryImageOfPage":{"@id":"https:\/\/minhducfurniture.com\/de\/product\/gewerbliche-metallstuehle-fuer-moderne-gaststaetten-und-speiseraeume\/#primaryimage"},"image":{"@id":"https:\/\/minhducfurniture.com\/de\/product\/gewerbliche-metallstuehle-fuer-moderne-gaststaetten-und-speiseraeume\/#primaryimage"},"thumbnailUrl":"https:\/\/minhducfurniture.com\/wp-content\/uploads\/2026\/04\/Commercial-metal-chairs.jpg","datePublished":"2026-04-11T18:33:18+00:00","dateModified":"2026-04-15T10:44:53+00:00","description":"Die kommerziellen Metallst\u00fchle wurden f\u00fcr moderne kommerzielle Einrichtungen entworfen und vereinen Haltbarkeit, Komfort und raffinierte \u00c4sthetik. Die Pulver-","breadcrumb":{"@id":"https:\/\/minhducfurniture.com\/de\/product\/gewerbliche-metallstuehle-fuer-moderne-gaststaetten-und-speiseraeume\/#breadcrumb"},"inLanguage":"de","potentialAction":[{"@type":"ReadAction","target":["https:\/\/minhducfurniture.com\/de\/product\/gewerbliche-metallstuehle-fuer-moderne-gaststaetten-und-speiseraeume\/"]}]},{"@type":"ImageObject","inLanguage":"de","@id":"https:\/\/minhducfurniture.com\/de\/product\/gewerbliche-metallstuehle-fuer-moderne-gaststaetten-und-speiseraeume\/#primaryimage","url":"https:\/\/minhducfurniture.com\/wp-content\/uploads\/2026\/04\/Commercial-metal-chairs.jpg","contentUrl":"https:\/\/minhducfurniture.com\/wp-content\/uploads\/2026\/04\/Commercial-metal-chairs.jpg","width":750,"height":750,"caption":"Kommerzielle Metallst\u00fchle"},{"@type":"BreadcrumbList","@id":"https:\/\/minhducfurniture.com\/de\/product\/gewerbliche-metallstuehle-fuer-moderne-gaststaetten-und-speiseraeume\/#breadcrumb","itemListElement":[{"@type":"ListItem","position":1,"name":"Home","item":"https:\/\/minhducfurniture.com\/de\/"},{"@type":"ListItem","position":2,"name":"Shop","item":"https:\/\/minhducfurniture.com\/shop\/"},{"@type":"ListItem","position":3,"name":"Gewerbliche Metallst\u00fchle f\u00fcr moderne Gastst\u00e4tten und Speiser\u00e4ume"}]},{"@type":"WebSite","@id":"https:\/\/minhducfurniture.com\/de\/#website","url":"https:\/\/minhducfurniture.com\/de\/","name":"Minh Duc Furniture","description":"Vietnam Furniture Supplier","publisher":{"@id":"https:\/\/minhducfurniture.com\/de\/#organization"},"alternateName":"Vietnam Online Shop","potentialAction":[{"@type":"SearchAction","target":{"@type":"EntryPoint","urlTemplate":"https:\/\/minhducfurniture.com\/de\/?s={search_term_string}"},"query-input":{"@type":"PropertyValueSpecification","valueRequired":true,"valueName":"search_term_string"}}],"inLanguage":"de"},{"@type":"Organization","@id":"https:\/\/minhducfurniture.com\/de\/#organization","name":"Minh Duc Furniture","alternateName":"Vietnam Furniture Export","url":"https:\/\/minhducfurniture.com\/de\/","logo":{"@type":"ImageObject","inLanguage":"de","@id":"https:\/\/minhducfurniture.com\/de\/#\/schema\/logo\/image\/","url":"","contentUrl":"","caption":"Minh Duc Furniture"},"image":{"@id":"https:\/\/minhducfurniture.com\/de\/#\/schema\/logo\/image\/"},"sameAs":["https:\/\/www.pinterest.com\/hienthaoshop\/pins\/"]}]}},"_links":{"self":[{"href":"https:\/\/minhducfurniture.com\/de\/wp-json\/wp\/v2\/product\/55362","targetHints":{"allow":["GET"]}}],"collection":[{"href":"https:\/\/minhducfurniture.com\/de\/wp-json\/wp\/v2\/product"}],"about":[{"href":"https:\/\/minhducfurniture.com\/de\/wp-json\/wp\/v2\/types\/product"}],"replies":[{"embeddable":true,"href":"https:\/\/minhducfurniture.com\/de\/wp-json\/wp\/v2\/comments?post=55362"}],"wp:featuredmedia":[{"embeddable":true,"href":"https:\/\/minhducfurniture.com\/de\/wp-json\/wp\/v2\/media\/55341"}],"wp:attachment":[{"href":"https:\/\/minhducfurniture.com\/de\/wp-json\/wp\/v2\/media?parent=55362"}],"wp:term":[{"taxonomy":"product_brand","embeddable":true,"href":"https:\/\/minhducfurniture.com\/de\/wp-json\/wp\/v2\/product_brand?post=55362"},{"taxonomy":"product_cat","embeddable":true,"href":"https:\/\/minhducfurniture.com\/de\/wp-json\/wp\/v2\/product_cat?post=55362"},{"taxonomy":"product_tag","embeddable":true,"href":"https:\/\/minhducfurniture.com\/de\/wp-json\/wp\/v2\/product_tag?post=55362"}],"curies":[{"name":"wp","href":"https:\/\/api.w.org\/{rel}","templated":true}]}}