{"id":55280,"date":"2026-04-09T16:48:50","date_gmt":"2026-04-09T09:48:50","guid":{"rendered":"https:\/\/minhducfurniture.com\/product\/brauner-lederstuhl-mit-metallgestell-fuer-modernes-essen\/"},"modified":"2026-04-09T16:48:50","modified_gmt":"2026-04-09T09:48:50","slug":"brauner-lederstuhl-mit-metallgestell-fuer-modernes-essen","status":"publish","type":"product","link":"https:\/\/minhducfurniture.com\/de\/product\/brauner-lederstuhl-mit-metallgestell-fuer-modernes-essen\/","title":{"rendered":"Brauner Lederstuhl mit Metallgestell f\u00fcr modernes Essen"},"content":{"rendered":"<h2><span style=\"font-size: 90%\">Brauner Lederstuhl mit Metallgestell &#8211; Moderne Sitzl\u00f6sung f\u00fcr den Essbereich<\/span><\/h2>\n<div>Dieser <strong>braune Ledersessel mit Metallgestell<\/strong> ist so konzipiert, dass er eine perfekte Balance zwischen Stil, Haltbarkeit und Komfort f\u00fcr moderne Innenr\u00e4ume bietet. Mit seinem eleganten schwarzen Stahlgestell in Kombination mit einer warm braun gepolsterten Sitzfl\u00e4che und einer R\u00fcckenlehne aus Sperrholz bietet der Stuhl eine raffinierte und zugleich praktische Sitzgelegenheit f\u00fcr Wohn- und Gesch\u00e4ftsr\u00e4ume. \t<div id=\"gap-896320732\" class=\"gap-element clearfix\" style=\"display:block; height:auto;\">\n\t\t\n<style>\n#gap-896320732 {\n  padding-top: 15px;\n}\n<\/style>\n\t<\/div>\n\t<\/div>\n<div>\n<figure id=\"attachment_55263\" aria-describedby=\"caption-attachment-55263\" style=\"width: 850px\" class=\"wp-caption aligncenter\"><img decoding=\"async\" class=\"size-full wp-image-55206\" src=\"https:\/\/minhducfurniture.com\/wp-content\/uploads\/2026\/04\/Brown-leather-chair-with-metal-frame-in-the-resort.jpg\" alt=\"Brauner Ledersessel mit Metallgestell im Resort\" width=\"850\" height=\"543\" srcset=\"https:\/\/minhducfurniture.com\/wp-content\/uploads\/2026\/04\/Brown-leather-chair-with-metal-frame-in-the-resort.jpg 850w, https:\/\/minhducfurniture.com\/wp-content\/uploads\/2026\/04\/Brown-leather-chair-with-metal-frame-in-the-resort-626x400.jpg 626w, https:\/\/minhducfurniture.com\/wp-content\/uploads\/2026\/04\/Brown-leather-chair-with-metal-frame-in-the-resort-768x491.jpg 768w, https:\/\/minhducfurniture.com\/wp-content\/uploads\/2026\/04\/Brown-leather-chair-with-metal-frame-in-the-resort-510x326.jpg 510w\" sizes=\"(max-width: 850px) 100vw, 850px\" \/><figcaption id=\"caption-attachment-55263\" class=\"wp-caption-text\">Braune Lederst\u00fchle mit Metallgestell im Resort<\/figcaption><\/figure>\n<\/div>\n<h3>Hauptmerkmale<\/h3>\n<ul>\n<li>Strapazierf\u00e4higer Metallrahmen mit schwarzer Pulverbeschichtung f\u00fcr langfristige Nutzung<\/li>\n<li>Brauner Ledersitz f\u00fcr einen warmen und hochwertigen Look<\/li>\n<li>Ergonomische R\u00fcckenlehne aus Sperrholz mit beidseitiger Laminatbeschichtung<\/li>\n<li>Schlanke, integrierte Armlehnen f\u00fcr zus\u00e4tzlichen Komfort, ohne aufzutragen<\/li>\n<li>Modernes, minimalistisches Design, geeignet f\u00fcr verschiedene Interieurs<\/li>\n<\/ul>\n<figure id=\"attachment_55264\" aria-describedby=\"caption-attachment-55264\" style=\"width: 850px\" class=\"wp-caption aligncenter\"><img decoding=\"async\" class=\"size-full wp-image-55207\" src=\"https:\/\/minhducfurniture.com\/wp-content\/uploads\/2026\/04\/Brown-chairs-with-metal-frames-in-the-kitchen.jpg\" alt=\"Braune St\u00fchle mit Metallrahmen in der K\u00fcche\" width=\"850\" height=\"553\" srcset=\"https:\/\/minhducfurniture.com\/wp-content\/uploads\/2026\/04\/Brown-chairs-with-metal-frames-in-the-kitchen.jpg 850w, https:\/\/minhducfurniture.com\/wp-content\/uploads\/2026\/04\/Brown-chairs-with-metal-frames-in-the-kitchen-615x400.jpg 615w, https:\/\/minhducfurniture.com\/wp-content\/uploads\/2026\/04\/Brown-chairs-with-metal-frames-in-the-kitchen-768x500.jpg 768w, https:\/\/minhducfurniture.com\/wp-content\/uploads\/2026\/04\/Brown-chairs-with-metal-frames-in-the-kitchen-510x332.jpg 510w\" sizes=\"(max-width: 850px) 100vw, 850px\" \/><figcaption id=\"caption-attachment-55264\" class=\"wp-caption-text\">Braune St\u00fchle mit Metallrahmen in der K\u00fcche<\/figcaption><\/figure>\n<h4>Beschreibung des Produkts<\/h4>\n<ul>\n<li>Abmessungen: B560*SH450*H800 mm<\/li>\n<li>Gestell: Pulverbeschichteter Stahl<\/li>\n<li>Sitz: Braunes Leder (Stoff optional)<\/li>\n<li>R\u00fcckenlehne: Laminiertes Sperrholz<\/li>\n<li>Stil: Modern \/ Industriell \/ Skandinavisch<\/li>\n<li>Ladegewicht: 180kg<\/li>\n<li>Herkunft: Vietnam<\/li>\n<\/ul>\n<figure id=\"attachment_55265\" aria-describedby=\"caption-attachment-55265\" style=\"width: 850px\" class=\"wp-caption aligncenter\"><img decoding=\"async\" class=\"size-full wp-image-55208\" src=\"https:\/\/minhducfurniture.com\/wp-content\/uploads\/2026\/04\/Brown-chair-with-metal-frame-in-cafe.jpg\" alt=\"Brauner Stuhl mit Metallgestell in Cafe\" width=\"850\" height=\"567\" srcset=\"https:\/\/minhducfurniture.com\/wp-content\/uploads\/2026\/04\/Brown-chair-with-metal-frame-in-cafe.jpg 850w, https:\/\/minhducfurniture.com\/wp-content\/uploads\/2026\/04\/Brown-chair-with-metal-frame-in-cafe-600x400.jpg 600w, https:\/\/minhducfurniture.com\/wp-content\/uploads\/2026\/04\/Brown-chair-with-metal-frame-in-cafe-768x512.jpg 768w, https:\/\/minhducfurniture.com\/wp-content\/uploads\/2026\/04\/Brown-chair-with-metal-frame-in-cafe-510x340.jpg 510w\" sizes=\"(max-width: 850px) 100vw, 850px\" \/><figcaption id=\"caption-attachment-55265\" class=\"wp-caption-text\">Braune St\u00fchle mit Metallgestell im Caf\u00e9<\/figcaption><\/figure>\n<h4>Bestellinformationen<\/h4>\n<ul>\n<li>Mindestbestellmenge (MOQ): 50 St\u00fcck<\/li>\n<li>Vorlaufzeit: 30-35 Tage nach Anzahlung<\/li>\n<li>Liefertermin: FOB Hai Phong Hafen, Vietnam<\/li>\n<li>Zahlungsbedingungen: T\/T 30% Anzahlung, 70% Restbetrag vor Versand<\/li>\n<li>Wenn Sie ein eigenes Design haben und eine Massenproduktion ben\u00f6tigen, kontaktieren Sie uns bitte f\u00fcr weitere Unterst\u00fctzung.<\/li>\n<\/ul>\n<h4>Kontaktinformationen<\/h4>\n<ul>\n<li>Minh Duc Public Furniture Co, Ltd.<\/li>\n<li>: G04-L04 An Quy Villa, Duong Noi, Hanoi, Vietnam<\/li>\n<li>Telefon\/WhatsApp\/Zalo: +84 908 314 939<\/li>\n<\/ul>\n<p>Mehr aus unseren Kollektionen<\/p>\n<ul>\n<li><span style=\"color: #008080\"><a style=\"color: #008080\" href=\"https:\/\/minhducfurniture.com\/de\/product\/stuehle-mit-metallgestell-und-armlehnen-fuer-moderne-innenraeume\/\">St\u00fchle mit Metallgestell und Armlehnen f\u00fcr moderne Innenr\u00e4ume<\/a><\/span><\/li>\n<li><span style=\"color: #008080\"><a style=\"color: #008080\" href=\"https:\/\/minhducfurniture.com\/de\/product\/wohnzimmersessel-mit-metallgestell-und-minimalistischer-eleganz\/\">Wohnzimmersessel mit Metallgestell und minimalistischer Eleganz<\/a><\/span><\/li>\n<\/ul>\n","protected":false},"excerpt":{"rendered":"<ul>\n<li>Abmessungen: B560*SH450*H800 mm<\/li>\n<li>Gestell: Pulverbeschichteter Stahl<\/li>\n<li>Sitz: Braunes Leder (Stoff optional)<\/li>\n<li>R\u00fcckenlehne: Laminiertes Sperrholz<\/li>\n<li>Stil: Modern \/ Industriell \/ Skandinavisch<\/li>\n<li>Ladegewicht: 180kg<\/li>\n<li>Herkunft: Vietnam<\/li>\n<li>Hotline\/ WhatsApp: +84 908 314 939<\/li>\n<\/ul>\n","protected":false},"featured_media":55266,"comment_status":"open","ping_status":"closed","template":"","meta":[],"product_brand":[],"product_cat":[13084],"product_tag":[13089],"class_list":{"0":"post-55280","1":"product","2":"type-product","3":"status-publish","4":"has-post-thumbnail","6":"product_cat-lounge-sessel","7":"product_tag-sessel","9":"first","10":"instock","11":"shipping-taxable","12":"product-type-simple"},"yoast_head":"<!-- This site is optimized with the Yoast SEO plugin v27.4 - https:\/\/yoast.com\/product\/yoast-seo-wordpress\/ -->\n<title>Brauner Lederstuhl mit Metallgestell f\u00fcr modernes Essen - Minh Duc Furniture<\/title>\n<meta name=\"description\" content=\"Dieser braune Ledersessel mit Metallgestell wurde entworfen, um ein perfektes Gleichgewicht zwischen Stil, Haltbarkeit und Komfort in zeitgen\u00f6ssische Innenr\u00e4ume zu bringen.\" \/>\n<meta name=\"robots\" content=\"index, follow, max-snippet:-1, max-image-preview:large, max-video-preview:-1\" \/>\n<link rel=\"canonical\" href=\"https:\/\/minhducfurniture.com\/de\/product\/brauner-lederstuhl-mit-metallgestell-fuer-modernes-essen\/\" \/>\n<meta property=\"og:locale\" content=\"de_DE\" \/>\n<meta property=\"og:type\" content=\"article\" \/>\n<meta property=\"og:title\" content=\"Brauner Lederstuhl mit Metallgestell f\u00fcr modernes Essen - Minh Duc Furniture\" \/>\n<meta property=\"og:description\" content=\"Dieser braune Ledersessel mit Metallgestell wurde entworfen, um ein perfektes Gleichgewicht zwischen Stil, Haltbarkeit und Komfort in zeitgen\u00f6ssische Innenr\u00e4ume zu bringen.\" \/>\n<meta property=\"og:url\" content=\"https:\/\/minhducfurniture.com\/de\/product\/brauner-lederstuhl-mit-metallgestell-fuer-modernes-essen\/\" \/>\n<meta property=\"og:site_name\" content=\"Minh Duc Furniture\" \/>\n<meta property=\"og:image\" content=\"https:\/\/minhducfurniture.com\/wp-content\/uploads\/2026\/04\/brown-leather-chair-with-metal-frame.jpg\" \/>\n\t<meta property=\"og:image:width\" content=\"650\" \/>\n\t<meta property=\"og:image:height\" content=\"650\" \/>\n\t<meta property=\"og:image:type\" content=\"image\/jpeg\" \/>\n<meta name=\"twitter:card\" content=\"summary_large_image\" \/>\n<meta name=\"twitter:label1\" content=\"Gesch\u00e4tzte Lesezeit\" \/>\n\t<meta name=\"twitter:data1\" content=\"1\u00a0Minute\" \/>\n<script type=\"application\/ld+json\" class=\"yoast-schema-graph\">{\"@context\":\"https:\\\/\\\/schema.org\",\"@graph\":[{\"@type\":\"WebPage\",\"@id\":\"https:\\\/\\\/minhducfurniture.com\\\/de\\\/product\\\/brauner-lederstuhl-mit-metallgestell-fuer-modernes-essen\\\/\",\"url\":\"https:\\\/\\\/minhducfurniture.com\\\/de\\\/product\\\/brauner-lederstuhl-mit-metallgestell-fuer-modernes-essen\\\/\",\"name\":\"Brauner Lederstuhl mit Metallgestell f\u00fcr modernes Essen - Minh Duc Furniture\",\"isPartOf\":{\"@id\":\"https:\\\/\\\/minhducfurniture.com\\\/de\\\/#website\"},\"primaryImageOfPage\":{\"@id\":\"https:\\\/\\\/minhducfurniture.com\\\/de\\\/product\\\/brauner-lederstuhl-mit-metallgestell-fuer-modernes-essen\\\/#primaryimage\"},\"image\":{\"@id\":\"https:\\\/\\\/minhducfurniture.com\\\/de\\\/product\\\/brauner-lederstuhl-mit-metallgestell-fuer-modernes-essen\\\/#primaryimage\"},\"thumbnailUrl\":\"https:\\\/\\\/minhducfurniture.com\\\/wp-content\\\/uploads\\\/2026\\\/04\\\/brown-leather-chair-with-metal-frame.jpg\",\"datePublished\":\"2026-04-09T09:48:50+00:00\",\"description\":\"Dieser braune Ledersessel mit Metallgestell wurde entworfen, um ein perfektes Gleichgewicht zwischen Stil, Haltbarkeit und Komfort in zeitgen\u00f6ssische Innenr\u00e4ume zu bringen.\",\"breadcrumb\":{\"@id\":\"https:\\\/\\\/minhducfurniture.com\\\/de\\\/product\\\/brauner-lederstuhl-mit-metallgestell-fuer-modernes-essen\\\/#breadcrumb\"},\"inLanguage\":\"de\",\"potentialAction\":[{\"@type\":\"ReadAction\",\"target\":[\"https:\\\/\\\/minhducfurniture.com\\\/de\\\/product\\\/brauner-lederstuhl-mit-metallgestell-fuer-modernes-essen\\\/\"]}]},{\"@type\":\"ImageObject\",\"inLanguage\":\"de\",\"@id\":\"https:\\\/\\\/minhducfurniture.com\\\/de\\\/product\\\/brauner-lederstuhl-mit-metallgestell-fuer-modernes-essen\\\/#primaryimage\",\"url\":\"https:\\\/\\\/minhducfurniture.com\\\/wp-content\\\/uploads\\\/2026\\\/04\\\/brown-leather-chair-with-metal-frame.jpg\",\"contentUrl\":\"https:\\\/\\\/minhducfurniture.com\\\/wp-content\\\/uploads\\\/2026\\\/04\\\/brown-leather-chair-with-metal-frame.jpg\",\"width\":650,\"height\":650,\"caption\":\"Brauner Lederstuhl mit Metallgestell\"},{\"@type\":\"BreadcrumbList\",\"@id\":\"https:\\\/\\\/minhducfurniture.com\\\/de\\\/product\\\/brauner-lederstuhl-mit-metallgestell-fuer-modernes-essen\\\/#breadcrumb\",\"itemListElement\":[{\"@type\":\"ListItem\",\"position\":1,\"name\":\"Home\",\"item\":\"https:\\\/\\\/minhducfurniture.com\\\/de\\\/\"},{\"@type\":\"ListItem\",\"position\":2,\"name\":\"Shop\",\"item\":\"https:\\\/\\\/minhducfurniture.com\\\/shop\\\/\"},{\"@type\":\"ListItem\",\"position\":3,\"name\":\"Brauner Lederstuhl mit Metallgestell f\u00fcr modernes Essen\"}]},{\"@type\":\"WebSite\",\"@id\":\"https:\\\/\\\/minhducfurniture.com\\\/de\\\/#website\",\"url\":\"https:\\\/\\\/minhducfurniture.com\\\/de\\\/\",\"name\":\"Minh Duc Furniture\",\"description\":\"Vietnam Furniture Supplier\",\"publisher\":{\"@id\":\"https:\\\/\\\/minhducfurniture.com\\\/de\\\/#organization\"},\"alternateName\":\"Vietnam Online Shop\",\"potentialAction\":[{\"@type\":\"SearchAction\",\"target\":{\"@type\":\"EntryPoint\",\"urlTemplate\":\"https:\\\/\\\/minhducfurniture.com\\\/de\\\/?s={search_term_string}\"},\"query-input\":{\"@type\":\"PropertyValueSpecification\",\"valueRequired\":true,\"valueName\":\"search_term_string\"}}],\"inLanguage\":\"de\"},{\"@type\":\"Organization\",\"@id\":\"https:\\\/\\\/minhducfurniture.com\\\/de\\\/#organization\",\"name\":\"Minh Duc Furniture\",\"alternateName\":\"Vietnam Furniture Export\",\"url\":\"https:\\\/\\\/minhducfurniture.com\\\/de\\\/\",\"logo\":{\"@type\":\"ImageObject\",\"inLanguage\":\"de\",\"@id\":\"https:\\\/\\\/minhducfurniture.com\\\/de\\\/#\\\/schema\\\/logo\\\/image\\\/\",\"url\":\"\",\"contentUrl\":\"\",\"caption\":\"Minh Duc Furniture\"},\"image\":{\"@id\":\"https:\\\/\\\/minhducfurniture.com\\\/de\\\/#\\\/schema\\\/logo\\\/image\\\/\"},\"sameAs\":[\"https:\\\/\\\/www.pinterest.com\\\/hienthaoshop\\\/pins\\\/\"]}]}<\/script>\n<!-- \/ Yoast SEO plugin. -->","yoast_head_json":{"title":"Brauner Lederstuhl mit Metallgestell f\u00fcr modernes Essen - Minh Duc Furniture","description":"Dieser braune Ledersessel mit Metallgestell wurde entworfen, um ein perfektes Gleichgewicht zwischen Stil, Haltbarkeit und Komfort in zeitgen\u00f6ssische Innenr\u00e4ume zu bringen.","robots":{"index":"index","follow":"follow","max-snippet":"max-snippet:-1","max-image-preview":"max-image-preview:large","max-video-preview":"max-video-preview:-1"},"canonical":"https:\/\/minhducfurniture.com\/de\/product\/brauner-lederstuhl-mit-metallgestell-fuer-modernes-essen\/","og_locale":"de_DE","og_type":"article","og_title":"Brauner Lederstuhl mit Metallgestell f\u00fcr modernes Essen - Minh Duc Furniture","og_description":"Dieser braune Ledersessel mit Metallgestell wurde entworfen, um ein perfektes Gleichgewicht zwischen Stil, Haltbarkeit und Komfort in zeitgen\u00f6ssische Innenr\u00e4ume zu bringen.","og_url":"https:\/\/minhducfurniture.com\/de\/product\/brauner-lederstuhl-mit-metallgestell-fuer-modernes-essen\/","og_site_name":"Minh Duc Furniture","og_image":[{"width":650,"height":650,"url":"https:\/\/minhducfurniture.com\/wp-content\/uploads\/2026\/04\/brown-leather-chair-with-metal-frame.jpg","type":"image\/jpeg"}],"twitter_card":"summary_large_image","twitter_misc":{"Gesch\u00e4tzte Lesezeit":"1\u00a0Minute"},"schema":{"@context":"https:\/\/schema.org","@graph":[{"@type":"WebPage","@id":"https:\/\/minhducfurniture.com\/de\/product\/brauner-lederstuhl-mit-metallgestell-fuer-modernes-essen\/","url":"https:\/\/minhducfurniture.com\/de\/product\/brauner-lederstuhl-mit-metallgestell-fuer-modernes-essen\/","name":"Brauner Lederstuhl mit Metallgestell f\u00fcr modernes Essen - Minh Duc Furniture","isPartOf":{"@id":"https:\/\/minhducfurniture.com\/de\/#website"},"primaryImageOfPage":{"@id":"https:\/\/minhducfurniture.com\/de\/product\/brauner-lederstuhl-mit-metallgestell-fuer-modernes-essen\/#primaryimage"},"image":{"@id":"https:\/\/minhducfurniture.com\/de\/product\/brauner-lederstuhl-mit-metallgestell-fuer-modernes-essen\/#primaryimage"},"thumbnailUrl":"https:\/\/minhducfurniture.com\/wp-content\/uploads\/2026\/04\/brown-leather-chair-with-metal-frame.jpg","datePublished":"2026-04-09T09:48:50+00:00","description":"Dieser braune Ledersessel mit Metallgestell wurde entworfen, um ein perfektes Gleichgewicht zwischen Stil, Haltbarkeit und Komfort in zeitgen\u00f6ssische Innenr\u00e4ume zu bringen.","breadcrumb":{"@id":"https:\/\/minhducfurniture.com\/de\/product\/brauner-lederstuhl-mit-metallgestell-fuer-modernes-essen\/#breadcrumb"},"inLanguage":"de","potentialAction":[{"@type":"ReadAction","target":["https:\/\/minhducfurniture.com\/de\/product\/brauner-lederstuhl-mit-metallgestell-fuer-modernes-essen\/"]}]},{"@type":"ImageObject","inLanguage":"de","@id":"https:\/\/minhducfurniture.com\/de\/product\/brauner-lederstuhl-mit-metallgestell-fuer-modernes-essen\/#primaryimage","url":"https:\/\/minhducfurniture.com\/wp-content\/uploads\/2026\/04\/brown-leather-chair-with-metal-frame.jpg","contentUrl":"https:\/\/minhducfurniture.com\/wp-content\/uploads\/2026\/04\/brown-leather-chair-with-metal-frame.jpg","width":650,"height":650,"caption":"Brauner Lederstuhl mit Metallgestell"},{"@type":"BreadcrumbList","@id":"https:\/\/minhducfurniture.com\/de\/product\/brauner-lederstuhl-mit-metallgestell-fuer-modernes-essen\/#breadcrumb","itemListElement":[{"@type":"ListItem","position":1,"name":"Home","item":"https:\/\/minhducfurniture.com\/de\/"},{"@type":"ListItem","position":2,"name":"Shop","item":"https:\/\/minhducfurniture.com\/shop\/"},{"@type":"ListItem","position":3,"name":"Brauner Lederstuhl mit Metallgestell f\u00fcr modernes Essen"}]},{"@type":"WebSite","@id":"https:\/\/minhducfurniture.com\/de\/#website","url":"https:\/\/minhducfurniture.com\/de\/","name":"Minh Duc Furniture","description":"Vietnam Furniture Supplier","publisher":{"@id":"https:\/\/minhducfurniture.com\/de\/#organization"},"alternateName":"Vietnam Online Shop","potentialAction":[{"@type":"SearchAction","target":{"@type":"EntryPoint","urlTemplate":"https:\/\/minhducfurniture.com\/de\/?s={search_term_string}"},"query-input":{"@type":"PropertyValueSpecification","valueRequired":true,"valueName":"search_term_string"}}],"inLanguage":"de"},{"@type":"Organization","@id":"https:\/\/minhducfurniture.com\/de\/#organization","name":"Minh Duc Furniture","alternateName":"Vietnam Furniture Export","url":"https:\/\/minhducfurniture.com\/de\/","logo":{"@type":"ImageObject","inLanguage":"de","@id":"https:\/\/minhducfurniture.com\/de\/#\/schema\/logo\/image\/","url":"","contentUrl":"","caption":"Minh Duc Furniture"},"image":{"@id":"https:\/\/minhducfurniture.com\/de\/#\/schema\/logo\/image\/"},"sameAs":["https:\/\/www.pinterest.com\/hienthaoshop\/pins\/"]}]}},"_links":{"self":[{"href":"https:\/\/minhducfurniture.com\/de\/wp-json\/wp\/v2\/product\/55280","targetHints":{"allow":["GET"]}}],"collection":[{"href":"https:\/\/minhducfurniture.com\/de\/wp-json\/wp\/v2\/product"}],"about":[{"href":"https:\/\/minhducfurniture.com\/de\/wp-json\/wp\/v2\/types\/product"}],"replies":[{"embeddable":true,"href":"https:\/\/minhducfurniture.com\/de\/wp-json\/wp\/v2\/comments?post=55280"}],"wp:featuredmedia":[{"embeddable":true,"href":"https:\/\/minhducfurniture.com\/de\/wp-json\/wp\/v2\/media\/55266"}],"wp:attachment":[{"href":"https:\/\/minhducfurniture.com\/de\/wp-json\/wp\/v2\/media?parent=55280"}],"wp:term":[{"taxonomy":"product_brand","embeddable":true,"href":"https:\/\/minhducfurniture.com\/de\/wp-json\/wp\/v2\/product_brand?post=55280"},{"taxonomy":"product_cat","embeddable":true,"href":"https:\/\/minhducfurniture.com\/de\/wp-json\/wp\/v2\/product_cat?post=55280"},{"taxonomy":"product_tag","embeddable":true,"href":"https:\/\/minhducfurniture.com\/de\/wp-json\/wp\/v2\/product_tag?post=55280"}],"curies":[{"name":"wp","href":"https:\/\/api.w.org\/{rel}","templated":true}]}}