{"id":55153,"date":"2026-04-08T14:09:37","date_gmt":"2026-04-08T07:09:37","guid":{"rendered":"https:\/\/minhducfurniture.com\/product\/stuehle-mit-metallgestell-und-armlehnen-fuer-moderne-innenraeume\/"},"modified":"2026-04-08T15:02:31","modified_gmt":"2026-04-08T08:02:31","slug":"stuehle-mit-metallgestell-und-armlehnen-fuer-moderne-innenraeume","status":"publish","type":"product","link":"https:\/\/minhducfurniture.com\/de\/product\/stuehle-mit-metallgestell-und-armlehnen-fuer-moderne-innenraeume\/","title":{"rendered":"St\u00fchle mit Metallgestell und Armlehnen f\u00fcr moderne Innenr\u00e4ume"},"content":{"rendered":"<h2><span style=\"font-size: 90%;\">St\u00fchle mit Metallgestell und Armlehnen &#8211; Langlebig und elegant f\u00fcr moderne Innenr\u00e4ume<\/span><\/h2>\n<div>Werten Sie Ihr Interieur mit <strong>St\u00fchlen mit Metallgestell und Armlehnen<\/strong> auf, die sowohl stilvoll als auch langlebig sind. Mit seinem eleganten schwarzen Stahlgestell, dem weich gepolsterten Sitz und den st\u00fctzenden Armlehnen verbindet dieser Stuhl moderne \u00c4sthetik mit Alltagskomfort. <\/div>\n<div>Er eignet sich perfekt f\u00fcr Caf\u00e9s, Lounges, B\u00fcros oder moderne Wohnungen. Er bietet einen raffinierten Look und garantiert eine lang anhaltende Leistung. Das ergonomische Design und die kompakten Abmessungen machen ihn zu einer idealen Wahl f\u00fcr kleine und offene R\u00e4ume. \t<div id=\"gap-1180776490\" class=\"gap-element clearfix\" style=\"display:block; height:auto;\">\n\t\t\n<style>\n#gap-1180776490 {\n  padding-top: 15px;\n}\n<\/style>\n\t<\/div>\n\t<\/div>\n<div><\/div>\n<div>\n<figure id=\"attachment_55149\" aria-describedby=\"caption-attachment-55149\" style=\"width: 850px\" class=\"wp-caption aligncenter\"><img decoding=\"async\" class=\"size-full wp-image-55109\" src=\"https:\/\/minhducfurniture.com\/wp-content\/uploads\/2026\/04\/Metal-frame-chair-in-the-living-room.jpg\" alt=\"Stuhl mit Metallgestell im Wohnzimmer\" width=\"850\" height=\"593\" srcset=\"https:\/\/minhducfurniture.com\/wp-content\/uploads\/2026\/04\/Metal-frame-chair-in-the-living-room.jpg 850w, https:\/\/minhducfurniture.com\/wp-content\/uploads\/2026\/04\/Metal-frame-chair-in-the-living-room-573x400.jpg 573w, https:\/\/minhducfurniture.com\/wp-content\/uploads\/2026\/04\/Metal-frame-chair-in-the-living-room-768x536.jpg 768w, https:\/\/minhducfurniture.com\/wp-content\/uploads\/2026\/04\/Metal-frame-chair-in-the-living-room-510x356.jpg 510w\" sizes=\"(max-width: 850px) 100vw, 850px\" \/><figcaption id=\"caption-attachment-55149\" class=\"wp-caption-text\">Stuhl mit Metallgestell im Wohnzimmer<\/figcaption><\/figure>\n<\/div>\n<div>\n<h3>Die wichtigsten Merkmale des Produkts<\/h3>\n<ul>\n<li>Stabiler pulverbeschichteter Stahlrahmen<\/li>\n<li>Sperrholzkern mit gepolstertem Sitz und R\u00fcckenlehne aus Leder oder Stoff<\/li>\n<li>Bequeme Armlehnen f\u00fcr entspanntes Sitzen<\/li>\n<li>Modernes, minimalistisches Design, leicht an die Inneneinrichtung anzupassen<\/li>\n<\/ul>\n<figure id=\"attachment_55150\" aria-describedby=\"caption-attachment-55150\" style=\"width: 850px\" class=\"wp-caption aligncenter\"><img decoding=\"async\" class=\"size-full wp-image-55110\" src=\"https:\/\/minhducfurniture.com\/wp-content\/uploads\/2026\/04\/Metal-frame-chairs-with-arms-for-cafes.jpg\" alt=\"St\u00fchle mit Metallgestell und Armlehnen f\u00fcr Caf\u00e9s\" width=\"850\" height=\"567\" srcset=\"https:\/\/minhducfurniture.com\/wp-content\/uploads\/2026\/04\/Metal-frame-chairs-with-arms-for-cafes.jpg 850w, https:\/\/minhducfurniture.com\/wp-content\/uploads\/2026\/04\/Metal-frame-chairs-with-arms-for-cafes-600x400.jpg 600w, https:\/\/minhducfurniture.com\/wp-content\/uploads\/2026\/04\/Metal-frame-chairs-with-arms-for-cafes-768x512.jpg 768w, https:\/\/minhducfurniture.com\/wp-content\/uploads\/2026\/04\/Metal-frame-chairs-with-arms-for-cafes-510x340.jpg 510w\" sizes=\"(max-width: 850px) 100vw, 850px\" \/><figcaption id=\"caption-attachment-55150\" class=\"wp-caption-text\">St\u00fchle mit Metallgestell und Armlehnen f\u00fcr Caf\u00e9s<\/figcaption><\/figure>\n<h4>Beschreibung des Produkts<\/h4>\n<ul>\n<li>Produkt-Code: MDGA-HK21<\/li>\n<li>Gr\u00f6\u00dfe des Stuhls: W620mm*SH450mm*H800mm<\/li>\n<li>Stuhl mit Sperrholzgestell, gepolstertem Kissen aus Leder (oder Stoff), schwarz lackiertem Stahlgestell.<\/li>\n<li>Stahlrahmen mit Pulverbeschichtung<\/li>\n<li>Ladegewicht: 180kg<\/li>\n<li>Herkunft des Produkts: Vietnam<\/li>\n<\/ul>\n<\/div>\n<h4>Bestellinformationen<\/h4>\n<ul>\n<li>Mindestbestellmenge (MOQ): 50 St\u00fcck<\/li>\n<li>Vorlaufzeit: 30-35 Tage nach Anzahlung<\/li>\n<li>Liefertermin: FOB Hai Phong Hafen, Vietnam<\/li>\n<li>Zahlungsbedingungen: T\/T 30% Anzahlung, 70% Restbetrag vor Versand<\/li>\n<li>Wenn Sie ein eigenes Design haben und eine Massenproduktion ben\u00f6tigen, kontaktieren Sie uns bitte f\u00fcr weitere Unterst\u00fctzung.<\/li>\n<\/ul>\n<figure id=\"attachment_55151\" aria-describedby=\"caption-attachment-55151\" style=\"width: 850px\" class=\"wp-caption aligncenter\"><img decoding=\"async\" class=\"size-full wp-image-55111\" src=\"https:\/\/minhducfurniture.com\/wp-content\/uploads\/2026\/04\/Metal-frame-chair-with-table.jpg\" alt=\"Stuhl mit Metallgestell und Tisch\" width=\"850\" height=\"567\" srcset=\"https:\/\/minhducfurniture.com\/wp-content\/uploads\/2026\/04\/Metal-frame-chair-with-table.jpg 850w, https:\/\/minhducfurniture.com\/wp-content\/uploads\/2026\/04\/Metal-frame-chair-with-table-600x400.jpg 600w, https:\/\/minhducfurniture.com\/wp-content\/uploads\/2026\/04\/Metal-frame-chair-with-table-768x512.jpg 768w, https:\/\/minhducfurniture.com\/wp-content\/uploads\/2026\/04\/Metal-frame-chair-with-table-510x340.jpg 510w\" sizes=\"(max-width: 850px) 100vw, 850px\" \/><figcaption id=\"caption-attachment-55151\" class=\"wp-caption-text\">Stuhl mit Metallgestell und Tisch<\/figcaption><\/figure>\n<h4>Kontaktinformationen<\/h4>\n<ul>\n<li>Minh Duc Public Furniture Co, Ltd.<\/li>\n<li>: G04-L04 An Quy Villa, Duong Noi, Hanoi, Vietnam<\/li>\n<li>Telefon\/WhatsApp\/Zalo: +84 908 314 939<\/li>\n<\/ul>\n<p>Mehr aus unseren Kollektionen<\/p>\n<ul>\n<li><span style=\"color: #008080;\"><a style=\"color: #008080;\" href=\"https:\/\/minhducfurniture.com\/de\/product\/schwarzes-metallgestell-sessel-eisengestell-stuhl-fuer-den-export\/\">Schwarzes Metallgestell Sessel Eisengestell Stuhl f\u00fcr den Export<\/a><\/span><\/li>\n<li><span style=\"color: #008080;\"><a style=\"color: #008080;\" href=\"https:\/\/minhducfurniture.com\/de\/product\/massive-barhocker-aus-metall-die-modernen-stil-und-langlebigkeit-kombinieren\/\">Massive Barhocker aus Metall, die modernen Stil und Langlebigkeit kombinieren<\/a><\/span><\/li>\n<\/ul>\n<div class=\"social-icons share-icons share-row relative\" ><a href=\"whatsapp:\/\/send?text=St%C3%BChle%20mit%20Metallgestell%20und%20Armlehnen%20f%C3%BCr%20moderne%20Innenr%C3%A4ume - https:\/\/minhducfurniture.com\/de\/product\/stuehle-mit-metallgestell-und-armlehnen-fuer-moderne-innenraeume\/\" data-action=\"share\/whatsapp\/share\" class=\"icon primary button round tooltip whatsapp show-for-medium\" title=\"Auf WhatsApp teilen\" aria-label=\"Auf WhatsApp teilen\"><i class=\"icon-whatsapp\" aria-hidden=\"true\"><\/i><\/a><a href=\"https:\/\/www.facebook.com\/sharer.php?u=https:\/\/minhducfurniture.com\/de\/product\/stuehle-mit-metallgestell-und-armlehnen-fuer-moderne-innenraeume\/\" data-label=\"Facebook\" onclick=\"window.open(this.href,this.title,'width=500,height=500,top=300px,left=300px'); return false;\" target=\"_blank\" class=\"icon primary button round tooltip facebook\" title=\"Auf Facebook teilen\" aria-label=\"Auf Facebook teilen\" rel=\"noopener nofollow\"><i class=\"icon-facebook\" aria-hidden=\"true\"><\/i><\/a><a href=\"https:\/\/twitter.com\/share?url=https:\/\/minhducfurniture.com\/de\/product\/stuehle-mit-metallgestell-und-armlehnen-fuer-moderne-innenraeume\/\" onclick=\"window.open(this.href,this.title,'width=500,height=500,top=300px,left=300px'); return false;\" target=\"_blank\" class=\"icon primary button round tooltip twitter\" title=\"Auf Twitter teilen\" aria-label=\"Auf Twitter teilen\" rel=\"noopener nofollow\"><i class=\"icon-twitter\" aria-hidden=\"true\"><\/i><\/a><a href=\"mailto:?subject=St%C3%BChle%20mit%20Metallgestell%20und%20Armlehnen%20f%C3%BCr%20moderne%20Innenr%C3%A4ume&body=Schau%20dir%20das%20an%3A%20https%3A%2F%2Fminhducfurniture.com%2Fde%2Fproduct%2Fstuehle-mit-metallgestell-und-armlehnen-fuer-moderne-innenraeume%2F\" class=\"icon primary button round tooltip email\" title=\"E-mail an einen Freund senden\" aria-label=\"E-mail an einen Freund senden\" rel=\"nofollow\"><i class=\"icon-envelop\" aria-hidden=\"true\"><\/i><\/a><a href=\"https:\/\/pinterest.com\/pin\/create\/button?url=https:\/\/minhducfurniture.com\/de\/product\/stuehle-mit-metallgestell-und-armlehnen-fuer-moderne-innenraeume\/&media=https:\/\/minhducfurniture.com\/wp-content\/uploads\/2026\/04\/Metal-frame-chairs-with-arms.jpg&description=St%C3%BChle%20mit%20Metallgestell%20und%20Armlehnen%20f%C3%BCr%20moderne%20Innenr%C3%A4ume\" onclick=\"window.open(this.href,this.title,'width=500,height=500,top=300px,left=300px'); return false;\" target=\"_blank\" class=\"icon primary button round tooltip pinterest\" title=\"Pinterest Pin erstellen\" aria-label=\"Pinterest Pin erstellen\" rel=\"noopener nofollow\"><i class=\"icon-pinterest\" aria-hidden=\"true\"><\/i><\/a><a href=\"https:\/\/www.linkedin.com\/shareArticle?mini=true&url=https:\/\/minhducfurniture.com\/de\/product\/stuehle-mit-metallgestell-und-armlehnen-fuer-moderne-innenraeume\/&title=St%C3%BChle%20mit%20Metallgestell%20und%20Armlehnen%20f%C3%BCr%20moderne%20Innenr%C3%A4ume\" onclick=\"window.open(this.href,this.title,'width=500,height=500,top=300px,left=300px'); return false;\" target=\"_blank\" class=\"icon primary button round tooltip linkedin\" title=\"Auf LinkedIn teilen\" aria-label=\"Auf LinkedIn teilen\" rel=\"noopener nofollow\"><i class=\"icon-linkedin\" aria-hidden=\"true\"><\/i><\/a><\/div>\n","protected":false},"excerpt":{"rendered":"<ul>\n<li>Produkt-Code: MDGA-HK21<\/li>\n<li>Gr\u00f6\u00dfe des Stuhls: W620mm*SH450mm*H800mm<\/li>\n<li>Stuhl mit Sperrholzgestell, gepolstertem Kissen aus Leder (oder Stoff), schwarz lackiertem Stahlgestell.<\/li>\n<li>Stahlrahmen mit Pulverbeschichtung<\/li>\n<li>Ladegewicht: 180kg<\/li>\n<li>Herkunft des Produkts: Vietnam<\/li>\n<li>Hotline\/ WhatsApp: +84 908 314 939<\/li>\n<\/ul>\n","protected":false},"featured_media":55152,"comment_status":"open","ping_status":"closed","template":"","meta":[],"product_brand":[],"product_cat":[13084],"product_tag":[13089],"class_list":{"0":"post-55153","1":"product","2":"type-product","3":"status-publish","4":"has-post-thumbnail","6":"product_cat-lounge-sessel","7":"product_tag-sessel","9":"first","10":"instock","11":"shipping-taxable","12":"product-type-simple"},"yoast_head":"<!-- This site is optimized with the Yoast SEO plugin v27.0 - https:\/\/yoast.com\/product\/yoast-seo-wordpress\/ -->\n<title>St\u00fchle mit Metallgestell und Armlehnen f\u00fcr moderne Innenr\u00e4ume - Minh Duc Furniture<\/title>\n<meta name=\"description\" content=\"Werten Sie Ihre Einrichtung mit St\u00fchlen mit Metallgestell und Armlehnen auf, die sowohl stilvoll als auch langlebig sind. Mit einem eleganten schwarzen Stahlgestell, weich gepolstert\" \/>\n<meta name=\"robots\" content=\"index, follow, max-snippet:-1, max-image-preview:large, max-video-preview:-1\" \/>\n<link rel=\"canonical\" href=\"https:\/\/minhducfurniture.com\/de\/product\/stuehle-mit-metallgestell-und-armlehnen-fuer-moderne-innenraeume\/\" \/>\n<meta property=\"og:locale\" content=\"de_DE\" \/>\n<meta property=\"og:type\" content=\"article\" \/>\n<meta property=\"og:title\" content=\"St\u00fchle mit Metallgestell und Armlehnen f\u00fcr moderne Innenr\u00e4ume - Minh Duc Furniture\" \/>\n<meta property=\"og:description\" content=\"Werten Sie Ihre Einrichtung mit St\u00fchlen mit Metallgestell und Armlehnen auf, die sowohl stilvoll als auch langlebig sind. Mit einem eleganten schwarzen Stahlgestell, weich gepolstert\" \/>\n<meta property=\"og:url\" content=\"https:\/\/minhducfurniture.com\/de\/product\/stuehle-mit-metallgestell-und-armlehnen-fuer-moderne-innenraeume\/\" \/>\n<meta property=\"og:site_name\" content=\"Minh Duc Furniture\" \/>\n<meta property=\"article:modified_time\" content=\"2026-04-08T08:02:31+00:00\" \/>\n<meta property=\"og:image\" content=\"https:\/\/minhducfurniture.com\/wp-content\/uploads\/2026\/04\/Metal-frame-chairs-with-arms.jpg\" \/>\n\t<meta property=\"og:image:width\" content=\"721\" \/>\n\t<meta property=\"og:image:height\" content=\"721\" \/>\n\t<meta property=\"og:image:type\" content=\"image\/jpeg\" \/>\n<meta name=\"twitter:card\" content=\"summary_large_image\" \/>\n<meta name=\"twitter:label1\" content=\"Gesch\u00e4tzte Lesezeit\" \/>\n\t<meta name=\"twitter:data1\" content=\"2\u00a0Minuten\" \/>\n<script type=\"application\/ld+json\" class=\"yoast-schema-graph\">{\"@context\":\"https:\/\/schema.org\",\"@graph\":[{\"@type\":\"WebPage\",\"@id\":\"https:\/\/minhducfurniture.com\/de\/product\/stuehle-mit-metallgestell-und-armlehnen-fuer-moderne-innenraeume\/\",\"url\":\"https:\/\/minhducfurniture.com\/de\/product\/stuehle-mit-metallgestell-und-armlehnen-fuer-moderne-innenraeume\/\",\"name\":\"St\u00fchle mit Metallgestell und Armlehnen f\u00fcr moderne Innenr\u00e4ume - Minh Duc Furniture\",\"isPartOf\":{\"@id\":\"https:\/\/minhducfurniture.com\/de\/#website\"},\"primaryImageOfPage\":{\"@id\":\"https:\/\/minhducfurniture.com\/de\/product\/stuehle-mit-metallgestell-und-armlehnen-fuer-moderne-innenraeume\/#primaryimage\"},\"image\":{\"@id\":\"https:\/\/minhducfurniture.com\/de\/product\/stuehle-mit-metallgestell-und-armlehnen-fuer-moderne-innenraeume\/#primaryimage\"},\"thumbnailUrl\":\"https:\/\/minhducfurniture.com\/wp-content\/uploads\/2026\/04\/Metal-frame-chairs-with-arms.jpg\",\"datePublished\":\"2026-04-08T07:09:37+00:00\",\"dateModified\":\"2026-04-08T08:02:31+00:00\",\"description\":\"Werten Sie Ihre Einrichtung mit St\u00fchlen mit Metallgestell und Armlehnen auf, die sowohl stilvoll als auch langlebig sind. Mit einem eleganten schwarzen Stahlgestell, weich gepolstert\",\"breadcrumb\":{\"@id\":\"https:\/\/minhducfurniture.com\/de\/product\/stuehle-mit-metallgestell-und-armlehnen-fuer-moderne-innenraeume\/#breadcrumb\"},\"inLanguage\":\"de\",\"potentialAction\":[{\"@type\":\"ReadAction\",\"target\":[\"https:\/\/minhducfurniture.com\/de\/product\/stuehle-mit-metallgestell-und-armlehnen-fuer-moderne-innenraeume\/\"]}]},{\"@type\":\"ImageObject\",\"inLanguage\":\"de\",\"@id\":\"https:\/\/minhducfurniture.com\/de\/product\/stuehle-mit-metallgestell-und-armlehnen-fuer-moderne-innenraeume\/#primaryimage\",\"url\":\"https:\/\/minhducfurniture.com\/wp-content\/uploads\/2026\/04\/Metal-frame-chairs-with-arms.jpg\",\"contentUrl\":\"https:\/\/minhducfurniture.com\/wp-content\/uploads\/2026\/04\/Metal-frame-chairs-with-arms.jpg\",\"width\":721,\"height\":721,\"caption\":\"St\u00fchle mit Metallgestell und Armlehnen\"},{\"@type\":\"BreadcrumbList\",\"@id\":\"https:\/\/minhducfurniture.com\/de\/product\/stuehle-mit-metallgestell-und-armlehnen-fuer-moderne-innenraeume\/#breadcrumb\",\"itemListElement\":[{\"@type\":\"ListItem\",\"position\":1,\"name\":\"Home\",\"item\":\"https:\/\/minhducfurniture.com\/de\/\"},{\"@type\":\"ListItem\",\"position\":2,\"name\":\"Shop\",\"item\":\"https:\/\/minhducfurniture.com\/shop\/\"},{\"@type\":\"ListItem\",\"position\":3,\"name\":\"St\u00fchle mit Metallgestell und Armlehnen f\u00fcr moderne Innenr\u00e4ume\"}]},{\"@type\":\"WebSite\",\"@id\":\"https:\/\/minhducfurniture.com\/de\/#website\",\"url\":\"https:\/\/minhducfurniture.com\/de\/\",\"name\":\"Minh Duc Furniture\",\"description\":\"Vietnam Furniture Supplier\",\"publisher\":{\"@id\":\"https:\/\/minhducfurniture.com\/de\/#organization\"},\"alternateName\":\"Vietnam Online Shop\",\"potentialAction\":[{\"@type\":\"SearchAction\",\"target\":{\"@type\":\"EntryPoint\",\"urlTemplate\":\"https:\/\/minhducfurniture.com\/de\/?s={search_term_string}\"},\"query-input\":{\"@type\":\"PropertyValueSpecification\",\"valueRequired\":true,\"valueName\":\"search_term_string\"}}],\"inLanguage\":\"de\"},{\"@type\":\"Organization\",\"@id\":\"https:\/\/minhducfurniture.com\/de\/#organization\",\"name\":\"Minh Duc Furniture\",\"alternateName\":\"Vietnam Furniture Export\",\"url\":\"https:\/\/minhducfurniture.com\/de\/\",\"logo\":{\"@type\":\"ImageObject\",\"inLanguage\":\"de\",\"@id\":\"https:\/\/minhducfurniture.com\/de\/#\/schema\/logo\/image\/\",\"url\":\"\",\"contentUrl\":\"\",\"caption\":\"Minh Duc Furniture\"},\"image\":{\"@id\":\"https:\/\/minhducfurniture.com\/de\/#\/schema\/logo\/image\/\"},\"sameAs\":[\"https:\/\/www.pinterest.com\/hienthaoshop\/pins\/\"]}]}<\/script>\n<!-- \/ Yoast SEO plugin. -->","yoast_head_json":{"title":"St\u00fchle mit Metallgestell und Armlehnen f\u00fcr moderne Innenr\u00e4ume - Minh Duc Furniture","description":"Werten Sie Ihre Einrichtung mit St\u00fchlen mit Metallgestell und Armlehnen auf, die sowohl stilvoll als auch langlebig sind. Mit einem eleganten schwarzen Stahlgestell, weich gepolstert","robots":{"index":"index","follow":"follow","max-snippet":"max-snippet:-1","max-image-preview":"max-image-preview:large","max-video-preview":"max-video-preview:-1"},"canonical":"https:\/\/minhducfurniture.com\/de\/product\/stuehle-mit-metallgestell-und-armlehnen-fuer-moderne-innenraeume\/","og_locale":"de_DE","og_type":"article","og_title":"St\u00fchle mit Metallgestell und Armlehnen f\u00fcr moderne Innenr\u00e4ume - Minh Duc Furniture","og_description":"Werten Sie Ihre Einrichtung mit St\u00fchlen mit Metallgestell und Armlehnen auf, die sowohl stilvoll als auch langlebig sind. Mit einem eleganten schwarzen Stahlgestell, weich gepolstert","og_url":"https:\/\/minhducfurniture.com\/de\/product\/stuehle-mit-metallgestell-und-armlehnen-fuer-moderne-innenraeume\/","og_site_name":"Minh Duc Furniture","article_modified_time":"2026-04-08T08:02:31+00:00","og_image":[{"width":721,"height":721,"url":"https:\/\/minhducfurniture.com\/wp-content\/uploads\/2026\/04\/Metal-frame-chairs-with-arms.jpg","type":"image\/jpeg"}],"twitter_card":"summary_large_image","twitter_misc":{"Gesch\u00e4tzte Lesezeit":"2\u00a0Minuten"},"schema":{"@context":"https:\/\/schema.org","@graph":[{"@type":"WebPage","@id":"https:\/\/minhducfurniture.com\/de\/product\/stuehle-mit-metallgestell-und-armlehnen-fuer-moderne-innenraeume\/","url":"https:\/\/minhducfurniture.com\/de\/product\/stuehle-mit-metallgestell-und-armlehnen-fuer-moderne-innenraeume\/","name":"St\u00fchle mit Metallgestell und Armlehnen f\u00fcr moderne Innenr\u00e4ume - Minh Duc Furniture","isPartOf":{"@id":"https:\/\/minhducfurniture.com\/de\/#website"},"primaryImageOfPage":{"@id":"https:\/\/minhducfurniture.com\/de\/product\/stuehle-mit-metallgestell-und-armlehnen-fuer-moderne-innenraeume\/#primaryimage"},"image":{"@id":"https:\/\/minhducfurniture.com\/de\/product\/stuehle-mit-metallgestell-und-armlehnen-fuer-moderne-innenraeume\/#primaryimage"},"thumbnailUrl":"https:\/\/minhducfurniture.com\/wp-content\/uploads\/2026\/04\/Metal-frame-chairs-with-arms.jpg","datePublished":"2026-04-08T07:09:37+00:00","dateModified":"2026-04-08T08:02:31+00:00","description":"Werten Sie Ihre Einrichtung mit St\u00fchlen mit Metallgestell und Armlehnen auf, die sowohl stilvoll als auch langlebig sind. Mit einem eleganten schwarzen Stahlgestell, weich gepolstert","breadcrumb":{"@id":"https:\/\/minhducfurniture.com\/de\/product\/stuehle-mit-metallgestell-und-armlehnen-fuer-moderne-innenraeume\/#breadcrumb"},"inLanguage":"de","potentialAction":[{"@type":"ReadAction","target":["https:\/\/minhducfurniture.com\/de\/product\/stuehle-mit-metallgestell-und-armlehnen-fuer-moderne-innenraeume\/"]}]},{"@type":"ImageObject","inLanguage":"de","@id":"https:\/\/minhducfurniture.com\/de\/product\/stuehle-mit-metallgestell-und-armlehnen-fuer-moderne-innenraeume\/#primaryimage","url":"https:\/\/minhducfurniture.com\/wp-content\/uploads\/2026\/04\/Metal-frame-chairs-with-arms.jpg","contentUrl":"https:\/\/minhducfurniture.com\/wp-content\/uploads\/2026\/04\/Metal-frame-chairs-with-arms.jpg","width":721,"height":721,"caption":"St\u00fchle mit Metallgestell und Armlehnen"},{"@type":"BreadcrumbList","@id":"https:\/\/minhducfurniture.com\/de\/product\/stuehle-mit-metallgestell-und-armlehnen-fuer-moderne-innenraeume\/#breadcrumb","itemListElement":[{"@type":"ListItem","position":1,"name":"Home","item":"https:\/\/minhducfurniture.com\/de\/"},{"@type":"ListItem","position":2,"name":"Shop","item":"https:\/\/minhducfurniture.com\/shop\/"},{"@type":"ListItem","position":3,"name":"St\u00fchle mit Metallgestell und Armlehnen f\u00fcr moderne Innenr\u00e4ume"}]},{"@type":"WebSite","@id":"https:\/\/minhducfurniture.com\/de\/#website","url":"https:\/\/minhducfurniture.com\/de\/","name":"Minh Duc Furniture","description":"Vietnam Furniture Supplier","publisher":{"@id":"https:\/\/minhducfurniture.com\/de\/#organization"},"alternateName":"Vietnam Online Shop","potentialAction":[{"@type":"SearchAction","target":{"@type":"EntryPoint","urlTemplate":"https:\/\/minhducfurniture.com\/de\/?s={search_term_string}"},"query-input":{"@type":"PropertyValueSpecification","valueRequired":true,"valueName":"search_term_string"}}],"inLanguage":"de"},{"@type":"Organization","@id":"https:\/\/minhducfurniture.com\/de\/#organization","name":"Minh Duc Furniture","alternateName":"Vietnam Furniture Export","url":"https:\/\/minhducfurniture.com\/de\/","logo":{"@type":"ImageObject","inLanguage":"de","@id":"https:\/\/minhducfurniture.com\/de\/#\/schema\/logo\/image\/","url":"","contentUrl":"","caption":"Minh Duc Furniture"},"image":{"@id":"https:\/\/minhducfurniture.com\/de\/#\/schema\/logo\/image\/"},"sameAs":["https:\/\/www.pinterest.com\/hienthaoshop\/pins\/"]}]}},"_links":{"self":[{"href":"https:\/\/minhducfurniture.com\/de\/wp-json\/wp\/v2\/product\/55153","targetHints":{"allow":["GET"]}}],"collection":[{"href":"https:\/\/minhducfurniture.com\/de\/wp-json\/wp\/v2\/product"}],"about":[{"href":"https:\/\/minhducfurniture.com\/de\/wp-json\/wp\/v2\/types\/product"}],"replies":[{"embeddable":true,"href":"https:\/\/minhducfurniture.com\/de\/wp-json\/wp\/v2\/comments?post=55153"}],"wp:featuredmedia":[{"embeddable":true,"href":"https:\/\/minhducfurniture.com\/de\/wp-json\/wp\/v2\/media\/55152"}],"wp:attachment":[{"href":"https:\/\/minhducfurniture.com\/de\/wp-json\/wp\/v2\/media?parent=55153"}],"wp:term":[{"taxonomy":"product_brand","embeddable":true,"href":"https:\/\/minhducfurniture.com\/de\/wp-json\/wp\/v2\/product_brand?post=55153"},{"taxonomy":"product_cat","embeddable":true,"href":"https:\/\/minhducfurniture.com\/de\/wp-json\/wp\/v2\/product_cat?post=55153"},{"taxonomy":"product_tag","embeddable":true,"href":"https:\/\/minhducfurniture.com\/de\/wp-json\/wp\/v2\/product_tag?post=55153"}],"curies":[{"name":"wp","href":"https:\/\/api.w.org\/{rel}","templated":true}]}}