{"id":55046,"date":"2025-11-16T18:30:47","date_gmt":"2025-11-16T11:30:47","guid":{"rendered":"https:\/\/minhducfurniture.com\/product\/schwarze-thekenhocker-mit-moderner-minimalistischer-form-aus-polypropylen\/"},"modified":"2026-02-25T15:30:21","modified_gmt":"2026-02-25T08:30:21","slug":"schwarze-thekenhocker-mit-moderner-minimalistischer-form-aus-polypropylen","status":"publish","type":"product","link":"https:\/\/minhducfurniture.com\/de\/product\/schwarze-thekenhocker-mit-moderner-minimalistischer-form-aus-polypropylen\/","title":{"rendered":"Schwarze Thekenhocker mit moderner, minimalistischer Form aus Polypropylen"},"content":{"rendered":"<h2><span style=\"font-size: 90%\">Schwarze Thekenhocker &#8211; Moderner PP-Sitz mit robusten Metallbeinen<\/span><\/h2>\n<p><strong>Schwarze Thekenhocker<\/strong> sind eine stilvolle und praktische Sitzgelegenheit f\u00fcr K\u00fccheninseln, Caf\u00e9s und Barbereiche. Der Hocker mit einer Sitzfl\u00e4che aus PP-Kunststoff bietet glatte Oberfl\u00e4chen, ergonomischen Komfort und ausgezeichnete Haltbarkeit f\u00fcr den t\u00e4glichen Gebrauch. <\/p>\n<p>Die pulverbeschichteten Metallbeine bieten starken Halt, Stabilit\u00e4t und Rostbest\u00e4ndigkeit, so dass der Hocker sowohl f\u00fcr den privaten als auch f\u00fcr den gewerblichen Bereich geeignet ist.<\/p>\n<p>Mit ihrem sauberen schwarzen Finish und ihrer modernen, minimalistischen Form passen die schwarzen Thekenhocker problemlos zu modernen, industriellen oder skandinavischen Einrichtungen. Sie sind leicht, einfach zu reinigen und perfekt f\u00fcr Tische in Thekenh\u00f6he geeignet. Sie sind eine vielseitige Erg\u00e4nzung f\u00fcr jeden Raum. \t<div id=\"gap-434664139\" class=\"gap-element clearfix\" style=\"display:block; height:auto;\">\n\t\t\n<style>\n#gap-434664139 {\n  padding-top: 15px;\n}\n<\/style>\n\t<\/div>\n\t\n<figure id=\"attachment_55041\" aria-describedby=\"caption-attachment-55041\" style=\"width: 850px\" class=\"wp-caption aligncenter\"><img decoding=\"async\" class=\"size-full wp-image-54002\" src=\"https:\/\/minhducfurniture.com\/wp-content\/uploads\/2025\/11\/Modern-counter-stools-with-a-minimalist-design.jpg\" alt=\"Moderne Thekenhocker mit minimalistischem Design\" width=\"850\" height=\"562\" srcset=\"https:\/\/minhducfurniture.com\/wp-content\/uploads\/2025\/11\/Modern-counter-stools-with-a-minimalist-design.jpg 850w, https:\/\/minhducfurniture.com\/wp-content\/uploads\/2025\/11\/Modern-counter-stools-with-a-minimalist-design-605x400.jpg 605w, https:\/\/minhducfurniture.com\/wp-content\/uploads\/2025\/11\/Modern-counter-stools-with-a-minimalist-design-768x508.jpg 768w, https:\/\/minhducfurniture.com\/wp-content\/uploads\/2025\/11\/Modern-counter-stools-with-a-minimalist-design-510x337.jpg 510w\" sizes=\"(max-width: 850px) 100vw, 850px\" \/><figcaption id=\"caption-attachment-55041\" class=\"wp-caption-text\">Moderne Thekenhocker mit minimalistischem Design<\/figcaption><\/figure>\n<h3>Die wichtigsten Merkmale der schwarzen Thekenhocker:<\/h3>\n<ul>\n<li>\n<div>Material: Strapazierf\u00e4higer Sitz aus Polypropylen (PP) mit stabilen Metallbeinen<\/div>\n<\/li>\n<li>\n<div><\/div>\n<div>Design: Moderne, minimalistische Form, perfekt f\u00fcr zeitgen\u00f6ssische Innenr\u00e4ume<\/div>\n<\/li>\n<li>\n<div><\/div>\n<div>Komfort: Ergonomischer Sitz mit optionaler Fu\u00dfst\u00fctze<\/div>\n<\/li>\n<li>\n<div><\/div>\n<div>Leicht und langlebig: Leicht zu bewegen und verschlei\u00dffest<\/div>\n<\/li>\n<li>\n<div><\/div>\n<div>Vielseitig einsetzbar: Ideal f\u00fcr K\u00fcchen, Bars, Caf\u00e9s oder den heimischen Tresen<\/div>\n<\/li>\n<li>\n<div><\/div>\n<div>Einfache Pflege: Glatte Oberfl\u00e4che, leicht zu reinigen<\/div>\n<\/li>\n<\/ul>\n<figure id=\"attachment_55042\" aria-describedby=\"caption-attachment-55042\" style=\"width: 850px\" class=\"wp-caption aligncenter\"><img decoding=\"async\" class=\"size-full wp-image-54003\" src=\"https:\/\/minhducfurniture.com\/wp-content\/uploads\/2025\/11\/Modern-counter-stools-with-different-colors.jpg\" alt=\"Moderne Thekenhocker mit verschiedenen Farben\" width=\"850\" height=\"519\" srcset=\"https:\/\/minhducfurniture.com\/wp-content\/uploads\/2025\/11\/Modern-counter-stools-with-different-colors.jpg 850w, https:\/\/minhducfurniture.com\/wp-content\/uploads\/2025\/11\/Modern-counter-stools-with-different-colors-655x400.jpg 655w, https:\/\/minhducfurniture.com\/wp-content\/uploads\/2025\/11\/Modern-counter-stools-with-different-colors-768x469.jpg 768w, https:\/\/minhducfurniture.com\/wp-content\/uploads\/2025\/11\/Modern-counter-stools-with-different-colors-510x311.jpg 510w\" sizes=\"(max-width: 850px) 100vw, 850px\" \/><figcaption id=\"caption-attachment-55042\" class=\"wp-caption-text\">Moderne Thekenhocker mit verschiedenen Farben<\/figcaption><\/figure>\n<h4>Beschreibung des Produkts<\/h4>\n<ul>\n<li>Produkt-Code: MDS-3021<\/li>\n<li>Stuhlgr\u00f6\u00dfe: H860mm*SH730mm*B450mm<\/li>\n<li>100% PP-Kunststoff mit UV-Schutzbeschichtung<\/li>\n<li>Stahlrahmen mit Pulverbeschichtung<\/li>\n<li>Ladegewicht: 120kg\/ 264.5lbs<\/li>\n<li>Herkunft des Produkts: Vietnam<\/li>\n<\/ul>\n<figure id=\"attachment_55043\" aria-describedby=\"caption-attachment-55043\" style=\"width: 850px\" class=\"wp-caption aligncenter\"><img decoding=\"async\" class=\"size-full wp-image-54004\" src=\"https:\/\/minhducfurniture.com\/wp-content\/uploads\/2025\/11\/Counter-stools-for-kitchen-space.jpg\" alt=\"Tresenhocker f\u00fcr die K\u00fcche\" width=\"850\" height=\"580\" srcset=\"https:\/\/minhducfurniture.com\/wp-content\/uploads\/2025\/11\/Counter-stools-for-kitchen-space.jpg 850w, https:\/\/minhducfurniture.com\/wp-content\/uploads\/2025\/11\/Counter-stools-for-kitchen-space-586x400.jpg 586w, https:\/\/minhducfurniture.com\/wp-content\/uploads\/2025\/11\/Counter-stools-for-kitchen-space-768x524.jpg 768w, https:\/\/minhducfurniture.com\/wp-content\/uploads\/2025\/11\/Counter-stools-for-kitchen-space-510x348.jpg 510w\" sizes=\"(max-width: 850px) 100vw, 850px\" \/><figcaption id=\"caption-attachment-55043\" class=\"wp-caption-text\">Tresenhocker f\u00fcr die K\u00fcche<\/figcaption><\/figure>\n<h4>Bestellinformationen<\/h4>\n<ul>\n<li>Mindestbestellmenge (MOQ): 50 St\u00fcck<\/li>\n<li>Vorlaufzeit: 30-35 Tage nach Anzahlung<\/li>\n<li>Liefertermin: FOB Hai Phong Hafen, Vietnam<\/li>\n<li>Zahlungsbedingungen: T\/T 30% Anzahlung, 70% Restbetrag vor Versand<\/li>\n<li>Wenn Sie ein eigenes Design haben und eine Massenproduktion ben\u00f6tigen, kontaktieren Sie uns bitte f\u00fcr weitere Unterst\u00fctzung.<\/li>\n<\/ul>\n<figure id=\"attachment_55044\" aria-describedby=\"caption-attachment-55044\" style=\"width: 850px\" class=\"wp-caption aligncenter\"><img decoding=\"async\" class=\"size-full wp-image-54005\" src=\"https:\/\/minhducfurniture.com\/wp-content\/uploads\/2025\/11\/The-actual-pictures-of-the-counter-stools.jpg\" alt=\"Die aktuellen Bilder der Thekenhocker\" width=\"850\" height=\"565\" srcset=\"https:\/\/minhducfurniture.com\/wp-content\/uploads\/2025\/11\/The-actual-pictures-of-the-counter-stools.jpg 850w, https:\/\/minhducfurniture.com\/wp-content\/uploads\/2025\/11\/The-actual-pictures-of-the-counter-stools-602x400.jpg 602w, https:\/\/minhducfurniture.com\/wp-content\/uploads\/2025\/11\/The-actual-pictures-of-the-counter-stools-768x510.jpg 768w, https:\/\/minhducfurniture.com\/wp-content\/uploads\/2025\/11\/The-actual-pictures-of-the-counter-stools-510x339.jpg 510w\" sizes=\"(max-width: 850px) 100vw, 850px\" \/><figcaption id=\"caption-attachment-55044\" class=\"wp-caption-text\">Die aktuellen Bilder der Thekenhocker<\/figcaption><\/figure>\n<h4>Kontaktinformationen<\/h4>\n<ul>\n<li>Minh Duc Public Furniture Co, Ltd.<\/li>\n<li>Adresse: Villa H02-L11 An Phu, Duong Noi, Ha Dong, Hanoi, Vietnam<\/li>\n<li>Telefon\/WhatsApp\/Zalo: +84 908 314 939<\/li>\n<\/ul>\n<h4>Mehr aus unseren Kollektionen<\/h4>\n<ul>\n<li><span style=\"color: #008080\"><a style=\"color: #008080\" href=\"https:\/\/minhducfurniture.com\/de\/product\/terrassenstuehle-aus-kunststoff-modern-und-bequem-fuer-ihren-raum\/\">Kleiner gepolsterter Sessel Metallgestell moderner Loungesessel<\/a><\/span><\/li>\n<li><span style=\"color: #008080\"><a style=\"color: #008080\" href=\"https:\/\/minhducfurniture.com\/de\/product\/outdoor-baenke-zu-verkaufen-metall-holz-bank\/\">Outdoor B\u00e4nke zu verkaufen Metall Holz Bank<\/a><\/span><\/li>\n<\/ul>\n<div class=\"social-icons share-icons share-row relative\" ><a href=\"whatsapp:\/\/send?text=Schwarze%20Thekenhocker%20mit%20moderner%2C%20minimalistischer%20Form%20aus%20Polypropylen - https:\/\/minhducfurniture.com\/de\/product\/schwarze-thekenhocker-mit-moderner-minimalistischer-form-aus-polypropylen\/\" data-action=\"share\/whatsapp\/share\" class=\"icon primary button round tooltip whatsapp show-for-medium\" title=\"Auf WhatsApp teilen\" aria-label=\"Auf WhatsApp teilen\"><i class=\"icon-whatsapp\" aria-hidden=\"true\"><\/i><\/a><a href=\"https:\/\/www.facebook.com\/sharer.php?u=https:\/\/minhducfurniture.com\/de\/product\/schwarze-thekenhocker-mit-moderner-minimalistischer-form-aus-polypropylen\/\" data-label=\"Facebook\" onclick=\"window.open(this.href,this.title,'width=500,height=500,top=300px,left=300px'); return false;\" target=\"_blank\" class=\"icon primary button round tooltip facebook\" title=\"Auf Facebook teilen\" aria-label=\"Auf Facebook teilen\" rel=\"noopener nofollow\"><i class=\"icon-facebook\" aria-hidden=\"true\"><\/i><\/a><a href=\"https:\/\/twitter.com\/share?url=https:\/\/minhducfurniture.com\/de\/product\/schwarze-thekenhocker-mit-moderner-minimalistischer-form-aus-polypropylen\/\" onclick=\"window.open(this.href,this.title,'width=500,height=500,top=300px,left=300px'); return false;\" target=\"_blank\" class=\"icon primary button round tooltip twitter\" title=\"Auf Twitter teilen\" aria-label=\"Auf Twitter teilen\" rel=\"noopener nofollow\"><i class=\"icon-twitter\" aria-hidden=\"true\"><\/i><\/a><a href=\"mailto:?subject=Schwarze%20Thekenhocker%20mit%20moderner%2C%20minimalistischer%20Form%20aus%20Polypropylen&body=Schau%20dir%20das%20an%3A%20https%3A%2F%2Fminhducfurniture.com%2Fde%2Fproduct%2Fschwarze-thekenhocker-mit-moderner-minimalistischer-form-aus-polypropylen%2F\" class=\"icon primary button round tooltip email\" title=\"E-mail an einen Freund senden\" aria-label=\"E-mail an einen Freund senden\" rel=\"nofollow\"><i class=\"icon-envelop\" aria-hidden=\"true\"><\/i><\/a><a href=\"https:\/\/pinterest.com\/pin\/create\/button?url=https:\/\/minhducfurniture.com\/de\/product\/schwarze-thekenhocker-mit-moderner-minimalistischer-form-aus-polypropylen\/&media=https:\/\/minhducfurniture.com\/wp-content\/uploads\/2025\/11\/Black-counter-stools.jpg&description=Schwarze%20Thekenhocker%20mit%20moderner%2C%20minimalistischer%20Form%20aus%20Polypropylen\" onclick=\"window.open(this.href,this.title,'width=500,height=500,top=300px,left=300px'); return false;\" target=\"_blank\" class=\"icon primary button round tooltip pinterest\" title=\"Pinterest Pin erstellen\" aria-label=\"Pinterest Pin erstellen\" rel=\"noopener nofollow\"><i class=\"icon-pinterest\" aria-hidden=\"true\"><\/i><\/a><a href=\"https:\/\/www.linkedin.com\/shareArticle?mini=true&url=https:\/\/minhducfurniture.com\/de\/product\/schwarze-thekenhocker-mit-moderner-minimalistischer-form-aus-polypropylen\/&title=Schwarze%20Thekenhocker%20mit%20moderner%2C%20minimalistischer%20Form%20aus%20Polypropylen\" onclick=\"window.open(this.href,this.title,'width=500,height=500,top=300px,left=300px'); return false;\" target=\"_blank\" class=\"icon primary button round tooltip linkedin\" title=\"Auf LinkedIn teilen\" aria-label=\"Auf LinkedIn teilen\" rel=\"noopener nofollow\"><i class=\"icon-linkedin\" aria-hidden=\"true\"><\/i><\/a><\/div>\n","protected":false},"excerpt":{"rendered":"<ul>\n<li>Produkt-Code: MDS-3021<\/li>\n<li>Stuhlgr\u00f6\u00dfe: H860mm*SH730mm*B450mm<\/li>\n<li>100% PP-Kunststoff mit UV-Schutzbeschichtung<\/li>\n<li>Stahlrahmen mit Pulverbeschichtung<\/li>\n<li>Ladegewicht: 120kg\/ 264.5lbs<\/li>\n<li>Herkunft des Produkts: Vietnam<\/li>\n<li>Hotline\/ WhatsApp: +84 908 314 939<\/li>\n<\/ul>\n","protected":false},"featured_media":55045,"comment_status":"open","ping_status":"closed","template":"","meta":[],"product_brand":[],"product_cat":[13081],"product_tag":[13082],"class_list":{"0":"post-55046","1":"product","2":"type-product","3":"status-publish","4":"has-post-thumbnail","6":"product_cat-plastik-stuhle","7":"product_tag-outdoor-stuhle","9":"first","10":"instock","11":"shipping-taxable","12":"product-type-simple"},"yoast_head":"<!-- This site is optimized with the Yoast SEO plugin v27.0 - https:\/\/yoast.com\/product\/yoast-seo-wordpress\/ -->\n<title>Schwarze Thekenhocker mit moderner, minimalistischer Form aus Polypropylen - Minh Duc Furniture<\/title>\n<meta name=\"description\" content=\"Schwarze Thekenhocker sind eine stilvolle und praktische Sitzgelegenheit f\u00fcr K\u00fccheninseln, Caf\u00e9s und Barbereiche. Entworfen mit einem Sitz aus PP-Kunststoff,\" \/>\n<meta name=\"robots\" content=\"index, follow, max-snippet:-1, max-image-preview:large, max-video-preview:-1\" \/>\n<link rel=\"canonical\" href=\"https:\/\/minhducfurniture.com\/de\/product\/schwarze-thekenhocker-mit-moderner-minimalistischer-form-aus-polypropylen\/\" \/>\n<meta property=\"og:locale\" content=\"de_DE\" \/>\n<meta property=\"og:type\" content=\"article\" \/>\n<meta property=\"og:title\" content=\"Schwarze Thekenhocker mit moderner, minimalistischer Form aus Polypropylen - Minh Duc Furniture\" \/>\n<meta property=\"og:description\" content=\"Schwarze Thekenhocker sind eine stilvolle und praktische Sitzgelegenheit f\u00fcr K\u00fccheninseln, Caf\u00e9s und Barbereiche. Entworfen mit einem Sitz aus PP-Kunststoff,\" \/>\n<meta property=\"og:url\" content=\"https:\/\/minhducfurniture.com\/de\/product\/schwarze-thekenhocker-mit-moderner-minimalistischer-form-aus-polypropylen\/\" \/>\n<meta property=\"og:site_name\" content=\"Minh Duc Furniture\" \/>\n<meta property=\"article:modified_time\" content=\"2026-02-25T08:30:21+00:00\" \/>\n<meta property=\"og:image\" content=\"https:\/\/minhducfurniture.com\/wp-content\/uploads\/2025\/11\/Black-counter-stools.jpg\" \/>\n\t<meta property=\"og:image:width\" content=\"650\" \/>\n\t<meta property=\"og:image:height\" content=\"650\" \/>\n\t<meta property=\"og:image:type\" content=\"image\/jpeg\" \/>\n<meta name=\"twitter:card\" content=\"summary_large_image\" \/>\n<meta name=\"twitter:label1\" content=\"Gesch\u00e4tzte Lesezeit\" \/>\n\t<meta name=\"twitter:data1\" content=\"2\u00a0Minuten\" \/>\n<script type=\"application\/ld+json\" class=\"yoast-schema-graph\">{\"@context\":\"https:\/\/schema.org\",\"@graph\":[{\"@type\":\"WebPage\",\"@id\":\"https:\/\/minhducfurniture.com\/de\/product\/schwarze-thekenhocker-mit-moderner-minimalistischer-form-aus-polypropylen\/\",\"url\":\"https:\/\/minhducfurniture.com\/de\/product\/schwarze-thekenhocker-mit-moderner-minimalistischer-form-aus-polypropylen\/\",\"name\":\"Schwarze Thekenhocker mit moderner, minimalistischer Form aus Polypropylen - Minh Duc Furniture\",\"isPartOf\":{\"@id\":\"https:\/\/minhducfurniture.com\/de\/#website\"},\"primaryImageOfPage\":{\"@id\":\"https:\/\/minhducfurniture.com\/de\/product\/schwarze-thekenhocker-mit-moderner-minimalistischer-form-aus-polypropylen\/#primaryimage\"},\"image\":{\"@id\":\"https:\/\/minhducfurniture.com\/de\/product\/schwarze-thekenhocker-mit-moderner-minimalistischer-form-aus-polypropylen\/#primaryimage\"},\"thumbnailUrl\":\"https:\/\/minhducfurniture.com\/wp-content\/uploads\/2025\/11\/Black-counter-stools.jpg\",\"datePublished\":\"2025-11-16T11:30:47+00:00\",\"dateModified\":\"2026-02-25T08:30:21+00:00\",\"description\":\"Schwarze Thekenhocker sind eine stilvolle und praktische Sitzgelegenheit f\u00fcr K\u00fccheninseln, Caf\u00e9s und Barbereiche. Entworfen mit einem Sitz aus PP-Kunststoff,\",\"breadcrumb\":{\"@id\":\"https:\/\/minhducfurniture.com\/de\/product\/schwarze-thekenhocker-mit-moderner-minimalistischer-form-aus-polypropylen\/#breadcrumb\"},\"inLanguage\":\"de\",\"potentialAction\":[{\"@type\":\"ReadAction\",\"target\":[\"https:\/\/minhducfurniture.com\/de\/product\/schwarze-thekenhocker-mit-moderner-minimalistischer-form-aus-polypropylen\/\"]}]},{\"@type\":\"ImageObject\",\"inLanguage\":\"de\",\"@id\":\"https:\/\/minhducfurniture.com\/de\/product\/schwarze-thekenhocker-mit-moderner-minimalistischer-form-aus-polypropylen\/#primaryimage\",\"url\":\"https:\/\/minhducfurniture.com\/wp-content\/uploads\/2025\/11\/Black-counter-stools.jpg\",\"contentUrl\":\"https:\/\/minhducfurniture.com\/wp-content\/uploads\/2025\/11\/Black-counter-stools.jpg\",\"width\":650,\"height\":650,\"caption\":\"Schwarze Thekenhocker\"},{\"@type\":\"BreadcrumbList\",\"@id\":\"https:\/\/minhducfurniture.com\/de\/product\/schwarze-thekenhocker-mit-moderner-minimalistischer-form-aus-polypropylen\/#breadcrumb\",\"itemListElement\":[{\"@type\":\"ListItem\",\"position\":1,\"name\":\"Home\",\"item\":\"https:\/\/minhducfurniture.com\/de\/\"},{\"@type\":\"ListItem\",\"position\":2,\"name\":\"Shop\",\"item\":\"https:\/\/minhducfurniture.com\/shop\/\"},{\"@type\":\"ListItem\",\"position\":3,\"name\":\"Schwarze Thekenhocker mit moderner, minimalistischer Form aus Polypropylen\"}]},{\"@type\":\"WebSite\",\"@id\":\"https:\/\/minhducfurniture.com\/de\/#website\",\"url\":\"https:\/\/minhducfurniture.com\/de\/\",\"name\":\"Minh Duc Furniture\",\"description\":\"Vietnam Furniture Supplier\",\"publisher\":{\"@id\":\"https:\/\/minhducfurniture.com\/de\/#organization\"},\"alternateName\":\"Vietnam Online Shop\",\"potentialAction\":[{\"@type\":\"SearchAction\",\"target\":{\"@type\":\"EntryPoint\",\"urlTemplate\":\"https:\/\/minhducfurniture.com\/de\/?s={search_term_string}\"},\"query-input\":{\"@type\":\"PropertyValueSpecification\",\"valueRequired\":true,\"valueName\":\"search_term_string\"}}],\"inLanguage\":\"de\"},{\"@type\":\"Organization\",\"@id\":\"https:\/\/minhducfurniture.com\/de\/#organization\",\"name\":\"Minh Duc Furniture\",\"alternateName\":\"Vietnam Furniture Export\",\"url\":\"https:\/\/minhducfurniture.com\/de\/\",\"logo\":{\"@type\":\"ImageObject\",\"inLanguage\":\"de\",\"@id\":\"https:\/\/minhducfurniture.com\/de\/#\/schema\/logo\/image\/\",\"url\":\"\",\"contentUrl\":\"\",\"caption\":\"Minh Duc Furniture\"},\"image\":{\"@id\":\"https:\/\/minhducfurniture.com\/de\/#\/schema\/logo\/image\/\"},\"sameAs\":[\"https:\/\/www.pinterest.com\/hienthaoshop\/pins\/\"]}]}<\/script>\n<!-- \/ Yoast SEO plugin. -->","yoast_head_json":{"title":"Schwarze Thekenhocker mit moderner, minimalistischer Form aus Polypropylen - Minh Duc Furniture","description":"Schwarze Thekenhocker sind eine stilvolle und praktische Sitzgelegenheit f\u00fcr K\u00fccheninseln, Caf\u00e9s und Barbereiche. Entworfen mit einem Sitz aus PP-Kunststoff,","robots":{"index":"index","follow":"follow","max-snippet":"max-snippet:-1","max-image-preview":"max-image-preview:large","max-video-preview":"max-video-preview:-1"},"canonical":"https:\/\/minhducfurniture.com\/de\/product\/schwarze-thekenhocker-mit-moderner-minimalistischer-form-aus-polypropylen\/","og_locale":"de_DE","og_type":"article","og_title":"Schwarze Thekenhocker mit moderner, minimalistischer Form aus Polypropylen - Minh Duc Furniture","og_description":"Schwarze Thekenhocker sind eine stilvolle und praktische Sitzgelegenheit f\u00fcr K\u00fccheninseln, Caf\u00e9s und Barbereiche. Entworfen mit einem Sitz aus PP-Kunststoff,","og_url":"https:\/\/minhducfurniture.com\/de\/product\/schwarze-thekenhocker-mit-moderner-minimalistischer-form-aus-polypropylen\/","og_site_name":"Minh Duc Furniture","article_modified_time":"2026-02-25T08:30:21+00:00","og_image":[{"width":650,"height":650,"url":"https:\/\/minhducfurniture.com\/wp-content\/uploads\/2025\/11\/Black-counter-stools.jpg","type":"image\/jpeg"}],"twitter_card":"summary_large_image","twitter_misc":{"Gesch\u00e4tzte Lesezeit":"2\u00a0Minuten"},"schema":{"@context":"https:\/\/schema.org","@graph":[{"@type":"WebPage","@id":"https:\/\/minhducfurniture.com\/de\/product\/schwarze-thekenhocker-mit-moderner-minimalistischer-form-aus-polypropylen\/","url":"https:\/\/minhducfurniture.com\/de\/product\/schwarze-thekenhocker-mit-moderner-minimalistischer-form-aus-polypropylen\/","name":"Schwarze Thekenhocker mit moderner, minimalistischer Form aus Polypropylen - Minh Duc Furniture","isPartOf":{"@id":"https:\/\/minhducfurniture.com\/de\/#website"},"primaryImageOfPage":{"@id":"https:\/\/minhducfurniture.com\/de\/product\/schwarze-thekenhocker-mit-moderner-minimalistischer-form-aus-polypropylen\/#primaryimage"},"image":{"@id":"https:\/\/minhducfurniture.com\/de\/product\/schwarze-thekenhocker-mit-moderner-minimalistischer-form-aus-polypropylen\/#primaryimage"},"thumbnailUrl":"https:\/\/minhducfurniture.com\/wp-content\/uploads\/2025\/11\/Black-counter-stools.jpg","datePublished":"2025-11-16T11:30:47+00:00","dateModified":"2026-02-25T08:30:21+00:00","description":"Schwarze Thekenhocker sind eine stilvolle und praktische Sitzgelegenheit f\u00fcr K\u00fccheninseln, Caf\u00e9s und Barbereiche. Entworfen mit einem Sitz aus PP-Kunststoff,","breadcrumb":{"@id":"https:\/\/minhducfurniture.com\/de\/product\/schwarze-thekenhocker-mit-moderner-minimalistischer-form-aus-polypropylen\/#breadcrumb"},"inLanguage":"de","potentialAction":[{"@type":"ReadAction","target":["https:\/\/minhducfurniture.com\/de\/product\/schwarze-thekenhocker-mit-moderner-minimalistischer-form-aus-polypropylen\/"]}]},{"@type":"ImageObject","inLanguage":"de","@id":"https:\/\/minhducfurniture.com\/de\/product\/schwarze-thekenhocker-mit-moderner-minimalistischer-form-aus-polypropylen\/#primaryimage","url":"https:\/\/minhducfurniture.com\/wp-content\/uploads\/2025\/11\/Black-counter-stools.jpg","contentUrl":"https:\/\/minhducfurniture.com\/wp-content\/uploads\/2025\/11\/Black-counter-stools.jpg","width":650,"height":650,"caption":"Schwarze Thekenhocker"},{"@type":"BreadcrumbList","@id":"https:\/\/minhducfurniture.com\/de\/product\/schwarze-thekenhocker-mit-moderner-minimalistischer-form-aus-polypropylen\/#breadcrumb","itemListElement":[{"@type":"ListItem","position":1,"name":"Home","item":"https:\/\/minhducfurniture.com\/de\/"},{"@type":"ListItem","position":2,"name":"Shop","item":"https:\/\/minhducfurniture.com\/shop\/"},{"@type":"ListItem","position":3,"name":"Schwarze Thekenhocker mit moderner, minimalistischer Form aus Polypropylen"}]},{"@type":"WebSite","@id":"https:\/\/minhducfurniture.com\/de\/#website","url":"https:\/\/minhducfurniture.com\/de\/","name":"Minh Duc Furniture","description":"Vietnam Furniture Supplier","publisher":{"@id":"https:\/\/minhducfurniture.com\/de\/#organization"},"alternateName":"Vietnam Online Shop","potentialAction":[{"@type":"SearchAction","target":{"@type":"EntryPoint","urlTemplate":"https:\/\/minhducfurniture.com\/de\/?s={search_term_string}"},"query-input":{"@type":"PropertyValueSpecification","valueRequired":true,"valueName":"search_term_string"}}],"inLanguage":"de"},{"@type":"Organization","@id":"https:\/\/minhducfurniture.com\/de\/#organization","name":"Minh Duc Furniture","alternateName":"Vietnam Furniture Export","url":"https:\/\/minhducfurniture.com\/de\/","logo":{"@type":"ImageObject","inLanguage":"de","@id":"https:\/\/minhducfurniture.com\/de\/#\/schema\/logo\/image\/","url":"","contentUrl":"","caption":"Minh Duc Furniture"},"image":{"@id":"https:\/\/minhducfurniture.com\/de\/#\/schema\/logo\/image\/"},"sameAs":["https:\/\/www.pinterest.com\/hienthaoshop\/pins\/"]}]}},"_links":{"self":[{"href":"https:\/\/minhducfurniture.com\/de\/wp-json\/wp\/v2\/product\/55046","targetHints":{"allow":["GET"]}}],"collection":[{"href":"https:\/\/minhducfurniture.com\/de\/wp-json\/wp\/v2\/product"}],"about":[{"href":"https:\/\/minhducfurniture.com\/de\/wp-json\/wp\/v2\/types\/product"}],"replies":[{"embeddable":true,"href":"https:\/\/minhducfurniture.com\/de\/wp-json\/wp\/v2\/comments?post=55046"}],"wp:featuredmedia":[{"embeddable":true,"href":"https:\/\/minhducfurniture.com\/de\/wp-json\/wp\/v2\/media\/55045"}],"wp:attachment":[{"href":"https:\/\/minhducfurniture.com\/de\/wp-json\/wp\/v2\/media?parent=55046"}],"wp:term":[{"taxonomy":"product_brand","embeddable":true,"href":"https:\/\/minhducfurniture.com\/de\/wp-json\/wp\/v2\/product_brand?post=55046"},{"taxonomy":"product_cat","embeddable":true,"href":"https:\/\/minhducfurniture.com\/de\/wp-json\/wp\/v2\/product_cat?post=55046"},{"taxonomy":"product_tag","embeddable":true,"href":"https:\/\/minhducfurniture.com\/de\/wp-json\/wp\/v2\/product_tag?post=55046"}],"curies":[{"name":"wp","href":"https:\/\/api.w.org\/{rel}","templated":true}]}}