{"id":55039,"date":"2025-11-17T16:17:48","date_gmt":"2025-11-17T09:17:48","guid":{"rendered":"https:\/\/minhducfurniture.com\/product\/stapelbare-stuehle-aus-kunststoff-fuer-den-aussenbereich-die-perfekte-platzloesung\/"},"modified":"2026-02-25T15:29:45","modified_gmt":"2026-02-25T08:29:45","slug":"stapelbare-stuehle-aus-kunststoff-fuer-den-aussenbereich-die-perfekte-platzloesung","status":"publish","type":"product","link":"https:\/\/minhducfurniture.com\/de\/product\/stapelbare-stuehle-aus-kunststoff-fuer-den-aussenbereich-die-perfekte-platzloesung\/","title":{"rendered":"Stapelbare St\u00fchle aus Kunststoff f\u00fcr den Au\u00dfenbereich &#8211; die perfekte Platzl\u00f6sung"},"content":{"rendered":"<h2><span style=\"font-size: 90%\">Stapelbare Plastikst\u00fchle f\u00fcr drau\u00dfen, die Sie lieben werden<\/span><\/h2>\n<p>Die <strong>stapelbaren Kunststoffst\u00fchle f\u00fcr den Au\u00dfenbereich<\/strong> werden Ihren Au\u00dfenbereich neu beleben! Mit einem auffallend unkonventionellen Design, das sofort die Aufmerksamkeit auf sich zieht, haben wir praktische Bequemlichkeit mit einer wirklich einzigartigen, abgerundeten modernen \u00c4sthetik kombiniert, um die perfekte Sitzl\u00f6sung f\u00fcr Ihren Garten, Ihre Terrasse, Ihren Poolbereich, Ihre Unterhaltungszone oder Ihren Strand zu schaffen. Diese St\u00fchle bieten dank ihrer \u00fcberragenden Stabilit\u00e4t eine sichere und feste Grundlage f\u00fcr jeden. Entdecken Sie den Stuhl, der wirklich Platz spart, ohne Kompromisse beim Stil einzugehen.   \t<div id=\"gap-1229182115\" class=\"gap-element clearfix\" style=\"display:block; height:auto;\">\n\t\t\n<style>\n#gap-1229182115 {\n  padding-top: 15px;\n}\n<\/style>\n\t<\/div>\n\t\n<figure id=\"attachment_55034\" aria-describedby=\"caption-attachment-55034\" style=\"width: 850px\" class=\"wp-caption aligncenter\"><img decoding=\"async\" class=\"size-full wp-image-54008\" src=\"https:\/\/minhducfurniture.com\/wp-content\/uploads\/2025\/11\/Plastic-outdoor-stackable-chairs-on-the-Caribbean-beach.jpg\" alt=\"Stapelbare Plastikst\u00fchle f\u00fcr drau\u00dfen am Strand der Karibik\" width=\"850\" height=\"574\" srcset=\"https:\/\/minhducfurniture.com\/wp-content\/uploads\/2025\/11\/Plastic-outdoor-stackable-chairs-on-the-Caribbean-beach.jpg 850w, https:\/\/minhducfurniture.com\/wp-content\/uploads\/2025\/11\/Plastic-outdoor-stackable-chairs-on-the-Caribbean-beach-592x400.jpg 592w, https:\/\/minhducfurniture.com\/wp-content\/uploads\/2025\/11\/Plastic-outdoor-stackable-chairs-on-the-Caribbean-beach-768x519.jpg 768w, https:\/\/minhducfurniture.com\/wp-content\/uploads\/2025\/11\/Plastic-outdoor-stackable-chairs-on-the-Caribbean-beach-510x344.jpg 510w\" sizes=\"(max-width: 850px) 100vw, 850px\" \/><figcaption id=\"caption-attachment-55034\" class=\"wp-caption-text\">Stapelbare Plastikst\u00fchle f\u00fcr drau\u00dfen am Strand der Karibik<\/figcaption><\/figure>\n<h3>Hauptmerkmale der stapelbaren Kunststoffst\u00fchle f\u00fcr den Au\u00dfenbereich<\/h3>\n<ul>\n<li>\n<p data-path-to-node=\"8,0,0\">Stapelst\u00fchle f\u00fcr drau\u00dfen: Ultimative Raumeffizienz und Bequemlichkeit.<\/p>\n<\/li>\n<li>\n<p data-path-to-node=\"8,0,0\">Strapazierf\u00e4higes PP-Material: Langlebige Qualit\u00e4t und strukturelle Integrit\u00e4t.<\/p>\n<\/li>\n<li>\n<p data-path-to-node=\"8,0,0\">Einzigartige runde Form: Ein auff\u00e4lliges Design, das auff\u00e4llt.<\/p>\n<\/li>\n<li>\n<p data-path-to-node=\"8,3,0\">Leicht und wetterfest: Leicht zu bewegen und widerstandsf\u00e4hig gegen alle Elemente.<\/p>\n<\/li>\n<li>\n<p data-path-to-node=\"8,4,0\">Vielseitiger Einsatz im Freien: Ideal f\u00fcr verschiedene Umgebungen, von Resorts bis zu G\u00e4rten.<\/p>\n<\/li>\n<\/ul>\n<figure id=\"attachment_55035\" aria-describedby=\"caption-attachment-55035\" style=\"width: 850px\" class=\"wp-caption aligncenter\"><img decoding=\"async\" class=\"wp-image-54009 size-full\" src=\"https:\/\/minhducfurniture.com\/wp-content\/uploads\/2025\/11\/Another-picture-of-plastic-outdoor-stackable-chairs.jpg\" alt=\"Stapelbare St\u00fchle in der N\u00e4he des Pools\" width=\"850\" height=\"546\" srcset=\"https:\/\/minhducfurniture.com\/wp-content\/uploads\/2025\/11\/Another-picture-of-plastic-outdoor-stackable-chairs.jpg 850w, https:\/\/minhducfurniture.com\/wp-content\/uploads\/2025\/11\/Another-picture-of-plastic-outdoor-stackable-chairs-623x400.jpg 623w, https:\/\/minhducfurniture.com\/wp-content\/uploads\/2025\/11\/Another-picture-of-plastic-outdoor-stackable-chairs-768x493.jpg 768w, https:\/\/minhducfurniture.com\/wp-content\/uploads\/2025\/11\/Another-picture-of-plastic-outdoor-stackable-chairs-510x328.jpg 510w\" sizes=\"(max-width: 850px) 100vw, 850px\" \/><figcaption id=\"caption-attachment-55035\" class=\"wp-caption-text\">Stapelbare St\u00fchle in der N\u00e4he des Pools<\/figcaption><\/figure>\n<h4>Beschreibung des Produkts<\/h4>\n<ul>\n<li>Produkt-Code: MDS-3026<\/li>\n<li>Stuhlgr\u00f6\u00dfe: H810mm*SH460mm*B650mm<\/li>\n<li>100% PP-Kunststoff mit UV-Schutzbeschichtung<\/li>\n<li>Ladegewicht: 120kg\/ 264.5lbs<\/li>\n<li>Herkunft des Produkts: Vietnam<\/li>\n<\/ul>\n<figure id=\"attachment_55036\" aria-describedby=\"caption-attachment-55036\" style=\"width: 850px\" class=\"wp-caption aligncenter\"><img decoding=\"async\" class=\"wp-image-54010 size-full\" src=\"https:\/\/minhducfurniture.com\/wp-content\/uploads\/2025\/11\/White-plastic-outdoor-stackable-chairs.jpg\" alt=\"Stapelbare Plastikst\u00fchle f\u00fcr drau\u00dfen mit Tisch\" width=\"850\" height=\"546\" srcset=\"https:\/\/minhducfurniture.com\/wp-content\/uploads\/2025\/11\/White-plastic-outdoor-stackable-chairs.jpg 850w, https:\/\/minhducfurniture.com\/wp-content\/uploads\/2025\/11\/White-plastic-outdoor-stackable-chairs-623x400.jpg 623w, https:\/\/minhducfurniture.com\/wp-content\/uploads\/2025\/11\/White-plastic-outdoor-stackable-chairs-768x493.jpg 768w, https:\/\/minhducfurniture.com\/wp-content\/uploads\/2025\/11\/White-plastic-outdoor-stackable-chairs-510x328.jpg 510w\" sizes=\"(max-width: 850px) 100vw, 850px\" \/><figcaption id=\"caption-attachment-55036\" class=\"wp-caption-text\">Stapelbare Plastikst\u00fchle f\u00fcr drau\u00dfen mit Tisch<\/figcaption><\/figure>\n<h4>Bestellinformationen<\/h4>\n<ul>\n<li>Mindestbestellmenge (MOQ): 50 St\u00fcck<\/li>\n<li>Vorlaufzeit: 30-35 Tage nach Anzahlung<\/li>\n<li>Liefertermin: FOB Hai Phong Hafen, Vietnam<\/li>\n<li>Zahlungsbedingungen: T\/T 30% Anzahlung, 70% Restbetrag vor Versand<\/li>\n<li>Wenn Sie ein eigenes Design haben und eine Massenproduktion ben\u00f6tigen, kontaktieren Sie uns bitte f\u00fcr weitere Unterst\u00fctzung.<\/li>\n<\/ul>\n<figure id=\"attachment_55037\" aria-describedby=\"caption-attachment-55037\" style=\"width: 850px\" class=\"wp-caption aligncenter\"><img decoding=\"async\" class=\"wp-image-54011 size-full\" src=\"https:\/\/minhducfurniture.com\/wp-content\/uploads\/2025\/11\/Actual-image-of-plastic-outdoor-stackable-chair.jpg\" alt=\"Die aktuellen Bilder der Produkte\" width=\"850\" height=\"585\" srcset=\"https:\/\/minhducfurniture.com\/wp-content\/uploads\/2025\/11\/Actual-image-of-plastic-outdoor-stackable-chair.jpg 850w, https:\/\/minhducfurniture.com\/wp-content\/uploads\/2025\/11\/Actual-image-of-plastic-outdoor-stackable-chair-581x400.jpg 581w, https:\/\/minhducfurniture.com\/wp-content\/uploads\/2025\/11\/Actual-image-of-plastic-outdoor-stackable-chair-768x529.jpg 768w, https:\/\/minhducfurniture.com\/wp-content\/uploads\/2025\/11\/Actual-image-of-plastic-outdoor-stackable-chair-510x351.jpg 510w\" sizes=\"(max-width: 850px) 100vw, 850px\" \/><figcaption id=\"caption-attachment-55037\" class=\"wp-caption-text\">Die aktuellen Bilder der Produkte<\/figcaption><\/figure>\n<h4>Kontaktinformationen<\/h4>\n<ul>\n<li>Minh Duc Public Furniture Co, Ltd.<\/li>\n<li>Adresse: Villa H02-L11 An Phu, Duong Noi, Ha Dong, Hanoi, Vietnam<\/li>\n<li>Telefon\/WhatsApp\/Zalo: +84 908 314 939<\/li>\n<\/ul>\n<h4>Mehr aus unseren Kollektionen<\/h4>\n<ul>\n<li>\n<div><span style=\"color: #008080\"><a style=\"color: #008080\" href=\"https:\/\/minhducfurniture.com\/de\/product\/schwarze-thekenhocker-mit-moderner-minimalistischer-form-aus-polypropylen\/\">Schwarze Thekenhocker mit moderner, minimalistischer Form aus Polypropylen<\/a><\/span><\/div>\n<\/li>\n<li><span style=\"color: #008080\"><a style=\"color: #008080\" href=\"https:\/\/minhducfurniture.com\/de\/product\/kleiner-gepolsterter-sessel-metallgestell-moderner-loungesessel\/\">Kleiner gepolsterter Sessel Metallgestell moderner Loungesessel<\/a><\/span><\/li>\n<\/ul>\n<div class=\"social-icons share-icons share-row relative\" ><a href=\"whatsapp:\/\/send?text=Stapelbare%20St%C3%BChle%20aus%20Kunststoff%20f%C3%BCr%20den%20Au%C3%9Fenbereich%20%26%238211%3B%20die%20perfekte%20Platzl%C3%B6sung - https:\/\/minhducfurniture.com\/de\/product\/stapelbare-stuehle-aus-kunststoff-fuer-den-aussenbereich-die-perfekte-platzloesung\/\" data-action=\"share\/whatsapp\/share\" class=\"icon primary button round tooltip whatsapp show-for-medium\" title=\"Auf WhatsApp teilen\" aria-label=\"Auf WhatsApp teilen\"><i class=\"icon-whatsapp\" aria-hidden=\"true\"><\/i><\/a><a href=\"https:\/\/www.facebook.com\/sharer.php?u=https:\/\/minhducfurniture.com\/de\/product\/stapelbare-stuehle-aus-kunststoff-fuer-den-aussenbereich-die-perfekte-platzloesung\/\" data-label=\"Facebook\" onclick=\"window.open(this.href,this.title,'width=500,height=500,top=300px,left=300px'); return false;\" target=\"_blank\" class=\"icon primary button round tooltip facebook\" title=\"Auf Facebook teilen\" aria-label=\"Auf Facebook teilen\" rel=\"noopener nofollow\"><i class=\"icon-facebook\" aria-hidden=\"true\"><\/i><\/a><a href=\"https:\/\/twitter.com\/share?url=https:\/\/minhducfurniture.com\/de\/product\/stapelbare-stuehle-aus-kunststoff-fuer-den-aussenbereich-die-perfekte-platzloesung\/\" onclick=\"window.open(this.href,this.title,'width=500,height=500,top=300px,left=300px'); return false;\" target=\"_blank\" class=\"icon primary button round tooltip twitter\" title=\"Auf Twitter teilen\" aria-label=\"Auf Twitter teilen\" rel=\"noopener nofollow\"><i class=\"icon-twitter\" aria-hidden=\"true\"><\/i><\/a><a href=\"mailto:?subject=Stapelbare%20St%C3%BChle%20aus%20Kunststoff%20f%C3%BCr%20den%20Au%C3%9Fenbereich%20%26%238211%3B%20die%20perfekte%20Platzl%C3%B6sung&body=Schau%20dir%20das%20an%3A%20https%3A%2F%2Fminhducfurniture.com%2Fde%2Fproduct%2Fstapelbare-stuehle-aus-kunststoff-fuer-den-aussenbereich-die-perfekte-platzloesung%2F\" class=\"icon primary button round tooltip email\" title=\"E-mail an einen Freund senden\" aria-label=\"E-mail an einen Freund senden\" rel=\"nofollow\"><i class=\"icon-envelop\" aria-hidden=\"true\"><\/i><\/a><a href=\"https:\/\/pinterest.com\/pin\/create\/button?url=https:\/\/minhducfurniture.com\/de\/product\/stapelbare-stuehle-aus-kunststoff-fuer-den-aussenbereich-die-perfekte-platzloesung\/&media=https:\/\/minhducfurniture.com\/wp-content\/uploads\/2025\/11\/Plastic-outdoor-stackable-chairs-1.jpg&description=Stapelbare%20St%C3%BChle%20aus%20Kunststoff%20f%C3%BCr%20den%20Au%C3%9Fenbereich%20%26%238211%3B%20die%20perfekte%20Platzl%C3%B6sung\" onclick=\"window.open(this.href,this.title,'width=500,height=500,top=300px,left=300px'); return false;\" target=\"_blank\" class=\"icon primary button round tooltip pinterest\" title=\"Pinterest Pin erstellen\" aria-label=\"Pinterest Pin erstellen\" rel=\"noopener nofollow\"><i class=\"icon-pinterest\" aria-hidden=\"true\"><\/i><\/a><a href=\"https:\/\/www.linkedin.com\/shareArticle?mini=true&url=https:\/\/minhducfurniture.com\/de\/product\/stapelbare-stuehle-aus-kunststoff-fuer-den-aussenbereich-die-perfekte-platzloesung\/&title=Stapelbare%20St%C3%BChle%20aus%20Kunststoff%20f%C3%BCr%20den%20Au%C3%9Fenbereich%20%26%238211%3B%20die%20perfekte%20Platzl%C3%B6sung\" onclick=\"window.open(this.href,this.title,'width=500,height=500,top=300px,left=300px'); return false;\" target=\"_blank\" class=\"icon primary button round tooltip linkedin\" title=\"Auf LinkedIn teilen\" aria-label=\"Auf LinkedIn teilen\" rel=\"noopener nofollow\"><i class=\"icon-linkedin\" aria-hidden=\"true\"><\/i><\/a><\/div>\n","protected":false},"excerpt":{"rendered":"<ul>\n<li>Produkt-Code: MDS-3026<\/li>\n<li>Stuhlgr\u00f6\u00dfe: H810mm*SH460mm*B650mm<\/li>\n<li>100% PP-Kunststoff mit UV-Schutzbeschichtung<\/li>\n<li>Ladegewicht: 120kg\/ 264.5lbs<\/li>\n<li>Herkunft des Produkts: Vietnam<\/li>\n<li>Hotline\/ WhatsApp:+84908314939<\/li>\n<\/ul>\n","protected":false},"featured_media":55038,"comment_status":"open","ping_status":"closed","template":"","meta":[],"product_brand":[],"product_cat":[13081],"product_tag":[13082],"class_list":{"0":"post-55039","1":"product","2":"type-product","3":"status-publish","4":"has-post-thumbnail","6":"product_cat-plastik-stuhle","7":"product_tag-outdoor-stuhle","9":"first","10":"instock","11":"shipping-taxable","12":"product-type-simple"},"yoast_head":"<!-- This site is optimized with the Yoast SEO plugin v27.0 - https:\/\/yoast.com\/product\/yoast-seo-wordpress\/ -->\n<title>Stapelbare St\u00fchle aus Kunststoff f\u00fcr den Au\u00dfenbereich - die perfekte Platzl\u00f6sung - Minh Duc Furniture<\/title>\n<meta name=\"description\" content=\"Die stapelbaren Kunststoffst\u00fchle f\u00fcr den Au\u00dfenbereich werden Ihren Au\u00dfenbereich beleben! Mit einem auffallend unkonventionellen Design, das sofort die Aufmerksamkeit auf sich zieht,\" \/>\n<meta name=\"robots\" content=\"index, follow, max-snippet:-1, max-image-preview:large, max-video-preview:-1\" \/>\n<link rel=\"canonical\" href=\"https:\/\/minhducfurniture.com\/de\/product\/stapelbare-stuehle-aus-kunststoff-fuer-den-aussenbereich-die-perfekte-platzloesung\/\" \/>\n<meta property=\"og:locale\" content=\"de_DE\" \/>\n<meta property=\"og:type\" content=\"article\" \/>\n<meta property=\"og:title\" content=\"Stapelbare St\u00fchle aus Kunststoff f\u00fcr den Au\u00dfenbereich - die perfekte Platzl\u00f6sung - Minh Duc Furniture\" \/>\n<meta property=\"og:description\" content=\"Die stapelbaren Kunststoffst\u00fchle f\u00fcr den Au\u00dfenbereich werden Ihren Au\u00dfenbereich beleben! Mit einem auffallend unkonventionellen Design, das sofort die Aufmerksamkeit auf sich zieht,\" \/>\n<meta property=\"og:url\" content=\"https:\/\/minhducfurniture.com\/de\/product\/stapelbare-stuehle-aus-kunststoff-fuer-den-aussenbereich-die-perfekte-platzloesung\/\" \/>\n<meta property=\"og:site_name\" content=\"Minh Duc Furniture\" \/>\n<meta property=\"article:modified_time\" content=\"2026-02-25T08:29:45+00:00\" \/>\n<meta property=\"og:image\" content=\"https:\/\/minhducfurniture.com\/wp-content\/uploads\/2025\/11\/Plastic-outdoor-stackable-chairs-1.jpg\" \/>\n\t<meta property=\"og:image:width\" content=\"650\" \/>\n\t<meta property=\"og:image:height\" content=\"650\" \/>\n\t<meta property=\"og:image:type\" content=\"image\/jpeg\" \/>\n<meta name=\"twitter:card\" content=\"summary_large_image\" \/>\n<meta name=\"twitter:label1\" content=\"Gesch\u00e4tzte Lesezeit\" \/>\n\t<meta name=\"twitter:data1\" content=\"2\u00a0Minuten\" \/>\n<script type=\"application\/ld+json\" class=\"yoast-schema-graph\">{\"@context\":\"https:\/\/schema.org\",\"@graph\":[{\"@type\":\"WebPage\",\"@id\":\"https:\/\/minhducfurniture.com\/de\/product\/stapelbare-stuehle-aus-kunststoff-fuer-den-aussenbereich-die-perfekte-platzloesung\/\",\"url\":\"https:\/\/minhducfurniture.com\/de\/product\/stapelbare-stuehle-aus-kunststoff-fuer-den-aussenbereich-die-perfekte-platzloesung\/\",\"name\":\"Stapelbare St\u00fchle aus Kunststoff f\u00fcr den Au\u00dfenbereich - die perfekte Platzl\u00f6sung - Minh Duc Furniture\",\"isPartOf\":{\"@id\":\"https:\/\/minhducfurniture.com\/de\/#website\"},\"primaryImageOfPage\":{\"@id\":\"https:\/\/minhducfurniture.com\/de\/product\/stapelbare-stuehle-aus-kunststoff-fuer-den-aussenbereich-die-perfekte-platzloesung\/#primaryimage\"},\"image\":{\"@id\":\"https:\/\/minhducfurniture.com\/de\/product\/stapelbare-stuehle-aus-kunststoff-fuer-den-aussenbereich-die-perfekte-platzloesung\/#primaryimage\"},\"thumbnailUrl\":\"https:\/\/minhducfurniture.com\/wp-content\/uploads\/2025\/11\/Plastic-outdoor-stackable-chairs-1.jpg\",\"datePublished\":\"2025-11-17T09:17:48+00:00\",\"dateModified\":\"2026-02-25T08:29:45+00:00\",\"description\":\"Die stapelbaren Kunststoffst\u00fchle f\u00fcr den Au\u00dfenbereich werden Ihren Au\u00dfenbereich beleben! Mit einem auffallend unkonventionellen Design, das sofort die Aufmerksamkeit auf sich zieht,\",\"breadcrumb\":{\"@id\":\"https:\/\/minhducfurniture.com\/de\/product\/stapelbare-stuehle-aus-kunststoff-fuer-den-aussenbereich-die-perfekte-platzloesung\/#breadcrumb\"},\"inLanguage\":\"de\",\"potentialAction\":[{\"@type\":\"ReadAction\",\"target\":[\"https:\/\/minhducfurniture.com\/de\/product\/stapelbare-stuehle-aus-kunststoff-fuer-den-aussenbereich-die-perfekte-platzloesung\/\"]}]},{\"@type\":\"ImageObject\",\"inLanguage\":\"de\",\"@id\":\"https:\/\/minhducfurniture.com\/de\/product\/stapelbare-stuehle-aus-kunststoff-fuer-den-aussenbereich-die-perfekte-platzloesung\/#primaryimage\",\"url\":\"https:\/\/minhducfurniture.com\/wp-content\/uploads\/2025\/11\/Plastic-outdoor-stackable-chairs-1.jpg\",\"contentUrl\":\"https:\/\/minhducfurniture.com\/wp-content\/uploads\/2025\/11\/Plastic-outdoor-stackable-chairs-1.jpg\",\"width\":650,\"height\":650,\"caption\":\"Stapelbare Plastikst\u00fchle f\u00fcr drau\u00dfen\"},{\"@type\":\"BreadcrumbList\",\"@id\":\"https:\/\/minhducfurniture.com\/de\/product\/stapelbare-stuehle-aus-kunststoff-fuer-den-aussenbereich-die-perfekte-platzloesung\/#breadcrumb\",\"itemListElement\":[{\"@type\":\"ListItem\",\"position\":1,\"name\":\"Home\",\"item\":\"https:\/\/minhducfurniture.com\/de\/\"},{\"@type\":\"ListItem\",\"position\":2,\"name\":\"Shop\",\"item\":\"https:\/\/minhducfurniture.com\/shop\/\"},{\"@type\":\"ListItem\",\"position\":3,\"name\":\"Stapelbare St\u00fchle aus Kunststoff f\u00fcr den Au\u00dfenbereich &#8211; die perfekte Platzl\u00f6sung\"}]},{\"@type\":\"WebSite\",\"@id\":\"https:\/\/minhducfurniture.com\/de\/#website\",\"url\":\"https:\/\/minhducfurniture.com\/de\/\",\"name\":\"Minh Duc Furniture\",\"description\":\"Vietnam Furniture Supplier\",\"publisher\":{\"@id\":\"https:\/\/minhducfurniture.com\/de\/#organization\"},\"alternateName\":\"Vietnam Online Shop\",\"potentialAction\":[{\"@type\":\"SearchAction\",\"target\":{\"@type\":\"EntryPoint\",\"urlTemplate\":\"https:\/\/minhducfurniture.com\/de\/?s={search_term_string}\"},\"query-input\":{\"@type\":\"PropertyValueSpecification\",\"valueRequired\":true,\"valueName\":\"search_term_string\"}}],\"inLanguage\":\"de\"},{\"@type\":\"Organization\",\"@id\":\"https:\/\/minhducfurniture.com\/de\/#organization\",\"name\":\"Minh Duc Furniture\",\"alternateName\":\"Vietnam Furniture Export\",\"url\":\"https:\/\/minhducfurniture.com\/de\/\",\"logo\":{\"@type\":\"ImageObject\",\"inLanguage\":\"de\",\"@id\":\"https:\/\/minhducfurniture.com\/de\/#\/schema\/logo\/image\/\",\"url\":\"\",\"contentUrl\":\"\",\"caption\":\"Minh Duc Furniture\"},\"image\":{\"@id\":\"https:\/\/minhducfurniture.com\/de\/#\/schema\/logo\/image\/\"},\"sameAs\":[\"https:\/\/www.pinterest.com\/hienthaoshop\/pins\/\"]}]}<\/script>\n<!-- \/ Yoast SEO plugin. -->","yoast_head_json":{"title":"Stapelbare St\u00fchle aus Kunststoff f\u00fcr den Au\u00dfenbereich - die perfekte Platzl\u00f6sung - Minh Duc Furniture","description":"Die stapelbaren Kunststoffst\u00fchle f\u00fcr den Au\u00dfenbereich werden Ihren Au\u00dfenbereich beleben! Mit einem auffallend unkonventionellen Design, das sofort die Aufmerksamkeit auf sich zieht,","robots":{"index":"index","follow":"follow","max-snippet":"max-snippet:-1","max-image-preview":"max-image-preview:large","max-video-preview":"max-video-preview:-1"},"canonical":"https:\/\/minhducfurniture.com\/de\/product\/stapelbare-stuehle-aus-kunststoff-fuer-den-aussenbereich-die-perfekte-platzloesung\/","og_locale":"de_DE","og_type":"article","og_title":"Stapelbare St\u00fchle aus Kunststoff f\u00fcr den Au\u00dfenbereich - die perfekte Platzl\u00f6sung - Minh Duc Furniture","og_description":"Die stapelbaren Kunststoffst\u00fchle f\u00fcr den Au\u00dfenbereich werden Ihren Au\u00dfenbereich beleben! Mit einem auffallend unkonventionellen Design, das sofort die Aufmerksamkeit auf sich zieht,","og_url":"https:\/\/minhducfurniture.com\/de\/product\/stapelbare-stuehle-aus-kunststoff-fuer-den-aussenbereich-die-perfekte-platzloesung\/","og_site_name":"Minh Duc Furniture","article_modified_time":"2026-02-25T08:29:45+00:00","og_image":[{"width":650,"height":650,"url":"https:\/\/minhducfurniture.com\/wp-content\/uploads\/2025\/11\/Plastic-outdoor-stackable-chairs-1.jpg","type":"image\/jpeg"}],"twitter_card":"summary_large_image","twitter_misc":{"Gesch\u00e4tzte Lesezeit":"2\u00a0Minuten"},"schema":{"@context":"https:\/\/schema.org","@graph":[{"@type":"WebPage","@id":"https:\/\/minhducfurniture.com\/de\/product\/stapelbare-stuehle-aus-kunststoff-fuer-den-aussenbereich-die-perfekte-platzloesung\/","url":"https:\/\/minhducfurniture.com\/de\/product\/stapelbare-stuehle-aus-kunststoff-fuer-den-aussenbereich-die-perfekte-platzloesung\/","name":"Stapelbare St\u00fchle aus Kunststoff f\u00fcr den Au\u00dfenbereich - die perfekte Platzl\u00f6sung - Minh Duc Furniture","isPartOf":{"@id":"https:\/\/minhducfurniture.com\/de\/#website"},"primaryImageOfPage":{"@id":"https:\/\/minhducfurniture.com\/de\/product\/stapelbare-stuehle-aus-kunststoff-fuer-den-aussenbereich-die-perfekte-platzloesung\/#primaryimage"},"image":{"@id":"https:\/\/minhducfurniture.com\/de\/product\/stapelbare-stuehle-aus-kunststoff-fuer-den-aussenbereich-die-perfekte-platzloesung\/#primaryimage"},"thumbnailUrl":"https:\/\/minhducfurniture.com\/wp-content\/uploads\/2025\/11\/Plastic-outdoor-stackable-chairs-1.jpg","datePublished":"2025-11-17T09:17:48+00:00","dateModified":"2026-02-25T08:29:45+00:00","description":"Die stapelbaren Kunststoffst\u00fchle f\u00fcr den Au\u00dfenbereich werden Ihren Au\u00dfenbereich beleben! Mit einem auffallend unkonventionellen Design, das sofort die Aufmerksamkeit auf sich zieht,","breadcrumb":{"@id":"https:\/\/minhducfurniture.com\/de\/product\/stapelbare-stuehle-aus-kunststoff-fuer-den-aussenbereich-die-perfekte-platzloesung\/#breadcrumb"},"inLanguage":"de","potentialAction":[{"@type":"ReadAction","target":["https:\/\/minhducfurniture.com\/de\/product\/stapelbare-stuehle-aus-kunststoff-fuer-den-aussenbereich-die-perfekte-platzloesung\/"]}]},{"@type":"ImageObject","inLanguage":"de","@id":"https:\/\/minhducfurniture.com\/de\/product\/stapelbare-stuehle-aus-kunststoff-fuer-den-aussenbereich-die-perfekte-platzloesung\/#primaryimage","url":"https:\/\/minhducfurniture.com\/wp-content\/uploads\/2025\/11\/Plastic-outdoor-stackable-chairs-1.jpg","contentUrl":"https:\/\/minhducfurniture.com\/wp-content\/uploads\/2025\/11\/Plastic-outdoor-stackable-chairs-1.jpg","width":650,"height":650,"caption":"Stapelbare Plastikst\u00fchle f\u00fcr drau\u00dfen"},{"@type":"BreadcrumbList","@id":"https:\/\/minhducfurniture.com\/de\/product\/stapelbare-stuehle-aus-kunststoff-fuer-den-aussenbereich-die-perfekte-platzloesung\/#breadcrumb","itemListElement":[{"@type":"ListItem","position":1,"name":"Home","item":"https:\/\/minhducfurniture.com\/de\/"},{"@type":"ListItem","position":2,"name":"Shop","item":"https:\/\/minhducfurniture.com\/shop\/"},{"@type":"ListItem","position":3,"name":"Stapelbare St\u00fchle aus Kunststoff f\u00fcr den Au\u00dfenbereich &#8211; die perfekte Platzl\u00f6sung"}]},{"@type":"WebSite","@id":"https:\/\/minhducfurniture.com\/de\/#website","url":"https:\/\/minhducfurniture.com\/de\/","name":"Minh Duc Furniture","description":"Vietnam Furniture Supplier","publisher":{"@id":"https:\/\/minhducfurniture.com\/de\/#organization"},"alternateName":"Vietnam Online Shop","potentialAction":[{"@type":"SearchAction","target":{"@type":"EntryPoint","urlTemplate":"https:\/\/minhducfurniture.com\/de\/?s={search_term_string}"},"query-input":{"@type":"PropertyValueSpecification","valueRequired":true,"valueName":"search_term_string"}}],"inLanguage":"de"},{"@type":"Organization","@id":"https:\/\/minhducfurniture.com\/de\/#organization","name":"Minh Duc Furniture","alternateName":"Vietnam Furniture Export","url":"https:\/\/minhducfurniture.com\/de\/","logo":{"@type":"ImageObject","inLanguage":"de","@id":"https:\/\/minhducfurniture.com\/de\/#\/schema\/logo\/image\/","url":"","contentUrl":"","caption":"Minh Duc Furniture"},"image":{"@id":"https:\/\/minhducfurniture.com\/de\/#\/schema\/logo\/image\/"},"sameAs":["https:\/\/www.pinterest.com\/hienthaoshop\/pins\/"]}]}},"_links":{"self":[{"href":"https:\/\/minhducfurniture.com\/de\/wp-json\/wp\/v2\/product\/55039","targetHints":{"allow":["GET"]}}],"collection":[{"href":"https:\/\/minhducfurniture.com\/de\/wp-json\/wp\/v2\/product"}],"about":[{"href":"https:\/\/minhducfurniture.com\/de\/wp-json\/wp\/v2\/types\/product"}],"replies":[{"embeddable":true,"href":"https:\/\/minhducfurniture.com\/de\/wp-json\/wp\/v2\/comments?post=55039"}],"wp:featuredmedia":[{"embeddable":true,"href":"https:\/\/minhducfurniture.com\/de\/wp-json\/wp\/v2\/media\/55038"}],"wp:attachment":[{"href":"https:\/\/minhducfurniture.com\/de\/wp-json\/wp\/v2\/media?parent=55039"}],"wp:term":[{"taxonomy":"product_brand","embeddable":true,"href":"https:\/\/minhducfurniture.com\/de\/wp-json\/wp\/v2\/product_brand?post=55039"},{"taxonomy":"product_cat","embeddable":true,"href":"https:\/\/minhducfurniture.com\/de\/wp-json\/wp\/v2\/product_cat?post=55039"},{"taxonomy":"product_tag","embeddable":true,"href":"https:\/\/minhducfurniture.com\/de\/wp-json\/wp\/v2\/product_tag?post=55039"}],"curies":[{"name":"wp","href":"https:\/\/api.w.org\/{rel}","templated":true}]}}