{"id":55032,"date":"2025-11-23T12:13:13","date_gmt":"2025-11-23T05:13:13","guid":{"rendered":"https:\/\/minhducfurniture.com\/product\/stuehle-aus-polypropylen-fuer-den-aussenbereich-fuer-eine-stilvolle-sitzloesung\/"},"modified":"2026-02-25T15:35:53","modified_gmt":"2026-02-25T08:35:53","slug":"stuehle-aus-polypropylen-fuer-den-aussenbereich-fuer-eine-stilvolle-sitzloesung","status":"publish","type":"product","link":"https:\/\/minhducfurniture.com\/de\/product\/stuehle-aus-polypropylen-fuer-den-aussenbereich-fuer-eine-stilvolle-sitzloesung\/","title":{"rendered":"St\u00fchle aus Polypropylen f\u00fcr den Au\u00dfenbereich f\u00fcr eine stilvolle Sitzl\u00f6sung"},"content":{"rendered":"<h2><span style=\"font-size: 90%\">Polypropylen <\/span><span style=\"font-size: 90%\">st\u00fchle <\/span><span style=\"font-size: 90%\">im Freien <\/span><span style=\"font-size: 90%\">&#8211;<\/span><span style=\"font-size: 90%\"> Eine langlebige und stilvolle Sitzl\u00f6sung f\u00fcr jeden Au\u00dfenbereich<\/span><\/h2>\n<p>Die <strong>St\u00fchle aus Polypropylen f\u00fcr den Au\u00dfenbereich<\/strong> wurden f\u00fcr diejenigen entworfen, die moderne Schlichtheit und dauerhafte Leistung zu sch\u00e4tzen wissen. Mit ihrer klaren, minimalistischen und zeitgen\u00f6ssischen \u00c4sthetik verleihen diese St\u00fchle jedem Au\u00dfenbereich einen raffinierten Look. Die gepolsterte Sitzfl\u00e4che sorgt f\u00fcr zus\u00e4tzlichen Komfort, w\u00e4hrend die robuste PP-Struktur eine lange Lebensdauer unter verschiedenen Wetterbedingungen gew\u00e4hrleistet.  \t<div id=\"gap-60665407\" class=\"gap-element clearfix\" style=\"display:block; height:auto;\">\n\t\t\n<style>\n#gap-60665407 {\n  padding-top: 15px;\n}\n<\/style>\n\t<\/div>\n\t\n<figure id=\"attachment_55027\" aria-describedby=\"caption-attachment-55027\" style=\"width: 850px\" class=\"wp-caption aligncenter\"><img decoding=\"async\" class=\"size-full wp-image-54150\" src=\"https:\/\/minhducfurniture.com\/wp-content\/uploads\/2025\/11\/PP-outdoor-chairs-with-table.jpg\" alt=\"Polypropylen Stuhl f\u00fcr drau\u00dfen mit Tisch\" width=\"850\" height=\"620\" srcset=\"https:\/\/minhducfurniture.com\/wp-content\/uploads\/2025\/11\/PP-outdoor-chairs-with-table.jpg 850w, https:\/\/minhducfurniture.com\/wp-content\/uploads\/2025\/11\/PP-outdoor-chairs-with-table-548x400.jpg 548w, https:\/\/minhducfurniture.com\/wp-content\/uploads\/2025\/11\/PP-outdoor-chairs-with-table-768x560.jpg 768w, https:\/\/minhducfurniture.com\/wp-content\/uploads\/2025\/11\/PP-outdoor-chairs-with-table-510x372.jpg 510w\" sizes=\"(max-width: 850px) 100vw, 850px\" \/><figcaption id=\"caption-attachment-55027\" class=\"wp-caption-text\">Polypropylen Stuhl f\u00fcr drau\u00dfen mit Tisch<\/figcaption><\/figure>\n<h3>Die wichtigsten Merkmale des Produkts<\/h3>\n<ul>\n<li>Minimalistisch &#8211; zeitgen\u00f6ssischer Stil, der sich f\u00fcr moderne Au\u00dfenbereiche eignet.<\/li>\n<li>Gepolsterter Sitz f\u00fcr zus\u00e4tzlichen Komfort.<\/li>\n<li>Strapazierf\u00e4hige PP-Beine mit hoher Wetterbest\u00e4ndigkeit.<\/li>\n<li>Leicht und einfach zu reinigen f\u00fcr den t\u00e4glichen Gebrauch.<\/li>\n<li>Stabile Struktur mit lang anhaltender Farbe und Form.<\/li>\n<li>Sicher und umweltfreundlich: Frei von sch\u00e4dlichen Chemikalien, geeignet f\u00fcr Familien mit Kindern.<\/li>\n<li>Mehrere Farboptionen: L\u00e4sst sich leicht mit Tischen, Gr\u00fcnpflanzen und Holzdecks im Freien kombinieren.<\/li>\n<\/ul>\n<figure id=\"attachment_55028\" aria-describedby=\"caption-attachment-55028\" style=\"width: 850px\" class=\"wp-caption aligncenter\"><img decoding=\"async\" class=\"wp-image-54152 size-full\" src=\"https:\/\/minhducfurniture.com\/wp-content\/uploads\/2025\/11\/Other-PP-outdoor-chairs-1.jpg\" alt=\"Andere St\u00fchle aus Polypropylen f\u00fcr den Innenbereich\" width=\"850\" height=\"543\" srcset=\"https:\/\/minhducfurniture.com\/wp-content\/uploads\/2025\/11\/Other-PP-outdoor-chairs-1.jpg 850w, https:\/\/minhducfurniture.com\/wp-content\/uploads\/2025\/11\/Other-PP-outdoor-chairs-1-626x400.jpg 626w, https:\/\/minhducfurniture.com\/wp-content\/uploads\/2025\/11\/Other-PP-outdoor-chairs-1-768x491.jpg 768w, https:\/\/minhducfurniture.com\/wp-content\/uploads\/2025\/11\/Other-PP-outdoor-chairs-1-510x326.jpg 510w\" sizes=\"(max-width: 850px) 100vw, 850px\" \/><figcaption id=\"caption-attachment-55028\" class=\"wp-caption-text\">Andere St\u00fchle aus Polypropylen f\u00fcr den Innenbereich<\/figcaption><\/figure>\n<h4>Beschreibung des Produkts<\/h4>\n<ul>\n<li>Produkt-Code: MDS-LARY11<\/li>\n<li>Stuhlgr\u00f6\u00dfe: H460mm*R420mm*B500<\/li>\n<li>100% PP-Kunststoff mit UV-Schutzbeschichtung<\/li>\n<li>Ladegewicht: 120kg\/ 264.5lbs<\/li>\n<li>Herkunft des Produkts: Vietnam<\/li>\n<\/ul>\n<figure id=\"attachment_55029\" aria-describedby=\"caption-attachment-55029\" style=\"width: 850px\" class=\"wp-caption aligncenter\"><img decoding=\"async\" class=\"size-full wp-image-54153\" src=\"https:\/\/minhducfurniture.com\/wp-content\/uploads\/2025\/11\/Green-outdoor-polypropylene-chair.jpg\" alt=\"Gr\u00fcner Stuhl aus Polypropylen f\u00fcr drau\u00dfen\" width=\"850\" height=\"608\" srcset=\"https:\/\/minhducfurniture.com\/wp-content\/uploads\/2025\/11\/Green-outdoor-polypropylene-chair.jpg 850w, https:\/\/minhducfurniture.com\/wp-content\/uploads\/2025\/11\/Green-outdoor-polypropylene-chair-559x400.jpg 559w, https:\/\/minhducfurniture.com\/wp-content\/uploads\/2025\/11\/Green-outdoor-polypropylene-chair-768x549.jpg 768w, https:\/\/minhducfurniture.com\/wp-content\/uploads\/2025\/11\/Green-outdoor-polypropylene-chair-510x365.jpg 510w\" sizes=\"(max-width: 850px) 100vw, 850px\" \/><figcaption id=\"caption-attachment-55029\" class=\"wp-caption-text\">Gr\u00fcner Stuhl aus Polypropylen f\u00fcr drau\u00dfen<\/figcaption><\/figure>\n<h4>Bestellinformationen<\/h4>\n<ul>\n<li>Mindestbestellmenge (MOQ): 50 St\u00fcck<\/li>\n<li>Vorlaufzeit: 30-35 Tage nach Anzahlung<\/li>\n<li>Liefertermin: FOB Hai Phong Hafen, Vietnam<\/li>\n<li>Zahlungsbedingungen: T\/T 30% Anzahlung, 70% Restbetrag vor Versand<\/li>\n<li>Wenn Sie ein eigenes Design haben und eine Massenproduktion ben\u00f6tigen, kontaktieren Sie uns bitte f\u00fcr weitere Unterst\u00fctzung.<\/li>\n<\/ul>\n<figure id=\"attachment_55030\" aria-describedby=\"caption-attachment-55030\" style=\"width: 850px\" class=\"wp-caption aligncenter\"><img decoding=\"async\" class=\"size-full wp-image-54154\" src=\"https:\/\/minhducfurniture.com\/wp-content\/uploads\/2025\/11\/The-actual-outdoor-polypropylene-chair.jpg\" alt=\"Die aktuellen Polypropylen St\u00fchle Outdoor\" width=\"850\" height=\"650\" srcset=\"https:\/\/minhducfurniture.com\/wp-content\/uploads\/2025\/11\/The-actual-outdoor-polypropylene-chair.jpg 850w, https:\/\/minhducfurniture.com\/wp-content\/uploads\/2025\/11\/The-actual-outdoor-polypropylene-chair-523x400.jpg 523w, https:\/\/minhducfurniture.com\/wp-content\/uploads\/2025\/11\/The-actual-outdoor-polypropylene-chair-768x587.jpg 768w, https:\/\/minhducfurniture.com\/wp-content\/uploads\/2025\/11\/The-actual-outdoor-polypropylene-chair-510x390.jpg 510w\" sizes=\"(max-width: 850px) 100vw, 850px\" \/><figcaption id=\"caption-attachment-55030\" class=\"wp-caption-text\">Die aktuellen Polypropylen St\u00fchle Outdoor<\/figcaption><\/figure>\n<h4>Kontaktinformationen<\/h4>\n<ul>\n<li>Minh Duc Public Furniture Co, Ltd.<\/li>\n<li>Adresse: Villa H02-L11 An Phu, Duong Noi, Ha Dong, Hanoi, Vietnam<\/li>\n<li>Telefon\/WhatsApp\/Zalo: +84 908 314 939<\/li>\n<\/ul>\n<p>Mehr aus unseren Kollektionen<\/p>\n<ul>\n<li><span style=\"color: #008080\"><a style=\"color: #008080\" href=\"https:\/\/minhducfurniture.com\/de\/product\/thekenhocker-aus-kunststoff-im-modernen-stil-fuer-innen-und-aussenbereiche\/\">Thekenhocker aus Kunststoff im modernen Stil f\u00fcr Innen- und Au\u00dfenbereiche<\/a><\/span><\/li>\n<li><span style=\"color: #008080\"><a style=\"color: #008080\" href=\"https:\/\/minhducfurniture.com\/de\/product\/kleiner-gepolsterter-sessel-metallgestell-moderner-loungesessel\/\">Kleiner gepolsterter Sessel Metallgestell moderner Loungesessel<\/a><\/span><\/li>\n<\/ul>\n<div class=\"social-icons share-icons share-row relative\" ><a href=\"whatsapp:\/\/send?text=St%C3%BChle%20aus%20Polypropylen%20f%C3%BCr%20den%20Au%C3%9Fenbereich%20f%C3%BCr%20eine%20stilvolle%20Sitzl%C3%B6sung - https:\/\/minhducfurniture.com\/de\/product\/stuehle-aus-polypropylen-fuer-den-aussenbereich-fuer-eine-stilvolle-sitzloesung\/\" data-action=\"share\/whatsapp\/share\" class=\"icon primary button round tooltip whatsapp show-for-medium\" title=\"Auf WhatsApp teilen\" aria-label=\"Auf WhatsApp teilen\"><i class=\"icon-whatsapp\" aria-hidden=\"true\"><\/i><\/a><a href=\"https:\/\/www.facebook.com\/sharer.php?u=https:\/\/minhducfurniture.com\/de\/product\/stuehle-aus-polypropylen-fuer-den-aussenbereich-fuer-eine-stilvolle-sitzloesung\/\" data-label=\"Facebook\" onclick=\"window.open(this.href,this.title,'width=500,height=500,top=300px,left=300px'); return false;\" target=\"_blank\" class=\"icon primary button round tooltip facebook\" title=\"Auf Facebook teilen\" aria-label=\"Auf Facebook teilen\" rel=\"noopener nofollow\"><i class=\"icon-facebook\" aria-hidden=\"true\"><\/i><\/a><a href=\"https:\/\/twitter.com\/share?url=https:\/\/minhducfurniture.com\/de\/product\/stuehle-aus-polypropylen-fuer-den-aussenbereich-fuer-eine-stilvolle-sitzloesung\/\" onclick=\"window.open(this.href,this.title,'width=500,height=500,top=300px,left=300px'); return false;\" target=\"_blank\" class=\"icon primary button round tooltip twitter\" title=\"Auf Twitter teilen\" aria-label=\"Auf Twitter teilen\" rel=\"noopener nofollow\"><i class=\"icon-twitter\" aria-hidden=\"true\"><\/i><\/a><a href=\"mailto:?subject=St%C3%BChle%20aus%20Polypropylen%20f%C3%BCr%20den%20Au%C3%9Fenbereich%20f%C3%BCr%20eine%20stilvolle%20Sitzl%C3%B6sung&body=Schau%20dir%20das%20an%3A%20https%3A%2F%2Fminhducfurniture.com%2Fde%2Fproduct%2Fstuehle-aus-polypropylen-fuer-den-aussenbereich-fuer-eine-stilvolle-sitzloesung%2F\" class=\"icon primary button round tooltip email\" title=\"E-mail an einen Freund senden\" aria-label=\"E-mail an einen Freund senden\" rel=\"nofollow\"><i class=\"icon-envelop\" aria-hidden=\"true\"><\/i><\/a><a href=\"https:\/\/pinterest.com\/pin\/create\/button?url=https:\/\/minhducfurniture.com\/de\/product\/stuehle-aus-polypropylen-fuer-den-aussenbereich-fuer-eine-stilvolle-sitzloesung\/&media=https:\/\/minhducfurniture.com\/wp-content\/uploads\/2025\/11\/Polypropylene-chairs-outdoor.jpg&description=St%C3%BChle%20aus%20Polypropylen%20f%C3%BCr%20den%20Au%C3%9Fenbereich%20f%C3%BCr%20eine%20stilvolle%20Sitzl%C3%B6sung\" onclick=\"window.open(this.href,this.title,'width=500,height=500,top=300px,left=300px'); return false;\" target=\"_blank\" class=\"icon primary button round tooltip pinterest\" title=\"Pinterest Pin erstellen\" aria-label=\"Pinterest Pin erstellen\" rel=\"noopener nofollow\"><i class=\"icon-pinterest\" aria-hidden=\"true\"><\/i><\/a><a href=\"https:\/\/www.linkedin.com\/shareArticle?mini=true&url=https:\/\/minhducfurniture.com\/de\/product\/stuehle-aus-polypropylen-fuer-den-aussenbereich-fuer-eine-stilvolle-sitzloesung\/&title=St%C3%BChle%20aus%20Polypropylen%20f%C3%BCr%20den%20Au%C3%9Fenbereich%20f%C3%BCr%20eine%20stilvolle%20Sitzl%C3%B6sung\" onclick=\"window.open(this.href,this.title,'width=500,height=500,top=300px,left=300px'); return false;\" target=\"_blank\" class=\"icon primary button round tooltip linkedin\" title=\"Auf LinkedIn teilen\" aria-label=\"Auf LinkedIn teilen\" rel=\"noopener nofollow\"><i class=\"icon-linkedin\" aria-hidden=\"true\"><\/i><\/a><\/div>\n","protected":false},"excerpt":{"rendered":"<ul>\n<li>Produkt-Code: MDS-LARY11<\/li>\n<li>Stuhlgr\u00f6\u00dfe: H460mm*R420mm*B500<\/li>\n<li>100% PP-Kunststoff mit UV-Schutzbeschichtung<\/li>\n<li>Ladegewicht: 120kg\/ 264.5lbs<\/li>\n<li>Herkunft des Produkts: Vietnam<\/li>\n<li>Hotline\/ WhatsApp:+84908314939<\/li>\n<\/ul>\n","protected":false},"featured_media":55031,"comment_status":"open","ping_status":"closed","template":"","meta":[],"product_brand":[],"product_cat":[13081],"product_tag":[13082],"class_list":{"0":"post-55032","1":"product","2":"type-product","3":"status-publish","4":"has-post-thumbnail","6":"product_cat-plastik-stuhle","7":"product_tag-outdoor-stuhle","9":"first","10":"instock","11":"shipping-taxable","12":"product-type-simple"},"yoast_head":"<!-- This site is optimized with the Yoast SEO plugin v27.0 - https:\/\/yoast.com\/product\/yoast-seo-wordpress\/ -->\n<title>St\u00fchle aus Polypropylen f\u00fcr den Au\u00dfenbereich f\u00fcr eine stilvolle Sitzl\u00f6sung - Minh Duc Furniture<\/title>\n<meta name=\"description\" content=\"Polypropylen-St\u00fchle f\u00fcr den Au\u00dfenbereich sind hochwertige Kunststoffst\u00fchle, die speziell f\u00fcr den Au\u00dfenbereich entwickelt wurden. Hergestellt aus hochwertigem PP-Material\" \/>\n<meta name=\"robots\" content=\"index, follow, max-snippet:-1, max-image-preview:large, max-video-preview:-1\" \/>\n<link rel=\"canonical\" href=\"https:\/\/minhducfurniture.com\/de\/product\/stuehle-aus-polypropylen-fuer-den-aussenbereich-fuer-eine-stilvolle-sitzloesung\/\" \/>\n<meta property=\"og:locale\" content=\"de_DE\" \/>\n<meta property=\"og:type\" content=\"article\" \/>\n<meta property=\"og:title\" content=\"St\u00fchle aus Polypropylen f\u00fcr den Au\u00dfenbereich f\u00fcr eine stilvolle Sitzl\u00f6sung - Minh Duc Furniture\" \/>\n<meta property=\"og:description\" content=\"Polypropylen-St\u00fchle f\u00fcr den Au\u00dfenbereich sind hochwertige Kunststoffst\u00fchle, die speziell f\u00fcr den Au\u00dfenbereich entwickelt wurden. Hergestellt aus hochwertigem PP-Material\" \/>\n<meta property=\"og:url\" content=\"https:\/\/minhducfurniture.com\/de\/product\/stuehle-aus-polypropylen-fuer-den-aussenbereich-fuer-eine-stilvolle-sitzloesung\/\" \/>\n<meta property=\"og:site_name\" content=\"Minh Duc Furniture\" \/>\n<meta property=\"article:modified_time\" content=\"2026-02-25T08:35:53+00:00\" \/>\n<meta property=\"og:image\" content=\"https:\/\/minhducfurniture.com\/wp-content\/uploads\/2025\/11\/Polypropylene-chairs-outdoor.jpg\" \/>\n\t<meta property=\"og:image:width\" content=\"650\" \/>\n\t<meta property=\"og:image:height\" content=\"650\" \/>\n\t<meta property=\"og:image:type\" content=\"image\/jpeg\" \/>\n<meta name=\"twitter:card\" content=\"summary_large_image\" \/>\n<meta name=\"twitter:label1\" content=\"Gesch\u00e4tzte Lesezeit\" \/>\n\t<meta name=\"twitter:data1\" content=\"2\u00a0Minuten\" \/>\n<script type=\"application\/ld+json\" class=\"yoast-schema-graph\">{\"@context\":\"https:\/\/schema.org\",\"@graph\":[{\"@type\":\"WebPage\",\"@id\":\"https:\/\/minhducfurniture.com\/de\/product\/stuehle-aus-polypropylen-fuer-den-aussenbereich-fuer-eine-stilvolle-sitzloesung\/\",\"url\":\"https:\/\/minhducfurniture.com\/de\/product\/stuehle-aus-polypropylen-fuer-den-aussenbereich-fuer-eine-stilvolle-sitzloesung\/\",\"name\":\"St\u00fchle aus Polypropylen f\u00fcr den Au\u00dfenbereich f\u00fcr eine stilvolle Sitzl\u00f6sung - Minh Duc Furniture\",\"isPartOf\":{\"@id\":\"https:\/\/minhducfurniture.com\/de\/#website\"},\"primaryImageOfPage\":{\"@id\":\"https:\/\/minhducfurniture.com\/de\/product\/stuehle-aus-polypropylen-fuer-den-aussenbereich-fuer-eine-stilvolle-sitzloesung\/#primaryimage\"},\"image\":{\"@id\":\"https:\/\/minhducfurniture.com\/de\/product\/stuehle-aus-polypropylen-fuer-den-aussenbereich-fuer-eine-stilvolle-sitzloesung\/#primaryimage\"},\"thumbnailUrl\":\"https:\/\/minhducfurniture.com\/wp-content\/uploads\/2025\/11\/Polypropylene-chairs-outdoor.jpg\",\"datePublished\":\"2025-11-23T05:13:13+00:00\",\"dateModified\":\"2026-02-25T08:35:53+00:00\",\"description\":\"Polypropylen-St\u00fchle f\u00fcr den Au\u00dfenbereich sind hochwertige Kunststoffst\u00fchle, die speziell f\u00fcr den Au\u00dfenbereich entwickelt wurden. Hergestellt aus hochwertigem PP-Material\",\"breadcrumb\":{\"@id\":\"https:\/\/minhducfurniture.com\/de\/product\/stuehle-aus-polypropylen-fuer-den-aussenbereich-fuer-eine-stilvolle-sitzloesung\/#breadcrumb\"},\"inLanguage\":\"de\",\"potentialAction\":[{\"@type\":\"ReadAction\",\"target\":[\"https:\/\/minhducfurniture.com\/de\/product\/stuehle-aus-polypropylen-fuer-den-aussenbereich-fuer-eine-stilvolle-sitzloesung\/\"]}]},{\"@type\":\"ImageObject\",\"inLanguage\":\"de\",\"@id\":\"https:\/\/minhducfurniture.com\/de\/product\/stuehle-aus-polypropylen-fuer-den-aussenbereich-fuer-eine-stilvolle-sitzloesung\/#primaryimage\",\"url\":\"https:\/\/minhducfurniture.com\/wp-content\/uploads\/2025\/11\/Polypropylene-chairs-outdoor.jpg\",\"contentUrl\":\"https:\/\/minhducfurniture.com\/wp-content\/uploads\/2025\/11\/Polypropylene-chairs-outdoor.jpg\",\"width\":650,\"height\":650,\"caption\":\"Polypropylen St\u00fchle f\u00fcr drau\u00dfen\"},{\"@type\":\"BreadcrumbList\",\"@id\":\"https:\/\/minhducfurniture.com\/de\/product\/stuehle-aus-polypropylen-fuer-den-aussenbereich-fuer-eine-stilvolle-sitzloesung\/#breadcrumb\",\"itemListElement\":[{\"@type\":\"ListItem\",\"position\":1,\"name\":\"Home\",\"item\":\"https:\/\/minhducfurniture.com\/de\/\"},{\"@type\":\"ListItem\",\"position\":2,\"name\":\"Shop\",\"item\":\"https:\/\/minhducfurniture.com\/shop\/\"},{\"@type\":\"ListItem\",\"position\":3,\"name\":\"St\u00fchle aus Polypropylen f\u00fcr den Au\u00dfenbereich f\u00fcr eine stilvolle Sitzl\u00f6sung\"}]},{\"@type\":\"WebSite\",\"@id\":\"https:\/\/minhducfurniture.com\/de\/#website\",\"url\":\"https:\/\/minhducfurniture.com\/de\/\",\"name\":\"Minh Duc Furniture\",\"description\":\"Vietnam Furniture Supplier\",\"publisher\":{\"@id\":\"https:\/\/minhducfurniture.com\/de\/#organization\"},\"alternateName\":\"Vietnam Online Shop\",\"potentialAction\":[{\"@type\":\"SearchAction\",\"target\":{\"@type\":\"EntryPoint\",\"urlTemplate\":\"https:\/\/minhducfurniture.com\/de\/?s={search_term_string}\"},\"query-input\":{\"@type\":\"PropertyValueSpecification\",\"valueRequired\":true,\"valueName\":\"search_term_string\"}}],\"inLanguage\":\"de\"},{\"@type\":\"Organization\",\"@id\":\"https:\/\/minhducfurniture.com\/de\/#organization\",\"name\":\"Minh Duc Furniture\",\"alternateName\":\"Vietnam Furniture Export\",\"url\":\"https:\/\/minhducfurniture.com\/de\/\",\"logo\":{\"@type\":\"ImageObject\",\"inLanguage\":\"de\",\"@id\":\"https:\/\/minhducfurniture.com\/de\/#\/schema\/logo\/image\/\",\"url\":\"\",\"contentUrl\":\"\",\"caption\":\"Minh Duc Furniture\"},\"image\":{\"@id\":\"https:\/\/minhducfurniture.com\/de\/#\/schema\/logo\/image\/\"},\"sameAs\":[\"https:\/\/www.pinterest.com\/hienthaoshop\/pins\/\"]}]}<\/script>\n<!-- \/ Yoast SEO plugin. -->","yoast_head_json":{"title":"St\u00fchle aus Polypropylen f\u00fcr den Au\u00dfenbereich f\u00fcr eine stilvolle Sitzl\u00f6sung - Minh Duc Furniture","description":"Polypropylen-St\u00fchle f\u00fcr den Au\u00dfenbereich sind hochwertige Kunststoffst\u00fchle, die speziell f\u00fcr den Au\u00dfenbereich entwickelt wurden. Hergestellt aus hochwertigem PP-Material","robots":{"index":"index","follow":"follow","max-snippet":"max-snippet:-1","max-image-preview":"max-image-preview:large","max-video-preview":"max-video-preview:-1"},"canonical":"https:\/\/minhducfurniture.com\/de\/product\/stuehle-aus-polypropylen-fuer-den-aussenbereich-fuer-eine-stilvolle-sitzloesung\/","og_locale":"de_DE","og_type":"article","og_title":"St\u00fchle aus Polypropylen f\u00fcr den Au\u00dfenbereich f\u00fcr eine stilvolle Sitzl\u00f6sung - Minh Duc Furniture","og_description":"Polypropylen-St\u00fchle f\u00fcr den Au\u00dfenbereich sind hochwertige Kunststoffst\u00fchle, die speziell f\u00fcr den Au\u00dfenbereich entwickelt wurden. Hergestellt aus hochwertigem PP-Material","og_url":"https:\/\/minhducfurniture.com\/de\/product\/stuehle-aus-polypropylen-fuer-den-aussenbereich-fuer-eine-stilvolle-sitzloesung\/","og_site_name":"Minh Duc Furniture","article_modified_time":"2026-02-25T08:35:53+00:00","og_image":[{"width":650,"height":650,"url":"https:\/\/minhducfurniture.com\/wp-content\/uploads\/2025\/11\/Polypropylene-chairs-outdoor.jpg","type":"image\/jpeg"}],"twitter_card":"summary_large_image","twitter_misc":{"Gesch\u00e4tzte Lesezeit":"2\u00a0Minuten"},"schema":{"@context":"https:\/\/schema.org","@graph":[{"@type":"WebPage","@id":"https:\/\/minhducfurniture.com\/de\/product\/stuehle-aus-polypropylen-fuer-den-aussenbereich-fuer-eine-stilvolle-sitzloesung\/","url":"https:\/\/minhducfurniture.com\/de\/product\/stuehle-aus-polypropylen-fuer-den-aussenbereich-fuer-eine-stilvolle-sitzloesung\/","name":"St\u00fchle aus Polypropylen f\u00fcr den Au\u00dfenbereich f\u00fcr eine stilvolle Sitzl\u00f6sung - Minh Duc Furniture","isPartOf":{"@id":"https:\/\/minhducfurniture.com\/de\/#website"},"primaryImageOfPage":{"@id":"https:\/\/minhducfurniture.com\/de\/product\/stuehle-aus-polypropylen-fuer-den-aussenbereich-fuer-eine-stilvolle-sitzloesung\/#primaryimage"},"image":{"@id":"https:\/\/minhducfurniture.com\/de\/product\/stuehle-aus-polypropylen-fuer-den-aussenbereich-fuer-eine-stilvolle-sitzloesung\/#primaryimage"},"thumbnailUrl":"https:\/\/minhducfurniture.com\/wp-content\/uploads\/2025\/11\/Polypropylene-chairs-outdoor.jpg","datePublished":"2025-11-23T05:13:13+00:00","dateModified":"2026-02-25T08:35:53+00:00","description":"Polypropylen-St\u00fchle f\u00fcr den Au\u00dfenbereich sind hochwertige Kunststoffst\u00fchle, die speziell f\u00fcr den Au\u00dfenbereich entwickelt wurden. Hergestellt aus hochwertigem PP-Material","breadcrumb":{"@id":"https:\/\/minhducfurniture.com\/de\/product\/stuehle-aus-polypropylen-fuer-den-aussenbereich-fuer-eine-stilvolle-sitzloesung\/#breadcrumb"},"inLanguage":"de","potentialAction":[{"@type":"ReadAction","target":["https:\/\/minhducfurniture.com\/de\/product\/stuehle-aus-polypropylen-fuer-den-aussenbereich-fuer-eine-stilvolle-sitzloesung\/"]}]},{"@type":"ImageObject","inLanguage":"de","@id":"https:\/\/minhducfurniture.com\/de\/product\/stuehle-aus-polypropylen-fuer-den-aussenbereich-fuer-eine-stilvolle-sitzloesung\/#primaryimage","url":"https:\/\/minhducfurniture.com\/wp-content\/uploads\/2025\/11\/Polypropylene-chairs-outdoor.jpg","contentUrl":"https:\/\/minhducfurniture.com\/wp-content\/uploads\/2025\/11\/Polypropylene-chairs-outdoor.jpg","width":650,"height":650,"caption":"Polypropylen St\u00fchle f\u00fcr drau\u00dfen"},{"@type":"BreadcrumbList","@id":"https:\/\/minhducfurniture.com\/de\/product\/stuehle-aus-polypropylen-fuer-den-aussenbereich-fuer-eine-stilvolle-sitzloesung\/#breadcrumb","itemListElement":[{"@type":"ListItem","position":1,"name":"Home","item":"https:\/\/minhducfurniture.com\/de\/"},{"@type":"ListItem","position":2,"name":"Shop","item":"https:\/\/minhducfurniture.com\/shop\/"},{"@type":"ListItem","position":3,"name":"St\u00fchle aus Polypropylen f\u00fcr den Au\u00dfenbereich f\u00fcr eine stilvolle Sitzl\u00f6sung"}]},{"@type":"WebSite","@id":"https:\/\/minhducfurniture.com\/de\/#website","url":"https:\/\/minhducfurniture.com\/de\/","name":"Minh Duc Furniture","description":"Vietnam Furniture Supplier","publisher":{"@id":"https:\/\/minhducfurniture.com\/de\/#organization"},"alternateName":"Vietnam Online Shop","potentialAction":[{"@type":"SearchAction","target":{"@type":"EntryPoint","urlTemplate":"https:\/\/minhducfurniture.com\/de\/?s={search_term_string}"},"query-input":{"@type":"PropertyValueSpecification","valueRequired":true,"valueName":"search_term_string"}}],"inLanguage":"de"},{"@type":"Organization","@id":"https:\/\/minhducfurniture.com\/de\/#organization","name":"Minh Duc Furniture","alternateName":"Vietnam Furniture Export","url":"https:\/\/minhducfurniture.com\/de\/","logo":{"@type":"ImageObject","inLanguage":"de","@id":"https:\/\/minhducfurniture.com\/de\/#\/schema\/logo\/image\/","url":"","contentUrl":"","caption":"Minh Duc Furniture"},"image":{"@id":"https:\/\/minhducfurniture.com\/de\/#\/schema\/logo\/image\/"},"sameAs":["https:\/\/www.pinterest.com\/hienthaoshop\/pins\/"]}]}},"_links":{"self":[{"href":"https:\/\/minhducfurniture.com\/de\/wp-json\/wp\/v2\/product\/55032","targetHints":{"allow":["GET"]}}],"collection":[{"href":"https:\/\/minhducfurniture.com\/de\/wp-json\/wp\/v2\/product"}],"about":[{"href":"https:\/\/minhducfurniture.com\/de\/wp-json\/wp\/v2\/types\/product"}],"replies":[{"embeddable":true,"href":"https:\/\/minhducfurniture.com\/de\/wp-json\/wp\/v2\/comments?post=55032"}],"wp:featuredmedia":[{"embeddable":true,"href":"https:\/\/minhducfurniture.com\/de\/wp-json\/wp\/v2\/media\/55031"}],"wp:attachment":[{"href":"https:\/\/minhducfurniture.com\/de\/wp-json\/wp\/v2\/media?parent=55032"}],"wp:term":[{"taxonomy":"product_brand","embeddable":true,"href":"https:\/\/minhducfurniture.com\/de\/wp-json\/wp\/v2\/product_brand?post=55032"},{"taxonomy":"product_cat","embeddable":true,"href":"https:\/\/minhducfurniture.com\/de\/wp-json\/wp\/v2\/product_cat?post=55032"},{"taxonomy":"product_tag","embeddable":true,"href":"https:\/\/minhducfurniture.com\/de\/wp-json\/wp\/v2\/product_tag?post=55032"}],"curies":[{"name":"wp","href":"https:\/\/api.w.org\/{rel}","templated":true}]}}