{"id":55025,"date":"2025-11-23T16:17:29","date_gmt":"2025-11-23T09:17:29","guid":{"rendered":"https:\/\/minhducfurniture.com\/product\/tische-aus-polypropylen-fuer-den-aussenbereich-im-minimalistischen-design-fuer-moderne-raeume\/"},"modified":"2026-02-25T15:29:06","modified_gmt":"2026-02-25T08:29:06","slug":"tische-aus-polypropylen-fuer-den-aussenbereich-im-minimalistischen-design-fuer-moderne-raeume","status":"publish","type":"product","link":"https:\/\/minhducfurniture.com\/de\/product\/tische-aus-polypropylen-fuer-den-aussenbereich-im-minimalistischen-design-fuer-moderne-raeume\/","title":{"rendered":"Tische aus Polypropylen f\u00fcr den Au\u00dfenbereich im minimalistischen Design f\u00fcr moderne R\u00e4ume"},"content":{"rendered":"<h2><span style=\"font-size: 90%\">Tische aus Polypropylen f\u00fcr den Au\u00dfenbereich &#8211; Minimalistischer runder Tisch aus PP<\/span><\/h2>\n<div>Die <strong>Polypropylen-Tische Outdoor-Kollektion<\/strong> stellt einen eleganten, minimalistischen runden Tisch aus hochwertigem PP (Polypropylen) vor. Mit seiner sanft geschwungenen Silhouette und seinem zeitgen\u00f6ssischen Design wertet dieser Tisch moderne Au\u00dfenbereiche wie G\u00e4rten, Balkone, Terrassen, Caf\u00e9s und Poolbereiche auf. <\/div>\n<div>Die leichte Konstruktion, das langlebige Material und die klare \u00c4sthetik machen ihn zu einer perfekten Wahl f\u00fcr den privaten und kommerziellen Einsatz im Freien[H\u00f6he der L\u00fccke\t<div id=\"gap-1437116782\" class=\"gap-element clearfix\" style=\"display:block; height:auto;\">\n\t\t\n<style>\n#gap-1437116782 {\n  padding-top: 15px;\n}\n<\/style>\n\t<\/div>\n\t<\/div>\n<div><\/div>\n<div>\n<figure id=\"attachment_55020\" aria-describedby=\"caption-attachment-55020\" style=\"width: 850px\" class=\"wp-caption aligncenter\"><img decoding=\"async\" class=\"size-full wp-image-54159\" src=\"https:\/\/minhducfurniture.com\/wp-content\/uploads\/2025\/11\/Polypropylene-tables-outdoor.jpg\" alt=\"Tische aus Polypropylen f\u00fcr den Au\u00dfenbereich\" width=\"850\" height=\"597\" srcset=\"https:\/\/minhducfurniture.com\/wp-content\/uploads\/2025\/11\/Polypropylene-tables-outdoor.jpg 850w, https:\/\/minhducfurniture.com\/wp-content\/uploads\/2025\/11\/Polypropylene-tables-outdoor-570x400.jpg 570w, https:\/\/minhducfurniture.com\/wp-content\/uploads\/2025\/11\/Polypropylene-tables-outdoor-768x539.jpg 768w, https:\/\/minhducfurniture.com\/wp-content\/uploads\/2025\/11\/Polypropylene-tables-outdoor-510x358.jpg 510w\" sizes=\"(max-width: 850px) 100vw, 850px\" \/><figcaption id=\"caption-attachment-55020\" class=\"wp-caption-text\">Tische aus Polypropylen f\u00fcr den Au\u00dfenbereich<\/figcaption><\/figure>\n<\/div>\n<div><\/div>\n<div>\n<h3>Hauptmerkmale von Polypropylen-Tischen f\u00fcr den Au\u00dfenbereich<\/h3>\n<ul>\n<li>Hochwertiges Polypropylen-Material: Wetterfestes PP, das Sonne, Regen und Feuchtigkeit standh\u00e4lt, ohne zu verblassen oder sich zu verformen.<\/li>\n<li>Minimalistisch &#8211; Zeitgen\u00f6ssisches Design: Glatte runde Tischplatte, sanft geschwungene Kanten und ein nahtloses dreibeiniges Gestell f\u00fcr einen eleganten modernen Look.<\/li>\n<li>Leicht und doch stabil: Leicht zu bewegen und dennoch stabil dank des soliden PP-Fu\u00dfes.<\/li>\n<li>Leicht zu reinigen: Staubfreie, glatte Oberfl\u00e4che, die sich m\u00fchelos abwischen l\u00e4sst.<\/li>\n<li>Vielseitige Anwendung im Freien: Ideal f\u00fcr G\u00e4rten, Terrassen, Balkone, Caf\u00e9s oder sogar dekorative Ecken in Innenr\u00e4umen.<\/li>\n<\/ul>\n<figure id=\"attachment_55021\" aria-describedby=\"caption-attachment-55021\" style=\"width: 850px\" class=\"wp-caption aligncenter\"><img decoding=\"async\" class=\"size-full wp-image-54163\" src=\"https:\/\/minhducfurniture.com\/wp-content\/uploads\/2025\/11\/Polypropylene-tables-outdoor-in-patio-1.jpg\" alt=\"Polypropylen Tisch f\u00fcr den Au\u00dfenbereich im Patio\" width=\"850\" height=\"562\" srcset=\"https:\/\/minhducfurniture.com\/wp-content\/uploads\/2025\/11\/Polypropylene-tables-outdoor-in-patio-1.jpg 850w, https:\/\/minhducfurniture.com\/wp-content\/uploads\/2025\/11\/Polypropylene-tables-outdoor-in-patio-1-605x400.jpg 605w, https:\/\/minhducfurniture.com\/wp-content\/uploads\/2025\/11\/Polypropylene-tables-outdoor-in-patio-1-768x508.jpg 768w, https:\/\/minhducfurniture.com\/wp-content\/uploads\/2025\/11\/Polypropylene-tables-outdoor-in-patio-1-510x337.jpg 510w\" sizes=\"(max-width: 850px) 100vw, 850px\" \/><figcaption id=\"caption-attachment-55021\" class=\"wp-caption-text\">Polypropylen Tisch f\u00fcr den Au\u00dfenbereich im Patio<\/figcaption><\/figure>\n<h4>Beschreibung des Produkts<\/h4>\n<ul>\n<li>Produkt-Code: MDS-3015<\/li>\n<li>Stuhlgr\u00f6\u00dfe: H450mm*R500mm*B500<\/li>\n<li>100% PP-Kunststoff mit UV-Schutzbeschichtung<\/li>\n<li>Ladegewicht: 120kg\/ 264.5lbs<\/li>\n<li>Herkunft des Produkts: Vietnam<\/li>\n<\/ul>\n<figure id=\"attachment_55022\" aria-describedby=\"caption-attachment-55022\" style=\"width: 850px\" class=\"wp-caption aligncenter\"><img decoding=\"async\" class=\"size-full wp-image-54161\" src=\"https:\/\/minhducfurniture.com\/wp-content\/uploads\/2025\/11\/The-actual-polypropylene-tables-outdoor.jpg\" alt=\"Die aktuellen Polypropylen-Tische f\u00fcr den Au\u00dfenbereich\" width=\"850\" height=\"546\" srcset=\"https:\/\/minhducfurniture.com\/wp-content\/uploads\/2025\/11\/The-actual-polypropylene-tables-outdoor.jpg 850w, https:\/\/minhducfurniture.com\/wp-content\/uploads\/2025\/11\/The-actual-polypropylene-tables-outdoor-623x400.jpg 623w, https:\/\/minhducfurniture.com\/wp-content\/uploads\/2025\/11\/The-actual-polypropylene-tables-outdoor-768x493.jpg 768w, https:\/\/minhducfurniture.com\/wp-content\/uploads\/2025\/11\/The-actual-polypropylene-tables-outdoor-510x328.jpg 510w\" sizes=\"(max-width: 850px) 100vw, 850px\" \/><figcaption id=\"caption-attachment-55022\" class=\"wp-caption-text\">Die aktuellen Polypropylen-Tische f\u00fcr den Au\u00dfenbereich<\/figcaption><\/figure>\n<h4>Bestellinformationen<\/h4>\n<ul>\n<li>Mindestbestellmenge (MOQ): 50 St\u00fcck<\/li>\n<li>Vorlaufzeit: 30-35 Tage nach Anzahlung<\/li>\n<li>Liefertermin: FOB Hai Phong Hafen, Vietnam<\/li>\n<li>Zahlungsbedingungen: T\/T 30% Anzahlung, 70% Restbetrag vor Versand<\/li>\n<li>Wenn Sie ein eigenes Design haben und eine Massenproduktion ben\u00f6tigen, kontaktieren Sie uns bitte f\u00fcr weitere Unterst\u00fctzung.<\/li>\n<\/ul>\n<figure id=\"attachment_55023\" aria-describedby=\"caption-attachment-55023\" style=\"width: 850px\" class=\"wp-caption aligncenter\"><img decoding=\"async\" class=\"size-full wp-image-54162\" src=\"https:\/\/minhducfurniture.com\/wp-content\/uploads\/2025\/11\/Polypropylene-table-outdoor-with-green-chairs.jpg\" alt=\"Polypropylen Tisch f\u00fcr drau\u00dfen mit gr\u00fcnen St\u00fchlen\" width=\"850\" height=\"520\" srcset=\"https:\/\/minhducfurniture.com\/wp-content\/uploads\/2025\/11\/Polypropylene-table-outdoor-with-green-chairs.jpg 850w, https:\/\/minhducfurniture.com\/wp-content\/uploads\/2025\/11\/Polypropylene-table-outdoor-with-green-chairs-654x400.jpg 654w, https:\/\/minhducfurniture.com\/wp-content\/uploads\/2025\/11\/Polypropylene-table-outdoor-with-green-chairs-768x470.jpg 768w, https:\/\/minhducfurniture.com\/wp-content\/uploads\/2025\/11\/Polypropylene-table-outdoor-with-green-chairs-510x312.jpg 510w\" sizes=\"(max-width: 850px) 100vw, 850px\" \/><figcaption id=\"caption-attachment-55023\" class=\"wp-caption-text\">Polypropylen Tisch f\u00fcr drau\u00dfen mit gr\u00fcnen St\u00fchlen<\/figcaption><\/figure>\n<h4>Kontaktinformationen<\/h4>\n<ul>\n<li>Minh Duc Public Furniture Co, Ltd.<\/li>\n<li>Adresse: Villa H02-L11 An Phu, Duong Noi, Ha Dong, Hanoi, Vietnam<\/li>\n<li>Telefon\/WhatsApp\/Zalo: +84 908 314 939<\/li>\n<\/ul>\n<p>Mehr aus unseren Kollektionen<\/p>\n<ul>\n<li><span style=\"color: #008080\"><a style=\"color: #008080\" href=\"https:\/\/minhducfurniture.com\/de\/product\/stuehle-aus-polypropylen-fuer-den-aussenbereich-fuer-eine-stilvolle-sitzloesung\/\">St\u00fchle aus Polypropylen f\u00fcr den Au\u00dfenbereich f\u00fcr eine langlebige und stilvolle Sitzl\u00f6sung<\/a><\/span><\/li>\n<li>\n<div><span style=\"color: #008080\"><a style=\"color: #008080\" href=\"https:\/\/minhducfurniture.com\/de\/product\/schwarzes-metallgestell-sessel-eisengestell-stuhl-fuer-den-export\/\">Schwarzes Metallgestell Sessel Eisengestell Stuhl f\u00fcr den Export<\/a><\/span><\/div>\n<\/li>\n<\/ul>\n<p><span style=\"color: #008080\"><div class=\"social-icons share-icons share-row relative\" ><a href=\"whatsapp:\/\/send?text=Tische%20aus%20Polypropylen%20f%C3%BCr%20den%20Au%C3%9Fenbereich%20im%20minimalistischen%20Design%20f%C3%BCr%20moderne%20R%C3%A4ume - https:\/\/minhducfurniture.com\/de\/product\/tische-aus-polypropylen-fuer-den-aussenbereich-im-minimalistischen-design-fuer-moderne-raeume\/\" data-action=\"share\/whatsapp\/share\" class=\"icon primary button round tooltip whatsapp show-for-medium\" title=\"Auf WhatsApp teilen\" aria-label=\"Auf WhatsApp teilen\"><i class=\"icon-whatsapp\" aria-hidden=\"true\"><\/i><\/a><a href=\"https:\/\/www.facebook.com\/sharer.php?u=https:\/\/minhducfurniture.com\/de\/product\/tische-aus-polypropylen-fuer-den-aussenbereich-im-minimalistischen-design-fuer-moderne-raeume\/\" data-label=\"Facebook\" onclick=\"window.open(this.href,this.title,'width=500,height=500,top=300px,left=300px'); return false;\" target=\"_blank\" class=\"icon primary button round tooltip facebook\" title=\"Auf Facebook teilen\" aria-label=\"Auf Facebook teilen\" rel=\"noopener nofollow\"><i class=\"icon-facebook\" aria-hidden=\"true\"><\/i><\/a><a href=\"https:\/\/twitter.com\/share?url=https:\/\/minhducfurniture.com\/de\/product\/tische-aus-polypropylen-fuer-den-aussenbereich-im-minimalistischen-design-fuer-moderne-raeume\/\" onclick=\"window.open(this.href,this.title,'width=500,height=500,top=300px,left=300px'); return false;\" target=\"_blank\" class=\"icon primary button round tooltip twitter\" title=\"Auf Twitter teilen\" aria-label=\"Auf Twitter teilen\" rel=\"noopener nofollow\"><i class=\"icon-twitter\" aria-hidden=\"true\"><\/i><\/a><a href=\"mailto:?subject=Tische%20aus%20Polypropylen%20f%C3%BCr%20den%20Au%C3%9Fenbereich%20im%20minimalistischen%20Design%20f%C3%BCr%20moderne%20R%C3%A4ume&body=Schau%20dir%20das%20an%3A%20https%3A%2F%2Fminhducfurniture.com%2Fde%2Fproduct%2Ftische-aus-polypropylen-fuer-den-aussenbereich-im-minimalistischen-design-fuer-moderne-raeume%2F\" class=\"icon primary button round tooltip email\" title=\"E-mail an einen Freund senden\" aria-label=\"E-mail an einen Freund senden\" rel=\"nofollow\"><i class=\"icon-envelop\" aria-hidden=\"true\"><\/i><\/a><a href=\"https:\/\/pinterest.com\/pin\/create\/button?url=https:\/\/minhducfurniture.com\/de\/product\/tische-aus-polypropylen-fuer-den-aussenbereich-im-minimalistischen-design-fuer-moderne-raeume\/&media=https:\/\/minhducfurniture.com\/wp-content\/uploads\/2025\/11\/White-polypropylene-table-outdoor.jpg&description=Tische%20aus%20Polypropylen%20f%C3%BCr%20den%20Au%C3%9Fenbereich%20im%20minimalistischen%20Design%20f%C3%BCr%20moderne%20R%C3%A4ume\" onclick=\"window.open(this.href,this.title,'width=500,height=500,top=300px,left=300px'); return false;\" target=\"_blank\" class=\"icon primary button round tooltip pinterest\" title=\"Pinterest Pin erstellen\" aria-label=\"Pinterest Pin erstellen\" rel=\"noopener nofollow\"><i class=\"icon-pinterest\" aria-hidden=\"true\"><\/i><\/a><a href=\"https:\/\/www.linkedin.com\/shareArticle?mini=true&url=https:\/\/minhducfurniture.com\/de\/product\/tische-aus-polypropylen-fuer-den-aussenbereich-im-minimalistischen-design-fuer-moderne-raeume\/&title=Tische%20aus%20Polypropylen%20f%C3%BCr%20den%20Au%C3%9Fenbereich%20im%20minimalistischen%20Design%20f%C3%BCr%20moderne%20R%C3%A4ume\" onclick=\"window.open(this.href,this.title,'width=500,height=500,top=300px,left=300px'); return false;\" target=\"_blank\" class=\"icon primary button round tooltip linkedin\" title=\"Auf LinkedIn teilen\" aria-label=\"Auf LinkedIn teilen\" rel=\"noopener nofollow\"><i class=\"icon-linkedin\" aria-hidden=\"true\"><\/i><\/a><\/div>.<\/span><\/p>\n<\/div>\n","protected":false},"excerpt":{"rendered":"<ul>\n<li>Produkt-Code: MDS-3015<\/li>\n<li>Stuhlgr\u00f6\u00dfe: H450mm*R500mm*B500<\/li>\n<li>100% PP-Kunststoff mit UV-Schutzbeschichtung<\/li>\n<li>Ladegewicht: 120kg\/ 264.5lbs<\/li>\n<li>Herkunft des Produkts: Vietnam<\/li>\n<li>Hotline\/ WhatsApp:+84908314939<\/li>\n<\/ul>\n","protected":false},"featured_media":55024,"comment_status":"open","ping_status":"closed","template":"","meta":[],"product_brand":[],"product_cat":[13086],"product_tag":[13082],"class_list":{"0":"post-55025","1":"product","2":"type-product","3":"status-publish","4":"has-post-thumbnail","6":"product_cat-alle-arten-von-tischen","7":"product_tag-outdoor-stuhle","9":"first","10":"instock","11":"shipping-taxable","12":"product-type-simple"},"yoast_head":"<!-- This site is optimized with the Yoast SEO plugin v27.0 - https:\/\/yoast.com\/product\/yoast-seo-wordpress\/ -->\n<title>Tische aus Polypropylen f\u00fcr den Au\u00dfenbereich im minimalistischen Design f\u00fcr moderne R\u00e4ume - Minh Duc Furniture<\/title>\n<meta name=\"description\" content=\"Die Polypropylen-Tische Outdoor-Kollektion bietet einen eleganten, minimalistischen runden Tisch aus hochwertigem PP (Polypropylen).\" \/>\n<meta name=\"robots\" content=\"index, follow, max-snippet:-1, max-image-preview:large, max-video-preview:-1\" \/>\n<link rel=\"canonical\" href=\"https:\/\/minhducfurniture.com\/de\/product\/tische-aus-polypropylen-fuer-den-aussenbereich-im-minimalistischen-design-fuer-moderne-raeume\/\" \/>\n<meta property=\"og:locale\" content=\"de_DE\" \/>\n<meta property=\"og:type\" content=\"article\" \/>\n<meta property=\"og:title\" content=\"Tische aus Polypropylen f\u00fcr den Au\u00dfenbereich im minimalistischen Design f\u00fcr moderne R\u00e4ume - Minh Duc Furniture\" \/>\n<meta property=\"og:description\" content=\"Die Polypropylen-Tische Outdoor-Kollektion bietet einen eleganten, minimalistischen runden Tisch aus hochwertigem PP (Polypropylen).\" \/>\n<meta property=\"og:url\" content=\"https:\/\/minhducfurniture.com\/de\/product\/tische-aus-polypropylen-fuer-den-aussenbereich-im-minimalistischen-design-fuer-moderne-raeume\/\" \/>\n<meta property=\"og:site_name\" content=\"Minh Duc Furniture\" \/>\n<meta property=\"article:modified_time\" content=\"2026-02-25T08:29:06+00:00\" \/>\n<meta property=\"og:image\" content=\"https:\/\/minhducfurniture.com\/wp-content\/uploads\/2025\/11\/White-polypropylene-table-outdoor.jpg\" \/>\n\t<meta property=\"og:image:width\" content=\"651\" \/>\n\t<meta property=\"og:image:height\" content=\"651\" \/>\n\t<meta property=\"og:image:type\" content=\"image\/jpeg\" \/>\n<meta name=\"twitter:card\" content=\"summary_large_image\" \/>\n<meta name=\"twitter:label1\" content=\"Gesch\u00e4tzte Lesezeit\" \/>\n\t<meta name=\"twitter:data1\" content=\"2\u00a0Minuten\" \/>\n<script type=\"application\/ld+json\" class=\"yoast-schema-graph\">{\"@context\":\"https:\/\/schema.org\",\"@graph\":[{\"@type\":\"WebPage\",\"@id\":\"https:\/\/minhducfurniture.com\/de\/product\/tische-aus-polypropylen-fuer-den-aussenbereich-im-minimalistischen-design-fuer-moderne-raeume\/\",\"url\":\"https:\/\/minhducfurniture.com\/de\/product\/tische-aus-polypropylen-fuer-den-aussenbereich-im-minimalistischen-design-fuer-moderne-raeume\/\",\"name\":\"Tische aus Polypropylen f\u00fcr den Au\u00dfenbereich im minimalistischen Design f\u00fcr moderne R\u00e4ume - Minh Duc Furniture\",\"isPartOf\":{\"@id\":\"https:\/\/minhducfurniture.com\/de\/#website\"},\"primaryImageOfPage\":{\"@id\":\"https:\/\/minhducfurniture.com\/de\/product\/tische-aus-polypropylen-fuer-den-aussenbereich-im-minimalistischen-design-fuer-moderne-raeume\/#primaryimage\"},\"image\":{\"@id\":\"https:\/\/minhducfurniture.com\/de\/product\/tische-aus-polypropylen-fuer-den-aussenbereich-im-minimalistischen-design-fuer-moderne-raeume\/#primaryimage\"},\"thumbnailUrl\":\"https:\/\/minhducfurniture.com\/wp-content\/uploads\/2025\/11\/White-polypropylene-table-outdoor.jpg\",\"datePublished\":\"2025-11-23T09:17:29+00:00\",\"dateModified\":\"2026-02-25T08:29:06+00:00\",\"description\":\"Die Polypropylen-Tische Outdoor-Kollektion bietet einen eleganten, minimalistischen runden Tisch aus hochwertigem PP (Polypropylen).\",\"breadcrumb\":{\"@id\":\"https:\/\/minhducfurniture.com\/de\/product\/tische-aus-polypropylen-fuer-den-aussenbereich-im-minimalistischen-design-fuer-moderne-raeume\/#breadcrumb\"},\"inLanguage\":\"de\",\"potentialAction\":[{\"@type\":\"ReadAction\",\"target\":[\"https:\/\/minhducfurniture.com\/de\/product\/tische-aus-polypropylen-fuer-den-aussenbereich-im-minimalistischen-design-fuer-moderne-raeume\/\"]}]},{\"@type\":\"ImageObject\",\"inLanguage\":\"de\",\"@id\":\"https:\/\/minhducfurniture.com\/de\/product\/tische-aus-polypropylen-fuer-den-aussenbereich-im-minimalistischen-design-fuer-moderne-raeume\/#primaryimage\",\"url\":\"https:\/\/minhducfurniture.com\/wp-content\/uploads\/2025\/11\/White-polypropylene-table-outdoor.jpg\",\"contentUrl\":\"https:\/\/minhducfurniture.com\/wp-content\/uploads\/2025\/11\/White-polypropylene-table-outdoor.jpg\",\"width\":651,\"height\":651,\"caption\":\"Wei\u00dfe Polypropylen-Tische f\u00fcr den Au\u00dfenbereich\"},{\"@type\":\"BreadcrumbList\",\"@id\":\"https:\/\/minhducfurniture.com\/de\/product\/tische-aus-polypropylen-fuer-den-aussenbereich-im-minimalistischen-design-fuer-moderne-raeume\/#breadcrumb\",\"itemListElement\":[{\"@type\":\"ListItem\",\"position\":1,\"name\":\"Home\",\"item\":\"https:\/\/minhducfurniture.com\/de\/\"},{\"@type\":\"ListItem\",\"position\":2,\"name\":\"Shop\",\"item\":\"https:\/\/minhducfurniture.com\/shop\/\"},{\"@type\":\"ListItem\",\"position\":3,\"name\":\"Tische aus Polypropylen f\u00fcr den Au\u00dfenbereich im minimalistischen Design f\u00fcr moderne R\u00e4ume\"}]},{\"@type\":\"WebSite\",\"@id\":\"https:\/\/minhducfurniture.com\/de\/#website\",\"url\":\"https:\/\/minhducfurniture.com\/de\/\",\"name\":\"Minh Duc Furniture\",\"description\":\"Vietnam Furniture Supplier\",\"publisher\":{\"@id\":\"https:\/\/minhducfurniture.com\/de\/#organization\"},\"alternateName\":\"Vietnam Online Shop\",\"potentialAction\":[{\"@type\":\"SearchAction\",\"target\":{\"@type\":\"EntryPoint\",\"urlTemplate\":\"https:\/\/minhducfurniture.com\/de\/?s={search_term_string}\"},\"query-input\":{\"@type\":\"PropertyValueSpecification\",\"valueRequired\":true,\"valueName\":\"search_term_string\"}}],\"inLanguage\":\"de\"},{\"@type\":\"Organization\",\"@id\":\"https:\/\/minhducfurniture.com\/de\/#organization\",\"name\":\"Minh Duc Furniture\",\"alternateName\":\"Vietnam Furniture Export\",\"url\":\"https:\/\/minhducfurniture.com\/de\/\",\"logo\":{\"@type\":\"ImageObject\",\"inLanguage\":\"de\",\"@id\":\"https:\/\/minhducfurniture.com\/de\/#\/schema\/logo\/image\/\",\"url\":\"\",\"contentUrl\":\"\",\"caption\":\"Minh Duc Furniture\"},\"image\":{\"@id\":\"https:\/\/minhducfurniture.com\/de\/#\/schema\/logo\/image\/\"},\"sameAs\":[\"https:\/\/www.pinterest.com\/hienthaoshop\/pins\/\"]}]}<\/script>\n<!-- \/ Yoast SEO plugin. -->","yoast_head_json":{"title":"Tische aus Polypropylen f\u00fcr den Au\u00dfenbereich im minimalistischen Design f\u00fcr moderne R\u00e4ume - Minh Duc Furniture","description":"Die Polypropylen-Tische Outdoor-Kollektion bietet einen eleganten, minimalistischen runden Tisch aus hochwertigem PP (Polypropylen).","robots":{"index":"index","follow":"follow","max-snippet":"max-snippet:-1","max-image-preview":"max-image-preview:large","max-video-preview":"max-video-preview:-1"},"canonical":"https:\/\/minhducfurniture.com\/de\/product\/tische-aus-polypropylen-fuer-den-aussenbereich-im-minimalistischen-design-fuer-moderne-raeume\/","og_locale":"de_DE","og_type":"article","og_title":"Tische aus Polypropylen f\u00fcr den Au\u00dfenbereich im minimalistischen Design f\u00fcr moderne R\u00e4ume - Minh Duc Furniture","og_description":"Die Polypropylen-Tische Outdoor-Kollektion bietet einen eleganten, minimalistischen runden Tisch aus hochwertigem PP (Polypropylen).","og_url":"https:\/\/minhducfurniture.com\/de\/product\/tische-aus-polypropylen-fuer-den-aussenbereich-im-minimalistischen-design-fuer-moderne-raeume\/","og_site_name":"Minh Duc Furniture","article_modified_time":"2026-02-25T08:29:06+00:00","og_image":[{"width":651,"height":651,"url":"https:\/\/minhducfurniture.com\/wp-content\/uploads\/2025\/11\/White-polypropylene-table-outdoor.jpg","type":"image\/jpeg"}],"twitter_card":"summary_large_image","twitter_misc":{"Gesch\u00e4tzte Lesezeit":"2\u00a0Minuten"},"schema":{"@context":"https:\/\/schema.org","@graph":[{"@type":"WebPage","@id":"https:\/\/minhducfurniture.com\/de\/product\/tische-aus-polypropylen-fuer-den-aussenbereich-im-minimalistischen-design-fuer-moderne-raeume\/","url":"https:\/\/minhducfurniture.com\/de\/product\/tische-aus-polypropylen-fuer-den-aussenbereich-im-minimalistischen-design-fuer-moderne-raeume\/","name":"Tische aus Polypropylen f\u00fcr den Au\u00dfenbereich im minimalistischen Design f\u00fcr moderne R\u00e4ume - Minh Duc Furniture","isPartOf":{"@id":"https:\/\/minhducfurniture.com\/de\/#website"},"primaryImageOfPage":{"@id":"https:\/\/minhducfurniture.com\/de\/product\/tische-aus-polypropylen-fuer-den-aussenbereich-im-minimalistischen-design-fuer-moderne-raeume\/#primaryimage"},"image":{"@id":"https:\/\/minhducfurniture.com\/de\/product\/tische-aus-polypropylen-fuer-den-aussenbereich-im-minimalistischen-design-fuer-moderne-raeume\/#primaryimage"},"thumbnailUrl":"https:\/\/minhducfurniture.com\/wp-content\/uploads\/2025\/11\/White-polypropylene-table-outdoor.jpg","datePublished":"2025-11-23T09:17:29+00:00","dateModified":"2026-02-25T08:29:06+00:00","description":"Die Polypropylen-Tische Outdoor-Kollektion bietet einen eleganten, minimalistischen runden Tisch aus hochwertigem PP (Polypropylen).","breadcrumb":{"@id":"https:\/\/minhducfurniture.com\/de\/product\/tische-aus-polypropylen-fuer-den-aussenbereich-im-minimalistischen-design-fuer-moderne-raeume\/#breadcrumb"},"inLanguage":"de","potentialAction":[{"@type":"ReadAction","target":["https:\/\/minhducfurniture.com\/de\/product\/tische-aus-polypropylen-fuer-den-aussenbereich-im-minimalistischen-design-fuer-moderne-raeume\/"]}]},{"@type":"ImageObject","inLanguage":"de","@id":"https:\/\/minhducfurniture.com\/de\/product\/tische-aus-polypropylen-fuer-den-aussenbereich-im-minimalistischen-design-fuer-moderne-raeume\/#primaryimage","url":"https:\/\/minhducfurniture.com\/wp-content\/uploads\/2025\/11\/White-polypropylene-table-outdoor.jpg","contentUrl":"https:\/\/minhducfurniture.com\/wp-content\/uploads\/2025\/11\/White-polypropylene-table-outdoor.jpg","width":651,"height":651,"caption":"Wei\u00dfe Polypropylen-Tische f\u00fcr den Au\u00dfenbereich"},{"@type":"BreadcrumbList","@id":"https:\/\/minhducfurniture.com\/de\/product\/tische-aus-polypropylen-fuer-den-aussenbereich-im-minimalistischen-design-fuer-moderne-raeume\/#breadcrumb","itemListElement":[{"@type":"ListItem","position":1,"name":"Home","item":"https:\/\/minhducfurniture.com\/de\/"},{"@type":"ListItem","position":2,"name":"Shop","item":"https:\/\/minhducfurniture.com\/shop\/"},{"@type":"ListItem","position":3,"name":"Tische aus Polypropylen f\u00fcr den Au\u00dfenbereich im minimalistischen Design f\u00fcr moderne R\u00e4ume"}]},{"@type":"WebSite","@id":"https:\/\/minhducfurniture.com\/de\/#website","url":"https:\/\/minhducfurniture.com\/de\/","name":"Minh Duc Furniture","description":"Vietnam Furniture Supplier","publisher":{"@id":"https:\/\/minhducfurniture.com\/de\/#organization"},"alternateName":"Vietnam Online Shop","potentialAction":[{"@type":"SearchAction","target":{"@type":"EntryPoint","urlTemplate":"https:\/\/minhducfurniture.com\/de\/?s={search_term_string}"},"query-input":{"@type":"PropertyValueSpecification","valueRequired":true,"valueName":"search_term_string"}}],"inLanguage":"de"},{"@type":"Organization","@id":"https:\/\/minhducfurniture.com\/de\/#organization","name":"Minh Duc Furniture","alternateName":"Vietnam Furniture Export","url":"https:\/\/minhducfurniture.com\/de\/","logo":{"@type":"ImageObject","inLanguage":"de","@id":"https:\/\/minhducfurniture.com\/de\/#\/schema\/logo\/image\/","url":"","contentUrl":"","caption":"Minh Duc Furniture"},"image":{"@id":"https:\/\/minhducfurniture.com\/de\/#\/schema\/logo\/image\/"},"sameAs":["https:\/\/www.pinterest.com\/hienthaoshop\/pins\/"]}]}},"_links":{"self":[{"href":"https:\/\/minhducfurniture.com\/de\/wp-json\/wp\/v2\/product\/55025","targetHints":{"allow":["GET"]}}],"collection":[{"href":"https:\/\/minhducfurniture.com\/de\/wp-json\/wp\/v2\/product"}],"about":[{"href":"https:\/\/minhducfurniture.com\/de\/wp-json\/wp\/v2\/types\/product"}],"replies":[{"embeddable":true,"href":"https:\/\/minhducfurniture.com\/de\/wp-json\/wp\/v2\/comments?post=55025"}],"wp:featuredmedia":[{"embeddable":true,"href":"https:\/\/minhducfurniture.com\/de\/wp-json\/wp\/v2\/media\/55024"}],"wp:attachment":[{"href":"https:\/\/minhducfurniture.com\/de\/wp-json\/wp\/v2\/media?parent=55025"}],"wp:term":[{"taxonomy":"product_brand","embeddable":true,"href":"https:\/\/minhducfurniture.com\/de\/wp-json\/wp\/v2\/product_brand?post=55025"},{"taxonomy":"product_cat","embeddable":true,"href":"https:\/\/minhducfurniture.com\/de\/wp-json\/wp\/v2\/product_cat?post=55025"},{"taxonomy":"product_tag","embeddable":true,"href":"https:\/\/minhducfurniture.com\/de\/wp-json\/wp\/v2\/product_tag?post=55025"}],"curies":[{"name":"wp","href":"https:\/\/api.w.org\/{rel}","templated":true}]}}