{"id":55012,"date":"2025-11-25T10:12:19","date_gmt":"2025-11-25T03:12:19","guid":{"rendered":"https:\/\/minhducfurniture.com\/product\/stapelbare-kunststoff-rasenstuehle-erschwingliche-pp-sitzgelegenheiten-fuer-draussen\/"},"modified":"2026-02-25T14:42:20","modified_gmt":"2026-02-25T07:42:20","slug":"stapelbare-kunststoff-rasenstuehle-erschwingliche-pp-sitzgelegenheiten-fuer-draussen","status":"publish","type":"product","link":"https:\/\/minhducfurniture.com\/de\/product\/stapelbare-kunststoff-rasenstuehle-erschwingliche-pp-sitzgelegenheiten-fuer-draussen\/","title":{"rendered":"Stapelbare Kunststoff-Rasenst\u00fchle erschwingliche PP Sitzgelegenheiten f\u00fcr drau\u00dfen"},"content":{"rendered":"<h2><span style=\"font-size: 90%\">Stapelbare Kunststoff-Rasenst\u00fchle &#8211; Eine clevere Wahl f\u00fcr jeden Au\u00dfenbereich<\/span><\/h2>\n<p><strong>Stapelbare Kunststoff-Rasenst\u00fchle<\/strong> aus PP (Polypropylen) sind die perfekte Wahl, wenn Sie St\u00fchle f\u00fcr den Au\u00dfenbereich suchen, die erschwinglich, langlebig und einfach zu verwenden sind. Ihr geringes Gewicht, ihre ausgezeichnete Haltbarkeit und ihr praktisches, stapelbares Design machen sie zu einer beliebten Wahl f\u00fcr Hausg\u00e4rten, Caf\u00e9s, Resorts und Gasth\u00e4user. \t<div id=\"gap-880779445\" class=\"gap-element clearfix\" style=\"display:block; height:auto;\">\n\t\t\n<style>\n#gap-880779445 {\n  padding-top: 15px;\n}\n<\/style>\n\t<\/div>\n\t\n<figure id=\"attachment_55007\" aria-describedby=\"caption-attachment-55007\" style=\"width: 850px\" class=\"wp-caption aligncenter\"><img decoding=\"async\" class=\"wp-image-54175 size-full\" src=\"https:\/\/minhducfurniture.com\/wp-content\/uploads\/2025\/11\/Stacking-Chairs-for-Garden-Spaces.jpg\" alt=\"Stapelst\u00fchle f\u00fcr Gartenr\u00e4ume\" width=\"850\" height=\"605\" srcset=\"https:\/\/minhducfurniture.com\/wp-content\/uploads\/2025\/11\/Stacking-Chairs-for-Garden-Spaces.jpg 850w, https:\/\/minhducfurniture.com\/wp-content\/uploads\/2025\/11\/Stacking-Chairs-for-Garden-Spaces-562x400.jpg 562w, https:\/\/minhducfurniture.com\/wp-content\/uploads\/2025\/11\/Stacking-Chairs-for-Garden-Spaces-768x547.jpg 768w, https:\/\/minhducfurniture.com\/wp-content\/uploads\/2025\/11\/Stacking-Chairs-for-Garden-Spaces-510x363.jpg 510w\" sizes=\"(max-width: 850px) 100vw, 850px\" \/><figcaption id=\"caption-attachment-55007\" class=\"wp-caption-text\">Stapelst\u00fchle f\u00fcr Gartenr\u00e4ume<\/figcaption><\/figure>\n<h3>Die wichtigsten Vorteile des Produkts<\/h3>\n<ul>\n<li>Erschwinglicher Preis, hohe Haltbarkeit und gute \u00c4sthetik<\/li>\n<li>Leicht, einfach zu tragen und umzustellen<\/li>\n<li>Gute Tragf\u00e4higkeit, geeignet f\u00fcr Erwachsene und Kinder<\/li>\n<li>UV-best\u00e4ndig, wasserdicht und rostfrei wie Metallst\u00fchle<\/li>\n<li>Platzsparendes, stapelbares Design, ideal f\u00fcr Caf\u00e9s, Restaurants und Veranstaltungsr\u00e4ume<\/li>\n<\/ul>\n<figure id=\"attachment_55008\" aria-describedby=\"caption-attachment-55008\" style=\"width: 850px\" class=\"wp-caption aligncenter\"><img decoding=\"async\" class=\"size-full wp-image-54176\" src=\"https:\/\/minhducfurniture.com\/wp-content\/uploads\/2025\/11\/Plastic-Patio-Stackable-Chairs.jpg\" alt=\"Stapelbare Plastikst\u00fchle f\u00fcr die Terrasse\" width=\"850\" height=\"596\" srcset=\"https:\/\/minhducfurniture.com\/wp-content\/uploads\/2025\/11\/Plastic-Patio-Stackable-Chairs.jpg 850w, https:\/\/minhducfurniture.com\/wp-content\/uploads\/2025\/11\/Plastic-Patio-Stackable-Chairs-570x400.jpg 570w, https:\/\/minhducfurniture.com\/wp-content\/uploads\/2025\/11\/Plastic-Patio-Stackable-Chairs-768x539.jpg 768w, https:\/\/minhducfurniture.com\/wp-content\/uploads\/2025\/11\/Plastic-Patio-Stackable-Chairs-510x358.jpg 510w\" sizes=\"(max-width: 850px) 100vw, 850px\" \/><figcaption id=\"caption-attachment-55008\" class=\"wp-caption-text\">Stapelbare Plastikst\u00fchle f\u00fcr die Terrasse<\/figcaption><\/figure>\n<h4>Beschreibung des Produkts<\/h4>\n<ul>\n<li>Produkt-Code: MDS-3019<\/li>\n<li>Stuhlgr\u00f6\u00dfe: H780mm*SH450mm*B500mm<\/li>\n<li>100% PP-Kunststoff mit UV-Schutzbeschichtung<\/li>\n<li>Ladegewicht: 120kg\/ 264.5lbs<\/li>\n<li>Herkunft des Produkts: Vietnam<\/li>\n<\/ul>\n<figure id=\"attachment_55009\" aria-describedby=\"caption-attachment-55009\" style=\"width: 850px\" class=\"wp-caption aligncenter\"><img decoding=\"async\" class=\"size-full wp-image-54177\" src=\"https:\/\/minhducfurniture.com\/wp-content\/uploads\/2025\/11\/The-actual-product-at-our-factory.jpg\" alt=\"Das eigentliche Produkt in unserer Fabrik\" width=\"850\" height=\"621\" srcset=\"https:\/\/minhducfurniture.com\/wp-content\/uploads\/2025\/11\/The-actual-product-at-our-factory.jpg 850w, https:\/\/minhducfurniture.com\/wp-content\/uploads\/2025\/11\/The-actual-product-at-our-factory-548x400.jpg 548w, https:\/\/minhducfurniture.com\/wp-content\/uploads\/2025\/11\/The-actual-product-at-our-factory-768x561.jpg 768w, https:\/\/minhducfurniture.com\/wp-content\/uploads\/2025\/11\/The-actual-product-at-our-factory-510x373.jpg 510w\" sizes=\"(max-width: 850px) 100vw, 850px\" \/><figcaption id=\"caption-attachment-55009\" class=\"wp-caption-text\">Das eigentliche Produkt in unserer Fabrik<\/figcaption><\/figure>\n<h4>Bestellinformationen<\/h4>\n<ul>\n<li>Mindestbestellmenge (MOQ): 50 St\u00fcck<\/li>\n<li>Vorlaufzeit: 30-35 Tage nach Anzahlung<\/li>\n<li>Liefertermin: FOB Hai Phong Hafen, Vietnam<\/li>\n<li>Zahlungsbedingungen: T\/T 30% Anzahlung, 70% Restbetrag vor Versand<\/li>\n<li>Wenn Sie ein eigenes Design haben und eine Massenproduktion ben\u00f6tigen, kontaktieren Sie uns bitte f\u00fcr weitere Unterst\u00fctzung.<\/li>\n<\/ul>\n<figure id=\"attachment_55010\" aria-describedby=\"caption-attachment-55010\" style=\"width: 850px\" class=\"wp-caption aligncenter\"><img decoding=\"async\" class=\"size-full wp-image-54178\" src=\"https:\/\/minhducfurniture.com\/wp-content\/uploads\/2025\/11\/Space-saving-stacking-design.jpg\" alt=\"Platzsparendes Stapeldesign\" width=\"850\" height=\"599\" srcset=\"https:\/\/minhducfurniture.com\/wp-content\/uploads\/2025\/11\/Space-saving-stacking-design.jpg 850w, https:\/\/minhducfurniture.com\/wp-content\/uploads\/2025\/11\/Space-saving-stacking-design-568x400.jpg 568w, https:\/\/minhducfurniture.com\/wp-content\/uploads\/2025\/11\/Space-saving-stacking-design-768x541.jpg 768w, https:\/\/minhducfurniture.com\/wp-content\/uploads\/2025\/11\/Space-saving-stacking-design-510x359.jpg 510w\" sizes=\"(max-width: 850px) 100vw, 850px\" \/><figcaption id=\"caption-attachment-55010\" class=\"wp-caption-text\">Platzsparendes Stapeldesign<\/figcaption><\/figure>\n<h4>Kontaktinformationen<\/h4>\n<ul>\n<li>Minh Duc Public Furniture Co, Ltd.<\/li>\n<li>Adresse: Villa H02-L11 An Phu, Duong Noi, Ha Dong, Hanoi, Vietnam<\/li>\n<li>Telefon\/WhatsApp\/Zalo: +84 908 314 939<\/li>\n<\/ul>\n<p>Mehr aus unseren Kollektionen<\/p>\n<ul>\n<li><span style=\"color: #008080\"><a style=\"color: #008080\" href=\"https:\/\/minhducfurniture.com\/de\/product\/plastikstuehle-in-grossen-mengen-auf-lager-bei-minh-duc\/\">Plastikst\u00fchle in gro\u00dfen Mengen auf Lager bei Minh Duc<\/a><\/span><\/li>\n<li><span style=\"color: #008080\"><a style=\"color: #008080\" href=\"https:\/\/minhducfurniture.com\/de\/product\/outdoor-baenke-zu-verkaufen-metall-holz-bank\/\">Outdoor B\u00e4nke zu verkaufen Metall Holz Bank<\/a><\/span><\/li>\n<\/ul>\n<div class=\"social-icons share-icons share-row relative\" ><a href=\"whatsapp:\/\/send?text=Stapelbare%20Kunststoff-Rasenst%C3%BChle%20erschwingliche%20PP%20Sitzgelegenheiten%20f%C3%BCr%20drau%C3%9Fen - https:\/\/minhducfurniture.com\/de\/product\/stapelbare-kunststoff-rasenstuehle-erschwingliche-pp-sitzgelegenheiten-fuer-draussen\/\" data-action=\"share\/whatsapp\/share\" class=\"icon primary button round tooltip whatsapp show-for-medium\" title=\"Auf WhatsApp teilen\" aria-label=\"Auf WhatsApp teilen\"><i class=\"icon-whatsapp\" aria-hidden=\"true\"><\/i><\/a><a href=\"https:\/\/www.facebook.com\/sharer.php?u=https:\/\/minhducfurniture.com\/de\/product\/stapelbare-kunststoff-rasenstuehle-erschwingliche-pp-sitzgelegenheiten-fuer-draussen\/\" data-label=\"Facebook\" onclick=\"window.open(this.href,this.title,'width=500,height=500,top=300px,left=300px'); return false;\" target=\"_blank\" class=\"icon primary button round tooltip facebook\" title=\"Auf Facebook teilen\" aria-label=\"Auf Facebook teilen\" rel=\"noopener nofollow\"><i class=\"icon-facebook\" aria-hidden=\"true\"><\/i><\/a><a href=\"https:\/\/twitter.com\/share?url=https:\/\/minhducfurniture.com\/de\/product\/stapelbare-kunststoff-rasenstuehle-erschwingliche-pp-sitzgelegenheiten-fuer-draussen\/\" onclick=\"window.open(this.href,this.title,'width=500,height=500,top=300px,left=300px'); return false;\" target=\"_blank\" class=\"icon primary button round tooltip twitter\" title=\"Auf Twitter teilen\" aria-label=\"Auf Twitter teilen\" rel=\"noopener nofollow\"><i class=\"icon-twitter\" aria-hidden=\"true\"><\/i><\/a><a href=\"mailto:?subject=Stapelbare%20Kunststoff-Rasenst%C3%BChle%20erschwingliche%20PP%20Sitzgelegenheiten%20f%C3%BCr%20drau%C3%9Fen&body=Schau%20dir%20das%20an%3A%20https%3A%2F%2Fminhducfurniture.com%2Fde%2Fproduct%2Fstapelbare-kunststoff-rasenstuehle-erschwingliche-pp-sitzgelegenheiten-fuer-draussen%2F\" class=\"icon primary button round tooltip email\" title=\"E-mail an einen Freund senden\" aria-label=\"E-mail an einen Freund senden\" rel=\"nofollow\"><i class=\"icon-envelop\" aria-hidden=\"true\"><\/i><\/a><a href=\"https:\/\/pinterest.com\/pin\/create\/button?url=https:\/\/minhducfurniture.com\/de\/product\/stapelbare-kunststoff-rasenstuehle-erschwingliche-pp-sitzgelegenheiten-fuer-draussen\/&media=https:\/\/minhducfurniture.com\/wp-content\/uploads\/2025\/11\/Stackable-plastic-lawn-chairs.jpg&description=Stapelbare%20Kunststoff-Rasenst%C3%BChle%20erschwingliche%20PP%20Sitzgelegenheiten%20f%C3%BCr%20drau%C3%9Fen\" onclick=\"window.open(this.href,this.title,'width=500,height=500,top=300px,left=300px'); return false;\" target=\"_blank\" class=\"icon primary button round tooltip pinterest\" title=\"Pinterest Pin erstellen\" aria-label=\"Pinterest Pin erstellen\" rel=\"noopener nofollow\"><i class=\"icon-pinterest\" aria-hidden=\"true\"><\/i><\/a><a href=\"https:\/\/www.linkedin.com\/shareArticle?mini=true&url=https:\/\/minhducfurniture.com\/de\/product\/stapelbare-kunststoff-rasenstuehle-erschwingliche-pp-sitzgelegenheiten-fuer-draussen\/&title=Stapelbare%20Kunststoff-Rasenst%C3%BChle%20erschwingliche%20PP%20Sitzgelegenheiten%20f%C3%BCr%20drau%C3%9Fen\" onclick=\"window.open(this.href,this.title,'width=500,height=500,top=300px,left=300px'); return false;\" target=\"_blank\" class=\"icon primary button round tooltip linkedin\" title=\"Auf LinkedIn teilen\" aria-label=\"Auf LinkedIn teilen\" rel=\"noopener nofollow\"><i class=\"icon-linkedin\" aria-hidden=\"true\"><\/i><\/a><\/div>\n","protected":false},"excerpt":{"rendered":"<ul>\n<li>Produkt-Code: MDS-3019<\/li>\n<li>Stuhlgr\u00f6\u00dfe: H780mm*SH450mm*B500mm<\/li>\n<li>100% PP-Kunststoff mit UV-Schutzbeschichtung<\/li>\n<li>Ladegewicht: 120kg\/ 264.5lbs<\/li>\n<li>Herkunft des Produkts: Vietnam<\/li>\n<li>Hotline\/ WhatsApp: +84 908 314 939<\/li>\n<\/ul>\n","protected":false},"featured_media":55011,"comment_status":"open","ping_status":"closed","template":"","meta":[],"product_brand":[],"product_cat":[13081],"product_tag":[13082],"class_list":{"0":"post-55012","1":"product","2":"type-product","3":"status-publish","4":"has-post-thumbnail","6":"product_cat-plastik-stuhle","7":"product_tag-outdoor-stuhle","9":"first","10":"instock","11":"shipping-taxable","12":"product-type-simple"},"yoast_head":"<!-- This site is optimized with the Yoast SEO plugin v27.0 - https:\/\/yoast.com\/product\/yoast-seo-wordpress\/ -->\n<title>Stapelbare Kunststoff-Rasenst\u00fchle erschwingliche PP Sitzgelegenheiten f\u00fcr drau\u00dfen - Minh Duc Furniture<\/title>\n<meta name=\"description\" content=\"Stapelbare Kunststoff-Rasenst\u00fchle aus PP (Polypropylen) sind die perfekte Wahl, wenn Sie auf der Suche nach erschwinglichen, langlebigen St\u00fchlen f\u00fcr den Au\u00dfenbereich sind,\" \/>\n<meta name=\"robots\" content=\"index, follow, max-snippet:-1, max-image-preview:large, max-video-preview:-1\" \/>\n<link rel=\"canonical\" href=\"https:\/\/minhducfurniture.com\/de\/product\/stapelbare-kunststoff-rasenstuehle-erschwingliche-pp-sitzgelegenheiten-fuer-draussen\/\" \/>\n<meta property=\"og:locale\" content=\"de_DE\" \/>\n<meta property=\"og:type\" content=\"article\" \/>\n<meta property=\"og:title\" content=\"Stapelbare Kunststoff-Rasenst\u00fchle erschwingliche PP Sitzgelegenheiten f\u00fcr drau\u00dfen - Minh Duc Furniture\" \/>\n<meta property=\"og:description\" content=\"Stapelbare Kunststoff-Rasenst\u00fchle aus PP (Polypropylen) sind die perfekte Wahl, wenn Sie auf der Suche nach erschwinglichen, langlebigen St\u00fchlen f\u00fcr den Au\u00dfenbereich sind,\" \/>\n<meta property=\"og:url\" content=\"https:\/\/minhducfurniture.com\/de\/product\/stapelbare-kunststoff-rasenstuehle-erschwingliche-pp-sitzgelegenheiten-fuer-draussen\/\" \/>\n<meta property=\"og:site_name\" content=\"Minh Duc Furniture\" \/>\n<meta property=\"article:modified_time\" content=\"2026-02-25T07:42:20+00:00\" \/>\n<meta property=\"og:image\" content=\"https:\/\/minhducfurniture.com\/wp-content\/uploads\/2025\/11\/Stackable-plastic-lawn-chairs.jpg\" \/>\n\t<meta property=\"og:image:width\" content=\"700\" \/>\n\t<meta property=\"og:image:height\" content=\"700\" \/>\n\t<meta property=\"og:image:type\" content=\"image\/jpeg\" \/>\n<meta name=\"twitter:card\" content=\"summary_large_image\" \/>\n<meta name=\"twitter:label1\" content=\"Gesch\u00e4tzte Lesezeit\" \/>\n\t<meta name=\"twitter:data1\" content=\"1\u00a0Minute\" \/>\n<script type=\"application\/ld+json\" class=\"yoast-schema-graph\">{\"@context\":\"https:\/\/schema.org\",\"@graph\":[{\"@type\":\"WebPage\",\"@id\":\"https:\/\/minhducfurniture.com\/de\/product\/stapelbare-kunststoff-rasenstuehle-erschwingliche-pp-sitzgelegenheiten-fuer-draussen\/\",\"url\":\"https:\/\/minhducfurniture.com\/de\/product\/stapelbare-kunststoff-rasenstuehle-erschwingliche-pp-sitzgelegenheiten-fuer-draussen\/\",\"name\":\"Stapelbare Kunststoff-Rasenst\u00fchle erschwingliche PP Sitzgelegenheiten f\u00fcr drau\u00dfen - Minh Duc Furniture\",\"isPartOf\":{\"@id\":\"https:\/\/minhducfurniture.com\/de\/#website\"},\"primaryImageOfPage\":{\"@id\":\"https:\/\/minhducfurniture.com\/de\/product\/stapelbare-kunststoff-rasenstuehle-erschwingliche-pp-sitzgelegenheiten-fuer-draussen\/#primaryimage\"},\"image\":{\"@id\":\"https:\/\/minhducfurniture.com\/de\/product\/stapelbare-kunststoff-rasenstuehle-erschwingliche-pp-sitzgelegenheiten-fuer-draussen\/#primaryimage\"},\"thumbnailUrl\":\"https:\/\/minhducfurniture.com\/wp-content\/uploads\/2025\/11\/Stackable-plastic-lawn-chairs.jpg\",\"datePublished\":\"2025-11-25T03:12:19+00:00\",\"dateModified\":\"2026-02-25T07:42:20+00:00\",\"description\":\"Stapelbare Kunststoff-Rasenst\u00fchle aus PP (Polypropylen) sind die perfekte Wahl, wenn Sie auf der Suche nach erschwinglichen, langlebigen St\u00fchlen f\u00fcr den Au\u00dfenbereich sind,\",\"breadcrumb\":{\"@id\":\"https:\/\/minhducfurniture.com\/de\/product\/stapelbare-kunststoff-rasenstuehle-erschwingliche-pp-sitzgelegenheiten-fuer-draussen\/#breadcrumb\"},\"inLanguage\":\"de\",\"potentialAction\":[{\"@type\":\"ReadAction\",\"target\":[\"https:\/\/minhducfurniture.com\/de\/product\/stapelbare-kunststoff-rasenstuehle-erschwingliche-pp-sitzgelegenheiten-fuer-draussen\/\"]}]},{\"@type\":\"ImageObject\",\"inLanguage\":\"de\",\"@id\":\"https:\/\/minhducfurniture.com\/de\/product\/stapelbare-kunststoff-rasenstuehle-erschwingliche-pp-sitzgelegenheiten-fuer-draussen\/#primaryimage\",\"url\":\"https:\/\/minhducfurniture.com\/wp-content\/uploads\/2025\/11\/Stackable-plastic-lawn-chairs.jpg\",\"contentUrl\":\"https:\/\/minhducfurniture.com\/wp-content\/uploads\/2025\/11\/Stackable-plastic-lawn-chairs.jpg\",\"width\":700,\"height\":700,\"caption\":\"Stapelbare Plastik-Rasenst\u00fchle\"},{\"@type\":\"BreadcrumbList\",\"@id\":\"https:\/\/minhducfurniture.com\/de\/product\/stapelbare-kunststoff-rasenstuehle-erschwingliche-pp-sitzgelegenheiten-fuer-draussen\/#breadcrumb\",\"itemListElement\":[{\"@type\":\"ListItem\",\"position\":1,\"name\":\"Home\",\"item\":\"https:\/\/minhducfurniture.com\/de\/\"},{\"@type\":\"ListItem\",\"position\":2,\"name\":\"Shop\",\"item\":\"https:\/\/minhducfurniture.com\/shop\/\"},{\"@type\":\"ListItem\",\"position\":3,\"name\":\"Stapelbare Kunststoff-Rasenst\u00fchle erschwingliche PP Sitzgelegenheiten f\u00fcr drau\u00dfen\"}]},{\"@type\":\"WebSite\",\"@id\":\"https:\/\/minhducfurniture.com\/de\/#website\",\"url\":\"https:\/\/minhducfurniture.com\/de\/\",\"name\":\"Minh Duc Furniture\",\"description\":\"Vietnam Furniture Supplier\",\"publisher\":{\"@id\":\"https:\/\/minhducfurniture.com\/de\/#organization\"},\"alternateName\":\"Vietnam Online Shop\",\"potentialAction\":[{\"@type\":\"SearchAction\",\"target\":{\"@type\":\"EntryPoint\",\"urlTemplate\":\"https:\/\/minhducfurniture.com\/de\/?s={search_term_string}\"},\"query-input\":{\"@type\":\"PropertyValueSpecification\",\"valueRequired\":true,\"valueName\":\"search_term_string\"}}],\"inLanguage\":\"de\"},{\"@type\":\"Organization\",\"@id\":\"https:\/\/minhducfurniture.com\/de\/#organization\",\"name\":\"Minh Duc Furniture\",\"alternateName\":\"Vietnam Furniture Export\",\"url\":\"https:\/\/minhducfurniture.com\/de\/\",\"logo\":{\"@type\":\"ImageObject\",\"inLanguage\":\"de\",\"@id\":\"https:\/\/minhducfurniture.com\/de\/#\/schema\/logo\/image\/\",\"url\":\"\",\"contentUrl\":\"\",\"caption\":\"Minh Duc Furniture\"},\"image\":{\"@id\":\"https:\/\/minhducfurniture.com\/de\/#\/schema\/logo\/image\/\"},\"sameAs\":[\"https:\/\/www.pinterest.com\/hienthaoshop\/pins\/\"]}]}<\/script>\n<!-- \/ Yoast SEO plugin. -->","yoast_head_json":{"title":"Stapelbare Kunststoff-Rasenst\u00fchle erschwingliche PP Sitzgelegenheiten f\u00fcr drau\u00dfen - Minh Duc Furniture","description":"Stapelbare Kunststoff-Rasenst\u00fchle aus PP (Polypropylen) sind die perfekte Wahl, wenn Sie auf der Suche nach erschwinglichen, langlebigen St\u00fchlen f\u00fcr den Au\u00dfenbereich sind,","robots":{"index":"index","follow":"follow","max-snippet":"max-snippet:-1","max-image-preview":"max-image-preview:large","max-video-preview":"max-video-preview:-1"},"canonical":"https:\/\/minhducfurniture.com\/de\/product\/stapelbare-kunststoff-rasenstuehle-erschwingliche-pp-sitzgelegenheiten-fuer-draussen\/","og_locale":"de_DE","og_type":"article","og_title":"Stapelbare Kunststoff-Rasenst\u00fchle erschwingliche PP Sitzgelegenheiten f\u00fcr drau\u00dfen - Minh Duc Furniture","og_description":"Stapelbare Kunststoff-Rasenst\u00fchle aus PP (Polypropylen) sind die perfekte Wahl, wenn Sie auf der Suche nach erschwinglichen, langlebigen St\u00fchlen f\u00fcr den Au\u00dfenbereich sind,","og_url":"https:\/\/minhducfurniture.com\/de\/product\/stapelbare-kunststoff-rasenstuehle-erschwingliche-pp-sitzgelegenheiten-fuer-draussen\/","og_site_name":"Minh Duc Furniture","article_modified_time":"2026-02-25T07:42:20+00:00","og_image":[{"width":700,"height":700,"url":"https:\/\/minhducfurniture.com\/wp-content\/uploads\/2025\/11\/Stackable-plastic-lawn-chairs.jpg","type":"image\/jpeg"}],"twitter_card":"summary_large_image","twitter_misc":{"Gesch\u00e4tzte Lesezeit":"1\u00a0Minute"},"schema":{"@context":"https:\/\/schema.org","@graph":[{"@type":"WebPage","@id":"https:\/\/minhducfurniture.com\/de\/product\/stapelbare-kunststoff-rasenstuehle-erschwingliche-pp-sitzgelegenheiten-fuer-draussen\/","url":"https:\/\/minhducfurniture.com\/de\/product\/stapelbare-kunststoff-rasenstuehle-erschwingliche-pp-sitzgelegenheiten-fuer-draussen\/","name":"Stapelbare Kunststoff-Rasenst\u00fchle erschwingliche PP Sitzgelegenheiten f\u00fcr drau\u00dfen - Minh Duc Furniture","isPartOf":{"@id":"https:\/\/minhducfurniture.com\/de\/#website"},"primaryImageOfPage":{"@id":"https:\/\/minhducfurniture.com\/de\/product\/stapelbare-kunststoff-rasenstuehle-erschwingliche-pp-sitzgelegenheiten-fuer-draussen\/#primaryimage"},"image":{"@id":"https:\/\/minhducfurniture.com\/de\/product\/stapelbare-kunststoff-rasenstuehle-erschwingliche-pp-sitzgelegenheiten-fuer-draussen\/#primaryimage"},"thumbnailUrl":"https:\/\/minhducfurniture.com\/wp-content\/uploads\/2025\/11\/Stackable-plastic-lawn-chairs.jpg","datePublished":"2025-11-25T03:12:19+00:00","dateModified":"2026-02-25T07:42:20+00:00","description":"Stapelbare Kunststoff-Rasenst\u00fchle aus PP (Polypropylen) sind die perfekte Wahl, wenn Sie auf der Suche nach erschwinglichen, langlebigen St\u00fchlen f\u00fcr den Au\u00dfenbereich sind,","breadcrumb":{"@id":"https:\/\/minhducfurniture.com\/de\/product\/stapelbare-kunststoff-rasenstuehle-erschwingliche-pp-sitzgelegenheiten-fuer-draussen\/#breadcrumb"},"inLanguage":"de","potentialAction":[{"@type":"ReadAction","target":["https:\/\/minhducfurniture.com\/de\/product\/stapelbare-kunststoff-rasenstuehle-erschwingliche-pp-sitzgelegenheiten-fuer-draussen\/"]}]},{"@type":"ImageObject","inLanguage":"de","@id":"https:\/\/minhducfurniture.com\/de\/product\/stapelbare-kunststoff-rasenstuehle-erschwingliche-pp-sitzgelegenheiten-fuer-draussen\/#primaryimage","url":"https:\/\/minhducfurniture.com\/wp-content\/uploads\/2025\/11\/Stackable-plastic-lawn-chairs.jpg","contentUrl":"https:\/\/minhducfurniture.com\/wp-content\/uploads\/2025\/11\/Stackable-plastic-lawn-chairs.jpg","width":700,"height":700,"caption":"Stapelbare Plastik-Rasenst\u00fchle"},{"@type":"BreadcrumbList","@id":"https:\/\/minhducfurniture.com\/de\/product\/stapelbare-kunststoff-rasenstuehle-erschwingliche-pp-sitzgelegenheiten-fuer-draussen\/#breadcrumb","itemListElement":[{"@type":"ListItem","position":1,"name":"Home","item":"https:\/\/minhducfurniture.com\/de\/"},{"@type":"ListItem","position":2,"name":"Shop","item":"https:\/\/minhducfurniture.com\/shop\/"},{"@type":"ListItem","position":3,"name":"Stapelbare Kunststoff-Rasenst\u00fchle erschwingliche PP Sitzgelegenheiten f\u00fcr drau\u00dfen"}]},{"@type":"WebSite","@id":"https:\/\/minhducfurniture.com\/de\/#website","url":"https:\/\/minhducfurniture.com\/de\/","name":"Minh Duc Furniture","description":"Vietnam Furniture Supplier","publisher":{"@id":"https:\/\/minhducfurniture.com\/de\/#organization"},"alternateName":"Vietnam Online Shop","potentialAction":[{"@type":"SearchAction","target":{"@type":"EntryPoint","urlTemplate":"https:\/\/minhducfurniture.com\/de\/?s={search_term_string}"},"query-input":{"@type":"PropertyValueSpecification","valueRequired":true,"valueName":"search_term_string"}}],"inLanguage":"de"},{"@type":"Organization","@id":"https:\/\/minhducfurniture.com\/de\/#organization","name":"Minh Duc Furniture","alternateName":"Vietnam Furniture Export","url":"https:\/\/minhducfurniture.com\/de\/","logo":{"@type":"ImageObject","inLanguage":"de","@id":"https:\/\/minhducfurniture.com\/de\/#\/schema\/logo\/image\/","url":"","contentUrl":"","caption":"Minh Duc Furniture"},"image":{"@id":"https:\/\/minhducfurniture.com\/de\/#\/schema\/logo\/image\/"},"sameAs":["https:\/\/www.pinterest.com\/hienthaoshop\/pins\/"]}]}},"_links":{"self":[{"href":"https:\/\/minhducfurniture.com\/de\/wp-json\/wp\/v2\/product\/55012","targetHints":{"allow":["GET"]}}],"collection":[{"href":"https:\/\/minhducfurniture.com\/de\/wp-json\/wp\/v2\/product"}],"about":[{"href":"https:\/\/minhducfurniture.com\/de\/wp-json\/wp\/v2\/types\/product"}],"replies":[{"embeddable":true,"href":"https:\/\/minhducfurniture.com\/de\/wp-json\/wp\/v2\/comments?post=55012"}],"wp:featuredmedia":[{"embeddable":true,"href":"https:\/\/minhducfurniture.com\/de\/wp-json\/wp\/v2\/media\/55011"}],"wp:attachment":[{"href":"https:\/\/minhducfurniture.com\/de\/wp-json\/wp\/v2\/media?parent=55012"}],"wp:term":[{"taxonomy":"product_brand","embeddable":true,"href":"https:\/\/minhducfurniture.com\/de\/wp-json\/wp\/v2\/product_brand?post=55012"},{"taxonomy":"product_cat","embeddable":true,"href":"https:\/\/minhducfurniture.com\/de\/wp-json\/wp\/v2\/product_cat?post=55012"},{"taxonomy":"product_tag","embeddable":true,"href":"https:\/\/minhducfurniture.com\/de\/wp-json\/wp\/v2\/product_tag?post=55012"}],"curies":[{"name":"wp","href":"https:\/\/api.w.org\/{rel}","templated":true}]}}