{"id":55006,"date":"2025-11-25T13:55:33","date_gmt":"2025-11-25T06:55:33","guid":{"rendered":"https:\/\/minhducfurniture.com\/product\/blaue-stapelstuehle-pp-hocker-mit-mehreren-farboptionen\/"},"modified":"2026-02-25T14:41:53","modified_gmt":"2026-02-25T07:41:53","slug":"blaue-stapelstuehle-pp-hocker-mit-mehreren-farboptionen","status":"publish","type":"product","link":"https:\/\/minhducfurniture.com\/de\/product\/blaue-stapelstuehle-pp-hocker-mit-mehreren-farboptionen\/","title":{"rendered":"Blaue Stapelst\u00fchle PP Hocker mit mehreren Farboptionen"},"content":{"rendered":"<h2><span style=\"font-size: 90%\">Blaue Stapelst\u00fchle &#8211; Strapazierf\u00e4hige, stapelbare Hocker aus PP mit mehreren Farboptionen<\/span><\/h2>\n<div>Die <strong>blauen Stapelst\u00fchle<\/strong> aus hochwertigem PP (Polypropylen) sind die perfekte L\u00f6sung, wenn Sie nach leichten, langlebigen und platzsparenden Sitzgelegenheiten f\u00fcr Klassenzimmer, Studios, Caf\u00e9s oder zu Hause suchen. Diese stapelbaren Hocker sind nicht nur \u00e4u\u00dferst praktisch, sondern verleihen auch jedem Raum einen frischen, modernen Look. <\/div>\n<div>Mit einer Vielzahl von lebendigen Farboptionen bietet Ihnen diese PP-Stapelstuhlserie die Flexibilit\u00e4t, die beste L\u00f6sung f\u00fcr Ihre Inneneinrichtung oder Markenidentit\u00e4t zu w\u00e4hlen.\t<div id=\"gap-615138855\" class=\"gap-element clearfix\" style=\"display:block; height:auto;\">\n\t\t\n<style>\n#gap-615138855 {\n  padding-top: 15px;\n}\n<\/style>\n\t<\/div>\n\t<\/div>\n<div><\/div>\n<div>\n<figure id=\"attachment_55001\" aria-describedby=\"caption-attachment-55001\" style=\"width: 850px\" class=\"wp-caption aligncenter\"><img decoding=\"async\" class=\"size-full wp-image-54180\" src=\"https:\/\/minhducfurniture.com\/wp-content\/uploads\/2025\/11\/Blue-stacking-chairs-in-art-room.jpg\" alt=\"Blaue Stapelst\u00fchle im Kunstraum\" width=\"850\" height=\"620\" srcset=\"https:\/\/minhducfurniture.com\/wp-content\/uploads\/2025\/11\/Blue-stacking-chairs-in-art-room.jpg 850w, https:\/\/minhducfurniture.com\/wp-content\/uploads\/2025\/11\/Blue-stacking-chairs-in-art-room-548x400.jpg 548w, https:\/\/minhducfurniture.com\/wp-content\/uploads\/2025\/11\/Blue-stacking-chairs-in-art-room-768x560.jpg 768w, https:\/\/minhducfurniture.com\/wp-content\/uploads\/2025\/11\/Blue-stacking-chairs-in-art-room-510x372.jpg 510w\" sizes=\"(max-width: 850px) 100vw, 850px\" \/><figcaption id=\"caption-attachment-55001\" class=\"wp-caption-text\">Blaue Stapelst\u00fchle im Kunstraum<\/figcaption><\/figure>\n<\/div>\n<h3>Wichtigste Produktmerkmale<\/h3>\n<ul>\n<li data-start=\"98\" data-end=\"164\">Hochwertiges PP-Material &#8211; langlebig, leicht, sto\u00dffest<\/li>\n<li data-start=\"98\" data-end=\"164\">Stapelbar &#8211; spart Platz, einfach zu lagern<\/li>\n<li data-start=\"98\" data-end=\"164\">Mehrere Farboptionen &#8211; blau + viele leuchtende Farben<\/li>\n<li data-start=\"281\" data-end=\"337\">Sichere H\u00f6he ~450mm &#8211; geeignet f\u00fcr Studenten und Jugendliche<\/li>\n<li>Glatte, abgerundete Kanten &#8211; sicheres, modernes Aussehen<\/li>\n<li>Leicht zu reinigen &#8211; wasser- und UV-best\u00e4ndig<\/li>\n<li>Stabile Basis &#8211; rutschfeste, robuste Struktur<\/li>\n<\/ul>\n<figure id=\"attachment_55002\" aria-describedby=\"caption-attachment-55002\" style=\"width: 850px\" class=\"wp-caption aligncenter\"><img decoding=\"async\" class=\"size-full wp-image-54182\" src=\"https:\/\/minhducfurniture.com\/wp-content\/uploads\/2025\/11\/Multi-colored-stacking-chairs.jpg\" alt=\"Mehrfarbige Stapelst\u00fchle\" width=\"850\" height=\"591\" srcset=\"https:\/\/minhducfurniture.com\/wp-content\/uploads\/2025\/11\/Multi-colored-stacking-chairs.jpg 850w, https:\/\/minhducfurniture.com\/wp-content\/uploads\/2025\/11\/Multi-colored-stacking-chairs-575x400.jpg 575w, https:\/\/minhducfurniture.com\/wp-content\/uploads\/2025\/11\/Multi-colored-stacking-chairs-768x534.jpg 768w, https:\/\/minhducfurniture.com\/wp-content\/uploads\/2025\/11\/Multi-colored-stacking-chairs-510x355.jpg 510w\" sizes=\"(max-width: 850px) 100vw, 850px\" \/><figcaption id=\"caption-attachment-55002\" class=\"wp-caption-text\">Mehrfarbige Stapelst\u00fchle<\/figcaption><\/figure>\n<h4>Beschreibung des Produkts<\/h4>\n<ul>\n<li>Produkt-Code: MDS-3006<\/li>\n<li>Gr\u00f6\u00dfe des Stuhls: D380mm*SH455mm*W380mm<\/li>\n<li>100% PP-Kunststoff mit UV-Schutzbeschichtung<\/li>\n<li>Ladegewicht: 120kg\/ 264.5lbs<\/li>\n<li>Herkunft des Produkts: Vietnam<\/li>\n<\/ul>\n<figure id=\"attachment_55003\" aria-describedby=\"caption-attachment-55003\" style=\"width: 850px\" class=\"wp-caption aligncenter\"><img decoding=\"async\" class=\"size-full wp-image-54183\" src=\"https:\/\/minhducfurniture.com\/wp-content\/uploads\/2025\/11\/The-actual-product-at-our-factory-1.jpg\" alt=\"Das eigentliche Produkt in unserer Fabrik\" width=\"850\" height=\"561\" srcset=\"https:\/\/minhducfurniture.com\/wp-content\/uploads\/2025\/11\/The-actual-product-at-our-factory-1.jpg 850w, https:\/\/minhducfurniture.com\/wp-content\/uploads\/2025\/11\/The-actual-product-at-our-factory-1-606x400.jpg 606w, https:\/\/minhducfurniture.com\/wp-content\/uploads\/2025\/11\/The-actual-product-at-our-factory-1-768x507.jpg 768w, https:\/\/minhducfurniture.com\/wp-content\/uploads\/2025\/11\/The-actual-product-at-our-factory-1-510x337.jpg 510w\" sizes=\"(max-width: 850px) 100vw, 850px\" \/><figcaption id=\"caption-attachment-55003\" class=\"wp-caption-text\">Das eigentliche Produkt in unserer Fabrik<\/figcaption><\/figure>\n<h4>Bestellinformationen<\/h4>\n<ul>\n<li>Mindestbestellmenge (MOQ): 50 St\u00fcck<\/li>\n<li>Vorlaufzeit: 30-35 Tage nach Anzahlung<\/li>\n<li>Liefertermin: FOB Hai Phong Hafen, Vietnam<\/li>\n<li>Zahlungsbedingungen: T\/T 30% Anzahlung, 70% Restbetrag vor Versand<\/li>\n<li>Wenn Sie ein eigenes Design haben und eine Massenproduktion ben\u00f6tigen, kontaktieren Sie uns bitte f\u00fcr weitere Unterst\u00fctzung.<\/li>\n<\/ul>\n<figure id=\"attachment_55004\" aria-describedby=\"caption-attachment-55004\" style=\"width: 850px\" class=\"wp-caption aligncenter\"><img decoding=\"async\" class=\"size-full wp-image-54184\" src=\"https:\/\/minhducfurniture.com\/wp-content\/uploads\/2025\/11\/Stacking-chairs-in-the-cafeteria.jpg\" alt=\"Stapelst\u00fchle in der Cafeteria\" width=\"850\" height=\"538\" srcset=\"https:\/\/minhducfurniture.com\/wp-content\/uploads\/2025\/11\/Stacking-chairs-in-the-cafeteria.jpg 850w, https:\/\/minhducfurniture.com\/wp-content\/uploads\/2025\/11\/Stacking-chairs-in-the-cafeteria-632x400.jpg 632w, https:\/\/minhducfurniture.com\/wp-content\/uploads\/2025\/11\/Stacking-chairs-in-the-cafeteria-768x486.jpg 768w, https:\/\/minhducfurniture.com\/wp-content\/uploads\/2025\/11\/Stacking-chairs-in-the-cafeteria-510x323.jpg 510w\" sizes=\"(max-width: 850px) 100vw, 850px\" \/><figcaption id=\"caption-attachment-55004\" class=\"wp-caption-text\">Stapelst\u00fchle in der Cafeteria<\/figcaption><\/figure>\n<h4>Kontaktinformationen<\/h4>\n<ul>\n<li>Minh Duc Public Furniture Co, Ltd.<\/li>\n<li>Adresse: Villa H02-L11 An Phu, Duong Noi, Ha Dong, Hanoi, Vietnam<\/li>\n<li>Telefon\/WhatsApp\/Zalo: +84 908 314 939<\/li>\n<\/ul>\n<p>Mehr aus unseren Kollektionen<\/p>\n<ul>\n<li><span style=\"color: #008080\"><a style=\"color: #008080\" href=\"https:\/\/minhducfurniture.com\/de\/product\/stapelbare-kunststoff-rasenstuehle-erschwingliche-pp-sitzgelegenheiten-fuer-draussen\/\">Stapelbare Kunststoff-Rasenst\u00fchle erschwingliche PP Sitzgelegenheiten f\u00fcr drau\u00dfen<\/a><\/span><\/li>\n<li><span style=\"color: #008080\"><a style=\"color: #008080\" href=\"https:\/\/minhducfurniture.com\/de\/product\/kleiner-gepolsterter-sessel-metallgestell-moderner-loungesessel\/\">Kleiner gepolsterter Sessel Metallgestell moderner Loungesessel<\/a><\/span><\/li>\n<\/ul>\n<div class=\"social-icons share-icons share-row relative\" ><a href=\"whatsapp:\/\/send?text=Blaue%20Stapelst%C3%BChle%20PP%20Hocker%20mit%20mehreren%20Farboptionen - https:\/\/minhducfurniture.com\/de\/product\/blaue-stapelstuehle-pp-hocker-mit-mehreren-farboptionen\/\" data-action=\"share\/whatsapp\/share\" class=\"icon primary button round tooltip whatsapp show-for-medium\" title=\"Auf WhatsApp teilen\" aria-label=\"Auf WhatsApp teilen\"><i class=\"icon-whatsapp\" aria-hidden=\"true\"><\/i><\/a><a href=\"https:\/\/www.facebook.com\/sharer.php?u=https:\/\/minhducfurniture.com\/de\/product\/blaue-stapelstuehle-pp-hocker-mit-mehreren-farboptionen\/\" data-label=\"Facebook\" onclick=\"window.open(this.href,this.title,'width=500,height=500,top=300px,left=300px'); return false;\" target=\"_blank\" class=\"icon primary button round tooltip facebook\" title=\"Auf Facebook teilen\" aria-label=\"Auf Facebook teilen\" rel=\"noopener nofollow\"><i class=\"icon-facebook\" aria-hidden=\"true\"><\/i><\/a><a href=\"https:\/\/twitter.com\/share?url=https:\/\/minhducfurniture.com\/de\/product\/blaue-stapelstuehle-pp-hocker-mit-mehreren-farboptionen\/\" onclick=\"window.open(this.href,this.title,'width=500,height=500,top=300px,left=300px'); return false;\" target=\"_blank\" class=\"icon primary button round tooltip twitter\" title=\"Auf Twitter teilen\" aria-label=\"Auf Twitter teilen\" rel=\"noopener nofollow\"><i class=\"icon-twitter\" aria-hidden=\"true\"><\/i><\/a><a href=\"mailto:?subject=Blaue%20Stapelst%C3%BChle%20PP%20Hocker%20mit%20mehreren%20Farboptionen&body=Schau%20dir%20das%20an%3A%20https%3A%2F%2Fminhducfurniture.com%2Fde%2Fproduct%2Fblaue-stapelstuehle-pp-hocker-mit-mehreren-farboptionen%2F\" class=\"icon primary button round tooltip email\" title=\"E-mail an einen Freund senden\" aria-label=\"E-mail an einen Freund senden\" rel=\"nofollow\"><i class=\"icon-envelop\" aria-hidden=\"true\"><\/i><\/a><a href=\"https:\/\/pinterest.com\/pin\/create\/button?url=https:\/\/minhducfurniture.com\/de\/product\/blaue-stapelstuehle-pp-hocker-mit-mehreren-farboptionen\/&media=https:\/\/minhducfurniture.com\/wp-content\/uploads\/2025\/11\/Blue-stacking-chairs.jpg&description=Blaue%20Stapelst%C3%BChle%20PP%20Hocker%20mit%20mehreren%20Farboptionen\" onclick=\"window.open(this.href,this.title,'width=500,height=500,top=300px,left=300px'); return false;\" target=\"_blank\" class=\"icon primary button round tooltip pinterest\" title=\"Pinterest Pin erstellen\" aria-label=\"Pinterest Pin erstellen\" rel=\"noopener nofollow\"><i class=\"icon-pinterest\" aria-hidden=\"true\"><\/i><\/a><a href=\"https:\/\/www.linkedin.com\/shareArticle?mini=true&url=https:\/\/minhducfurniture.com\/de\/product\/blaue-stapelstuehle-pp-hocker-mit-mehreren-farboptionen\/&title=Blaue%20Stapelst%C3%BChle%20PP%20Hocker%20mit%20mehreren%20Farboptionen\" onclick=\"window.open(this.href,this.title,'width=500,height=500,top=300px,left=300px'); return false;\" target=\"_blank\" class=\"icon primary button round tooltip linkedin\" title=\"Auf LinkedIn teilen\" aria-label=\"Auf LinkedIn teilen\" rel=\"noopener nofollow\"><i class=\"icon-linkedin\" aria-hidden=\"true\"><\/i><\/a><\/div>\n","protected":false},"excerpt":{"rendered":"<ul>\n<li>Produkt-Code: MDS-3006<\/li>\n<li>Gr\u00f6\u00dfe des Stuhls: D380mm*SH455mm*W380mm<\/li>\n<li>100% PP-Kunststoff mit UV-Schutzbeschichtung<\/li>\n<li>Ladegewicht: 120kg\/ 264.5lbs<\/li>\n<li>Herkunft des Produkts: Vietnam<\/li>\n<li>Hotline\/ WhatsApp:+84908314939<\/li>\n<\/ul>\n","protected":false},"featured_media":55005,"comment_status":"open","ping_status":"closed","template":"","meta":[],"product_brand":[],"product_cat":[13081],"product_tag":[13082],"class_list":{"0":"post-55006","1":"product","2":"type-product","3":"status-publish","4":"has-post-thumbnail","6":"product_cat-plastik-stuhle","7":"product_tag-outdoor-stuhle","9":"first","10":"instock","11":"shipping-taxable","12":"product-type-simple"},"yoast_head":"<!-- This site is optimized with the Yoast SEO plugin v27.0 - https:\/\/yoast.com\/product\/yoast-seo-wordpress\/ -->\n<title>Blaue Stapelst\u00fchle PP Hocker mit mehreren Farboptionen - Minh Duc Furniture<\/title>\n<meta name=\"description\" content=\"Blaue Stapelst\u00fchle aus hochwertigem PP (Polypropylen) sind die perfekte L\u00f6sung, wenn Sie auf der Suche nach leichten, langlebigen und platzsparenden Sitzgelegenheiten sind\" \/>\n<meta name=\"robots\" content=\"index, follow, max-snippet:-1, max-image-preview:large, max-video-preview:-1\" \/>\n<link rel=\"canonical\" href=\"https:\/\/minhducfurniture.com\/de\/product\/blaue-stapelstuehle-pp-hocker-mit-mehreren-farboptionen\/\" \/>\n<meta property=\"og:locale\" content=\"de_DE\" \/>\n<meta property=\"og:type\" content=\"article\" \/>\n<meta property=\"og:title\" content=\"Blaue Stapelst\u00fchle PP Hocker mit mehreren Farboptionen - Minh Duc Furniture\" \/>\n<meta property=\"og:description\" content=\"Blaue Stapelst\u00fchle aus hochwertigem PP (Polypropylen) sind die perfekte L\u00f6sung, wenn Sie auf der Suche nach leichten, langlebigen und platzsparenden Sitzgelegenheiten sind\" \/>\n<meta property=\"og:url\" content=\"https:\/\/minhducfurniture.com\/de\/product\/blaue-stapelstuehle-pp-hocker-mit-mehreren-farboptionen\/\" \/>\n<meta property=\"og:site_name\" content=\"Minh Duc Furniture\" \/>\n<meta property=\"article:modified_time\" content=\"2026-02-25T07:41:53+00:00\" \/>\n<meta property=\"og:image\" content=\"https:\/\/minhducfurniture.com\/wp-content\/uploads\/2025\/11\/Blue-stacking-chairs.jpg\" \/>\n\t<meta property=\"og:image:width\" content=\"650\" \/>\n\t<meta property=\"og:image:height\" content=\"650\" \/>\n\t<meta property=\"og:image:type\" content=\"image\/jpeg\" \/>\n<meta name=\"twitter:card\" content=\"summary_large_image\" \/>\n<meta name=\"twitter:label1\" content=\"Gesch\u00e4tzte Lesezeit\" \/>\n\t<meta name=\"twitter:data1\" content=\"2\u00a0Minuten\" \/>\n<script type=\"application\/ld+json\" class=\"yoast-schema-graph\">{\"@context\":\"https:\/\/schema.org\",\"@graph\":[{\"@type\":\"WebPage\",\"@id\":\"https:\/\/minhducfurniture.com\/de\/product\/blaue-stapelstuehle-pp-hocker-mit-mehreren-farboptionen\/\",\"url\":\"https:\/\/minhducfurniture.com\/de\/product\/blaue-stapelstuehle-pp-hocker-mit-mehreren-farboptionen\/\",\"name\":\"Blaue Stapelst\u00fchle PP Hocker mit mehreren Farboptionen - Minh Duc Furniture\",\"isPartOf\":{\"@id\":\"https:\/\/minhducfurniture.com\/de\/#website\"},\"primaryImageOfPage\":{\"@id\":\"https:\/\/minhducfurniture.com\/de\/product\/blaue-stapelstuehle-pp-hocker-mit-mehreren-farboptionen\/#primaryimage\"},\"image\":{\"@id\":\"https:\/\/minhducfurniture.com\/de\/product\/blaue-stapelstuehle-pp-hocker-mit-mehreren-farboptionen\/#primaryimage\"},\"thumbnailUrl\":\"https:\/\/minhducfurniture.com\/wp-content\/uploads\/2025\/11\/Blue-stacking-chairs.jpg\",\"datePublished\":\"2025-11-25T06:55:33+00:00\",\"dateModified\":\"2026-02-25T07:41:53+00:00\",\"description\":\"Blaue Stapelst\u00fchle aus hochwertigem PP (Polypropylen) sind die perfekte L\u00f6sung, wenn Sie auf der Suche nach leichten, langlebigen und platzsparenden Sitzgelegenheiten sind\",\"breadcrumb\":{\"@id\":\"https:\/\/minhducfurniture.com\/de\/product\/blaue-stapelstuehle-pp-hocker-mit-mehreren-farboptionen\/#breadcrumb\"},\"inLanguage\":\"de\",\"potentialAction\":[{\"@type\":\"ReadAction\",\"target\":[\"https:\/\/minhducfurniture.com\/de\/product\/blaue-stapelstuehle-pp-hocker-mit-mehreren-farboptionen\/\"]}]},{\"@type\":\"ImageObject\",\"inLanguage\":\"de\",\"@id\":\"https:\/\/minhducfurniture.com\/de\/product\/blaue-stapelstuehle-pp-hocker-mit-mehreren-farboptionen\/#primaryimage\",\"url\":\"https:\/\/minhducfurniture.com\/wp-content\/uploads\/2025\/11\/Blue-stacking-chairs.jpg\",\"contentUrl\":\"https:\/\/minhducfurniture.com\/wp-content\/uploads\/2025\/11\/Blue-stacking-chairs.jpg\",\"width\":650,\"height\":650,\"caption\":\"Blaue Stapelst\u00fchle\"},{\"@type\":\"BreadcrumbList\",\"@id\":\"https:\/\/minhducfurniture.com\/de\/product\/blaue-stapelstuehle-pp-hocker-mit-mehreren-farboptionen\/#breadcrumb\",\"itemListElement\":[{\"@type\":\"ListItem\",\"position\":1,\"name\":\"Home\",\"item\":\"https:\/\/minhducfurniture.com\/de\/\"},{\"@type\":\"ListItem\",\"position\":2,\"name\":\"Shop\",\"item\":\"https:\/\/minhducfurniture.com\/shop\/\"},{\"@type\":\"ListItem\",\"position\":3,\"name\":\"Blaue Stapelst\u00fchle PP Hocker mit mehreren Farboptionen\"}]},{\"@type\":\"WebSite\",\"@id\":\"https:\/\/minhducfurniture.com\/de\/#website\",\"url\":\"https:\/\/minhducfurniture.com\/de\/\",\"name\":\"Minh Duc Furniture\",\"description\":\"Vietnam Furniture Supplier\",\"publisher\":{\"@id\":\"https:\/\/minhducfurniture.com\/de\/#organization\"},\"alternateName\":\"Vietnam Online Shop\",\"potentialAction\":[{\"@type\":\"SearchAction\",\"target\":{\"@type\":\"EntryPoint\",\"urlTemplate\":\"https:\/\/minhducfurniture.com\/de\/?s={search_term_string}\"},\"query-input\":{\"@type\":\"PropertyValueSpecification\",\"valueRequired\":true,\"valueName\":\"search_term_string\"}}],\"inLanguage\":\"de\"},{\"@type\":\"Organization\",\"@id\":\"https:\/\/minhducfurniture.com\/de\/#organization\",\"name\":\"Minh Duc Furniture\",\"alternateName\":\"Vietnam Furniture Export\",\"url\":\"https:\/\/minhducfurniture.com\/de\/\",\"logo\":{\"@type\":\"ImageObject\",\"inLanguage\":\"de\",\"@id\":\"https:\/\/minhducfurniture.com\/de\/#\/schema\/logo\/image\/\",\"url\":\"\",\"contentUrl\":\"\",\"caption\":\"Minh Duc Furniture\"},\"image\":{\"@id\":\"https:\/\/minhducfurniture.com\/de\/#\/schema\/logo\/image\/\"},\"sameAs\":[\"https:\/\/www.pinterest.com\/hienthaoshop\/pins\/\"]}]}<\/script>\n<!-- \/ Yoast SEO plugin. -->","yoast_head_json":{"title":"Blaue Stapelst\u00fchle PP Hocker mit mehreren Farboptionen - Minh Duc Furniture","description":"Blaue Stapelst\u00fchle aus hochwertigem PP (Polypropylen) sind die perfekte L\u00f6sung, wenn Sie auf der Suche nach leichten, langlebigen und platzsparenden Sitzgelegenheiten sind","robots":{"index":"index","follow":"follow","max-snippet":"max-snippet:-1","max-image-preview":"max-image-preview:large","max-video-preview":"max-video-preview:-1"},"canonical":"https:\/\/minhducfurniture.com\/de\/product\/blaue-stapelstuehle-pp-hocker-mit-mehreren-farboptionen\/","og_locale":"de_DE","og_type":"article","og_title":"Blaue Stapelst\u00fchle PP Hocker mit mehreren Farboptionen - Minh Duc Furniture","og_description":"Blaue Stapelst\u00fchle aus hochwertigem PP (Polypropylen) sind die perfekte L\u00f6sung, wenn Sie auf der Suche nach leichten, langlebigen und platzsparenden Sitzgelegenheiten sind","og_url":"https:\/\/minhducfurniture.com\/de\/product\/blaue-stapelstuehle-pp-hocker-mit-mehreren-farboptionen\/","og_site_name":"Minh Duc Furniture","article_modified_time":"2026-02-25T07:41:53+00:00","og_image":[{"width":650,"height":650,"url":"https:\/\/minhducfurniture.com\/wp-content\/uploads\/2025\/11\/Blue-stacking-chairs.jpg","type":"image\/jpeg"}],"twitter_card":"summary_large_image","twitter_misc":{"Gesch\u00e4tzte Lesezeit":"2\u00a0Minuten"},"schema":{"@context":"https:\/\/schema.org","@graph":[{"@type":"WebPage","@id":"https:\/\/minhducfurniture.com\/de\/product\/blaue-stapelstuehle-pp-hocker-mit-mehreren-farboptionen\/","url":"https:\/\/minhducfurniture.com\/de\/product\/blaue-stapelstuehle-pp-hocker-mit-mehreren-farboptionen\/","name":"Blaue Stapelst\u00fchle PP Hocker mit mehreren Farboptionen - Minh Duc Furniture","isPartOf":{"@id":"https:\/\/minhducfurniture.com\/de\/#website"},"primaryImageOfPage":{"@id":"https:\/\/minhducfurniture.com\/de\/product\/blaue-stapelstuehle-pp-hocker-mit-mehreren-farboptionen\/#primaryimage"},"image":{"@id":"https:\/\/minhducfurniture.com\/de\/product\/blaue-stapelstuehle-pp-hocker-mit-mehreren-farboptionen\/#primaryimage"},"thumbnailUrl":"https:\/\/minhducfurniture.com\/wp-content\/uploads\/2025\/11\/Blue-stacking-chairs.jpg","datePublished":"2025-11-25T06:55:33+00:00","dateModified":"2026-02-25T07:41:53+00:00","description":"Blaue Stapelst\u00fchle aus hochwertigem PP (Polypropylen) sind die perfekte L\u00f6sung, wenn Sie auf der Suche nach leichten, langlebigen und platzsparenden Sitzgelegenheiten sind","breadcrumb":{"@id":"https:\/\/minhducfurniture.com\/de\/product\/blaue-stapelstuehle-pp-hocker-mit-mehreren-farboptionen\/#breadcrumb"},"inLanguage":"de","potentialAction":[{"@type":"ReadAction","target":["https:\/\/minhducfurniture.com\/de\/product\/blaue-stapelstuehle-pp-hocker-mit-mehreren-farboptionen\/"]}]},{"@type":"ImageObject","inLanguage":"de","@id":"https:\/\/minhducfurniture.com\/de\/product\/blaue-stapelstuehle-pp-hocker-mit-mehreren-farboptionen\/#primaryimage","url":"https:\/\/minhducfurniture.com\/wp-content\/uploads\/2025\/11\/Blue-stacking-chairs.jpg","contentUrl":"https:\/\/minhducfurniture.com\/wp-content\/uploads\/2025\/11\/Blue-stacking-chairs.jpg","width":650,"height":650,"caption":"Blaue Stapelst\u00fchle"},{"@type":"BreadcrumbList","@id":"https:\/\/minhducfurniture.com\/de\/product\/blaue-stapelstuehle-pp-hocker-mit-mehreren-farboptionen\/#breadcrumb","itemListElement":[{"@type":"ListItem","position":1,"name":"Home","item":"https:\/\/minhducfurniture.com\/de\/"},{"@type":"ListItem","position":2,"name":"Shop","item":"https:\/\/minhducfurniture.com\/shop\/"},{"@type":"ListItem","position":3,"name":"Blaue Stapelst\u00fchle PP Hocker mit mehreren Farboptionen"}]},{"@type":"WebSite","@id":"https:\/\/minhducfurniture.com\/de\/#website","url":"https:\/\/minhducfurniture.com\/de\/","name":"Minh Duc Furniture","description":"Vietnam Furniture Supplier","publisher":{"@id":"https:\/\/minhducfurniture.com\/de\/#organization"},"alternateName":"Vietnam Online Shop","potentialAction":[{"@type":"SearchAction","target":{"@type":"EntryPoint","urlTemplate":"https:\/\/minhducfurniture.com\/de\/?s={search_term_string}"},"query-input":{"@type":"PropertyValueSpecification","valueRequired":true,"valueName":"search_term_string"}}],"inLanguage":"de"},{"@type":"Organization","@id":"https:\/\/minhducfurniture.com\/de\/#organization","name":"Minh Duc Furniture","alternateName":"Vietnam Furniture Export","url":"https:\/\/minhducfurniture.com\/de\/","logo":{"@type":"ImageObject","inLanguage":"de","@id":"https:\/\/minhducfurniture.com\/de\/#\/schema\/logo\/image\/","url":"","contentUrl":"","caption":"Minh Duc Furniture"},"image":{"@id":"https:\/\/minhducfurniture.com\/de\/#\/schema\/logo\/image\/"},"sameAs":["https:\/\/www.pinterest.com\/hienthaoshop\/pins\/"]}]}},"_links":{"self":[{"href":"https:\/\/minhducfurniture.com\/de\/wp-json\/wp\/v2\/product\/55006","targetHints":{"allow":["GET"]}}],"collection":[{"href":"https:\/\/minhducfurniture.com\/de\/wp-json\/wp\/v2\/product"}],"about":[{"href":"https:\/\/minhducfurniture.com\/de\/wp-json\/wp\/v2\/types\/product"}],"replies":[{"embeddable":true,"href":"https:\/\/minhducfurniture.com\/de\/wp-json\/wp\/v2\/comments?post=55006"}],"wp:featuredmedia":[{"embeddable":true,"href":"https:\/\/minhducfurniture.com\/de\/wp-json\/wp\/v2\/media\/55005"}],"wp:attachment":[{"href":"https:\/\/minhducfurniture.com\/de\/wp-json\/wp\/v2\/media?parent=55006"}],"wp:term":[{"taxonomy":"product_brand","embeddable":true,"href":"https:\/\/minhducfurniture.com\/de\/wp-json\/wp\/v2\/product_brand?post=55006"},{"taxonomy":"product_cat","embeddable":true,"href":"https:\/\/minhducfurniture.com\/de\/wp-json\/wp\/v2\/product_cat?post=55006"},{"taxonomy":"product_tag","embeddable":true,"href":"https:\/\/minhducfurniture.com\/de\/wp-json\/wp\/v2\/product_tag?post=55006"}],"curies":[{"name":"wp","href":"https:\/\/api.w.org\/{rel}","templated":true}]}}