{"id":54971,"date":"2025-11-29T18:32:38","date_gmt":"2025-11-29T11:32:38","guid":{"rendered":"https:\/\/minhducfurniture.com\/product\/kunststoff-barhocker-fuer-den-innenbereich-mit-pp-rueckenlehne\/"},"modified":"2026-02-25T14:29:14","modified_gmt":"2026-02-25T07:29:14","slug":"kunststoff-barhocker-fuer-den-innenbereich-mit-pp-rueckenlehne","status":"publish","type":"product","link":"https:\/\/minhducfurniture.com\/de\/product\/kunststoff-barhocker-fuer-den-innenbereich-mit-pp-rueckenlehne\/","title":{"rendered":"Kunststoff-Barhocker f\u00fcr den Innenbereich mit PP-R\u00fcckenlehne"},"content":{"rendered":"<h2><span style=\"font-size: 90%\">  Leichte Barhocker aus Kunststoff f\u00fcr den Innenbereich, die sich leicht umstellen lassen<\/span><\/h2>\n<p>Diese <strong>Barhocker aus Kunststoff f\u00fcr den Innen<\/strong> bereich sind so leicht, dass Sie sie m\u00fchelos an verschiedenen Orten aufstellen k\u00f6nnen. Ganz gleich, ob Sie Ihre Terrasse f\u00fcr eine Wochenendveranstaltung umgestalten oder die Sitzgelegenheiten an einer K\u00fccheninsel anpassen m\u00f6chten, die Hocker lassen sich schnell und ohne schweres Heben neu positionieren.<br \/>\nTrotz ihrer leichten, leicht zu bewegenden Konstruktion bieten die pulverbeschichteten Stahlbeine eine hohe Stabilit\u00e4t und sorgen f\u00fcr ein sicheres und bequemes Sitzerlebnis. Diese Kombination aus Mobilit\u00e4t und Langlebigkeit macht die Hocker ideal f\u00fcr die Renovierung Ihres Zuhauses und f\u00fcr schnelllebige gewerbliche Einrichtungen wie Caf\u00e9s und Rooftop-Bars.  \t<div id=\"gap-2078768860\" class=\"gap-element clearfix\" style=\"display:block; height:auto;\">\n\t\t\n<style>\n#gap-2078768860 {\n  padding-top: 15px;\n}\n<\/style>\n\t<\/div>\n\t\n<figure id=\"attachment_54966\" aria-describedby=\"caption-attachment-54966\" style=\"width: 850px\" class=\"wp-caption aligncenter\"><img decoding=\"async\" class=\"wp-image-54389 size-full\" src=\"https:\/\/minhducfurniture.com\/wp-content\/uploads\/2025\/11\/Black-plastic-bar-stools-outdoor.jpg\" alt=\"Schwarzer Plastik Barhocker f\u00fcr drau\u00dfen\" width=\"850\" height=\"620\" srcset=\"https:\/\/minhducfurniture.com\/wp-content\/uploads\/2025\/11\/Black-plastic-bar-stools-outdoor.jpg 850w, https:\/\/minhducfurniture.com\/wp-content\/uploads\/2025\/11\/Black-plastic-bar-stools-outdoor-548x400.jpg 548w, https:\/\/minhducfurniture.com\/wp-content\/uploads\/2025\/11\/Black-plastic-bar-stools-outdoor-768x560.jpg 768w, https:\/\/minhducfurniture.com\/wp-content\/uploads\/2025\/11\/Black-plastic-bar-stools-outdoor-510x372.jpg 510w\" sizes=\"(max-width: 850px) 100vw, 850px\" \/><figcaption id=\"caption-attachment-54966\" class=\"wp-caption-text\">Schwarzer Plastik Barhocker f\u00fcr drau\u00dfen<\/figcaption><\/figure>\n<h3>Die wichtigsten Merkmale des Produkts<\/h3>\n<ul>\n<li>Sitz aus PP-Kunststoff und gebogene R\u00fcckenlehne: Bequem, langlebig<\/li>\n<li>Beine aus pulverbeschichtetem Stahl: Schlank, stark, rostbest\u00e4ndig<\/li>\n<li>F\u00fcr drau\u00dfen und drinnen: Terrasse, Balkon, K\u00fcchenbar<\/li>\n<li>Leichtes Design: Leicht zu bewegen und umzustellen<\/li>\n<li>Einfache Pflege: Wasser- und schmutzabweisend<\/li>\n<li>Moderner, minimalistischer Stil: Ideal f\u00fcr Zuhause und Caf\u00e9s<\/li>\n<li>Mehrere Farboptionen: Passt zu verschiedenen Einrichtungsstilen<\/li>\n<\/ul>\n<figure id=\"attachment_54967\" aria-describedby=\"caption-attachment-54967\" style=\"width: 850px\" class=\"wp-caption aligncenter\"><img decoding=\"async\" class=\"wp-image-54390 size-full\" src=\"https:\/\/minhducfurniture.com\/wp-content\/uploads\/2025\/11\/Plastic-bar-stools-indoor.jpg\" alt=\"Plastik Barhocker f\u00fcr drinnen\" width=\"850\" height=\"572\" srcset=\"https:\/\/minhducfurniture.com\/wp-content\/uploads\/2025\/11\/Plastic-bar-stools-indoor.jpg 850w, https:\/\/minhducfurniture.com\/wp-content\/uploads\/2025\/11\/Plastic-bar-stools-indoor-594x400.jpg 594w, https:\/\/minhducfurniture.com\/wp-content\/uploads\/2025\/11\/Plastic-bar-stools-indoor-768x517.jpg 768w, https:\/\/minhducfurniture.com\/wp-content\/uploads\/2025\/11\/Plastic-bar-stools-indoor-510x343.jpg 510w\" sizes=\"(max-width: 850px) 100vw, 850px\" \/><figcaption id=\"caption-attachment-54967\" class=\"wp-caption-text\">Plastik Barhocker f\u00fcr drinnen<\/figcaption><\/figure>\n<h4>Beschreibung des Produkts<\/h4>\n<ul>\n<li>Produkt-Code: MDS-D130<\/li>\n<li>Gr\u00f6\u00dfe des Stuhls: D503mm*SH756mm*H1554mm*W460mm<\/li>\n<li>100% PP-Kunststoff mit UV-Schutzbeschichtung<\/li>\n<li>Stahlrahmen mit Pulverbeschichtung<\/li>\n<li>Ladegewicht: 120kg\/ 264.5lbs<\/li>\n<li>Herkunft des Produkts: Vietnam<\/li>\n<\/ul>\n<figure id=\"attachment_54968\" aria-describedby=\"caption-attachment-54968\" style=\"width: 850px\" class=\"wp-caption aligncenter\"><img decoding=\"async\" class=\"wp-image-54391 size-full\" src=\"https:\/\/minhducfurniture.com\/wp-content\/uploads\/2025\/11\/Black-plastic-bar-stools-at-a-restaurant.jpg\" alt=\"Schwarzer Plastik-Barhocker in einem Restaurant\" width=\"850\" height=\"642\" srcset=\"https:\/\/minhducfurniture.com\/wp-content\/uploads\/2025\/11\/Black-plastic-bar-stools-at-a-restaurant.jpg 850w, https:\/\/minhducfurniture.com\/wp-content\/uploads\/2025\/11\/Black-plastic-bar-stools-at-a-restaurant-530x400.jpg 530w, https:\/\/minhducfurniture.com\/wp-content\/uploads\/2025\/11\/Black-plastic-bar-stools-at-a-restaurant-768x580.jpg 768w, https:\/\/minhducfurniture.com\/wp-content\/uploads\/2025\/11\/Black-plastic-bar-stools-at-a-restaurant-510x385.jpg 510w\" sizes=\"(max-width: 850px) 100vw, 850px\" \/><figcaption id=\"caption-attachment-54968\" class=\"wp-caption-text\">Schwarzer Plastik-Barhocker in einem Restaurant<\/figcaption><\/figure>\n<h4>Bestellinformationen<\/h4>\n<ul>\n<li>Mindestbestellmenge (MOQ): 50 St\u00fcck<\/li>\n<li>Vorlaufzeit: 30-35 Tage nach Anzahlung<\/li>\n<li>Liefertermin: FOB Hai Phong Hafen, Vietnam<\/li>\n<li>Zahlungsbedingungen: T\/T 30% Anzahlung, 70% Restbetrag vor Versand<\/li>\n<li>Wenn Sie ein eigenes Design haben und eine Massenproduktion ben\u00f6tigen, kontaktieren Sie uns bitte f\u00fcr weitere Unterst\u00fctzung.<\/li>\n<\/ul>\n<figure id=\"attachment_54969\" aria-describedby=\"caption-attachment-54969\" style=\"width: 850px\" class=\"wp-caption aligncenter\"><img decoding=\"async\" class=\"size-full wp-image-54392\" src=\"https:\/\/minhducfurniture.com\/wp-content\/uploads\/2025\/11\/The-actual-pictures-of-products.jpg\" alt=\"Die aktuellen Bilder der Produkte\" width=\"850\" height=\"623\" srcset=\"https:\/\/minhducfurniture.com\/wp-content\/uploads\/2025\/11\/The-actual-pictures-of-products.jpg 850w, https:\/\/minhducfurniture.com\/wp-content\/uploads\/2025\/11\/The-actual-pictures-of-products-546x400.jpg 546w, https:\/\/minhducfurniture.com\/wp-content\/uploads\/2025\/11\/The-actual-pictures-of-products-768x563.jpg 768w, https:\/\/minhducfurniture.com\/wp-content\/uploads\/2025\/11\/The-actual-pictures-of-products-510x374.jpg 510w\" sizes=\"(max-width: 850px) 100vw, 850px\" \/><figcaption id=\"caption-attachment-54969\" class=\"wp-caption-text\">Die aktuellen Bilder der Produkte<\/figcaption><\/figure>\n<h4>Kontaktinformationen<\/h4>\n<ul>\n<li>Minh Duc Public Furniture Co, Ltd.<\/li>\n<li>Adresse: Villa H02-L11 An Phu, Duong Noi, Ha Dong, Hanoi, Vietnam<\/li>\n<li>Telefon\/WhatsApp\/Zalo: +84 908 314 939<\/li>\n<\/ul>\n<p>Mehr aus unseren Kollektionen<\/p>\n<ul>\n<li><span style=\"color: #008080\"><a style=\"color: #008080\" href=\"https:\/\/minhducfurniture.com\/de\/product\/weisse-kunststoff-rasenstuehle-mit-rattan-stil-fuer-draussen-und-drinnen\/\">Wei\u00dfe Kunststoff-Rasenst\u00fchle mit Rattan-Stil f\u00fcr drau\u00dfen und drinnen<\/a><\/span><\/li>\n<li><span style=\"color: #008080\"><a style=\"color: #008080\" href=\"https:\/\/minhducfurniture.com\/de\/product\/stuhl-mit-metallgestell-und-kissen-moderner-gepolsterter-esszimmerstuhl\/\">Stuhl mit Metallgestell und Kissen Moderner gepolsterter Esszimmerstuhl<\/a><\/span><\/li>\n<\/ul>\n<div class=\"social-icons share-icons share-row relative\" ><a href=\"whatsapp:\/\/send?text=Kunststoff-Barhocker%20f%C3%BCr%20den%20Innenbereich%20mit%20PP-R%C3%BCckenlehne - https:\/\/minhducfurniture.com\/de\/product\/kunststoff-barhocker-fuer-den-innenbereich-mit-pp-rueckenlehne\/\" data-action=\"share\/whatsapp\/share\" class=\"icon primary button round tooltip whatsapp show-for-medium\" title=\"Auf WhatsApp teilen\" aria-label=\"Auf WhatsApp teilen\"><i class=\"icon-whatsapp\" aria-hidden=\"true\"><\/i><\/a><a href=\"https:\/\/www.facebook.com\/sharer.php?u=https:\/\/minhducfurniture.com\/de\/product\/kunststoff-barhocker-fuer-den-innenbereich-mit-pp-rueckenlehne\/\" data-label=\"Facebook\" onclick=\"window.open(this.href,this.title,'width=500,height=500,top=300px,left=300px'); return false;\" target=\"_blank\" class=\"icon primary button round tooltip facebook\" title=\"Auf Facebook teilen\" aria-label=\"Auf Facebook teilen\" rel=\"noopener nofollow\"><i class=\"icon-facebook\" aria-hidden=\"true\"><\/i><\/a><a href=\"https:\/\/twitter.com\/share?url=https:\/\/minhducfurniture.com\/de\/product\/kunststoff-barhocker-fuer-den-innenbereich-mit-pp-rueckenlehne\/\" onclick=\"window.open(this.href,this.title,'width=500,height=500,top=300px,left=300px'); return false;\" target=\"_blank\" class=\"icon primary button round tooltip twitter\" title=\"Auf Twitter teilen\" aria-label=\"Auf Twitter teilen\" rel=\"noopener nofollow\"><i class=\"icon-twitter\" aria-hidden=\"true\"><\/i><\/a><a href=\"mailto:?subject=Kunststoff-Barhocker%20f%C3%BCr%20den%20Innenbereich%20mit%20PP-R%C3%BCckenlehne&body=Schau%20dir%20das%20an%3A%20https%3A%2F%2Fminhducfurniture.com%2Fde%2Fproduct%2Fkunststoff-barhocker-fuer-den-innenbereich-mit-pp-rueckenlehne%2F\" class=\"icon primary button round tooltip email\" title=\"E-mail an einen Freund senden\" aria-label=\"E-mail an einen Freund senden\" rel=\"nofollow\"><i class=\"icon-envelop\" aria-hidden=\"true\"><\/i><\/a><a href=\"https:\/\/pinterest.com\/pin\/create\/button?url=https:\/\/minhducfurniture.com\/de\/product\/kunststoff-barhocker-fuer-den-innenbereich-mit-pp-rueckenlehne\/&media=https:\/\/minhducfurniture.com\/wp-content\/uploads\/2025\/11\/Plastic-bar-stools-outdoor.jpg&description=Kunststoff-Barhocker%20f%C3%BCr%20den%20Innenbereich%20mit%20PP-R%C3%BCckenlehne\" onclick=\"window.open(this.href,this.title,'width=500,height=500,top=300px,left=300px'); return false;\" target=\"_blank\" class=\"icon primary button round tooltip pinterest\" title=\"Pinterest Pin erstellen\" aria-label=\"Pinterest Pin erstellen\" rel=\"noopener nofollow\"><i class=\"icon-pinterest\" aria-hidden=\"true\"><\/i><\/a><a href=\"https:\/\/www.linkedin.com\/shareArticle?mini=true&url=https:\/\/minhducfurniture.com\/de\/product\/kunststoff-barhocker-fuer-den-innenbereich-mit-pp-rueckenlehne\/&title=Kunststoff-Barhocker%20f%C3%BCr%20den%20Innenbereich%20mit%20PP-R%C3%BCckenlehne\" onclick=\"window.open(this.href,this.title,'width=500,height=500,top=300px,left=300px'); return false;\" target=\"_blank\" class=\"icon primary button round tooltip linkedin\" title=\"Auf LinkedIn teilen\" aria-label=\"Auf LinkedIn teilen\" rel=\"noopener nofollow\"><i class=\"icon-linkedin\" aria-hidden=\"true\"><\/i><\/a><\/div>\n","protected":false},"excerpt":{"rendered":"<ul>\n<li>Produkt-Code: MDS-D130<\/li>\n<li>Gr\u00f6\u00dfe des Stuhls: D503mm*SH756mm*H1554mm*W460mm<\/li>\n<li>100% PP-Kunststoff mit UV-Schutzbeschichtung<\/li>\n<li>Stahlrahmen mit Pulverbeschichtung<\/li>\n<li>Ladegewicht: 120kg\/ 264.5lbs<\/li>\n<li>Herkunft des Produkts: Vietnam<\/li>\n<li>Hotline\/ WhatsApp:+84908314939<\/li>\n<\/ul>\n","protected":false},"featured_media":54970,"comment_status":"open","ping_status":"closed","template":"","meta":[],"product_brand":[],"product_cat":[13081],"product_tag":[13082],"class_list":{"0":"post-54971","1":"product","2":"type-product","3":"status-publish","4":"has-post-thumbnail","6":"product_cat-plastik-stuhle","7":"product_tag-outdoor-stuhle","9":"first","10":"instock","11":"shipping-taxable","12":"product-type-simple"},"yoast_head":"<!-- This site is optimized with the Yoast SEO plugin v27.0 - https:\/\/yoast.com\/product\/yoast-seo-wordpress\/ -->\n<title>Kunststoff-Barhocker f\u00fcr den Innenbereich mit PP-R\u00fcckenlehne - Minh Duc Furniture<\/title>\n<meta name=\"description\" content=\"Diese Barhocker aus Kunststoff f\u00fcr den Innenbereich sind so leicht, dass Sie sie m\u00fchelos zwischen verschiedenen R\u00e4umen hin und her bewegen k\u00f6nnen.\" \/>\n<meta name=\"robots\" content=\"index, follow, max-snippet:-1, max-image-preview:large, max-video-preview:-1\" \/>\n<link rel=\"canonical\" href=\"https:\/\/minhducfurniture.com\/de\/product\/kunststoff-barhocker-fuer-den-innenbereich-mit-pp-rueckenlehne\/\" \/>\n<meta property=\"og:locale\" content=\"de_DE\" \/>\n<meta property=\"og:type\" content=\"article\" \/>\n<meta property=\"og:title\" content=\"Kunststoff-Barhocker f\u00fcr den Innenbereich mit PP-R\u00fcckenlehne - Minh Duc Furniture\" \/>\n<meta property=\"og:description\" content=\"Diese Barhocker aus Kunststoff f\u00fcr den Innenbereich sind so leicht, dass Sie sie m\u00fchelos zwischen verschiedenen R\u00e4umen hin und her bewegen k\u00f6nnen.\" \/>\n<meta property=\"og:url\" content=\"https:\/\/minhducfurniture.com\/de\/product\/kunststoff-barhocker-fuer-den-innenbereich-mit-pp-rueckenlehne\/\" \/>\n<meta property=\"og:site_name\" content=\"Minh Duc Furniture\" \/>\n<meta property=\"article:modified_time\" content=\"2026-02-25T07:29:14+00:00\" \/>\n<meta property=\"og:image\" content=\"https:\/\/minhducfurniture.com\/wp-content\/uploads\/2025\/11\/Plastic-bar-stools-outdoor.jpg\" \/>\n\t<meta property=\"og:image:width\" content=\"700\" \/>\n\t<meta property=\"og:image:height\" content=\"700\" \/>\n\t<meta property=\"og:image:type\" content=\"image\/jpeg\" \/>\n<meta name=\"twitter:card\" content=\"summary_large_image\" \/>\n<meta name=\"twitter:label1\" content=\"Gesch\u00e4tzte Lesezeit\" \/>\n\t<meta name=\"twitter:data1\" content=\"2\u00a0Minuten\" \/>\n<script type=\"application\/ld+json\" class=\"yoast-schema-graph\">{\"@context\":\"https:\/\/schema.org\",\"@graph\":[{\"@type\":\"WebPage\",\"@id\":\"https:\/\/minhducfurniture.com\/de\/product\/kunststoff-barhocker-fuer-den-innenbereich-mit-pp-rueckenlehne\/\",\"url\":\"https:\/\/minhducfurniture.com\/de\/product\/kunststoff-barhocker-fuer-den-innenbereich-mit-pp-rueckenlehne\/\",\"name\":\"Kunststoff-Barhocker f\u00fcr den Innenbereich mit PP-R\u00fcckenlehne - Minh Duc Furniture\",\"isPartOf\":{\"@id\":\"https:\/\/minhducfurniture.com\/de\/#website\"},\"primaryImageOfPage\":{\"@id\":\"https:\/\/minhducfurniture.com\/de\/product\/kunststoff-barhocker-fuer-den-innenbereich-mit-pp-rueckenlehne\/#primaryimage\"},\"image\":{\"@id\":\"https:\/\/minhducfurniture.com\/de\/product\/kunststoff-barhocker-fuer-den-innenbereich-mit-pp-rueckenlehne\/#primaryimage\"},\"thumbnailUrl\":\"https:\/\/minhducfurniture.com\/wp-content\/uploads\/2025\/11\/Plastic-bar-stools-outdoor.jpg\",\"datePublished\":\"2025-11-29T11:32:38+00:00\",\"dateModified\":\"2026-02-25T07:29:14+00:00\",\"description\":\"Diese Barhocker aus Kunststoff f\u00fcr den Innenbereich sind so leicht, dass Sie sie m\u00fchelos zwischen verschiedenen R\u00e4umen hin und her bewegen k\u00f6nnen.\",\"breadcrumb\":{\"@id\":\"https:\/\/minhducfurniture.com\/de\/product\/kunststoff-barhocker-fuer-den-innenbereich-mit-pp-rueckenlehne\/#breadcrumb\"},\"inLanguage\":\"de\",\"potentialAction\":[{\"@type\":\"ReadAction\",\"target\":[\"https:\/\/minhducfurniture.com\/de\/product\/kunststoff-barhocker-fuer-den-innenbereich-mit-pp-rueckenlehne\/\"]}]},{\"@type\":\"ImageObject\",\"inLanguage\":\"de\",\"@id\":\"https:\/\/minhducfurniture.com\/de\/product\/kunststoff-barhocker-fuer-den-innenbereich-mit-pp-rueckenlehne\/#primaryimage\",\"url\":\"https:\/\/minhducfurniture.com\/wp-content\/uploads\/2025\/11\/Plastic-bar-stools-outdoor.jpg\",\"contentUrl\":\"https:\/\/minhducfurniture.com\/wp-content\/uploads\/2025\/11\/Plastic-bar-stools-outdoor.jpg\",\"width\":700,\"height\":700,\"caption\":\"Plastik Barhocker f\u00fcr drau\u00dfen\"},{\"@type\":\"BreadcrumbList\",\"@id\":\"https:\/\/minhducfurniture.com\/de\/product\/kunststoff-barhocker-fuer-den-innenbereich-mit-pp-rueckenlehne\/#breadcrumb\",\"itemListElement\":[{\"@type\":\"ListItem\",\"position\":1,\"name\":\"Home\",\"item\":\"https:\/\/minhducfurniture.com\/de\/\"},{\"@type\":\"ListItem\",\"position\":2,\"name\":\"Shop\",\"item\":\"https:\/\/minhducfurniture.com\/shop\/\"},{\"@type\":\"ListItem\",\"position\":3,\"name\":\"Kunststoff-Barhocker f\u00fcr den Innenbereich mit PP-R\u00fcckenlehne\"}]},{\"@type\":\"WebSite\",\"@id\":\"https:\/\/minhducfurniture.com\/de\/#website\",\"url\":\"https:\/\/minhducfurniture.com\/de\/\",\"name\":\"Minh Duc Furniture\",\"description\":\"Vietnam Furniture Supplier\",\"publisher\":{\"@id\":\"https:\/\/minhducfurniture.com\/de\/#organization\"},\"alternateName\":\"Vietnam Online Shop\",\"potentialAction\":[{\"@type\":\"SearchAction\",\"target\":{\"@type\":\"EntryPoint\",\"urlTemplate\":\"https:\/\/minhducfurniture.com\/de\/?s={search_term_string}\"},\"query-input\":{\"@type\":\"PropertyValueSpecification\",\"valueRequired\":true,\"valueName\":\"search_term_string\"}}],\"inLanguage\":\"de\"},{\"@type\":\"Organization\",\"@id\":\"https:\/\/minhducfurniture.com\/de\/#organization\",\"name\":\"Minh Duc Furniture\",\"alternateName\":\"Vietnam Furniture Export\",\"url\":\"https:\/\/minhducfurniture.com\/de\/\",\"logo\":{\"@type\":\"ImageObject\",\"inLanguage\":\"de\",\"@id\":\"https:\/\/minhducfurniture.com\/de\/#\/schema\/logo\/image\/\",\"url\":\"\",\"contentUrl\":\"\",\"caption\":\"Minh Duc Furniture\"},\"image\":{\"@id\":\"https:\/\/minhducfurniture.com\/de\/#\/schema\/logo\/image\/\"},\"sameAs\":[\"https:\/\/www.pinterest.com\/hienthaoshop\/pins\/\"]}]}<\/script>\n<!-- \/ Yoast SEO plugin. -->","yoast_head_json":{"title":"Kunststoff-Barhocker f\u00fcr den Innenbereich mit PP-R\u00fcckenlehne - Minh Duc Furniture","description":"Diese Barhocker aus Kunststoff f\u00fcr den Innenbereich sind so leicht, dass Sie sie m\u00fchelos zwischen verschiedenen R\u00e4umen hin und her bewegen k\u00f6nnen.","robots":{"index":"index","follow":"follow","max-snippet":"max-snippet:-1","max-image-preview":"max-image-preview:large","max-video-preview":"max-video-preview:-1"},"canonical":"https:\/\/minhducfurniture.com\/de\/product\/kunststoff-barhocker-fuer-den-innenbereich-mit-pp-rueckenlehne\/","og_locale":"de_DE","og_type":"article","og_title":"Kunststoff-Barhocker f\u00fcr den Innenbereich mit PP-R\u00fcckenlehne - Minh Duc Furniture","og_description":"Diese Barhocker aus Kunststoff f\u00fcr den Innenbereich sind so leicht, dass Sie sie m\u00fchelos zwischen verschiedenen R\u00e4umen hin und her bewegen k\u00f6nnen.","og_url":"https:\/\/minhducfurniture.com\/de\/product\/kunststoff-barhocker-fuer-den-innenbereich-mit-pp-rueckenlehne\/","og_site_name":"Minh Duc Furniture","article_modified_time":"2026-02-25T07:29:14+00:00","og_image":[{"width":700,"height":700,"url":"https:\/\/minhducfurniture.com\/wp-content\/uploads\/2025\/11\/Plastic-bar-stools-outdoor.jpg","type":"image\/jpeg"}],"twitter_card":"summary_large_image","twitter_misc":{"Gesch\u00e4tzte Lesezeit":"2\u00a0Minuten"},"schema":{"@context":"https:\/\/schema.org","@graph":[{"@type":"WebPage","@id":"https:\/\/minhducfurniture.com\/de\/product\/kunststoff-barhocker-fuer-den-innenbereich-mit-pp-rueckenlehne\/","url":"https:\/\/minhducfurniture.com\/de\/product\/kunststoff-barhocker-fuer-den-innenbereich-mit-pp-rueckenlehne\/","name":"Kunststoff-Barhocker f\u00fcr den Innenbereich mit PP-R\u00fcckenlehne - Minh Duc Furniture","isPartOf":{"@id":"https:\/\/minhducfurniture.com\/de\/#website"},"primaryImageOfPage":{"@id":"https:\/\/minhducfurniture.com\/de\/product\/kunststoff-barhocker-fuer-den-innenbereich-mit-pp-rueckenlehne\/#primaryimage"},"image":{"@id":"https:\/\/minhducfurniture.com\/de\/product\/kunststoff-barhocker-fuer-den-innenbereich-mit-pp-rueckenlehne\/#primaryimage"},"thumbnailUrl":"https:\/\/minhducfurniture.com\/wp-content\/uploads\/2025\/11\/Plastic-bar-stools-outdoor.jpg","datePublished":"2025-11-29T11:32:38+00:00","dateModified":"2026-02-25T07:29:14+00:00","description":"Diese Barhocker aus Kunststoff f\u00fcr den Innenbereich sind so leicht, dass Sie sie m\u00fchelos zwischen verschiedenen R\u00e4umen hin und her bewegen k\u00f6nnen.","breadcrumb":{"@id":"https:\/\/minhducfurniture.com\/de\/product\/kunststoff-barhocker-fuer-den-innenbereich-mit-pp-rueckenlehne\/#breadcrumb"},"inLanguage":"de","potentialAction":[{"@type":"ReadAction","target":["https:\/\/minhducfurniture.com\/de\/product\/kunststoff-barhocker-fuer-den-innenbereich-mit-pp-rueckenlehne\/"]}]},{"@type":"ImageObject","inLanguage":"de","@id":"https:\/\/minhducfurniture.com\/de\/product\/kunststoff-barhocker-fuer-den-innenbereich-mit-pp-rueckenlehne\/#primaryimage","url":"https:\/\/minhducfurniture.com\/wp-content\/uploads\/2025\/11\/Plastic-bar-stools-outdoor.jpg","contentUrl":"https:\/\/minhducfurniture.com\/wp-content\/uploads\/2025\/11\/Plastic-bar-stools-outdoor.jpg","width":700,"height":700,"caption":"Plastik Barhocker f\u00fcr drau\u00dfen"},{"@type":"BreadcrumbList","@id":"https:\/\/minhducfurniture.com\/de\/product\/kunststoff-barhocker-fuer-den-innenbereich-mit-pp-rueckenlehne\/#breadcrumb","itemListElement":[{"@type":"ListItem","position":1,"name":"Home","item":"https:\/\/minhducfurniture.com\/de\/"},{"@type":"ListItem","position":2,"name":"Shop","item":"https:\/\/minhducfurniture.com\/shop\/"},{"@type":"ListItem","position":3,"name":"Kunststoff-Barhocker f\u00fcr den Innenbereich mit PP-R\u00fcckenlehne"}]},{"@type":"WebSite","@id":"https:\/\/minhducfurniture.com\/de\/#website","url":"https:\/\/minhducfurniture.com\/de\/","name":"Minh Duc Furniture","description":"Vietnam Furniture Supplier","publisher":{"@id":"https:\/\/minhducfurniture.com\/de\/#organization"},"alternateName":"Vietnam Online Shop","potentialAction":[{"@type":"SearchAction","target":{"@type":"EntryPoint","urlTemplate":"https:\/\/minhducfurniture.com\/de\/?s={search_term_string}"},"query-input":{"@type":"PropertyValueSpecification","valueRequired":true,"valueName":"search_term_string"}}],"inLanguage":"de"},{"@type":"Organization","@id":"https:\/\/minhducfurniture.com\/de\/#organization","name":"Minh Duc Furniture","alternateName":"Vietnam Furniture Export","url":"https:\/\/minhducfurniture.com\/de\/","logo":{"@type":"ImageObject","inLanguage":"de","@id":"https:\/\/minhducfurniture.com\/de\/#\/schema\/logo\/image\/","url":"","contentUrl":"","caption":"Minh Duc Furniture"},"image":{"@id":"https:\/\/minhducfurniture.com\/de\/#\/schema\/logo\/image\/"},"sameAs":["https:\/\/www.pinterest.com\/hienthaoshop\/pins\/"]}]}},"_links":{"self":[{"href":"https:\/\/minhducfurniture.com\/de\/wp-json\/wp\/v2\/product\/54971","targetHints":{"allow":["GET"]}}],"collection":[{"href":"https:\/\/minhducfurniture.com\/de\/wp-json\/wp\/v2\/product"}],"about":[{"href":"https:\/\/minhducfurniture.com\/de\/wp-json\/wp\/v2\/types\/product"}],"replies":[{"embeddable":true,"href":"https:\/\/minhducfurniture.com\/de\/wp-json\/wp\/v2\/comments?post=54971"}],"wp:featuredmedia":[{"embeddable":true,"href":"https:\/\/minhducfurniture.com\/de\/wp-json\/wp\/v2\/media\/54970"}],"wp:attachment":[{"href":"https:\/\/minhducfurniture.com\/de\/wp-json\/wp\/v2\/media?parent=54971"}],"wp:term":[{"taxonomy":"product_brand","embeddable":true,"href":"https:\/\/minhducfurniture.com\/de\/wp-json\/wp\/v2\/product_brand?post=54971"},{"taxonomy":"product_cat","embeddable":true,"href":"https:\/\/minhducfurniture.com\/de\/wp-json\/wp\/v2\/product_cat?post=54971"},{"taxonomy":"product_tag","embeddable":true,"href":"https:\/\/minhducfurniture.com\/de\/wp-json\/wp\/v2\/product_tag?post=54971"}],"curies":[{"name":"wp","href":"https:\/\/api.w.org\/{rel}","templated":true}]}}