{"id":54940,"date":"2025-11-06T12:50:15","date_gmt":"2025-11-06T05:50:15","guid":{"rendered":"https:\/\/minhducfurniture.com\/product\/plastikstuehle-fuer-den-aussenbereich-fuer-hochzeiten-und-events\/"},"modified":"2026-02-25T14:12:33","modified_gmt":"2026-02-25T07:12:33","slug":"plastikstuehle-fuer-den-aussenbereich-fuer-hochzeiten-und-events","status":"publish","type":"product","link":"https:\/\/minhducfurniture.com\/de\/product\/plastikstuehle-fuer-den-aussenbereich-fuer-hochzeiten-und-events\/","title":{"rendered":"Plastikst\u00fchle f\u00fcr den Au\u00dfenbereich f\u00fcr Hochzeiten und Events"},"content":{"rendered":"<h2><span style=\"font-size: 90%\">Outdoor-Esszimmerst\u00fchle aus Kunststoff &#8211; Perfekt f\u00fcr den Au\u00dfenbereich<\/span><\/h2>\n<div>Die <strong>Kunststoffst\u00fchle f\u00fcr den Au\u00dfenbereich<\/strong> sind eine elegante und stilvolle Sitzgelegenheit f\u00fcr G\u00e4rten, Terrassen, Balkone, Caf\u00e9s und Veranstaltungsr\u00e4ume. Die St\u00fchle aus strapazierf\u00e4higem PP sind wetterbest\u00e4ndig, leicht und einfach zu reinigen. Das elegante Design passt sowohl zu legeren als auch zu formellen Essenssituationen im Freien.  <\/div>\n<div><\/div>\n<div>Dieser Stuhl ist in klassischen neutralen und fr\u00f6hlichen Farben erh\u00e4ltlich und eignet sich perfekt f\u00fcr Familientreffen, Caf\u00e9s, Essen am Pool, Hochzeiten oder sogar bunte Kindergeburtstage. Seine Vielseitigkeit und langlebige Qualit\u00e4t machen ihn zu einer zuverl\u00e4ssigen Option f\u00fcr jeden Au\u00dfenbereich. \t<div id=\"gap-572488308\" class=\"gap-element clearfix\" style=\"display:block; height:auto;\">\n\t\t\n<style>\n#gap-572488308 {\n  padding-top: 20px;\n}\n<\/style>\n\t<\/div>\n\t<\/div>\n<div><\/div>\n<div>\n<figure id=\"attachment_54935\" aria-describedby=\"caption-attachment-54935\" style=\"width: 850px\" class=\"wp-caption aligncenter\"><img decoding=\"async\" class=\"size-full wp-image-53888\" src=\"https:\/\/minhducfurniture.com\/wp-content\/uploads\/2025\/11\/Plastic-chairs-for-outdoor-birthday-parties.jpg\" alt=\"Plastikst\u00fchle f\u00fcr Geburtstagsfeiern im Freien\" width=\"850\" height=\"586\" srcset=\"https:\/\/minhducfurniture.com\/wp-content\/uploads\/2025\/11\/Plastic-chairs-for-outdoor-birthday-parties.jpg 850w, https:\/\/minhducfurniture.com\/wp-content\/uploads\/2025\/11\/Plastic-chairs-for-outdoor-birthday-parties-580x400.jpg 580w, https:\/\/minhducfurniture.com\/wp-content\/uploads\/2025\/11\/Plastic-chairs-for-outdoor-birthday-parties-768x529.jpg 768w, https:\/\/minhducfurniture.com\/wp-content\/uploads\/2025\/11\/Plastic-chairs-for-outdoor-birthday-parties-510x352.jpg 510w\" sizes=\"(max-width: 850px) 100vw, 850px\" \/><figcaption id=\"caption-attachment-54935\" class=\"wp-caption-text\">Plastikst\u00fchle f\u00fcr Geburtstagsfeiern im Freien<\/figcaption><\/figure>\n<\/div>\n<h3>Hauptmerkmale des Kunststoffstuhls f\u00fcr drau\u00dfen<\/h3>\n<ul>\n<li>Hergestellt aus hochwertigem PP<\/li>\n<li>Wetterfest: geeignet f\u00fcr Sonne, Regen und den Einsatz im Freien<\/li>\n<li>Leicht und einfach zu bewegen oder umzustellen<\/li>\n<li>Einfach mit Wasser und milder Seife zu reinigen<\/li>\n<li>Stapelbar f\u00fcr praktische Aufbewahrung<\/li>\n<li>Glatte, elegante Oberfl\u00e4che, geeignet f\u00fcr legere oder formelle Anl\u00e4sse<\/li>\n<li>Erh\u00e4ltlich in mehreren Farboptionen, passend zu verschiedenen Themen<\/li>\n<\/ul>\n<figure id=\"attachment_54936\" aria-describedby=\"caption-attachment-54936\" style=\"width: 850px\" class=\"wp-caption aligncenter\"><img decoding=\"async\" class=\"size-full wp-image-53889\" src=\"https:\/\/minhducfurniture.com\/wp-content\/uploads\/2025\/11\/Plastic-chairs-for-outdoor-parties.jpg\" alt=\"Plastikst\u00fchle f\u00fcr Partys im Freien\" width=\"850\" height=\"516\" srcset=\"https:\/\/minhducfurniture.com\/wp-content\/uploads\/2025\/11\/Plastic-chairs-for-outdoor-parties.jpg 850w, https:\/\/minhducfurniture.com\/wp-content\/uploads\/2025\/11\/Plastic-chairs-for-outdoor-parties-659x400.jpg 659w, https:\/\/minhducfurniture.com\/wp-content\/uploads\/2025\/11\/Plastic-chairs-for-outdoor-parties-768x466.jpg 768w, https:\/\/minhducfurniture.com\/wp-content\/uploads\/2025\/11\/Plastic-chairs-for-outdoor-parties-510x310.jpg 510w\" sizes=\"(max-width: 850px) 100vw, 850px\" \/><figcaption id=\"caption-attachment-54936\" class=\"wp-caption-text\">Plastikst\u00fchle f\u00fcr Partys im Freien<\/figcaption><\/figure>\n<h4>Beschreibung des Produkts<\/h4>\n<ul>\n<li>Produkt-Code: MDS-3041<\/li>\n<li>Stuhlgr\u00f6\u00dfe: 900mm*430mm*430mm<\/li>\n<li>100% PP-Kunststoff mit UV-Schutzbeschichtung.<\/li>\n<li>Ladegewicht: 120kg\/ 264.5lbs<\/li>\n<li>Herkunft des Produkts: Vietnam<\/li>\n<\/ul>\n<figure id=\"attachment_54937\" aria-describedby=\"caption-attachment-54937\" style=\"width: 850px\" class=\"wp-caption aligncenter\"><img decoding=\"async\" class=\"wp-image-53890 size-full\" src=\"https:\/\/minhducfurniture.com\/wp-content\/uploads\/2025\/11\/Outdoor-plastic-dining-chair-in-various-colors.jpg\" alt=\"Die aktuellen Bilder der Kunststoffst\u00fchle f\u00fcr drau\u00dfen\" width=\"850\" height=\"607\" srcset=\"https:\/\/minhducfurniture.com\/wp-content\/uploads\/2025\/11\/Outdoor-plastic-dining-chair-in-various-colors.jpg 850w, https:\/\/minhducfurniture.com\/wp-content\/uploads\/2025\/11\/Outdoor-plastic-dining-chair-in-various-colors-560x400.jpg 560w, https:\/\/minhducfurniture.com\/wp-content\/uploads\/2025\/11\/Outdoor-plastic-dining-chair-in-various-colors-768x548.jpg 768w, https:\/\/minhducfurniture.com\/wp-content\/uploads\/2025\/11\/Outdoor-plastic-dining-chair-in-various-colors-510x364.jpg 510w\" sizes=\"(max-width: 850px) 100vw, 850px\" \/><figcaption id=\"caption-attachment-54937\" class=\"wp-caption-text\">Die aktuellen Bilder der Kunststoffst\u00fchle f\u00fcr drau\u00dfen<\/figcaption><\/figure>\n<h4>Bestellinformationen<\/h4>\n<ul>\n<li>Mindestbestellmenge (MOQ): 50 St\u00fcck<\/li>\n<li>Vorlaufzeit: 30-35 Tage nach Anzahlung<\/li>\n<li>Liefertermin: FOB Hai Phong Hafen, Vietnam<\/li>\n<li>Zahlungsbedingungen: T\/T 30% Anzahlung, 70% Restbetrag vor Versand<\/li>\n<li>Wenn Sie ein eigenes Design haben und eine Massenproduktion ben\u00f6tigen, kontaktieren Sie uns bitte f\u00fcr weitere Unterst\u00fctzung.<\/li>\n<\/ul>\n<figure id=\"attachment_54938\" aria-describedby=\"caption-attachment-54938\" style=\"width: 850px\" class=\"wp-caption aligncenter\"><img decoding=\"async\" class=\"size-full wp-image-53891\" src=\"https:\/\/minhducfurniture.com\/wp-content\/uploads\/2025\/11\/A-white-plastic-chair-for-the-event.jpg\" alt=\"Ein wei\u00dfer Plastikstuhl f\u00fcr die Veranstaltung\" width=\"850\" height=\"542\" srcset=\"https:\/\/minhducfurniture.com\/wp-content\/uploads\/2025\/11\/A-white-plastic-chair-for-the-event.jpg 850w, https:\/\/minhducfurniture.com\/wp-content\/uploads\/2025\/11\/A-white-plastic-chair-for-the-event-627x400.jpg 627w, https:\/\/minhducfurniture.com\/wp-content\/uploads\/2025\/11\/A-white-plastic-chair-for-the-event-768x490.jpg 768w, https:\/\/minhducfurniture.com\/wp-content\/uploads\/2025\/11\/A-white-plastic-chair-for-the-event-510x325.jpg 510w\" sizes=\"(max-width: 850px) 100vw, 850px\" \/><figcaption id=\"caption-attachment-54938\" class=\"wp-caption-text\">Ein wei\u00dfer Plastikstuhl f\u00fcr die Veranstaltung<\/figcaption><\/figure>\n<h4>Kontaktinformationen<\/h4>\n<ul>\n<li><a href=\"https:\/\/minhducfurniture.com\/de\/\">Minh Duc Public Furniture Co, Ltd.<\/a><\/li>\n<li>Adresse: Villa H02-L11 An Phu, Duong Noi, Ha Dong, Hanoi, Vietnam<\/li>\n<li>Telefon\/WhatsApp\/Zalo: +84 908 314 939<\/li>\n<\/ul>\n<h4>Mehr aus unseren Kollektionen<\/h4>\n<ul>\n<li><span style=\"color: #008080\"><a style=\"color: #008080\" href=\"https:\/\/minhducfurniture.com\/de\/product\/schwarzes-metallgestell-sessel-eisengestell-stuhl-fuer-den-export\/\">Schwarzes Metallgestell Sessel Eisengestell Stuhl f\u00fcr den Export<\/a><\/span><\/li>\n<li><span style=\"color: #008080\"><a style=\"color: #008080\" href=\"https:\/\/minhducfurniture.com\/de\/product\/stuhl-mit-metallgestell-und-kissen-moderner-gepolsterter-esszimmerstuhl\/\">Stuhl mit Metallgestell und Kissen Moderner gepolsterter Esszimmerstuhl<\/a><\/span><\/li>\n<\/ul>\n<div><div class=\"social-icons share-icons share-row relative\" ><a href=\"whatsapp:\/\/send?text=Plastikst%C3%BChle%20f%C3%BCr%20den%20Au%C3%9Fenbereich%20f%C3%BCr%20Hochzeiten%20und%20Events - https:\/\/minhducfurniture.com\/de\/product\/plastikstuehle-fuer-den-aussenbereich-fuer-hochzeiten-und-events\/\" data-action=\"share\/whatsapp\/share\" class=\"icon primary button round tooltip whatsapp show-for-medium\" title=\"Auf WhatsApp teilen\" aria-label=\"Auf WhatsApp teilen\"><i class=\"icon-whatsapp\" aria-hidden=\"true\"><\/i><\/a><a href=\"https:\/\/www.facebook.com\/sharer.php?u=https:\/\/minhducfurniture.com\/de\/product\/plastikstuehle-fuer-den-aussenbereich-fuer-hochzeiten-und-events\/\" data-label=\"Facebook\" onclick=\"window.open(this.href,this.title,'width=500,height=500,top=300px,left=300px'); return false;\" target=\"_blank\" class=\"icon primary button round tooltip facebook\" title=\"Auf Facebook teilen\" aria-label=\"Auf Facebook teilen\" rel=\"noopener nofollow\"><i class=\"icon-facebook\" aria-hidden=\"true\"><\/i><\/a><a href=\"https:\/\/twitter.com\/share?url=https:\/\/minhducfurniture.com\/de\/product\/plastikstuehle-fuer-den-aussenbereich-fuer-hochzeiten-und-events\/\" onclick=\"window.open(this.href,this.title,'width=500,height=500,top=300px,left=300px'); return false;\" target=\"_blank\" class=\"icon primary button round tooltip twitter\" title=\"Auf Twitter teilen\" aria-label=\"Auf Twitter teilen\" rel=\"noopener nofollow\"><i class=\"icon-twitter\" aria-hidden=\"true\"><\/i><\/a><a href=\"mailto:?subject=Plastikst%C3%BChle%20f%C3%BCr%20den%20Au%C3%9Fenbereich%20f%C3%BCr%20Hochzeiten%20und%20Events&body=Schau%20dir%20das%20an%3A%20https%3A%2F%2Fminhducfurniture.com%2Fde%2Fproduct%2Fplastikstuehle-fuer-den-aussenbereich-fuer-hochzeiten-und-events%2F\" class=\"icon primary button round tooltip email\" title=\"E-mail an einen Freund senden\" aria-label=\"E-mail an einen Freund senden\" rel=\"nofollow\"><i class=\"icon-envelop\" aria-hidden=\"true\"><\/i><\/a><a href=\"https:\/\/pinterest.com\/pin\/create\/button?url=https:\/\/minhducfurniture.com\/de\/product\/plastikstuehle-fuer-den-aussenbereich-fuer-hochzeiten-und-events\/&media=https:\/\/minhducfurniture.com\/wp-content\/uploads\/2025\/11\/Outdoor-plastic-dining-chair.jpg&description=Plastikst%C3%BChle%20f%C3%BCr%20den%20Au%C3%9Fenbereich%20f%C3%BCr%20Hochzeiten%20und%20Events\" onclick=\"window.open(this.href,this.title,'width=500,height=500,top=300px,left=300px'); return false;\" target=\"_blank\" class=\"icon primary button round tooltip pinterest\" title=\"Pinterest Pin erstellen\" aria-label=\"Pinterest Pin erstellen\" rel=\"noopener nofollow\"><i class=\"icon-pinterest\" aria-hidden=\"true\"><\/i><\/a><a href=\"https:\/\/www.linkedin.com\/shareArticle?mini=true&url=https:\/\/minhducfurniture.com\/de\/product\/plastikstuehle-fuer-den-aussenbereich-fuer-hochzeiten-und-events\/&title=Plastikst%C3%BChle%20f%C3%BCr%20den%20Au%C3%9Fenbereich%20f%C3%BCr%20Hochzeiten%20und%20Events\" onclick=\"window.open(this.href,this.title,'width=500,height=500,top=300px,left=300px'); return false;\" target=\"_blank\" class=\"icon primary button round tooltip linkedin\" title=\"Auf LinkedIn teilen\" aria-label=\"Auf LinkedIn teilen\" rel=\"noopener nofollow\"><i class=\"icon-linkedin\" aria-hidden=\"true\"><\/i><\/a><\/div><\/div>\n","protected":false},"excerpt":{"rendered":"<ul>\n<li>Produkt-Code: MDS-3041<\/li>\n<li>Stuhlgr\u00f6\u00dfe: 900mm*430mm*430mm<\/li>\n<li>100% PP-Kunststoff mit UV-Schutzbeschichtung.<\/li>\n<li>Ladegewicht: 120kg\/ 264.5lbs<\/li>\n<li>Herkunft des Produkts: Vietnam<\/li>\n<li>Hotline\/ WhatsApp:+84908314939<\/li>\n<\/ul>\n","protected":false},"featured_media":54939,"comment_status":"open","ping_status":"closed","template":"","meta":[],"product_brand":[],"product_cat":[13081],"product_tag":[13082],"class_list":{"0":"post-54940","1":"product","2":"type-product","3":"status-publish","4":"has-post-thumbnail","6":"product_cat-plastik-stuhle","7":"product_tag-outdoor-stuhle","9":"first","10":"instock","11":"shipping-taxable","12":"product-type-simple"},"yoast_head":"<!-- This site is optimized with the Yoast SEO plugin v27.0 - https:\/\/yoast.com\/product\/yoast-seo-wordpress\/ -->\n<title>Plastikst\u00fchle f\u00fcr den Au\u00dfenbereich f\u00fcr Hochzeiten und Events - Minh Duc Furniture<\/title>\n<meta name=\"description\" content=\"Die Outdoor-Esszimmerst\u00fchle aus Kunststoff sind eine elegante und stilvolle Sitzgelegenheit f\u00fcr G\u00e4rten, Terrassen, Balkone, Caf\u00e9s und Veranstaltungsr\u00e4ume.\" \/>\n<meta name=\"robots\" content=\"index, follow, max-snippet:-1, max-image-preview:large, max-video-preview:-1\" \/>\n<link rel=\"canonical\" href=\"https:\/\/minhducfurniture.com\/de\/product\/plastikstuehle-fuer-den-aussenbereich-fuer-hochzeiten-und-events\/\" \/>\n<meta property=\"og:locale\" content=\"de_DE\" \/>\n<meta property=\"og:type\" content=\"article\" \/>\n<meta property=\"og:title\" content=\"Plastikst\u00fchle f\u00fcr den Au\u00dfenbereich f\u00fcr Hochzeiten und Events - Minh Duc Furniture\" \/>\n<meta property=\"og:description\" content=\"Die Outdoor-Esszimmerst\u00fchle aus Kunststoff sind eine elegante und stilvolle Sitzgelegenheit f\u00fcr G\u00e4rten, Terrassen, Balkone, Caf\u00e9s und Veranstaltungsr\u00e4ume.\" \/>\n<meta property=\"og:url\" content=\"https:\/\/minhducfurniture.com\/de\/product\/plastikstuehle-fuer-den-aussenbereich-fuer-hochzeiten-und-events\/\" \/>\n<meta property=\"og:site_name\" content=\"Minh Duc Furniture\" \/>\n<meta property=\"article:modified_time\" content=\"2026-02-25T07:12:33+00:00\" \/>\n<meta property=\"og:image\" content=\"https:\/\/minhducfurniture.com\/wp-content\/uploads\/2025\/11\/Outdoor-plastic-dining-chair.jpg\" \/>\n\t<meta property=\"og:image:width\" content=\"650\" \/>\n\t<meta property=\"og:image:height\" content=\"650\" \/>\n\t<meta property=\"og:image:type\" content=\"image\/jpeg\" \/>\n<meta name=\"twitter:card\" content=\"summary_large_image\" \/>\n<meta name=\"twitter:label1\" content=\"Gesch\u00e4tzte Lesezeit\" \/>\n\t<meta name=\"twitter:data1\" content=\"2\u00a0Minuten\" \/>\n<script type=\"application\/ld+json\" class=\"yoast-schema-graph\">{\"@context\":\"https:\/\/schema.org\",\"@graph\":[{\"@type\":\"WebPage\",\"@id\":\"https:\/\/minhducfurniture.com\/de\/product\/plastikstuehle-fuer-den-aussenbereich-fuer-hochzeiten-und-events\/\",\"url\":\"https:\/\/minhducfurniture.com\/de\/product\/plastikstuehle-fuer-den-aussenbereich-fuer-hochzeiten-und-events\/\",\"name\":\"Plastikst\u00fchle f\u00fcr den Au\u00dfenbereich f\u00fcr Hochzeiten und Events - Minh Duc Furniture\",\"isPartOf\":{\"@id\":\"https:\/\/minhducfurniture.com\/de\/#website\"},\"primaryImageOfPage\":{\"@id\":\"https:\/\/minhducfurniture.com\/de\/product\/plastikstuehle-fuer-den-aussenbereich-fuer-hochzeiten-und-events\/#primaryimage\"},\"image\":{\"@id\":\"https:\/\/minhducfurniture.com\/de\/product\/plastikstuehle-fuer-den-aussenbereich-fuer-hochzeiten-und-events\/#primaryimage\"},\"thumbnailUrl\":\"https:\/\/minhducfurniture.com\/wp-content\/uploads\/2025\/11\/Outdoor-plastic-dining-chair.jpg\",\"datePublished\":\"2025-11-06T05:50:15+00:00\",\"dateModified\":\"2026-02-25T07:12:33+00:00\",\"description\":\"Die Outdoor-Esszimmerst\u00fchle aus Kunststoff sind eine elegante und stilvolle Sitzgelegenheit f\u00fcr G\u00e4rten, Terrassen, Balkone, Caf\u00e9s und Veranstaltungsr\u00e4ume.\",\"breadcrumb\":{\"@id\":\"https:\/\/minhducfurniture.com\/de\/product\/plastikstuehle-fuer-den-aussenbereich-fuer-hochzeiten-und-events\/#breadcrumb\"},\"inLanguage\":\"de\",\"potentialAction\":[{\"@type\":\"ReadAction\",\"target\":[\"https:\/\/minhducfurniture.com\/de\/product\/plastikstuehle-fuer-den-aussenbereich-fuer-hochzeiten-und-events\/\"]}]},{\"@type\":\"ImageObject\",\"inLanguage\":\"de\",\"@id\":\"https:\/\/minhducfurniture.com\/de\/product\/plastikstuehle-fuer-den-aussenbereich-fuer-hochzeiten-und-events\/#primaryimage\",\"url\":\"https:\/\/minhducfurniture.com\/wp-content\/uploads\/2025\/11\/Outdoor-plastic-dining-chair.jpg\",\"contentUrl\":\"https:\/\/minhducfurniture.com\/wp-content\/uploads\/2025\/11\/Outdoor-plastic-dining-chair.jpg\",\"width\":650,\"height\":650,\"caption\":\"Esstischst\u00fchle aus Kunststoff f\u00fcr drau\u00dfen\"},{\"@type\":\"BreadcrumbList\",\"@id\":\"https:\/\/minhducfurniture.com\/de\/product\/plastikstuehle-fuer-den-aussenbereich-fuer-hochzeiten-und-events\/#breadcrumb\",\"itemListElement\":[{\"@type\":\"ListItem\",\"position\":1,\"name\":\"Home\",\"item\":\"https:\/\/minhducfurniture.com\/de\/\"},{\"@type\":\"ListItem\",\"position\":2,\"name\":\"Shop\",\"item\":\"https:\/\/minhducfurniture.com\/shop\/\"},{\"@type\":\"ListItem\",\"position\":3,\"name\":\"Plastikst\u00fchle f\u00fcr den Au\u00dfenbereich f\u00fcr Hochzeiten und Events\"}]},{\"@type\":\"WebSite\",\"@id\":\"https:\/\/minhducfurniture.com\/de\/#website\",\"url\":\"https:\/\/minhducfurniture.com\/de\/\",\"name\":\"Minh Duc Furniture\",\"description\":\"Vietnam Furniture Supplier\",\"publisher\":{\"@id\":\"https:\/\/minhducfurniture.com\/de\/#organization\"},\"alternateName\":\"Vietnam Online Shop\",\"potentialAction\":[{\"@type\":\"SearchAction\",\"target\":{\"@type\":\"EntryPoint\",\"urlTemplate\":\"https:\/\/minhducfurniture.com\/de\/?s={search_term_string}\"},\"query-input\":{\"@type\":\"PropertyValueSpecification\",\"valueRequired\":true,\"valueName\":\"search_term_string\"}}],\"inLanguage\":\"de\"},{\"@type\":\"Organization\",\"@id\":\"https:\/\/minhducfurniture.com\/de\/#organization\",\"name\":\"Minh Duc Furniture\",\"alternateName\":\"Vietnam Furniture Export\",\"url\":\"https:\/\/minhducfurniture.com\/de\/\",\"logo\":{\"@type\":\"ImageObject\",\"inLanguage\":\"de\",\"@id\":\"https:\/\/minhducfurniture.com\/de\/#\/schema\/logo\/image\/\",\"url\":\"\",\"contentUrl\":\"\",\"caption\":\"Minh Duc Furniture\"},\"image\":{\"@id\":\"https:\/\/minhducfurniture.com\/de\/#\/schema\/logo\/image\/\"},\"sameAs\":[\"https:\/\/www.pinterest.com\/hienthaoshop\/pins\/\"]}]}<\/script>\n<!-- \/ Yoast SEO plugin. -->","yoast_head_json":{"title":"Plastikst\u00fchle f\u00fcr den Au\u00dfenbereich f\u00fcr Hochzeiten und Events - Minh Duc Furniture","description":"Die Outdoor-Esszimmerst\u00fchle aus Kunststoff sind eine elegante und stilvolle Sitzgelegenheit f\u00fcr G\u00e4rten, Terrassen, Balkone, Caf\u00e9s und Veranstaltungsr\u00e4ume.","robots":{"index":"index","follow":"follow","max-snippet":"max-snippet:-1","max-image-preview":"max-image-preview:large","max-video-preview":"max-video-preview:-1"},"canonical":"https:\/\/minhducfurniture.com\/de\/product\/plastikstuehle-fuer-den-aussenbereich-fuer-hochzeiten-und-events\/","og_locale":"de_DE","og_type":"article","og_title":"Plastikst\u00fchle f\u00fcr den Au\u00dfenbereich f\u00fcr Hochzeiten und Events - Minh Duc Furniture","og_description":"Die Outdoor-Esszimmerst\u00fchle aus Kunststoff sind eine elegante und stilvolle Sitzgelegenheit f\u00fcr G\u00e4rten, Terrassen, Balkone, Caf\u00e9s und Veranstaltungsr\u00e4ume.","og_url":"https:\/\/minhducfurniture.com\/de\/product\/plastikstuehle-fuer-den-aussenbereich-fuer-hochzeiten-und-events\/","og_site_name":"Minh Duc Furniture","article_modified_time":"2026-02-25T07:12:33+00:00","og_image":[{"width":650,"height":650,"url":"https:\/\/minhducfurniture.com\/wp-content\/uploads\/2025\/11\/Outdoor-plastic-dining-chair.jpg","type":"image\/jpeg"}],"twitter_card":"summary_large_image","twitter_misc":{"Gesch\u00e4tzte Lesezeit":"2\u00a0Minuten"},"schema":{"@context":"https:\/\/schema.org","@graph":[{"@type":"WebPage","@id":"https:\/\/minhducfurniture.com\/de\/product\/plastikstuehle-fuer-den-aussenbereich-fuer-hochzeiten-und-events\/","url":"https:\/\/minhducfurniture.com\/de\/product\/plastikstuehle-fuer-den-aussenbereich-fuer-hochzeiten-und-events\/","name":"Plastikst\u00fchle f\u00fcr den Au\u00dfenbereich f\u00fcr Hochzeiten und Events - Minh Duc Furniture","isPartOf":{"@id":"https:\/\/minhducfurniture.com\/de\/#website"},"primaryImageOfPage":{"@id":"https:\/\/minhducfurniture.com\/de\/product\/plastikstuehle-fuer-den-aussenbereich-fuer-hochzeiten-und-events\/#primaryimage"},"image":{"@id":"https:\/\/minhducfurniture.com\/de\/product\/plastikstuehle-fuer-den-aussenbereich-fuer-hochzeiten-und-events\/#primaryimage"},"thumbnailUrl":"https:\/\/minhducfurniture.com\/wp-content\/uploads\/2025\/11\/Outdoor-plastic-dining-chair.jpg","datePublished":"2025-11-06T05:50:15+00:00","dateModified":"2026-02-25T07:12:33+00:00","description":"Die Outdoor-Esszimmerst\u00fchle aus Kunststoff sind eine elegante und stilvolle Sitzgelegenheit f\u00fcr G\u00e4rten, Terrassen, Balkone, Caf\u00e9s und Veranstaltungsr\u00e4ume.","breadcrumb":{"@id":"https:\/\/minhducfurniture.com\/de\/product\/plastikstuehle-fuer-den-aussenbereich-fuer-hochzeiten-und-events\/#breadcrumb"},"inLanguage":"de","potentialAction":[{"@type":"ReadAction","target":["https:\/\/minhducfurniture.com\/de\/product\/plastikstuehle-fuer-den-aussenbereich-fuer-hochzeiten-und-events\/"]}]},{"@type":"ImageObject","inLanguage":"de","@id":"https:\/\/minhducfurniture.com\/de\/product\/plastikstuehle-fuer-den-aussenbereich-fuer-hochzeiten-und-events\/#primaryimage","url":"https:\/\/minhducfurniture.com\/wp-content\/uploads\/2025\/11\/Outdoor-plastic-dining-chair.jpg","contentUrl":"https:\/\/minhducfurniture.com\/wp-content\/uploads\/2025\/11\/Outdoor-plastic-dining-chair.jpg","width":650,"height":650,"caption":"Esstischst\u00fchle aus Kunststoff f\u00fcr drau\u00dfen"},{"@type":"BreadcrumbList","@id":"https:\/\/minhducfurniture.com\/de\/product\/plastikstuehle-fuer-den-aussenbereich-fuer-hochzeiten-und-events\/#breadcrumb","itemListElement":[{"@type":"ListItem","position":1,"name":"Home","item":"https:\/\/minhducfurniture.com\/de\/"},{"@type":"ListItem","position":2,"name":"Shop","item":"https:\/\/minhducfurniture.com\/shop\/"},{"@type":"ListItem","position":3,"name":"Plastikst\u00fchle f\u00fcr den Au\u00dfenbereich f\u00fcr Hochzeiten und Events"}]},{"@type":"WebSite","@id":"https:\/\/minhducfurniture.com\/de\/#website","url":"https:\/\/minhducfurniture.com\/de\/","name":"Minh Duc Furniture","description":"Vietnam Furniture Supplier","publisher":{"@id":"https:\/\/minhducfurniture.com\/de\/#organization"},"alternateName":"Vietnam Online Shop","potentialAction":[{"@type":"SearchAction","target":{"@type":"EntryPoint","urlTemplate":"https:\/\/minhducfurniture.com\/de\/?s={search_term_string}"},"query-input":{"@type":"PropertyValueSpecification","valueRequired":true,"valueName":"search_term_string"}}],"inLanguage":"de"},{"@type":"Organization","@id":"https:\/\/minhducfurniture.com\/de\/#organization","name":"Minh Duc Furniture","alternateName":"Vietnam Furniture Export","url":"https:\/\/minhducfurniture.com\/de\/","logo":{"@type":"ImageObject","inLanguage":"de","@id":"https:\/\/minhducfurniture.com\/de\/#\/schema\/logo\/image\/","url":"","contentUrl":"","caption":"Minh Duc Furniture"},"image":{"@id":"https:\/\/minhducfurniture.com\/de\/#\/schema\/logo\/image\/"},"sameAs":["https:\/\/www.pinterest.com\/hienthaoshop\/pins\/"]}]}},"_links":{"self":[{"href":"https:\/\/minhducfurniture.com\/de\/wp-json\/wp\/v2\/product\/54940","targetHints":{"allow":["GET"]}}],"collection":[{"href":"https:\/\/minhducfurniture.com\/de\/wp-json\/wp\/v2\/product"}],"about":[{"href":"https:\/\/minhducfurniture.com\/de\/wp-json\/wp\/v2\/types\/product"}],"replies":[{"embeddable":true,"href":"https:\/\/minhducfurniture.com\/de\/wp-json\/wp\/v2\/comments?post=54940"}],"wp:featuredmedia":[{"embeddable":true,"href":"https:\/\/minhducfurniture.com\/de\/wp-json\/wp\/v2\/media\/54939"}],"wp:attachment":[{"href":"https:\/\/minhducfurniture.com\/de\/wp-json\/wp\/v2\/media?parent=54940"}],"wp:term":[{"taxonomy":"product_brand","embeddable":true,"href":"https:\/\/minhducfurniture.com\/de\/wp-json\/wp\/v2\/product_brand?post=54940"},{"taxonomy":"product_cat","embeddable":true,"href":"https:\/\/minhducfurniture.com\/de\/wp-json\/wp\/v2\/product_cat?post=54940"},{"taxonomy":"product_tag","embeddable":true,"href":"https:\/\/minhducfurniture.com\/de\/wp-json\/wp\/v2\/product_tag?post=54940"}],"curies":[{"name":"wp","href":"https:\/\/api.w.org\/{rel}","templated":true}]}}